{"id":38249,"date":"2023-12-14T01:07:43","date_gmt":"2023-12-14T00:07:43","guid":{"rendered":"https:\/\/electricink.eu\/producto\/protecteur-de-bouclier-bleu\/"},"modified":"2024-02-05T09:17:53","modified_gmt":"2024-02-05T08:17:53","slug":"protecteur-de-bouclier-bleu","status":"publish","type":"product","link":"https:\/\/electricink.eu\/fr\/producto\/protecteur-de-bouclier-bleu\/","title":{"rendered":"Protecteur de bouclier &#8211; Bleu"},"content":{"rendered":"<p>L&rsquo;\u00c9CRAN A UN FILM DE PROTECTION SUR LES DEUX C\u00d4T\u00c9S, AVANT LE MONTAGE, RETIREZ LE FILM.<\/p>\n<p>Avec les soins hygi\u00e9niques recommand\u00e9s et en \u00e9vitant les chocs avec d&rsquo;autres mat\u00e9riaux et les chutes au sol, ce produit a une longue dur\u00e9e de vie.<\/p>\n<p>&nbsp;<\/p>\n<p>PRINCIPALES CARACT\u00c9RISTIQUES:<br \/>* Une plus grande protection et s\u00e9curit\u00e9. Il agit comme une barri\u00e8re physique, prot\u00e9geant l&rsquo;ensemble du visage, emp\u00eachant l&rsquo;utilisateur d&rsquo;\u00eatre expos\u00e9 \u00e0 d&rsquo;\u00e9ventuelles particules, gouttelettes, salive et autres \u00e9claboussures de liquides ;<br \/>* Moins d&rsquo;exposition aux virus et aux maladies\u00a0;<br \/>* \u00c9vitez tout contact des mains avec le visage\u00a0;<br \/>* Plus confortable;<br \/>* R\u00e9glable avec des sangles \u00e9lastiques et diff\u00e9rentes positions ;<br \/>* Peut \u00eatre utilis\u00e9 avec des lunettes et des masques (N95), en conservant une bonne visibilit\u00e9\u00a0;<br \/>* R\u00e9utilisable\u00a0;<br \/>* Hygi\u00e8ne et nettoyage pratique\u00a0;<br \/>* \u00c9cran PETG\u00a0;<br \/>* Structure inject\u00e9e en Polym\u00e8re ;<br \/>* Poign\u00e9es en polym\u00e8re\u00a0;<br \/>*Mousse en option\u00a0;<\/p>\n<p>COMPOSANTS<br \/>\u00c9cran + Sangle + Support + Mousse<\/p>\n<p>MAT\u00c9RIAUX<br \/>&#8211; \u00c9cran : Fabriqu\u00e9 en PETG transparent de 0,50 mm avec une excellente visibilit\u00e9.<br \/>&#8211; Support : Fabriqu\u00e9 en Poly\u00e9thyl\u00e8ne Haute Densit\u00e9 (PEHD) avec une excellente r\u00e9sistance.<br \/>&#8211; Sangle : Fabriqu\u00e9e en TPE hautement \u00e9lastique.<\/p>\n<p>DIMENSIONS ET CARACT\u00c9RISTIQUES<br \/>&#8211; \u00c9paisseur de l&rsquo;\u00e9cran : 0,50 mm<br \/>&#8211; Zone de visualisation : 240 x 240 mm<br \/>&#8211; Distance moyenne entre le spectateur et le visage : 35 mm<br \/>&#8211; \u00c9paisseur du bracelet et du devant : 1,00 mm<br \/>&#8211; Zone du bracelet : 15 x 450 mm<br \/>&#8211; Zone du front : 25 x 250 mm<br \/>&#8211; Atoxydation : mat\u00e9riau non toxique, inodore et sans go\u00fbt<br \/>&#8211; R\u00e9sistance thermique : de &#8211; 10\u00ba \u00e0 + 96\u00baC<br \/>&#8211; Transparence : plus de 90%<br \/>&#8211; R\u00e9sistance chimique : graisses, huiles, produits chimiques, solvants, acides et solutions aqueuses<\/p>\n<p>NETTOYAGE ET ENTRETIEN<br \/>&#8211; Lors du processus de lavage, n&rsquo;utilisez pas d&rsquo;\u00e9ponges pour nettoyer, car elles pourraient rayer la surface de l&rsquo;\u00e9cran.<br \/>&#8211; Laver et s\u00e9cher avec du coton ou du papier\/chiffon, en \u00e9vitant de frotter la surface.<\/p>\n<p>Le protecteur peut \u00eatre nettoy\u00e9\/st\u00e9rilis\u00e9 avec de l\u2019eau et du savon, de l\u2019hypochlorite (eau de Javel), de l\u2019alcool\/gel d\u2019alcool et de la vapeur.<\/p>\n<p>Le paquet contient 01 unit\u00e9 de produit.<\/p>\n","protected":false},"excerpt":{"rendered":"<p>L\u2019encre \u00e9lectrique Protector Shield est un \u00e9cran facial \u00e0 haute r\u00e9sistance, durable et r\u00e9utilisable.<\/p>\n<p>Il s&rsquo;agit d&rsquo;un \u00e9quipement \u00e0 usage individuel et sa structure a \u00e9t\u00e9 con\u00e7ue pour servir les professionnels qui sont quotidiennement expos\u00e9s \u00e0 des maladies, des virus et des bact\u00e9ries et qui ont besoin d&rsquo;une haute protection \u00e0 l&rsquo;int\u00e9rieur de la cabine.<\/p>\n<p>L&rsquo;\u00e9cran de protection Electric Ink dispose de plusieurs positions de r\u00e9glage et d&rsquo;un double verrouillage, gr\u00e2ce \u00e0 des nervures et des goupilles de verrouillage. Fabriqu\u00e9 en polym\u00e8re r\u00e9sistant, gr\u00e2ce au processus de moulage par injection.<\/p>\n<p>Sa conception comporte des nervures qui soutiennent la structure, ne permettant pas de d\u00e9formations de l&rsquo;\u00e9cran quel que soit son r\u00e9glage.<\/p>\n<p>&nbsp;<\/p>\n<p>Avec les soins hygi\u00e9niques recommand\u00e9s et en \u00e9vitant les chocs avec d&rsquo;autres mat\u00e9riaux et les chutes au sol, ce produit a une longue dur\u00e9e de vie.<\/p>\n<p>L\u2019ensemble \u00e9tant compos\u00e9 de poly\u00e9thyl\u00e8ne (HDPE), TPE et PETG, il est recyclable \u00e0 100%.<\/p>\n<p>Le paquet contient 01 unit\u00e9 de produit.<\/p>\n","protected":false},"featured_media":39265,"comment_status":"closed","ping_status":"closed","template":"","meta":{"_acf_changed":false,"_et_pb_use_builder":"","_et_pb_old_content":"","_et_gb_content_width":"","inline_featured_image":false},"product_brand":[],"product_cat":[781,782],"product_tag":[],"class_list":{"0":"post-38249","1":"product","2":"type-product","3":"status-publish","4":"has-post-thumbnail","6":"product_cat-accessoires-pour-tatouer","7":"product_cat-consumables","9":"first","10":"instock","11":"taxable","12":"shipping-taxable","13":"purchasable","14":"product-type-simple"},"acf":[],"yoast_head":"<!-- This site is optimized with the Yoast SEO plugin v27.4 - https:\/\/yoast.com\/product\/yoast-seo-wordpress\/ -->\n<title>Protecteur de bouclier - Bleu - Electric Ink\u00ae<\/title>\n<meta name=\"robots\" content=\"index, follow, max-snippet:-1, max-image-preview:large, max-video-preview:-1\" \/>\n<link rel=\"canonical\" href=\"https:\/\/electricink.eu\/fr\/producto\/protecteur-de-bouclier-bleu\/\" \/>\n<meta property=\"og:locale\" content=\"fr_FR\" \/>\n<meta property=\"og:type\" content=\"article\" \/>\n<meta property=\"og:title\" content=\"Protecteur de bouclier - Bleu - Electric Ink\u00ae\" \/>\n<meta property=\"og:description\" content=\"L\u2019encre \u00e9lectrique Protector Shield est un \u00e9cran facial \u00e0 haute r\u00e9sistance, durable et r\u00e9utilisable. Il s&#039;agit d&#039;un \u00e9quipement \u00e0 usage individuel et sa structure a \u00e9t\u00e9 con\u00e7ue pour servir les professionnels qui sont quotidiennement expos\u00e9s \u00e0 des maladies, des virus et des bact\u00e9ries et qui ont besoin d&#039;une haute protection \u00e0 l&#039;int\u00e9rieur de la cabine. L&#039;\u00e9cran de protection Electric Ink dispose de plusieurs positions de r\u00e9glage et d&#039;un double verrouillage, gr\u00e2ce \u00e0 des nervures et des goupilles de verrouillage. Fabriqu\u00e9 en polym\u00e8re r\u00e9sistant, gr\u00e2ce au processus de moulage par injection. Sa conception comporte des nervures qui soutiennent la structure, ne permettant pas de d\u00e9formations de l&#039;\u00e9cran quel que soit son r\u00e9glage. &nbsp; Avec les soins hygi\u00e9niques recommand\u00e9s et en \u00e9vitant les chocs avec d&#039;autres mat\u00e9riaux et les chutes au sol, ce produit a une longue dur\u00e9e de vie. L\u2019ensemble \u00e9tant compos\u00e9 de poly\u00e9thyl\u00e8ne (HDPE), TPE et PETG, il est recyclable \u00e0 100%. Le paquet contient 01 unit\u00e9 de produit.\" \/>\n<meta property=\"og:url\" content=\"https:\/\/electricink.eu\/fr\/producto\/protecteur-de-bouclier-bleu\/\" \/>\n<meta property=\"og:site_name\" content=\"Electric Ink\u00ae\" \/>\n<meta property=\"article:modified_time\" content=\"2024-02-05T08:17:53+00:00\" \/>\n<meta property=\"og:image\" content=\"https:\/\/electricink.eu\/wp-content\/uploads\/2023\/12\/prd_233641_i_protector_shield_azul_05.jpg\" \/>\n\t<meta property=\"og:image:width\" content=\"782\" \/>\n\t<meta property=\"og:image:height\" content=\"783\" \/>\n\t<meta property=\"og:image:type\" content=\"image\/jpeg\" \/>\n<meta name=\"twitter:card\" content=\"summary_large_image\" \/>\n<meta name=\"twitter:label1\" content=\"Dur\u00e9e de lecture estim\u00e9e\" \/>\n\t<meta name=\"twitter:data1\" content=\"2 minutes\" \/>\n<script type=\"application\/ld+json\" class=\"yoast-schema-graph\">{\"@context\":\"https:\\\/\\\/schema.org\",\"@graph\":[{\"@type\":\"WebPage\",\"@id\":\"https:\\\/\\\/electricink.eu\\\/fr\\\/producto\\\/protecteur-de-bouclier-bleu\\\/\",\"url\":\"https:\\\/\\\/electricink.eu\\\/fr\\\/producto\\\/protecteur-de-bouclier-bleu\\\/\",\"name\":\"Protecteur de bouclier - Bleu - Electric Ink\u00ae\",\"isPartOf\":{\"@id\":\"https:\\\/\\\/electricink.eu\\\/#website\"},\"primaryImageOfPage\":{\"@id\":\"https:\\\/\\\/electricink.eu\\\/fr\\\/producto\\\/protecteur-de-bouclier-bleu\\\/#primaryimage\"},\"image\":{\"@id\":\"https:\\\/\\\/electricink.eu\\\/fr\\\/producto\\\/protecteur-de-bouclier-bleu\\\/#primaryimage\"},\"thumbnailUrl\":\"https:\\\/\\\/electricink.eu\\\/wp-content\\\/uploads\\\/2023\\\/12\\\/prd_233641_i_protector_shield_azul_05.jpg\",\"datePublished\":\"2023-12-14T00:07:43+00:00\",\"dateModified\":\"2024-02-05T08:17:53+00:00\",\"breadcrumb\":{\"@id\":\"https:\\\/\\\/electricink.eu\\\/fr\\\/producto\\\/protecteur-de-bouclier-bleu\\\/#breadcrumb\"},\"inLanguage\":\"fr-FR\",\"potentialAction\":[{\"@type\":\"ReadAction\",\"target\":[\"https:\\\/\\\/electricink.eu\\\/fr\\\/producto\\\/protecteur-de-bouclier-bleu\\\/\"]}]},{\"@type\":\"ImageObject\",\"inLanguage\":\"fr-FR\",\"@id\":\"https:\\\/\\\/electricink.eu\\\/fr\\\/producto\\\/protecteur-de-bouclier-bleu\\\/#primaryimage\",\"url\":\"https:\\\/\\\/electricink.eu\\\/wp-content\\\/uploads\\\/2023\\\/12\\\/prd_233641_i_protector_shield_azul_05.jpg\",\"contentUrl\":\"https:\\\/\\\/electricink.eu\\\/wp-content\\\/uploads\\\/2023\\\/12\\\/prd_233641_i_protector_shield_azul_05.jpg\",\"width\":782,\"height\":783},{\"@type\":\"BreadcrumbList\",\"@id\":\"https:\\\/\\\/electricink.eu\\\/fr\\\/producto\\\/protecteur-de-bouclier-bleu\\\/#breadcrumb\",\"itemListElement\":[{\"@type\":\"ListItem\",\"position\":1,\"name\":\"Portada\",\"item\":\"https:\\\/\\\/electricink.eu\\\/fr\\\/home\\\/\"},{\"@type\":\"ListItem\",\"position\":2,\"name\":\"Boutique\",\"item\":\"https:\\\/\\\/electricink.eu\\\/tienda\\\/\"},{\"@type\":\"ListItem\",\"position\":3,\"name\":\"Protecteur de bouclier &#8211; Bleu\"}]},{\"@type\":\"WebSite\",\"@id\":\"https:\\\/\\\/electricink.eu\\\/#website\",\"url\":\"https:\\\/\\\/electricink.eu\\\/\",\"name\":\"Electric Ink\u00ae\",\"description\":\"Material para Tatuar Profesional en Europa - Electric Ink\u00ae\",\"potentialAction\":[{\"@type\":\"SearchAction\",\"target\":{\"@type\":\"EntryPoint\",\"urlTemplate\":\"https:\\\/\\\/electricink.eu\\\/?s={search_term_string}\"},\"query-input\":{\"@type\":\"PropertyValueSpecification\",\"valueRequired\":true,\"valueName\":\"search_term_string\"}}],\"inLanguage\":\"fr-FR\"}]}<\/script>\n<!-- \/ Yoast SEO plugin. -->","yoast_head_json":{"title":"Protecteur de bouclier - Bleu - Electric Ink\u00ae","robots":{"index":"index","follow":"follow","max-snippet":"max-snippet:-1","max-image-preview":"max-image-preview:large","max-video-preview":"max-video-preview:-1"},"canonical":"https:\/\/electricink.eu\/fr\/producto\/protecteur-de-bouclier-bleu\/","og_locale":"fr_FR","og_type":"article","og_title":"Protecteur de bouclier - Bleu - Electric Ink\u00ae","og_description":"L\u2019encre \u00e9lectrique Protector Shield est un \u00e9cran facial \u00e0 haute r\u00e9sistance, durable et r\u00e9utilisable. Il s'agit d'un \u00e9quipement \u00e0 usage individuel et sa structure a \u00e9t\u00e9 con\u00e7ue pour servir les professionnels qui sont quotidiennement expos\u00e9s \u00e0 des maladies, des virus et des bact\u00e9ries et qui ont besoin d'une haute protection \u00e0 l'int\u00e9rieur de la cabine. L'\u00e9cran de protection Electric Ink dispose de plusieurs positions de r\u00e9glage et d'un double verrouillage, gr\u00e2ce \u00e0 des nervures et des goupilles de verrouillage. Fabriqu\u00e9 en polym\u00e8re r\u00e9sistant, gr\u00e2ce au processus de moulage par injection. Sa conception comporte des nervures qui soutiennent la structure, ne permettant pas de d\u00e9formations de l'\u00e9cran quel que soit son r\u00e9glage. &nbsp; Avec les soins hygi\u00e9niques recommand\u00e9s et en \u00e9vitant les chocs avec d'autres mat\u00e9riaux et les chutes au sol, ce produit a une longue dur\u00e9e de vie. L\u2019ensemble \u00e9tant compos\u00e9 de poly\u00e9thyl\u00e8ne (HDPE), TPE et PETG, il est recyclable \u00e0 100%. Le paquet contient 01 unit\u00e9 de produit.","og_url":"https:\/\/electricink.eu\/fr\/producto\/protecteur-de-bouclier-bleu\/","og_site_name":"Electric Ink\u00ae","article_modified_time":"2024-02-05T08:17:53+00:00","og_image":[{"width":782,"height":783,"url":"https:\/\/electricink.eu\/wp-content\/uploads\/2023\/12\/prd_233641_i_protector_shield_azul_05.jpg","type":"image\/jpeg"}],"twitter_card":"summary_large_image","twitter_misc":{"Dur\u00e9e de lecture estim\u00e9e":"2 minutes"},"schema":{"@context":"https:\/\/schema.org","@graph":[{"@type":"WebPage","@id":"https:\/\/electricink.eu\/fr\/producto\/protecteur-de-bouclier-bleu\/","url":"https:\/\/electricink.eu\/fr\/producto\/protecteur-de-bouclier-bleu\/","name":"Protecteur de bouclier - Bleu - Electric Ink\u00ae","isPartOf":{"@id":"https:\/\/electricink.eu\/#website"},"primaryImageOfPage":{"@id":"https:\/\/electricink.eu\/fr\/producto\/protecteur-de-bouclier-bleu\/#primaryimage"},"image":{"@id":"https:\/\/electricink.eu\/fr\/producto\/protecteur-de-bouclier-bleu\/#primaryimage"},"thumbnailUrl":"https:\/\/electricink.eu\/wp-content\/uploads\/2023\/12\/prd_233641_i_protector_shield_azul_05.jpg","datePublished":"2023-12-14T00:07:43+00:00","dateModified":"2024-02-05T08:17:53+00:00","breadcrumb":{"@id":"https:\/\/electricink.eu\/fr\/producto\/protecteur-de-bouclier-bleu\/#breadcrumb"},"inLanguage":"fr-FR","potentialAction":[{"@type":"ReadAction","target":["https:\/\/electricink.eu\/fr\/producto\/protecteur-de-bouclier-bleu\/"]}]},{"@type":"ImageObject","inLanguage":"fr-FR","@id":"https:\/\/electricink.eu\/fr\/producto\/protecteur-de-bouclier-bleu\/#primaryimage","url":"https:\/\/electricink.eu\/wp-content\/uploads\/2023\/12\/prd_233641_i_protector_shield_azul_05.jpg","contentUrl":"https:\/\/electricink.eu\/wp-content\/uploads\/2023\/12\/prd_233641_i_protector_shield_azul_05.jpg","width":782,"height":783},{"@type":"BreadcrumbList","@id":"https:\/\/electricink.eu\/fr\/producto\/protecteur-de-bouclier-bleu\/#breadcrumb","itemListElement":[{"@type":"ListItem","position":1,"name":"Portada","item":"https:\/\/electricink.eu\/fr\/home\/"},{"@type":"ListItem","position":2,"name":"Boutique","item":"https:\/\/electricink.eu\/tienda\/"},{"@type":"ListItem","position":3,"name":"Protecteur de bouclier &#8211; Bleu"}]},{"@type":"WebSite","@id":"https:\/\/electricink.eu\/#website","url":"https:\/\/electricink.eu\/","name":"Electric Ink\u00ae","description":"Material para Tatuar Profesional en Europa - Electric Ink\u00ae","potentialAction":[{"@type":"SearchAction","target":{"@type":"EntryPoint","urlTemplate":"https:\/\/electricink.eu\/?s={search_term_string}"},"query-input":{"@type":"PropertyValueSpecification","valueRequired":true,"valueName":"search_term_string"}}],"inLanguage":"fr-FR"}]}},"_links":{"self":[{"href":"https:\/\/electricink.eu\/fr\/wp-json\/wp\/v2\/product\/38249","targetHints":{"allow":["GET"]}}],"collection":[{"href":"https:\/\/electricink.eu\/fr\/wp-json\/wp\/v2\/product"}],"about":[{"href":"https:\/\/electricink.eu\/fr\/wp-json\/wp\/v2\/types\/product"}],"replies":[{"embeddable":true,"href":"https:\/\/electricink.eu\/fr\/wp-json\/wp\/v2\/comments?post=38249"}],"wp:featuredmedia":[{"embeddable":true,"href":"https:\/\/electricink.eu\/fr\/wp-json\/wp\/v2\/media\/39265"}],"wp:attachment":[{"href":"https:\/\/electricink.eu\/fr\/wp-json\/wp\/v2\/media?parent=38249"}],"wp:term":[{"taxonomy":"product_brand","embeddable":true,"href":"https:\/\/electricink.eu\/fr\/wp-json\/wp\/v2\/product_brand?post=38249"},{"taxonomy":"product_cat","embeddable":true,"href":"https:\/\/electricink.eu\/fr\/wp-json\/wp\/v2\/product_cat?post=38249"},{"taxonomy":"product_tag","embeddable":true,"href":"https:\/\/electricink.eu\/fr\/wp-json\/wp\/v2\/product_tag?post=38249"}],"curies":[{"name":"wp","href":"https:\/\/api.w.org\/{rel}","templated":true}]}}