{"id":38258,"date":"2023-12-14T01:07:43","date_gmt":"2023-12-14T00:07:43","guid":{"rendered":"https:\/\/electricink.eu\/producto\/ps-mini-ice-edition-speciale\/"},"modified":"2024-02-05T09:13:58","modified_gmt":"2024-02-05T08:13:58","slug":"ps-mini-ice-edition-speciale","status":"publish","type":"product","link":"https:\/\/electricink.eu\/fr\/producto\/ps-mini-ice-edition-speciale\/","title":{"rendered":"PS Mini Ice (Edition Sp\u00e9ciale)"},"content":{"rendered":"<p><strong>Alimentation PS Mini ICE &#8211; Electric Ink<\/strong><\/p>\n<p><strong>&#8212;&#8212;&#8212;&#8212;&#8212;-Sp\u00e9cifications \/ Poids \/ Dimensions &#8212;&#8212;&#8212;&#8212;&#8212;&#8212;-<\/strong><\/p>\n<p>&#8211; Configuration : pour machines rotatives, \u00e0 bobine et type pen<br \/>&#8211; Couleur: Transparente<br \/>&#8211; Amp\u00e9rage maximum : 5 amp\u00e8res<br \/>&#8211; Amp\u00e9rage continu : 3 amp\u00e8res<br \/>&#8211; Tension de sortie : de 2 \u00e0 17 volts<br \/>&#8211; R\u00e9solution de r\u00e9glage : tous les 0,1 volts<br \/>&#8211; Alimentation : 100~240 VAC (automatique)<br \/>&#8211; Canaux (sorties) : 1 canal<br \/>&#8211; M\u00e9moires : 2 m\u00e9moires (M1 et M2) &#8211; non volatiles<br \/>&#8211; Membrane : tactile<br \/>&#8211; Clavier : M\u00e9moire 1 (M1), M\u00e9moire 2 (M2), R\u00e9glage plus (+), R\u00e9glage moins (-), Touche Lecture\/Pause et touche FONCTION (qui facilite l&rsquo;utilisation du menu)<br \/>&#8211; Affichage : chiffres \u00e0 7 segments, blanc<br \/>&#8211; Informations \u00e9ventuelles indiqu\u00e9es \u00e0 l&rsquo;\u00e9cran : tension (Volts), courant (Amp\u00e8res), fr\u00e9quence\/PPS &#8211; impulsions par seconde (Hz), duty cycle (%) et follow true (FT)<br \/>&#8211; P\u00e9dale : pulse\/lock<br \/>&#8211; Connection : Jack P10 Amphenol pour machine et p\u00e9dale \/ Jack P4 Whurt pour alimentation<br \/>&#8211; Protection : surcharge et court-circuit<br \/>&#8211; Poids : 122 grammes<br \/>&#8211; Dimensions : 95 mm x 61 mm x 28 mm<\/p>\n<p><strong>&#8212;&#8212;&#8212;&#8212;&#8212;&#8212;&#8211; Articles inclus &#8212;&#8212;&#8212;&#8212;&#8212;&#8212;&#8212;&#8212;-<\/strong><\/p>\n<p>&#8211; 01 base magn\u00e9tique adh\u00e9rente pour fixation sur workstation<br \/>&#8211; 01 adaptateur secteur AC\/DC 19V et 4,32A<\/p>\n<p><strong>Garantie du produit:<\/strong> La p\u00e9riode de garantie offerte par Electric Ink suit les r\u00e9glementations europ\u00e9ennes en vigueur. La garantie d&rsquo;Electric Ink contre les d\u00e9fauts de fabrication commence \u00e0 partir de l&rsquo;achat du produit par le consommateur, v\u00e9rifi\u00e9 via la facture d&rsquo;achat de l&rsquo;article concern\u00e9.<\/p>\n<p><strong>Assistance technique:<\/strong> contact par mail:\u00a0 info@electric.local<\/p>\n","protected":false},"excerpt":{"rendered":"<p><strong>Alimentation PS Mini ICE<\/strong><\/p>\n<p>La PS Mini ICE est un dispositif compact, d\u00e9velopp\u00e9 pour r\u00e9pondre aux besoins des professionnels qui cherchent se d\u00e9placer facilement ou qui ont peu de place sur leur table de travail.<\/p>\n<p>Cette source dispose d&rsquo;un bouton \u00ab\u00a0fonction\u00a0\u00bb int\u00e9gr\u00e9 \u00e0 son afficheur, avec un syst\u00e8me plus simple d&rsquo;utilisation et de navigation dans le menu.<\/p>\n<p>Elle dispose de multiples options de lecture : tension (V), courant (A), fr\u00e9quence (Hz), duty cycle (%) et follow true (FT), kick booster , configuration de la p\u00e9dale (pulse\/lock) et 2 m\u00e9moires (non volatiles).<\/p>\n<p>Cette source dispose aussi d&rsquo;une base en r\u00e9sine qui facilite la fixation sur des surfaces lisses (comme le verre) et \u00e9galement d&rsquo;un aimant n\u00e9odyme pour la fixation sur des surfaces m\u00e9talliques ou toute autre surface.<\/p>\n","protected":false},"featured_media":39261,"comment_status":"closed","ping_status":"closed","template":"","meta":{"_acf_changed":false,"_et_pb_use_builder":"","_et_pb_old_content":"","_et_gb_content_width":"","inline_featured_image":false},"product_brand":[],"product_cat":[1139,808,812],"product_tag":[],"class_list":{"0":"post-38258","1":"product","2":"type-product","3":"status-publish","4":"has-post-thumbnail","6":"product_cat-peripherique","7":"product_cat-tattoo-fr","8":"product_cat-alimentations-tattoo","10":"first","11":"outofstock","12":"taxable","13":"shipping-taxable","14":"purchasable","15":"product-type-simple"},"acf":[],"yoast_head":"<!-- This site is optimized with the Yoast SEO plugin v27.4 - https:\/\/yoast.com\/product\/yoast-seo-wordpress\/ -->\n<title>PS Mini Ice (Edition Sp\u00e9ciale) - Electric Ink\u00ae<\/title>\n<meta name=\"robots\" content=\"index, follow, max-snippet:-1, max-image-preview:large, max-video-preview:-1\" \/>\n<link rel=\"canonical\" href=\"https:\/\/electricink.eu\/fr\/producto\/ps-mini-ice-edition-speciale\/\" \/>\n<meta property=\"og:locale\" content=\"fr_FR\" \/>\n<meta property=\"og:type\" content=\"article\" \/>\n<meta property=\"og:title\" content=\"PS Mini Ice (Edition Sp\u00e9ciale) - Electric Ink\u00ae\" \/>\n<meta property=\"og:description\" content=\"Alimentation PS Mini ICE La PS Mini ICE est un dispositif compact, d\u00e9velopp\u00e9 pour r\u00e9pondre aux besoins des professionnels qui cherchent se d\u00e9placer facilement ou qui ont peu de place sur leur table de travail. Cette source dispose d&#039;un bouton &quot;fonction&quot; int\u00e9gr\u00e9 \u00e0 son afficheur, avec un syst\u00e8me plus simple d&#039;utilisation et de navigation dans le menu. Elle dispose de multiples options de lecture : tension (V), courant (A), fr\u00e9quence (Hz), duty cycle (%) et follow true (FT), kick booster , configuration de la p\u00e9dale (pulse\/lock) et 2 m\u00e9moires (non volatiles). Cette source dispose aussi d&#039;une base en r\u00e9sine qui facilite la fixation sur des surfaces lisses (comme le verre) et \u00e9galement d&#039;un aimant n\u00e9odyme pour la fixation sur des surfaces m\u00e9talliques ou toute autre surface.\" \/>\n<meta property=\"og:url\" content=\"https:\/\/electricink.eu\/fr\/producto\/ps-mini-ice-edition-speciale\/\" \/>\n<meta property=\"og:site_name\" content=\"Electric Ink\u00ae\" \/>\n<meta property=\"article:modified_time\" content=\"2024-02-05T08:13:58+00:00\" \/>\n<meta property=\"og:image\" content=\"https:\/\/electricink.eu\/wp-content\/uploads\/2023\/12\/PSmini-Ice-PRO_Frente-2.png\" \/>\n\t<meta property=\"og:image:width\" content=\"1200\" \/>\n\t<meta property=\"og:image:height\" content=\"1200\" \/>\n\t<meta property=\"og:image:type\" content=\"image\/png\" \/>\n<meta name=\"twitter:card\" content=\"summary_large_image\" \/>\n<meta name=\"twitter:label1\" content=\"Dur\u00e9e de lecture estim\u00e9e\" \/>\n\t<meta name=\"twitter:data1\" content=\"1 minute\" \/>\n<script type=\"application\/ld+json\" class=\"yoast-schema-graph\">{\"@context\":\"https:\\\/\\\/schema.org\",\"@graph\":[{\"@type\":\"WebPage\",\"@id\":\"https:\\\/\\\/electricink.eu\\\/fr\\\/producto\\\/ps-mini-ice-edition-speciale\\\/\",\"url\":\"https:\\\/\\\/electricink.eu\\\/fr\\\/producto\\\/ps-mini-ice-edition-speciale\\\/\",\"name\":\"PS Mini Ice (Edition Sp\u00e9ciale) - Electric Ink\u00ae\",\"isPartOf\":{\"@id\":\"https:\\\/\\\/electricink.eu\\\/#website\"},\"primaryImageOfPage\":{\"@id\":\"https:\\\/\\\/electricink.eu\\\/fr\\\/producto\\\/ps-mini-ice-edition-speciale\\\/#primaryimage\"},\"image\":{\"@id\":\"https:\\\/\\\/electricink.eu\\\/fr\\\/producto\\\/ps-mini-ice-edition-speciale\\\/#primaryimage\"},\"thumbnailUrl\":\"https:\\\/\\\/electricink.eu\\\/wp-content\\\/uploads\\\/2023\\\/12\\\/PSmini-Ice-PRO_Frente-2.png\",\"datePublished\":\"2023-12-14T00:07:43+00:00\",\"dateModified\":\"2024-02-05T08:13:58+00:00\",\"breadcrumb\":{\"@id\":\"https:\\\/\\\/electricink.eu\\\/fr\\\/producto\\\/ps-mini-ice-edition-speciale\\\/#breadcrumb\"},\"inLanguage\":\"fr-FR\",\"potentialAction\":[{\"@type\":\"ReadAction\",\"target\":[\"https:\\\/\\\/electricink.eu\\\/fr\\\/producto\\\/ps-mini-ice-edition-speciale\\\/\"]}]},{\"@type\":\"ImageObject\",\"inLanguage\":\"fr-FR\",\"@id\":\"https:\\\/\\\/electricink.eu\\\/fr\\\/producto\\\/ps-mini-ice-edition-speciale\\\/#primaryimage\",\"url\":\"https:\\\/\\\/electricink.eu\\\/wp-content\\\/uploads\\\/2023\\\/12\\\/PSmini-Ice-PRO_Frente-2.png\",\"contentUrl\":\"https:\\\/\\\/electricink.eu\\\/wp-content\\\/uploads\\\/2023\\\/12\\\/PSmini-Ice-PRO_Frente-2.png\",\"width\":1200,\"height\":1200},{\"@type\":\"BreadcrumbList\",\"@id\":\"https:\\\/\\\/electricink.eu\\\/fr\\\/producto\\\/ps-mini-ice-edition-speciale\\\/#breadcrumb\",\"itemListElement\":[{\"@type\":\"ListItem\",\"position\":1,\"name\":\"Portada\",\"item\":\"https:\\\/\\\/electricink.eu\\\/fr\\\/home\\\/\"},{\"@type\":\"ListItem\",\"position\":2,\"name\":\"Boutique\",\"item\":\"https:\\\/\\\/electricink.eu\\\/tienda\\\/\"},{\"@type\":\"ListItem\",\"position\":3,\"name\":\"PS Mini Ice (Edition Sp\u00e9ciale)\"}]},{\"@type\":\"WebSite\",\"@id\":\"https:\\\/\\\/electricink.eu\\\/#website\",\"url\":\"https:\\\/\\\/electricink.eu\\\/\",\"name\":\"Electric Ink\u00ae\",\"description\":\"Material para Tatuar Profesional en Europa - Electric Ink\u00ae\",\"potentialAction\":[{\"@type\":\"SearchAction\",\"target\":{\"@type\":\"EntryPoint\",\"urlTemplate\":\"https:\\\/\\\/electricink.eu\\\/?s={search_term_string}\"},\"query-input\":{\"@type\":\"PropertyValueSpecification\",\"valueRequired\":true,\"valueName\":\"search_term_string\"}}],\"inLanguage\":\"fr-FR\"}]}<\/script>\n<!-- \/ Yoast SEO plugin. -->","yoast_head_json":{"title":"PS Mini Ice (Edition Sp\u00e9ciale) - Electric Ink\u00ae","robots":{"index":"index","follow":"follow","max-snippet":"max-snippet:-1","max-image-preview":"max-image-preview:large","max-video-preview":"max-video-preview:-1"},"canonical":"https:\/\/electricink.eu\/fr\/producto\/ps-mini-ice-edition-speciale\/","og_locale":"fr_FR","og_type":"article","og_title":"PS Mini Ice (Edition Sp\u00e9ciale) - Electric Ink\u00ae","og_description":"Alimentation PS Mini ICE La PS Mini ICE est un dispositif compact, d\u00e9velopp\u00e9 pour r\u00e9pondre aux besoins des professionnels qui cherchent se d\u00e9placer facilement ou qui ont peu de place sur leur table de travail. Cette source dispose d'un bouton \"fonction\" int\u00e9gr\u00e9 \u00e0 son afficheur, avec un syst\u00e8me plus simple d'utilisation et de navigation dans le menu. Elle dispose de multiples options de lecture : tension (V), courant (A), fr\u00e9quence (Hz), duty cycle (%) et follow true (FT), kick booster , configuration de la p\u00e9dale (pulse\/lock) et 2 m\u00e9moires (non volatiles). Cette source dispose aussi d'une base en r\u00e9sine qui facilite la fixation sur des surfaces lisses (comme le verre) et \u00e9galement d'un aimant n\u00e9odyme pour la fixation sur des surfaces m\u00e9talliques ou toute autre surface.","og_url":"https:\/\/electricink.eu\/fr\/producto\/ps-mini-ice-edition-speciale\/","og_site_name":"Electric Ink\u00ae","article_modified_time":"2024-02-05T08:13:58+00:00","og_image":[{"width":1200,"height":1200,"url":"https:\/\/electricink.eu\/wp-content\/uploads\/2023\/12\/PSmini-Ice-PRO_Frente-2.png","type":"image\/png"}],"twitter_card":"summary_large_image","twitter_misc":{"Dur\u00e9e de lecture estim\u00e9e":"1 minute"},"schema":{"@context":"https:\/\/schema.org","@graph":[{"@type":"WebPage","@id":"https:\/\/electricink.eu\/fr\/producto\/ps-mini-ice-edition-speciale\/","url":"https:\/\/electricink.eu\/fr\/producto\/ps-mini-ice-edition-speciale\/","name":"PS Mini Ice (Edition Sp\u00e9ciale) - Electric Ink\u00ae","isPartOf":{"@id":"https:\/\/electricink.eu\/#website"},"primaryImageOfPage":{"@id":"https:\/\/electricink.eu\/fr\/producto\/ps-mini-ice-edition-speciale\/#primaryimage"},"image":{"@id":"https:\/\/electricink.eu\/fr\/producto\/ps-mini-ice-edition-speciale\/#primaryimage"},"thumbnailUrl":"https:\/\/electricink.eu\/wp-content\/uploads\/2023\/12\/PSmini-Ice-PRO_Frente-2.png","datePublished":"2023-12-14T00:07:43+00:00","dateModified":"2024-02-05T08:13:58+00:00","breadcrumb":{"@id":"https:\/\/electricink.eu\/fr\/producto\/ps-mini-ice-edition-speciale\/#breadcrumb"},"inLanguage":"fr-FR","potentialAction":[{"@type":"ReadAction","target":["https:\/\/electricink.eu\/fr\/producto\/ps-mini-ice-edition-speciale\/"]}]},{"@type":"ImageObject","inLanguage":"fr-FR","@id":"https:\/\/electricink.eu\/fr\/producto\/ps-mini-ice-edition-speciale\/#primaryimage","url":"https:\/\/electricink.eu\/wp-content\/uploads\/2023\/12\/PSmini-Ice-PRO_Frente-2.png","contentUrl":"https:\/\/electricink.eu\/wp-content\/uploads\/2023\/12\/PSmini-Ice-PRO_Frente-2.png","width":1200,"height":1200},{"@type":"BreadcrumbList","@id":"https:\/\/electricink.eu\/fr\/producto\/ps-mini-ice-edition-speciale\/#breadcrumb","itemListElement":[{"@type":"ListItem","position":1,"name":"Portada","item":"https:\/\/electricink.eu\/fr\/home\/"},{"@type":"ListItem","position":2,"name":"Boutique","item":"https:\/\/electricink.eu\/tienda\/"},{"@type":"ListItem","position":3,"name":"PS Mini Ice (Edition Sp\u00e9ciale)"}]},{"@type":"WebSite","@id":"https:\/\/electricink.eu\/#website","url":"https:\/\/electricink.eu\/","name":"Electric Ink\u00ae","description":"Material para Tatuar Profesional en Europa - Electric Ink\u00ae","potentialAction":[{"@type":"SearchAction","target":{"@type":"EntryPoint","urlTemplate":"https:\/\/electricink.eu\/?s={search_term_string}"},"query-input":{"@type":"PropertyValueSpecification","valueRequired":true,"valueName":"search_term_string"}}],"inLanguage":"fr-FR"}]}},"_links":{"self":[{"href":"https:\/\/electricink.eu\/fr\/wp-json\/wp\/v2\/product\/38258","targetHints":{"allow":["GET"]}}],"collection":[{"href":"https:\/\/electricink.eu\/fr\/wp-json\/wp\/v2\/product"}],"about":[{"href":"https:\/\/electricink.eu\/fr\/wp-json\/wp\/v2\/types\/product"}],"replies":[{"embeddable":true,"href":"https:\/\/electricink.eu\/fr\/wp-json\/wp\/v2\/comments?post=38258"}],"wp:featuredmedia":[{"embeddable":true,"href":"https:\/\/electricink.eu\/fr\/wp-json\/wp\/v2\/media\/39261"}],"wp:attachment":[{"href":"https:\/\/electricink.eu\/fr\/wp-json\/wp\/v2\/media?parent=38258"}],"wp:term":[{"taxonomy":"product_brand","embeddable":true,"href":"https:\/\/electricink.eu\/fr\/wp-json\/wp\/v2\/product_brand?post=38258"},{"taxonomy":"product_cat","embeddable":true,"href":"https:\/\/electricink.eu\/fr\/wp-json\/wp\/v2\/product_cat?post=38258"},{"taxonomy":"product_tag","embeddable":true,"href":"https:\/\/electricink.eu\/fr\/wp-json\/wp\/v2\/product_tag?post=38258"}],"curies":[{"name":"wp","href":"https:\/\/api.w.org\/{rel}","templated":true}]}}