{"id":38261,"date":"2023-12-14T01:07:43","date_gmt":"2023-12-14T00:07:43","guid":{"rendered":"https:\/\/electricink.eu\/producto\/papier-stencil-thermal-spirit-11-boite-100-un\/"},"modified":"2024-02-05T09:12:05","modified_gmt":"2024-02-05T08:12:05","slug":"papier-stencil-thermal-spirit-11-boite-100-un","status":"publish","type":"product","link":"https:\/\/electricink.eu\/fr\/producto\/papier-stencil-thermal-spirit-11-boite-100-un\/","title":{"rendered":"Papier Stencil Thermal Spirit (11&Prime;) &#8211; bo\u00eete 100 un"},"content":{"rendered":"<p>Papier Stencil Thermal Spirit (11&Prime;) &#8211; <strong>bo\u00eete 100 un<\/strong><\/p>\n<ul>\n<li>Compatible avec toutes les imprimantes thermiques<\/li>\n<li>Images uniformes, excellent contraste, haute qualit\u00e9 et longue durabilit\u00e9<\/li>\n<li>Sans danger pour la peau, sans ingr\u00e9dients nocifs<\/li>\n<li>Certification V\u00e9gane<\/li>\n<\/ul>\n","protected":false},"excerpt":{"rendered":"<p>Papier Stencil Thermal Spirit\u00a0 8,5 \u00ab\u00a0x 11\u00a0\u00bb (21,6 x 27,9 cm) format A4.<\/p>\n<p>Teinte violette haute visibilit\u00e9 dans une matrice vraiment unique.<\/p>\n<p>Le m\u00e9lange de cire extr\u00eamement sensible \u00e0 la pression et \u00e0 texture lisse permet aux artistes d&rsquo;introduire des d\u00e9tails minuscules dans leurs pochoirs.<\/p>\n<p>La feuille de stencil r\u00e9siste aux tra\u00e7ages les plus agressifs. Assure un excellent transfert par imprimante thermique.<\/p>\n<p>Teintes haute visibilit\u00e9, mat\u00e9riaux de la plus haute qualit\u00e9, standard d&rsquo;excellence.<\/p>\n<p>Papier transfert thermal Spirit en <strong>bo\u00eete de 100 feuilles, format A4<\/strong>.<\/p>\n","protected":false},"featured_media":33699,"comment_status":"closed","ping_status":"closed","template":"","meta":{"_acf_changed":false,"_et_pb_use_builder":"","_et_pb_old_content":"","_et_gb_content_width":"","inline_featured_image":false},"product_brand":[],"product_cat":[781,789],"product_tag":[],"class_list":{"0":"post-38261","1":"product","2":"type-product","3":"status-publish","4":"has-post-thumbnail","6":"product_cat-accessoires-pour-tatouer","7":"product_cat-papier-pour-stencil","9":"first","10":"outofstock","11":"taxable","12":"shipping-taxable","13":"purchasable","14":"product-type-simple"},"acf":[],"yoast_head":"<!-- This site is optimized with the Yoast SEO plugin v27.4 - https:\/\/yoast.com\/product\/yoast-seo-wordpress\/ -->\n<title>Papier Stencil Thermal Spirit (11&quot;) - bo\u00eete 100 un - Electric Ink\u00ae<\/title>\n<meta name=\"robots\" content=\"index, follow, max-snippet:-1, max-image-preview:large, max-video-preview:-1\" \/>\n<link rel=\"canonical\" href=\"https:\/\/electricink.eu\/fr\/producto\/papier-stencil-thermal-spirit-11-boite-100-un\/\" \/>\n<meta property=\"og:locale\" content=\"fr_FR\" \/>\n<meta property=\"og:type\" content=\"article\" \/>\n<meta property=\"og:title\" content=\"Papier Stencil Thermal Spirit (11&quot;) - bo\u00eete 100 un - Electric Ink\u00ae\" \/>\n<meta property=\"og:description\" content=\"Papier Stencil Thermal Spirit\u00a0 8,5 &quot;x 11&quot; (21,6 x 27,9 cm) format A4. Teinte violette haute visibilit\u00e9 dans une matrice vraiment unique. Le m\u00e9lange de cire extr\u00eamement sensible \u00e0 la pression et \u00e0 texture lisse permet aux artistes d&#039;introduire des d\u00e9tails minuscules dans leurs pochoirs. La feuille de stencil r\u00e9siste aux tra\u00e7ages les plus agressifs. Assure un excellent transfert par imprimante thermique. Teintes haute visibilit\u00e9, mat\u00e9riaux de la plus haute qualit\u00e9, standard d&#039;excellence. Papier transfert thermal Spirit en bo\u00eete de 100 feuilles, format A4.\" \/>\n<meta property=\"og:url\" content=\"https:\/\/electricink.eu\/fr\/producto\/papier-stencil-thermal-spirit-11-boite-100-un\/\" \/>\n<meta property=\"og:site_name\" content=\"Electric Ink\u00ae\" \/>\n<meta property=\"article:modified_time\" content=\"2024-02-05T08:12:05+00:00\" \/>\n<meta property=\"og:image\" content=\"https:\/\/electricink.eu\/wp-content\/uploads\/2023\/12\/DSC_5983-copia.png\" \/>\n\t<meta property=\"og:image:width\" content=\"800\" \/>\n\t<meta property=\"og:image:height\" content=\"800\" \/>\n\t<meta property=\"og:image:type\" content=\"image\/png\" \/>\n<meta name=\"twitter:card\" content=\"summary_large_image\" \/>\n<script type=\"application\/ld+json\" class=\"yoast-schema-graph\">{\"@context\":\"https:\\\/\\\/schema.org\",\"@graph\":[{\"@type\":\"WebPage\",\"@id\":\"https:\\\/\\\/electricink.eu\\\/fr\\\/producto\\\/papier-stencil-thermal-spirit-11-boite-100-un\\\/\",\"url\":\"https:\\\/\\\/electricink.eu\\\/fr\\\/producto\\\/papier-stencil-thermal-spirit-11-boite-100-un\\\/\",\"name\":\"Papier Stencil Thermal Spirit (11\\\") - bo\u00eete 100 un - Electric Ink\u00ae\",\"isPartOf\":{\"@id\":\"https:\\\/\\\/electricink.eu\\\/#website\"},\"primaryImageOfPage\":{\"@id\":\"https:\\\/\\\/electricink.eu\\\/fr\\\/producto\\\/papier-stencil-thermal-spirit-11-boite-100-un\\\/#primaryimage\"},\"image\":{\"@id\":\"https:\\\/\\\/electricink.eu\\\/fr\\\/producto\\\/papier-stencil-thermal-spirit-11-boite-100-un\\\/#primaryimage\"},\"thumbnailUrl\":\"https:\\\/\\\/electricink.eu\\\/wp-content\\\/uploads\\\/2023\\\/12\\\/DSC_5983-copia.png\",\"datePublished\":\"2023-12-14T00:07:43+00:00\",\"dateModified\":\"2024-02-05T08:12:05+00:00\",\"breadcrumb\":{\"@id\":\"https:\\\/\\\/electricink.eu\\\/fr\\\/producto\\\/papier-stencil-thermal-spirit-11-boite-100-un\\\/#breadcrumb\"},\"inLanguage\":\"fr-FR\",\"potentialAction\":[{\"@type\":\"ReadAction\",\"target\":[\"https:\\\/\\\/electricink.eu\\\/fr\\\/producto\\\/papier-stencil-thermal-spirit-11-boite-100-un\\\/\"]}]},{\"@type\":\"ImageObject\",\"inLanguage\":\"fr-FR\",\"@id\":\"https:\\\/\\\/electricink.eu\\\/fr\\\/producto\\\/papier-stencil-thermal-spirit-11-boite-100-un\\\/#primaryimage\",\"url\":\"https:\\\/\\\/electricink.eu\\\/wp-content\\\/uploads\\\/2023\\\/12\\\/DSC_5983-copia.png\",\"contentUrl\":\"https:\\\/\\\/electricink.eu\\\/wp-content\\\/uploads\\\/2023\\\/12\\\/DSC_5983-copia.png\",\"width\":800,\"height\":800},{\"@type\":\"BreadcrumbList\",\"@id\":\"https:\\\/\\\/electricink.eu\\\/fr\\\/producto\\\/papier-stencil-thermal-spirit-11-boite-100-un\\\/#breadcrumb\",\"itemListElement\":[{\"@type\":\"ListItem\",\"position\":1,\"name\":\"Portada\",\"item\":\"https:\\\/\\\/electricink.eu\\\/fr\\\/home\\\/\"},{\"@type\":\"ListItem\",\"position\":2,\"name\":\"Boutique\",\"item\":\"https:\\\/\\\/electricink.eu\\\/tienda\\\/\"},{\"@type\":\"ListItem\",\"position\":3,\"name\":\"Papier Stencil Thermal Spirit (11&#8243;) &#8211; bo\u00eete 100 un\"}]},{\"@type\":\"WebSite\",\"@id\":\"https:\\\/\\\/electricink.eu\\\/#website\",\"url\":\"https:\\\/\\\/electricink.eu\\\/\",\"name\":\"Electric Ink\u00ae\",\"description\":\"Material para Tatuar Profesional en Europa - Electric Ink\u00ae\",\"potentialAction\":[{\"@type\":\"SearchAction\",\"target\":{\"@type\":\"EntryPoint\",\"urlTemplate\":\"https:\\\/\\\/electricink.eu\\\/?s={search_term_string}\"},\"query-input\":{\"@type\":\"PropertyValueSpecification\",\"valueRequired\":true,\"valueName\":\"search_term_string\"}}],\"inLanguage\":\"fr-FR\"}]}<\/script>\n<!-- \/ Yoast SEO plugin. -->","yoast_head_json":{"title":"Papier Stencil Thermal Spirit (11\") - bo\u00eete 100 un - Electric Ink\u00ae","robots":{"index":"index","follow":"follow","max-snippet":"max-snippet:-1","max-image-preview":"max-image-preview:large","max-video-preview":"max-video-preview:-1"},"canonical":"https:\/\/electricink.eu\/fr\/producto\/papier-stencil-thermal-spirit-11-boite-100-un\/","og_locale":"fr_FR","og_type":"article","og_title":"Papier Stencil Thermal Spirit (11\") - bo\u00eete 100 un - Electric Ink\u00ae","og_description":"Papier Stencil Thermal Spirit\u00a0 8,5 \"x 11\" (21,6 x 27,9 cm) format A4. Teinte violette haute visibilit\u00e9 dans une matrice vraiment unique. Le m\u00e9lange de cire extr\u00eamement sensible \u00e0 la pression et \u00e0 texture lisse permet aux artistes d'introduire des d\u00e9tails minuscules dans leurs pochoirs. La feuille de stencil r\u00e9siste aux tra\u00e7ages les plus agressifs. Assure un excellent transfert par imprimante thermique. Teintes haute visibilit\u00e9, mat\u00e9riaux de la plus haute qualit\u00e9, standard d'excellence. Papier transfert thermal Spirit en bo\u00eete de 100 feuilles, format A4.","og_url":"https:\/\/electricink.eu\/fr\/producto\/papier-stencil-thermal-spirit-11-boite-100-un\/","og_site_name":"Electric Ink\u00ae","article_modified_time":"2024-02-05T08:12:05+00:00","og_image":[{"width":800,"height":800,"url":"https:\/\/electricink.eu\/wp-content\/uploads\/2023\/12\/DSC_5983-copia.png","type":"image\/png"}],"twitter_card":"summary_large_image","schema":{"@context":"https:\/\/schema.org","@graph":[{"@type":"WebPage","@id":"https:\/\/electricink.eu\/fr\/producto\/papier-stencil-thermal-spirit-11-boite-100-un\/","url":"https:\/\/electricink.eu\/fr\/producto\/papier-stencil-thermal-spirit-11-boite-100-un\/","name":"Papier Stencil Thermal Spirit (11\") - bo\u00eete 100 un - Electric Ink\u00ae","isPartOf":{"@id":"https:\/\/electricink.eu\/#website"},"primaryImageOfPage":{"@id":"https:\/\/electricink.eu\/fr\/producto\/papier-stencil-thermal-spirit-11-boite-100-un\/#primaryimage"},"image":{"@id":"https:\/\/electricink.eu\/fr\/producto\/papier-stencil-thermal-spirit-11-boite-100-un\/#primaryimage"},"thumbnailUrl":"https:\/\/electricink.eu\/wp-content\/uploads\/2023\/12\/DSC_5983-copia.png","datePublished":"2023-12-14T00:07:43+00:00","dateModified":"2024-02-05T08:12:05+00:00","breadcrumb":{"@id":"https:\/\/electricink.eu\/fr\/producto\/papier-stencil-thermal-spirit-11-boite-100-un\/#breadcrumb"},"inLanguage":"fr-FR","potentialAction":[{"@type":"ReadAction","target":["https:\/\/electricink.eu\/fr\/producto\/papier-stencil-thermal-spirit-11-boite-100-un\/"]}]},{"@type":"ImageObject","inLanguage":"fr-FR","@id":"https:\/\/electricink.eu\/fr\/producto\/papier-stencil-thermal-spirit-11-boite-100-un\/#primaryimage","url":"https:\/\/electricink.eu\/wp-content\/uploads\/2023\/12\/DSC_5983-copia.png","contentUrl":"https:\/\/electricink.eu\/wp-content\/uploads\/2023\/12\/DSC_5983-copia.png","width":800,"height":800},{"@type":"BreadcrumbList","@id":"https:\/\/electricink.eu\/fr\/producto\/papier-stencil-thermal-spirit-11-boite-100-un\/#breadcrumb","itemListElement":[{"@type":"ListItem","position":1,"name":"Portada","item":"https:\/\/electricink.eu\/fr\/home\/"},{"@type":"ListItem","position":2,"name":"Boutique","item":"https:\/\/electricink.eu\/tienda\/"},{"@type":"ListItem","position":3,"name":"Papier Stencil Thermal Spirit (11&#8243;) &#8211; bo\u00eete 100 un"}]},{"@type":"WebSite","@id":"https:\/\/electricink.eu\/#website","url":"https:\/\/electricink.eu\/","name":"Electric Ink\u00ae","description":"Material para Tatuar Profesional en Europa - Electric Ink\u00ae","potentialAction":[{"@type":"SearchAction","target":{"@type":"EntryPoint","urlTemplate":"https:\/\/electricink.eu\/?s={search_term_string}"},"query-input":{"@type":"PropertyValueSpecification","valueRequired":true,"valueName":"search_term_string"}}],"inLanguage":"fr-FR"}]}},"_links":{"self":[{"href":"https:\/\/electricink.eu\/fr\/wp-json\/wp\/v2\/product\/38261","targetHints":{"allow":["GET"]}}],"collection":[{"href":"https:\/\/electricink.eu\/fr\/wp-json\/wp\/v2\/product"}],"about":[{"href":"https:\/\/electricink.eu\/fr\/wp-json\/wp\/v2\/types\/product"}],"replies":[{"embeddable":true,"href":"https:\/\/electricink.eu\/fr\/wp-json\/wp\/v2\/comments?post=38261"}],"wp:featuredmedia":[{"embeddable":true,"href":"https:\/\/electricink.eu\/fr\/wp-json\/wp\/v2\/media\/33699"}],"wp:attachment":[{"href":"https:\/\/electricink.eu\/fr\/wp-json\/wp\/v2\/media?parent=38261"}],"wp:term":[{"taxonomy":"product_brand","embeddable":true,"href":"https:\/\/electricink.eu\/fr\/wp-json\/wp\/v2\/product_brand?post=38261"},{"taxonomy":"product_cat","embeddable":true,"href":"https:\/\/electricink.eu\/fr\/wp-json\/wp\/v2\/product_cat?post=38261"},{"taxonomy":"product_tag","embeddable":true,"href":"https:\/\/electricink.eu\/fr\/wp-json\/wp\/v2\/product_tag?post=38261"}],"curies":[{"name":"wp","href":"https:\/\/api.w.org\/{rel}","templated":true}]}}