{"id":38404,"date":"2020-12-14T01:06:03","date_gmt":"2020-12-14T00:06:03","guid":{"rendered":"https:\/\/electricink.eu\/producto\/alimentation-ps-round-noir-mat\/"},"modified":"2023-12-14T01:06:03","modified_gmt":"2023-12-14T00:06:03","slug":"alimentation-ps-round-noir-mat","status":"publish","type":"product","link":"https:\/\/electricink.eu\/fr\/producto\/alimentation-ps-round-noir-mat\/","title":{"rendered":"Alimentation PS Round &#8211; Noir Mat"},"content":{"rendered":"<p><strong>Alimentation PS Round<\/strong><\/p>\n<p><strong>&#8212;&#8212;&#8212;&#8212;&#8212;- Sp\u00e9cifications \/ Poids \/ Dimensions &#8212;&#8212;&#8212;&#8212;&#8212;&#8212;-<\/strong><\/p>\n<p>&#8211; Configuration : pour machines rotatives, \u00e0 bobines et type pen<br \/>&#8211; Ch\u00e2ssis : aluminium anodis\u00e9<br \/>&#8211; Couleur : Noir mat<br \/>&#8211; Amp\u00e9rage maximum : 5 amp\u00e8res<br \/>&#8211; Amp\u00e9rage continu : 3 amp\u00e8res<br \/>&#8211; Tension de sortie : de 2 \u00e0 17 volts<br \/>&#8211; R\u00e9solution de r\u00e9glage : tous les 0,1 volts<br \/>&#8211; Alimentation : 100~240 VAC (automatique)<br \/>&#8211; Canaux (sorties) : 1 canal<br \/>&#8211; M\u00e9moires : 2 m\u00e9moires (M1 et M2) &#8211; non volatiles<br \/>&#8211; Membrane : tactile<br \/>&#8211; Clavier : M\u00e9moire 1 (M1), M\u00e9moire 2 (M2), Ajuster plus (+), Ajuster moins (-) et touche Lecture\/Pause\/Menu<br \/>&#8211; Affichage : chiffres \u00e0 7 segments, blanc<br \/>&#8211; Informations \u00e9ventuelles indiqu\u00e9es \u00e0 l&rsquo;\u00e9cran : tension (Volts), courant (Amp\u00e8res), fr\u00e9quence\/PPS &#8211; impulsions par seconde (Hz), duty cycle (%) et follow true (FT)<br \/>&#8211; Logiciels inclus : kick-booster (pour les machines rotatives), pointillisme (pour les machines \u00e0 bobines)<br \/>&#8211; Drive : reconnaissance des machines Electric Ink (revolution, sublime, pen, electra, electra pop et markman) et drive \u00e0 usage libre (pour les machines rotatives et Pen d&rsquo;autres marques).<br \/>&#8211; Connecteurs : Jack P10 Amphenol pour machine et p\u00e9dale \/ Jack P4 Whurt pour alimentation<br \/>&#8211; Fixation : aimant n\u00e9odyme sur la base avec caoutchouc adh\u00e9rent<br \/>&#8211; Protection : surcharge et court-circuit<br \/>&#8211; Poids : 188 grammes<br \/>&#8211; Dimensions : 80mm (diam\u00e8tre) x 30mm (hauteur)<\/p>\n<p><strong>&#8212;&#8212;&#8212;&#8212;&#8212;&#8212;&#8211; Articles inclus &#8212;&#8212;&#8212;&#8212;&#8212;&#8212;&#8212;&#8212;&#8211;<\/strong><\/p>\n<p>&#8211; 01 Alimentation PS Round<br \/>&#8211; 01 base magn\u00e9tique adh\u00e9rente pour fixation sur workstation<br \/>&#8211; 01 adaptateur\u00a0 AC\/DC 19V et 4,32A<br \/>&#8211; Manuel d&rsquo;instructions<br \/>&#8211; Garantie du produit<\/p>\n<p><strong>Garantie du produit:<\/strong> La p\u00e9riode de garantie offerte par Electric Ink suit les r\u00e9glementations europ\u00e9ennes en vigueur. La garantie d&rsquo;Electric Ink contre les d\u00e9fauts de fabrication commence \u00e0 partir de l&rsquo;achat du produit par le consommateur, v\u00e9rifi\u00e9 via la facture d&rsquo;achat de l&rsquo;article concern\u00e9.<\/p>\n<p><strong>Assistance technique:<\/strong> contact par mail:\u00a0 info@electric.local<\/p>\n","protected":false},"excerpt":{"rendered":"<p><strong>L&rsquo;Alimentation PS Round<\/strong> est fabriqu\u00e9e en aluminium anodis\u00e9 et a \u00e9t\u00e9 d\u00e9velopp\u00e9e pour r\u00e9pondre aux besoins des professionnels du tatouage et de la micropigmentation, offrant \u00e0 l&rsquo;artiste une plus grande fiabilit\u00e9, qualit\u00e9 et s\u00e9curit\u00e9. Id\u00e9al pour les machines de type bobine, rotative et Pen, avec un Drive d&rsquo;identification des machines Electric Ink : r\u00e9volution, sublime, pen, electra, electra pop et markman. En plus d&rsquo;un lecteur \u00e0 usage libre (pour les machines rotatives et de type stylo d&rsquo;autres marques).<\/p>\n<p>La PS Round est compl\u00e8te et dispose de multiples options de lecture : tension (V), courant (A), fr\u00e9quence (Hz), duty cycle (%) et follow true (FT).<\/p>\n<p>Logiciels de fonction install\u00e9s en usine, tels que : kick booster (pour les machines rotatives), pointillisme (pour les machines \u00e0 bobines), configuration de la p\u00e9dale et 2 m\u00e9moires (non volatiles).<\/p>\n<p>Pour \u00e9viter les accidents, elle dispose d&rsquo;une base en r\u00e9sine qui facilite la fixation sur des surfaces lisses (comme le verre) et \u00e9galement d&rsquo;un aimant n\u00e9odyme pour la fixation sur des surfaces m\u00e9talliques ou toute autre surface \u00e0 l&rsquo;aide de la base magn\u00e9tique adh\u00e9rente.<\/p>\n","protected":false},"featured_media":822,"comment_status":"closed","ping_status":"closed","template":"","meta":{"_acf_changed":false,"_et_pb_use_builder":"","_et_pb_old_content":"","_et_gb_content_width":"","inline_featured_image":false},"product_brand":[],"product_cat":[1131,794,799,808,812],"product_tag":[],"class_list":{"0":"post-38404","1":"product","2":"type-product","3":"status-publish","4":"has-post-thumbnail","6":"product_cat-perifericos","7":"product_cat-micropigmentation","8":"product_cat-alimentations-maquillage-permanent","9":"product_cat-tattoo-fr","10":"product_cat-alimentations-tattoo","12":"first","13":"instock","14":"featured","15":"taxable","16":"shipping-taxable","17":"purchasable","18":"product-type-simple"},"acf":[],"yoast_head":"<!-- This site is optimized with the Yoast SEO plugin v27.4 - https:\/\/yoast.com\/product\/yoast-seo-wordpress\/ -->\n<title>Alimentation PS Round - Noir Mat - Electric Ink\u00ae<\/title>\n<meta name=\"robots\" content=\"index, follow, max-snippet:-1, max-image-preview:large, max-video-preview:-1\" \/>\n<link rel=\"canonical\" href=\"https:\/\/electricink.eu\/fr\/producto\/alimentation-ps-round-noir-mat\/\" \/>\n<meta property=\"og:locale\" content=\"fr_FR\" \/>\n<meta property=\"og:type\" content=\"article\" \/>\n<meta property=\"og:title\" content=\"Alimentation PS Round - Noir Mat - Electric Ink\u00ae\" \/>\n<meta property=\"og:description\" content=\"L&#039;Alimentation PS Round est fabriqu\u00e9e en aluminium anodis\u00e9 et a \u00e9t\u00e9 d\u00e9velopp\u00e9e pour r\u00e9pondre aux besoins des professionnels du tatouage et de la micropigmentation, offrant \u00e0 l&#039;artiste une plus grande fiabilit\u00e9, qualit\u00e9 et s\u00e9curit\u00e9. Id\u00e9al pour les machines de type bobine, rotative et Pen, avec un Drive d&#039;identification des machines Electric Ink : r\u00e9volution, sublime, pen, electra, electra pop et markman. En plus d&#039;un lecteur \u00e0 usage libre (pour les machines rotatives et de type stylo d&#039;autres marques). La PS Round est compl\u00e8te et dispose de multiples options de lecture : tension (V), courant (A), fr\u00e9quence (Hz), duty cycle (%) et follow true (FT). Logiciels de fonction install\u00e9s en usine, tels que : kick booster (pour les machines rotatives), pointillisme (pour les machines \u00e0 bobines), configuration de la p\u00e9dale et 2 m\u00e9moires (non volatiles). Pour \u00e9viter les accidents, elle dispose d&#039;une base en r\u00e9sine qui facilite la fixation sur des surfaces lisses (comme le verre) et \u00e9galement d&#039;un aimant n\u00e9odyme pour la fixation sur des surfaces m\u00e9talliques ou toute autre surface \u00e0 l&#039;aide de la base magn\u00e9tique adh\u00e9rente.\" \/>\n<meta property=\"og:url\" content=\"https:\/\/electricink.eu\/fr\/producto\/alimentation-ps-round-noir-mat\/\" \/>\n<meta property=\"og:site_name\" content=\"Electric Ink\u00ae\" \/>\n<meta property=\"article:modified_time\" content=\"2023-12-14T00:06:03+00:00\" \/>\n<meta property=\"og:image\" content=\"https:\/\/electricink.eu\/wp-content\/uploads\/2023\/10\/Fuente-Tattoo_negro_mate_01.png\" \/>\n\t<meta property=\"og:image:width\" content=\"1080\" \/>\n\t<meta property=\"og:image:height\" content=\"1080\" \/>\n\t<meta property=\"og:image:type\" content=\"image\/png\" \/>\n<meta name=\"twitter:card\" content=\"summary_large_image\" \/>\n<meta name=\"twitter:label1\" content=\"Dur\u00e9e de lecture estim\u00e9e\" \/>\n\t<meta name=\"twitter:data1\" content=\"1 minute\" \/>\n<script type=\"application\/ld+json\" class=\"yoast-schema-graph\">{\"@context\":\"https:\\\/\\\/schema.org\",\"@graph\":[{\"@type\":\"WebPage\",\"@id\":\"https:\\\/\\\/electricink.eu\\\/fr\\\/producto\\\/alimentation-ps-round-noir-mat\\\/\",\"url\":\"https:\\\/\\\/electricink.eu\\\/fr\\\/producto\\\/alimentation-ps-round-noir-mat\\\/\",\"name\":\"Alimentation PS Round - Noir Mat - Electric Ink\u00ae\",\"isPartOf\":{\"@id\":\"https:\\\/\\\/electricink.eu\\\/#website\"},\"primaryImageOfPage\":{\"@id\":\"https:\\\/\\\/electricink.eu\\\/fr\\\/producto\\\/alimentation-ps-round-noir-mat\\\/#primaryimage\"},\"image\":{\"@id\":\"https:\\\/\\\/electricink.eu\\\/fr\\\/producto\\\/alimentation-ps-round-noir-mat\\\/#primaryimage\"},\"thumbnailUrl\":\"https:\\\/\\\/electricink.eu\\\/wp-content\\\/uploads\\\/2023\\\/10\\\/Fuente-Tattoo_negro_mate_01.png\",\"datePublished\":\"2020-12-14T00:06:03+00:00\",\"dateModified\":\"2023-12-14T00:06:03+00:00\",\"breadcrumb\":{\"@id\":\"https:\\\/\\\/electricink.eu\\\/fr\\\/producto\\\/alimentation-ps-round-noir-mat\\\/#breadcrumb\"},\"inLanguage\":\"fr-FR\",\"potentialAction\":[{\"@type\":\"ReadAction\",\"target\":[\"https:\\\/\\\/electricink.eu\\\/fr\\\/producto\\\/alimentation-ps-round-noir-mat\\\/\"]}]},{\"@type\":\"ImageObject\",\"inLanguage\":\"fr-FR\",\"@id\":\"https:\\\/\\\/electricink.eu\\\/fr\\\/producto\\\/alimentation-ps-round-noir-mat\\\/#primaryimage\",\"url\":\"https:\\\/\\\/electricink.eu\\\/wp-content\\\/uploads\\\/2023\\\/10\\\/Fuente-Tattoo_negro_mate_01.png\",\"contentUrl\":\"https:\\\/\\\/electricink.eu\\\/wp-content\\\/uploads\\\/2023\\\/10\\\/Fuente-Tattoo_negro_mate_01.png\",\"width\":1080,\"height\":1080},{\"@type\":\"BreadcrumbList\",\"@id\":\"https:\\\/\\\/electricink.eu\\\/fr\\\/producto\\\/alimentation-ps-round-noir-mat\\\/#breadcrumb\",\"itemListElement\":[{\"@type\":\"ListItem\",\"position\":1,\"name\":\"Portada\",\"item\":\"https:\\\/\\\/electricink.eu\\\/fr\\\/home\\\/\"},{\"@type\":\"ListItem\",\"position\":2,\"name\":\"Boutique\",\"item\":\"https:\\\/\\\/electricink.eu\\\/tienda\\\/\"},{\"@type\":\"ListItem\",\"position\":3,\"name\":\"Alimentation PS Round &#8211; Noir Mat\"}]},{\"@type\":\"WebSite\",\"@id\":\"https:\\\/\\\/electricink.eu\\\/#website\",\"url\":\"https:\\\/\\\/electricink.eu\\\/\",\"name\":\"Electric Ink\u00ae\",\"description\":\"Material para Tatuar Profesional en Europa - Electric Ink\u00ae\",\"potentialAction\":[{\"@type\":\"SearchAction\",\"target\":{\"@type\":\"EntryPoint\",\"urlTemplate\":\"https:\\\/\\\/electricink.eu\\\/?s={search_term_string}\"},\"query-input\":{\"@type\":\"PropertyValueSpecification\",\"valueRequired\":true,\"valueName\":\"search_term_string\"}}],\"inLanguage\":\"fr-FR\"}]}<\/script>\n<!-- \/ Yoast SEO plugin. -->","yoast_head_json":{"title":"Alimentation PS Round - Noir Mat - Electric Ink\u00ae","robots":{"index":"index","follow":"follow","max-snippet":"max-snippet:-1","max-image-preview":"max-image-preview:large","max-video-preview":"max-video-preview:-1"},"canonical":"https:\/\/electricink.eu\/fr\/producto\/alimentation-ps-round-noir-mat\/","og_locale":"fr_FR","og_type":"article","og_title":"Alimentation PS Round - Noir Mat - Electric Ink\u00ae","og_description":"L'Alimentation PS Round est fabriqu\u00e9e en aluminium anodis\u00e9 et a \u00e9t\u00e9 d\u00e9velopp\u00e9e pour r\u00e9pondre aux besoins des professionnels du tatouage et de la micropigmentation, offrant \u00e0 l'artiste une plus grande fiabilit\u00e9, qualit\u00e9 et s\u00e9curit\u00e9. Id\u00e9al pour les machines de type bobine, rotative et Pen, avec un Drive d'identification des machines Electric Ink : r\u00e9volution, sublime, pen, electra, electra pop et markman. En plus d'un lecteur \u00e0 usage libre (pour les machines rotatives et de type stylo d'autres marques). La PS Round est compl\u00e8te et dispose de multiples options de lecture : tension (V), courant (A), fr\u00e9quence (Hz), duty cycle (%) et follow true (FT). Logiciels de fonction install\u00e9s en usine, tels que : kick booster (pour les machines rotatives), pointillisme (pour les machines \u00e0 bobines), configuration de la p\u00e9dale et 2 m\u00e9moires (non volatiles). Pour \u00e9viter les accidents, elle dispose d'une base en r\u00e9sine qui facilite la fixation sur des surfaces lisses (comme le verre) et \u00e9galement d'un aimant n\u00e9odyme pour la fixation sur des surfaces m\u00e9talliques ou toute autre surface \u00e0 l'aide de la base magn\u00e9tique adh\u00e9rente.","og_url":"https:\/\/electricink.eu\/fr\/producto\/alimentation-ps-round-noir-mat\/","og_site_name":"Electric Ink\u00ae","article_modified_time":"2023-12-14T00:06:03+00:00","og_image":[{"width":1080,"height":1080,"url":"https:\/\/electricink.eu\/wp-content\/uploads\/2023\/10\/Fuente-Tattoo_negro_mate_01.png","type":"image\/png"}],"twitter_card":"summary_large_image","twitter_misc":{"Dur\u00e9e de lecture estim\u00e9e":"1 minute"},"schema":{"@context":"https:\/\/schema.org","@graph":[{"@type":"WebPage","@id":"https:\/\/electricink.eu\/fr\/producto\/alimentation-ps-round-noir-mat\/","url":"https:\/\/electricink.eu\/fr\/producto\/alimentation-ps-round-noir-mat\/","name":"Alimentation PS Round - Noir Mat - Electric Ink\u00ae","isPartOf":{"@id":"https:\/\/electricink.eu\/#website"},"primaryImageOfPage":{"@id":"https:\/\/electricink.eu\/fr\/producto\/alimentation-ps-round-noir-mat\/#primaryimage"},"image":{"@id":"https:\/\/electricink.eu\/fr\/producto\/alimentation-ps-round-noir-mat\/#primaryimage"},"thumbnailUrl":"https:\/\/electricink.eu\/wp-content\/uploads\/2023\/10\/Fuente-Tattoo_negro_mate_01.png","datePublished":"2020-12-14T00:06:03+00:00","dateModified":"2023-12-14T00:06:03+00:00","breadcrumb":{"@id":"https:\/\/electricink.eu\/fr\/producto\/alimentation-ps-round-noir-mat\/#breadcrumb"},"inLanguage":"fr-FR","potentialAction":[{"@type":"ReadAction","target":["https:\/\/electricink.eu\/fr\/producto\/alimentation-ps-round-noir-mat\/"]}]},{"@type":"ImageObject","inLanguage":"fr-FR","@id":"https:\/\/electricink.eu\/fr\/producto\/alimentation-ps-round-noir-mat\/#primaryimage","url":"https:\/\/electricink.eu\/wp-content\/uploads\/2023\/10\/Fuente-Tattoo_negro_mate_01.png","contentUrl":"https:\/\/electricink.eu\/wp-content\/uploads\/2023\/10\/Fuente-Tattoo_negro_mate_01.png","width":1080,"height":1080},{"@type":"BreadcrumbList","@id":"https:\/\/electricink.eu\/fr\/producto\/alimentation-ps-round-noir-mat\/#breadcrumb","itemListElement":[{"@type":"ListItem","position":1,"name":"Portada","item":"https:\/\/electricink.eu\/fr\/home\/"},{"@type":"ListItem","position":2,"name":"Boutique","item":"https:\/\/electricink.eu\/tienda\/"},{"@type":"ListItem","position":3,"name":"Alimentation PS Round &#8211; Noir Mat"}]},{"@type":"WebSite","@id":"https:\/\/electricink.eu\/#website","url":"https:\/\/electricink.eu\/","name":"Electric Ink\u00ae","description":"Material para Tatuar Profesional en Europa - Electric Ink\u00ae","potentialAction":[{"@type":"SearchAction","target":{"@type":"EntryPoint","urlTemplate":"https:\/\/electricink.eu\/?s={search_term_string}"},"query-input":{"@type":"PropertyValueSpecification","valueRequired":true,"valueName":"search_term_string"}}],"inLanguage":"fr-FR"}]}},"_links":{"self":[{"href":"https:\/\/electricink.eu\/fr\/wp-json\/wp\/v2\/product\/38404","targetHints":{"allow":["GET"]}}],"collection":[{"href":"https:\/\/electricink.eu\/fr\/wp-json\/wp\/v2\/product"}],"about":[{"href":"https:\/\/electricink.eu\/fr\/wp-json\/wp\/v2\/types\/product"}],"replies":[{"embeddable":true,"href":"https:\/\/electricink.eu\/fr\/wp-json\/wp\/v2\/comments?post=38404"}],"wp:featuredmedia":[{"embeddable":true,"href":"https:\/\/electricink.eu\/fr\/wp-json\/wp\/v2\/media\/822"}],"wp:attachment":[{"href":"https:\/\/electricink.eu\/fr\/wp-json\/wp\/v2\/media?parent=38404"}],"wp:term":[{"taxonomy":"product_brand","embeddable":true,"href":"https:\/\/electricink.eu\/fr\/wp-json\/wp\/v2\/product_brand?post=38404"},{"taxonomy":"product_cat","embeddable":true,"href":"https:\/\/electricink.eu\/fr\/wp-json\/wp\/v2\/product_cat?post=38404"},{"taxonomy":"product_tag","embeddable":true,"href":"https:\/\/electricink.eu\/fr\/wp-json\/wp\/v2\/product_tag?post=38404"}],"curies":[{"name":"wp","href":"https:\/\/api.w.org\/{rel}","templated":true}]}}