{"id":38416,"date":"2023-12-14T01:06:03","date_gmt":"2023-12-14T00:06:03","guid":{"rendered":"https:\/\/electricink.eu\/producto\/pedale-lynx-aluminium-bleu\/"},"modified":"2024-02-05T13:20:03","modified_gmt":"2024-02-05T12:20:03","slug":"pedale-lynx-aluminium-bleu","status":"publish","type":"product","link":"https:\/\/electricink.eu\/fr\/producto\/pedale-lynx-aluminium-bleu\/","title":{"rendered":"P\u00e9dale Lynx &#8211; Aluminium &#8211; Bleu"},"content":{"rendered":"<p><strong>&#8212;&#8212;&#8212;&#8212;&#8212;- Sp\u00e9cifications \/ Dimensions &#8212;&#8212;&#8212;&#8212;&#8212;&#8212;-<\/strong><\/p>\n<p>&#8211; Mat\u00e9riau : aluminium avec base en caoutchouc antid\u00e9rapant<br \/>&#8211; Couleur: bleu<br \/>&#8211; Dimensions : 9,0 cm x 8,5 cm<br \/>&#8211; C\u00e2ble clip-cord : longueur 180cm, avec prise P10 anodis\u00e9e<\/p>\n<p><strong>&#8212;&#8212;&#8212;&#8212;&#8212;&#8212;&#8211; Articles inclus &#8212;&#8212;&#8212;&#8212;&#8212;&#8212;&#8212;&#8212;-<\/strong><\/p>\n<p>&#8211; 01 p\u00e9dale Lynx<br \/>&#8211; 01 c\u00e2ble clip-cord avec prise P10 anodis\u00e9e (n\u00e9cessaire pour connecter la p\u00e9dale \u00e0 la l&rsquo;alimentation)<br \/>&#8211; Manuel d&rsquo;instructions<br \/>&#8211; Garantie du produit<\/p>\n<p><strong>Garantie du produit:<\/strong> La p\u00e9riode de garantie offerte par Electric Ink suit les r\u00e9glementations europ\u00e9ennes en vigueur. La garantie d&rsquo;Electric Ink contre les d\u00e9fauts de fabrication commence \u00e0 partir de l&rsquo;achat du produit par le consommateur, v\u00e9rifi\u00e9 via la facture d&rsquo;achat de l&rsquo;article concern\u00e9.<\/p>\n<p><strong>Assistance technique:<\/strong> contact par mail:\u00a0 info@electric.local<\/p>\n","protected":false},"excerpt":{"rendered":"<p>P\u00e9dale en aluminium bleu Lynx Electric Ink.<\/p>\n<p>P\u00e9dale avec un haut niveau de finition et de qualit\u00e9, en aluminium anodis\u00e9 avec une base en caoutchouc antid\u00e9rapant.<\/p>\n<p>Entr\u00e9e et fonctionnement avec c\u00e2ble clip-cord (fourni avec la p\u00e9dale).<\/p>\n","protected":false},"featured_media":844,"comment_status":"closed","ping_status":"closed","template":"","meta":{"_acf_changed":false,"_et_pb_use_builder":"","_et_pb_old_content":"","_et_gb_content_width":"","inline_featured_image":false},"product_brand":[],"product_cat":[794,801,808,821],"product_tag":[],"class_list":{"0":"post-38416","1":"product","2":"type-product","3":"status-publish","4":"has-post-thumbnail","6":"product_cat-micropigmentation","7":"product_cat-pedales-pour-micropigmentation","8":"product_cat-tattoo-fr","9":"product_cat-pedales-tattoo-fr","11":"first","12":"instock","13":"taxable","14":"shipping-taxable","15":"purchasable","16":"product-type-simple"},"acf":[],"yoast_head":"<!-- This site is optimized with the Yoast SEO plugin v27.4 - https:\/\/yoast.com\/product\/yoast-seo-wordpress\/ -->\n<title>P\u00e9dale Lynx - Aluminium - Bleu - Electric Ink\u00ae<\/title>\n<meta name=\"robots\" content=\"index, follow, max-snippet:-1, max-image-preview:large, max-video-preview:-1\" \/>\n<link rel=\"canonical\" href=\"https:\/\/electricink.eu\/fr\/producto\/pedale-lynx-aluminium-bleu\/\" \/>\n<meta property=\"og:locale\" content=\"fr_FR\" \/>\n<meta property=\"og:type\" content=\"article\" \/>\n<meta property=\"og:title\" content=\"P\u00e9dale Lynx - Aluminium - Bleu - Electric Ink\u00ae\" \/>\n<meta property=\"og:description\" content=\"P\u00e9dale en aluminium bleu Lynx Electric Ink. P\u00e9dale avec un haut niveau de finition et de qualit\u00e9, en aluminium anodis\u00e9 avec une base en caoutchouc antid\u00e9rapant. Entr\u00e9e et fonctionnement avec c\u00e2ble clip-cord (fourni avec la p\u00e9dale).\" \/>\n<meta property=\"og:url\" content=\"https:\/\/electricink.eu\/fr\/producto\/pedale-lynx-aluminium-bleu\/\" \/>\n<meta property=\"og:site_name\" content=\"Electric Ink\u00ae\" \/>\n<meta property=\"article:modified_time\" content=\"2024-02-05T12:20:03+00:00\" \/>\n<meta property=\"og:image\" content=\"https:\/\/electricink.eu\/wp-content\/uploads\/2023\/10\/LYNX_Pedal_Azul01.jpg\" \/>\n\t<meta property=\"og:image:width\" content=\"1080\" \/>\n\t<meta property=\"og:image:height\" content=\"1080\" \/>\n\t<meta property=\"og:image:type\" content=\"image\/jpeg\" \/>\n<meta name=\"twitter:card\" content=\"summary_large_image\" \/>\n<meta name=\"twitter:label1\" content=\"Dur\u00e9e de lecture estim\u00e9e\" \/>\n\t<meta name=\"twitter:data1\" content=\"1 minute\" \/>\n<script type=\"application\/ld+json\" class=\"yoast-schema-graph\">{\"@context\":\"https:\\\/\\\/schema.org\",\"@graph\":[{\"@type\":\"WebPage\",\"@id\":\"https:\\\/\\\/electricink.eu\\\/fr\\\/producto\\\/pedale-lynx-aluminium-bleu\\\/\",\"url\":\"https:\\\/\\\/electricink.eu\\\/fr\\\/producto\\\/pedale-lynx-aluminium-bleu\\\/\",\"name\":\"P\u00e9dale Lynx - Aluminium - Bleu - Electric Ink\u00ae\",\"isPartOf\":{\"@id\":\"https:\\\/\\\/electricink.eu\\\/#website\"},\"primaryImageOfPage\":{\"@id\":\"https:\\\/\\\/electricink.eu\\\/fr\\\/producto\\\/pedale-lynx-aluminium-bleu\\\/#primaryimage\"},\"image\":{\"@id\":\"https:\\\/\\\/electricink.eu\\\/fr\\\/producto\\\/pedale-lynx-aluminium-bleu\\\/#primaryimage\"},\"thumbnailUrl\":\"https:\\\/\\\/electricink.eu\\\/wp-content\\\/uploads\\\/2023\\\/10\\\/LYNX_Pedal_Azul01.jpg\",\"datePublished\":\"2023-12-14T00:06:03+00:00\",\"dateModified\":\"2024-02-05T12:20:03+00:00\",\"breadcrumb\":{\"@id\":\"https:\\\/\\\/electricink.eu\\\/fr\\\/producto\\\/pedale-lynx-aluminium-bleu\\\/#breadcrumb\"},\"inLanguage\":\"fr-FR\",\"potentialAction\":[{\"@type\":\"ReadAction\",\"target\":[\"https:\\\/\\\/electricink.eu\\\/fr\\\/producto\\\/pedale-lynx-aluminium-bleu\\\/\"]}]},{\"@type\":\"ImageObject\",\"inLanguage\":\"fr-FR\",\"@id\":\"https:\\\/\\\/electricink.eu\\\/fr\\\/producto\\\/pedale-lynx-aluminium-bleu\\\/#primaryimage\",\"url\":\"https:\\\/\\\/electricink.eu\\\/wp-content\\\/uploads\\\/2023\\\/10\\\/LYNX_Pedal_Azul01.jpg\",\"contentUrl\":\"https:\\\/\\\/electricink.eu\\\/wp-content\\\/uploads\\\/2023\\\/10\\\/LYNX_Pedal_Azul01.jpg\",\"width\":1080,\"height\":1080},{\"@type\":\"BreadcrumbList\",\"@id\":\"https:\\\/\\\/electricink.eu\\\/fr\\\/producto\\\/pedale-lynx-aluminium-bleu\\\/#breadcrumb\",\"itemListElement\":[{\"@type\":\"ListItem\",\"position\":1,\"name\":\"Portada\",\"item\":\"https:\\\/\\\/electricink.eu\\\/fr\\\/home\\\/\"},{\"@type\":\"ListItem\",\"position\":2,\"name\":\"Boutique\",\"item\":\"https:\\\/\\\/electricink.eu\\\/tienda\\\/\"},{\"@type\":\"ListItem\",\"position\":3,\"name\":\"P\u00e9dale Lynx &#8211; Aluminium &#8211; Bleu\"}]},{\"@type\":\"WebSite\",\"@id\":\"https:\\\/\\\/electricink.eu\\\/#website\",\"url\":\"https:\\\/\\\/electricink.eu\\\/\",\"name\":\"Electric Ink\u00ae\",\"description\":\"Material para Tatuar Profesional en Europa - Electric Ink\u00ae\",\"potentialAction\":[{\"@type\":\"SearchAction\",\"target\":{\"@type\":\"EntryPoint\",\"urlTemplate\":\"https:\\\/\\\/electricink.eu\\\/?s={search_term_string}\"},\"query-input\":{\"@type\":\"PropertyValueSpecification\",\"valueRequired\":true,\"valueName\":\"search_term_string\"}}],\"inLanguage\":\"fr-FR\"}]}<\/script>\n<!-- \/ Yoast SEO plugin. -->","yoast_head_json":{"title":"P\u00e9dale Lynx - Aluminium - Bleu - Electric Ink\u00ae","robots":{"index":"index","follow":"follow","max-snippet":"max-snippet:-1","max-image-preview":"max-image-preview:large","max-video-preview":"max-video-preview:-1"},"canonical":"https:\/\/electricink.eu\/fr\/producto\/pedale-lynx-aluminium-bleu\/","og_locale":"fr_FR","og_type":"article","og_title":"P\u00e9dale Lynx - Aluminium - Bleu - Electric Ink\u00ae","og_description":"P\u00e9dale en aluminium bleu Lynx Electric Ink. P\u00e9dale avec un haut niveau de finition et de qualit\u00e9, en aluminium anodis\u00e9 avec une base en caoutchouc antid\u00e9rapant. Entr\u00e9e et fonctionnement avec c\u00e2ble clip-cord (fourni avec la p\u00e9dale).","og_url":"https:\/\/electricink.eu\/fr\/producto\/pedale-lynx-aluminium-bleu\/","og_site_name":"Electric Ink\u00ae","article_modified_time":"2024-02-05T12:20:03+00:00","og_image":[{"width":1080,"height":1080,"url":"https:\/\/electricink.eu\/wp-content\/uploads\/2023\/10\/LYNX_Pedal_Azul01.jpg","type":"image\/jpeg"}],"twitter_card":"summary_large_image","twitter_misc":{"Dur\u00e9e de lecture estim\u00e9e":"1 minute"},"schema":{"@context":"https:\/\/schema.org","@graph":[{"@type":"WebPage","@id":"https:\/\/electricink.eu\/fr\/producto\/pedale-lynx-aluminium-bleu\/","url":"https:\/\/electricink.eu\/fr\/producto\/pedale-lynx-aluminium-bleu\/","name":"P\u00e9dale Lynx - Aluminium - Bleu - Electric Ink\u00ae","isPartOf":{"@id":"https:\/\/electricink.eu\/#website"},"primaryImageOfPage":{"@id":"https:\/\/electricink.eu\/fr\/producto\/pedale-lynx-aluminium-bleu\/#primaryimage"},"image":{"@id":"https:\/\/electricink.eu\/fr\/producto\/pedale-lynx-aluminium-bleu\/#primaryimage"},"thumbnailUrl":"https:\/\/electricink.eu\/wp-content\/uploads\/2023\/10\/LYNX_Pedal_Azul01.jpg","datePublished":"2023-12-14T00:06:03+00:00","dateModified":"2024-02-05T12:20:03+00:00","breadcrumb":{"@id":"https:\/\/electricink.eu\/fr\/producto\/pedale-lynx-aluminium-bleu\/#breadcrumb"},"inLanguage":"fr-FR","potentialAction":[{"@type":"ReadAction","target":["https:\/\/electricink.eu\/fr\/producto\/pedale-lynx-aluminium-bleu\/"]}]},{"@type":"ImageObject","inLanguage":"fr-FR","@id":"https:\/\/electricink.eu\/fr\/producto\/pedale-lynx-aluminium-bleu\/#primaryimage","url":"https:\/\/electricink.eu\/wp-content\/uploads\/2023\/10\/LYNX_Pedal_Azul01.jpg","contentUrl":"https:\/\/electricink.eu\/wp-content\/uploads\/2023\/10\/LYNX_Pedal_Azul01.jpg","width":1080,"height":1080},{"@type":"BreadcrumbList","@id":"https:\/\/electricink.eu\/fr\/producto\/pedale-lynx-aluminium-bleu\/#breadcrumb","itemListElement":[{"@type":"ListItem","position":1,"name":"Portada","item":"https:\/\/electricink.eu\/fr\/home\/"},{"@type":"ListItem","position":2,"name":"Boutique","item":"https:\/\/electricink.eu\/tienda\/"},{"@type":"ListItem","position":3,"name":"P\u00e9dale Lynx &#8211; Aluminium &#8211; Bleu"}]},{"@type":"WebSite","@id":"https:\/\/electricink.eu\/#website","url":"https:\/\/electricink.eu\/","name":"Electric Ink\u00ae","description":"Material para Tatuar Profesional en Europa - Electric Ink\u00ae","potentialAction":[{"@type":"SearchAction","target":{"@type":"EntryPoint","urlTemplate":"https:\/\/electricink.eu\/?s={search_term_string}"},"query-input":{"@type":"PropertyValueSpecification","valueRequired":true,"valueName":"search_term_string"}}],"inLanguage":"fr-FR"}]}},"_links":{"self":[{"href":"https:\/\/electricink.eu\/fr\/wp-json\/wp\/v2\/product\/38416","targetHints":{"allow":["GET"]}}],"collection":[{"href":"https:\/\/electricink.eu\/fr\/wp-json\/wp\/v2\/product"}],"about":[{"href":"https:\/\/electricink.eu\/fr\/wp-json\/wp\/v2\/types\/product"}],"replies":[{"embeddable":true,"href":"https:\/\/electricink.eu\/fr\/wp-json\/wp\/v2\/comments?post=38416"}],"wp:featuredmedia":[{"embeddable":true,"href":"https:\/\/electricink.eu\/fr\/wp-json\/wp\/v2\/media\/844"}],"wp:attachment":[{"href":"https:\/\/electricink.eu\/fr\/wp-json\/wp\/v2\/media?parent=38416"}],"wp:term":[{"taxonomy":"product_brand","embeddable":true,"href":"https:\/\/electricink.eu\/fr\/wp-json\/wp\/v2\/product_brand?post=38416"},{"taxonomy":"product_cat","embeddable":true,"href":"https:\/\/electricink.eu\/fr\/wp-json\/wp\/v2\/product_cat?post=38416"},{"taxonomy":"product_tag","embeddable":true,"href":"https:\/\/electricink.eu\/fr\/wp-json\/wp\/v2\/product_tag?post=38416"}],"curies":[{"name":"wp","href":"https:\/\/api.w.org\/{rel}","templated":true}]}}