{"id":38428,"date":"2023-12-14T01:06:03","date_gmt":"2023-12-14T00:06:03","guid":{"rendered":"https:\/\/electricink.eu\/producto\/switch-sw4-noir-mat\/"},"modified":"2023-12-14T01:06:03","modified_gmt":"2023-12-14T00:06:03","slug":"switch-sw4-noir-mat","status":"publish","type":"product","link":"https:\/\/electricink.eu\/fr\/producto\/switch-sw4-noir-mat\/","title":{"rendered":"Switch SW4 &#8211; Noir Mat"},"content":{"rendered":"<p><strong>Switch SW4 &#8211; Electric Ink<\/strong><\/p>\n<p><strong>&#8212;&#8212;&#8212;&#8212;&#8212;- Sp\u00e9cifications \/ Poids \/ Dimensions &#8212;&#8212;&#8212;&#8212;&#8212;&#8212;-<\/strong><\/p>\n<p>&#8211; Ch\u00e2ssis : aluminium anodis\u00e9<br \/>&#8211; Couleur: Noir mat<br \/>&#8211; Connexion : avec source PS Round<br \/>&#8211; Canaux (sorties) : 5 (1 p\u00e9dale + 4 machines)<br \/>&#8211; Alimentation : le produit n&rsquo;est pas aliment\u00e9 directement par l&rsquo;\u00e9lectricit\u00e9, l&rsquo;alimentation est fournie par la source<br \/>&#8211; Fixation : base avec 3 pointes en r\u00e9sine \u00e0 fixer sur une surface lisse et avec 3 aimants n\u00e9odyme \u00e0 fixer sur une surface magn\u00e9tique<br \/>&#8211; Poids : 610 grammes<br \/>&#8211; Dimensions : 130 mm x 150 mm x 69 mm<\/p>\n<p><strong>&#8212;&#8212;&#8212;&#8212;&#8212;&#8212;&#8212;- Garantie du produit &#8212;&#8212;&#8212;&#8212;&#8212;&#8212;&#8212;&#8212;<\/strong><\/p>\n<p>La p\u00e9riode de garantie offerte par Electric Ink suit les r\u00e9glementations europ\u00e9ennes en vigueur. La garantie d&rsquo;Electric Ink contre les d\u00e9fauts de fabrication commence \u00e0 partir de l&rsquo;achat du produit par le consommateur, v\u00e9rifi\u00e9 via la facture d&rsquo;achat de l&rsquo;article concern\u00e9.<\/p>\n<p><strong>Assistance technique:<\/strong> contact par mail:\u00a0 info@electric.local<\/p>\n","protected":false},"excerpt":{"rendered":"<p>Votre Source d\u00b4Alimentation PS Round multipli\u00e9e par 4<\/p>\n<p>Savez-vous combien de temps vous passez \u00e0 naviguer dans le menu de votre PSR pour s\u00e9lectionner le programme correspondant \u00e0 la machine que vous utilisez? Savez-vous combien de temps vous passez \u00e0 connecter et d\u00e9connecter des c\u00e2bles pour alterner entre la machine avec laquelle vous dessinez et celle avec laquelle vous peignez? Savez-vous quand vous devez alterner entre plus et moins pour changer la tension souhait\u00e9e pour chaque machine?<\/p>\n<p>Eh bien, ce temps est r\u00e9volu!<\/p>\n<p>Switch SW4 est une extension \u00e0 4 canaux exclusivement d\u00e9velopp\u00e9e pour la source PSR. L&rsquo;\u00e9quipement permet au tatoueur de garder quatre machines connect\u00e9es \u00e0 l\u00b4alimentation, avec les programmes associ\u00e9s aux mod\u00e8les utilis\u00e9s et des m\u00e9moires ind\u00e9pendantes, en acceptant deux par canal, ce qui donne huit m\u00e9moires pr\u00e9programm\u00e9es.<\/p>\n<p>Son objectif est de faciliter la vie du tatoueur, d&rsquo;acc\u00e9l\u00e9rer les processus interm\u00e9diaires, d&rsquo;\u00e9liminer la programmation \u00e0 la source pendant le processus et, par cons\u00e9quent, de r\u00e9duire le temps de chaque s\u00e9ance et le risque de contamination.<\/p>\n","protected":false},"featured_media":33355,"comment_status":"closed","ping_status":"closed","template":"","meta":{"_acf_changed":false,"_et_pb_use_builder":"","_et_pb_old_content":"","_et_gb_content_width":"","inline_featured_image":false},"product_brand":[],"product_cat":[781,794,799,808,812],"product_tag":[],"class_list":{"0":"post-38428","1":"product","2":"type-product","3":"status-publish","4":"has-post-thumbnail","6":"product_cat-accessoires-pour-tatouer","7":"product_cat-micropigmentation","8":"product_cat-alimentations-maquillage-permanent","9":"product_cat-tattoo-fr","10":"product_cat-alimentations-tattoo","12":"first","13":"instock","14":"taxable","15":"shipping-taxable","16":"purchasable","17":"product-type-simple"},"acf":[],"yoast_head":"<!-- This site is optimized with the Yoast SEO plugin v27.4 - https:\/\/yoast.com\/product\/yoast-seo-wordpress\/ -->\n<title>Switch SW4 - Noir Mat - Electric Ink\u00ae<\/title>\n<meta name=\"robots\" content=\"index, follow, max-snippet:-1, max-image-preview:large, max-video-preview:-1\" \/>\n<link rel=\"canonical\" href=\"https:\/\/electricink.eu\/fr\/producto\/switch-sw4-noir-mat\/\" \/>\n<meta property=\"og:locale\" content=\"fr_FR\" \/>\n<meta property=\"og:type\" content=\"article\" \/>\n<meta property=\"og:title\" content=\"Switch SW4 - Noir Mat - Electric Ink\u00ae\" \/>\n<meta property=\"og:description\" content=\"Votre Source d\u00b4Alimentation PS Round multipli\u00e9e par 4 Savez-vous combien de temps vous passez \u00e0 naviguer dans le menu de votre PSR pour s\u00e9lectionner le programme correspondant \u00e0 la machine que vous utilisez? Savez-vous combien de temps vous passez \u00e0 connecter et d\u00e9connecter des c\u00e2bles pour alterner entre la machine avec laquelle vous dessinez et celle avec laquelle vous peignez? Savez-vous quand vous devez alterner entre plus et moins pour changer la tension souhait\u00e9e pour chaque machine? Eh bien, ce temps est r\u00e9volu! Switch SW4 est une extension \u00e0 4 canaux exclusivement d\u00e9velopp\u00e9e pour la source PSR. L&#039;\u00e9quipement permet au tatoueur de garder quatre machines connect\u00e9es \u00e0 l\u00b4alimentation, avec les programmes associ\u00e9s aux mod\u00e8les utilis\u00e9s et des m\u00e9moires ind\u00e9pendantes, en acceptant deux par canal, ce qui donne huit m\u00e9moires pr\u00e9programm\u00e9es. Son objectif est de faciliter la vie du tatoueur, d&#039;acc\u00e9l\u00e9rer les processus interm\u00e9diaires, d&#039;\u00e9liminer la programmation \u00e0 la source pendant le processus et, par cons\u00e9quent, de r\u00e9duire le temps de chaque s\u00e9ance et le risque de contamination.\" \/>\n<meta property=\"og:url\" content=\"https:\/\/electricink.eu\/fr\/producto\/switch-sw4-noir-mat\/\" \/>\n<meta property=\"og:site_name\" content=\"Electric Ink\u00ae\" \/>\n<meta property=\"og:image\" content=\"https:\/\/electricink.eu\/wp-content\/uploads\/2023\/12\/Switch-3.jpg\" \/>\n\t<meta property=\"og:image:width\" content=\"600\" \/>\n\t<meta property=\"og:image:height\" content=\"600\" \/>\n\t<meta property=\"og:image:type\" content=\"image\/jpeg\" \/>\n<meta name=\"twitter:card\" content=\"summary_large_image\" \/>\n<meta name=\"twitter:label1\" content=\"Dur\u00e9e de lecture estim\u00e9e\" \/>\n\t<meta name=\"twitter:data1\" content=\"1 minute\" \/>\n<script type=\"application\/ld+json\" class=\"yoast-schema-graph\">{\"@context\":\"https:\\\/\\\/schema.org\",\"@graph\":[{\"@type\":\"WebPage\",\"@id\":\"https:\\\/\\\/electricink.eu\\\/fr\\\/producto\\\/switch-sw4-noir-mat\\\/\",\"url\":\"https:\\\/\\\/electricink.eu\\\/fr\\\/producto\\\/switch-sw4-noir-mat\\\/\",\"name\":\"Switch SW4 - Noir Mat - Electric Ink\u00ae\",\"isPartOf\":{\"@id\":\"https:\\\/\\\/electricink.eu\\\/#website\"},\"primaryImageOfPage\":{\"@id\":\"https:\\\/\\\/electricink.eu\\\/fr\\\/producto\\\/switch-sw4-noir-mat\\\/#primaryimage\"},\"image\":{\"@id\":\"https:\\\/\\\/electricink.eu\\\/fr\\\/producto\\\/switch-sw4-noir-mat\\\/#primaryimage\"},\"thumbnailUrl\":\"https:\\\/\\\/electricink.eu\\\/wp-content\\\/uploads\\\/2023\\\/12\\\/Switch-3.jpg\",\"datePublished\":\"2023-12-14T00:06:03+00:00\",\"breadcrumb\":{\"@id\":\"https:\\\/\\\/electricink.eu\\\/fr\\\/producto\\\/switch-sw4-noir-mat\\\/#breadcrumb\"},\"inLanguage\":\"fr-FR\",\"potentialAction\":[{\"@type\":\"ReadAction\",\"target\":[\"https:\\\/\\\/electricink.eu\\\/fr\\\/producto\\\/switch-sw4-noir-mat\\\/\"]}]},{\"@type\":\"ImageObject\",\"inLanguage\":\"fr-FR\",\"@id\":\"https:\\\/\\\/electricink.eu\\\/fr\\\/producto\\\/switch-sw4-noir-mat\\\/#primaryimage\",\"url\":\"https:\\\/\\\/electricink.eu\\\/wp-content\\\/uploads\\\/2023\\\/12\\\/Switch-3.jpg\",\"contentUrl\":\"https:\\\/\\\/electricink.eu\\\/wp-content\\\/uploads\\\/2023\\\/12\\\/Switch-3.jpg\",\"width\":600,\"height\":600},{\"@type\":\"BreadcrumbList\",\"@id\":\"https:\\\/\\\/electricink.eu\\\/fr\\\/producto\\\/switch-sw4-noir-mat\\\/#breadcrumb\",\"itemListElement\":[{\"@type\":\"ListItem\",\"position\":1,\"name\":\"Portada\",\"item\":\"https:\\\/\\\/electricink.eu\\\/fr\\\/home\\\/\"},{\"@type\":\"ListItem\",\"position\":2,\"name\":\"Boutique\",\"item\":\"https:\\\/\\\/electricink.eu\\\/tienda\\\/\"},{\"@type\":\"ListItem\",\"position\":3,\"name\":\"Switch SW4 &#8211; Noir Mat\"}]},{\"@type\":\"WebSite\",\"@id\":\"https:\\\/\\\/electricink.eu\\\/#website\",\"url\":\"https:\\\/\\\/electricink.eu\\\/\",\"name\":\"Electric Ink\u00ae\",\"description\":\"Material para Tatuar Profesional en Europa - Electric Ink\u00ae\",\"potentialAction\":[{\"@type\":\"SearchAction\",\"target\":{\"@type\":\"EntryPoint\",\"urlTemplate\":\"https:\\\/\\\/electricink.eu\\\/?s={search_term_string}\"},\"query-input\":{\"@type\":\"PropertyValueSpecification\",\"valueRequired\":true,\"valueName\":\"search_term_string\"}}],\"inLanguage\":\"fr-FR\"}]}<\/script>\n<!-- \/ Yoast SEO plugin. -->","yoast_head_json":{"title":"Switch SW4 - Noir Mat - Electric Ink\u00ae","robots":{"index":"index","follow":"follow","max-snippet":"max-snippet:-1","max-image-preview":"max-image-preview:large","max-video-preview":"max-video-preview:-1"},"canonical":"https:\/\/electricink.eu\/fr\/producto\/switch-sw4-noir-mat\/","og_locale":"fr_FR","og_type":"article","og_title":"Switch SW4 - Noir Mat - Electric Ink\u00ae","og_description":"Votre Source d\u00b4Alimentation PS Round multipli\u00e9e par 4 Savez-vous combien de temps vous passez \u00e0 naviguer dans le menu de votre PSR pour s\u00e9lectionner le programme correspondant \u00e0 la machine que vous utilisez? Savez-vous combien de temps vous passez \u00e0 connecter et d\u00e9connecter des c\u00e2bles pour alterner entre la machine avec laquelle vous dessinez et celle avec laquelle vous peignez? Savez-vous quand vous devez alterner entre plus et moins pour changer la tension souhait\u00e9e pour chaque machine? Eh bien, ce temps est r\u00e9volu! Switch SW4 est une extension \u00e0 4 canaux exclusivement d\u00e9velopp\u00e9e pour la source PSR. L'\u00e9quipement permet au tatoueur de garder quatre machines connect\u00e9es \u00e0 l\u00b4alimentation, avec les programmes associ\u00e9s aux mod\u00e8les utilis\u00e9s et des m\u00e9moires ind\u00e9pendantes, en acceptant deux par canal, ce qui donne huit m\u00e9moires pr\u00e9programm\u00e9es. Son objectif est de faciliter la vie du tatoueur, d'acc\u00e9l\u00e9rer les processus interm\u00e9diaires, d'\u00e9liminer la programmation \u00e0 la source pendant le processus et, par cons\u00e9quent, de r\u00e9duire le temps de chaque s\u00e9ance et le risque de contamination.","og_url":"https:\/\/electricink.eu\/fr\/producto\/switch-sw4-noir-mat\/","og_site_name":"Electric Ink\u00ae","og_image":[{"width":600,"height":600,"url":"https:\/\/electricink.eu\/wp-content\/uploads\/2023\/12\/Switch-3.jpg","type":"image\/jpeg"}],"twitter_card":"summary_large_image","twitter_misc":{"Dur\u00e9e de lecture estim\u00e9e":"1 minute"},"schema":{"@context":"https:\/\/schema.org","@graph":[{"@type":"WebPage","@id":"https:\/\/electricink.eu\/fr\/producto\/switch-sw4-noir-mat\/","url":"https:\/\/electricink.eu\/fr\/producto\/switch-sw4-noir-mat\/","name":"Switch SW4 - Noir Mat - Electric Ink\u00ae","isPartOf":{"@id":"https:\/\/electricink.eu\/#website"},"primaryImageOfPage":{"@id":"https:\/\/electricink.eu\/fr\/producto\/switch-sw4-noir-mat\/#primaryimage"},"image":{"@id":"https:\/\/electricink.eu\/fr\/producto\/switch-sw4-noir-mat\/#primaryimage"},"thumbnailUrl":"https:\/\/electricink.eu\/wp-content\/uploads\/2023\/12\/Switch-3.jpg","datePublished":"2023-12-14T00:06:03+00:00","breadcrumb":{"@id":"https:\/\/electricink.eu\/fr\/producto\/switch-sw4-noir-mat\/#breadcrumb"},"inLanguage":"fr-FR","potentialAction":[{"@type":"ReadAction","target":["https:\/\/electricink.eu\/fr\/producto\/switch-sw4-noir-mat\/"]}]},{"@type":"ImageObject","inLanguage":"fr-FR","@id":"https:\/\/electricink.eu\/fr\/producto\/switch-sw4-noir-mat\/#primaryimage","url":"https:\/\/electricink.eu\/wp-content\/uploads\/2023\/12\/Switch-3.jpg","contentUrl":"https:\/\/electricink.eu\/wp-content\/uploads\/2023\/12\/Switch-3.jpg","width":600,"height":600},{"@type":"BreadcrumbList","@id":"https:\/\/electricink.eu\/fr\/producto\/switch-sw4-noir-mat\/#breadcrumb","itemListElement":[{"@type":"ListItem","position":1,"name":"Portada","item":"https:\/\/electricink.eu\/fr\/home\/"},{"@type":"ListItem","position":2,"name":"Boutique","item":"https:\/\/electricink.eu\/tienda\/"},{"@type":"ListItem","position":3,"name":"Switch SW4 &#8211; Noir Mat"}]},{"@type":"WebSite","@id":"https:\/\/electricink.eu\/#website","url":"https:\/\/electricink.eu\/","name":"Electric Ink\u00ae","description":"Material para Tatuar Profesional en Europa - Electric Ink\u00ae","potentialAction":[{"@type":"SearchAction","target":{"@type":"EntryPoint","urlTemplate":"https:\/\/electricink.eu\/?s={search_term_string}"},"query-input":{"@type":"PropertyValueSpecification","valueRequired":true,"valueName":"search_term_string"}}],"inLanguage":"fr-FR"}]}},"_links":{"self":[{"href":"https:\/\/electricink.eu\/fr\/wp-json\/wp\/v2\/product\/38428","targetHints":{"allow":["GET"]}}],"collection":[{"href":"https:\/\/electricink.eu\/fr\/wp-json\/wp\/v2\/product"}],"about":[{"href":"https:\/\/electricink.eu\/fr\/wp-json\/wp\/v2\/types\/product"}],"replies":[{"embeddable":true,"href":"https:\/\/electricink.eu\/fr\/wp-json\/wp\/v2\/comments?post=38428"}],"wp:featuredmedia":[{"embeddable":true,"href":"https:\/\/electricink.eu\/fr\/wp-json\/wp\/v2\/media\/33355"}],"wp:attachment":[{"href":"https:\/\/electricink.eu\/fr\/wp-json\/wp\/v2\/media?parent=38428"}],"wp:term":[{"taxonomy":"product_brand","embeddable":true,"href":"https:\/\/electricink.eu\/fr\/wp-json\/wp\/v2\/product_brand?post=38428"},{"taxonomy":"product_cat","embeddable":true,"href":"https:\/\/electricink.eu\/fr\/wp-json\/wp\/v2\/product_cat?post=38428"},{"taxonomy":"product_tag","embeddable":true,"href":"https:\/\/electricink.eu\/fr\/wp-json\/wp\/v2\/product_tag?post=38428"}],"curies":[{"name":"wp","href":"https:\/\/api.w.org\/{rel}","templated":true}]}}