{"id":38470,"date":"2023-12-14T01:05:31","date_gmt":"2023-12-14T00:05:31","guid":{"rendered":"https:\/\/electricink.eu\/producto\/tebori-jetable-07-flex\/"},"modified":"2024-02-05T13:57:04","modified_gmt":"2024-02-05T12:57:04","slug":"tebori-jetable-07-flex","status":"publish","type":"product","link":"https:\/\/electricink.eu\/fr\/producto\/tebori-jetable-07-flex\/","title":{"rendered":"Tebori jetable 07 Flex"},"content":{"rendered":"<p>Colecction: Flex \u2013 7, 9 11, 12 \u2013 0.22mm<\/p>\n<p>Produit st\u00e9rilis\u00e9 \u00e0 l&rsquo;oxyde d&rsquo;\u00e9thyl\u00e8ne et emball\u00e9 avec du papier chirurgical, approuv\u00e9 apr\u00e8s un processus de contr\u00f4le qualit\u00e9 strict, avec analyse individuelle des aiguilles. Il garantit une hygi\u00e8ne et une s\u00e9curit\u00e9 maximales au professionnel et au client lors de la proc\u00e9dure de microblading (maquillage permanent).<\/p>\n<p>CONTIENT: 01 applicateur Tebori jetable avec aiguille.<\/p>\n<p>INDICATIONS: Tebori (applicateur inducteur) est compos\u00e9 d&rsquo;un support (applicateur) et d&rsquo;une aiguille, attach\u00e9e \u00e0 celui-ci. Fabriqu\u00e9 exclusivement pour la proc\u00e9dure de maquillage permanent (micropigmentation) ou pour une proc\u00e9dure esth\u00e9tique corrective.<\/p>\n<p>PR\u00caT \u00c0 L&rsquo;EMPLOI: Effectuez une proc\u00e9dure de correction cosm\u00e9tique ou de micropigmentation et jetez l&rsquo;applicateur et les aiguilles apr\u00e8s utilisation. <strong>Dispositif \u00e0 usage unique. R\u00e9utilisation interdite.<\/strong><\/p>\n<p>PR\u00c9CAUTIONS:<\/p>\n<p>NE PAS UTILISER SI L&rsquo;EMBALLAGE EST VIOL\u00c9 OU ENDOMMAG\u00c9. PRODUIT ST\u00c9RILE.<\/p>\n<ul>\n<li>Apr\u00e8s utilisation, jetez l&rsquo;applicateur dans un r\u00e9cipient du groupe 3, sp\u00e9cifique pour les mat\u00e9riaux contaminants.<\/li>\n<li>Conservez dans un endroit frais et sec, \u00e0 l&rsquo;abri de l&rsquo;humidit\u00e9 et de la lumi\u00e8re directe du soleil.<\/li>\n<li>Manipulez toujours ce produit avec des gants de proc\u00e9dure.<\/li>\n<\/ul>\n","protected":false},"excerpt":{"rendered":"<p>En Microblading, les teboris FLEX, abr\u00e9viation de \u00abflexible\u00bb, sont des lames id\u00e9ales pour tous les professionnels. Utilis\u00e9s dans les formations professionnelles et par les techniciens d\u00e9butants, c&rsquo;est un mod\u00e8le assez versatile qui offre une grande s\u00e9curit\u00e9 au nouveau professionnel, pour r\u00e9aliser tout type de sourcil sans craindre d&rsquo;ab\u00eemer la peau de son client.<br \/>Les mod\u00e8les 7 FLEX et 7 FLEX CURVED sont recommand\u00e9s pour une performance optimale des proc\u00e9dures suivantes:<br \/>\u2022 Sourcils plus fins<br \/>\u2022 Queue de sourcil d\u00e9licate<br \/>\u2022 Finition entre les poils faite avec des lames qui ont plus d&rsquo;aiguilles<\/p>\n<p>Le Tebori jetable a \u00e9t\u00e9 cr\u00e9\u00e9 pour \u00eatre un dispositif anti-contamination. Son corps ultral\u00e9ger et 100% jetable \u00e9vite tout type de transport de d\u00e9chets biologiques d&rsquo;un client \u00e0 l&rsquo;autre.<\/p>\n<p>Electric Ink est la seule entreprise sur le march\u00e9 \u00e0 v\u00e9rifier et contr\u00f4ler 100% des unit\u00e9s produites et propose aux professionnels une grande vari\u00e9t\u00e9 de types d&rsquo;aiguilles de haute qualit\u00e9, avec le sceau de certification du processus de st\u00e9rilisation.<\/p>\n","protected":false},"featured_media":732,"comment_status":"closed","ping_status":"closed","template":"","meta":{"_acf_changed":false,"_et_pb_use_builder":"","_et_pb_old_content":"","_et_gb_content_width":"","inline_featured_image":false},"product_brand":[],"product_cat":[794,802,805],"product_tag":[],"class_list":{"0":"post-38470","1":"product","2":"type-product","3":"status-publish","4":"has-post-thumbnail","6":"product_cat-micropigmentation","7":"product_cat-teboris-fr","8":"product_cat-teboris-jetables","10":"first","11":"outofstock","12":"taxable","13":"shipping-taxable","14":"purchasable","15":"product-type-simple"},"acf":[],"yoast_head":"<!-- This site is optimized with the Yoast SEO plugin v27.4 - https:\/\/yoast.com\/product\/yoast-seo-wordpress\/ -->\n<title>Tebori jetable 07 Flex - Electric Ink\u00ae<\/title>\n<meta name=\"robots\" content=\"index, follow, max-snippet:-1, max-image-preview:large, max-video-preview:-1\" \/>\n<link rel=\"canonical\" href=\"https:\/\/electricink.eu\/fr\/producto\/tebori-jetable-07-flex\/\" \/>\n<meta property=\"og:locale\" content=\"fr_FR\" \/>\n<meta property=\"og:type\" content=\"article\" \/>\n<meta property=\"og:title\" content=\"Tebori jetable 07 Flex - Electric Ink\u00ae\" \/>\n<meta property=\"og:description\" content=\"En Microblading, les teboris FLEX, abr\u00e9viation de \u00abflexible\u00bb, sont des lames id\u00e9ales pour tous les professionnels. Utilis\u00e9s dans les formations professionnelles et par les techniciens d\u00e9butants, c&#039;est un mod\u00e8le assez versatile qui offre une grande s\u00e9curit\u00e9 au nouveau professionnel, pour r\u00e9aliser tout type de sourcil sans craindre d&#039;ab\u00eemer la peau de son client.Les mod\u00e8les 7 FLEX et 7 FLEX CURVED sont recommand\u00e9s pour une performance optimale des proc\u00e9dures suivantes:\u2022 Sourcils plus fins\u2022 Queue de sourcil d\u00e9licate\u2022 Finition entre les poils faite avec des lames qui ont plus d&#039;aiguilles Le Tebori jetable a \u00e9t\u00e9 cr\u00e9\u00e9 pour \u00eatre un dispositif anti-contamination. Son corps ultral\u00e9ger et 100% jetable \u00e9vite tout type de transport de d\u00e9chets biologiques d&#039;un client \u00e0 l&#039;autre. Electric Ink est la seule entreprise sur le march\u00e9 \u00e0 v\u00e9rifier et contr\u00f4ler 100% des unit\u00e9s produites et propose aux professionnels une grande vari\u00e9t\u00e9 de types d&#039;aiguilles de haute qualit\u00e9, avec le sceau de certification du processus de st\u00e9rilisation.\" \/>\n<meta property=\"og:url\" content=\"https:\/\/electricink.eu\/fr\/producto\/tebori-jetable-07-flex\/\" \/>\n<meta property=\"og:site_name\" content=\"Electric Ink\u00ae\" \/>\n<meta property=\"article:modified_time\" content=\"2024-02-05T12:57:04+00:00\" \/>\n<meta property=\"og:image\" content=\"https:\/\/electricink.eu\/wp-content\/uploads\/2023\/10\/prd_200104_p_7_flex_long.jpg\" \/>\n\t<meta property=\"og:image:width\" content=\"500\" \/>\n\t<meta property=\"og:image:height\" content=\"500\" \/>\n\t<meta property=\"og:image:type\" content=\"image\/jpeg\" \/>\n<meta name=\"twitter:card\" content=\"summary_large_image\" \/>\n<meta name=\"twitter:label1\" content=\"Dur\u00e9e de lecture estim\u00e9e\" \/>\n\t<meta name=\"twitter:data1\" content=\"1 minute\" \/>\n<script type=\"application\/ld+json\" class=\"yoast-schema-graph\">{\"@context\":\"https:\\\/\\\/schema.org\",\"@graph\":[{\"@type\":\"WebPage\",\"@id\":\"https:\\\/\\\/electricink.eu\\\/fr\\\/producto\\\/tebori-jetable-07-flex\\\/\",\"url\":\"https:\\\/\\\/electricink.eu\\\/fr\\\/producto\\\/tebori-jetable-07-flex\\\/\",\"name\":\"Tebori jetable 07 Flex - Electric Ink\u00ae\",\"isPartOf\":{\"@id\":\"https:\\\/\\\/electricink.eu\\\/#website\"},\"primaryImageOfPage\":{\"@id\":\"https:\\\/\\\/electricink.eu\\\/fr\\\/producto\\\/tebori-jetable-07-flex\\\/#primaryimage\"},\"image\":{\"@id\":\"https:\\\/\\\/electricink.eu\\\/fr\\\/producto\\\/tebori-jetable-07-flex\\\/#primaryimage\"},\"thumbnailUrl\":\"https:\\\/\\\/electricink.eu\\\/wp-content\\\/uploads\\\/2023\\\/10\\\/prd_200104_p_7_flex_long.jpg\",\"datePublished\":\"2023-12-14T00:05:31+00:00\",\"dateModified\":\"2024-02-05T12:57:04+00:00\",\"breadcrumb\":{\"@id\":\"https:\\\/\\\/electricink.eu\\\/fr\\\/producto\\\/tebori-jetable-07-flex\\\/#breadcrumb\"},\"inLanguage\":\"fr-FR\",\"potentialAction\":[{\"@type\":\"ReadAction\",\"target\":[\"https:\\\/\\\/electricink.eu\\\/fr\\\/producto\\\/tebori-jetable-07-flex\\\/\"]}]},{\"@type\":\"ImageObject\",\"inLanguage\":\"fr-FR\",\"@id\":\"https:\\\/\\\/electricink.eu\\\/fr\\\/producto\\\/tebori-jetable-07-flex\\\/#primaryimage\",\"url\":\"https:\\\/\\\/electricink.eu\\\/wp-content\\\/uploads\\\/2023\\\/10\\\/prd_200104_p_7_flex_long.jpg\",\"contentUrl\":\"https:\\\/\\\/electricink.eu\\\/wp-content\\\/uploads\\\/2023\\\/10\\\/prd_200104_p_7_flex_long.jpg\",\"width\":500,\"height\":500},{\"@type\":\"BreadcrumbList\",\"@id\":\"https:\\\/\\\/electricink.eu\\\/fr\\\/producto\\\/tebori-jetable-07-flex\\\/#breadcrumb\",\"itemListElement\":[{\"@type\":\"ListItem\",\"position\":1,\"name\":\"Portada\",\"item\":\"https:\\\/\\\/electricink.eu\\\/fr\\\/home\\\/\"},{\"@type\":\"ListItem\",\"position\":2,\"name\":\"Boutique\",\"item\":\"https:\\\/\\\/electricink.eu\\\/tienda\\\/\"},{\"@type\":\"ListItem\",\"position\":3,\"name\":\"Tebori jetable 07 Flex\"}]},{\"@type\":\"WebSite\",\"@id\":\"https:\\\/\\\/electricink.eu\\\/#website\",\"url\":\"https:\\\/\\\/electricink.eu\\\/\",\"name\":\"Electric Ink\u00ae\",\"description\":\"Material para Tatuar Profesional en Europa - Electric Ink\u00ae\",\"potentialAction\":[{\"@type\":\"SearchAction\",\"target\":{\"@type\":\"EntryPoint\",\"urlTemplate\":\"https:\\\/\\\/electricink.eu\\\/?s={search_term_string}\"},\"query-input\":{\"@type\":\"PropertyValueSpecification\",\"valueRequired\":true,\"valueName\":\"search_term_string\"}}],\"inLanguage\":\"fr-FR\"}]}<\/script>\n<!-- \/ Yoast SEO plugin. -->","yoast_head_json":{"title":"Tebori jetable 07 Flex - Electric Ink\u00ae","robots":{"index":"index","follow":"follow","max-snippet":"max-snippet:-1","max-image-preview":"max-image-preview:large","max-video-preview":"max-video-preview:-1"},"canonical":"https:\/\/electricink.eu\/fr\/producto\/tebori-jetable-07-flex\/","og_locale":"fr_FR","og_type":"article","og_title":"Tebori jetable 07 Flex - Electric Ink\u00ae","og_description":"En Microblading, les teboris FLEX, abr\u00e9viation de \u00abflexible\u00bb, sont des lames id\u00e9ales pour tous les professionnels. Utilis\u00e9s dans les formations professionnelles et par les techniciens d\u00e9butants, c'est un mod\u00e8le assez versatile qui offre une grande s\u00e9curit\u00e9 au nouveau professionnel, pour r\u00e9aliser tout type de sourcil sans craindre d'ab\u00eemer la peau de son client.Les mod\u00e8les 7 FLEX et 7 FLEX CURVED sont recommand\u00e9s pour une performance optimale des proc\u00e9dures suivantes:\u2022 Sourcils plus fins\u2022 Queue de sourcil d\u00e9licate\u2022 Finition entre les poils faite avec des lames qui ont plus d'aiguilles Le Tebori jetable a \u00e9t\u00e9 cr\u00e9\u00e9 pour \u00eatre un dispositif anti-contamination. Son corps ultral\u00e9ger et 100% jetable \u00e9vite tout type de transport de d\u00e9chets biologiques d'un client \u00e0 l'autre. Electric Ink est la seule entreprise sur le march\u00e9 \u00e0 v\u00e9rifier et contr\u00f4ler 100% des unit\u00e9s produites et propose aux professionnels une grande vari\u00e9t\u00e9 de types d'aiguilles de haute qualit\u00e9, avec le sceau de certification du processus de st\u00e9rilisation.","og_url":"https:\/\/electricink.eu\/fr\/producto\/tebori-jetable-07-flex\/","og_site_name":"Electric Ink\u00ae","article_modified_time":"2024-02-05T12:57:04+00:00","og_image":[{"width":500,"height":500,"url":"https:\/\/electricink.eu\/wp-content\/uploads\/2023\/10\/prd_200104_p_7_flex_long.jpg","type":"image\/jpeg"}],"twitter_card":"summary_large_image","twitter_misc":{"Dur\u00e9e de lecture estim\u00e9e":"1 minute"},"schema":{"@context":"https:\/\/schema.org","@graph":[{"@type":"WebPage","@id":"https:\/\/electricink.eu\/fr\/producto\/tebori-jetable-07-flex\/","url":"https:\/\/electricink.eu\/fr\/producto\/tebori-jetable-07-flex\/","name":"Tebori jetable 07 Flex - Electric Ink\u00ae","isPartOf":{"@id":"https:\/\/electricink.eu\/#website"},"primaryImageOfPage":{"@id":"https:\/\/electricink.eu\/fr\/producto\/tebori-jetable-07-flex\/#primaryimage"},"image":{"@id":"https:\/\/electricink.eu\/fr\/producto\/tebori-jetable-07-flex\/#primaryimage"},"thumbnailUrl":"https:\/\/electricink.eu\/wp-content\/uploads\/2023\/10\/prd_200104_p_7_flex_long.jpg","datePublished":"2023-12-14T00:05:31+00:00","dateModified":"2024-02-05T12:57:04+00:00","breadcrumb":{"@id":"https:\/\/electricink.eu\/fr\/producto\/tebori-jetable-07-flex\/#breadcrumb"},"inLanguage":"fr-FR","potentialAction":[{"@type":"ReadAction","target":["https:\/\/electricink.eu\/fr\/producto\/tebori-jetable-07-flex\/"]}]},{"@type":"ImageObject","inLanguage":"fr-FR","@id":"https:\/\/electricink.eu\/fr\/producto\/tebori-jetable-07-flex\/#primaryimage","url":"https:\/\/electricink.eu\/wp-content\/uploads\/2023\/10\/prd_200104_p_7_flex_long.jpg","contentUrl":"https:\/\/electricink.eu\/wp-content\/uploads\/2023\/10\/prd_200104_p_7_flex_long.jpg","width":500,"height":500},{"@type":"BreadcrumbList","@id":"https:\/\/electricink.eu\/fr\/producto\/tebori-jetable-07-flex\/#breadcrumb","itemListElement":[{"@type":"ListItem","position":1,"name":"Portada","item":"https:\/\/electricink.eu\/fr\/home\/"},{"@type":"ListItem","position":2,"name":"Boutique","item":"https:\/\/electricink.eu\/tienda\/"},{"@type":"ListItem","position":3,"name":"Tebori jetable 07 Flex"}]},{"@type":"WebSite","@id":"https:\/\/electricink.eu\/#website","url":"https:\/\/electricink.eu\/","name":"Electric Ink\u00ae","description":"Material para Tatuar Profesional en Europa - Electric Ink\u00ae","potentialAction":[{"@type":"SearchAction","target":{"@type":"EntryPoint","urlTemplate":"https:\/\/electricink.eu\/?s={search_term_string}"},"query-input":{"@type":"PropertyValueSpecification","valueRequired":true,"valueName":"search_term_string"}}],"inLanguage":"fr-FR"}]}},"_links":{"self":[{"href":"https:\/\/electricink.eu\/fr\/wp-json\/wp\/v2\/product\/38470","targetHints":{"allow":["GET"]}}],"collection":[{"href":"https:\/\/electricink.eu\/fr\/wp-json\/wp\/v2\/product"}],"about":[{"href":"https:\/\/electricink.eu\/fr\/wp-json\/wp\/v2\/types\/product"}],"replies":[{"embeddable":true,"href":"https:\/\/electricink.eu\/fr\/wp-json\/wp\/v2\/comments?post=38470"}],"wp:featuredmedia":[{"embeddable":true,"href":"https:\/\/electricink.eu\/fr\/wp-json\/wp\/v2\/media\/732"}],"wp:attachment":[{"href":"https:\/\/electricink.eu\/fr\/wp-json\/wp\/v2\/media?parent=38470"}],"wp:term":[{"taxonomy":"product_brand","embeddable":true,"href":"https:\/\/electricink.eu\/fr\/wp-json\/wp\/v2\/product_brand?post=38470"},{"taxonomy":"product_cat","embeddable":true,"href":"https:\/\/electricink.eu\/fr\/wp-json\/wp\/v2\/product_cat?post=38470"},{"taxonomy":"product_tag","embeddable":true,"href":"https:\/\/electricink.eu\/fr\/wp-json\/wp\/v2\/product_tag?post=38470"}],"curies":[{"name":"wp","href":"https:\/\/api.w.org\/{rel}","templated":true}]}}