{"id":38700,"date":"2023-12-14T01:03:17","date_gmt":"2023-12-14T00:03:17","guid":{"rendered":"https:\/\/electricink.eu\/producto\/papel-transfer-freehand-spirit-caja-100un\/"},"modified":"2024-02-06T08:40:28","modified_gmt":"2024-02-06T07:40:28","slug":"papel-transfer-freehand-spirit-caja-100un","status":"publish","type":"product","link":"https:\/\/electricink.eu\/fr\/producto\/papel-transfer-freehand-spirit-caja-100un\/","title":{"rendered":"Papel Transfer Freehand Spirit &#8211; caja 100un"},"content":{"rendered":"<p><span style=\"font-weight: 400;\">Spirit\u00ae Transfer Paper<\/span>\u00a0en\u00a0<b>bo\u00eetes de 100 unit\u00e9s &#8211;\u00a0 Freehand.<\/b><\/p>\n<ul>\n<li>Images uniformes, \u00e0 contraste \u00e9lev\u00e9, de haute qualit\u00e9 et durables<\/li>\n<li>Grand contr\u00f4le lors du dessin manuel de pochoirs<\/li>\n<li>Aucun outil ou imprimante n\u00e9cessaire pour cr\u00e9er un mod\u00e8le de haute qualit\u00e9<\/li>\n<li>Les pigments de qualit\u00e9 restent visibles sur la peau<\/li>\n<li>Sans danger pour la peau, sans ingr\u00e9dients nocifs<\/li>\n<li>Certifi\u00e9 Vegan<\/li>\n<\/ul>\n","protected":false},"excerpt":{"rendered":"<p>Papier Stencil Freehand Spirit format 8,5 \u00ab\u00a0x 11\u00a0\u00bb (21,6 x 27,9 cm) A4.<\/p>\n<p>Teinte violette haute visibilit\u00e9 dans une matrice vraiment unique.<\/p>\n<p>Le m\u00e9lange de cire extr\u00eamement sensible \u00e0 la pression et \u00e0 texture lisse permet aux artistes d&rsquo;introduire des d\u00e9tails minuscules dans leurs pochoirs.<\/p>\n<p>La feuille de stencil r\u00e9siste aux tra\u00e7ages les plus agressifs. Assure un excellent transfert.<\/p>\n<p>Teintes haute visibilit\u00e9, mat\u00e9riaux de la plus haute qualit\u00e9, standard d&rsquo;excellence.<\/p>\n<p>Papier transfert freehand Spirit en <strong>bo\u00eete de 100 feuilles, format A4<\/strong>.<\/p>\n<p>Transfer freehand Spirit n&rsquo;est PAS compatible avec les imprimantes thermiques ou fax. Pour les dessins \u00e0 main lev\u00e9e uniquement.<\/p>\n<p>&nbsp;<\/p>\n","protected":false},"featured_media":32299,"comment_status":"closed","ping_status":"closed","template":"","meta":{"_acf_changed":false,"_et_pb_use_builder":"","_et_pb_old_content":"","_et_gb_content_width":"","inline_featured_image":false},"product_brand":[],"product_cat":[781,789],"product_tag":[],"class_list":{"0":"post-38700","1":"product","2":"type-product","3":"status-publish","4":"has-post-thumbnail","6":"product_cat-accessoires-pour-tatouer","7":"product_cat-papier-pour-stencil","9":"first","10":"outofstock","11":"taxable","12":"shipping-taxable","13":"purchasable","14":"product-type-simple"},"acf":[],"yoast_head":"<!-- This site is optimized with the Yoast SEO plugin v27.4 - https:\/\/yoast.com\/product\/yoast-seo-wordpress\/ -->\n<title>Papel Transfer Freehand Spirit - caja 100un - Electric Ink\u00ae<\/title>\n<meta name=\"robots\" content=\"index, follow, max-snippet:-1, max-image-preview:large, max-video-preview:-1\" \/>\n<link rel=\"canonical\" href=\"https:\/\/electricink.eu\/fr\/producto\/papel-transfer-freehand-spirit-caja-100un\/\" \/>\n<meta property=\"og:locale\" content=\"fr_FR\" \/>\n<meta property=\"og:type\" content=\"article\" \/>\n<meta property=\"og:title\" content=\"Papel Transfer Freehand Spirit - caja 100un - Electric Ink\u00ae\" \/>\n<meta property=\"og:description\" content=\"Papier Stencil Freehand Spirit format 8,5 &quot;x 11&quot; (21,6 x 27,9 cm) A4. Teinte violette haute visibilit\u00e9 dans une matrice vraiment unique. Le m\u00e9lange de cire extr\u00eamement sensible \u00e0 la pression et \u00e0 texture lisse permet aux artistes d&#039;introduire des d\u00e9tails minuscules dans leurs pochoirs. La feuille de stencil r\u00e9siste aux tra\u00e7ages les plus agressifs. Assure un excellent transfert. Teintes haute visibilit\u00e9, mat\u00e9riaux de la plus haute qualit\u00e9, standard d&#039;excellence. Papier transfert freehand Spirit en bo\u00eete de 100 feuilles, format A4. Transfer freehand Spirit n&#039;est PAS compatible avec les imprimantes thermiques ou fax. Pour les dessins \u00e0 main lev\u00e9e uniquement. &nbsp;\" \/>\n<meta property=\"og:url\" content=\"https:\/\/electricink.eu\/fr\/producto\/papel-transfer-freehand-spirit-caja-100un\/\" \/>\n<meta property=\"og:site_name\" content=\"Electric Ink\u00ae\" \/>\n<meta property=\"article:modified_time\" content=\"2024-02-06T07:40:28+00:00\" \/>\n<meta property=\"og:image\" content=\"https:\/\/electricink.eu\/wp-content\/uploads\/2023\/12\/DSC_5980-copia.png\" \/>\n\t<meta property=\"og:image:width\" content=\"800\" \/>\n\t<meta property=\"og:image:height\" content=\"800\" \/>\n\t<meta property=\"og:image:type\" content=\"image\/png\" \/>\n<meta name=\"twitter:card\" content=\"summary_large_image\" \/>\n<script type=\"application\/ld+json\" class=\"yoast-schema-graph\">{\"@context\":\"https:\\\/\\\/schema.org\",\"@graph\":[{\"@type\":\"WebPage\",\"@id\":\"https:\\\/\\\/electricink.eu\\\/fr\\\/producto\\\/papel-transfer-freehand-spirit-caja-100un\\\/\",\"url\":\"https:\\\/\\\/electricink.eu\\\/fr\\\/producto\\\/papel-transfer-freehand-spirit-caja-100un\\\/\",\"name\":\"Papel Transfer Freehand Spirit - caja 100un - Electric Ink\u00ae\",\"isPartOf\":{\"@id\":\"https:\\\/\\\/electricink.eu\\\/#website\"},\"primaryImageOfPage\":{\"@id\":\"https:\\\/\\\/electricink.eu\\\/fr\\\/producto\\\/papel-transfer-freehand-spirit-caja-100un\\\/#primaryimage\"},\"image\":{\"@id\":\"https:\\\/\\\/electricink.eu\\\/fr\\\/producto\\\/papel-transfer-freehand-spirit-caja-100un\\\/#primaryimage\"},\"thumbnailUrl\":\"https:\\\/\\\/electricink.eu\\\/wp-content\\\/uploads\\\/2023\\\/12\\\/DSC_5980-copia.png\",\"datePublished\":\"2023-12-14T00:03:17+00:00\",\"dateModified\":\"2024-02-06T07:40:28+00:00\",\"breadcrumb\":{\"@id\":\"https:\\\/\\\/electricink.eu\\\/fr\\\/producto\\\/papel-transfer-freehand-spirit-caja-100un\\\/#breadcrumb\"},\"inLanguage\":\"fr-FR\",\"potentialAction\":[{\"@type\":\"ReadAction\",\"target\":[\"https:\\\/\\\/electricink.eu\\\/fr\\\/producto\\\/papel-transfer-freehand-spirit-caja-100un\\\/\"]}]},{\"@type\":\"ImageObject\",\"inLanguage\":\"fr-FR\",\"@id\":\"https:\\\/\\\/electricink.eu\\\/fr\\\/producto\\\/papel-transfer-freehand-spirit-caja-100un\\\/#primaryimage\",\"url\":\"https:\\\/\\\/electricink.eu\\\/wp-content\\\/uploads\\\/2023\\\/12\\\/DSC_5980-copia.png\",\"contentUrl\":\"https:\\\/\\\/electricink.eu\\\/wp-content\\\/uploads\\\/2023\\\/12\\\/DSC_5980-copia.png\",\"width\":800,\"height\":800},{\"@type\":\"BreadcrumbList\",\"@id\":\"https:\\\/\\\/electricink.eu\\\/fr\\\/producto\\\/papel-transfer-freehand-spirit-caja-100un\\\/#breadcrumb\",\"itemListElement\":[{\"@type\":\"ListItem\",\"position\":1,\"name\":\"Portada\",\"item\":\"https:\\\/\\\/electricink.eu\\\/fr\\\/home\\\/\"},{\"@type\":\"ListItem\",\"position\":2,\"name\":\"Boutique\",\"item\":\"https:\\\/\\\/electricink.eu\\\/tienda\\\/\"},{\"@type\":\"ListItem\",\"position\":3,\"name\":\"Papel Transfer Freehand Spirit &#8211; caja 100un\"}]},{\"@type\":\"WebSite\",\"@id\":\"https:\\\/\\\/electricink.eu\\\/#website\",\"url\":\"https:\\\/\\\/electricink.eu\\\/\",\"name\":\"Electric Ink\u00ae\",\"description\":\"Material para Tatuar Profesional en Europa - Electric Ink\u00ae\",\"potentialAction\":[{\"@type\":\"SearchAction\",\"target\":{\"@type\":\"EntryPoint\",\"urlTemplate\":\"https:\\\/\\\/electricink.eu\\\/?s={search_term_string}\"},\"query-input\":{\"@type\":\"PropertyValueSpecification\",\"valueRequired\":true,\"valueName\":\"search_term_string\"}}],\"inLanguage\":\"fr-FR\"}]}<\/script>\n<!-- \/ Yoast SEO plugin. -->","yoast_head_json":{"title":"Papel Transfer Freehand Spirit - caja 100un - Electric Ink\u00ae","robots":{"index":"index","follow":"follow","max-snippet":"max-snippet:-1","max-image-preview":"max-image-preview:large","max-video-preview":"max-video-preview:-1"},"canonical":"https:\/\/electricink.eu\/fr\/producto\/papel-transfer-freehand-spirit-caja-100un\/","og_locale":"fr_FR","og_type":"article","og_title":"Papel Transfer Freehand Spirit - caja 100un - Electric Ink\u00ae","og_description":"Papier Stencil Freehand Spirit format 8,5 \"x 11\" (21,6 x 27,9 cm) A4. Teinte violette haute visibilit\u00e9 dans une matrice vraiment unique. Le m\u00e9lange de cire extr\u00eamement sensible \u00e0 la pression et \u00e0 texture lisse permet aux artistes d'introduire des d\u00e9tails minuscules dans leurs pochoirs. La feuille de stencil r\u00e9siste aux tra\u00e7ages les plus agressifs. Assure un excellent transfert. Teintes haute visibilit\u00e9, mat\u00e9riaux de la plus haute qualit\u00e9, standard d'excellence. Papier transfert freehand Spirit en bo\u00eete de 100 feuilles, format A4. Transfer freehand Spirit n'est PAS compatible avec les imprimantes thermiques ou fax. Pour les dessins \u00e0 main lev\u00e9e uniquement. &nbsp;","og_url":"https:\/\/electricink.eu\/fr\/producto\/papel-transfer-freehand-spirit-caja-100un\/","og_site_name":"Electric Ink\u00ae","article_modified_time":"2024-02-06T07:40:28+00:00","og_image":[{"width":800,"height":800,"url":"https:\/\/electricink.eu\/wp-content\/uploads\/2023\/12\/DSC_5980-copia.png","type":"image\/png"}],"twitter_card":"summary_large_image","schema":{"@context":"https:\/\/schema.org","@graph":[{"@type":"WebPage","@id":"https:\/\/electricink.eu\/fr\/producto\/papel-transfer-freehand-spirit-caja-100un\/","url":"https:\/\/electricink.eu\/fr\/producto\/papel-transfer-freehand-spirit-caja-100un\/","name":"Papel Transfer Freehand Spirit - caja 100un - Electric Ink\u00ae","isPartOf":{"@id":"https:\/\/electricink.eu\/#website"},"primaryImageOfPage":{"@id":"https:\/\/electricink.eu\/fr\/producto\/papel-transfer-freehand-spirit-caja-100un\/#primaryimage"},"image":{"@id":"https:\/\/electricink.eu\/fr\/producto\/papel-transfer-freehand-spirit-caja-100un\/#primaryimage"},"thumbnailUrl":"https:\/\/electricink.eu\/wp-content\/uploads\/2023\/12\/DSC_5980-copia.png","datePublished":"2023-12-14T00:03:17+00:00","dateModified":"2024-02-06T07:40:28+00:00","breadcrumb":{"@id":"https:\/\/electricink.eu\/fr\/producto\/papel-transfer-freehand-spirit-caja-100un\/#breadcrumb"},"inLanguage":"fr-FR","potentialAction":[{"@type":"ReadAction","target":["https:\/\/electricink.eu\/fr\/producto\/papel-transfer-freehand-spirit-caja-100un\/"]}]},{"@type":"ImageObject","inLanguage":"fr-FR","@id":"https:\/\/electricink.eu\/fr\/producto\/papel-transfer-freehand-spirit-caja-100un\/#primaryimage","url":"https:\/\/electricink.eu\/wp-content\/uploads\/2023\/12\/DSC_5980-copia.png","contentUrl":"https:\/\/electricink.eu\/wp-content\/uploads\/2023\/12\/DSC_5980-copia.png","width":800,"height":800},{"@type":"BreadcrumbList","@id":"https:\/\/electricink.eu\/fr\/producto\/papel-transfer-freehand-spirit-caja-100un\/#breadcrumb","itemListElement":[{"@type":"ListItem","position":1,"name":"Portada","item":"https:\/\/electricink.eu\/fr\/home\/"},{"@type":"ListItem","position":2,"name":"Boutique","item":"https:\/\/electricink.eu\/tienda\/"},{"@type":"ListItem","position":3,"name":"Papel Transfer Freehand Spirit &#8211; caja 100un"}]},{"@type":"WebSite","@id":"https:\/\/electricink.eu\/#website","url":"https:\/\/electricink.eu\/","name":"Electric Ink\u00ae","description":"Material para Tatuar Profesional en Europa - Electric Ink\u00ae","potentialAction":[{"@type":"SearchAction","target":{"@type":"EntryPoint","urlTemplate":"https:\/\/electricink.eu\/?s={search_term_string}"},"query-input":{"@type":"PropertyValueSpecification","valueRequired":true,"valueName":"search_term_string"}}],"inLanguage":"fr-FR"}]}},"_links":{"self":[{"href":"https:\/\/electricink.eu\/fr\/wp-json\/wp\/v2\/product\/38700","targetHints":{"allow":["GET"]}}],"collection":[{"href":"https:\/\/electricink.eu\/fr\/wp-json\/wp\/v2\/product"}],"about":[{"href":"https:\/\/electricink.eu\/fr\/wp-json\/wp\/v2\/types\/product"}],"replies":[{"embeddable":true,"href":"https:\/\/electricink.eu\/fr\/wp-json\/wp\/v2\/comments?post=38700"}],"wp:featuredmedia":[{"embeddable":true,"href":"https:\/\/electricink.eu\/fr\/wp-json\/wp\/v2\/media\/32299"}],"wp:attachment":[{"href":"https:\/\/electricink.eu\/fr\/wp-json\/wp\/v2\/media?parent=38700"}],"wp:term":[{"taxonomy":"product_brand","embeddable":true,"href":"https:\/\/electricink.eu\/fr\/wp-json\/wp\/v2\/product_brand?post=38700"},{"taxonomy":"product_cat","embeddable":true,"href":"https:\/\/electricink.eu\/fr\/wp-json\/wp\/v2\/product_cat?post=38700"},{"taxonomy":"product_tag","embeddable":true,"href":"https:\/\/electricink.eu\/fr\/wp-json\/wp\/v2\/product_tag?post=38700"}],"curies":[{"name":"wp","href":"https:\/\/api.w.org\/{rel}","templated":true}]}}