{"id":39530,"date":"2024-02-27T11:41:54","date_gmt":"2024-02-27T10:41:54","guid":{"rendered":"https:\/\/electricink.eu\/?post_type=product&#038;p=39530"},"modified":"2026-03-04T14:53:41","modified_gmt":"2026-03-04T13:53:41","slug":"premium-round-shader-rl-boite-de-5-aiguilles","status":"publish","type":"product","link":"https:\/\/electricink.eu\/fr\/producto\/premium-round-shader-rl-boite-de-5-aiguilles\/","title":{"rendered":"Aiguilles Premium Round Shader (RS)"},"content":{"rendered":"<p><strong>AIGUILLES PREMIUM ROUND SHADER (RS) ELECTRIC INK &#8211; 5 unit\u00e9s\/bo\u00eete<\/strong><\/p>\n<p><strong>SUGGESTIONS<\/strong><\/p>\n<p>Plus ouvertes, les <strong>Aiguilles Round Shader &#8211; RS de la ligne Premium<\/strong> sont recommand\u00e9es pour les couleurs, les remplissages, les lignes plus \u00e9paisses (Bold line) et les ombrages l\u00e9gers.<\/p>\n<p>* <strong>INFORMATIONS TECHNIQUES<\/strong><\/p>\n<p><strong>Diam\u00e8tre du corps de l&rsquo;aiguille : 0,35 mm<\/strong><\/p>\n<p>Aiguilles Round Liner &#8211; RL : Aiguilles pour lignes et petits d\u00e9tails.<\/p>\n<p>Aiguilles Round Shader &#8211; RS : Aiguilles pour remplissages solides et petits ombrages.<\/p>\n<p>Aiguilles Magnum &#8211; MG et Round Magnum &#8211; RMG : Aiguilles pour remplissage et ombrage.<\/p>\n<p>*Nos suggestions ne constituent pas une r\u00e8gle. Chaque artiste choisit en fonction de ses pr\u00e9f\u00e9rences et du fonctionnement de ses machines. L\u2019id\u00e9al est de les essayer toutes et de trouver vos mod\u00e8les pr\u00e9f\u00e9r\u00e9s.<\/p>\n<p><strong>*N&rsquo;utilisez pas le produit si l&#8217;emballage est ouvert ou endommag\u00e9.<\/strong> \u00a0<\/p>\n","protected":false},"excerpt":{"rendered":"<p><strong>AIGUILLES PREMIUM ROUND SHADER (RS) <\/strong><\/p>\n<p>Les <strong>Aiguilles Premium Round Shader &#8211; RS <\/strong>son en acier inoxydable, st\u00e9rilis\u00e9es individuellement et soumises \u00e0 un contr\u00f4le de qualit\u00e9 strict, afin que vous puissiez atteindre l&rsquo;excellence dans votre travail. Avec des <strong>pointes Extra Long Taper<\/strong>, plus fines et plus longues, elles sont recommand\u00e9es pour les techniques plus d\u00e9taill\u00e9es, les dessins plus petits et d\u00e9licats.<\/p>\n<p>Les Aiguilles Round Shader \u2013 RS, avec des pointes plus ouvertes, formant des espaces plus grands entre les aiguilles, sont diff\u00e9rentes des Round Liners (RL), qui sont plus regroup\u00e9es.<\/p>\n","protected":false},"featured_media":39444,"comment_status":"closed","ping_status":"closed","template":"","meta":{"_acf_changed":false,"_et_pb_use_builder":"","_et_pb_old_content":"","_et_gb_content_width":"","inline_featured_image":false},"product_brand":[],"product_cat":[808,809],"product_tag":[],"class_list":{"0":"post-39530","1":"product","2":"type-product","3":"status-publish","4":"has-post-thumbnail","6":"product_cat-tattoo-fr","7":"product_cat-aiguilles-professionelles","9":"first","10":"instock","11":"taxable","12":"shipping-taxable","13":"purchasable","14":"product-type-variable"},"acf":[],"yoast_head":"<!-- This site is optimized with the Yoast SEO plugin v27.5 - https:\/\/yoast.com\/product\/yoast-seo-wordpress\/ -->\n<title>Aiguilles Premium Round Shader (RS) - Electric Ink\u00ae<\/title>\n<meta name=\"description\" content=\"Haute technologie sous contr\u00f4le de qualit\u00e9 strict. En acier inoxydable, st\u00e9rilis\u00e9es individuellement, Extra Long Taper, plus fines et plus longues.\" \/>\n<meta name=\"robots\" content=\"index, follow, max-snippet:-1, max-image-preview:large, max-video-preview:-1\" \/>\n<link rel=\"canonical\" href=\"https:\/\/electricink.eu\/fr\/producto\/premium-round-shader-rl-boite-de-5-aiguilles\/\" \/>\n<meta property=\"og:locale\" content=\"fr_FR\" \/>\n<meta property=\"og:type\" content=\"article\" \/>\n<meta property=\"og:title\" content=\"Aiguilles Premium Round Shader (RS) - Electric Ink\u00ae\" \/>\n<meta property=\"og:description\" content=\"Haute technologie sous contr\u00f4le de qualit\u00e9 strict. En acier inoxydable, st\u00e9rilis\u00e9es individuellement, Extra Long Taper, plus fines et plus longues.\" \/>\n<meta property=\"og:url\" content=\"https:\/\/electricink.eu\/fr\/producto\/premium-round-shader-rl-boite-de-5-aiguilles\/\" \/>\n<meta property=\"og:site_name\" content=\"Electric Ink\u00ae\" \/>\n<meta property=\"article:modified_time\" content=\"2026-03-04T13:53:41+00:00\" \/>\n<meta property=\"og:image\" content=\"https:\/\/electricink.eu\/wp-content\/uploads\/2024\/02\/Premium-2.jpg\" \/>\n\t<meta property=\"og:image:width\" content=\"500\" \/>\n\t<meta property=\"og:image:height\" content=\"500\" \/>\n\t<meta property=\"og:image:type\" content=\"image\/jpeg\" \/>\n<meta name=\"twitter:card\" content=\"summary_large_image\" \/>\n<meta name=\"twitter:label1\" content=\"Dur\u00e9e de lecture estim\u00e9e\" \/>\n\t<meta name=\"twitter:data1\" content=\"1 minute\" \/>\n<script type=\"application\/ld+json\" class=\"yoast-schema-graph\">{\"@context\":\"https:\\\/\\\/schema.org\",\"@graph\":[{\"@type\":\"WebPage\",\"@id\":\"https:\\\/\\\/electricink.eu\\\/fr\\\/producto\\\/premium-round-shader-rl-boite-de-5-aiguilles\\\/\",\"url\":\"https:\\\/\\\/electricink.eu\\\/fr\\\/producto\\\/premium-round-shader-rl-boite-de-5-aiguilles\\\/\",\"name\":\"Aiguilles Premium Round Shader (RS) - Electric Ink\u00ae\",\"isPartOf\":{\"@id\":\"https:\\\/\\\/electricink.eu\\\/#website\"},\"primaryImageOfPage\":{\"@id\":\"https:\\\/\\\/electricink.eu\\\/fr\\\/producto\\\/premium-round-shader-rl-boite-de-5-aiguilles\\\/#primaryimage\"},\"image\":{\"@id\":\"https:\\\/\\\/electricink.eu\\\/fr\\\/producto\\\/premium-round-shader-rl-boite-de-5-aiguilles\\\/#primaryimage\"},\"thumbnailUrl\":\"https:\\\/\\\/electricink.eu\\\/wp-content\\\/uploads\\\/2024\\\/02\\\/Premium-2.jpg\",\"datePublished\":\"2024-02-27T10:41:54+00:00\",\"dateModified\":\"2026-03-04T13:53:41+00:00\",\"description\":\"Haute technologie sous contr\u00f4le de qualit\u00e9 strict. En acier inoxydable, st\u00e9rilis\u00e9es individuellement, Extra Long Taper, plus fines et plus longues.\",\"breadcrumb\":{\"@id\":\"https:\\\/\\\/electricink.eu\\\/fr\\\/producto\\\/premium-round-shader-rl-boite-de-5-aiguilles\\\/#breadcrumb\"},\"inLanguage\":\"fr-FR\",\"potentialAction\":[{\"@type\":\"ReadAction\",\"target\":[\"https:\\\/\\\/electricink.eu\\\/fr\\\/producto\\\/premium-round-shader-rl-boite-de-5-aiguilles\\\/\"]}]},{\"@type\":\"ImageObject\",\"inLanguage\":\"fr-FR\",\"@id\":\"https:\\\/\\\/electricink.eu\\\/fr\\\/producto\\\/premium-round-shader-rl-boite-de-5-aiguilles\\\/#primaryimage\",\"url\":\"https:\\\/\\\/electricink.eu\\\/wp-content\\\/uploads\\\/2024\\\/02\\\/Premium-2.jpg\",\"contentUrl\":\"https:\\\/\\\/electricink.eu\\\/wp-content\\\/uploads\\\/2024\\\/02\\\/Premium-2.jpg\",\"width\":500,\"height\":500},{\"@type\":\"BreadcrumbList\",\"@id\":\"https:\\\/\\\/electricink.eu\\\/fr\\\/producto\\\/premium-round-shader-rl-boite-de-5-aiguilles\\\/#breadcrumb\",\"itemListElement\":[{\"@type\":\"ListItem\",\"position\":1,\"name\":\"Portada\",\"item\":\"https:\\\/\\\/electricink.eu\\\/fr\\\/home\\\/\"},{\"@type\":\"ListItem\",\"position\":2,\"name\":\"Boutique\",\"item\":\"https:\\\/\\\/electricink.eu\\\/tienda\\\/\"},{\"@type\":\"ListItem\",\"position\":3,\"name\":\"Aiguilles Premium Round Shader (RS)\"}]},{\"@type\":\"WebSite\",\"@id\":\"https:\\\/\\\/electricink.eu\\\/#website\",\"url\":\"https:\\\/\\\/electricink.eu\\\/\",\"name\":\"Electric Ink\u00ae\",\"description\":\"Material para Tatuar Profesional en Europa - Electric Ink\u00ae\",\"potentialAction\":[{\"@type\":\"SearchAction\",\"target\":{\"@type\":\"EntryPoint\",\"urlTemplate\":\"https:\\\/\\\/electricink.eu\\\/?s={search_term_string}\"},\"query-input\":{\"@type\":\"PropertyValueSpecification\",\"valueRequired\":true,\"valueName\":\"search_term_string\"}}],\"inLanguage\":\"fr-FR\"}]}<\/script>\n<!-- \/ Yoast SEO plugin. -->","yoast_head_json":{"title":"Aiguilles Premium Round Shader (RS) - Electric Ink\u00ae","description":"Haute technologie sous contr\u00f4le de qualit\u00e9 strict. En acier inoxydable, st\u00e9rilis\u00e9es individuellement, Extra Long Taper, plus fines et plus longues.","robots":{"index":"index","follow":"follow","max-snippet":"max-snippet:-1","max-image-preview":"max-image-preview:large","max-video-preview":"max-video-preview:-1"},"canonical":"https:\/\/electricink.eu\/fr\/producto\/premium-round-shader-rl-boite-de-5-aiguilles\/","og_locale":"fr_FR","og_type":"article","og_title":"Aiguilles Premium Round Shader (RS) - Electric Ink\u00ae","og_description":"Haute technologie sous contr\u00f4le de qualit\u00e9 strict. En acier inoxydable, st\u00e9rilis\u00e9es individuellement, Extra Long Taper, plus fines et plus longues.","og_url":"https:\/\/electricink.eu\/fr\/producto\/premium-round-shader-rl-boite-de-5-aiguilles\/","og_site_name":"Electric Ink\u00ae","article_modified_time":"2026-03-04T13:53:41+00:00","og_image":[{"width":500,"height":500,"url":"https:\/\/electricink.eu\/wp-content\/uploads\/2024\/02\/Premium-2.jpg","type":"image\/jpeg"}],"twitter_card":"summary_large_image","twitter_misc":{"Dur\u00e9e de lecture estim\u00e9e":"1 minute"},"schema":{"@context":"https:\/\/schema.org","@graph":[{"@type":"WebPage","@id":"https:\/\/electricink.eu\/fr\/producto\/premium-round-shader-rl-boite-de-5-aiguilles\/","url":"https:\/\/electricink.eu\/fr\/producto\/premium-round-shader-rl-boite-de-5-aiguilles\/","name":"Aiguilles Premium Round Shader (RS) - Electric Ink\u00ae","isPartOf":{"@id":"https:\/\/electricink.eu\/#website"},"primaryImageOfPage":{"@id":"https:\/\/electricink.eu\/fr\/producto\/premium-round-shader-rl-boite-de-5-aiguilles\/#primaryimage"},"image":{"@id":"https:\/\/electricink.eu\/fr\/producto\/premium-round-shader-rl-boite-de-5-aiguilles\/#primaryimage"},"thumbnailUrl":"https:\/\/electricink.eu\/wp-content\/uploads\/2024\/02\/Premium-2.jpg","datePublished":"2024-02-27T10:41:54+00:00","dateModified":"2026-03-04T13:53:41+00:00","description":"Haute technologie sous contr\u00f4le de qualit\u00e9 strict. En acier inoxydable, st\u00e9rilis\u00e9es individuellement, Extra Long Taper, plus fines et plus longues.","breadcrumb":{"@id":"https:\/\/electricink.eu\/fr\/producto\/premium-round-shader-rl-boite-de-5-aiguilles\/#breadcrumb"},"inLanguage":"fr-FR","potentialAction":[{"@type":"ReadAction","target":["https:\/\/electricink.eu\/fr\/producto\/premium-round-shader-rl-boite-de-5-aiguilles\/"]}]},{"@type":"ImageObject","inLanguage":"fr-FR","@id":"https:\/\/electricink.eu\/fr\/producto\/premium-round-shader-rl-boite-de-5-aiguilles\/#primaryimage","url":"https:\/\/electricink.eu\/wp-content\/uploads\/2024\/02\/Premium-2.jpg","contentUrl":"https:\/\/electricink.eu\/wp-content\/uploads\/2024\/02\/Premium-2.jpg","width":500,"height":500},{"@type":"BreadcrumbList","@id":"https:\/\/electricink.eu\/fr\/producto\/premium-round-shader-rl-boite-de-5-aiguilles\/#breadcrumb","itemListElement":[{"@type":"ListItem","position":1,"name":"Portada","item":"https:\/\/electricink.eu\/fr\/home\/"},{"@type":"ListItem","position":2,"name":"Boutique","item":"https:\/\/electricink.eu\/tienda\/"},{"@type":"ListItem","position":3,"name":"Aiguilles Premium Round Shader (RS)"}]},{"@type":"WebSite","@id":"https:\/\/electricink.eu\/#website","url":"https:\/\/electricink.eu\/","name":"Electric Ink\u00ae","description":"Material para Tatuar Profesional en Europa - Electric Ink\u00ae","potentialAction":[{"@type":"SearchAction","target":{"@type":"EntryPoint","urlTemplate":"https:\/\/electricink.eu\/?s={search_term_string}"},"query-input":{"@type":"PropertyValueSpecification","valueRequired":true,"valueName":"search_term_string"}}],"inLanguage":"fr-FR"}]}},"_links":{"self":[{"href":"https:\/\/electricink.eu\/fr\/wp-json\/wp\/v2\/product\/39530","targetHints":{"allow":["GET"]}}],"collection":[{"href":"https:\/\/electricink.eu\/fr\/wp-json\/wp\/v2\/product"}],"about":[{"href":"https:\/\/electricink.eu\/fr\/wp-json\/wp\/v2\/types\/product"}],"replies":[{"embeddable":true,"href":"https:\/\/electricink.eu\/fr\/wp-json\/wp\/v2\/comments?post=39530"}],"wp:featuredmedia":[{"embeddable":true,"href":"https:\/\/electricink.eu\/fr\/wp-json\/wp\/v2\/media\/39444"}],"wp:attachment":[{"href":"https:\/\/electricink.eu\/fr\/wp-json\/wp\/v2\/media?parent=39530"}],"wp:term":[{"taxonomy":"product_brand","embeddable":true,"href":"https:\/\/electricink.eu\/fr\/wp-json\/wp\/v2\/product_brand?post=39530"},{"taxonomy":"product_cat","embeddable":true,"href":"https:\/\/electricink.eu\/fr\/wp-json\/wp\/v2\/product_cat?post=39530"},{"taxonomy":"product_tag","embeddable":true,"href":"https:\/\/electricink.eu\/fr\/wp-json\/wp\/v2\/product_tag?post=39530"}],"curies":[{"name":"wp","href":"https:\/\/api.w.org\/{rel}","templated":true}]}}