{"id":40228,"date":"2024-04-10T12:28:08","date_gmt":"2024-04-10T11:28:08","guid":{"rendered":"https:\/\/electricink.eu\/?post_type=product&#038;p=40228"},"modified":"2026-04-15T10:10:24","modified_gmt":"2026-04-15T08:10:24","slug":"easy-glow-dandelion","status":"publish","type":"product","link":"https:\/\/electricink.eu\/fr\/producto\/easy-glow-dandelion\/","title":{"rendered":"Dandelion Easy Glow 30ml"},"content":{"rendered":"<p><strong>Pigmentos Art\u00edsticos<\/strong><\/p>\n<p><strong>Cantidad:<\/strong>\u00a030ml<\/p>\n<p><strong>Aplicaci\u00f3n:<\/strong>\u00a0Entrenamiento y pieles artificiales<\/p>\n<p>&nbsp;<\/p>\n","protected":false},"excerpt":{"rendered":"<p><strong>Tinta art\u00edstica<\/strong>: De f\u00e1cil fijaci\u00f3n y nueva tecnolog\u00eda con baja sedimentaci\u00f3n.<\/p>\n<p>Tiene excelente estabilizaci\u00f3n en medio acuoso, proporcionando mayor nivel de intensidad y ayudando a fijar el pigmento.<\/p>\n<p>Con nueva tecnolog\u00eda de dispersi\u00f3n de part\u00edculas, no presenta sedimentaci\u00f3n, coagulaci\u00f3n, endurecimiento. En el caso de que suceda separaci\u00f3n de los pigmentos, basta agitar el producto.<\/p>\n<p>Tiene alta resistencia a alteraciones (por luz solar, contaminantes, solventes, etc).<\/p>\n<p><strong>INFORMACI\u00d3N IMPORTANTE: Esta tinta no est\u00e1 homologada en Europa y su uso est\u00e1 destinado para pr\u00e1cticas en pieles artificiales y\/o pintura.<\/strong><\/p>\n","protected":false},"featured_media":40229,"comment_status":"closed","ping_status":"closed","template":"","meta":{"_acf_changed":false,"_et_pb_use_builder":"","_et_pb_old_content":"","_et_gb_content_width":"","inline_featured_image":false},"product_brand":[],"product_cat":[39,113],"product_tag":[],"class_list":{"0":"post-40228","1":"product","2":"type-product","3":"status-publish","4":"has-post-thumbnail","6":"product_cat-tintas-artisticas","7":"product_cat-tintas-artisticas-easy-glow","9":"first","10":"instock","11":"taxable","12":"shipping-taxable","13":"purchasable","14":"product-type-simple"},"acf":[],"yoast_head":"<!-- This site is optimized with the Yoast SEO plugin v27.4 - https:\/\/yoast.com\/product\/yoast-seo-wordpress\/ -->\n<title>Dandelion Easy Glow 30ml - Electric Ink\u00ae<\/title>\n<meta name=\"robots\" content=\"index, follow, max-snippet:-1, max-image-preview:large, max-video-preview:-1\" \/>\n<link rel=\"canonical\" href=\"https:\/\/electricink.eu\/producto\/easy-glow-dandelion\/\" \/>\n<meta property=\"og:locale\" content=\"fr_FR\" \/>\n<meta property=\"og:type\" content=\"article\" \/>\n<meta property=\"og:title\" content=\"Dandelion Easy Glow 30ml - Electric Ink\u00ae\" \/>\n<meta property=\"og:description\" content=\"Tinta art\u00edstica: De f\u00e1cil fijaci\u00f3n y nueva tecnolog\u00eda con baja sedimentaci\u00f3n.  Tiene excelente estabilizaci\u00f3n en medio acuoso, proporcionando mayor nivel de intensidad y ayudando a fijar el pigmento.  Con nueva tecnolog\u00eda de dispersi\u00f3n de part\u00edculas, no presenta sedimentaci\u00f3n, coagulaci\u00f3n, endurecimiento. En el caso de que suceda separaci\u00f3n de los pigmentos, basta agitar el producto.  Tiene alta resistencia a alteraciones (por luz solar, contaminantes, solventes, etc).  INFORMACI\u00d3N IMPORTANTE: Esta tinta no est\u00e1 homologada en Europa y su uso est\u00e1 destinado para pr\u00e1cticas en pieles artificiales y\/o pintura.\" \/>\n<meta property=\"og:url\" content=\"https:\/\/electricink.eu\/producto\/easy-glow-dandelion\/\" \/>\n<meta property=\"og:site_name\" content=\"Electric Ink\u00ae\" \/>\n<meta property=\"article:modified_time\" content=\"2026-04-15T08:10:24+00:00\" \/>\n<meta property=\"og:image\" content=\"https:\/\/electricink.eu\/wp-content\/uploads\/2024\/04\/Dandelion.jpg\" \/>\n\t<meta property=\"og:image:width\" content=\"1200\" \/>\n\t<meta property=\"og:image:height\" content=\"1200\" \/>\n\t<meta property=\"og:image:type\" content=\"image\/jpeg\" \/>\n<meta name=\"twitter:card\" content=\"summary_large_image\" \/>\n<meta name=\"twitter:label1\" content=\"Dur\u00e9e de lecture estim\u00e9e\" \/>\n\t<meta name=\"twitter:data1\" content=\"1 minute\" \/>\n<script type=\"application\/ld+json\" class=\"yoast-schema-graph\">{\"@context\":\"https:\\\/\\\/schema.org\",\"@graph\":[{\"@type\":\"WebPage\",\"@id\":\"https:\\\/\\\/electricink.eu\\\/producto\\\/easy-glow-dandelion\\\/\",\"url\":\"https:\\\/\\\/electricink.eu\\\/producto\\\/easy-glow-dandelion\\\/\",\"name\":\"Dandelion Easy Glow 30ml - Electric Ink\u00ae\",\"isPartOf\":{\"@id\":\"https:\\\/\\\/electricink.eu\\\/#website\"},\"primaryImageOfPage\":{\"@id\":\"https:\\\/\\\/electricink.eu\\\/producto\\\/easy-glow-dandelion\\\/#primaryimage\"},\"image\":{\"@id\":\"https:\\\/\\\/electricink.eu\\\/producto\\\/easy-glow-dandelion\\\/#primaryimage\"},\"thumbnailUrl\":\"https:\\\/\\\/electricink.eu\\\/wp-content\\\/uploads\\\/2024\\\/04\\\/Dandelion.jpg\",\"datePublished\":\"2024-04-10T11:28:08+00:00\",\"dateModified\":\"2026-04-15T08:10:24+00:00\",\"breadcrumb\":{\"@id\":\"https:\\\/\\\/electricink.eu\\\/producto\\\/easy-glow-dandelion\\\/#breadcrumb\"},\"inLanguage\":\"fr-FR\",\"potentialAction\":[{\"@type\":\"ReadAction\",\"target\":[\"https:\\\/\\\/electricink.eu\\\/producto\\\/easy-glow-dandelion\\\/\"]}]},{\"@type\":\"ImageObject\",\"inLanguage\":\"fr-FR\",\"@id\":\"https:\\\/\\\/electricink.eu\\\/producto\\\/easy-glow-dandelion\\\/#primaryimage\",\"url\":\"https:\\\/\\\/electricink.eu\\\/wp-content\\\/uploads\\\/2024\\\/04\\\/Dandelion.jpg\",\"contentUrl\":\"https:\\\/\\\/electricink.eu\\\/wp-content\\\/uploads\\\/2024\\\/04\\\/Dandelion.jpg\",\"width\":1200,\"height\":1200},{\"@type\":\"BreadcrumbList\",\"@id\":\"https:\\\/\\\/electricink.eu\\\/producto\\\/easy-glow-dandelion\\\/#breadcrumb\",\"itemListElement\":[{\"@type\":\"ListItem\",\"position\":1,\"name\":\"Portada\",\"item\":\"https:\\\/\\\/electricink.eu\\\/fr\\\/home\\\/\"},{\"@type\":\"ListItem\",\"position\":2,\"name\":\"Boutique\",\"item\":\"https:\\\/\\\/electricink.eu\\\/tienda\\\/\"},{\"@type\":\"ListItem\",\"position\":3,\"name\":\"Dandelion Easy Glow 30ml\"}]},{\"@type\":\"WebSite\",\"@id\":\"https:\\\/\\\/electricink.eu\\\/#website\",\"url\":\"https:\\\/\\\/electricink.eu\\\/\",\"name\":\"Electric Ink\u00ae\",\"description\":\"Material para Tatuar Profesional en Europa - Electric Ink\u00ae\",\"potentialAction\":[{\"@type\":\"SearchAction\",\"target\":{\"@type\":\"EntryPoint\",\"urlTemplate\":\"https:\\\/\\\/electricink.eu\\\/?s={search_term_string}\"},\"query-input\":{\"@type\":\"PropertyValueSpecification\",\"valueRequired\":true,\"valueName\":\"search_term_string\"}}],\"inLanguage\":\"fr-FR\"}]}<\/script>\n<!-- \/ Yoast SEO plugin. -->","yoast_head_json":{"title":"Dandelion Easy Glow 30ml - Electric Ink\u00ae","robots":{"index":"index","follow":"follow","max-snippet":"max-snippet:-1","max-image-preview":"max-image-preview:large","max-video-preview":"max-video-preview:-1"},"canonical":"https:\/\/electricink.eu\/producto\/easy-glow-dandelion\/","og_locale":"fr_FR","og_type":"article","og_title":"Dandelion Easy Glow 30ml - Electric Ink\u00ae","og_description":"Tinta art\u00edstica: De f\u00e1cil fijaci\u00f3n y nueva tecnolog\u00eda con baja sedimentaci\u00f3n.  Tiene excelente estabilizaci\u00f3n en medio acuoso, proporcionando mayor nivel de intensidad y ayudando a fijar el pigmento.  Con nueva tecnolog\u00eda de dispersi\u00f3n de part\u00edculas, no presenta sedimentaci\u00f3n, coagulaci\u00f3n, endurecimiento. En el caso de que suceda separaci\u00f3n de los pigmentos, basta agitar el producto.  Tiene alta resistencia a alteraciones (por luz solar, contaminantes, solventes, etc).  INFORMACI\u00d3N IMPORTANTE: Esta tinta no est\u00e1 homologada en Europa y su uso est\u00e1 destinado para pr\u00e1cticas en pieles artificiales y\/o pintura.","og_url":"https:\/\/electricink.eu\/producto\/easy-glow-dandelion\/","og_site_name":"Electric Ink\u00ae","article_modified_time":"2026-04-15T08:10:24+00:00","og_image":[{"width":1200,"height":1200,"url":"https:\/\/electricink.eu\/wp-content\/uploads\/2024\/04\/Dandelion.jpg","type":"image\/jpeg"}],"twitter_card":"summary_large_image","twitter_misc":{"Dur\u00e9e de lecture estim\u00e9e":"1 minute"},"schema":{"@context":"https:\/\/schema.org","@graph":[{"@type":"WebPage","@id":"https:\/\/electricink.eu\/producto\/easy-glow-dandelion\/","url":"https:\/\/electricink.eu\/producto\/easy-glow-dandelion\/","name":"Dandelion Easy Glow 30ml - Electric Ink\u00ae","isPartOf":{"@id":"https:\/\/electricink.eu\/#website"},"primaryImageOfPage":{"@id":"https:\/\/electricink.eu\/producto\/easy-glow-dandelion\/#primaryimage"},"image":{"@id":"https:\/\/electricink.eu\/producto\/easy-glow-dandelion\/#primaryimage"},"thumbnailUrl":"https:\/\/electricink.eu\/wp-content\/uploads\/2024\/04\/Dandelion.jpg","datePublished":"2024-04-10T11:28:08+00:00","dateModified":"2026-04-15T08:10:24+00:00","breadcrumb":{"@id":"https:\/\/electricink.eu\/producto\/easy-glow-dandelion\/#breadcrumb"},"inLanguage":"fr-FR","potentialAction":[{"@type":"ReadAction","target":["https:\/\/electricink.eu\/producto\/easy-glow-dandelion\/"]}]},{"@type":"ImageObject","inLanguage":"fr-FR","@id":"https:\/\/electricink.eu\/producto\/easy-glow-dandelion\/#primaryimage","url":"https:\/\/electricink.eu\/wp-content\/uploads\/2024\/04\/Dandelion.jpg","contentUrl":"https:\/\/electricink.eu\/wp-content\/uploads\/2024\/04\/Dandelion.jpg","width":1200,"height":1200},{"@type":"BreadcrumbList","@id":"https:\/\/electricink.eu\/producto\/easy-glow-dandelion\/#breadcrumb","itemListElement":[{"@type":"ListItem","position":1,"name":"Portada","item":"https:\/\/electricink.eu\/fr\/home\/"},{"@type":"ListItem","position":2,"name":"Boutique","item":"https:\/\/electricink.eu\/tienda\/"},{"@type":"ListItem","position":3,"name":"Dandelion Easy Glow 30ml"}]},{"@type":"WebSite","@id":"https:\/\/electricink.eu\/#website","url":"https:\/\/electricink.eu\/","name":"Electric Ink\u00ae","description":"Material para Tatuar Profesional en Europa - Electric Ink\u00ae","potentialAction":[{"@type":"SearchAction","target":{"@type":"EntryPoint","urlTemplate":"https:\/\/electricink.eu\/?s={search_term_string}"},"query-input":{"@type":"PropertyValueSpecification","valueRequired":true,"valueName":"search_term_string"}}],"inLanguage":"fr-FR"}]}},"_links":{"self":[{"href":"https:\/\/electricink.eu\/fr\/wp-json\/wp\/v2\/product\/40228","targetHints":{"allow":["GET"]}}],"collection":[{"href":"https:\/\/electricink.eu\/fr\/wp-json\/wp\/v2\/product"}],"about":[{"href":"https:\/\/electricink.eu\/fr\/wp-json\/wp\/v2\/types\/product"}],"replies":[{"embeddable":true,"href":"https:\/\/electricink.eu\/fr\/wp-json\/wp\/v2\/comments?post=40228"}],"wp:featuredmedia":[{"embeddable":true,"href":"https:\/\/electricink.eu\/fr\/wp-json\/wp\/v2\/media\/40229"}],"wp:attachment":[{"href":"https:\/\/electricink.eu\/fr\/wp-json\/wp\/v2\/media?parent=40228"}],"wp:term":[{"taxonomy":"product_brand","embeddable":true,"href":"https:\/\/electricink.eu\/fr\/wp-json\/wp\/v2\/product_brand?post=40228"},{"taxonomy":"product_cat","embeddable":true,"href":"https:\/\/electricink.eu\/fr\/wp-json\/wp\/v2\/product_cat?post=40228"},{"taxonomy":"product_tag","embeddable":true,"href":"https:\/\/electricink.eu\/fr\/wp-json\/wp\/v2\/product_tag?post=40228"}],"curies":[{"name":"wp","href":"https:\/\/api.w.org\/{rel}","templated":true}]}}