{"id":40625,"date":"2025-04-11T17:34:38","date_gmt":"2025-04-11T15:34:38","guid":{"rendered":"https:\/\/electricink.eu\/producto\/cartouches-pro-round-magnum-rmg-20-unites\/"},"modified":"2026-03-04T14:53:41","modified_gmt":"2026-03-04T13:53:41","slug":"cartouches-pro-round-magnum-rmg-20-unites","status":"publish","type":"product","link":"https:\/\/electricink.eu\/fr\/producto\/cartouches-pro-round-magnum-rmg-20-unites\/","title":{"rendered":"Magnum Round \u00d8 0.30"},"content":{"rendered":"<p><strong>Cartouches Round Magnum &#8211; RMG 0.30 &#8211; Ligne Pro Electric Ink<\/strong><\/p>\n<p><strong>SUGGESTIONS<\/strong><\/p>\n<p>Dispos\u00e9es sur deux rang\u00e9es plates d\u2019aiguilles en quinconce, formant un arc de cercle, les <strong>Cartouches Round Magnum &#8211; RMG de la gamme Pro<\/strong> sont recommand\u00e9es pour des ombrages moins marqu\u00e9s, les remplissages solides et les d\u00e9grad\u00e9s, facilitant les transitions de couleurs. *<\/p>\n<p>*Nos suggestions ne constituent pas une r\u00e8gle. Chaque artiste choisit en fonction de ses pr\u00e9f\u00e9rences et du fonctionnement de ses machines. L&rsquo;id\u00e9al est d&rsquo;essayer tous les mod\u00e8les afin de\u00a0trouver vos mod\u00e8les pr\u00e9f\u00e9r\u00e9s.<\/p>\n","protected":false},"excerpt":{"rendered":"<p><strong>Cartouches Electric Ink Pro<\/strong><\/p>\n<p>D\u00e9velopp\u00e9es avec un syst\u00e8me de s\u00e9curit\u00e9, son m\u00e9canisme de recul de l&rsquo;aiguille se distingue par une membrane en silicone au lieu de ressort. Avec ce syst\u00e8me, l\u2019encre, le sang ou d\u2019autres fluides corporels ne peuvent pas refluer dans votre \u00e9quipement, prot\u00e9geant ainsi votre machine et votre client. En plus, un syst\u00e8me de verrouillage r\u00e9sistant emp\u00eache le d\u00e9tachement de la cartouche, le jeu entre l&rsquo;aiguille et la buse est r\u00e9duit, il y a une plus grande pr\u00e9cision et une perforation plus douce.<\/p>\n<p>Les <strong>Cartouches Electric Ink Pro<\/strong> sont dot\u00e9es d&rsquo;aiguilles super long taper #10 (0,30 mm), avec un corps plus fin, une bonne option pour le Fine Line, le R\u00e9alisme, le Noir\/Gris et le Blackwork.<\/p>\n","protected":false},"featured_media":43888,"comment_status":"closed","ping_status":"closed","template":"","meta":{"_acf_changed":false,"_et_pb_use_builder":"","_et_pb_old_content":"","_et_gb_content_width":"","inline_featured_image":false},"product_brand":[],"product_cat":[808,811],"product_tag":[],"class_list":{"0":"post-40625","1":"product","2":"type-product","3":"status-publish","4":"has-post-thumbnail","6":"product_cat-tattoo-fr","7":"product_cat-cartouches-universelles","9":"first","10":"instock","11":"taxable","12":"shipping-taxable","13":"purchasable","14":"product-type-variable"},"acf":[],"yoast_head":"<!-- This site is optimized with the Yoast SEO plugin v27.4 - https:\/\/yoast.com\/product\/yoast-seo-wordpress\/ -->\n<title>Magnum Round \u00d8 0.30 - Electric Ink\u00ae<\/title>\n<meta name=\"description\" content=\"Syst\u00e8me de membrane en silicone, verrouillage r\u00e9sistant, aiguilles super long taper. Plus de protection et pr\u00e9cision, perforation plus douce.\" \/>\n<meta name=\"robots\" content=\"index, follow, max-snippet:-1, max-image-preview:large, max-video-preview:-1\" \/>\n<link rel=\"canonical\" href=\"https:\/\/electricink.eu\/fr\/producto\/cartouches-pro-round-magnum-rmg-20-unites\/\" \/>\n<meta property=\"og:locale\" content=\"fr_FR\" \/>\n<meta property=\"og:type\" content=\"article\" \/>\n<meta property=\"og:title\" content=\"Magnum Round \u00d8 0.30 - Electric Ink\u00ae\" \/>\n<meta property=\"og:description\" content=\"Syst\u00e8me de membrane en silicone, verrouillage r\u00e9sistant, aiguilles super long taper. Plus de protection et pr\u00e9cision, perforation plus douce.\" \/>\n<meta property=\"og:url\" content=\"https:\/\/electricink.eu\/fr\/producto\/cartouches-pro-round-magnum-rmg-20-unites\/\" \/>\n<meta property=\"og:site_name\" content=\"Electric Ink\u00ae\" \/>\n<meta property=\"article:modified_time\" content=\"2026-03-04T13:53:41+00:00\" \/>\n<meta property=\"og:image\" content=\"https:\/\/electricink.eu\/wp-content\/uploads\/2024\/02\/Cartucho-tattoo-Electric-Ink-Magnun_Round_030.jpg\" \/>\n\t<meta property=\"og:image:width\" content=\"1080\" \/>\n\t<meta property=\"og:image:height\" content=\"1080\" \/>\n\t<meta property=\"og:image:type\" content=\"image\/jpeg\" \/>\n<meta name=\"twitter:card\" content=\"summary_large_image\" \/>\n<meta name=\"twitter:label1\" content=\"Dur\u00e9e de lecture estim\u00e9e\" \/>\n\t<meta name=\"twitter:data1\" content=\"1 minute\" \/>\n<script type=\"application\/ld+json\" class=\"yoast-schema-graph\">{\"@context\":\"https:\\\/\\\/schema.org\",\"@graph\":[{\"@type\":\"WebPage\",\"@id\":\"https:\\\/\\\/electricink.eu\\\/fr\\\/producto\\\/cartouches-pro-round-magnum-rmg-20-unites\\\/\",\"url\":\"https:\\\/\\\/electricink.eu\\\/fr\\\/producto\\\/cartouches-pro-round-magnum-rmg-20-unites\\\/\",\"name\":\"Magnum Round \u00d8 0.30 - Electric Ink\u00ae\",\"isPartOf\":{\"@id\":\"https:\\\/\\\/electricink.eu\\\/#website\"},\"primaryImageOfPage\":{\"@id\":\"https:\\\/\\\/electricink.eu\\\/fr\\\/producto\\\/cartouches-pro-round-magnum-rmg-20-unites\\\/#primaryimage\"},\"image\":{\"@id\":\"https:\\\/\\\/electricink.eu\\\/fr\\\/producto\\\/cartouches-pro-round-magnum-rmg-20-unites\\\/#primaryimage\"},\"thumbnailUrl\":\"https:\\\/\\\/electricink.eu\\\/wp-content\\\/uploads\\\/2024\\\/02\\\/Cartucho-tattoo-Electric-Ink-Magnun_Round_030.jpg\",\"datePublished\":\"2025-04-11T15:34:38+00:00\",\"dateModified\":\"2026-03-04T13:53:41+00:00\",\"description\":\"Syst\u00e8me de membrane en silicone, verrouillage r\u00e9sistant, aiguilles super long taper. Plus de protection et pr\u00e9cision, perforation plus douce.\",\"breadcrumb\":{\"@id\":\"https:\\\/\\\/electricink.eu\\\/fr\\\/producto\\\/cartouches-pro-round-magnum-rmg-20-unites\\\/#breadcrumb\"},\"inLanguage\":\"fr-FR\",\"potentialAction\":[{\"@type\":\"ReadAction\",\"target\":[\"https:\\\/\\\/electricink.eu\\\/fr\\\/producto\\\/cartouches-pro-round-magnum-rmg-20-unites\\\/\"]}]},{\"@type\":\"ImageObject\",\"inLanguage\":\"fr-FR\",\"@id\":\"https:\\\/\\\/electricink.eu\\\/fr\\\/producto\\\/cartouches-pro-round-magnum-rmg-20-unites\\\/#primaryimage\",\"url\":\"https:\\\/\\\/electricink.eu\\\/wp-content\\\/uploads\\\/2024\\\/02\\\/Cartucho-tattoo-Electric-Ink-Magnun_Round_030.jpg\",\"contentUrl\":\"https:\\\/\\\/electricink.eu\\\/wp-content\\\/uploads\\\/2024\\\/02\\\/Cartucho-tattoo-Electric-Ink-Magnun_Round_030.jpg\",\"width\":1080,\"height\":1080},{\"@type\":\"BreadcrumbList\",\"@id\":\"https:\\\/\\\/electricink.eu\\\/fr\\\/producto\\\/cartouches-pro-round-magnum-rmg-20-unites\\\/#breadcrumb\",\"itemListElement\":[{\"@type\":\"ListItem\",\"position\":1,\"name\":\"Portada\",\"item\":\"https:\\\/\\\/electricink.eu\\\/fr\\\/home\\\/\"},{\"@type\":\"ListItem\",\"position\":2,\"name\":\"Boutique\",\"item\":\"https:\\\/\\\/electricink.eu\\\/tienda\\\/\"},{\"@type\":\"ListItem\",\"position\":3,\"name\":\"Magnum Round \u00d8 0.30\"}]},{\"@type\":\"WebSite\",\"@id\":\"https:\\\/\\\/electricink.eu\\\/#website\",\"url\":\"https:\\\/\\\/electricink.eu\\\/\",\"name\":\"Electric Ink\u00ae\",\"description\":\"Material para Tatuar Profesional en Europa - Electric Ink\u00ae\",\"potentialAction\":[{\"@type\":\"SearchAction\",\"target\":{\"@type\":\"EntryPoint\",\"urlTemplate\":\"https:\\\/\\\/electricink.eu\\\/?s={search_term_string}\"},\"query-input\":{\"@type\":\"PropertyValueSpecification\",\"valueRequired\":true,\"valueName\":\"search_term_string\"}}],\"inLanguage\":\"fr-FR\"}]}<\/script>\n<!-- \/ Yoast SEO plugin. -->","yoast_head_json":{"title":"Magnum Round \u00d8 0.30 - Electric Ink\u00ae","description":"Syst\u00e8me de membrane en silicone, verrouillage r\u00e9sistant, aiguilles super long taper. Plus de protection et pr\u00e9cision, perforation plus douce.","robots":{"index":"index","follow":"follow","max-snippet":"max-snippet:-1","max-image-preview":"max-image-preview:large","max-video-preview":"max-video-preview:-1"},"canonical":"https:\/\/electricink.eu\/fr\/producto\/cartouches-pro-round-magnum-rmg-20-unites\/","og_locale":"fr_FR","og_type":"article","og_title":"Magnum Round \u00d8 0.30 - Electric Ink\u00ae","og_description":"Syst\u00e8me de membrane en silicone, verrouillage r\u00e9sistant, aiguilles super long taper. Plus de protection et pr\u00e9cision, perforation plus douce.","og_url":"https:\/\/electricink.eu\/fr\/producto\/cartouches-pro-round-magnum-rmg-20-unites\/","og_site_name":"Electric Ink\u00ae","article_modified_time":"2026-03-04T13:53:41+00:00","og_image":[{"width":1080,"height":1080,"url":"https:\/\/electricink.eu\/wp-content\/uploads\/2024\/02\/Cartucho-tattoo-Electric-Ink-Magnun_Round_030.jpg","type":"image\/jpeg"}],"twitter_card":"summary_large_image","twitter_misc":{"Dur\u00e9e de lecture estim\u00e9e":"1 minute"},"schema":{"@context":"https:\/\/schema.org","@graph":[{"@type":"WebPage","@id":"https:\/\/electricink.eu\/fr\/producto\/cartouches-pro-round-magnum-rmg-20-unites\/","url":"https:\/\/electricink.eu\/fr\/producto\/cartouches-pro-round-magnum-rmg-20-unites\/","name":"Magnum Round \u00d8 0.30 - Electric Ink\u00ae","isPartOf":{"@id":"https:\/\/electricink.eu\/#website"},"primaryImageOfPage":{"@id":"https:\/\/electricink.eu\/fr\/producto\/cartouches-pro-round-magnum-rmg-20-unites\/#primaryimage"},"image":{"@id":"https:\/\/electricink.eu\/fr\/producto\/cartouches-pro-round-magnum-rmg-20-unites\/#primaryimage"},"thumbnailUrl":"https:\/\/electricink.eu\/wp-content\/uploads\/2024\/02\/Cartucho-tattoo-Electric-Ink-Magnun_Round_030.jpg","datePublished":"2025-04-11T15:34:38+00:00","dateModified":"2026-03-04T13:53:41+00:00","description":"Syst\u00e8me de membrane en silicone, verrouillage r\u00e9sistant, aiguilles super long taper. Plus de protection et pr\u00e9cision, perforation plus douce.","breadcrumb":{"@id":"https:\/\/electricink.eu\/fr\/producto\/cartouches-pro-round-magnum-rmg-20-unites\/#breadcrumb"},"inLanguage":"fr-FR","potentialAction":[{"@type":"ReadAction","target":["https:\/\/electricink.eu\/fr\/producto\/cartouches-pro-round-magnum-rmg-20-unites\/"]}]},{"@type":"ImageObject","inLanguage":"fr-FR","@id":"https:\/\/electricink.eu\/fr\/producto\/cartouches-pro-round-magnum-rmg-20-unites\/#primaryimage","url":"https:\/\/electricink.eu\/wp-content\/uploads\/2024\/02\/Cartucho-tattoo-Electric-Ink-Magnun_Round_030.jpg","contentUrl":"https:\/\/electricink.eu\/wp-content\/uploads\/2024\/02\/Cartucho-tattoo-Electric-Ink-Magnun_Round_030.jpg","width":1080,"height":1080},{"@type":"BreadcrumbList","@id":"https:\/\/electricink.eu\/fr\/producto\/cartouches-pro-round-magnum-rmg-20-unites\/#breadcrumb","itemListElement":[{"@type":"ListItem","position":1,"name":"Portada","item":"https:\/\/electricink.eu\/fr\/home\/"},{"@type":"ListItem","position":2,"name":"Boutique","item":"https:\/\/electricink.eu\/tienda\/"},{"@type":"ListItem","position":3,"name":"Magnum Round \u00d8 0.30"}]},{"@type":"WebSite","@id":"https:\/\/electricink.eu\/#website","url":"https:\/\/electricink.eu\/","name":"Electric Ink\u00ae","description":"Material para Tatuar Profesional en Europa - Electric Ink\u00ae","potentialAction":[{"@type":"SearchAction","target":{"@type":"EntryPoint","urlTemplate":"https:\/\/electricink.eu\/?s={search_term_string}"},"query-input":{"@type":"PropertyValueSpecification","valueRequired":true,"valueName":"search_term_string"}}],"inLanguage":"fr-FR"}]}},"_links":{"self":[{"href":"https:\/\/electricink.eu\/fr\/wp-json\/wp\/v2\/product\/40625","targetHints":{"allow":["GET"]}}],"collection":[{"href":"https:\/\/electricink.eu\/fr\/wp-json\/wp\/v2\/product"}],"about":[{"href":"https:\/\/electricink.eu\/fr\/wp-json\/wp\/v2\/types\/product"}],"replies":[{"embeddable":true,"href":"https:\/\/electricink.eu\/fr\/wp-json\/wp\/v2\/comments?post=40625"}],"wp:featuredmedia":[{"embeddable":true,"href":"https:\/\/electricink.eu\/fr\/wp-json\/wp\/v2\/media\/43888"}],"wp:attachment":[{"href":"https:\/\/electricink.eu\/fr\/wp-json\/wp\/v2\/media?parent=40625"}],"wp:term":[{"taxonomy":"product_brand","embeddable":true,"href":"https:\/\/electricink.eu\/fr\/wp-json\/wp\/v2\/product_brand?post=40625"},{"taxonomy":"product_cat","embeddable":true,"href":"https:\/\/electricink.eu\/fr\/wp-json\/wp\/v2\/product_cat?post=40625"},{"taxonomy":"product_tag","embeddable":true,"href":"https:\/\/electricink.eu\/fr\/wp-json\/wp\/v2\/product_tag?post=40625"}],"curies":[{"name":"wp","href":"https:\/\/api.w.org\/{rel}","templated":true}]}}