{"id":40705,"date":"2024-04-10T13:54:11","date_gmt":"2024-04-10T12:54:11","guid":{"rendered":"https:\/\/electricink.eu\/producto\/nuance-lip-balm-coconut-cream\/"},"modified":"2025-06-01T12:52:36","modified_gmt":"2025-06-01T10:52:36","slug":"nuance-lip-balm-coconut-cream","status":"publish","type":"product","link":"https:\/\/electricink.eu\/fr\/producto\/nuance-lip-balm-coconut-cream\/","title":{"rendered":"Nuance Lip Balm Coconut Cream"},"content":{"rendered":"<p><strong>Baume soin post-micropigmentation pour les l\u00e8vres.\u00a0<\/strong><\/p>\n<p><strong>Marque : Nuance<\/strong><\/p>\n<p><strong>Volume : 4g.<\/strong><\/p>\n","protected":false},"excerpt":{"rendered":"<p><strong>Lip Balm Coconut Cream<\/strong> est un baume enrichi en huiles, beurres et extraits de plantes, id\u00e9al pour ceux qui souhaitent un soin sp\u00e9cial apr\u00e8s la proc\u00e9dure de micropigmentation des l\u00e8vres. Gr\u00e2ce \u00e0 son action nourrissante, le <strong>Lip Balm Coconut Cream<\/strong> apporte douceur et hydratation longue dur\u00e9e \u00e0 la peau.<\/p>\n<p><strong>Recommandations :<\/strong> Il doit \u00eatre appliqu\u00e9 p\u00e9riodiquement apr\u00e8s la micropigmentation des l\u00e8vres pour favoriser la r\u00e9cup\u00e9ration de la peau garder les l\u00e8vres douces et saines.<\/p>\n","protected":false},"featured_media":40451,"comment_status":"closed","ping_status":"closed","template":"","meta":{"_acf_changed":false,"_et_pb_use_builder":"","_et_pb_old_content":"","_et_gb_content_width":"","inline_featured_image":false},"product_brand":[],"product_cat":[791,792],"product_tag":[],"class_list":{"0":"post-40705","1":"product","2":"type-product","3":"status-publish","4":"has-post-thumbnail","6":"product_cat-cosmetiques","7":"product_cat-cosmetique-micropigmentation","9":"first","10":"instock","11":"taxable","12":"shipping-taxable","13":"purchasable","14":"product-type-simple"},"acf":[],"yoast_head":"<!-- This site is optimized with the Yoast SEO plugin v27.5 - https:\/\/yoast.com\/product\/yoast-seo-wordpress\/ -->\n<title>Nuance Lip Balm Coconut Cream - Electric Ink\u00ae<\/title>\n<meta name=\"description\" content=\"Baume soin post-micropigmentation pour les l\u00e8vres. Avec des ingr\u00e9dients naturels, il favorise la r\u00e9cup\u00e9ration de la peau, lui apportant douceur et hydratation.\" \/>\n<meta name=\"robots\" content=\"index, follow, max-snippet:-1, max-image-preview:large, max-video-preview:-1\" \/>\n<link rel=\"canonical\" href=\"https:\/\/electricink.eu\/fr\/producto\/nuance-lip-balm-coconut-cream\/\" \/>\n<meta property=\"og:locale\" content=\"fr_FR\" \/>\n<meta property=\"og:type\" content=\"article\" \/>\n<meta property=\"og:title\" content=\"Nuance Lip Balm Coconut Cream - Electric Ink\u00ae\" \/>\n<meta property=\"og:description\" content=\"Baume soin post-micropigmentation pour les l\u00e8vres. Avec des ingr\u00e9dients naturels, il favorise la r\u00e9cup\u00e9ration de la peau, lui apportant douceur et hydratation.\" \/>\n<meta property=\"og:url\" content=\"https:\/\/electricink.eu\/fr\/producto\/nuance-lip-balm-coconut-cream\/\" \/>\n<meta property=\"og:site_name\" content=\"Electric Ink\u00ae\" \/>\n<meta property=\"article:modified_time\" content=\"2025-06-01T10:52:36+00:00\" \/>\n<meta property=\"og:image\" content=\"https:\/\/electricink.eu\/wp-content\/uploads\/2024\/04\/Lipbalm-Coconut-Cream_02.jpg\" \/>\n\t<meta property=\"og:image:width\" content=\"1200\" \/>\n\t<meta property=\"og:image:height\" content=\"1200\" \/>\n\t<meta property=\"og:image:type\" content=\"image\/jpeg\" \/>\n<meta name=\"twitter:card\" content=\"summary_large_image\" \/>\n<script type=\"application\/ld+json\" class=\"yoast-schema-graph\">{\"@context\":\"https:\\\/\\\/schema.org\",\"@graph\":[{\"@type\":\"WebPage\",\"@id\":\"https:\\\/\\\/electricink.eu\\\/fr\\\/producto\\\/nuance-lip-balm-coconut-cream\\\/\",\"url\":\"https:\\\/\\\/electricink.eu\\\/fr\\\/producto\\\/nuance-lip-balm-coconut-cream\\\/\",\"name\":\"Nuance Lip Balm Coconut Cream - Electric Ink\u00ae\",\"isPartOf\":{\"@id\":\"https:\\\/\\\/electricink.eu\\\/#website\"},\"primaryImageOfPage\":{\"@id\":\"https:\\\/\\\/electricink.eu\\\/fr\\\/producto\\\/nuance-lip-balm-coconut-cream\\\/#primaryimage\"},\"image\":{\"@id\":\"https:\\\/\\\/electricink.eu\\\/fr\\\/producto\\\/nuance-lip-balm-coconut-cream\\\/#primaryimage\"},\"thumbnailUrl\":\"https:\\\/\\\/electricink.eu\\\/wp-content\\\/uploads\\\/2024\\\/04\\\/Lipbalm-Coconut-Cream_02.jpg\",\"datePublished\":\"2024-04-10T12:54:11+00:00\",\"dateModified\":\"2025-06-01T10:52:36+00:00\",\"description\":\"Baume soin post-micropigmentation pour les l\u00e8vres. Avec des ingr\u00e9dients naturels, il favorise la r\u00e9cup\u00e9ration de la peau, lui apportant douceur et hydratation.\",\"breadcrumb\":{\"@id\":\"https:\\\/\\\/electricink.eu\\\/fr\\\/producto\\\/nuance-lip-balm-coconut-cream\\\/#breadcrumb\"},\"inLanguage\":\"fr-FR\",\"potentialAction\":[{\"@type\":\"ReadAction\",\"target\":[\"https:\\\/\\\/electricink.eu\\\/fr\\\/producto\\\/nuance-lip-balm-coconut-cream\\\/\"]}]},{\"@type\":\"ImageObject\",\"inLanguage\":\"fr-FR\",\"@id\":\"https:\\\/\\\/electricink.eu\\\/fr\\\/producto\\\/nuance-lip-balm-coconut-cream\\\/#primaryimage\",\"url\":\"https:\\\/\\\/electricink.eu\\\/wp-content\\\/uploads\\\/2024\\\/04\\\/Lipbalm-Coconut-Cream_02.jpg\",\"contentUrl\":\"https:\\\/\\\/electricink.eu\\\/wp-content\\\/uploads\\\/2024\\\/04\\\/Lipbalm-Coconut-Cream_02.jpg\",\"width\":1200,\"height\":1200},{\"@type\":\"BreadcrumbList\",\"@id\":\"https:\\\/\\\/electricink.eu\\\/fr\\\/producto\\\/nuance-lip-balm-coconut-cream\\\/#breadcrumb\",\"itemListElement\":[{\"@type\":\"ListItem\",\"position\":1,\"name\":\"Portada\",\"item\":\"https:\\\/\\\/electricink.eu\\\/fr\\\/home\\\/\"},{\"@type\":\"ListItem\",\"position\":2,\"name\":\"Boutique\",\"item\":\"https:\\\/\\\/electricink.eu\\\/tienda\\\/\"},{\"@type\":\"ListItem\",\"position\":3,\"name\":\"Nuance Lip Balm Coconut Cream\"}]},{\"@type\":\"WebSite\",\"@id\":\"https:\\\/\\\/electricink.eu\\\/#website\",\"url\":\"https:\\\/\\\/electricink.eu\\\/\",\"name\":\"Electric Ink\u00ae\",\"description\":\"Material para Tatuar Profesional en Europa - Electric Ink\u00ae\",\"potentialAction\":[{\"@type\":\"SearchAction\",\"target\":{\"@type\":\"EntryPoint\",\"urlTemplate\":\"https:\\\/\\\/electricink.eu\\\/?s={search_term_string}\"},\"query-input\":{\"@type\":\"PropertyValueSpecification\",\"valueRequired\":true,\"valueName\":\"search_term_string\"}}],\"inLanguage\":\"fr-FR\"}]}<\/script>\n<!-- \/ Yoast SEO plugin. -->","yoast_head_json":{"title":"Nuance Lip Balm Coconut Cream - Electric Ink\u00ae","description":"Baume soin post-micropigmentation pour les l\u00e8vres. Avec des ingr\u00e9dients naturels, il favorise la r\u00e9cup\u00e9ration de la peau, lui apportant douceur et hydratation.","robots":{"index":"index","follow":"follow","max-snippet":"max-snippet:-1","max-image-preview":"max-image-preview:large","max-video-preview":"max-video-preview:-1"},"canonical":"https:\/\/electricink.eu\/fr\/producto\/nuance-lip-balm-coconut-cream\/","og_locale":"fr_FR","og_type":"article","og_title":"Nuance Lip Balm Coconut Cream - Electric Ink\u00ae","og_description":"Baume soin post-micropigmentation pour les l\u00e8vres. Avec des ingr\u00e9dients naturels, il favorise la r\u00e9cup\u00e9ration de la peau, lui apportant douceur et hydratation.","og_url":"https:\/\/electricink.eu\/fr\/producto\/nuance-lip-balm-coconut-cream\/","og_site_name":"Electric Ink\u00ae","article_modified_time":"2025-06-01T10:52:36+00:00","og_image":[{"width":1200,"height":1200,"url":"https:\/\/electricink.eu\/wp-content\/uploads\/2024\/04\/Lipbalm-Coconut-Cream_02.jpg","type":"image\/jpeg"}],"twitter_card":"summary_large_image","schema":{"@context":"https:\/\/schema.org","@graph":[{"@type":"WebPage","@id":"https:\/\/electricink.eu\/fr\/producto\/nuance-lip-balm-coconut-cream\/","url":"https:\/\/electricink.eu\/fr\/producto\/nuance-lip-balm-coconut-cream\/","name":"Nuance Lip Balm Coconut Cream - Electric Ink\u00ae","isPartOf":{"@id":"https:\/\/electricink.eu\/#website"},"primaryImageOfPage":{"@id":"https:\/\/electricink.eu\/fr\/producto\/nuance-lip-balm-coconut-cream\/#primaryimage"},"image":{"@id":"https:\/\/electricink.eu\/fr\/producto\/nuance-lip-balm-coconut-cream\/#primaryimage"},"thumbnailUrl":"https:\/\/electricink.eu\/wp-content\/uploads\/2024\/04\/Lipbalm-Coconut-Cream_02.jpg","datePublished":"2024-04-10T12:54:11+00:00","dateModified":"2025-06-01T10:52:36+00:00","description":"Baume soin post-micropigmentation pour les l\u00e8vres. Avec des ingr\u00e9dients naturels, il favorise la r\u00e9cup\u00e9ration de la peau, lui apportant douceur et hydratation.","breadcrumb":{"@id":"https:\/\/electricink.eu\/fr\/producto\/nuance-lip-balm-coconut-cream\/#breadcrumb"},"inLanguage":"fr-FR","potentialAction":[{"@type":"ReadAction","target":["https:\/\/electricink.eu\/fr\/producto\/nuance-lip-balm-coconut-cream\/"]}]},{"@type":"ImageObject","inLanguage":"fr-FR","@id":"https:\/\/electricink.eu\/fr\/producto\/nuance-lip-balm-coconut-cream\/#primaryimage","url":"https:\/\/electricink.eu\/wp-content\/uploads\/2024\/04\/Lipbalm-Coconut-Cream_02.jpg","contentUrl":"https:\/\/electricink.eu\/wp-content\/uploads\/2024\/04\/Lipbalm-Coconut-Cream_02.jpg","width":1200,"height":1200},{"@type":"BreadcrumbList","@id":"https:\/\/electricink.eu\/fr\/producto\/nuance-lip-balm-coconut-cream\/#breadcrumb","itemListElement":[{"@type":"ListItem","position":1,"name":"Portada","item":"https:\/\/electricink.eu\/fr\/home\/"},{"@type":"ListItem","position":2,"name":"Boutique","item":"https:\/\/electricink.eu\/tienda\/"},{"@type":"ListItem","position":3,"name":"Nuance Lip Balm Coconut Cream"}]},{"@type":"WebSite","@id":"https:\/\/electricink.eu\/#website","url":"https:\/\/electricink.eu\/","name":"Electric Ink\u00ae","description":"Material para Tatuar Profesional en Europa - Electric Ink\u00ae","potentialAction":[{"@type":"SearchAction","target":{"@type":"EntryPoint","urlTemplate":"https:\/\/electricink.eu\/?s={search_term_string}"},"query-input":{"@type":"PropertyValueSpecification","valueRequired":true,"valueName":"search_term_string"}}],"inLanguage":"fr-FR"}]}},"_links":{"self":[{"href":"https:\/\/electricink.eu\/fr\/wp-json\/wp\/v2\/product\/40705","targetHints":{"allow":["GET"]}}],"collection":[{"href":"https:\/\/electricink.eu\/fr\/wp-json\/wp\/v2\/product"}],"about":[{"href":"https:\/\/electricink.eu\/fr\/wp-json\/wp\/v2\/types\/product"}],"replies":[{"embeddable":true,"href":"https:\/\/electricink.eu\/fr\/wp-json\/wp\/v2\/comments?post=40705"}],"wp:featuredmedia":[{"embeddable":true,"href":"https:\/\/electricink.eu\/fr\/wp-json\/wp\/v2\/media\/40451"}],"wp:attachment":[{"href":"https:\/\/electricink.eu\/fr\/wp-json\/wp\/v2\/media?parent=40705"}],"wp:term":[{"taxonomy":"product_brand","embeddable":true,"href":"https:\/\/electricink.eu\/fr\/wp-json\/wp\/v2\/product_brand?post=40705"},{"taxonomy":"product_cat","embeddable":true,"href":"https:\/\/electricink.eu\/fr\/wp-json\/wp\/v2\/product_cat?post=40705"},{"taxonomy":"product_tag","embeddable":true,"href":"https:\/\/electricink.eu\/fr\/wp-json\/wp\/v2\/product_tag?post=40705"}],"curies":[{"name":"wp","href":"https:\/\/api.w.org\/{rel}","templated":true}]}}