{"id":40897,"date":"2024-04-25T13:02:17","date_gmt":"2024-04-25T12:02:17","guid":{"rendered":"https:\/\/electricink.eu\/?post_type=product&#038;p=40897"},"modified":"2024-04-25T13:02:17","modified_gmt":"2024-04-25T12:02:17","slug":"grip-genesis-de-aluminio-flex-ajustable-32mm-v2","status":"publish","type":"product","link":"https:\/\/electricink.eu\/fr\/producto\/grip-genesis-de-aluminio-flex-ajustable-32mm-v2\/","title":{"rendered":"Grip Genesis de Aluminio Flex Ajustable 32mm V2"},"content":{"rendered":"<p>Grip G\u00eanesis de aluminio flex ajustable para usar con cartuchos universales y cartuchos Electric Ink<\/p>\n<p><strong>Tama\u00f1o: 32mm<\/strong><\/p>\n<p><strong>Peso: 90g<\/strong><\/p>\n<p>Disponible tambi\u00e9n en 26mm.<\/p>\n<p>&nbsp;<\/p>\n<p>IMPORTANTE: ELECTRIC INK NO ES RESPONSABLE DE LA NO ESTANDARIZACI\u00d3N O CALIDAD DE LOS CARTUCHOS GEN\u00c9RICOS \/ UNIVERSALES.<\/p>\n","protected":false},"excerpt":{"rendered":"<p>Grip G\u00eanesis de aluminio flex ajustable para usar con cartuchos universales y cartuchos Electric Ink<\/p>\n<p><strong>Tama\u00f1o: 32mm<\/strong><\/p>\n<p><strong>Peso: 90g<\/strong><\/p>\n<p>Disponible tambi\u00e9n en 26mm.<\/p>\n<p>&nbsp;<\/p>\n<p>IMPORTANTE: ELECTRIC INK NO ES RESPONSABLE DE LA NO ESTANDARIZACI\u00d3N O CALIDAD DE LOS CARTUCHOS GEN\u00c9RICOS \/ UNIVERSALES.<\/p>\n","protected":false},"featured_media":40898,"comment_status":"closed","ping_status":"closed","template":"","meta":{"_acf_changed":false,"_et_pb_use_builder":"","_et_pb_old_content":"","_et_gb_content_width":"","inline_featured_image":false},"product_brand":[],"product_cat":[33,77,78],"product_tag":[],"class_list":{"0":"post-40897","1":"product","2":"type-product","3":"status-publish","4":"has-post-thumbnail","6":"product_cat-tattoo","7":"product_cat-grips","8":"product_cat-grips-aluminio-para-cartuchos","10":"first","11":"instock","12":"taxable","13":"shipping-taxable","14":"purchasable","15":"product-type-simple"},"acf":[],"yoast_head":"<!-- This site is optimized with the Yoast SEO plugin v27.6 - https:\/\/yoast.com\/product\/yoast-seo-wordpress\/ -->\n<title>Grip Genesis de Aluminio Flex Ajustable 32mm V2 - Electric Ink\u00ae<\/title>\n<meta name=\"robots\" content=\"index, follow, max-snippet:-1, max-image-preview:large, max-video-preview:-1\" \/>\n<link rel=\"canonical\" href=\"https:\/\/electricink.eu\/producto\/grip-genesis-de-aluminio-flex-ajustable-32mm-v2\/\" \/>\n<meta property=\"og:locale\" content=\"fr_FR\" \/>\n<meta property=\"og:type\" content=\"article\" \/>\n<meta property=\"og:title\" content=\"Grip Genesis de Aluminio Flex Ajustable 32mm V2 - Electric Ink\u00ae\" \/>\n<meta property=\"og:description\" content=\"Grip G\u00eanesis de aluminio flex ajustable para usar con cartuchos universales y cartuchos Electric Ink  Tama\u00f1o: 32mm  Peso: 90g  Disponible tambi\u00e9n en 26mm.  &nbsp;  IMPORTANTE: ELECTRIC INK NO ES RESPONSABLE DE LA NO ESTANDARIZACI\u00d3N O CALIDAD DE LOS CARTUCHOS GEN\u00c9RICOS \/ UNIVERSALES.\" \/>\n<meta property=\"og:url\" content=\"https:\/\/electricink.eu\/producto\/grip-genesis-de-aluminio-flex-ajustable-32mm-v2\/\" \/>\n<meta property=\"og:site_name\" content=\"Electric Ink\u00ae\" \/>\n<meta property=\"og:image\" content=\"https:\/\/electricink.eu\/wp-content\/uploads\/2024\/04\/New-Genesis-Flex-32mm-1.jpg\" \/>\n\t<meta property=\"og:image:width\" content=\"1200\" \/>\n\t<meta property=\"og:image:height\" content=\"1200\" \/>\n\t<meta property=\"og:image:type\" content=\"image\/jpeg\" \/>\n<meta name=\"twitter:card\" content=\"summary_large_image\" \/>\n<meta name=\"twitter:label1\" content=\"Dur\u00e9e de lecture estim\u00e9e\" \/>\n\t<meta name=\"twitter:data1\" content=\"1 minute\" \/>\n<script type=\"application\/ld+json\" class=\"yoast-schema-graph\">{\"@context\":\"https:\\\/\\\/schema.org\",\"@graph\":[{\"@type\":\"WebPage\",\"@id\":\"https:\\\/\\\/electricink.eu\\\/producto\\\/grip-genesis-de-aluminio-flex-ajustable-32mm-v2\\\/\",\"url\":\"https:\\\/\\\/electricink.eu\\\/producto\\\/grip-genesis-de-aluminio-flex-ajustable-32mm-v2\\\/\",\"name\":\"Grip Genesis de Aluminio Flex Ajustable 32mm V2 - Electric Ink\u00ae\",\"isPartOf\":{\"@id\":\"https:\\\/\\\/electricink.eu\\\/#website\"},\"primaryImageOfPage\":{\"@id\":\"https:\\\/\\\/electricink.eu\\\/producto\\\/grip-genesis-de-aluminio-flex-ajustable-32mm-v2\\\/#primaryimage\"},\"image\":{\"@id\":\"https:\\\/\\\/electricink.eu\\\/producto\\\/grip-genesis-de-aluminio-flex-ajustable-32mm-v2\\\/#primaryimage\"},\"thumbnailUrl\":\"https:\\\/\\\/electricink.eu\\\/wp-content\\\/uploads\\\/2024\\\/04\\\/New-Genesis-Flex-32mm-1.jpg\",\"datePublished\":\"2024-04-25T12:02:17+00:00\",\"breadcrumb\":{\"@id\":\"https:\\\/\\\/electricink.eu\\\/producto\\\/grip-genesis-de-aluminio-flex-ajustable-32mm-v2\\\/#breadcrumb\"},\"inLanguage\":\"fr-FR\",\"potentialAction\":[{\"@type\":\"ReadAction\",\"target\":[\"https:\\\/\\\/electricink.eu\\\/producto\\\/grip-genesis-de-aluminio-flex-ajustable-32mm-v2\\\/\"]}]},{\"@type\":\"ImageObject\",\"inLanguage\":\"fr-FR\",\"@id\":\"https:\\\/\\\/electricink.eu\\\/producto\\\/grip-genesis-de-aluminio-flex-ajustable-32mm-v2\\\/#primaryimage\",\"url\":\"https:\\\/\\\/electricink.eu\\\/wp-content\\\/uploads\\\/2024\\\/04\\\/New-Genesis-Flex-32mm-1.jpg\",\"contentUrl\":\"https:\\\/\\\/electricink.eu\\\/wp-content\\\/uploads\\\/2024\\\/04\\\/New-Genesis-Flex-32mm-1.jpg\",\"width\":1200,\"height\":1200},{\"@type\":\"BreadcrumbList\",\"@id\":\"https:\\\/\\\/electricink.eu\\\/producto\\\/grip-genesis-de-aluminio-flex-ajustable-32mm-v2\\\/#breadcrumb\",\"itemListElement\":[{\"@type\":\"ListItem\",\"position\":1,\"name\":\"Portada\",\"item\":\"https:\\\/\\\/electricink.eu\\\/fr\\\/home\\\/\"},{\"@type\":\"ListItem\",\"position\":2,\"name\":\"Boutique\",\"item\":\"https:\\\/\\\/electricink.eu\\\/tienda\\\/\"},{\"@type\":\"ListItem\",\"position\":3,\"name\":\"Grip Genesis de Aluminio Flex Ajustable 32mm V2\"}]},{\"@type\":\"WebSite\",\"@id\":\"https:\\\/\\\/electricink.eu\\\/#website\",\"url\":\"https:\\\/\\\/electricink.eu\\\/\",\"name\":\"Electric Ink\u00ae\",\"description\":\"Material para Tatuar Profesional en Europa - Electric Ink\u00ae\",\"potentialAction\":[{\"@type\":\"SearchAction\",\"target\":{\"@type\":\"EntryPoint\",\"urlTemplate\":\"https:\\\/\\\/electricink.eu\\\/?s={search_term_string}\"},\"query-input\":{\"@type\":\"PropertyValueSpecification\",\"valueRequired\":true,\"valueName\":\"search_term_string\"}}],\"inLanguage\":\"fr-FR\"}]}<\/script>\n<!-- \/ Yoast SEO plugin. -->","yoast_head_json":{"title":"Grip Genesis de Aluminio Flex Ajustable 32mm V2 - Electric Ink\u00ae","robots":{"index":"index","follow":"follow","max-snippet":"max-snippet:-1","max-image-preview":"max-image-preview:large","max-video-preview":"max-video-preview:-1"},"canonical":"https:\/\/electricink.eu\/producto\/grip-genesis-de-aluminio-flex-ajustable-32mm-v2\/","og_locale":"fr_FR","og_type":"article","og_title":"Grip Genesis de Aluminio Flex Ajustable 32mm V2 - Electric Ink\u00ae","og_description":"Grip G\u00eanesis de aluminio flex ajustable para usar con cartuchos universales y cartuchos Electric Ink  Tama\u00f1o: 32mm  Peso: 90g  Disponible tambi\u00e9n en 26mm.  &nbsp;  IMPORTANTE: ELECTRIC INK NO ES RESPONSABLE DE LA NO ESTANDARIZACI\u00d3N O CALIDAD DE LOS CARTUCHOS GEN\u00c9RICOS \/ UNIVERSALES.","og_url":"https:\/\/electricink.eu\/producto\/grip-genesis-de-aluminio-flex-ajustable-32mm-v2\/","og_site_name":"Electric Ink\u00ae","og_image":[{"width":1200,"height":1200,"url":"https:\/\/electricink.eu\/wp-content\/uploads\/2024\/04\/New-Genesis-Flex-32mm-1.jpg","type":"image\/jpeg"}],"twitter_card":"summary_large_image","twitter_misc":{"Dur\u00e9e de lecture estim\u00e9e":"1 minute"},"schema":{"@context":"https:\/\/schema.org","@graph":[{"@type":"WebPage","@id":"https:\/\/electricink.eu\/producto\/grip-genesis-de-aluminio-flex-ajustable-32mm-v2\/","url":"https:\/\/electricink.eu\/producto\/grip-genesis-de-aluminio-flex-ajustable-32mm-v2\/","name":"Grip Genesis de Aluminio Flex Ajustable 32mm V2 - Electric Ink\u00ae","isPartOf":{"@id":"https:\/\/electricink.eu\/#website"},"primaryImageOfPage":{"@id":"https:\/\/electricink.eu\/producto\/grip-genesis-de-aluminio-flex-ajustable-32mm-v2\/#primaryimage"},"image":{"@id":"https:\/\/electricink.eu\/producto\/grip-genesis-de-aluminio-flex-ajustable-32mm-v2\/#primaryimage"},"thumbnailUrl":"https:\/\/electricink.eu\/wp-content\/uploads\/2024\/04\/New-Genesis-Flex-32mm-1.jpg","datePublished":"2024-04-25T12:02:17+00:00","breadcrumb":{"@id":"https:\/\/electricink.eu\/producto\/grip-genesis-de-aluminio-flex-ajustable-32mm-v2\/#breadcrumb"},"inLanguage":"fr-FR","potentialAction":[{"@type":"ReadAction","target":["https:\/\/electricink.eu\/producto\/grip-genesis-de-aluminio-flex-ajustable-32mm-v2\/"]}]},{"@type":"ImageObject","inLanguage":"fr-FR","@id":"https:\/\/electricink.eu\/producto\/grip-genesis-de-aluminio-flex-ajustable-32mm-v2\/#primaryimage","url":"https:\/\/electricink.eu\/wp-content\/uploads\/2024\/04\/New-Genesis-Flex-32mm-1.jpg","contentUrl":"https:\/\/electricink.eu\/wp-content\/uploads\/2024\/04\/New-Genesis-Flex-32mm-1.jpg","width":1200,"height":1200},{"@type":"BreadcrumbList","@id":"https:\/\/electricink.eu\/producto\/grip-genesis-de-aluminio-flex-ajustable-32mm-v2\/#breadcrumb","itemListElement":[{"@type":"ListItem","position":1,"name":"Portada","item":"https:\/\/electricink.eu\/fr\/home\/"},{"@type":"ListItem","position":2,"name":"Boutique","item":"https:\/\/electricink.eu\/tienda\/"},{"@type":"ListItem","position":3,"name":"Grip Genesis de Aluminio Flex Ajustable 32mm V2"}]},{"@type":"WebSite","@id":"https:\/\/electricink.eu\/#website","url":"https:\/\/electricink.eu\/","name":"Electric Ink\u00ae","description":"Material para Tatuar Profesional en Europa - Electric Ink\u00ae","potentialAction":[{"@type":"SearchAction","target":{"@type":"EntryPoint","urlTemplate":"https:\/\/electricink.eu\/?s={search_term_string}"},"query-input":{"@type":"PropertyValueSpecification","valueRequired":true,"valueName":"search_term_string"}}],"inLanguage":"fr-FR"}]}},"_links":{"self":[{"href":"https:\/\/electricink.eu\/fr\/wp-json\/wp\/v2\/product\/40897","targetHints":{"allow":["GET"]}}],"collection":[{"href":"https:\/\/electricink.eu\/fr\/wp-json\/wp\/v2\/product"}],"about":[{"href":"https:\/\/electricink.eu\/fr\/wp-json\/wp\/v2\/types\/product"}],"replies":[{"embeddable":true,"href":"https:\/\/electricink.eu\/fr\/wp-json\/wp\/v2\/comments?post=40897"}],"wp:featuredmedia":[{"embeddable":true,"href":"https:\/\/electricink.eu\/fr\/wp-json\/wp\/v2\/media\/40898"}],"wp:attachment":[{"href":"https:\/\/electricink.eu\/fr\/wp-json\/wp\/v2\/media?parent=40897"}],"wp:term":[{"taxonomy":"product_brand","embeddable":true,"href":"https:\/\/electricink.eu\/fr\/wp-json\/wp\/v2\/product_brand?post=40897"},{"taxonomy":"product_cat","embeddable":true,"href":"https:\/\/electricink.eu\/fr\/wp-json\/wp\/v2\/product_cat?post=40897"},{"taxonomy":"product_tag","embeddable":true,"href":"https:\/\/electricink.eu\/fr\/wp-json\/wp\/v2\/product_tag?post=40897"}],"curies":[{"name":"wp","href":"https:\/\/api.w.org\/{rel}","templated":true}]}}