{"id":41384,"date":"2024-04-25T12:40:02","date_gmt":"2024-04-25T10:40:02","guid":{"rendered":"https:\/\/electricink.eu\/producto\/contour-pate-blanche-nuance\/"},"modified":"2025-05-17T22:16:46","modified_gmt":"2025-05-17T20:16:46","slug":"contour-pate-blanche-nuance","status":"publish","type":"product","link":"https:\/\/electricink.eu\/fr\/producto\/contour-pate-blanche-nuance\/","title":{"rendered":"Contour P\u00e2te Blanche Nuance"},"content":{"rendered":"<p><strong>Contour \u2013 P\u00e2te Blanche Nuance: format 7g<\/strong><\/p>\n<p><strong>Application : <\/strong><\/p>\n<ol>\n<li>Pr\u00e9parez correctement la zone d&rsquo;application.<\/li>\n<li>A l&rsquo;aide d&rsquo;un pinceau adapt\u00e9, appliquez la P\u00e2te Blanche Contour d\u00e9licatement et pr\u00e9cis\u00e9ment.<\/li>\n<li>Effectuez la proc\u00e9dure de micropigmentation de mani\u00e8re appropri\u00e9e.<\/li>\n<li>Une fois termin\u00e9, nettoyez d\u00e9licatement la zone trait\u00e9e et constatez les r\u00e9sultats impressionnants !<\/li>\n<\/ol>\n<p><strong>Questions fr\u00e9quemment pos\u00e9es :<\/strong><\/p>\n<ul>\n<li>Puis-je utiliser la Contour &#8211; P\u00e2te Blanche Nuance sur tous les types de peau ? Oui, notre p\u00e2te convient \u00e0 tous les types de peau.<\/li>\n<li>La P\u00e2te Blanche est-elle sans danger pour les proc\u00e9dures de micropigmentation ? Oui, la formule non toxique et inerte de Contour garantit la s\u00e9curit\u00e9 des proc\u00e9dures de micropigmentation.<\/li>\n<li>Quelle est l\u2019action de la Vitamine E, pr\u00e9sente dans la formulation de la P\u00e2te Blanche ? La vitamine E poss\u00e8de des propri\u00e9t\u00e9s antioxydantes et hydratantes qui prot\u00e8gent la peau contre les radicaux libres, contribuant \u00e0 une peau saine.<\/li>\n<li>Comment dois-je conserver la Contour &#8211; P\u00e2te Blanche Nuance ? Pour pr\u00e9server sa qualit\u00e9, conserver dans un endroit frais et sec, \u00e0 l&rsquo;abri de la lumi\u00e8re directe du soleil.<\/li>\n<\/ul>\n<p>&nbsp;<\/p>\n<p>&nbsp;<\/p>\n","protected":false},"excerpt":{"rendered":"<p><strong>Contour \u2013 P\u00e2te Blanche Nuance<\/strong> est le choix id\u00e9al pour les professionnels qui veulent atteindre l\u2019excellence en esquisse, dessin et contour, en proc\u00e9dures de henn\u00e9 ou de micropigmentation. Notre formule exclusive, non toxique et inerte, est id\u00e9ale pour les deux proc\u00e9dures, offrant \u00e0 l&rsquo;artiste et \u00e0 son client une exp\u00e9rience exceptionnelle.<\/p>\n<p><strong>Caract\u00e9ristiques principales :<\/strong><\/p>\n<ul>\n<li>Un <strong>glissement doux<\/strong> du pinceau permet \u00e0 l&rsquo;artiste de contr\u00f4ler avec pr\u00e9cision la r\u00e9alisation du travail.<\/li>\n<li>La <strong>formulation inerte et s\u00fbre<\/strong> de la p\u00e2te blanche permet d&rsquo;obtenir des r\u00e9sultats exceptionnels dans les proc\u00e9dures de micropigmentation, sans provoquer d&rsquo;irritation cutan\u00e9e.<\/li>\n<li><strong>Enrichie en vitamine E<\/strong>.<\/li>\n<li><strong>Versatile<\/strong>, la Contour &#8211; P\u00e2te Blanche Nuance convient \u00e0 tous les types de peau et aide l&rsquo;artiste \u00e0 obtenir d&rsquo;excellents r\u00e9sultats.<\/li>\n<\/ul>\n<p>&nbsp;<\/p>\n","protected":false},"featured_media":40869,"comment_status":"closed","ping_status":"closed","template":"","meta":{"_acf_changed":false,"_et_pb_use_builder":"","_et_pb_old_content":"","_et_gb_content_width":"","inline_featured_image":false},"product_brand":[],"product_cat":[791,792],"product_tag":[],"class_list":{"0":"post-41384","1":"product","2":"type-product","3":"status-publish","4":"has-post-thumbnail","6":"product_cat-cosmetiques","7":"product_cat-cosmetique-micropigmentation","9":"first","10":"instock","11":"taxable","12":"shipping-taxable","13":"purchasable","14":"product-type-simple"},"acf":[],"yoast_head":"<!-- This site is optimized with the Yoast SEO plugin v27.5 - https:\/\/yoast.com\/product\/yoast-seo-wordpress\/ -->\n<title>Contour P\u00e2te Blanche Nuance - Electric Ink\u00ae<\/title>\n<meta name=\"description\" content=\"Contour P\u00e2te Blanche Nuance : Formule exclusive, non toxique et inerte, id\u00e9ale pour tous les types de peau en proc\u00e9dure de henn\u00e9 ou de micropigmentation.\" \/>\n<meta name=\"robots\" content=\"index, follow, max-snippet:-1, max-image-preview:large, max-video-preview:-1\" \/>\n<link rel=\"canonical\" href=\"https:\/\/electricink.eu\/fr\/producto\/contour-pate-blanche-nuance\/\" \/>\n<meta property=\"og:locale\" content=\"fr_FR\" \/>\n<meta property=\"og:type\" content=\"article\" \/>\n<meta property=\"og:title\" content=\"Contour P\u00e2te Blanche Nuance - Electric Ink\u00ae\" \/>\n<meta property=\"og:description\" content=\"Contour P\u00e2te Blanche Nuance : Formule exclusive, non toxique et inerte, id\u00e9ale pour tous les types de peau en proc\u00e9dure de henn\u00e9 ou de micropigmentation.\" \/>\n<meta property=\"og:url\" content=\"https:\/\/electricink.eu\/fr\/producto\/contour-pate-blanche-nuance\/\" \/>\n<meta property=\"og:site_name\" content=\"Electric Ink\u00ae\" \/>\n<meta property=\"article:modified_time\" content=\"2025-05-17T20:16:46+00:00\" \/>\n<meta property=\"og:image\" content=\"https:\/\/electricink.eu\/wp-content\/uploads\/2024\/04\/CONTOUR-01.jpg\" \/>\n\t<meta property=\"og:image:width\" content=\"1188\" \/>\n\t<meta property=\"og:image:height\" content=\"1200\" \/>\n\t<meta property=\"og:image:type\" content=\"image\/jpeg\" \/>\n<meta name=\"twitter:card\" content=\"summary_large_image\" \/>\n<meta name=\"twitter:label1\" content=\"Dur\u00e9e de lecture estim\u00e9e\" \/>\n\t<meta name=\"twitter:data1\" content=\"1 minute\" \/>\n<script type=\"application\/ld+json\" class=\"yoast-schema-graph\">{\"@context\":\"https:\\\/\\\/schema.org\",\"@graph\":[{\"@type\":\"WebPage\",\"@id\":\"https:\\\/\\\/electricink.eu\\\/fr\\\/producto\\\/contour-pate-blanche-nuance\\\/\",\"url\":\"https:\\\/\\\/electricink.eu\\\/fr\\\/producto\\\/contour-pate-blanche-nuance\\\/\",\"name\":\"Contour P\u00e2te Blanche Nuance - Electric Ink\u00ae\",\"isPartOf\":{\"@id\":\"https:\\\/\\\/electricink.eu\\\/#website\"},\"primaryImageOfPage\":{\"@id\":\"https:\\\/\\\/electricink.eu\\\/fr\\\/producto\\\/contour-pate-blanche-nuance\\\/#primaryimage\"},\"image\":{\"@id\":\"https:\\\/\\\/electricink.eu\\\/fr\\\/producto\\\/contour-pate-blanche-nuance\\\/#primaryimage\"},\"thumbnailUrl\":\"https:\\\/\\\/electricink.eu\\\/wp-content\\\/uploads\\\/2024\\\/04\\\/CONTOUR-01.jpg\",\"datePublished\":\"2024-04-25T10:40:02+00:00\",\"dateModified\":\"2025-05-17T20:16:46+00:00\",\"description\":\"Contour P\u00e2te Blanche Nuance : Formule exclusive, non toxique et inerte, id\u00e9ale pour tous les types de peau en proc\u00e9dure de henn\u00e9 ou de micropigmentation.\",\"breadcrumb\":{\"@id\":\"https:\\\/\\\/electricink.eu\\\/fr\\\/producto\\\/contour-pate-blanche-nuance\\\/#breadcrumb\"},\"inLanguage\":\"fr-FR\",\"potentialAction\":[{\"@type\":\"ReadAction\",\"target\":[\"https:\\\/\\\/electricink.eu\\\/fr\\\/producto\\\/contour-pate-blanche-nuance\\\/\"]}]},{\"@type\":\"ImageObject\",\"inLanguage\":\"fr-FR\",\"@id\":\"https:\\\/\\\/electricink.eu\\\/fr\\\/producto\\\/contour-pate-blanche-nuance\\\/#primaryimage\",\"url\":\"https:\\\/\\\/electricink.eu\\\/wp-content\\\/uploads\\\/2024\\\/04\\\/CONTOUR-01.jpg\",\"contentUrl\":\"https:\\\/\\\/electricink.eu\\\/wp-content\\\/uploads\\\/2024\\\/04\\\/CONTOUR-01.jpg\",\"width\":1188,\"height\":1200},{\"@type\":\"BreadcrumbList\",\"@id\":\"https:\\\/\\\/electricink.eu\\\/fr\\\/producto\\\/contour-pate-blanche-nuance\\\/#breadcrumb\",\"itemListElement\":[{\"@type\":\"ListItem\",\"position\":1,\"name\":\"Portada\",\"item\":\"https:\\\/\\\/electricink.eu\\\/fr\\\/home\\\/\"},{\"@type\":\"ListItem\",\"position\":2,\"name\":\"Boutique\",\"item\":\"https:\\\/\\\/electricink.eu\\\/tienda\\\/\"},{\"@type\":\"ListItem\",\"position\":3,\"name\":\"Contour P\u00e2te Blanche Nuance\"}]},{\"@type\":\"WebSite\",\"@id\":\"https:\\\/\\\/electricink.eu\\\/#website\",\"url\":\"https:\\\/\\\/electricink.eu\\\/\",\"name\":\"Electric Ink\u00ae\",\"description\":\"Material para Tatuar Profesional en Europa - Electric Ink\u00ae\",\"potentialAction\":[{\"@type\":\"SearchAction\",\"target\":{\"@type\":\"EntryPoint\",\"urlTemplate\":\"https:\\\/\\\/electricink.eu\\\/?s={search_term_string}\"},\"query-input\":{\"@type\":\"PropertyValueSpecification\",\"valueRequired\":true,\"valueName\":\"search_term_string\"}}],\"inLanguage\":\"fr-FR\"}]}<\/script>\n<!-- \/ Yoast SEO plugin. -->","yoast_head_json":{"title":"Contour P\u00e2te Blanche Nuance - Electric Ink\u00ae","description":"Contour P\u00e2te Blanche Nuance : Formule exclusive, non toxique et inerte, id\u00e9ale pour tous les types de peau en proc\u00e9dure de henn\u00e9 ou de micropigmentation.","robots":{"index":"index","follow":"follow","max-snippet":"max-snippet:-1","max-image-preview":"max-image-preview:large","max-video-preview":"max-video-preview:-1"},"canonical":"https:\/\/electricink.eu\/fr\/producto\/contour-pate-blanche-nuance\/","og_locale":"fr_FR","og_type":"article","og_title":"Contour P\u00e2te Blanche Nuance - Electric Ink\u00ae","og_description":"Contour P\u00e2te Blanche Nuance : Formule exclusive, non toxique et inerte, id\u00e9ale pour tous les types de peau en proc\u00e9dure de henn\u00e9 ou de micropigmentation.","og_url":"https:\/\/electricink.eu\/fr\/producto\/contour-pate-blanche-nuance\/","og_site_name":"Electric Ink\u00ae","article_modified_time":"2025-05-17T20:16:46+00:00","og_image":[{"width":1188,"height":1200,"url":"https:\/\/electricink.eu\/wp-content\/uploads\/2024\/04\/CONTOUR-01.jpg","type":"image\/jpeg"}],"twitter_card":"summary_large_image","twitter_misc":{"Dur\u00e9e de lecture estim\u00e9e":"1 minute"},"schema":{"@context":"https:\/\/schema.org","@graph":[{"@type":"WebPage","@id":"https:\/\/electricink.eu\/fr\/producto\/contour-pate-blanche-nuance\/","url":"https:\/\/electricink.eu\/fr\/producto\/contour-pate-blanche-nuance\/","name":"Contour P\u00e2te Blanche Nuance - Electric Ink\u00ae","isPartOf":{"@id":"https:\/\/electricink.eu\/#website"},"primaryImageOfPage":{"@id":"https:\/\/electricink.eu\/fr\/producto\/contour-pate-blanche-nuance\/#primaryimage"},"image":{"@id":"https:\/\/electricink.eu\/fr\/producto\/contour-pate-blanche-nuance\/#primaryimage"},"thumbnailUrl":"https:\/\/electricink.eu\/wp-content\/uploads\/2024\/04\/CONTOUR-01.jpg","datePublished":"2024-04-25T10:40:02+00:00","dateModified":"2025-05-17T20:16:46+00:00","description":"Contour P\u00e2te Blanche Nuance : Formule exclusive, non toxique et inerte, id\u00e9ale pour tous les types de peau en proc\u00e9dure de henn\u00e9 ou de micropigmentation.","breadcrumb":{"@id":"https:\/\/electricink.eu\/fr\/producto\/contour-pate-blanche-nuance\/#breadcrumb"},"inLanguage":"fr-FR","potentialAction":[{"@type":"ReadAction","target":["https:\/\/electricink.eu\/fr\/producto\/contour-pate-blanche-nuance\/"]}]},{"@type":"ImageObject","inLanguage":"fr-FR","@id":"https:\/\/electricink.eu\/fr\/producto\/contour-pate-blanche-nuance\/#primaryimage","url":"https:\/\/electricink.eu\/wp-content\/uploads\/2024\/04\/CONTOUR-01.jpg","contentUrl":"https:\/\/electricink.eu\/wp-content\/uploads\/2024\/04\/CONTOUR-01.jpg","width":1188,"height":1200},{"@type":"BreadcrumbList","@id":"https:\/\/electricink.eu\/fr\/producto\/contour-pate-blanche-nuance\/#breadcrumb","itemListElement":[{"@type":"ListItem","position":1,"name":"Portada","item":"https:\/\/electricink.eu\/fr\/home\/"},{"@type":"ListItem","position":2,"name":"Boutique","item":"https:\/\/electricink.eu\/tienda\/"},{"@type":"ListItem","position":3,"name":"Contour P\u00e2te Blanche Nuance"}]},{"@type":"WebSite","@id":"https:\/\/electricink.eu\/#website","url":"https:\/\/electricink.eu\/","name":"Electric Ink\u00ae","description":"Material para Tatuar Profesional en Europa - Electric Ink\u00ae","potentialAction":[{"@type":"SearchAction","target":{"@type":"EntryPoint","urlTemplate":"https:\/\/electricink.eu\/?s={search_term_string}"},"query-input":{"@type":"PropertyValueSpecification","valueRequired":true,"valueName":"search_term_string"}}],"inLanguage":"fr-FR"}]}},"_links":{"self":[{"href":"https:\/\/electricink.eu\/fr\/wp-json\/wp\/v2\/product\/41384","targetHints":{"allow":["GET"]}}],"collection":[{"href":"https:\/\/electricink.eu\/fr\/wp-json\/wp\/v2\/product"}],"about":[{"href":"https:\/\/electricink.eu\/fr\/wp-json\/wp\/v2\/types\/product"}],"replies":[{"embeddable":true,"href":"https:\/\/electricink.eu\/fr\/wp-json\/wp\/v2\/comments?post=41384"}],"wp:featuredmedia":[{"embeddable":true,"href":"https:\/\/electricink.eu\/fr\/wp-json\/wp\/v2\/media\/40869"}],"wp:attachment":[{"href":"https:\/\/electricink.eu\/fr\/wp-json\/wp\/v2\/media?parent=41384"}],"wp:term":[{"taxonomy":"product_brand","embeddable":true,"href":"https:\/\/electricink.eu\/fr\/wp-json\/wp\/v2\/product_brand?post=41384"},{"taxonomy":"product_cat","embeddable":true,"href":"https:\/\/electricink.eu\/fr\/wp-json\/wp\/v2\/product_cat?post=41384"},{"taxonomy":"product_tag","embeddable":true,"href":"https:\/\/electricink.eu\/fr\/wp-json\/wp\/v2\/product_tag?post=41384"}],"curies":[{"name":"wp","href":"https:\/\/api.w.org\/{rel}","templated":true}]}}