{"id":41403,"date":"2024-04-25T13:07:12","date_gmt":"2024-04-25T11:07:12","guid":{"rendered":"https:\/\/electricink.eu\/producto\/cleaning-cap-20-un\/"},"modified":"2025-08-30T16:56:48","modified_gmt":"2025-08-30T14:56:48","slug":"cleaning-cap-20-un","status":"publish","type":"product","link":"https:\/\/electricink.eu\/fr\/producto\/cleaning-cap-20-un\/","title":{"rendered":"Cleaning Cap &#8211; 20 un"},"content":{"rendered":"<p><strong>Mousse nettoyante pour aiguilles Cleaning Cap:<\/strong> bo\u00eete de 20 unit\u00e9s<\/p>\n<p><strong>Utilisation<\/strong> : Ajoutez quelques gouttes d&rsquo;eau distill\u00e9e au Cleaning Cap, m\u00e9langez et utilisez chaque fois que n\u00e9cessaire pendant la proc\u00e9dure.<\/p>\n","protected":false},"excerpt":{"rendered":"<p>Le <strong>Cleaning Cap<\/strong> est une mousse sp\u00e9ciale pour nettoyer les aiguilles.<\/p>\n<p>Pendant la proc\u00e9dure de tatouage, il est courant que l\u2019aiguille accumule des pigments ou des r\u00e9sidus de papier qui peuvent emp\u00eacher la fluidit\u00e9 correcte de l\u2019encre. Gr\u00e2ce au Cleaning Cap, il est possible de nettoyer compl\u00e8tement les pointes des aiguilles, en \u00e9liminant tout r\u00e9sidu et en \u00e9vitant de nouvelles accumulations.<\/p>\n<p>Une mani\u00e8re s\u00fbre et efficace de prendre soin et de pr\u00e9server la qualit\u00e9 de votre travail!\u00a0<\/p>\n","protected":false},"featured_media":40909,"comment_status":"closed","ping_status":"closed","template":"","meta":{"_acf_changed":false,"_et_pb_use_builder":"","_et_pb_old_content":"","_et_gb_content_width":"","inline_featured_image":false},"product_brand":[],"product_cat":[781,784],"product_tag":[],"class_list":{"0":"post-41403","1":"product","2":"type-product","3":"status-publish","4":"has-post-thumbnail","6":"product_cat-accessoires-pour-tatouer","7":"product_cat-ink-caps-fr","9":"first","10":"instock","11":"taxable","12":"shipping-taxable","13":"purchasable","14":"product-type-simple"},"acf":[],"yoast_head":"<!-- This site is optimized with the Yoast SEO plugin v27.5 - https:\/\/yoast.com\/product\/yoast-seo-wordpress\/ -->\n<title>Cleaning Cap - 20 un - Electric Ink\u00ae<\/title>\n<meta name=\"description\" content=\"Mousse sp\u00e9ciale pour un nettoyage total des aiguilles qui \u00e9limine tout r\u00e9sidu et \u00e9vite de nouvelles accumulations. Soin n\u00e9cessaire et efficace !\" \/>\n<meta name=\"robots\" content=\"index, follow, max-snippet:-1, max-image-preview:large, max-video-preview:-1\" \/>\n<link rel=\"canonical\" href=\"https:\/\/electricink.eu\/producto\/cleaning-cap-box-of-20\/\" \/>\n<meta property=\"og:locale\" content=\"fr_FR\" \/>\n<meta property=\"og:type\" content=\"article\" \/>\n<meta property=\"og:title\" content=\"Cleaning Cap - 20 un - Electric Ink\u00ae\" \/>\n<meta property=\"og:description\" content=\"Mousse sp\u00e9ciale pour un nettoyage total des aiguilles qui \u00e9limine tout r\u00e9sidu et \u00e9vite de nouvelles accumulations. Soin n\u00e9cessaire et efficace !\" \/>\n<meta property=\"og:url\" content=\"https:\/\/electricink.eu\/producto\/cleaning-cap-box-of-20\/\" \/>\n<meta property=\"og:site_name\" content=\"Electric Ink\u00ae\" \/>\n<meta property=\"article:modified_time\" content=\"2025-08-30T14:56:48+00:00\" \/>\n<meta property=\"og:image\" content=\"https:\/\/electricink.eu\/wp-content\/uploads\/2024\/04\/7342_electric-ink-cleaning-cap-pr-12845-eleccleancap_s1_637801951597951613.jpg\" \/>\n\t<meta property=\"og:image:width\" content=\"300\" \/>\n\t<meta property=\"og:image:height\" content=\"300\" \/>\n\t<meta property=\"og:image:type\" content=\"image\/jpeg\" \/>\n<meta name=\"twitter:card\" content=\"summary_large_image\" \/>\n<script type=\"application\/ld+json\" class=\"yoast-schema-graph\">{\"@context\":\"https:\\\/\\\/schema.org\",\"@graph\":[{\"@type\":\"WebPage\",\"@id\":\"https:\\\/\\\/electricink.eu\\\/producto\\\/cleaning-cap-box-of-20\\\/\",\"url\":\"https:\\\/\\\/electricink.eu\\\/producto\\\/cleaning-cap-box-of-20\\\/\",\"name\":\"Cleaning Cap - 20 un - Electric Ink\u00ae\",\"isPartOf\":{\"@id\":\"https:\\\/\\\/electricink.eu\\\/#website\"},\"primaryImageOfPage\":{\"@id\":\"https:\\\/\\\/electricink.eu\\\/producto\\\/cleaning-cap-box-of-20\\\/#primaryimage\"},\"image\":{\"@id\":\"https:\\\/\\\/electricink.eu\\\/producto\\\/cleaning-cap-box-of-20\\\/#primaryimage\"},\"thumbnailUrl\":\"https:\\\/\\\/electricink.eu\\\/wp-content\\\/uploads\\\/2024\\\/04\\\/7342_electric-ink-cleaning-cap-pr-12845-eleccleancap_s1_637801951597951613.jpg\",\"datePublished\":\"2024-04-25T11:07:12+00:00\",\"dateModified\":\"2025-08-30T14:56:48+00:00\",\"description\":\"Mousse sp\u00e9ciale pour un nettoyage total des aiguilles qui \u00e9limine tout r\u00e9sidu et \u00e9vite de nouvelles accumulations. Soin n\u00e9cessaire et efficace !\",\"breadcrumb\":{\"@id\":\"https:\\\/\\\/electricink.eu\\\/producto\\\/cleaning-cap-box-of-20\\\/#breadcrumb\"},\"inLanguage\":\"fr-FR\",\"potentialAction\":[{\"@type\":\"ReadAction\",\"target\":[\"https:\\\/\\\/electricink.eu\\\/producto\\\/cleaning-cap-box-of-20\\\/\"]}]},{\"@type\":\"ImageObject\",\"inLanguage\":\"fr-FR\",\"@id\":\"https:\\\/\\\/electricink.eu\\\/producto\\\/cleaning-cap-box-of-20\\\/#primaryimage\",\"url\":\"https:\\\/\\\/electricink.eu\\\/wp-content\\\/uploads\\\/2024\\\/04\\\/7342_electric-ink-cleaning-cap-pr-12845-eleccleancap_s1_637801951597951613.jpg\",\"contentUrl\":\"https:\\\/\\\/electricink.eu\\\/wp-content\\\/uploads\\\/2024\\\/04\\\/7342_electric-ink-cleaning-cap-pr-12845-eleccleancap_s1_637801951597951613.jpg\",\"width\":300,\"height\":300},{\"@type\":\"BreadcrumbList\",\"@id\":\"https:\\\/\\\/electricink.eu\\\/producto\\\/cleaning-cap-box-of-20\\\/#breadcrumb\",\"itemListElement\":[{\"@type\":\"ListItem\",\"position\":1,\"name\":\"Portada\",\"item\":\"https:\\\/\\\/electricink.eu\\\/fr\\\/home\\\/\"},{\"@type\":\"ListItem\",\"position\":2,\"name\":\"Boutique\",\"item\":\"https:\\\/\\\/electricink.eu\\\/tienda\\\/\"},{\"@type\":\"ListItem\",\"position\":3,\"name\":\"Cleaning Cap &#8211; 20 un\"}]},{\"@type\":\"WebSite\",\"@id\":\"https:\\\/\\\/electricink.eu\\\/#website\",\"url\":\"https:\\\/\\\/electricink.eu\\\/\",\"name\":\"Electric Ink\u00ae\",\"description\":\"Material para Tatuar Profesional en Europa - Electric Ink\u00ae\",\"potentialAction\":[{\"@type\":\"SearchAction\",\"target\":{\"@type\":\"EntryPoint\",\"urlTemplate\":\"https:\\\/\\\/electricink.eu\\\/?s={search_term_string}\"},\"query-input\":{\"@type\":\"PropertyValueSpecification\",\"valueRequired\":true,\"valueName\":\"search_term_string\"}}],\"inLanguage\":\"fr-FR\"}]}<\/script>\n<!-- \/ Yoast SEO plugin. -->","yoast_head_json":{"title":"Cleaning Cap - 20 un - Electric Ink\u00ae","description":"Mousse sp\u00e9ciale pour un nettoyage total des aiguilles qui \u00e9limine tout r\u00e9sidu et \u00e9vite de nouvelles accumulations. Soin n\u00e9cessaire et efficace !","robots":{"index":"index","follow":"follow","max-snippet":"max-snippet:-1","max-image-preview":"max-image-preview:large","max-video-preview":"max-video-preview:-1"},"canonical":"https:\/\/electricink.eu\/producto\/cleaning-cap-box-of-20\/","og_locale":"fr_FR","og_type":"article","og_title":"Cleaning Cap - 20 un - Electric Ink\u00ae","og_description":"Mousse sp\u00e9ciale pour un nettoyage total des aiguilles qui \u00e9limine tout r\u00e9sidu et \u00e9vite de nouvelles accumulations. Soin n\u00e9cessaire et efficace !","og_url":"https:\/\/electricink.eu\/producto\/cleaning-cap-box-of-20\/","og_site_name":"Electric Ink\u00ae","article_modified_time":"2025-08-30T14:56:48+00:00","og_image":[{"width":300,"height":300,"url":"https:\/\/electricink.eu\/wp-content\/uploads\/2024\/04\/7342_electric-ink-cleaning-cap-pr-12845-eleccleancap_s1_637801951597951613.jpg","type":"image\/jpeg"}],"twitter_card":"summary_large_image","schema":{"@context":"https:\/\/schema.org","@graph":[{"@type":"WebPage","@id":"https:\/\/electricink.eu\/producto\/cleaning-cap-box-of-20\/","url":"https:\/\/electricink.eu\/producto\/cleaning-cap-box-of-20\/","name":"Cleaning Cap - 20 un - Electric Ink\u00ae","isPartOf":{"@id":"https:\/\/electricink.eu\/#website"},"primaryImageOfPage":{"@id":"https:\/\/electricink.eu\/producto\/cleaning-cap-box-of-20\/#primaryimage"},"image":{"@id":"https:\/\/electricink.eu\/producto\/cleaning-cap-box-of-20\/#primaryimage"},"thumbnailUrl":"https:\/\/electricink.eu\/wp-content\/uploads\/2024\/04\/7342_electric-ink-cleaning-cap-pr-12845-eleccleancap_s1_637801951597951613.jpg","datePublished":"2024-04-25T11:07:12+00:00","dateModified":"2025-08-30T14:56:48+00:00","description":"Mousse sp\u00e9ciale pour un nettoyage total des aiguilles qui \u00e9limine tout r\u00e9sidu et \u00e9vite de nouvelles accumulations. Soin n\u00e9cessaire et efficace !","breadcrumb":{"@id":"https:\/\/electricink.eu\/producto\/cleaning-cap-box-of-20\/#breadcrumb"},"inLanguage":"fr-FR","potentialAction":[{"@type":"ReadAction","target":["https:\/\/electricink.eu\/producto\/cleaning-cap-box-of-20\/"]}]},{"@type":"ImageObject","inLanguage":"fr-FR","@id":"https:\/\/electricink.eu\/producto\/cleaning-cap-box-of-20\/#primaryimage","url":"https:\/\/electricink.eu\/wp-content\/uploads\/2024\/04\/7342_electric-ink-cleaning-cap-pr-12845-eleccleancap_s1_637801951597951613.jpg","contentUrl":"https:\/\/electricink.eu\/wp-content\/uploads\/2024\/04\/7342_electric-ink-cleaning-cap-pr-12845-eleccleancap_s1_637801951597951613.jpg","width":300,"height":300},{"@type":"BreadcrumbList","@id":"https:\/\/electricink.eu\/producto\/cleaning-cap-box-of-20\/#breadcrumb","itemListElement":[{"@type":"ListItem","position":1,"name":"Portada","item":"https:\/\/electricink.eu\/fr\/home\/"},{"@type":"ListItem","position":2,"name":"Boutique","item":"https:\/\/electricink.eu\/tienda\/"},{"@type":"ListItem","position":3,"name":"Cleaning Cap &#8211; 20 un"}]},{"@type":"WebSite","@id":"https:\/\/electricink.eu\/#website","url":"https:\/\/electricink.eu\/","name":"Electric Ink\u00ae","description":"Material para Tatuar Profesional en Europa - Electric Ink\u00ae","potentialAction":[{"@type":"SearchAction","target":{"@type":"EntryPoint","urlTemplate":"https:\/\/electricink.eu\/?s={search_term_string}"},"query-input":{"@type":"PropertyValueSpecification","valueRequired":true,"valueName":"search_term_string"}}],"inLanguage":"fr-FR"}]}},"_links":{"self":[{"href":"https:\/\/electricink.eu\/fr\/wp-json\/wp\/v2\/product\/41403","targetHints":{"allow":["GET"]}}],"collection":[{"href":"https:\/\/electricink.eu\/fr\/wp-json\/wp\/v2\/product"}],"about":[{"href":"https:\/\/electricink.eu\/fr\/wp-json\/wp\/v2\/types\/product"}],"replies":[{"embeddable":true,"href":"https:\/\/electricink.eu\/fr\/wp-json\/wp\/v2\/comments?post=41403"}],"wp:featuredmedia":[{"embeddable":true,"href":"https:\/\/electricink.eu\/fr\/wp-json\/wp\/v2\/media\/40909"}],"wp:attachment":[{"href":"https:\/\/electricink.eu\/fr\/wp-json\/wp\/v2\/media?parent=41403"}],"wp:term":[{"taxonomy":"product_brand","embeddable":true,"href":"https:\/\/electricink.eu\/fr\/wp-json\/wp\/v2\/product_brand?post=41403"},{"taxonomy":"product_cat","embeddable":true,"href":"https:\/\/electricink.eu\/fr\/wp-json\/wp\/v2\/product_cat?post=41403"},{"taxonomy":"product_tag","embeddable":true,"href":"https:\/\/electricink.eu\/fr\/wp-json\/wp\/v2\/product_tag?post=41403"}],"curies":[{"name":"wp","href":"https:\/\/api.w.org\/{rel}","templated":true}]}}