{"id":41412,"date":"2024-04-25T15:11:49","date_gmt":"2024-04-25T13:11:49","guid":{"rendered":"https:\/\/electricink.eu\/producto\/grip-ultra-pen-balance-flex-45mm\/"},"modified":"2024-05-23T15:12:53","modified_gmt":"2024-05-23T13:12:53","slug":"grip-ultra-pen-balance-flex-45mm","status":"publish","type":"product","link":"https:\/\/electricink.eu\/fr\/producto\/grip-ultra-pen-balance-flex-45mm\/","title":{"rendered":"Grip Ultra Pen Balance Flex 45mm"},"content":{"rendered":"<p><strong>Grip Balance Flex 45mm<\/strong><\/p>\n","protected":false},"excerpt":{"rendered":"<p><strong>Interchangeable et adapt\u00e9 \u00e0 vous !<\/strong><\/p>\n<p>Le <strong>Grip r\u00e9glable Balance Flex<\/strong> a \u00e9t\u00e9 d\u00e9velopp\u00e9 par notre \u00e9quipe d&rsquo;ing\u00e9nieurs pour \u00eatre utilis\u00e9 avec les cartouches de la machine rotative Electra Pen et peut \u00eatre interchangeable avec la machine rotative Ultra Pen.<\/p>\n<p>Sa haute technologie facilite le r\u00e9glage de l&rsquo;exposition de l&rsquo;aiguille et offre un syst\u00e8me d&rsquo;alignement des cartouches, donnant une totale libert\u00e9 dans le choix de la position de la machine pendant la r\u00e9alisation du tatouage. Son design anatomique apporte plus de confort et de s\u00e9curit\u00e9 et les diff\u00e9rentes options de taille permettent \u00e0 l&rsquo;artiste de choisir celui qui lui convient le mieux.<\/p>\n<p>Compatibilit\u00e9 : compatible avec Electric Ink Electra Pen, Electric Ink Ultra Pen et Ultra Pen 2.<\/p>\n<p>Peut \u00eatre utilis\u00e9 avec les cartouches universelles et les cartouches Electric Ink.<\/p>\n","protected":false},"featured_media":41150,"comment_status":"closed","ping_status":"closed","template":"","meta":{"_acf_changed":false,"_et_pb_use_builder":"","_et_pb_old_content":"","_et_gb_content_width":"","inline_featured_image":false},"product_brand":[],"product_cat":[808,813,819],"product_tag":[],"class_list":{"0":"post-41412","1":"product","2":"type-product","3":"status-publish","4":"has-post-thumbnail","6":"product_cat-tattoo-fr","7":"product_cat-grips-fr","8":"product_cat-machines-pen-fr","10":"first","11":"instock","12":"taxable","13":"shipping-taxable","14":"purchasable","15":"product-type-simple"},"acf":[],"yoast_head":"<!-- This site is optimized with the Yoast SEO plugin v27.4 - https:\/\/yoast.com\/product\/yoast-seo-wordpress\/ -->\n<title>Grip Ultra Pen Balance Flex 45mm - Electric Ink\u00ae<\/title>\n<meta name=\"description\" content=\"Interchangeable et adapt\u00e9 \u00e0 vous ! Sa haute technologie facilite le r\u00e9glage de l&#039;exposition de l&#039;aiguille et offre un syst\u00e8me d&#039;alignement des cartouches.\" \/>\n<meta name=\"robots\" content=\"index, follow, max-snippet:-1, max-image-preview:large, max-video-preview:-1\" \/>\n<link rel=\"canonical\" href=\"https:\/\/electricink.eu\/fr\/producto\/grip-ultra-pen-balance-flex-45mm\/\" \/>\n<meta property=\"og:locale\" content=\"fr_FR\" \/>\n<meta property=\"og:type\" content=\"article\" \/>\n<meta property=\"og:title\" content=\"Grip Ultra Pen Balance Flex 45mm - Electric Ink\u00ae\" \/>\n<meta property=\"og:description\" content=\"Interchangeable et adapt\u00e9 \u00e0 vous ! Sa haute technologie facilite le r\u00e9glage de l&#039;exposition de l&#039;aiguille et offre un syst\u00e8me d&#039;alignement des cartouches.\" \/>\n<meta property=\"og:url\" content=\"https:\/\/electricink.eu\/fr\/producto\/grip-ultra-pen-balance-flex-45mm\/\" \/>\n<meta property=\"og:site_name\" content=\"Electric Ink\u00ae\" \/>\n<meta property=\"article:modified_time\" content=\"2024-05-23T13:12:53+00:00\" \/>\n<meta property=\"og:image\" content=\"https:\/\/electricink.eu\/wp-content\/uploads\/2024\/04\/45mm.jpg\" \/>\n\t<meta property=\"og:image:width\" content=\"1200\" \/>\n\t<meta property=\"og:image:height\" content=\"1200\" \/>\n\t<meta property=\"og:image:type\" content=\"image\/jpeg\" \/>\n<meta name=\"twitter:card\" content=\"summary_large_image\" \/>\n<script type=\"application\/ld+json\" class=\"yoast-schema-graph\">{\"@context\":\"https:\\\/\\\/schema.org\",\"@graph\":[{\"@type\":\"WebPage\",\"@id\":\"https:\\\/\\\/electricink.eu\\\/fr\\\/producto\\\/grip-ultra-pen-balance-flex-45mm\\\/\",\"url\":\"https:\\\/\\\/electricink.eu\\\/fr\\\/producto\\\/grip-ultra-pen-balance-flex-45mm\\\/\",\"name\":\"Grip Ultra Pen Balance Flex 45mm - Electric Ink\u00ae\",\"isPartOf\":{\"@id\":\"https:\\\/\\\/electricink.eu\\\/#website\"},\"primaryImageOfPage\":{\"@id\":\"https:\\\/\\\/electricink.eu\\\/fr\\\/producto\\\/grip-ultra-pen-balance-flex-45mm\\\/#primaryimage\"},\"image\":{\"@id\":\"https:\\\/\\\/electricink.eu\\\/fr\\\/producto\\\/grip-ultra-pen-balance-flex-45mm\\\/#primaryimage\"},\"thumbnailUrl\":\"https:\\\/\\\/electricink.eu\\\/wp-content\\\/uploads\\\/2024\\\/04\\\/45mm.jpg\",\"datePublished\":\"2024-04-25T13:11:49+00:00\",\"dateModified\":\"2024-05-23T13:12:53+00:00\",\"description\":\"Interchangeable et adapt\u00e9 \u00e0 vous ! Sa haute technologie facilite le r\u00e9glage de l'exposition de l'aiguille et offre un syst\u00e8me d'alignement des cartouches.\",\"breadcrumb\":{\"@id\":\"https:\\\/\\\/electricink.eu\\\/fr\\\/producto\\\/grip-ultra-pen-balance-flex-45mm\\\/#breadcrumb\"},\"inLanguage\":\"fr-FR\",\"potentialAction\":[{\"@type\":\"ReadAction\",\"target\":[\"https:\\\/\\\/electricink.eu\\\/fr\\\/producto\\\/grip-ultra-pen-balance-flex-45mm\\\/\"]}]},{\"@type\":\"ImageObject\",\"inLanguage\":\"fr-FR\",\"@id\":\"https:\\\/\\\/electricink.eu\\\/fr\\\/producto\\\/grip-ultra-pen-balance-flex-45mm\\\/#primaryimage\",\"url\":\"https:\\\/\\\/electricink.eu\\\/wp-content\\\/uploads\\\/2024\\\/04\\\/45mm.jpg\",\"contentUrl\":\"https:\\\/\\\/electricink.eu\\\/wp-content\\\/uploads\\\/2024\\\/04\\\/45mm.jpg\",\"width\":1200,\"height\":1200},{\"@type\":\"BreadcrumbList\",\"@id\":\"https:\\\/\\\/electricink.eu\\\/fr\\\/producto\\\/grip-ultra-pen-balance-flex-45mm\\\/#breadcrumb\",\"itemListElement\":[{\"@type\":\"ListItem\",\"position\":1,\"name\":\"Portada\",\"item\":\"https:\\\/\\\/electricink.eu\\\/fr\\\/home\\\/\"},{\"@type\":\"ListItem\",\"position\":2,\"name\":\"Boutique\",\"item\":\"https:\\\/\\\/electricink.eu\\\/tienda\\\/\"},{\"@type\":\"ListItem\",\"position\":3,\"name\":\"Grip Ultra Pen Balance Flex 45mm\"}]},{\"@type\":\"WebSite\",\"@id\":\"https:\\\/\\\/electricink.eu\\\/#website\",\"url\":\"https:\\\/\\\/electricink.eu\\\/\",\"name\":\"Electric Ink\u00ae\",\"description\":\"Material para Tatuar Profesional en Europa - Electric Ink\u00ae\",\"potentialAction\":[{\"@type\":\"SearchAction\",\"target\":{\"@type\":\"EntryPoint\",\"urlTemplate\":\"https:\\\/\\\/electricink.eu\\\/?s={search_term_string}\"},\"query-input\":{\"@type\":\"PropertyValueSpecification\",\"valueRequired\":true,\"valueName\":\"search_term_string\"}}],\"inLanguage\":\"fr-FR\"}]}<\/script>\n<!-- \/ Yoast SEO plugin. -->","yoast_head_json":{"title":"Grip Ultra Pen Balance Flex 45mm - Electric Ink\u00ae","description":"Interchangeable et adapt\u00e9 \u00e0 vous ! Sa haute technologie facilite le r\u00e9glage de l'exposition de l'aiguille et offre un syst\u00e8me d'alignement des cartouches.","robots":{"index":"index","follow":"follow","max-snippet":"max-snippet:-1","max-image-preview":"max-image-preview:large","max-video-preview":"max-video-preview:-1"},"canonical":"https:\/\/electricink.eu\/fr\/producto\/grip-ultra-pen-balance-flex-45mm\/","og_locale":"fr_FR","og_type":"article","og_title":"Grip Ultra Pen Balance Flex 45mm - Electric Ink\u00ae","og_description":"Interchangeable et adapt\u00e9 \u00e0 vous ! Sa haute technologie facilite le r\u00e9glage de l'exposition de l'aiguille et offre un syst\u00e8me d'alignement des cartouches.","og_url":"https:\/\/electricink.eu\/fr\/producto\/grip-ultra-pen-balance-flex-45mm\/","og_site_name":"Electric Ink\u00ae","article_modified_time":"2024-05-23T13:12:53+00:00","og_image":[{"width":1200,"height":1200,"url":"https:\/\/electricink.eu\/wp-content\/uploads\/2024\/04\/45mm.jpg","type":"image\/jpeg"}],"twitter_card":"summary_large_image","schema":{"@context":"https:\/\/schema.org","@graph":[{"@type":"WebPage","@id":"https:\/\/electricink.eu\/fr\/producto\/grip-ultra-pen-balance-flex-45mm\/","url":"https:\/\/electricink.eu\/fr\/producto\/grip-ultra-pen-balance-flex-45mm\/","name":"Grip Ultra Pen Balance Flex 45mm - Electric Ink\u00ae","isPartOf":{"@id":"https:\/\/electricink.eu\/#website"},"primaryImageOfPage":{"@id":"https:\/\/electricink.eu\/fr\/producto\/grip-ultra-pen-balance-flex-45mm\/#primaryimage"},"image":{"@id":"https:\/\/electricink.eu\/fr\/producto\/grip-ultra-pen-balance-flex-45mm\/#primaryimage"},"thumbnailUrl":"https:\/\/electricink.eu\/wp-content\/uploads\/2024\/04\/45mm.jpg","datePublished":"2024-04-25T13:11:49+00:00","dateModified":"2024-05-23T13:12:53+00:00","description":"Interchangeable et adapt\u00e9 \u00e0 vous ! Sa haute technologie facilite le r\u00e9glage de l'exposition de l'aiguille et offre un syst\u00e8me d'alignement des cartouches.","breadcrumb":{"@id":"https:\/\/electricink.eu\/fr\/producto\/grip-ultra-pen-balance-flex-45mm\/#breadcrumb"},"inLanguage":"fr-FR","potentialAction":[{"@type":"ReadAction","target":["https:\/\/electricink.eu\/fr\/producto\/grip-ultra-pen-balance-flex-45mm\/"]}]},{"@type":"ImageObject","inLanguage":"fr-FR","@id":"https:\/\/electricink.eu\/fr\/producto\/grip-ultra-pen-balance-flex-45mm\/#primaryimage","url":"https:\/\/electricink.eu\/wp-content\/uploads\/2024\/04\/45mm.jpg","contentUrl":"https:\/\/electricink.eu\/wp-content\/uploads\/2024\/04\/45mm.jpg","width":1200,"height":1200},{"@type":"BreadcrumbList","@id":"https:\/\/electricink.eu\/fr\/producto\/grip-ultra-pen-balance-flex-45mm\/#breadcrumb","itemListElement":[{"@type":"ListItem","position":1,"name":"Portada","item":"https:\/\/electricink.eu\/fr\/home\/"},{"@type":"ListItem","position":2,"name":"Boutique","item":"https:\/\/electricink.eu\/tienda\/"},{"@type":"ListItem","position":3,"name":"Grip Ultra Pen Balance Flex 45mm"}]},{"@type":"WebSite","@id":"https:\/\/electricink.eu\/#website","url":"https:\/\/electricink.eu\/","name":"Electric Ink\u00ae","description":"Material para Tatuar Profesional en Europa - Electric Ink\u00ae","potentialAction":[{"@type":"SearchAction","target":{"@type":"EntryPoint","urlTemplate":"https:\/\/electricink.eu\/?s={search_term_string}"},"query-input":{"@type":"PropertyValueSpecification","valueRequired":true,"valueName":"search_term_string"}}],"inLanguage":"fr-FR"}]}},"_links":{"self":[{"href":"https:\/\/electricink.eu\/fr\/wp-json\/wp\/v2\/product\/41412","targetHints":{"allow":["GET"]}}],"collection":[{"href":"https:\/\/electricink.eu\/fr\/wp-json\/wp\/v2\/product"}],"about":[{"href":"https:\/\/electricink.eu\/fr\/wp-json\/wp\/v2\/types\/product"}],"replies":[{"embeddable":true,"href":"https:\/\/electricink.eu\/fr\/wp-json\/wp\/v2\/comments?post=41412"}],"wp:featuredmedia":[{"embeddable":true,"href":"https:\/\/electricink.eu\/fr\/wp-json\/wp\/v2\/media\/41150"}],"wp:attachment":[{"href":"https:\/\/electricink.eu\/fr\/wp-json\/wp\/v2\/media?parent=41412"}],"wp:term":[{"taxonomy":"product_brand","embeddable":true,"href":"https:\/\/electricink.eu\/fr\/wp-json\/wp\/v2\/product_brand?post=41412"},{"taxonomy":"product_cat","embeddable":true,"href":"https:\/\/electricink.eu\/fr\/wp-json\/wp\/v2\/product_cat?post=41412"},{"taxonomy":"product_tag","embeddable":true,"href":"https:\/\/electricink.eu\/fr\/wp-json\/wp\/v2\/product_tag?post=41412"}],"curies":[{"name":"wp","href":"https:\/\/api.w.org\/{rel}","templated":true}]}}