{"id":41420,"date":"2024-04-25T13:23:25","date_gmt":"2024-04-25T11:23:25","guid":{"rendered":"https:\/\/electricink.eu\/producto\/41420\/"},"modified":"2024-06-28T15:51:31","modified_gmt":"2024-06-28T13:51:31","slug":"41420","status":"publish","type":"product","link":"https:\/\/electricink.eu\/fr\/producto\/41420\/","title":{"rendered":"Batterie rechargeable BOLD pour Power 3"},"content":{"rendered":"<p><strong>Description : batterie Li-Ion 3,7 V | Rechargeable | 26350<\/strong><\/p>\n<ul>\n<li><strong>Poids :<\/strong> 46g<\/li>\n<li><strong>Dimensions :<\/strong> Hauteur 35mm, \u00a0Diam\u00e8tre 26mm<\/li>\n<li><strong>Autonomie :<\/strong> EIB-26350<\/li>\n<li><strong>Mod\u00e8le de batterie :<\/strong> EIB-26350<\/li>\n<li><strong>Capacit\u00e9 :<\/strong> 2000mAh<\/li>\n<\/ul>\n<p><strong>VOLTS\u00a0\u00a0\u00a0\u00a0\u00a0 AMP\u00c8RES\u00a0\u00a0\u00a0\u00a0\u00a0\u00a0\u00a0 AUTONOMIE<\/strong><\/p>\n<p>5\u00a0 \u00a0 \u00a0 \u00a0 \u00a0 \u00a0 \u00a0 \u00a0 \u00a0 \u00a0 \u00a00,075\u00a0 \u00a0 \u00a0 \u00a0 \u00a0 \u00a0 \u00a0 \u00a0 \u00a0 \u00a0 \u00a0 16:53<\/p>\n<p>5,5\u00a0 \u00a0 \u00a0 \u00a0 \u00a0 \u00a0 \u00a0 \u00a0 \u00a0 \u00a00,075\u00a0 \u00a0 \u00a0 \u00a0 \u00a0 \u00a0 \u00a0 \u00a0 \u00a0 \u00a0 \u00a0 15:21<\/p>\n<p>6\u00a0 \u00a0 \u00a0 \u00a0 \u00a0 \u00a0 \u00a0 \u00a0 \u00a0 \u00a0 \u00a0 0,075\u00a0 \u00a0 \u00a0 \u00a0 \u00a0 \u00a0 \u00a0 \u00a0 \u00a0 \u00a0 \u00a0 14:04<\/p>\n<p>6,5\u00a0 \u00a0 \u00a0 \u00a0 \u00a0 \u00a0 \u00a0 \u00a0 \u00a0 \u00a00,075\u00a0 \u00a0 \u00a0 \u00a0 \u00a0 \u00a0 \u00a0 \u00a0 \u00a0 \u00a0 \u00a0 12:59<\/p>\n<p>7\u00a0 \u00a0 \u00a0 \u00a0 \u00a0 \u00a0 \u00a0 \u00a0 \u00a0 \u00a0 \u00a0 0,1\u00a0 \u00a0 \u00a0 \u00a0 \u00a0 \u00a0 \u00a0 \u00a0 \u00a0 \u00a0 \u00a0 \u00a0 \u00a0 09:03<\/p>\n<p>7,5\u00a0 \u00a0 \u00a0 \u00a0 \u00a0 \u00a0 \u00a0 \u00a0 \u00a0 \u00a00,12\u00a0 \u00a0 \u00a0 \u00a0 \u00a0 \u00a0 \u00a0 \u00a0 \u00a0 \u00a0 \u00a0 \u00a0 07:02<\/p>\n<p>8\u00a0 \u00a0 \u00a0 \u00a0 \u00a0 \u00a0 \u00a0 \u00a0 \u00a0 \u00a0 \u00a0 0,15\u00a0 \u00a0 \u00a0 \u00a0 \u00a0 \u00a0 \u00a0 \u00a0 \u00a0 \u00a0 \u00a0 \u00a0 05:16<\/p>\n<p>8,5\u00a0 \u00a0 \u00a0 \u00a0 \u00a0 \u00a0 \u00a0 \u00a0 \u00a0 \u00a00,16\u00a0 \u00a0 \u00a0 \u00a0 \u00a0 \u00a0 \u00a0 \u00a0 \u00a0 \u00a0 \u00a0 \u00a0 04:39<\/p>\n<p>9\u00a0 \u00a0 \u00a0 \u00a0 \u00a0 \u00a0 \u00a0 \u00a0 \u00a0 \u00a0 \u00a0 0,18\u00a0 \u00a0 \u00a0 \u00a0 \u00a0 \u00a0 \u00a0 \u00a0 \u00a0 \u00a0 \u00a0 \u00a0 03:54<\/p>\n<p>9,5\u00a0 \u00a0 \u00a0 \u00a0 \u00a0 \u00a0 \u00a0 \u00a0 \u00a0 \u00a00,19\u00a0 \u00a0 \u00a0 \u00a0 \u00a0 \u00a0 \u00a0 \u00a0 \u00a0 \u00a0 \u00a0 \u00a0 03:30<\/p>\n<p>10\u00a0 \u00a0 \u00a0 \u00a0 \u00a0 \u00a0 \u00a0 \u00a0 \u00a0 \u00a0 0,19\u00a0 \u00a0 \u00a0 \u00a0 \u00a0 \u00a0 \u00a0 \u00a0 \u00a0 \u00a0 \u00a0 \u00a0 03:20<\/p>\n<p>10,5\u00a0 \u00a0 \u00a0 \u00a0 \u00a0 \u00a0 \u00a0 \u00a0 \u00a00,19\u00a0 \u00a0 \u00a0 \u00a0 \u00a0 \u00a0 \u00a0 \u00a0 \u00a0 \u00a0 \u00a0 \u00a0 03:10<\/p>\n<p>11\u00a0 \u00a0 \u00a0 \u00a0 \u00a0 \u00a0 \u00a0 \u00a0 \u00a0 \u00a0 0,19\u00a0 \u00a0 \u00a0 \u00a0 \u00a0 \u00a0 \u00a0 \u00a0 \u00a0 \u00a0 \u00a0 \u00a0 03:01<\/p>\n<p>11,5\u00a0 \u00a0 \u00a0 \u00a0 \u00a0 \u00a0 \u00a0 \u00a0 \u00a00,2\u00a0 \u00a0 \u00a0 \u00a0 \u00a0 \u00a0 \u00a0 \u00a0 \u00a0 \u00a0 \u00a0 \u00a0 \u00a0 02:45<\/p>\n<p>12\u00a0 \u00a0 \u00a0 \u00a0 \u00a0 \u00a0 \u00a0 \u00a0 \u00a0 \u00a0 0,2\u00a0 \u00a0 \u00a0 \u00a0 \u00a0 \u00a0 \u00a0 \u00a0 \u00a0 \u00a0 \u00a0 \u00a0 \u00a0 02:38<\/p>\n<p><strong>AUTONOMIE :<\/strong> Temps de travail en consid\u00e9rant VOLTS appliqu\u00e9s \u00e0 la machine et courant de consommation AMP\u00c8RES.<\/p>\n<p><strong>VOLTS :<\/strong> Tension ajust\u00e9e sur la Power 3 qui alimentera la machine.<\/p>\n<p><strong>AMPERES :<\/strong> Courant consomm\u00e9 par la machine, plus vous forcez la machine, plus cette consommation sera importante.<\/p>\n<p style=\"text-align: left\"><strong>&#8212;&#8212;&#8212;&#8212;&#8212;&#8212;&#8212;&#8212; Garantie du produit&#8212;&#8212;&#8212;&#8212;&#8212;&#8212;&#8212;&#8212;<\/strong><\/p>\n<p style=\"text-align: left\">La p\u00e9riode de garantie offerte par Electric Ink suit les r\u00e9glementations europ\u00e9ennes en vigueur. La garantie d&rsquo;Electric Ink contre les d\u00e9fauts de fabrication commence \u00e0 partir de l&rsquo;achat du produit par le consommateur, v\u00e9rifi\u00e9 via la facture d&rsquo;achat de l&rsquo;article concern\u00e9.<\/p>\n","protected":false},"excerpt":{"rendered":"<p><strong>Electric Battery<\/strong><\/p>\n<p>Batterie rechargeable pour alimentation Electric Ink Power 3 &#8211; 31 mm. Plus d&rsquo;efficacit\u00e9 et d&rsquo;autonomie pour votre alimentation. Compacte et facile \u00e0 recharger.<\/p>\n<p>Son syst\u00e8me de haute qualit\u00e9 vous permet de travailler en toute s\u00e9curit\u00e9, en \u00e9vitant d&rsquo;\u00e9ventuels dommages \u00e0 votre \u00e9quipement.<\/p>\n<p>Assurez le meilleur pour votre alimentation avec la batterie rechargeable Electric Ink.<\/p>\n<p><strong>*CHARGEUR NON INCLUS<\/strong><\/p>\n","protected":false},"featured_media":40945,"comment_status":"closed","ping_status":"closed","template":"","meta":{"_acf_changed":false,"_et_pb_use_builder":"","_et_pb_old_content":"","_et_gb_content_width":"","inline_featured_image":false},"product_brand":[],"product_cat":[1139,781,790,812],"product_tag":[],"class_list":{"0":"post-41420","1":"product","2":"type-product","3":"status-publish","4":"has-post-thumbnail","6":"product_cat-peripherique","7":"product_cat-accessoires-pour-tatouer","8":"product_cat-pieces-pour-machines-a-tatouer","9":"product_cat-alimentations-tattoo","11":"first","12":"instock","13":"taxable","14":"shipping-taxable","15":"purchasable","16":"product-type-simple"},"acf":[],"yoast_head":"<!-- This site is optimized with the Yoast SEO plugin v27.4 - https:\/\/yoast.com\/product\/yoast-seo-wordpress\/ -->\n<title>Batterie rechargeable BOLD pour Power 3 - Electric Ink\u00ae<\/title>\n<meta name=\"description\" content=\"Compact et facile \u00e0 recharger. La haute qualit\u00e9 de son syst\u00e8me vous permettra de travailler en toute s\u00e9curit\u00e9, en \u00e9vitant d&#039;\u00e9ventuels dommages \u00e0 votre \u00e9quipement.\" \/>\n<meta name=\"robots\" content=\"index, follow, max-snippet:-1, max-image-preview:large, max-video-preview:-1\" \/>\n<link rel=\"canonical\" href=\"https:\/\/electricink.eu\/fr\/producto\/41420\/\" \/>\n<meta property=\"og:locale\" content=\"fr_FR\" \/>\n<meta property=\"og:type\" content=\"article\" \/>\n<meta property=\"og:title\" content=\"Batterie rechargeable BOLD pour Power 3 - Electric Ink\u00ae\" \/>\n<meta property=\"og:description\" content=\"Compact et facile \u00e0 recharger. La haute qualit\u00e9 de son syst\u00e8me vous permettra de travailler en toute s\u00e9curit\u00e9, en \u00e9vitant d&#039;\u00e9ventuels dommages \u00e0 votre \u00e9quipement.\" \/>\n<meta property=\"og:url\" content=\"https:\/\/electricink.eu\/fr\/producto\/41420\/\" \/>\n<meta property=\"og:site_name\" content=\"Electric Ink\u00ae\" \/>\n<meta property=\"article:modified_time\" content=\"2024-06-28T13:51:31+00:00\" \/>\n<meta property=\"og:image\" content=\"https:\/\/electricink.eu\/wp-content\/uploads\/2024\/04\/BATERIA-LARGE-1.png\" \/>\n\t<meta property=\"og:image:width\" content=\"1200\" \/>\n\t<meta property=\"og:image:height\" content=\"1200\" \/>\n\t<meta property=\"og:image:type\" content=\"image\/png\" \/>\n<meta name=\"twitter:card\" content=\"summary_large_image\" \/>\n<meta name=\"twitter:label1\" content=\"Dur\u00e9e de lecture estim\u00e9e\" \/>\n\t<meta name=\"twitter:data1\" content=\"1 minute\" \/>\n<script type=\"application\/ld+json\" class=\"yoast-schema-graph\">{\"@context\":\"https:\\\/\\\/schema.org\",\"@graph\":[{\"@type\":\"WebPage\",\"@id\":\"https:\\\/\\\/electricink.eu\\\/fr\\\/producto\\\/41420\\\/\",\"url\":\"https:\\\/\\\/electricink.eu\\\/fr\\\/producto\\\/41420\\\/\",\"name\":\"Batterie rechargeable BOLD pour Power 3 - Electric Ink\u00ae\",\"isPartOf\":{\"@id\":\"https:\\\/\\\/electricink.eu\\\/#website\"},\"primaryImageOfPage\":{\"@id\":\"https:\\\/\\\/electricink.eu\\\/fr\\\/producto\\\/41420\\\/#primaryimage\"},\"image\":{\"@id\":\"https:\\\/\\\/electricink.eu\\\/fr\\\/producto\\\/41420\\\/#primaryimage\"},\"thumbnailUrl\":\"https:\\\/\\\/electricink.eu\\\/wp-content\\\/uploads\\\/2024\\\/04\\\/BATERIA-LARGE-1.png\",\"datePublished\":\"2024-04-25T11:23:25+00:00\",\"dateModified\":\"2024-06-28T13:51:31+00:00\",\"description\":\"Compact et facile \u00e0 recharger. La haute qualit\u00e9 de son syst\u00e8me vous permettra de travailler en toute s\u00e9curit\u00e9, en \u00e9vitant d'\u00e9ventuels dommages \u00e0 votre \u00e9quipement.\",\"breadcrumb\":{\"@id\":\"https:\\\/\\\/electricink.eu\\\/fr\\\/producto\\\/41420\\\/#breadcrumb\"},\"inLanguage\":\"fr-FR\",\"potentialAction\":[{\"@type\":\"ReadAction\",\"target\":[\"https:\\\/\\\/electricink.eu\\\/fr\\\/producto\\\/41420\\\/\"]}]},{\"@type\":\"ImageObject\",\"inLanguage\":\"fr-FR\",\"@id\":\"https:\\\/\\\/electricink.eu\\\/fr\\\/producto\\\/41420\\\/#primaryimage\",\"url\":\"https:\\\/\\\/electricink.eu\\\/wp-content\\\/uploads\\\/2024\\\/04\\\/BATERIA-LARGE-1.png\",\"contentUrl\":\"https:\\\/\\\/electricink.eu\\\/wp-content\\\/uploads\\\/2024\\\/04\\\/BATERIA-LARGE-1.png\",\"width\":1200,\"height\":1200},{\"@type\":\"BreadcrumbList\",\"@id\":\"https:\\\/\\\/electricink.eu\\\/fr\\\/producto\\\/41420\\\/#breadcrumb\",\"itemListElement\":[{\"@type\":\"ListItem\",\"position\":1,\"name\":\"Portada\",\"item\":\"https:\\\/\\\/electricink.eu\\\/fr\\\/home\\\/\"},{\"@type\":\"ListItem\",\"position\":2,\"name\":\"Boutique\",\"item\":\"https:\\\/\\\/electricink.eu\\\/tienda\\\/\"},{\"@type\":\"ListItem\",\"position\":3,\"name\":\"Batterie rechargeable BOLD pour Power 3\"}]},{\"@type\":\"WebSite\",\"@id\":\"https:\\\/\\\/electricink.eu\\\/#website\",\"url\":\"https:\\\/\\\/electricink.eu\\\/\",\"name\":\"Electric Ink\u00ae\",\"description\":\"Material para Tatuar Profesional en Europa - Electric Ink\u00ae\",\"potentialAction\":[{\"@type\":\"SearchAction\",\"target\":{\"@type\":\"EntryPoint\",\"urlTemplate\":\"https:\\\/\\\/electricink.eu\\\/?s={search_term_string}\"},\"query-input\":{\"@type\":\"PropertyValueSpecification\",\"valueRequired\":true,\"valueName\":\"search_term_string\"}}],\"inLanguage\":\"fr-FR\"}]}<\/script>\n<!-- \/ Yoast SEO plugin. -->","yoast_head_json":{"title":"Batterie rechargeable BOLD pour Power 3 - Electric Ink\u00ae","description":"Compact et facile \u00e0 recharger. La haute qualit\u00e9 de son syst\u00e8me vous permettra de travailler en toute s\u00e9curit\u00e9, en \u00e9vitant d'\u00e9ventuels dommages \u00e0 votre \u00e9quipement.","robots":{"index":"index","follow":"follow","max-snippet":"max-snippet:-1","max-image-preview":"max-image-preview:large","max-video-preview":"max-video-preview:-1"},"canonical":"https:\/\/electricink.eu\/fr\/producto\/41420\/","og_locale":"fr_FR","og_type":"article","og_title":"Batterie rechargeable BOLD pour Power 3 - Electric Ink\u00ae","og_description":"Compact et facile \u00e0 recharger. La haute qualit\u00e9 de son syst\u00e8me vous permettra de travailler en toute s\u00e9curit\u00e9, en \u00e9vitant d'\u00e9ventuels dommages \u00e0 votre \u00e9quipement.","og_url":"https:\/\/electricink.eu\/fr\/producto\/41420\/","og_site_name":"Electric Ink\u00ae","article_modified_time":"2024-06-28T13:51:31+00:00","og_image":[{"width":1200,"height":1200,"url":"https:\/\/electricink.eu\/wp-content\/uploads\/2024\/04\/BATERIA-LARGE-1.png","type":"image\/png"}],"twitter_card":"summary_large_image","twitter_misc":{"Dur\u00e9e de lecture estim\u00e9e":"1 minute"},"schema":{"@context":"https:\/\/schema.org","@graph":[{"@type":"WebPage","@id":"https:\/\/electricink.eu\/fr\/producto\/41420\/","url":"https:\/\/electricink.eu\/fr\/producto\/41420\/","name":"Batterie rechargeable BOLD pour Power 3 - Electric Ink\u00ae","isPartOf":{"@id":"https:\/\/electricink.eu\/#website"},"primaryImageOfPage":{"@id":"https:\/\/electricink.eu\/fr\/producto\/41420\/#primaryimage"},"image":{"@id":"https:\/\/electricink.eu\/fr\/producto\/41420\/#primaryimage"},"thumbnailUrl":"https:\/\/electricink.eu\/wp-content\/uploads\/2024\/04\/BATERIA-LARGE-1.png","datePublished":"2024-04-25T11:23:25+00:00","dateModified":"2024-06-28T13:51:31+00:00","description":"Compact et facile \u00e0 recharger. La haute qualit\u00e9 de son syst\u00e8me vous permettra de travailler en toute s\u00e9curit\u00e9, en \u00e9vitant d'\u00e9ventuels dommages \u00e0 votre \u00e9quipement.","breadcrumb":{"@id":"https:\/\/electricink.eu\/fr\/producto\/41420\/#breadcrumb"},"inLanguage":"fr-FR","potentialAction":[{"@type":"ReadAction","target":["https:\/\/electricink.eu\/fr\/producto\/41420\/"]}]},{"@type":"ImageObject","inLanguage":"fr-FR","@id":"https:\/\/electricink.eu\/fr\/producto\/41420\/#primaryimage","url":"https:\/\/electricink.eu\/wp-content\/uploads\/2024\/04\/BATERIA-LARGE-1.png","contentUrl":"https:\/\/electricink.eu\/wp-content\/uploads\/2024\/04\/BATERIA-LARGE-1.png","width":1200,"height":1200},{"@type":"BreadcrumbList","@id":"https:\/\/electricink.eu\/fr\/producto\/41420\/#breadcrumb","itemListElement":[{"@type":"ListItem","position":1,"name":"Portada","item":"https:\/\/electricink.eu\/fr\/home\/"},{"@type":"ListItem","position":2,"name":"Boutique","item":"https:\/\/electricink.eu\/tienda\/"},{"@type":"ListItem","position":3,"name":"Batterie rechargeable BOLD pour Power 3"}]},{"@type":"WebSite","@id":"https:\/\/electricink.eu\/#website","url":"https:\/\/electricink.eu\/","name":"Electric Ink\u00ae","description":"Material para Tatuar Profesional en Europa - Electric Ink\u00ae","potentialAction":[{"@type":"SearchAction","target":{"@type":"EntryPoint","urlTemplate":"https:\/\/electricink.eu\/?s={search_term_string}"},"query-input":{"@type":"PropertyValueSpecification","valueRequired":true,"valueName":"search_term_string"}}],"inLanguage":"fr-FR"}]}},"_links":{"self":[{"href":"https:\/\/electricink.eu\/fr\/wp-json\/wp\/v2\/product\/41420","targetHints":{"allow":["GET"]}}],"collection":[{"href":"https:\/\/electricink.eu\/fr\/wp-json\/wp\/v2\/product"}],"about":[{"href":"https:\/\/electricink.eu\/fr\/wp-json\/wp\/v2\/types\/product"}],"replies":[{"embeddable":true,"href":"https:\/\/electricink.eu\/fr\/wp-json\/wp\/v2\/comments?post=41420"}],"wp:featuredmedia":[{"embeddable":true,"href":"https:\/\/electricink.eu\/fr\/wp-json\/wp\/v2\/media\/40945"}],"wp:attachment":[{"href":"https:\/\/electricink.eu\/fr\/wp-json\/wp\/v2\/media?parent=41420"}],"wp:term":[{"taxonomy":"product_brand","embeddable":true,"href":"https:\/\/electricink.eu\/fr\/wp-json\/wp\/v2\/product_brand?post=41420"},{"taxonomy":"product_cat","embeddable":true,"href":"https:\/\/electricink.eu\/fr\/wp-json\/wp\/v2\/product_cat?post=41420"},{"taxonomy":"product_tag","embeddable":true,"href":"https:\/\/electricink.eu\/fr\/wp-json\/wp\/v2\/product_tag?post=41420"}],"curies":[{"name":"wp","href":"https:\/\/api.w.org\/{rel}","templated":true}]}}