{"id":41427,"date":"2024-04-25T13:26:06","date_gmt":"2024-04-25T11:26:06","guid":{"rendered":"https:\/\/electricink.eu\/producto\/chargeur-de-batterie-electric-charger\/"},"modified":"2024-05-23T19:23:15","modified_gmt":"2024-05-23T17:23:15","slug":"chargeur-de-batterie-electric-charger","status":"publish","type":"product","link":"https:\/\/electricink.eu\/fr\/producto\/chargeur-de-batterie-electric-charger\/","title":{"rendered":"Chargeur de batteries Electric Charger"},"content":{"rendered":"<p><strong>Chargeur de batteries Electric Charger<\/strong><\/p>\n<p><strong>CARACT\u00c9RISTIQUES :<\/strong><\/p>\n<ul>\n<li>Double chargeur de batterie USB;<\/li>\n<li>Mat\u00e9riau ignifuge de haute qualit\u00e9;<\/li>\n<li>L\u00e9ger et portable;<\/li>\n<li>Mode de charge rapide : 2 canaux de charge de 1,0A et 4,2V;<\/li>\n<li>Protection contre la surcharge;<\/li>\n<li>Protection contre les courts-circuits;<\/li>\n<li>Ressorts de haute qualit\u00e9 qui facilitent l&rsquo;insertion et du retrait des batteries;<\/li>\n<li>Cathode en acier \u00e0 faible r\u00e9sistance et proc\u00e9d\u00e9 de chromage dur pour obtenir une tension de charge plus pr\u00e9cise.\n<p>&nbsp;<\/p>\n<p><strong>*BATTERIE NON INCLUSE<\/strong><\/p>\n<p><strong>*BATTERIES VENDUES S\u00c9PAR\u00c9MENT<\/strong><\/p>\n<p><strong>Compatible avec les batteries rechargeables pour Power 1 et\u00a0Power 3 Electric Battery\u00a0<\/strong><\/p>\n<p><strong>Compatible avec les mod\u00e8les de batteries Lithium Ion suivants : 14500,16340,18350,18490,18500,18650,26350,26650.<\/strong><\/p>\n<\/li>\n<\/ul>\n","protected":false},"excerpt":{"rendered":"<p><strong>Chargeur de batteries Electric Charger<\/strong><\/p>\n<p><strong>Une charge rapide et s\u00fbre!<\/strong><\/p>\n<p>Le <strong>Electric Charger<\/strong> est un chargeur haute performance. Son design portable et son mat\u00e9riau ignifuge \u00e0 haute r\u00e9sistance offrent s\u00e9curit\u00e9 et praticit\u00e9 \u00e0 la routine du tatoueur.<\/p>\n<p>Il dispose d&rsquo;un double emplacement pour fournir une charge plus efficace. Il dispose d&rsquo;un indicateur LED qui vous permet de contr\u00f4ler lorsque la batterie est compl\u00e8tement charg\u00e9e. Il dispose \u00e9galement d&rsquo;une protection contre l&rsquo;inversion de polarit\u00e9, les courts-circuits et les surcharges.<\/p>\n","protected":false},"featured_media":40962,"comment_status":"closed","ping_status":"closed","template":"","meta":{"_acf_changed":false,"_et_pb_use_builder":"","_et_pb_old_content":"","_et_gb_content_width":"","inline_featured_image":false},"product_brand":[],"product_cat":[808,812],"product_tag":[],"class_list":{"0":"post-41427","1":"product","2":"type-product","3":"status-publish","4":"has-post-thumbnail","6":"product_cat-tattoo-fr","7":"product_cat-alimentations-tattoo","9":"first","10":"instock","11":"taxable","12":"shipping-taxable","13":"purchasable","14":"product-type-simple"},"acf":[],"yoast_head":"<!-- This site is optimized with the Yoast SEO plugin v27.5 - https:\/\/yoast.com\/product\/yoast-seo-wordpress\/ -->\n<title>Chargeur de batteries Electric Charger - Electric Ink\u00ae<\/title>\n<meta name=\"description\" content=\"Chargeur haute performance, double USB, mat\u00e9riau ignifuge, l\u00e9ger et portable, charge rapide, protection contre les surcharges et les courts-circuits.\" \/>\n<meta name=\"robots\" content=\"index, follow, max-snippet:-1, max-image-preview:large, max-video-preview:-1\" \/>\n<link rel=\"canonical\" href=\"https:\/\/electricink.eu\/fr\/producto\/chargeur-de-batterie-electric-charger\/\" \/>\n<meta property=\"og:locale\" content=\"fr_FR\" \/>\n<meta property=\"og:type\" content=\"article\" \/>\n<meta property=\"og:title\" content=\"Chargeur de batteries Electric Charger - Electric Ink\u00ae\" \/>\n<meta property=\"og:description\" content=\"Chargeur haute performance, double USB, mat\u00e9riau ignifuge, l\u00e9ger et portable, charge rapide, protection contre les surcharges et les courts-circuits.\" \/>\n<meta property=\"og:url\" content=\"https:\/\/electricink.eu\/fr\/producto\/chargeur-de-batterie-electric-charger\/\" \/>\n<meta property=\"og:site_name\" content=\"Electric Ink\u00ae\" \/>\n<meta property=\"article:modified_time\" content=\"2024-05-23T17:23:15+00:00\" \/>\n<meta property=\"og:image\" content=\"https:\/\/electricink.eu\/wp-content\/uploads\/2024\/04\/foto-01.jpg\" \/>\n\t<meta property=\"og:image:width\" content=\"1200\" \/>\n\t<meta property=\"og:image:height\" content=\"1200\" \/>\n\t<meta property=\"og:image:type\" content=\"image\/jpeg\" \/>\n<meta name=\"twitter:card\" content=\"summary_large_image\" \/>\n<meta name=\"twitter:label1\" content=\"Dur\u00e9e de lecture estim\u00e9e\" \/>\n\t<meta name=\"twitter:data1\" content=\"1 minute\" \/>\n<script type=\"application\/ld+json\" class=\"yoast-schema-graph\">{\"@context\":\"https:\\\/\\\/schema.org\",\"@graph\":[{\"@type\":\"WebPage\",\"@id\":\"https:\\\/\\\/electricink.eu\\\/fr\\\/producto\\\/chargeur-de-batterie-electric-charger\\\/\",\"url\":\"https:\\\/\\\/electricink.eu\\\/fr\\\/producto\\\/chargeur-de-batterie-electric-charger\\\/\",\"name\":\"Chargeur de batteries Electric Charger - Electric Ink\u00ae\",\"isPartOf\":{\"@id\":\"https:\\\/\\\/electricink.eu\\\/#website\"},\"primaryImageOfPage\":{\"@id\":\"https:\\\/\\\/electricink.eu\\\/fr\\\/producto\\\/chargeur-de-batterie-electric-charger\\\/#primaryimage\"},\"image\":{\"@id\":\"https:\\\/\\\/electricink.eu\\\/fr\\\/producto\\\/chargeur-de-batterie-electric-charger\\\/#primaryimage\"},\"thumbnailUrl\":\"https:\\\/\\\/electricink.eu\\\/wp-content\\\/uploads\\\/2024\\\/04\\\/foto-01.jpg\",\"datePublished\":\"2024-04-25T11:26:06+00:00\",\"dateModified\":\"2024-05-23T17:23:15+00:00\",\"description\":\"Chargeur haute performance, double USB, mat\u00e9riau ignifuge, l\u00e9ger et portable, charge rapide, protection contre les surcharges et les courts-circuits.\",\"breadcrumb\":{\"@id\":\"https:\\\/\\\/electricink.eu\\\/fr\\\/producto\\\/chargeur-de-batterie-electric-charger\\\/#breadcrumb\"},\"inLanguage\":\"fr-FR\",\"potentialAction\":[{\"@type\":\"ReadAction\",\"target\":[\"https:\\\/\\\/electricink.eu\\\/fr\\\/producto\\\/chargeur-de-batterie-electric-charger\\\/\"]}]},{\"@type\":\"ImageObject\",\"inLanguage\":\"fr-FR\",\"@id\":\"https:\\\/\\\/electricink.eu\\\/fr\\\/producto\\\/chargeur-de-batterie-electric-charger\\\/#primaryimage\",\"url\":\"https:\\\/\\\/electricink.eu\\\/wp-content\\\/uploads\\\/2024\\\/04\\\/foto-01.jpg\",\"contentUrl\":\"https:\\\/\\\/electricink.eu\\\/wp-content\\\/uploads\\\/2024\\\/04\\\/foto-01.jpg\",\"width\":1200,\"height\":1200},{\"@type\":\"BreadcrumbList\",\"@id\":\"https:\\\/\\\/electricink.eu\\\/fr\\\/producto\\\/chargeur-de-batterie-electric-charger\\\/#breadcrumb\",\"itemListElement\":[{\"@type\":\"ListItem\",\"position\":1,\"name\":\"Portada\",\"item\":\"https:\\\/\\\/electricink.eu\\\/fr\\\/home\\\/\"},{\"@type\":\"ListItem\",\"position\":2,\"name\":\"Boutique\",\"item\":\"https:\\\/\\\/electricink.eu\\\/tienda\\\/\"},{\"@type\":\"ListItem\",\"position\":3,\"name\":\"Chargeur de batteries Electric Charger\"}]},{\"@type\":\"WebSite\",\"@id\":\"https:\\\/\\\/electricink.eu\\\/#website\",\"url\":\"https:\\\/\\\/electricink.eu\\\/\",\"name\":\"Electric Ink\u00ae\",\"description\":\"Material para Tatuar Profesional en Europa - Electric Ink\u00ae\",\"potentialAction\":[{\"@type\":\"SearchAction\",\"target\":{\"@type\":\"EntryPoint\",\"urlTemplate\":\"https:\\\/\\\/electricink.eu\\\/?s={search_term_string}\"},\"query-input\":{\"@type\":\"PropertyValueSpecification\",\"valueRequired\":true,\"valueName\":\"search_term_string\"}}],\"inLanguage\":\"fr-FR\"}]}<\/script>\n<!-- \/ Yoast SEO plugin. -->","yoast_head_json":{"title":"Chargeur de batteries Electric Charger - Electric Ink\u00ae","description":"Chargeur haute performance, double USB, mat\u00e9riau ignifuge, l\u00e9ger et portable, charge rapide, protection contre les surcharges et les courts-circuits.","robots":{"index":"index","follow":"follow","max-snippet":"max-snippet:-1","max-image-preview":"max-image-preview:large","max-video-preview":"max-video-preview:-1"},"canonical":"https:\/\/electricink.eu\/fr\/producto\/chargeur-de-batterie-electric-charger\/","og_locale":"fr_FR","og_type":"article","og_title":"Chargeur de batteries Electric Charger - Electric Ink\u00ae","og_description":"Chargeur haute performance, double USB, mat\u00e9riau ignifuge, l\u00e9ger et portable, charge rapide, protection contre les surcharges et les courts-circuits.","og_url":"https:\/\/electricink.eu\/fr\/producto\/chargeur-de-batterie-electric-charger\/","og_site_name":"Electric Ink\u00ae","article_modified_time":"2024-05-23T17:23:15+00:00","og_image":[{"width":1200,"height":1200,"url":"https:\/\/electricink.eu\/wp-content\/uploads\/2024\/04\/foto-01.jpg","type":"image\/jpeg"}],"twitter_card":"summary_large_image","twitter_misc":{"Dur\u00e9e de lecture estim\u00e9e":"1 minute"},"schema":{"@context":"https:\/\/schema.org","@graph":[{"@type":"WebPage","@id":"https:\/\/electricink.eu\/fr\/producto\/chargeur-de-batterie-electric-charger\/","url":"https:\/\/electricink.eu\/fr\/producto\/chargeur-de-batterie-electric-charger\/","name":"Chargeur de batteries Electric Charger - Electric Ink\u00ae","isPartOf":{"@id":"https:\/\/electricink.eu\/#website"},"primaryImageOfPage":{"@id":"https:\/\/electricink.eu\/fr\/producto\/chargeur-de-batterie-electric-charger\/#primaryimage"},"image":{"@id":"https:\/\/electricink.eu\/fr\/producto\/chargeur-de-batterie-electric-charger\/#primaryimage"},"thumbnailUrl":"https:\/\/electricink.eu\/wp-content\/uploads\/2024\/04\/foto-01.jpg","datePublished":"2024-04-25T11:26:06+00:00","dateModified":"2024-05-23T17:23:15+00:00","description":"Chargeur haute performance, double USB, mat\u00e9riau ignifuge, l\u00e9ger et portable, charge rapide, protection contre les surcharges et les courts-circuits.","breadcrumb":{"@id":"https:\/\/electricink.eu\/fr\/producto\/chargeur-de-batterie-electric-charger\/#breadcrumb"},"inLanguage":"fr-FR","potentialAction":[{"@type":"ReadAction","target":["https:\/\/electricink.eu\/fr\/producto\/chargeur-de-batterie-electric-charger\/"]}]},{"@type":"ImageObject","inLanguage":"fr-FR","@id":"https:\/\/electricink.eu\/fr\/producto\/chargeur-de-batterie-electric-charger\/#primaryimage","url":"https:\/\/electricink.eu\/wp-content\/uploads\/2024\/04\/foto-01.jpg","contentUrl":"https:\/\/electricink.eu\/wp-content\/uploads\/2024\/04\/foto-01.jpg","width":1200,"height":1200},{"@type":"BreadcrumbList","@id":"https:\/\/electricink.eu\/fr\/producto\/chargeur-de-batterie-electric-charger\/#breadcrumb","itemListElement":[{"@type":"ListItem","position":1,"name":"Portada","item":"https:\/\/electricink.eu\/fr\/home\/"},{"@type":"ListItem","position":2,"name":"Boutique","item":"https:\/\/electricink.eu\/tienda\/"},{"@type":"ListItem","position":3,"name":"Chargeur de batteries Electric Charger"}]},{"@type":"WebSite","@id":"https:\/\/electricink.eu\/#website","url":"https:\/\/electricink.eu\/","name":"Electric Ink\u00ae","description":"Material para Tatuar Profesional en Europa - Electric Ink\u00ae","potentialAction":[{"@type":"SearchAction","target":{"@type":"EntryPoint","urlTemplate":"https:\/\/electricink.eu\/?s={search_term_string}"},"query-input":{"@type":"PropertyValueSpecification","valueRequired":true,"valueName":"search_term_string"}}],"inLanguage":"fr-FR"}]}},"_links":{"self":[{"href":"https:\/\/electricink.eu\/fr\/wp-json\/wp\/v2\/product\/41427","targetHints":{"allow":["GET"]}}],"collection":[{"href":"https:\/\/electricink.eu\/fr\/wp-json\/wp\/v2\/product"}],"about":[{"href":"https:\/\/electricink.eu\/fr\/wp-json\/wp\/v2\/types\/product"}],"replies":[{"embeddable":true,"href":"https:\/\/electricink.eu\/fr\/wp-json\/wp\/v2\/comments?post=41427"}],"wp:featuredmedia":[{"embeddable":true,"href":"https:\/\/electricink.eu\/fr\/wp-json\/wp\/v2\/media\/40962"}],"wp:attachment":[{"href":"https:\/\/electricink.eu\/fr\/wp-json\/wp\/v2\/media?parent=41427"}],"wp:term":[{"taxonomy":"product_brand","embeddable":true,"href":"https:\/\/electricink.eu\/fr\/wp-json\/wp\/v2\/product_brand?post=41427"},{"taxonomy":"product_cat","embeddable":true,"href":"https:\/\/electricink.eu\/fr\/wp-json\/wp\/v2\/product_cat?post=41427"},{"taxonomy":"product_tag","embeddable":true,"href":"https:\/\/electricink.eu\/fr\/wp-json\/wp\/v2\/product_tag?post=41427"}],"curies":[{"name":"wp","href":"https:\/\/api.w.org\/{rel}","templated":true}]}}