{"id":41441,"date":"2024-04-25T13:44:25","date_gmt":"2024-04-25T11:44:25","guid":{"rendered":"https:\/\/electricink.eu\/producto\/easy-grip-mini-tip-25mm\/"},"modified":"2024-05-24T13:15:43","modified_gmt":"2024-05-24T11:15:43","slug":"easy-grip-mini-tip-25mm","status":"publish","type":"product","link":"https:\/\/electricink.eu\/fr\/producto\/easy-grip-mini-tip-25mm\/","title":{"rendered":"Easy Grip (Mini Tip) 25mm"},"content":{"rendered":"<p><strong>Easy Grip (MINI TIP) 25mm<\/strong><\/p>\n","protected":false},"excerpt":{"rendered":"<p><strong>Easy Grip (MINI TIP) 25mm:<\/strong><\/p>\n<p>Easy Grip : facile \u00e0 utiliser et fabriqu\u00e9 dans un mat\u00e9riau r\u00e9sistant, il a un format anatomique flat et offre une plus grande stabilit\u00e9 \u00e0 votre travail. Con\u00e7u pour \u00eatre utilis\u00e9 avec le Mini Tip jetable pour aiguilles \u00e0 tige.<\/p>\n<p>Muni d&rsquo;un syst\u00e8me de verrouillage, il suffit de tourner les deux moiti\u00e9s pour ins\u00e9rer le Mini Tip, puis appuyer pour verrouiller, ce qui rend le processus d&rsquo;assemblage de la machine plus facile et plus rapide.<\/p>\n<p>Disponible en 25 et 32 \u200b\u200bmm.<\/p>\n","protected":false},"featured_media":41017,"comment_status":"closed","ping_status":"closed","template":"","meta":{"_acf_changed":false,"_et_pb_use_builder":"","_et_pb_old_content":"","_et_gb_content_width":"","inline_featured_image":false},"product_brand":[],"product_cat":[808,813],"product_tag":[],"class_list":{"0":"post-41441","1":"product","2":"type-product","3":"status-publish","4":"has-post-thumbnail","6":"product_cat-tattoo-fr","7":"product_cat-grips-fr","9":"first","10":"instock","11":"taxable","12":"shipping-taxable","13":"purchasable","14":"product-type-simple"},"acf":[],"yoast_head":"<!-- This site is optimized with the Yoast SEO plugin v27.5 - https:\/\/yoast.com\/product\/yoast-seo-wordpress\/ -->\n<title>Easy Grip (Mini Tip) 25mm - Electric Ink\u00ae<\/title>\n<meta name=\"description\" content=\"Facile \u00e0 utiliser, mat\u00e9riau r\u00e9sistant et forme anatomique flat, rend le montage de la machine plus facile et plus rapide.\" \/>\n<meta name=\"robots\" content=\"index, follow, max-snippet:-1, max-image-preview:large, max-video-preview:-1\" \/>\n<link rel=\"canonical\" href=\"https:\/\/electricink.eu\/fr\/producto\/easy-grip-mini-tip-25mm\/\" \/>\n<meta property=\"og:locale\" content=\"fr_FR\" \/>\n<meta property=\"og:type\" content=\"article\" \/>\n<meta property=\"og:title\" content=\"Easy Grip (Mini Tip) 25mm - Electric Ink\u00ae\" \/>\n<meta property=\"og:description\" content=\"Facile \u00e0 utiliser, mat\u00e9riau r\u00e9sistant et forme anatomique flat, rend le montage de la machine plus facile et plus rapide.\" \/>\n<meta property=\"og:url\" content=\"https:\/\/electricink.eu\/fr\/producto\/easy-grip-mini-tip-25mm\/\" \/>\n<meta property=\"og:site_name\" content=\"Electric Ink\u00ae\" \/>\n<meta property=\"article:modified_time\" content=\"2024-05-24T11:15:43+00:00\" \/>\n<meta property=\"og:image\" content=\"https:\/\/electricink.eu\/wp-content\/uploads\/2024\/04\/12345.35154_1.jpg\" \/>\n\t<meta property=\"og:image:width\" content=\"500\" \/>\n\t<meta property=\"og:image:height\" content=\"500\" \/>\n\t<meta property=\"og:image:type\" content=\"image\/jpeg\" \/>\n<meta name=\"twitter:card\" content=\"summary_large_image\" \/>\n<script type=\"application\/ld+json\" class=\"yoast-schema-graph\">{\"@context\":\"https:\\\/\\\/schema.org\",\"@graph\":[{\"@type\":\"WebPage\",\"@id\":\"https:\\\/\\\/electricink.eu\\\/fr\\\/producto\\\/easy-grip-mini-tip-25mm\\\/\",\"url\":\"https:\\\/\\\/electricink.eu\\\/fr\\\/producto\\\/easy-grip-mini-tip-25mm\\\/\",\"name\":\"Easy Grip (Mini Tip) 25mm - Electric Ink\u00ae\",\"isPartOf\":{\"@id\":\"https:\\\/\\\/electricink.eu\\\/#website\"},\"primaryImageOfPage\":{\"@id\":\"https:\\\/\\\/electricink.eu\\\/fr\\\/producto\\\/easy-grip-mini-tip-25mm\\\/#primaryimage\"},\"image\":{\"@id\":\"https:\\\/\\\/electricink.eu\\\/fr\\\/producto\\\/easy-grip-mini-tip-25mm\\\/#primaryimage\"},\"thumbnailUrl\":\"https:\\\/\\\/electricink.eu\\\/wp-content\\\/uploads\\\/2024\\\/04\\\/12345.35154_1.jpg\",\"datePublished\":\"2024-04-25T11:44:25+00:00\",\"dateModified\":\"2024-05-24T11:15:43+00:00\",\"description\":\"Facile \u00e0 utiliser, mat\u00e9riau r\u00e9sistant et forme anatomique flat, rend le montage de la machine plus facile et plus rapide.\",\"breadcrumb\":{\"@id\":\"https:\\\/\\\/electricink.eu\\\/fr\\\/producto\\\/easy-grip-mini-tip-25mm\\\/#breadcrumb\"},\"inLanguage\":\"fr-FR\",\"potentialAction\":[{\"@type\":\"ReadAction\",\"target\":[\"https:\\\/\\\/electricink.eu\\\/fr\\\/producto\\\/easy-grip-mini-tip-25mm\\\/\"]}]},{\"@type\":\"ImageObject\",\"inLanguage\":\"fr-FR\",\"@id\":\"https:\\\/\\\/electricink.eu\\\/fr\\\/producto\\\/easy-grip-mini-tip-25mm\\\/#primaryimage\",\"url\":\"https:\\\/\\\/electricink.eu\\\/wp-content\\\/uploads\\\/2024\\\/04\\\/12345.35154_1.jpg\",\"contentUrl\":\"https:\\\/\\\/electricink.eu\\\/wp-content\\\/uploads\\\/2024\\\/04\\\/12345.35154_1.jpg\",\"width\":500,\"height\":500},{\"@type\":\"BreadcrumbList\",\"@id\":\"https:\\\/\\\/electricink.eu\\\/fr\\\/producto\\\/easy-grip-mini-tip-25mm\\\/#breadcrumb\",\"itemListElement\":[{\"@type\":\"ListItem\",\"position\":1,\"name\":\"Portada\",\"item\":\"https:\\\/\\\/electricink.eu\\\/fr\\\/home\\\/\"},{\"@type\":\"ListItem\",\"position\":2,\"name\":\"Boutique\",\"item\":\"https:\\\/\\\/electricink.eu\\\/tienda\\\/\"},{\"@type\":\"ListItem\",\"position\":3,\"name\":\"Easy Grip (Mini Tip) 25mm\"}]},{\"@type\":\"WebSite\",\"@id\":\"https:\\\/\\\/electricink.eu\\\/#website\",\"url\":\"https:\\\/\\\/electricink.eu\\\/\",\"name\":\"Electric Ink\u00ae\",\"description\":\"Material para Tatuar Profesional en Europa - Electric Ink\u00ae\",\"potentialAction\":[{\"@type\":\"SearchAction\",\"target\":{\"@type\":\"EntryPoint\",\"urlTemplate\":\"https:\\\/\\\/electricink.eu\\\/?s={search_term_string}\"},\"query-input\":{\"@type\":\"PropertyValueSpecification\",\"valueRequired\":true,\"valueName\":\"search_term_string\"}}],\"inLanguage\":\"fr-FR\"}]}<\/script>\n<!-- \/ Yoast SEO plugin. -->","yoast_head_json":{"title":"Easy Grip (Mini Tip) 25mm - Electric Ink\u00ae","description":"Facile \u00e0 utiliser, mat\u00e9riau r\u00e9sistant et forme anatomique flat, rend le montage de la machine plus facile et plus rapide.","robots":{"index":"index","follow":"follow","max-snippet":"max-snippet:-1","max-image-preview":"max-image-preview:large","max-video-preview":"max-video-preview:-1"},"canonical":"https:\/\/electricink.eu\/fr\/producto\/easy-grip-mini-tip-25mm\/","og_locale":"fr_FR","og_type":"article","og_title":"Easy Grip (Mini Tip) 25mm - Electric Ink\u00ae","og_description":"Facile \u00e0 utiliser, mat\u00e9riau r\u00e9sistant et forme anatomique flat, rend le montage de la machine plus facile et plus rapide.","og_url":"https:\/\/electricink.eu\/fr\/producto\/easy-grip-mini-tip-25mm\/","og_site_name":"Electric Ink\u00ae","article_modified_time":"2024-05-24T11:15:43+00:00","og_image":[{"width":500,"height":500,"url":"https:\/\/electricink.eu\/wp-content\/uploads\/2024\/04\/12345.35154_1.jpg","type":"image\/jpeg"}],"twitter_card":"summary_large_image","schema":{"@context":"https:\/\/schema.org","@graph":[{"@type":"WebPage","@id":"https:\/\/electricink.eu\/fr\/producto\/easy-grip-mini-tip-25mm\/","url":"https:\/\/electricink.eu\/fr\/producto\/easy-grip-mini-tip-25mm\/","name":"Easy Grip (Mini Tip) 25mm - Electric Ink\u00ae","isPartOf":{"@id":"https:\/\/electricink.eu\/#website"},"primaryImageOfPage":{"@id":"https:\/\/electricink.eu\/fr\/producto\/easy-grip-mini-tip-25mm\/#primaryimage"},"image":{"@id":"https:\/\/electricink.eu\/fr\/producto\/easy-grip-mini-tip-25mm\/#primaryimage"},"thumbnailUrl":"https:\/\/electricink.eu\/wp-content\/uploads\/2024\/04\/12345.35154_1.jpg","datePublished":"2024-04-25T11:44:25+00:00","dateModified":"2024-05-24T11:15:43+00:00","description":"Facile \u00e0 utiliser, mat\u00e9riau r\u00e9sistant et forme anatomique flat, rend le montage de la machine plus facile et plus rapide.","breadcrumb":{"@id":"https:\/\/electricink.eu\/fr\/producto\/easy-grip-mini-tip-25mm\/#breadcrumb"},"inLanguage":"fr-FR","potentialAction":[{"@type":"ReadAction","target":["https:\/\/electricink.eu\/fr\/producto\/easy-grip-mini-tip-25mm\/"]}]},{"@type":"ImageObject","inLanguage":"fr-FR","@id":"https:\/\/electricink.eu\/fr\/producto\/easy-grip-mini-tip-25mm\/#primaryimage","url":"https:\/\/electricink.eu\/wp-content\/uploads\/2024\/04\/12345.35154_1.jpg","contentUrl":"https:\/\/electricink.eu\/wp-content\/uploads\/2024\/04\/12345.35154_1.jpg","width":500,"height":500},{"@type":"BreadcrumbList","@id":"https:\/\/electricink.eu\/fr\/producto\/easy-grip-mini-tip-25mm\/#breadcrumb","itemListElement":[{"@type":"ListItem","position":1,"name":"Portada","item":"https:\/\/electricink.eu\/fr\/home\/"},{"@type":"ListItem","position":2,"name":"Boutique","item":"https:\/\/electricink.eu\/tienda\/"},{"@type":"ListItem","position":3,"name":"Easy Grip (Mini Tip) 25mm"}]},{"@type":"WebSite","@id":"https:\/\/electricink.eu\/#website","url":"https:\/\/electricink.eu\/","name":"Electric Ink\u00ae","description":"Material para Tatuar Profesional en Europa - Electric Ink\u00ae","potentialAction":[{"@type":"SearchAction","target":{"@type":"EntryPoint","urlTemplate":"https:\/\/electricink.eu\/?s={search_term_string}"},"query-input":{"@type":"PropertyValueSpecification","valueRequired":true,"valueName":"search_term_string"}}],"inLanguage":"fr-FR"}]}},"_links":{"self":[{"href":"https:\/\/electricink.eu\/fr\/wp-json\/wp\/v2\/product\/41441","targetHints":{"allow":["GET"]}}],"collection":[{"href":"https:\/\/electricink.eu\/fr\/wp-json\/wp\/v2\/product"}],"about":[{"href":"https:\/\/electricink.eu\/fr\/wp-json\/wp\/v2\/types\/product"}],"replies":[{"embeddable":true,"href":"https:\/\/electricink.eu\/fr\/wp-json\/wp\/v2\/comments?post=41441"}],"wp:featuredmedia":[{"embeddable":true,"href":"https:\/\/electricink.eu\/fr\/wp-json\/wp\/v2\/media\/41017"}],"wp:attachment":[{"href":"https:\/\/electricink.eu\/fr\/wp-json\/wp\/v2\/media?parent=41441"}],"wp:term":[{"taxonomy":"product_brand","embeddable":true,"href":"https:\/\/electricink.eu\/fr\/wp-json\/wp\/v2\/product_brand?post=41441"},{"taxonomy":"product_cat","embeddable":true,"href":"https:\/\/electricink.eu\/fr\/wp-json\/wp\/v2\/product_cat?post=41441"},{"taxonomy":"product_tag","embeddable":true,"href":"https:\/\/electricink.eu\/fr\/wp-json\/wp\/v2\/product_tag?post=41441"}],"curies":[{"name":"wp","href":"https:\/\/api.w.org\/{rel}","templated":true}]}}