{"id":41454,"date":"2024-04-25T14:01:20","date_gmt":"2024-04-25T12:01:20","guid":{"rendered":"https:\/\/electricink.eu\/producto\/alimentation-wireless-power-3\/"},"modified":"2024-05-27T16:27:20","modified_gmt":"2024-05-27T14:27:20","slug":"alimentation-wireless-power-3","status":"publish","type":"product","link":"https:\/\/electricink.eu\/fr\/producto\/alimentation-wireless-power-3\/","title":{"rendered":"Alimentation wireless Power 3"},"content":{"rendered":"<p><strong>Alimentation sans fil Power 3\u00a0<\/strong><\/p>\n<p><strong>D\u00e9couvrez la puissance de Power 3 et laissez-vous surprendre par un nouveau monde de possibilit\u00e9s !<\/strong><\/p>\n<ul>\n<li>Allumer \/ \u00e9teindre et changer la vitesse par d\u00e9tecteur de mouvement ;<\/li>\n<li>Compatible avec l&rsquo;application Electric Ink ;<\/li>\n<li>Compatible avec les p\u00e9dales Bobtail ;<\/li>\n<li>Indicateur de sensibilit\u00e9 LED ;<\/li>\n<li>Couplage magn\u00e9tique MC2 avec adaptateur RCA ;<\/li>\n<li>Bluetooth 5.3 ;<\/li>\n<li>Drivers de machines ;<\/li>\n<li>Minuterie pour suivre la dur\u00e9e de la s\u00e9ance de tatouage ;<\/li>\n<li>Multilingue ;<\/li>\n<li>Fonction Dot work ;<\/li>\n<li>Amp\u00e8rem\u00e8tre;<\/li>\n<li>Kick booster ;<\/li>\n<li>\u00c9cran couleur ;<\/li>\n<li>Protection contre court-circuit;<\/li>\n<li>M\u00e9moires rapides ;<\/li>\n<li>Batterie externe.<\/li>\n<\/ul>\n<p>* La batterie rechargeable pour Power 3 &#8211; Li-Ion 2000mAh est la batterie id\u00e9ale recommand\u00e9e pour cette alimentation.<\/p>\n<p>*Convient \u00e0 la machine Pen 3 et \u00e0 toutes les machines rotatives Electric Ink avec connexion RCA.<\/p>\n<p><strong>Questions fr\u00e9quemment pos\u00e9es :<\/strong><\/p>\n<ol>\n<li>Avec quelles machines la source d\u2019alimentation Power 3 est-elle compatible ? Elle est compatible avec la machine Pen 3 (couplage magn\u00e9tique MC2) et les machines Electric Ink avec connexion RCA.<\/li>\n<\/ol>\n<ol start=\"2\">\n<li>Quelle batterie est recommand\u00e9e ? Batterie LI-ION rechargeable pour Power 3.<\/li>\n<\/ol>\n<ol start=\"3\">\n<li>Quelle est la dur\u00e9e de vie de la batterie ? L&rsquo;autonomie est influenc\u00e9e par plusieurs facteurs comme l&rsquo;usage que vous faites de votre machine, l&rsquo;amp\u00e9rage, la tension, entre autres, mais elle peut atteindre jusqu&rsquo;\u00e0 16 heures de travail.<\/li>\n<\/ol>\n<ol start=\"4\">\n<li>Comment fonctionne l&rsquo;activation\/la d\u00e9sactivation par mouvement ? Lorsque vous empoignez la machine avec Power 3, elle s&rsquo;allume automatiquement, puisque son capteur reconna\u00eetra le mouvement pour d\u00e9marrer. Lorsque la machine est arr\u00eat\u00e9e, elle cesse de fonctionner, car il n&rsquo;y a plus de mouvement.<\/li>\n<\/ol>\n<ol start=\"5\">\n<li>Lorsque la dur\u00e9e de vie de la batterie est \u00e9puis\u00e9e, dois-je mettre au rebut mon alimentation ? NON! C&rsquo;est l&rsquo;un de ses principaux avantages. Lorsque la dur\u00e9e de vie de la batterie est \u00e9puis\u00e9e, il suffit de remplacer la batterie pour continuer \u00e0 utiliser votre alimentation.<\/li>\n<li>A quoi sert l&rsquo;indicateur de sensibilit\u00e9 qui appara\u00eet sur l&rsquo;\u00e9cran ? Cet indicateur est reli\u00e9 \u00e0 l&rsquo;amp\u00e8rem\u00e8tre et indique si vous utilisez votre machine correctement, sans solliciter excessivement le moteur de votre \u00e9quipement. Cela augmente la dur\u00e9e de vie du moteur.<\/li>\n<\/ol>\n<p><strong>&#8212;&#8212;&#8212;&#8212;&#8212;&#8212;&#8212; Garantie du produit &#8212;&#8212;&#8212;&#8212;&#8212;&#8212;&#8212;-<\/strong><\/p>\n<p>La p\u00e9riode de garantie offerte par Electric Ink suit les r\u00e9glementations europ\u00e9ennes en vigueur. La garantie Electric Ink contre les d\u00e9fauts de fabrication commence \u00e0 partir de l&rsquo;achat du produit par le consommateur, v\u00e9rifi\u00e9 via la facture d&rsquo;achat de l&rsquo;article concern\u00e9.<\/p>\n","protected":false},"excerpt":{"rendered":"<p><strong>Petite en taille et g\u00e9ante en innovation !<\/strong><\/p>\n<p>Avec des fonctionnalit\u00e9s in\u00e9dites, d\u00e9couvrez comment une source d\u2019alimentation r\u00e9volutionnaire peut b\u00e9n\u00e9ficier votre travail :<\/p>\n<p>Gr\u00e2ce \u00e0 des mouvements simples, vous pouvez allumer, \u00e9teindre et modifier la vitesse de votre alimentation. De plus, elle dispose d&rsquo;un indicateur de sensibilit\u00e9 innovant qui, connect\u00e9 directement \u00e0 l&rsquo;amp\u00e8rem\u00e8tre, indique en temps r\u00e9el si vous utilisez correctement votre machine, sans la surcharger.<\/p>\n<p>Avec la fonction Kick Booster, vous connectez votre source \u00e0 partir d&rsquo;une tension id\u00e9ale plus \u00e9lev\u00e9e, ce qui vous permet d&rsquo;augmenter la dur\u00e9e de vie du moteur.<\/p>\n<p>Versatile, elle dispose du couplage magn\u00e9tique exclusif MC2 (magnetic coupling 2) et de l&rsquo;adaptateur RCA. Elle dispose \u00e9galement de Bluetooth 5.3, fonction Dot Work, drivers de machine, fonction multilingue, chronom\u00e8tre pour suivre la dur\u00e9e de la s\u00e9ance de tatouage, amp\u00e8rem\u00e8tre, option voltage et hertz, m\u00e9moires de vitesse, protection contre les courts-circuits et batterie ind\u00e9pendante, qui \u00e9vite d&rsquo;\u00e9ventuels dommages.<\/p>\n<p><strong>Une source d\u2019alimentation petite et l\u00e9g\u00e8re qui apporte plus de libert\u00e9 et de rapidit\u00e9 \u00e0 votre travail.<\/strong><\/p>\n<p>&nbsp;<\/p>\n<p>&nbsp;<\/p>\n","protected":false},"featured_media":41027,"comment_status":"closed","ping_status":"closed","template":"","meta":{"_acf_changed":false,"_et_pb_use_builder":"","_et_pb_old_content":"","_et_gb_content_width":"","inline_featured_image":false},"product_brand":[],"product_cat":[1139,808,812],"product_tag":[],"class_list":{"0":"post-41454","1":"product","2":"type-product","3":"status-publish","4":"has-post-thumbnail","6":"product_cat-peripherique","7":"product_cat-tattoo-fr","8":"product_cat-alimentations-tattoo","10":"first","11":"instock","12":"taxable","13":"shipping-taxable","14":"purchasable","15":"product-type-simple"},"acf":[],"yoast_head":"<!-- This site is optimized with the Yoast SEO plugin v27.4 - https:\/\/yoast.com\/product\/yoast-seo-wordpress\/ -->\n<title>Alimentation wireless Power 3 - Electric Ink\u00ae<\/title>\n<meta name=\"description\" content=\"Technologie et innovation r\u00e9unies : Une alimentation petite et l\u00e9g\u00e8re qui apporte plus de libert\u00e9 et de rapidit\u00e9 \u00e0 votre travail.\" \/>\n<meta name=\"robots\" content=\"index, follow, max-snippet:-1, max-image-preview:large, max-video-preview:-1\" \/>\n<link rel=\"canonical\" href=\"https:\/\/electricink.eu\/fr\/producto\/alimentation-wireless-power-3\/\" \/>\n<meta property=\"og:locale\" content=\"fr_FR\" \/>\n<meta property=\"og:type\" content=\"article\" \/>\n<meta property=\"og:title\" content=\"Alimentation wireless Power 3 - Electric Ink\u00ae\" \/>\n<meta property=\"og:description\" content=\"Technologie et innovation r\u00e9unies : Une alimentation petite et l\u00e9g\u00e8re qui apporte plus de libert\u00e9 et de rapidit\u00e9 \u00e0 votre travail.\" \/>\n<meta property=\"og:url\" content=\"https:\/\/electricink.eu\/fr\/producto\/alimentation-wireless-power-3\/\" \/>\n<meta property=\"og:site_name\" content=\"Electric Ink\u00ae\" \/>\n<meta property=\"article:modified_time\" content=\"2024-05-27T14:27:20+00:00\" \/>\n<meta property=\"og:image\" content=\"https:\/\/electricink.eu\/wp-content\/uploads\/2024\/04\/POWER-3-LARGE-1.png\" \/>\n\t<meta property=\"og:image:width\" content=\"1200\" \/>\n\t<meta property=\"og:image:height\" content=\"1200\" \/>\n\t<meta property=\"og:image:type\" content=\"image\/png\" \/>\n<meta name=\"twitter:card\" content=\"summary_large_image\" \/>\n<meta name=\"twitter:label1\" content=\"Dur\u00e9e de lecture estim\u00e9e\" \/>\n\t<meta name=\"twitter:data1\" content=\"2 minutes\" \/>\n<script type=\"application\/ld+json\" class=\"yoast-schema-graph\">{\"@context\":\"https:\\\/\\\/schema.org\",\"@graph\":[{\"@type\":\"WebPage\",\"@id\":\"https:\\\/\\\/electricink.eu\\\/fr\\\/producto\\\/alimentation-wireless-power-3\\\/\",\"url\":\"https:\\\/\\\/electricink.eu\\\/fr\\\/producto\\\/alimentation-wireless-power-3\\\/\",\"name\":\"Alimentation wireless Power 3 - Electric Ink\u00ae\",\"isPartOf\":{\"@id\":\"https:\\\/\\\/electricink.eu\\\/#website\"},\"primaryImageOfPage\":{\"@id\":\"https:\\\/\\\/electricink.eu\\\/fr\\\/producto\\\/alimentation-wireless-power-3\\\/#primaryimage\"},\"image\":{\"@id\":\"https:\\\/\\\/electricink.eu\\\/fr\\\/producto\\\/alimentation-wireless-power-3\\\/#primaryimage\"},\"thumbnailUrl\":\"https:\\\/\\\/electricink.eu\\\/wp-content\\\/uploads\\\/2024\\\/04\\\/POWER-3-LARGE-1.png\",\"datePublished\":\"2024-04-25T12:01:20+00:00\",\"dateModified\":\"2024-05-27T14:27:20+00:00\",\"description\":\"Technologie et innovation r\u00e9unies : Une alimentation petite et l\u00e9g\u00e8re qui apporte plus de libert\u00e9 et de rapidit\u00e9 \u00e0 votre travail.\",\"breadcrumb\":{\"@id\":\"https:\\\/\\\/electricink.eu\\\/fr\\\/producto\\\/alimentation-wireless-power-3\\\/#breadcrumb\"},\"inLanguage\":\"fr-FR\",\"potentialAction\":[{\"@type\":\"ReadAction\",\"target\":[\"https:\\\/\\\/electricink.eu\\\/fr\\\/producto\\\/alimentation-wireless-power-3\\\/\"]}]},{\"@type\":\"ImageObject\",\"inLanguage\":\"fr-FR\",\"@id\":\"https:\\\/\\\/electricink.eu\\\/fr\\\/producto\\\/alimentation-wireless-power-3\\\/#primaryimage\",\"url\":\"https:\\\/\\\/electricink.eu\\\/wp-content\\\/uploads\\\/2024\\\/04\\\/POWER-3-LARGE-1.png\",\"contentUrl\":\"https:\\\/\\\/electricink.eu\\\/wp-content\\\/uploads\\\/2024\\\/04\\\/POWER-3-LARGE-1.png\",\"width\":1200,\"height\":1200},{\"@type\":\"BreadcrumbList\",\"@id\":\"https:\\\/\\\/electricink.eu\\\/fr\\\/producto\\\/alimentation-wireless-power-3\\\/#breadcrumb\",\"itemListElement\":[{\"@type\":\"ListItem\",\"position\":1,\"name\":\"Portada\",\"item\":\"https:\\\/\\\/electricink.eu\\\/fr\\\/home\\\/\"},{\"@type\":\"ListItem\",\"position\":2,\"name\":\"Boutique\",\"item\":\"https:\\\/\\\/electricink.eu\\\/tienda\\\/\"},{\"@type\":\"ListItem\",\"position\":3,\"name\":\"Alimentation wireless Power 3\"}]},{\"@type\":\"WebSite\",\"@id\":\"https:\\\/\\\/electricink.eu\\\/#website\",\"url\":\"https:\\\/\\\/electricink.eu\\\/\",\"name\":\"Electric Ink\u00ae\",\"description\":\"Material para Tatuar Profesional en Europa - Electric Ink\u00ae\",\"potentialAction\":[{\"@type\":\"SearchAction\",\"target\":{\"@type\":\"EntryPoint\",\"urlTemplate\":\"https:\\\/\\\/electricink.eu\\\/?s={search_term_string}\"},\"query-input\":{\"@type\":\"PropertyValueSpecification\",\"valueRequired\":true,\"valueName\":\"search_term_string\"}}],\"inLanguage\":\"fr-FR\"}]}<\/script>\n<!-- \/ Yoast SEO plugin. -->","yoast_head_json":{"title":"Alimentation wireless Power 3 - Electric Ink\u00ae","description":"Technologie et innovation r\u00e9unies : Une alimentation petite et l\u00e9g\u00e8re qui apporte plus de libert\u00e9 et de rapidit\u00e9 \u00e0 votre travail.","robots":{"index":"index","follow":"follow","max-snippet":"max-snippet:-1","max-image-preview":"max-image-preview:large","max-video-preview":"max-video-preview:-1"},"canonical":"https:\/\/electricink.eu\/fr\/producto\/alimentation-wireless-power-3\/","og_locale":"fr_FR","og_type":"article","og_title":"Alimentation wireless Power 3 - Electric Ink\u00ae","og_description":"Technologie et innovation r\u00e9unies : Une alimentation petite et l\u00e9g\u00e8re qui apporte plus de libert\u00e9 et de rapidit\u00e9 \u00e0 votre travail.","og_url":"https:\/\/electricink.eu\/fr\/producto\/alimentation-wireless-power-3\/","og_site_name":"Electric Ink\u00ae","article_modified_time":"2024-05-27T14:27:20+00:00","og_image":[{"width":1200,"height":1200,"url":"https:\/\/electricink.eu\/wp-content\/uploads\/2024\/04\/POWER-3-LARGE-1.png","type":"image\/png"}],"twitter_card":"summary_large_image","twitter_misc":{"Dur\u00e9e de lecture estim\u00e9e":"2 minutes"},"schema":{"@context":"https:\/\/schema.org","@graph":[{"@type":"WebPage","@id":"https:\/\/electricink.eu\/fr\/producto\/alimentation-wireless-power-3\/","url":"https:\/\/electricink.eu\/fr\/producto\/alimentation-wireless-power-3\/","name":"Alimentation wireless Power 3 - Electric Ink\u00ae","isPartOf":{"@id":"https:\/\/electricink.eu\/#website"},"primaryImageOfPage":{"@id":"https:\/\/electricink.eu\/fr\/producto\/alimentation-wireless-power-3\/#primaryimage"},"image":{"@id":"https:\/\/electricink.eu\/fr\/producto\/alimentation-wireless-power-3\/#primaryimage"},"thumbnailUrl":"https:\/\/electricink.eu\/wp-content\/uploads\/2024\/04\/POWER-3-LARGE-1.png","datePublished":"2024-04-25T12:01:20+00:00","dateModified":"2024-05-27T14:27:20+00:00","description":"Technologie et innovation r\u00e9unies : Une alimentation petite et l\u00e9g\u00e8re qui apporte plus de libert\u00e9 et de rapidit\u00e9 \u00e0 votre travail.","breadcrumb":{"@id":"https:\/\/electricink.eu\/fr\/producto\/alimentation-wireless-power-3\/#breadcrumb"},"inLanguage":"fr-FR","potentialAction":[{"@type":"ReadAction","target":["https:\/\/electricink.eu\/fr\/producto\/alimentation-wireless-power-3\/"]}]},{"@type":"ImageObject","inLanguage":"fr-FR","@id":"https:\/\/electricink.eu\/fr\/producto\/alimentation-wireless-power-3\/#primaryimage","url":"https:\/\/electricink.eu\/wp-content\/uploads\/2024\/04\/POWER-3-LARGE-1.png","contentUrl":"https:\/\/electricink.eu\/wp-content\/uploads\/2024\/04\/POWER-3-LARGE-1.png","width":1200,"height":1200},{"@type":"BreadcrumbList","@id":"https:\/\/electricink.eu\/fr\/producto\/alimentation-wireless-power-3\/#breadcrumb","itemListElement":[{"@type":"ListItem","position":1,"name":"Portada","item":"https:\/\/electricink.eu\/fr\/home\/"},{"@type":"ListItem","position":2,"name":"Boutique","item":"https:\/\/electricink.eu\/tienda\/"},{"@type":"ListItem","position":3,"name":"Alimentation wireless Power 3"}]},{"@type":"WebSite","@id":"https:\/\/electricink.eu\/#website","url":"https:\/\/electricink.eu\/","name":"Electric Ink\u00ae","description":"Material para Tatuar Profesional en Europa - Electric Ink\u00ae","potentialAction":[{"@type":"SearchAction","target":{"@type":"EntryPoint","urlTemplate":"https:\/\/electricink.eu\/?s={search_term_string}"},"query-input":{"@type":"PropertyValueSpecification","valueRequired":true,"valueName":"search_term_string"}}],"inLanguage":"fr-FR"}]}},"_links":{"self":[{"href":"https:\/\/electricink.eu\/fr\/wp-json\/wp\/v2\/product\/41454","targetHints":{"allow":["GET"]}}],"collection":[{"href":"https:\/\/electricink.eu\/fr\/wp-json\/wp\/v2\/product"}],"about":[{"href":"https:\/\/electricink.eu\/fr\/wp-json\/wp\/v2\/types\/product"}],"replies":[{"embeddable":true,"href":"https:\/\/electricink.eu\/fr\/wp-json\/wp\/v2\/comments?post=41454"}],"wp:featuredmedia":[{"embeddable":true,"href":"https:\/\/electricink.eu\/fr\/wp-json\/wp\/v2\/media\/41027"}],"wp:attachment":[{"href":"https:\/\/electricink.eu\/fr\/wp-json\/wp\/v2\/media?parent=41454"}],"wp:term":[{"taxonomy":"product_brand","embeddable":true,"href":"https:\/\/electricink.eu\/fr\/wp-json\/wp\/v2\/product_brand?post=41454"},{"taxonomy":"product_cat","embeddable":true,"href":"https:\/\/electricink.eu\/fr\/wp-json\/wp\/v2\/product_cat?post=41454"},{"taxonomy":"product_tag","embeddable":true,"href":"https:\/\/electricink.eu\/fr\/wp-json\/wp\/v2\/product_tag?post=41454"}],"curies":[{"name":"wp","href":"https:\/\/api.w.org\/{rel}","templated":true}]}}