{"id":41465,"date":"2024-04-25T14:25:50","date_gmt":"2024-04-25T12:25:50","guid":{"rendered":"https:\/\/electricink.eu\/producto\/ultra-pen-2-4-0mm-noire\/"},"modified":"2024-05-28T12:49:15","modified_gmt":"2024-05-28T10:49:15","slug":"ultra-pen-2-4-0mm-noire","status":"publish","type":"product","link":"https:\/\/electricink.eu\/fr\/producto\/ultra-pen-2-4-0mm-noire\/","title":{"rendered":"Ultra Pen 2 &#8211; 4.0mm Noire"},"content":{"rendered":"<p><strong>Ultra Pen 2 &#8211; 4.0mm Noire<\/strong><\/p>\n<p><strong>CARACT\u00c9RISTIQUES DU PRODUIT :<\/strong><\/p>\n<p><strong>Syst\u00e8me d&rsquo;amortissement de frappe :<\/strong><\/p>\n<ul>\n<li><strong>Syst\u00e8me LADS1 &#8211; Long Adjustable Damping System<\/strong> : Syst\u00e8me d&rsquo;amortissement r\u00e9glable qui n&rsquo;alt\u00e8re pas la course lorsque la pression augmente. Machine plus dure ou plus douce en quelques clics (r\u00e9glage en 30 clics).<\/li>\n<li><strong>Syst\u00e8me PAS2 &#8211; Permanently Aligned System<\/strong> : syst\u00e8me qui maintient la cartouche toujours align\u00e9e.<\/li>\n<li>Course de 4,0 mm ;<\/li>\n<li>Moteur n\u00e9odyme 22R, plus puissant et rapide ;<\/li>\n<li>Grip 25 mm pour cartouches universelles ;<\/li>\n<li>Compatible avec Grip Balance Electra Pen et Ultra Pen 1;<\/li>\n<li>Compatible avec l\u2019alimentation Power 1, Power 3 et le c\u00e2ble RCA ;<\/li>\n<li>L\u00e9g\u00e8re et ergonomique ;<\/li>\n<li>Id\u00e9ale pour tous les styles ;<\/li>\n<li>D\u00e9velopp\u00e9e au Br\u00e9sil par des ing\u00e9nieurs et des tatoueurs ;<\/li>\n<li>Garantie et assistance technique.<\/li>\n<\/ul>\n<p style=\"text-align: left\"><strong>&#8212;&#8212;&#8212;&#8212;&#8212;&#8212;&#8212;&#8212; Garantie du produit&#8212;&#8212;&#8212;&#8212;&#8212;&#8212;&#8212;&#8212;<\/strong><\/p>\n<p style=\"text-align: left\">La p\u00e9riode de garantie offerte par Electric Ink suit les r\u00e9glementations europ\u00e9ennes en vigueur. La garantie d&rsquo;Electric Ink contre les d\u00e9fauts de fabrication commence \u00e0 partir de l&rsquo;achat du produit par le consommateur, v\u00e9rifi\u00e9 via la facture d&rsquo;achat de l&rsquo;article concern\u00e9.<\/p>\n<p style=\"text-align: left\">\u00a0<\/p>\n","protected":false},"excerpt":{"rendered":"<p><strong>Une nouvelle version pour une nouvelle \u00e8re.<\/strong><\/p>\n<p>L&rsquo;Ultra Pen 2 est l&rsquo;\u00e9volution de l&rsquo;Ultra Pen. Notre \u00e9quipe a cr\u00e9\u00e9 un syst\u00e8me d\u2019amortissement exclusif pour faciliter l&rsquo;application de l&rsquo;encre, tracer et remplir avec plus de pr\u00e9cision, sans endommager les tissus.<\/p>\n<p>Elle est dot\u00e9e du nouveau moteur n\u00e9odyme 22R, plus robuste, puissant et rapide, qui am\u00e8ne la machine \u00e0 une vitesse in\u00e9gal\u00e9e.<\/p>\n<p>Son design plus fin est dot\u00e9 d&rsquo;un grip ergonomique de 25 mm, avec r\u00e9glage pour cartouches universelles, qui offre confort et libert\u00e9 de mouvement \u00e0 l&rsquo;artiste. Compatible avec les grips Electra Pen et Ultra Pen 1 Balance Grips, vous pouvez choisir les tailles qui conviennent le mieux \u00e0 votre style.<\/p>\n<p>L&rsquo;Ultra Pen 2 dispose d&rsquo;un connecteur magn\u00e9tique pour l\u2019alimentation sans fil Power 3 ainsi qu\u2019un adaptateur RCA pour l\u2019alimentation sans fil Power 1 et pour le c\u00e2ble traditionnel.<\/p>\n","protected":false},"featured_media":41086,"comment_status":"closed","ping_status":"closed","template":"","meta":{"_acf_changed":false,"_et_pb_use_builder":"","_et_pb_old_content":"","_et_gb_content_width":"","inline_featured_image":false},"product_brand":[],"product_cat":[808,817,819],"product_tag":[],"class_list":{"0":"post-41465","1":"product","2":"type-product","3":"status-publish","4":"has-post-thumbnail","6":"product_cat-tattoo-fr","7":"product_cat-machine-a-tatouer","8":"product_cat-machines-pen-fr","10":"first","11":"instock","12":"taxable","13":"shipping-taxable","14":"purchasable","15":"product-type-simple"},"acf":[],"yoast_head":"<!-- This site is optimized with the Yoast SEO plugin v27.5 - https:\/\/yoast.com\/product\/yoast-seo-wordpress\/ -->\n<title>Ultra Pen 2 - 4.0mm Noire - Electric Ink\u00ae<\/title>\n<meta name=\"description\" content=\"Un syst\u00e8me d&#039;amortissement exclusif qui facilite l&#039;application de l&#039;encre ; course de 4,0 mm ; moteur n\u00e9odyme 22R, plus puissant et plus rapide.\" \/>\n<meta name=\"robots\" content=\"index, follow, max-snippet:-1, max-image-preview:large, max-video-preview:-1\" \/>\n<link rel=\"canonical\" href=\"https:\/\/electricink.eu\/fr\/producto\/ultra-pen-2-4-0mm-noire\/\" \/>\n<meta property=\"og:locale\" content=\"fr_FR\" \/>\n<meta property=\"og:type\" content=\"article\" \/>\n<meta property=\"og:title\" content=\"Ultra Pen 2 - 4.0mm Noire - Electric Ink\u00ae\" \/>\n<meta property=\"og:description\" content=\"Un syst\u00e8me d&#039;amortissement exclusif qui facilite l&#039;application de l&#039;encre ; course de 4,0 mm ; moteur n\u00e9odyme 22R, plus puissant et plus rapide.\" \/>\n<meta property=\"og:url\" content=\"https:\/\/electricink.eu\/fr\/producto\/ultra-pen-2-4-0mm-noire\/\" \/>\n<meta property=\"og:site_name\" content=\"Electric Ink\u00ae\" \/>\n<meta property=\"article:modified_time\" content=\"2024-05-28T10:49:15+00:00\" \/>\n<meta property=\"og:image\" content=\"https:\/\/electricink.eu\/wp-content\/uploads\/2024\/04\/UltraPen2-blue_01.png\" \/>\n\t<meta property=\"og:image:width\" content=\"1200\" \/>\n\t<meta property=\"og:image:height\" content=\"1200\" \/>\n\t<meta property=\"og:image:type\" content=\"image\/png\" \/>\n<meta name=\"twitter:card\" content=\"summary_large_image\" \/>\n<meta name=\"twitter:label1\" content=\"Dur\u00e9e de lecture estim\u00e9e\" \/>\n\t<meta name=\"twitter:data1\" content=\"1 minute\" \/>\n<script type=\"application\/ld+json\" class=\"yoast-schema-graph\">{\"@context\":\"https:\\\/\\\/schema.org\",\"@graph\":[{\"@type\":\"WebPage\",\"@id\":\"https:\\\/\\\/electricink.eu\\\/fr\\\/producto\\\/ultra-pen-2-4-0mm-noire\\\/\",\"url\":\"https:\\\/\\\/electricink.eu\\\/fr\\\/producto\\\/ultra-pen-2-4-0mm-noire\\\/\",\"name\":\"Ultra Pen 2 - 4.0mm Noire - Electric Ink\u00ae\",\"isPartOf\":{\"@id\":\"https:\\\/\\\/electricink.eu\\\/#website\"},\"primaryImageOfPage\":{\"@id\":\"https:\\\/\\\/electricink.eu\\\/fr\\\/producto\\\/ultra-pen-2-4-0mm-noire\\\/#primaryimage\"},\"image\":{\"@id\":\"https:\\\/\\\/electricink.eu\\\/fr\\\/producto\\\/ultra-pen-2-4-0mm-noire\\\/#primaryimage\"},\"thumbnailUrl\":\"https:\\\/\\\/electricink.eu\\\/wp-content\\\/uploads\\\/2024\\\/04\\\/UltraPen2-blue_01.png\",\"datePublished\":\"2024-04-25T12:25:50+00:00\",\"dateModified\":\"2024-05-28T10:49:15+00:00\",\"description\":\"Un syst\u00e8me d'amortissement exclusif qui facilite l'application de l'encre ; course de 4,0 mm ; moteur n\u00e9odyme 22R, plus puissant et plus rapide.\",\"breadcrumb\":{\"@id\":\"https:\\\/\\\/electricink.eu\\\/fr\\\/producto\\\/ultra-pen-2-4-0mm-noire\\\/#breadcrumb\"},\"inLanguage\":\"fr-FR\",\"potentialAction\":[{\"@type\":\"ReadAction\",\"target\":[\"https:\\\/\\\/electricink.eu\\\/fr\\\/producto\\\/ultra-pen-2-4-0mm-noire\\\/\"]}]},{\"@type\":\"ImageObject\",\"inLanguage\":\"fr-FR\",\"@id\":\"https:\\\/\\\/electricink.eu\\\/fr\\\/producto\\\/ultra-pen-2-4-0mm-noire\\\/#primaryimage\",\"url\":\"https:\\\/\\\/electricink.eu\\\/wp-content\\\/uploads\\\/2024\\\/04\\\/UltraPen2-blue_01.png\",\"contentUrl\":\"https:\\\/\\\/electricink.eu\\\/wp-content\\\/uploads\\\/2024\\\/04\\\/UltraPen2-blue_01.png\",\"width\":1200,\"height\":1200},{\"@type\":\"BreadcrumbList\",\"@id\":\"https:\\\/\\\/electricink.eu\\\/fr\\\/producto\\\/ultra-pen-2-4-0mm-noire\\\/#breadcrumb\",\"itemListElement\":[{\"@type\":\"ListItem\",\"position\":1,\"name\":\"Portada\",\"item\":\"https:\\\/\\\/electricink.eu\\\/fr\\\/home\\\/\"},{\"@type\":\"ListItem\",\"position\":2,\"name\":\"Boutique\",\"item\":\"https:\\\/\\\/electricink.eu\\\/tienda\\\/\"},{\"@type\":\"ListItem\",\"position\":3,\"name\":\"Ultra Pen 2 &#8211; 4.0mm Noire\"}]},{\"@type\":\"WebSite\",\"@id\":\"https:\\\/\\\/electricink.eu\\\/#website\",\"url\":\"https:\\\/\\\/electricink.eu\\\/\",\"name\":\"Electric Ink\u00ae\",\"description\":\"Material para Tatuar Profesional en Europa - Electric Ink\u00ae\",\"potentialAction\":[{\"@type\":\"SearchAction\",\"target\":{\"@type\":\"EntryPoint\",\"urlTemplate\":\"https:\\\/\\\/electricink.eu\\\/?s={search_term_string}\"},\"query-input\":{\"@type\":\"PropertyValueSpecification\",\"valueRequired\":true,\"valueName\":\"search_term_string\"}}],\"inLanguage\":\"fr-FR\"}]}<\/script>\n<!-- \/ Yoast SEO plugin. -->","yoast_head_json":{"title":"Ultra Pen 2 - 4.0mm Noire - Electric Ink\u00ae","description":"Un syst\u00e8me d'amortissement exclusif qui facilite l'application de l'encre ; course de 4,0 mm ; moteur n\u00e9odyme 22R, plus puissant et plus rapide.","robots":{"index":"index","follow":"follow","max-snippet":"max-snippet:-1","max-image-preview":"max-image-preview:large","max-video-preview":"max-video-preview:-1"},"canonical":"https:\/\/electricink.eu\/fr\/producto\/ultra-pen-2-4-0mm-noire\/","og_locale":"fr_FR","og_type":"article","og_title":"Ultra Pen 2 - 4.0mm Noire - Electric Ink\u00ae","og_description":"Un syst\u00e8me d'amortissement exclusif qui facilite l'application de l'encre ; course de 4,0 mm ; moteur n\u00e9odyme 22R, plus puissant et plus rapide.","og_url":"https:\/\/electricink.eu\/fr\/producto\/ultra-pen-2-4-0mm-noire\/","og_site_name":"Electric Ink\u00ae","article_modified_time":"2024-05-28T10:49:15+00:00","og_image":[{"width":1200,"height":1200,"url":"https:\/\/electricink.eu\/wp-content\/uploads\/2024\/04\/UltraPen2-blue_01.png","type":"image\/png"}],"twitter_card":"summary_large_image","twitter_misc":{"Dur\u00e9e de lecture estim\u00e9e":"1 minute"},"schema":{"@context":"https:\/\/schema.org","@graph":[{"@type":"WebPage","@id":"https:\/\/electricink.eu\/fr\/producto\/ultra-pen-2-4-0mm-noire\/","url":"https:\/\/electricink.eu\/fr\/producto\/ultra-pen-2-4-0mm-noire\/","name":"Ultra Pen 2 - 4.0mm Noire - Electric Ink\u00ae","isPartOf":{"@id":"https:\/\/electricink.eu\/#website"},"primaryImageOfPage":{"@id":"https:\/\/electricink.eu\/fr\/producto\/ultra-pen-2-4-0mm-noire\/#primaryimage"},"image":{"@id":"https:\/\/electricink.eu\/fr\/producto\/ultra-pen-2-4-0mm-noire\/#primaryimage"},"thumbnailUrl":"https:\/\/electricink.eu\/wp-content\/uploads\/2024\/04\/UltraPen2-blue_01.png","datePublished":"2024-04-25T12:25:50+00:00","dateModified":"2024-05-28T10:49:15+00:00","description":"Un syst\u00e8me d'amortissement exclusif qui facilite l'application de l'encre ; course de 4,0 mm ; moteur n\u00e9odyme 22R, plus puissant et plus rapide.","breadcrumb":{"@id":"https:\/\/electricink.eu\/fr\/producto\/ultra-pen-2-4-0mm-noire\/#breadcrumb"},"inLanguage":"fr-FR","potentialAction":[{"@type":"ReadAction","target":["https:\/\/electricink.eu\/fr\/producto\/ultra-pen-2-4-0mm-noire\/"]}]},{"@type":"ImageObject","inLanguage":"fr-FR","@id":"https:\/\/electricink.eu\/fr\/producto\/ultra-pen-2-4-0mm-noire\/#primaryimage","url":"https:\/\/electricink.eu\/wp-content\/uploads\/2024\/04\/UltraPen2-blue_01.png","contentUrl":"https:\/\/electricink.eu\/wp-content\/uploads\/2024\/04\/UltraPen2-blue_01.png","width":1200,"height":1200},{"@type":"BreadcrumbList","@id":"https:\/\/electricink.eu\/fr\/producto\/ultra-pen-2-4-0mm-noire\/#breadcrumb","itemListElement":[{"@type":"ListItem","position":1,"name":"Portada","item":"https:\/\/electricink.eu\/fr\/home\/"},{"@type":"ListItem","position":2,"name":"Boutique","item":"https:\/\/electricink.eu\/tienda\/"},{"@type":"ListItem","position":3,"name":"Ultra Pen 2 &#8211; 4.0mm Noire"}]},{"@type":"WebSite","@id":"https:\/\/electricink.eu\/#website","url":"https:\/\/electricink.eu\/","name":"Electric Ink\u00ae","description":"Material para Tatuar Profesional en Europa - Electric Ink\u00ae","potentialAction":[{"@type":"SearchAction","target":{"@type":"EntryPoint","urlTemplate":"https:\/\/electricink.eu\/?s={search_term_string}"},"query-input":{"@type":"PropertyValueSpecification","valueRequired":true,"valueName":"search_term_string"}}],"inLanguage":"fr-FR"}]}},"_links":{"self":[{"href":"https:\/\/electricink.eu\/fr\/wp-json\/wp\/v2\/product\/41465","targetHints":{"allow":["GET"]}}],"collection":[{"href":"https:\/\/electricink.eu\/fr\/wp-json\/wp\/v2\/product"}],"about":[{"href":"https:\/\/electricink.eu\/fr\/wp-json\/wp\/v2\/types\/product"}],"replies":[{"embeddable":true,"href":"https:\/\/electricink.eu\/fr\/wp-json\/wp\/v2\/comments?post=41465"}],"wp:featuredmedia":[{"embeddable":true,"href":"https:\/\/electricink.eu\/fr\/wp-json\/wp\/v2\/media\/41086"}],"wp:attachment":[{"href":"https:\/\/electricink.eu\/fr\/wp-json\/wp\/v2\/media?parent=41465"}],"wp:term":[{"taxonomy":"product_brand","embeddable":true,"href":"https:\/\/electricink.eu\/fr\/wp-json\/wp\/v2\/product_brand?post=41465"},{"taxonomy":"product_cat","embeddable":true,"href":"https:\/\/electricink.eu\/fr\/wp-json\/wp\/v2\/product_cat?post=41465"},{"taxonomy":"product_tag","embeddable":true,"href":"https:\/\/electricink.eu\/fr\/wp-json\/wp\/v2\/product_tag?post=41465"}],"curies":[{"name":"wp","href":"https:\/\/api.w.org\/{rel}","templated":true}]}}