{"id":41758,"date":"2024-07-02T13:56:57","date_gmt":"2024-07-02T11:56:57","guid":{"rendered":"https:\/\/electricink.eu\/?post_type=product&#038;p=41758"},"modified":"2025-05-17T22:16:46","modified_gmt":"2025-05-17T20:16:46","slug":"pinceau-pour-eyeliner-noir-50un-copia-copia-copia","status":"publish","type":"product","link":"https:\/\/electricink.eu\/fr\/producto\/pinceau-pour-eyeliner-noir-50un-copia-copia-copia\/","title":{"rendered":"Henn\u00e9 Nuance pour Sourcils &#8211; Brun Fonc\u00e9 3g"},"content":{"rendered":"<p><strong>HENN\u00c9 NUANCE POUR SOURCILS <\/strong><\/p>\n<p><strong>PR\u00c9PARATION :<\/strong><\/p>\n<ul>\n<li>*Avant de l&rsquo;appliquer, nous recommandons de nettoyer la sone des sourcils avec un coton imbib\u00e9 d&rsquo;une solution astringente ou d&rsquo;une solution de peroxyde d&rsquo;hydrog\u00e8ne \u00e0 3%. Prot\u00e9gez toujours vos yeux en les couvrant de coton.<\/li>\n<li>Mettez une cuill\u00e8re doseuse (fournie avec le kit) de poudre de Henn\u00e9 Nuance de la couleur souhait\u00e9e dans le r\u00e9cipient (qui fait partie du kit) et ajoutez 6 \u00e0 10 gouttes d&rsquo;eau min\u00e9rale ou filtr\u00e9e. Bien m\u00e9langer avec un b\u00e2tonnet \u00e0 pointe fine jusqu&rsquo;\u00e0 obtenir une p\u00e2te cr\u00e9meuse (consistance lotion). R\u00e9server.<\/li>\n<\/ul>\n<p><strong>APPLICATION :<\/strong><br \/>01- Donnez au pr\u00e9alable la forme souhait\u00e9e aux sourcils.<br \/>02- Nettoyez la zone des sourcils*.<br \/>03- Appliquez HENNA NUANCE \u00e0 l&rsquo;aide d&rsquo;un b\u00e2tonnet \u00e0 pointe fine (ne pas utiliser de pinceau) en le pressant sur la peau.<br \/>04- Avec un coton-tige humide, retirez l&rsquo;exc\u00e9dent.<br \/>05- Laissez agir entre 20 et 30 minutes. En cas de peau grasse, laissez agir plus longtemps ou r\u00e9p\u00e9tez l&rsquo;application.<br \/>06- Retirez compl\u00e8tement le produit \u00e0 l&rsquo;aide d&rsquo;un coton imbib\u00e9 d&rsquo;eau.<br \/>07- Il est recommand\u00e9 de ne pas laver la zone pendant 8 heures.<\/p>\n<p><strong>PR\u00c9CAUTIONS :<\/strong> Utilisez ce henn\u00e9 uniquement sur les sourcils. Le henn\u00e9 peut provoquer des r\u00e9actions allergiques. Faites un test d\u2019allergie pr\u00e9ventif et suivez les instructions. <strong>Usage externe :<\/strong> en cas de signe d&rsquo;irritation, cesser l&rsquo;utilisation et consulter un m\u00e9decin.<\/p>\n<p>&nbsp;<\/p>\n","protected":false},"excerpt":{"rendered":"<p><strong>DESCRIPTION DU PRODUIT:<\/strong><\/p>\n<p>Le henn\u00e9 indien est utilis\u00e9 depuis des centaines d\u2019ann\u00e9es pour peindre le corps et le visage. Actuellement, le Henn\u00e9 est indispensable pour rehausser et embellir le regard. <br \/><strong>Henna Nuance<\/strong> est compos\u00e9 du meilleur henn\u00e9 indien et de pigments s\u00e9lectionn\u00e9s, apportant du naturel aux sourcils.<br \/>Indiqu\u00e9 pour les personnes ayant des sourcils clairsem\u00e9s, en cas de probl\u00e8me de pousse de poils et pour \u00e9valuer le r\u00e9sultat d&rsquo;un futur maquillage permanent.<br \/>En plus des propri\u00e9t\u00e9s qui prennent soin des poils et de la peau, la formule poss\u00e8de d\u00e9j\u00e0 un fixateur et est tr\u00e8s performante.Le produit peut durer 5 \u00e0 10 jours sur la peau, selon le type de peau et les soins.<\/p>\n<p><strong>Contient :<\/strong> 1 poudre de henn\u00e9 3g, 1 r\u00e9cipient, 1 spatule, 1 paire de gants jetables et une notice explicative.<\/p>\n<p><strong>Composition :<\/strong> Lawsonia Inermis Extract; Hydroxyethylcellulose; Algin; Sodium Sulfate; Tartaric Acid; Disodium Lauryl Sulfoccinate.<\/p>\n<p><strong>Produit vegan<\/strong><br \/><strong>Non test\u00e9 sur les animaux<\/strong><br \/><strong>Ne contient pas de parabens<\/strong><br \/><strong>Ne contient pas de plomb<\/strong><br \/><strong>Ne contient pas de PPD.<\/strong><\/p>\n<p>&nbsp;<\/p>\n","protected":false},"featured_media":41762,"comment_status":"closed","ping_status":"closed","template":"","meta":{"_acf_changed":false,"_et_pb_use_builder":"","_et_pb_old_content":"","_et_gb_content_width":"","inline_featured_image":false},"product_brand":[],"product_cat":[791,961,792,794,795],"product_tag":[],"class_list":{"0":"post-41758","1":"product","2":"type-product","3":"status-publish","4":"has-post-thumbnail","6":"product_cat-cosmetiques","7":"product_cat-henna-fr","8":"product_cat-cosmetique-micropigmentation","9":"product_cat-micropigmentation","10":"product_cat-accessories-micro-fr","12":"first","13":"instock","14":"taxable","15":"shipping-taxable","16":"purchasable","17":"product-type-simple"},"acf":[],"yoast_head":"<!-- This site is optimized with the Yoast SEO plugin v27.4 - https:\/\/yoast.com\/product\/yoast-seo-wordpress\/ -->\n<title>Henn\u00e9 Nuance pour Sourcils - Brun Fonc\u00e9 3g - Electric Ink\u00ae<\/title>\n<meta name=\"description\" content=\"Henn\u00e9 Nuance est compos\u00e9 du meilleur henn\u00e9 indien et de pigments s\u00e9lectionn\u00e9s, apportant du naturel \u00e0 vos sourcils. Produit vegan.\" \/>\n<meta name=\"robots\" content=\"index, follow, max-snippet:-1, max-image-preview:large, max-video-preview:-1\" \/>\n<link rel=\"canonical\" href=\"https:\/\/electricink.eu\/fr\/producto\/pinceau-pour-eyeliner-noir-50un-copia-copia-copia\/\" \/>\n<meta property=\"og:locale\" content=\"fr_FR\" \/>\n<meta property=\"og:type\" content=\"article\" \/>\n<meta property=\"og:title\" content=\"Henn\u00e9 Nuance pour Sourcils - Brun Fonc\u00e9 3g - Electric Ink\u00ae\" \/>\n<meta property=\"og:description\" content=\"Henn\u00e9 Nuance est compos\u00e9 du meilleur henn\u00e9 indien et de pigments s\u00e9lectionn\u00e9s, apportant du naturel \u00e0 vos sourcils. Produit vegan.\" \/>\n<meta property=\"og:url\" content=\"https:\/\/electricink.eu\/fr\/producto\/pinceau-pour-eyeliner-noir-50un-copia-copia-copia\/\" \/>\n<meta property=\"og:site_name\" content=\"Electric Ink\u00ae\" \/>\n<meta property=\"article:modified_time\" content=\"2025-05-17T20:16:46+00:00\" \/>\n<meta property=\"og:image\" content=\"https:\/\/electricink.eu\/wp-content\/uploads\/2024\/07\/Henna-Castanho-Escuro.jpg\" \/>\n\t<meta property=\"og:image:width\" content=\"1080\" \/>\n\t<meta property=\"og:image:height\" content=\"1350\" \/>\n\t<meta property=\"og:image:type\" content=\"image\/jpeg\" \/>\n<meta name=\"twitter:card\" content=\"summary_large_image\" \/>\n<meta name=\"twitter:label1\" content=\"Dur\u00e9e de lecture estim\u00e9e\" \/>\n\t<meta name=\"twitter:data1\" content=\"1 minute\" \/>\n<script type=\"application\/ld+json\" class=\"yoast-schema-graph\">{\"@context\":\"https:\\\/\\\/schema.org\",\"@graph\":[{\"@type\":\"WebPage\",\"@id\":\"https:\\\/\\\/electricink.eu\\\/fr\\\/producto\\\/pinceau-pour-eyeliner-noir-50un-copia-copia-copia\\\/\",\"url\":\"https:\\\/\\\/electricink.eu\\\/fr\\\/producto\\\/pinceau-pour-eyeliner-noir-50un-copia-copia-copia\\\/\",\"name\":\"Henn\u00e9 Nuance pour Sourcils - Brun Fonc\u00e9 3g - Electric Ink\u00ae\",\"isPartOf\":{\"@id\":\"https:\\\/\\\/electricink.eu\\\/#website\"},\"primaryImageOfPage\":{\"@id\":\"https:\\\/\\\/electricink.eu\\\/fr\\\/producto\\\/pinceau-pour-eyeliner-noir-50un-copia-copia-copia\\\/#primaryimage\"},\"image\":{\"@id\":\"https:\\\/\\\/electricink.eu\\\/fr\\\/producto\\\/pinceau-pour-eyeliner-noir-50un-copia-copia-copia\\\/#primaryimage\"},\"thumbnailUrl\":\"https:\\\/\\\/electricink.eu\\\/wp-content\\\/uploads\\\/2024\\\/07\\\/Henna-Castanho-Escuro.jpg\",\"datePublished\":\"2024-07-02T11:56:57+00:00\",\"dateModified\":\"2025-05-17T20:16:46+00:00\",\"description\":\"Henn\u00e9 Nuance est compos\u00e9 du meilleur henn\u00e9 indien et de pigments s\u00e9lectionn\u00e9s, apportant du naturel \u00e0 vos sourcils. Produit vegan.\",\"breadcrumb\":{\"@id\":\"https:\\\/\\\/electricink.eu\\\/fr\\\/producto\\\/pinceau-pour-eyeliner-noir-50un-copia-copia-copia\\\/#breadcrumb\"},\"inLanguage\":\"fr-FR\",\"potentialAction\":[{\"@type\":\"ReadAction\",\"target\":[\"https:\\\/\\\/electricink.eu\\\/fr\\\/producto\\\/pinceau-pour-eyeliner-noir-50un-copia-copia-copia\\\/\"]}]},{\"@type\":\"ImageObject\",\"inLanguage\":\"fr-FR\",\"@id\":\"https:\\\/\\\/electricink.eu\\\/fr\\\/producto\\\/pinceau-pour-eyeliner-noir-50un-copia-copia-copia\\\/#primaryimage\",\"url\":\"https:\\\/\\\/electricink.eu\\\/wp-content\\\/uploads\\\/2024\\\/07\\\/Henna-Castanho-Escuro.jpg\",\"contentUrl\":\"https:\\\/\\\/electricink.eu\\\/wp-content\\\/uploads\\\/2024\\\/07\\\/Henna-Castanho-Escuro.jpg\",\"width\":1080,\"height\":1350},{\"@type\":\"BreadcrumbList\",\"@id\":\"https:\\\/\\\/electricink.eu\\\/fr\\\/producto\\\/pinceau-pour-eyeliner-noir-50un-copia-copia-copia\\\/#breadcrumb\",\"itemListElement\":[{\"@type\":\"ListItem\",\"position\":1,\"name\":\"Portada\",\"item\":\"https:\\\/\\\/electricink.eu\\\/fr\\\/home\\\/\"},{\"@type\":\"ListItem\",\"position\":2,\"name\":\"Boutique\",\"item\":\"https:\\\/\\\/electricink.eu\\\/tienda\\\/\"},{\"@type\":\"ListItem\",\"position\":3,\"name\":\"Henn\u00e9 Nuance pour Sourcils &#8211; Brun Fonc\u00e9 3g\"}]},{\"@type\":\"WebSite\",\"@id\":\"https:\\\/\\\/electricink.eu\\\/#website\",\"url\":\"https:\\\/\\\/electricink.eu\\\/\",\"name\":\"Electric Ink\u00ae\",\"description\":\"Material para Tatuar Profesional en Europa - Electric Ink\u00ae\",\"potentialAction\":[{\"@type\":\"SearchAction\",\"target\":{\"@type\":\"EntryPoint\",\"urlTemplate\":\"https:\\\/\\\/electricink.eu\\\/?s={search_term_string}\"},\"query-input\":{\"@type\":\"PropertyValueSpecification\",\"valueRequired\":true,\"valueName\":\"search_term_string\"}}],\"inLanguage\":\"fr-FR\"}]}<\/script>\n<!-- \/ Yoast SEO plugin. -->","yoast_head_json":{"title":"Henn\u00e9 Nuance pour Sourcils - Brun Fonc\u00e9 3g - Electric Ink\u00ae","description":"Henn\u00e9 Nuance est compos\u00e9 du meilleur henn\u00e9 indien et de pigments s\u00e9lectionn\u00e9s, apportant du naturel \u00e0 vos sourcils. Produit vegan.","robots":{"index":"index","follow":"follow","max-snippet":"max-snippet:-1","max-image-preview":"max-image-preview:large","max-video-preview":"max-video-preview:-1"},"canonical":"https:\/\/electricink.eu\/fr\/producto\/pinceau-pour-eyeliner-noir-50un-copia-copia-copia\/","og_locale":"fr_FR","og_type":"article","og_title":"Henn\u00e9 Nuance pour Sourcils - Brun Fonc\u00e9 3g - Electric Ink\u00ae","og_description":"Henn\u00e9 Nuance est compos\u00e9 du meilleur henn\u00e9 indien et de pigments s\u00e9lectionn\u00e9s, apportant du naturel \u00e0 vos sourcils. Produit vegan.","og_url":"https:\/\/electricink.eu\/fr\/producto\/pinceau-pour-eyeliner-noir-50un-copia-copia-copia\/","og_site_name":"Electric Ink\u00ae","article_modified_time":"2025-05-17T20:16:46+00:00","og_image":[{"width":1080,"height":1350,"url":"https:\/\/electricink.eu\/wp-content\/uploads\/2024\/07\/Henna-Castanho-Escuro.jpg","type":"image\/jpeg"}],"twitter_card":"summary_large_image","twitter_misc":{"Dur\u00e9e de lecture estim\u00e9e":"1 minute"},"schema":{"@context":"https:\/\/schema.org","@graph":[{"@type":"WebPage","@id":"https:\/\/electricink.eu\/fr\/producto\/pinceau-pour-eyeliner-noir-50un-copia-copia-copia\/","url":"https:\/\/electricink.eu\/fr\/producto\/pinceau-pour-eyeliner-noir-50un-copia-copia-copia\/","name":"Henn\u00e9 Nuance pour Sourcils - Brun Fonc\u00e9 3g - Electric Ink\u00ae","isPartOf":{"@id":"https:\/\/electricink.eu\/#website"},"primaryImageOfPage":{"@id":"https:\/\/electricink.eu\/fr\/producto\/pinceau-pour-eyeliner-noir-50un-copia-copia-copia\/#primaryimage"},"image":{"@id":"https:\/\/electricink.eu\/fr\/producto\/pinceau-pour-eyeliner-noir-50un-copia-copia-copia\/#primaryimage"},"thumbnailUrl":"https:\/\/electricink.eu\/wp-content\/uploads\/2024\/07\/Henna-Castanho-Escuro.jpg","datePublished":"2024-07-02T11:56:57+00:00","dateModified":"2025-05-17T20:16:46+00:00","description":"Henn\u00e9 Nuance est compos\u00e9 du meilleur henn\u00e9 indien et de pigments s\u00e9lectionn\u00e9s, apportant du naturel \u00e0 vos sourcils. Produit vegan.","breadcrumb":{"@id":"https:\/\/electricink.eu\/fr\/producto\/pinceau-pour-eyeliner-noir-50un-copia-copia-copia\/#breadcrumb"},"inLanguage":"fr-FR","potentialAction":[{"@type":"ReadAction","target":["https:\/\/electricink.eu\/fr\/producto\/pinceau-pour-eyeliner-noir-50un-copia-copia-copia\/"]}]},{"@type":"ImageObject","inLanguage":"fr-FR","@id":"https:\/\/electricink.eu\/fr\/producto\/pinceau-pour-eyeliner-noir-50un-copia-copia-copia\/#primaryimage","url":"https:\/\/electricink.eu\/wp-content\/uploads\/2024\/07\/Henna-Castanho-Escuro.jpg","contentUrl":"https:\/\/electricink.eu\/wp-content\/uploads\/2024\/07\/Henna-Castanho-Escuro.jpg","width":1080,"height":1350},{"@type":"BreadcrumbList","@id":"https:\/\/electricink.eu\/fr\/producto\/pinceau-pour-eyeliner-noir-50un-copia-copia-copia\/#breadcrumb","itemListElement":[{"@type":"ListItem","position":1,"name":"Portada","item":"https:\/\/electricink.eu\/fr\/home\/"},{"@type":"ListItem","position":2,"name":"Boutique","item":"https:\/\/electricink.eu\/tienda\/"},{"@type":"ListItem","position":3,"name":"Henn\u00e9 Nuance pour Sourcils &#8211; Brun Fonc\u00e9 3g"}]},{"@type":"WebSite","@id":"https:\/\/electricink.eu\/#website","url":"https:\/\/electricink.eu\/","name":"Electric Ink\u00ae","description":"Material para Tatuar Profesional en Europa - Electric Ink\u00ae","potentialAction":[{"@type":"SearchAction","target":{"@type":"EntryPoint","urlTemplate":"https:\/\/electricink.eu\/?s={search_term_string}"},"query-input":{"@type":"PropertyValueSpecification","valueRequired":true,"valueName":"search_term_string"}}],"inLanguage":"fr-FR"}]}},"_links":{"self":[{"href":"https:\/\/electricink.eu\/fr\/wp-json\/wp\/v2\/product\/41758","targetHints":{"allow":["GET"]}}],"collection":[{"href":"https:\/\/electricink.eu\/fr\/wp-json\/wp\/v2\/product"}],"about":[{"href":"https:\/\/electricink.eu\/fr\/wp-json\/wp\/v2\/types\/product"}],"replies":[{"embeddable":true,"href":"https:\/\/electricink.eu\/fr\/wp-json\/wp\/v2\/comments?post=41758"}],"wp:featuredmedia":[{"embeddable":true,"href":"https:\/\/electricink.eu\/fr\/wp-json\/wp\/v2\/media\/41762"}],"wp:attachment":[{"href":"https:\/\/electricink.eu\/fr\/wp-json\/wp\/v2\/media?parent=41758"}],"wp:term":[{"taxonomy":"product_brand","embeddable":true,"href":"https:\/\/electricink.eu\/fr\/wp-json\/wp\/v2\/product_brand?post=41758"},{"taxonomy":"product_cat","embeddable":true,"href":"https:\/\/electricink.eu\/fr\/wp-json\/wp\/v2\/product_cat?post=41758"},{"taxonomy":"product_tag","embeddable":true,"href":"https:\/\/electricink.eu\/fr\/wp-json\/wp\/v2\/product_tag?post=41758"}],"curies":[{"name":"wp","href":"https:\/\/api.w.org\/{rel}","templated":true}]}}