{"id":42077,"date":"2024-08-09T15:13:42","date_gmt":"2024-08-09T13:13:42","guid":{"rendered":"https:\/\/electricink.eu\/producto\/slimer-tattoo-gel-90g\/"},"modified":"2025-08-08T14:59:18","modified_gmt":"2025-08-08T12:59:18","slug":"slimer-tattoo-gel-90g","status":"publish","type":"product","link":"https:\/\/electricink.eu\/fr\/producto\/slimer-tattoo-gel-90g\/","title":{"rendered":"Slimer Tattoo Gel 90g"},"content":{"rendered":"<p><strong>Slimer Tattoo Gel<\/strong><\/p>\n<p><strong>Type de produit : Gel<\/strong><\/p>\n<p><strong>Format :<\/strong> 90g<\/p>\n<p><strong>Marque :<\/strong> Electric Ink<\/p>\n","protected":false},"excerpt":{"rendered":"<p><strong>Slimer Tattoo Gel <\/strong>est un gel \u00e0 base d&rsquo;eau avec des actifs hydratants, qui r\u00e9duisent les rougeurs et rafra\u00eechissent la peau. De texture l\u00e9g\u00e8re, il cr\u00e9e un film protecteur, pr\u00e9vient le dess\u00e8chement de la peau et r\u00e9duit les d\u00e9mangeaisons. Slimer Tattoo Gel est un excellent produit \u00e0 haute performance et facile \u00e0 utiliser.<\/p>\n<p><strong>Application :<\/strong> Apr\u00e8s avoir appliqu\u00e9 le calque avec Tattoo Stencil Transfer It ou apr\u00e8s avoir fix\u00e9 le calque ou le dessin avec Tattoo Stencil Fix, utilisez le Slimer Tattoo Gel comme alternative \u00e0 la place de la vaseline ou du beurre.<\/p>\n<p>Il peut \u00e9galement \u00eatre appliqu\u00e9 pendant ou apr\u00e8s la r\u00e9alisation du tatouage pour apporter un soulagement imm\u00e9diat et une sensation de fra\u00eecheur \u00e0 la peau tatou\u00e9e.<\/p>\n<p>Appliquez une quantit\u00e9 suffisante de Slimer Tattoo Gel et \u00e9talez-la soigneusement sur la peau tatou\u00e9e. R\u00e9appliquer au besoin.<\/p>\n","protected":false},"featured_media":42020,"comment_status":"closed","ping_status":"closed","template":"","meta":{"_acf_changed":false,"_et_pb_use_builder":"","_et_pb_old_content":"","_et_gb_content_width":"","inline_featured_image":false},"product_brand":[],"product_cat":[791,958,793],"product_tag":[],"class_list":{"0":"post-42077","1":"product","2":"type-product","3":"status-publish","4":"has-post-thumbnail","6":"product_cat-cosmetiques","7":"product_cat-pour-les-artistes-nomades","8":"product_cat-cosmetique-tattoo-cosmetiques","10":"first","11":"instock","12":"taxable","13":"shipping-taxable","14":"purchasable","15":"product-type-simple"},"acf":[],"yoast_head":"<!-- This site is optimized with the Yoast SEO plugin v27.4 - https:\/\/yoast.com\/product\/yoast-seo-wordpress\/ -->\n<title>Slimer Tattoo Gel 90g - Electric Ink\u00ae<\/title>\n<meta name=\"description\" content=\"Gel \u00e0 base d&#039;eau \u00e0 l&#039;aloe vera et aux principes actifs qui apaisent, hydratent et apportent fra\u00eecheur \u00e0 la peau pendant et apr\u00e8s le tatouage.\" \/>\n<meta name=\"robots\" content=\"index, follow, max-snippet:-1, max-image-preview:large, max-video-preview:-1\" \/>\n<link rel=\"canonical\" href=\"https:\/\/electricink.eu\/fr\/producto\/slimer-tattoo-gel-90g\/\" \/>\n<meta property=\"og:locale\" content=\"fr_FR\" \/>\n<meta property=\"og:type\" content=\"article\" \/>\n<meta property=\"og:title\" content=\"Slimer Tattoo Gel 90g - Electric Ink\u00ae\" \/>\n<meta property=\"og:description\" content=\"Gel \u00e0 base d&#039;eau \u00e0 l&#039;aloe vera et aux principes actifs qui apaisent, hydratent et apportent fra\u00eecheur \u00e0 la peau pendant et apr\u00e8s le tatouage.\" \/>\n<meta property=\"og:url\" content=\"https:\/\/electricink.eu\/fr\/producto\/slimer-tattoo-gel-90g\/\" \/>\n<meta property=\"og:site_name\" content=\"Electric Ink\u00ae\" \/>\n<meta property=\"article:modified_time\" content=\"2025-08-08T12:59:18+00:00\" \/>\n<meta property=\"og:image\" content=\"https:\/\/electricink.eu\/wp-content\/uploads\/2024\/08\/Tattoo-Slimer-90g-5.png\" \/>\n\t<meta property=\"og:image:width\" content=\"300\" \/>\n\t<meta property=\"og:image:height\" content=\"300\" \/>\n\t<meta property=\"og:image:type\" content=\"image\/png\" \/>\n<meta name=\"twitter:card\" content=\"summary_large_image\" \/>\n<script type=\"application\/ld+json\" class=\"yoast-schema-graph\">{\"@context\":\"https:\\\/\\\/schema.org\",\"@graph\":[{\"@type\":\"WebPage\",\"@id\":\"https:\\\/\\\/electricink.eu\\\/fr\\\/producto\\\/slimer-tattoo-gel-90g\\\/\",\"url\":\"https:\\\/\\\/electricink.eu\\\/fr\\\/producto\\\/slimer-tattoo-gel-90g\\\/\",\"name\":\"Slimer Tattoo Gel 90g - Electric Ink\u00ae\",\"isPartOf\":{\"@id\":\"https:\\\/\\\/electricink.eu\\\/#website\"},\"primaryImageOfPage\":{\"@id\":\"https:\\\/\\\/electricink.eu\\\/fr\\\/producto\\\/slimer-tattoo-gel-90g\\\/#primaryimage\"},\"image\":{\"@id\":\"https:\\\/\\\/electricink.eu\\\/fr\\\/producto\\\/slimer-tattoo-gel-90g\\\/#primaryimage\"},\"thumbnailUrl\":\"https:\\\/\\\/electricink.eu\\\/wp-content\\\/uploads\\\/2024\\\/08\\\/Tattoo-Slimer-90g-5.png\",\"datePublished\":\"2024-08-09T13:13:42+00:00\",\"dateModified\":\"2025-08-08T12:59:18+00:00\",\"description\":\"Gel \u00e0 base d'eau \u00e0 l'aloe vera et aux principes actifs qui apaisent, hydratent et apportent fra\u00eecheur \u00e0 la peau pendant et apr\u00e8s le tatouage.\",\"breadcrumb\":{\"@id\":\"https:\\\/\\\/electricink.eu\\\/fr\\\/producto\\\/slimer-tattoo-gel-90g\\\/#breadcrumb\"},\"inLanguage\":\"fr-FR\",\"potentialAction\":[{\"@type\":\"ReadAction\",\"target\":[\"https:\\\/\\\/electricink.eu\\\/fr\\\/producto\\\/slimer-tattoo-gel-90g\\\/\"]}]},{\"@type\":\"ImageObject\",\"inLanguage\":\"fr-FR\",\"@id\":\"https:\\\/\\\/electricink.eu\\\/fr\\\/producto\\\/slimer-tattoo-gel-90g\\\/#primaryimage\",\"url\":\"https:\\\/\\\/electricink.eu\\\/wp-content\\\/uploads\\\/2024\\\/08\\\/Tattoo-Slimer-90g-5.png\",\"contentUrl\":\"https:\\\/\\\/electricink.eu\\\/wp-content\\\/uploads\\\/2024\\\/08\\\/Tattoo-Slimer-90g-5.png\",\"width\":300,\"height\":300},{\"@type\":\"BreadcrumbList\",\"@id\":\"https:\\\/\\\/electricink.eu\\\/fr\\\/producto\\\/slimer-tattoo-gel-90g\\\/#breadcrumb\",\"itemListElement\":[{\"@type\":\"ListItem\",\"position\":1,\"name\":\"Portada\",\"item\":\"https:\\\/\\\/electricink.eu\\\/fr\\\/home\\\/\"},{\"@type\":\"ListItem\",\"position\":2,\"name\":\"Boutique\",\"item\":\"https:\\\/\\\/electricink.eu\\\/tienda\\\/\"},{\"@type\":\"ListItem\",\"position\":3,\"name\":\"Slimer Tattoo Gel 90g\"}]},{\"@type\":\"WebSite\",\"@id\":\"https:\\\/\\\/electricink.eu\\\/#website\",\"url\":\"https:\\\/\\\/electricink.eu\\\/\",\"name\":\"Electric Ink\u00ae\",\"description\":\"Material para Tatuar Profesional en Europa - Electric Ink\u00ae\",\"potentialAction\":[{\"@type\":\"SearchAction\",\"target\":{\"@type\":\"EntryPoint\",\"urlTemplate\":\"https:\\\/\\\/electricink.eu\\\/?s={search_term_string}\"},\"query-input\":{\"@type\":\"PropertyValueSpecification\",\"valueRequired\":true,\"valueName\":\"search_term_string\"}}],\"inLanguage\":\"fr-FR\"}]}<\/script>\n<!-- \/ Yoast SEO plugin. -->","yoast_head_json":{"title":"Slimer Tattoo Gel 90g - Electric Ink\u00ae","description":"Gel \u00e0 base d'eau \u00e0 l'aloe vera et aux principes actifs qui apaisent, hydratent et apportent fra\u00eecheur \u00e0 la peau pendant et apr\u00e8s le tatouage.","robots":{"index":"index","follow":"follow","max-snippet":"max-snippet:-1","max-image-preview":"max-image-preview:large","max-video-preview":"max-video-preview:-1"},"canonical":"https:\/\/electricink.eu\/fr\/producto\/slimer-tattoo-gel-90g\/","og_locale":"fr_FR","og_type":"article","og_title":"Slimer Tattoo Gel 90g - Electric Ink\u00ae","og_description":"Gel \u00e0 base d'eau \u00e0 l'aloe vera et aux principes actifs qui apaisent, hydratent et apportent fra\u00eecheur \u00e0 la peau pendant et apr\u00e8s le tatouage.","og_url":"https:\/\/electricink.eu\/fr\/producto\/slimer-tattoo-gel-90g\/","og_site_name":"Electric Ink\u00ae","article_modified_time":"2025-08-08T12:59:18+00:00","og_image":[{"width":300,"height":300,"url":"https:\/\/electricink.eu\/wp-content\/uploads\/2024\/08\/Tattoo-Slimer-90g-5.png","type":"image\/png"}],"twitter_card":"summary_large_image","schema":{"@context":"https:\/\/schema.org","@graph":[{"@type":"WebPage","@id":"https:\/\/electricink.eu\/fr\/producto\/slimer-tattoo-gel-90g\/","url":"https:\/\/electricink.eu\/fr\/producto\/slimer-tattoo-gel-90g\/","name":"Slimer Tattoo Gel 90g - Electric Ink\u00ae","isPartOf":{"@id":"https:\/\/electricink.eu\/#website"},"primaryImageOfPage":{"@id":"https:\/\/electricink.eu\/fr\/producto\/slimer-tattoo-gel-90g\/#primaryimage"},"image":{"@id":"https:\/\/electricink.eu\/fr\/producto\/slimer-tattoo-gel-90g\/#primaryimage"},"thumbnailUrl":"https:\/\/electricink.eu\/wp-content\/uploads\/2024\/08\/Tattoo-Slimer-90g-5.png","datePublished":"2024-08-09T13:13:42+00:00","dateModified":"2025-08-08T12:59:18+00:00","description":"Gel \u00e0 base d'eau \u00e0 l'aloe vera et aux principes actifs qui apaisent, hydratent et apportent fra\u00eecheur \u00e0 la peau pendant et apr\u00e8s le tatouage.","breadcrumb":{"@id":"https:\/\/electricink.eu\/fr\/producto\/slimer-tattoo-gel-90g\/#breadcrumb"},"inLanguage":"fr-FR","potentialAction":[{"@type":"ReadAction","target":["https:\/\/electricink.eu\/fr\/producto\/slimer-tattoo-gel-90g\/"]}]},{"@type":"ImageObject","inLanguage":"fr-FR","@id":"https:\/\/electricink.eu\/fr\/producto\/slimer-tattoo-gel-90g\/#primaryimage","url":"https:\/\/electricink.eu\/wp-content\/uploads\/2024\/08\/Tattoo-Slimer-90g-5.png","contentUrl":"https:\/\/electricink.eu\/wp-content\/uploads\/2024\/08\/Tattoo-Slimer-90g-5.png","width":300,"height":300},{"@type":"BreadcrumbList","@id":"https:\/\/electricink.eu\/fr\/producto\/slimer-tattoo-gel-90g\/#breadcrumb","itemListElement":[{"@type":"ListItem","position":1,"name":"Portada","item":"https:\/\/electricink.eu\/fr\/home\/"},{"@type":"ListItem","position":2,"name":"Boutique","item":"https:\/\/electricink.eu\/tienda\/"},{"@type":"ListItem","position":3,"name":"Slimer Tattoo Gel 90g"}]},{"@type":"WebSite","@id":"https:\/\/electricink.eu\/#website","url":"https:\/\/electricink.eu\/","name":"Electric Ink\u00ae","description":"Material para Tatuar Profesional en Europa - Electric Ink\u00ae","potentialAction":[{"@type":"SearchAction","target":{"@type":"EntryPoint","urlTemplate":"https:\/\/electricink.eu\/?s={search_term_string}"},"query-input":{"@type":"PropertyValueSpecification","valueRequired":true,"valueName":"search_term_string"}}],"inLanguage":"fr-FR"}]}},"_links":{"self":[{"href":"https:\/\/electricink.eu\/fr\/wp-json\/wp\/v2\/product\/42077","targetHints":{"allow":["GET"]}}],"collection":[{"href":"https:\/\/electricink.eu\/fr\/wp-json\/wp\/v2\/product"}],"about":[{"href":"https:\/\/electricink.eu\/fr\/wp-json\/wp\/v2\/types\/product"}],"replies":[{"embeddable":true,"href":"https:\/\/electricink.eu\/fr\/wp-json\/wp\/v2\/comments?post=42077"}],"wp:featuredmedia":[{"embeddable":true,"href":"https:\/\/electricink.eu\/fr\/wp-json\/wp\/v2\/media\/42020"}],"wp:attachment":[{"href":"https:\/\/electricink.eu\/fr\/wp-json\/wp\/v2\/media?parent=42077"}],"wp:term":[{"taxonomy":"product_brand","embeddable":true,"href":"https:\/\/electricink.eu\/fr\/wp-json\/wp\/v2\/product_brand?post=42077"},{"taxonomy":"product_cat","embeddable":true,"href":"https:\/\/electricink.eu\/fr\/wp-json\/wp\/v2\/product_cat?post=42077"},{"taxonomy":"product_tag","embeddable":true,"href":"https:\/\/electricink.eu\/fr\/wp-json\/wp\/v2\/product_tag?post=42077"}],"curies":[{"name":"wp","href":"https:\/\/api.w.org\/{rel}","templated":true}]}}