{"id":42084,"date":"2024-04-25T12:26:38","date_gmt":"2024-04-25T10:26:38","guid":{"rendered":"https:\/\/electricink.eu\/producto\/beurre-corporel-cat-slobber-90g\/"},"modified":"2024-11-03T14:37:28","modified_gmt":"2024-11-03T13:37:28","slug":"beurre-corporel-cat-slobber-90g","status":"publish","type":"product","link":"https:\/\/electricink.eu\/fr\/producto\/beurre-corporel-cat-slobber-90g\/","title":{"rendered":"Beurre corporel Cat Slobber 90g"},"content":{"rendered":"<p><strong>Format :<\/strong> 90g<\/p>\n<p><strong>Mod\u00e8le :<\/strong> Beurre corporel<\/p>\n<p><strong>Marque :<\/strong> Electric Ink<\/p>\n","protected":false},"excerpt":{"rendered":"<p><strong>Le beurre corporel Cat Slobber, \u00ab\u00a0Bave de Chat\u00a0\u00bb<\/strong>, a \u00e9t\u00e9 \u00e9labor\u00e9 avec une formulation vegane et des ingr\u00e9dients actifs naturels comme les beurres de karit\u00e9 et de mangue et de l&rsquo;aloe vera, qui procurent une hydratation et une lubrification profondes \u00e0 la peau. Il a un parfum doux et des actifs hydratants qui facilitent l&rsquo;adh\u00e9rence et l&rsquo;absorption dans la peau.<\/p>\n<p>Une peau bien hydrat\u00e9e\u00a0 facilite le glissement et une meilleure p\u00e9netration de l&rsquo;aiguille . Le processus d&rsquo;application de l&rsquo;encre sera moins agressif, favorisant une meilleure cicatrisation de la peau.<\/p>\n<p><strong>APPLICATION :<\/strong> Retirez le sceau de s\u00e9curit\u00e9 et \u00e0 l&rsquo;aide d&rsquo;une spatule, pr\u00e9levez la quantit\u00e9 n\u00e9cessaire et appliquez une fine couche sur la peau. R\u00e9p\u00e9tez l&rsquo;application au besoin.<\/p>\n<p>Disponible en plusieurs ar\u00f4mes : Naturel, Menthe, Girofle &amp; Cannelle.<\/p>\n","protected":false},"featured_media":40826,"comment_status":"closed","ping_status":"closed","template":"","meta":{"_acf_changed":false,"_et_pb_use_builder":"","_et_pb_old_content":"","_et_gb_content_width":"","inline_featured_image":false},"product_brand":[],"product_cat":[791,958,793],"product_tag":[],"class_list":{"0":"post-42084","1":"product","2":"type-product","3":"status-publish","4":"has-post-thumbnail","6":"product_cat-cosmetiques","7":"product_cat-pour-les-artistes-nomades","8":"product_cat-cosmetique-tattoo-cosmetiques","10":"first","11":"outofstock","12":"taxable","13":"shipping-taxable","14":"purchasable","15":"product-type-simple"},"acf":[],"yoast_head":"<!-- This site is optimized with the Yoast SEO plugin v27.4 - https:\/\/yoast.com\/product\/yoast-seo-wordpress\/ -->\n<title>Beurre corporel Cat Slobber 90g - Electric Ink\u00ae<\/title>\n<meta name=\"description\" content=\"\u00c9labor\u00e9 avec une formulation vegane et des ingr\u00e9dients actifs naturels qui procurent hydratation et lubrification profondes \u00e0 la peau.\" \/>\n<meta name=\"robots\" content=\"index, follow, max-snippet:-1, max-image-preview:large, max-video-preview:-1\" \/>\n<link rel=\"canonical\" href=\"https:\/\/electricink.eu\/fr\/producto\/beurre-corporel-cat-slobber-90g\/\" \/>\n<meta property=\"og:locale\" content=\"fr_FR\" \/>\n<meta property=\"og:type\" content=\"article\" \/>\n<meta property=\"og:title\" content=\"Beurre corporel Cat Slobber 90g - Electric Ink\u00ae\" \/>\n<meta property=\"og:description\" content=\"\u00c9labor\u00e9 avec une formulation vegane et des ingr\u00e9dients actifs naturels qui procurent hydratation et lubrification profondes \u00e0 la peau.\" \/>\n<meta property=\"og:url\" content=\"https:\/\/electricink.eu\/fr\/producto\/beurre-corporel-cat-slobber-90g\/\" \/>\n<meta property=\"og:site_name\" content=\"Electric Ink\u00ae\" \/>\n<meta property=\"article:modified_time\" content=\"2024-11-03T13:37:28+00:00\" \/>\n<meta property=\"og:image\" content=\"https:\/\/electricink.eu\/wp-content\/uploads\/2024\/04\/CatSlobber90g_pg3.jpg\" \/>\n\t<meta property=\"og:image:width\" content=\"1200\" \/>\n\t<meta property=\"og:image:height\" content=\"1200\" \/>\n\t<meta property=\"og:image:type\" content=\"image\/jpeg\" \/>\n<meta name=\"twitter:card\" content=\"summary_large_image\" \/>\n<script type=\"application\/ld+json\" class=\"yoast-schema-graph\">{\"@context\":\"https:\\\/\\\/schema.org\",\"@graph\":[{\"@type\":\"WebPage\",\"@id\":\"https:\\\/\\\/electricink.eu\\\/fr\\\/producto\\\/beurre-corporel-cat-slobber-90g\\\/\",\"url\":\"https:\\\/\\\/electricink.eu\\\/fr\\\/producto\\\/beurre-corporel-cat-slobber-90g\\\/\",\"name\":\"Beurre corporel Cat Slobber 90g - Electric Ink\u00ae\",\"isPartOf\":{\"@id\":\"https:\\\/\\\/electricink.eu\\\/#website\"},\"primaryImageOfPage\":{\"@id\":\"https:\\\/\\\/electricink.eu\\\/fr\\\/producto\\\/beurre-corporel-cat-slobber-90g\\\/#primaryimage\"},\"image\":{\"@id\":\"https:\\\/\\\/electricink.eu\\\/fr\\\/producto\\\/beurre-corporel-cat-slobber-90g\\\/#primaryimage\"},\"thumbnailUrl\":\"https:\\\/\\\/electricink.eu\\\/wp-content\\\/uploads\\\/2024\\\/04\\\/CatSlobber90g_pg3.jpg\",\"datePublished\":\"2024-04-25T10:26:38+00:00\",\"dateModified\":\"2024-11-03T13:37:28+00:00\",\"description\":\"\u00c9labor\u00e9 avec une formulation vegane et des ingr\u00e9dients actifs naturels qui procurent hydratation et lubrification profondes \u00e0 la peau.\",\"breadcrumb\":{\"@id\":\"https:\\\/\\\/electricink.eu\\\/fr\\\/producto\\\/beurre-corporel-cat-slobber-90g\\\/#breadcrumb\"},\"inLanguage\":\"fr-FR\",\"potentialAction\":[{\"@type\":\"ReadAction\",\"target\":[\"https:\\\/\\\/electricink.eu\\\/fr\\\/producto\\\/beurre-corporel-cat-slobber-90g\\\/\"]}]},{\"@type\":\"ImageObject\",\"inLanguage\":\"fr-FR\",\"@id\":\"https:\\\/\\\/electricink.eu\\\/fr\\\/producto\\\/beurre-corporel-cat-slobber-90g\\\/#primaryimage\",\"url\":\"https:\\\/\\\/electricink.eu\\\/wp-content\\\/uploads\\\/2024\\\/04\\\/CatSlobber90g_pg3.jpg\",\"contentUrl\":\"https:\\\/\\\/electricink.eu\\\/wp-content\\\/uploads\\\/2024\\\/04\\\/CatSlobber90g_pg3.jpg\",\"width\":1200,\"height\":1200},{\"@type\":\"BreadcrumbList\",\"@id\":\"https:\\\/\\\/electricink.eu\\\/fr\\\/producto\\\/beurre-corporel-cat-slobber-90g\\\/#breadcrumb\",\"itemListElement\":[{\"@type\":\"ListItem\",\"position\":1,\"name\":\"Portada\",\"item\":\"https:\\\/\\\/electricink.eu\\\/fr\\\/home\\\/\"},{\"@type\":\"ListItem\",\"position\":2,\"name\":\"Boutique\",\"item\":\"https:\\\/\\\/electricink.eu\\\/tienda\\\/\"},{\"@type\":\"ListItem\",\"position\":3,\"name\":\"Beurre corporel Cat Slobber 90g\"}]},{\"@type\":\"WebSite\",\"@id\":\"https:\\\/\\\/electricink.eu\\\/#website\",\"url\":\"https:\\\/\\\/electricink.eu\\\/\",\"name\":\"Electric Ink\u00ae\",\"description\":\"Material para Tatuar Profesional en Europa - Electric Ink\u00ae\",\"potentialAction\":[{\"@type\":\"SearchAction\",\"target\":{\"@type\":\"EntryPoint\",\"urlTemplate\":\"https:\\\/\\\/electricink.eu\\\/?s={search_term_string}\"},\"query-input\":{\"@type\":\"PropertyValueSpecification\",\"valueRequired\":true,\"valueName\":\"search_term_string\"}}],\"inLanguage\":\"fr-FR\"}]}<\/script>\n<!-- \/ Yoast SEO plugin. -->","yoast_head_json":{"title":"Beurre corporel Cat Slobber 90g - Electric Ink\u00ae","description":"\u00c9labor\u00e9 avec une formulation vegane et des ingr\u00e9dients actifs naturels qui procurent hydratation et lubrification profondes \u00e0 la peau.","robots":{"index":"index","follow":"follow","max-snippet":"max-snippet:-1","max-image-preview":"max-image-preview:large","max-video-preview":"max-video-preview:-1"},"canonical":"https:\/\/electricink.eu\/fr\/producto\/beurre-corporel-cat-slobber-90g\/","og_locale":"fr_FR","og_type":"article","og_title":"Beurre corporel Cat Slobber 90g - Electric Ink\u00ae","og_description":"\u00c9labor\u00e9 avec une formulation vegane et des ingr\u00e9dients actifs naturels qui procurent hydratation et lubrification profondes \u00e0 la peau.","og_url":"https:\/\/electricink.eu\/fr\/producto\/beurre-corporel-cat-slobber-90g\/","og_site_name":"Electric Ink\u00ae","article_modified_time":"2024-11-03T13:37:28+00:00","og_image":[{"width":1200,"height":1200,"url":"https:\/\/electricink.eu\/wp-content\/uploads\/2024\/04\/CatSlobber90g_pg3.jpg","type":"image\/jpeg"}],"twitter_card":"summary_large_image","schema":{"@context":"https:\/\/schema.org","@graph":[{"@type":"WebPage","@id":"https:\/\/electricink.eu\/fr\/producto\/beurre-corporel-cat-slobber-90g\/","url":"https:\/\/electricink.eu\/fr\/producto\/beurre-corporel-cat-slobber-90g\/","name":"Beurre corporel Cat Slobber 90g - Electric Ink\u00ae","isPartOf":{"@id":"https:\/\/electricink.eu\/#website"},"primaryImageOfPage":{"@id":"https:\/\/electricink.eu\/fr\/producto\/beurre-corporel-cat-slobber-90g\/#primaryimage"},"image":{"@id":"https:\/\/electricink.eu\/fr\/producto\/beurre-corporel-cat-slobber-90g\/#primaryimage"},"thumbnailUrl":"https:\/\/electricink.eu\/wp-content\/uploads\/2024\/04\/CatSlobber90g_pg3.jpg","datePublished":"2024-04-25T10:26:38+00:00","dateModified":"2024-11-03T13:37:28+00:00","description":"\u00c9labor\u00e9 avec une formulation vegane et des ingr\u00e9dients actifs naturels qui procurent hydratation et lubrification profondes \u00e0 la peau.","breadcrumb":{"@id":"https:\/\/electricink.eu\/fr\/producto\/beurre-corporel-cat-slobber-90g\/#breadcrumb"},"inLanguage":"fr-FR","potentialAction":[{"@type":"ReadAction","target":["https:\/\/electricink.eu\/fr\/producto\/beurre-corporel-cat-slobber-90g\/"]}]},{"@type":"ImageObject","inLanguage":"fr-FR","@id":"https:\/\/electricink.eu\/fr\/producto\/beurre-corporel-cat-slobber-90g\/#primaryimage","url":"https:\/\/electricink.eu\/wp-content\/uploads\/2024\/04\/CatSlobber90g_pg3.jpg","contentUrl":"https:\/\/electricink.eu\/wp-content\/uploads\/2024\/04\/CatSlobber90g_pg3.jpg","width":1200,"height":1200},{"@type":"BreadcrumbList","@id":"https:\/\/electricink.eu\/fr\/producto\/beurre-corporel-cat-slobber-90g\/#breadcrumb","itemListElement":[{"@type":"ListItem","position":1,"name":"Portada","item":"https:\/\/electricink.eu\/fr\/home\/"},{"@type":"ListItem","position":2,"name":"Boutique","item":"https:\/\/electricink.eu\/tienda\/"},{"@type":"ListItem","position":3,"name":"Beurre corporel Cat Slobber 90g"}]},{"@type":"WebSite","@id":"https:\/\/electricink.eu\/#website","url":"https:\/\/electricink.eu\/","name":"Electric Ink\u00ae","description":"Material para Tatuar Profesional en Europa - Electric Ink\u00ae","potentialAction":[{"@type":"SearchAction","target":{"@type":"EntryPoint","urlTemplate":"https:\/\/electricink.eu\/?s={search_term_string}"},"query-input":{"@type":"PropertyValueSpecification","valueRequired":true,"valueName":"search_term_string"}}],"inLanguage":"fr-FR"}]}},"_links":{"self":[{"href":"https:\/\/electricink.eu\/fr\/wp-json\/wp\/v2\/product\/42084","targetHints":{"allow":["GET"]}}],"collection":[{"href":"https:\/\/electricink.eu\/fr\/wp-json\/wp\/v2\/product"}],"about":[{"href":"https:\/\/electricink.eu\/fr\/wp-json\/wp\/v2\/types\/product"}],"replies":[{"embeddable":true,"href":"https:\/\/electricink.eu\/fr\/wp-json\/wp\/v2\/comments?post=42084"}],"wp:featuredmedia":[{"embeddable":true,"href":"https:\/\/electricink.eu\/fr\/wp-json\/wp\/v2\/media\/40826"}],"wp:attachment":[{"href":"https:\/\/electricink.eu\/fr\/wp-json\/wp\/v2\/media?parent=42084"}],"wp:term":[{"taxonomy":"product_brand","embeddable":true,"href":"https:\/\/electricink.eu\/fr\/wp-json\/wp\/v2\/product_brand?post=42084"},{"taxonomy":"product_cat","embeddable":true,"href":"https:\/\/electricink.eu\/fr\/wp-json\/wp\/v2\/product_cat?post=42084"},{"taxonomy":"product_tag","embeddable":true,"href":"https:\/\/electricink.eu\/fr\/wp-json\/wp\/v2\/product_tag?post=42084"}],"curies":[{"name":"wp","href":"https:\/\/api.w.org\/{rel}","templated":true}]}}