{"id":42583,"date":"2024-10-18T13:53:22","date_gmt":"2024-10-18T11:53:22","guid":{"rendered":"https:\/\/electricink.eu\/producto\/gel-epaississant-nuance-5g\/"},"modified":"2025-06-01T12:52:36","modified_gmt":"2025-06-01T10:52:36","slug":"gel-epaississant-nuance-5g","status":"publish","type":"product","link":"https:\/\/electricink.eu\/fr\/producto\/gel-epaississant-nuance-5g\/","title":{"rendered":"Gel \u00e9paississant &#8211; Nuance 5g"},"content":{"rendered":"<p><strong>Type de produit:<\/strong> gel \u00e9paississant<\/p>\n<p><strong>Format:<\/strong> 5g<\/p>\n<p><strong>Marque:<\/strong> Nuance<\/p>\n<p>&nbsp;<\/p>\n","protected":false},"excerpt":{"rendered":"<p><strong>Gel \u00e9paississant Nuance<\/strong><\/p>\n<p>Le <strong>Gel \u00e9paississant Nuance <\/strong>est recommand\u00e9 pour les professionnels qui pr\u00e9f\u00e8rent des encres plus \u00e9paissent pour les techniques telles que le Microblading.<\/p>\n<p><strong>Suggestion :<\/strong> Une goutte de gel \u00e9paississant dans six gouttes d&rsquo;encre, ou selon la pr\u00e9f\u00e9rence du professionnel.<\/p>\n","protected":false},"featured_media":42530,"comment_status":"closed","ping_status":"closed","template":"","meta":{"_acf_changed":false,"_et_pb_use_builder":"","_et_pb_old_content":"","_et_gb_content_width":"","inline_featured_image":false},"product_brand":[],"product_cat":[792],"product_tag":[],"class_list":{"0":"post-42583","1":"product","2":"type-product","3":"status-publish","4":"has-post-thumbnail","6":"product_cat-cosmetique-micropigmentation","8":"first","9":"outofstock","10":"taxable","11":"shipping-taxable","12":"purchasable","13":"product-type-simple"},"acf":[],"yoast_head":"<!-- This site is optimized with the Yoast SEO plugin v27.5 - https:\/\/yoast.com\/product\/yoast-seo-wordpress\/ -->\n<title>Gel \u00e9paississant - Nuance 5g - Electric Ink\u00ae<\/title>\n<meta name=\"description\" content=\"Le Gel \u00e9paississant Nuance est recommand\u00e9 pour les professionnels qui pr\u00e9f\u00e8rent des encres plus \u00e9paissent pour les techniques telles que le Microblading.\" \/>\n<meta name=\"robots\" content=\"index, follow, max-snippet:-1, max-image-preview:large, max-video-preview:-1\" \/>\n<link rel=\"canonical\" href=\"https:\/\/electricink.eu\/fr\/producto\/gel-epaississant-nuance-5g\/\" \/>\n<meta property=\"og:locale\" content=\"fr_FR\" \/>\n<meta property=\"og:type\" content=\"article\" \/>\n<meta property=\"og:title\" content=\"Gel \u00e9paississant - Nuance 5g - Electric Ink\u00ae\" \/>\n<meta property=\"og:description\" content=\"Le Gel \u00e9paississant Nuance est recommand\u00e9 pour les professionnels qui pr\u00e9f\u00e8rent des encres plus \u00e9paissent pour les techniques telles que le Microblading.\" \/>\n<meta property=\"og:url\" content=\"https:\/\/electricink.eu\/fr\/producto\/gel-epaississant-nuance-5g\/\" \/>\n<meta property=\"og:site_name\" content=\"Electric Ink\u00ae\" \/>\n<meta property=\"article:modified_time\" content=\"2025-06-01T10:52:36+00:00\" \/>\n<meta property=\"og:image\" content=\"https:\/\/electricink.eu\/wp-content\/uploads\/2024\/10\/MOCKUP_NUANCE-GEL-ESPESSANTE.jpg\" \/>\n\t<meta property=\"og:image:width\" content=\"1200\" \/>\n\t<meta property=\"og:image:height\" content=\"1200\" \/>\n\t<meta property=\"og:image:type\" content=\"image\/jpeg\" \/>\n<meta name=\"twitter:card\" content=\"summary_large_image\" \/>\n<script type=\"application\/ld+json\" class=\"yoast-schema-graph\">{\"@context\":\"https:\\\/\\\/schema.org\",\"@graph\":[{\"@type\":\"WebPage\",\"@id\":\"https:\\\/\\\/electricink.eu\\\/fr\\\/producto\\\/gel-epaississant-nuance-5g\\\/\",\"url\":\"https:\\\/\\\/electricink.eu\\\/fr\\\/producto\\\/gel-epaississant-nuance-5g\\\/\",\"name\":\"Gel \u00e9paississant - Nuance 5g - Electric Ink\u00ae\",\"isPartOf\":{\"@id\":\"https:\\\/\\\/electricink.eu\\\/#website\"},\"primaryImageOfPage\":{\"@id\":\"https:\\\/\\\/electricink.eu\\\/fr\\\/producto\\\/gel-epaississant-nuance-5g\\\/#primaryimage\"},\"image\":{\"@id\":\"https:\\\/\\\/electricink.eu\\\/fr\\\/producto\\\/gel-epaississant-nuance-5g\\\/#primaryimage\"},\"thumbnailUrl\":\"https:\\\/\\\/electricink.eu\\\/wp-content\\\/uploads\\\/2024\\\/10\\\/MOCKUP_NUANCE-GEL-ESPESSANTE.jpg\",\"datePublished\":\"2024-10-18T11:53:22+00:00\",\"dateModified\":\"2025-06-01T10:52:36+00:00\",\"description\":\"Le Gel \u00e9paississant Nuance est recommand\u00e9 pour les professionnels qui pr\u00e9f\u00e8rent des encres plus \u00e9paissent pour les techniques telles que le Microblading.\",\"breadcrumb\":{\"@id\":\"https:\\\/\\\/electricink.eu\\\/fr\\\/producto\\\/gel-epaississant-nuance-5g\\\/#breadcrumb\"},\"inLanguage\":\"fr-FR\",\"potentialAction\":[{\"@type\":\"ReadAction\",\"target\":[\"https:\\\/\\\/electricink.eu\\\/fr\\\/producto\\\/gel-epaississant-nuance-5g\\\/\"]}]},{\"@type\":\"ImageObject\",\"inLanguage\":\"fr-FR\",\"@id\":\"https:\\\/\\\/electricink.eu\\\/fr\\\/producto\\\/gel-epaississant-nuance-5g\\\/#primaryimage\",\"url\":\"https:\\\/\\\/electricink.eu\\\/wp-content\\\/uploads\\\/2024\\\/10\\\/MOCKUP_NUANCE-GEL-ESPESSANTE.jpg\",\"contentUrl\":\"https:\\\/\\\/electricink.eu\\\/wp-content\\\/uploads\\\/2024\\\/10\\\/MOCKUP_NUANCE-GEL-ESPESSANTE.jpg\",\"width\":1200,\"height\":1200},{\"@type\":\"BreadcrumbList\",\"@id\":\"https:\\\/\\\/electricink.eu\\\/fr\\\/producto\\\/gel-epaississant-nuance-5g\\\/#breadcrumb\",\"itemListElement\":[{\"@type\":\"ListItem\",\"position\":1,\"name\":\"Portada\",\"item\":\"https:\\\/\\\/electricink.eu\\\/fr\\\/home\\\/\"},{\"@type\":\"ListItem\",\"position\":2,\"name\":\"Boutique\",\"item\":\"https:\\\/\\\/electricink.eu\\\/tienda\\\/\"},{\"@type\":\"ListItem\",\"position\":3,\"name\":\"Gel \u00e9paississant &#8211; Nuance 5g\"}]},{\"@type\":\"WebSite\",\"@id\":\"https:\\\/\\\/electricink.eu\\\/#website\",\"url\":\"https:\\\/\\\/electricink.eu\\\/\",\"name\":\"Electric Ink\u00ae\",\"description\":\"Material para Tatuar Profesional en Europa - Electric Ink\u00ae\",\"potentialAction\":[{\"@type\":\"SearchAction\",\"target\":{\"@type\":\"EntryPoint\",\"urlTemplate\":\"https:\\\/\\\/electricink.eu\\\/?s={search_term_string}\"},\"query-input\":{\"@type\":\"PropertyValueSpecification\",\"valueRequired\":true,\"valueName\":\"search_term_string\"}}],\"inLanguage\":\"fr-FR\"}]}<\/script>\n<!-- \/ Yoast SEO plugin. -->","yoast_head_json":{"title":"Gel \u00e9paississant - Nuance 5g - Electric Ink\u00ae","description":"Le Gel \u00e9paississant Nuance est recommand\u00e9 pour les professionnels qui pr\u00e9f\u00e8rent des encres plus \u00e9paissent pour les techniques telles que le Microblading.","robots":{"index":"index","follow":"follow","max-snippet":"max-snippet:-1","max-image-preview":"max-image-preview:large","max-video-preview":"max-video-preview:-1"},"canonical":"https:\/\/electricink.eu\/fr\/producto\/gel-epaississant-nuance-5g\/","og_locale":"fr_FR","og_type":"article","og_title":"Gel \u00e9paississant - Nuance 5g - Electric Ink\u00ae","og_description":"Le Gel \u00e9paississant Nuance est recommand\u00e9 pour les professionnels qui pr\u00e9f\u00e8rent des encres plus \u00e9paissent pour les techniques telles que le Microblading.","og_url":"https:\/\/electricink.eu\/fr\/producto\/gel-epaississant-nuance-5g\/","og_site_name":"Electric Ink\u00ae","article_modified_time":"2025-06-01T10:52:36+00:00","og_image":[{"width":1200,"height":1200,"url":"https:\/\/electricink.eu\/wp-content\/uploads\/2024\/10\/MOCKUP_NUANCE-GEL-ESPESSANTE.jpg","type":"image\/jpeg"}],"twitter_card":"summary_large_image","schema":{"@context":"https:\/\/schema.org","@graph":[{"@type":"WebPage","@id":"https:\/\/electricink.eu\/fr\/producto\/gel-epaississant-nuance-5g\/","url":"https:\/\/electricink.eu\/fr\/producto\/gel-epaississant-nuance-5g\/","name":"Gel \u00e9paississant - Nuance 5g - Electric Ink\u00ae","isPartOf":{"@id":"https:\/\/electricink.eu\/#website"},"primaryImageOfPage":{"@id":"https:\/\/electricink.eu\/fr\/producto\/gel-epaississant-nuance-5g\/#primaryimage"},"image":{"@id":"https:\/\/electricink.eu\/fr\/producto\/gel-epaississant-nuance-5g\/#primaryimage"},"thumbnailUrl":"https:\/\/electricink.eu\/wp-content\/uploads\/2024\/10\/MOCKUP_NUANCE-GEL-ESPESSANTE.jpg","datePublished":"2024-10-18T11:53:22+00:00","dateModified":"2025-06-01T10:52:36+00:00","description":"Le Gel \u00e9paississant Nuance est recommand\u00e9 pour les professionnels qui pr\u00e9f\u00e8rent des encres plus \u00e9paissent pour les techniques telles que le Microblading.","breadcrumb":{"@id":"https:\/\/electricink.eu\/fr\/producto\/gel-epaississant-nuance-5g\/#breadcrumb"},"inLanguage":"fr-FR","potentialAction":[{"@type":"ReadAction","target":["https:\/\/electricink.eu\/fr\/producto\/gel-epaississant-nuance-5g\/"]}]},{"@type":"ImageObject","inLanguage":"fr-FR","@id":"https:\/\/electricink.eu\/fr\/producto\/gel-epaississant-nuance-5g\/#primaryimage","url":"https:\/\/electricink.eu\/wp-content\/uploads\/2024\/10\/MOCKUP_NUANCE-GEL-ESPESSANTE.jpg","contentUrl":"https:\/\/electricink.eu\/wp-content\/uploads\/2024\/10\/MOCKUP_NUANCE-GEL-ESPESSANTE.jpg","width":1200,"height":1200},{"@type":"BreadcrumbList","@id":"https:\/\/electricink.eu\/fr\/producto\/gel-epaississant-nuance-5g\/#breadcrumb","itemListElement":[{"@type":"ListItem","position":1,"name":"Portada","item":"https:\/\/electricink.eu\/fr\/home\/"},{"@type":"ListItem","position":2,"name":"Boutique","item":"https:\/\/electricink.eu\/tienda\/"},{"@type":"ListItem","position":3,"name":"Gel \u00e9paississant &#8211; Nuance 5g"}]},{"@type":"WebSite","@id":"https:\/\/electricink.eu\/#website","url":"https:\/\/electricink.eu\/","name":"Electric Ink\u00ae","description":"Material para Tatuar Profesional en Europa - Electric Ink\u00ae","potentialAction":[{"@type":"SearchAction","target":{"@type":"EntryPoint","urlTemplate":"https:\/\/electricink.eu\/?s={search_term_string}"},"query-input":{"@type":"PropertyValueSpecification","valueRequired":true,"valueName":"search_term_string"}}],"inLanguage":"fr-FR"}]}},"_links":{"self":[{"href":"https:\/\/electricink.eu\/fr\/wp-json\/wp\/v2\/product\/42583","targetHints":{"allow":["GET"]}}],"collection":[{"href":"https:\/\/electricink.eu\/fr\/wp-json\/wp\/v2\/product"}],"about":[{"href":"https:\/\/electricink.eu\/fr\/wp-json\/wp\/v2\/types\/product"}],"replies":[{"embeddable":true,"href":"https:\/\/electricink.eu\/fr\/wp-json\/wp\/v2\/comments?post=42583"}],"wp:featuredmedia":[{"embeddable":true,"href":"https:\/\/electricink.eu\/fr\/wp-json\/wp\/v2\/media\/42530"}],"wp:attachment":[{"href":"https:\/\/electricink.eu\/fr\/wp-json\/wp\/v2\/media?parent=42583"}],"wp:term":[{"taxonomy":"product_brand","embeddable":true,"href":"https:\/\/electricink.eu\/fr\/wp-json\/wp\/v2\/product_brand?post=42583"},{"taxonomy":"product_cat","embeddable":true,"href":"https:\/\/electricink.eu\/fr\/wp-json\/wp\/v2\/product_cat?post=42583"},{"taxonomy":"product_tag","embeddable":true,"href":"https:\/\/electricink.eu\/fr\/wp-json\/wp\/v2\/product_tag?post=42583"}],"curies":[{"name":"wp","href":"https:\/\/api.w.org\/{rel}","templated":true}]}}