{"id":43289,"date":"2025-03-17T12:56:12","date_gmt":"2025-03-17T11:56:12","guid":{"rendered":"https:\/\/electricink.eu\/producto\/tattoo-cream-derma-30g\/"},"modified":"2025-08-30T16:56:48","modified_gmt":"2025-08-30T14:56:48","slug":"tattoo-cream-derma-30g","status":"publish","type":"product","link":"https:\/\/electricink.eu\/fr\/producto\/tattoo-cream-derma-30g\/","title":{"rendered":"Tattoo Cream Derma &#8211; 30g"},"content":{"rendered":"","protected":false},"excerpt":{"rendered":"<p><strong>Tattoo Cream Derma<\/strong> est une cr\u00e8me hydratante sp\u00e9ciale pour les peaux tatou\u00e9es. Sa formule contient des huiles et beurres v\u00e9g\u00e9taux s\u00e9lectionn\u00e9s qui apportent hydratation et douceur. Les antioxydants de sa composition favorisent l&rsquo;action anti-\u00e2ge et cr\u00e9ent un film protecteur sur la peau.<\/p>\n<p>Sans colorants, parab\u00e8nes, vaseline et avec pH physiologique. Un toucher doux et une absorption rapide pour rendre votre tatouage plus vibrant.<\/p>\n<p><strong>Utilisation :<\/strong> Appliquez une quantit\u00e9 suffisante de Tattoo Cream Derma sur la peau, en massant jusqu&rsquo;\u00e0 absorption compl\u00e8te.*\u00c0 utiliser une fois que le tatouage est d\u00e9j\u00e0 cicatris\u00e9, environ 10 jours apr\u00e8s la r\u00e9alisation du tatouage.<\/p>\n","protected":false},"featured_media":43168,"comment_status":"closed","ping_status":"closed","template":"","meta":{"_acf_changed":false,"_et_pb_use_builder":"","_et_pb_old_content":"","_et_gb_content_width":"","inline_featured_image":false},"product_brand":[],"product_cat":[791,793],"product_tag":[],"class_list":{"0":"post-43289","1":"product","2":"type-product","3":"status-publish","4":"has-post-thumbnail","6":"product_cat-cosmetiques","7":"product_cat-cosmetique-tattoo-cosmetiques","9":"first","10":"outofstock","11":"featured","12":"taxable","13":"shipping-taxable","14":"purchasable","15":"product-type-simple"},"acf":[],"yoast_head":"<!-- This site is optimized with the Yoast SEO plugin v27.4 - https:\/\/yoast.com\/product\/yoast-seo-wordpress\/ -->\n<title>Tattoo Cream Derma - 30g - Electric Ink\u00ae<\/title>\n<meta name=\"description\" content=\"Tattoo Cream Derma est une cr\u00e8me hydratante qui prend soin du tatouage apr\u00e8s la cicatrisation. Sans colorants, parab\u00e8nes et vaseline.\" \/>\n<meta name=\"robots\" content=\"index, follow, max-snippet:-1, max-image-preview:large, max-video-preview:-1\" \/>\n<link rel=\"canonical\" href=\"https:\/\/electricink.eu\/producto\/tattoo-cream-derma-30g\/\" \/>\n<meta property=\"og:locale\" content=\"fr_FR\" \/>\n<meta property=\"og:type\" content=\"article\" \/>\n<meta property=\"og:title\" content=\"Tattoo Cream Derma - 30g - Electric Ink\u00ae\" \/>\n<meta property=\"og:description\" content=\"Tattoo Cream Derma est une cr\u00e8me hydratante qui prend soin du tatouage apr\u00e8s la cicatrisation. Sans colorants, parab\u00e8nes et vaseline.\" \/>\n<meta property=\"og:url\" content=\"https:\/\/electricink.eu\/producto\/tattoo-cream-derma-30g\/\" \/>\n<meta property=\"og:site_name\" content=\"Electric Ink\u00ae\" \/>\n<meta property=\"article:modified_time\" content=\"2025-08-30T14:56:48+00:00\" \/>\n<meta property=\"og:image\" content=\"https:\/\/electricink.eu\/wp-content\/uploads\/2025\/03\/TattooCreamDermaDisplay_pg4.png\" \/>\n\t<meta property=\"og:image:width\" content=\"1200\" \/>\n\t<meta property=\"og:image:height\" content=\"1200\" \/>\n\t<meta property=\"og:image:type\" content=\"image\/png\" \/>\n<meta name=\"twitter:card\" content=\"summary_large_image\" \/>\n<script type=\"application\/ld+json\" class=\"yoast-schema-graph\">{\"@context\":\"https:\\\/\\\/schema.org\",\"@graph\":[{\"@type\":\"WebPage\",\"@id\":\"https:\\\/\\\/electricink.eu\\\/producto\\\/tattoo-cream-derma-30g\\\/\",\"url\":\"https:\\\/\\\/electricink.eu\\\/producto\\\/tattoo-cream-derma-30g\\\/\",\"name\":\"Tattoo Cream Derma - 30g - Electric Ink\u00ae\",\"isPartOf\":{\"@id\":\"https:\\\/\\\/electricink.eu\\\/#website\"},\"primaryImageOfPage\":{\"@id\":\"https:\\\/\\\/electricink.eu\\\/producto\\\/tattoo-cream-derma-30g\\\/#primaryimage\"},\"image\":{\"@id\":\"https:\\\/\\\/electricink.eu\\\/producto\\\/tattoo-cream-derma-30g\\\/#primaryimage\"},\"thumbnailUrl\":\"https:\\\/\\\/electricink.eu\\\/wp-content\\\/uploads\\\/2025\\\/03\\\/TattooCreamDermaDisplay_pg4.png\",\"datePublished\":\"2025-03-17T11:56:12+00:00\",\"dateModified\":\"2025-08-30T14:56:48+00:00\",\"description\":\"Tattoo Cream Derma est une cr\u00e8me hydratante qui prend soin du tatouage apr\u00e8s la cicatrisation. Sans colorants, parab\u00e8nes et vaseline.\",\"breadcrumb\":{\"@id\":\"https:\\\/\\\/electricink.eu\\\/producto\\\/tattoo-cream-derma-30g\\\/#breadcrumb\"},\"inLanguage\":\"fr-FR\",\"potentialAction\":[{\"@type\":\"ReadAction\",\"target\":[\"https:\\\/\\\/electricink.eu\\\/producto\\\/tattoo-cream-derma-30g\\\/\"]}]},{\"@type\":\"ImageObject\",\"inLanguage\":\"fr-FR\",\"@id\":\"https:\\\/\\\/electricink.eu\\\/producto\\\/tattoo-cream-derma-30g\\\/#primaryimage\",\"url\":\"https:\\\/\\\/electricink.eu\\\/wp-content\\\/uploads\\\/2025\\\/03\\\/TattooCreamDermaDisplay_pg4.png\",\"contentUrl\":\"https:\\\/\\\/electricink.eu\\\/wp-content\\\/uploads\\\/2025\\\/03\\\/TattooCreamDermaDisplay_pg4.png\",\"width\":1200,\"height\":1200},{\"@type\":\"BreadcrumbList\",\"@id\":\"https:\\\/\\\/electricink.eu\\\/producto\\\/tattoo-cream-derma-30g\\\/#breadcrumb\",\"itemListElement\":[{\"@type\":\"ListItem\",\"position\":1,\"name\":\"Portada\",\"item\":\"https:\\\/\\\/electricink.eu\\\/fr\\\/home\\\/\"},{\"@type\":\"ListItem\",\"position\":2,\"name\":\"Boutique\",\"item\":\"https:\\\/\\\/electricink.eu\\\/tienda\\\/\"},{\"@type\":\"ListItem\",\"position\":3,\"name\":\"Tattoo Cream Derma &#8211; 30g\"}]},{\"@type\":\"WebSite\",\"@id\":\"https:\\\/\\\/electricink.eu\\\/#website\",\"url\":\"https:\\\/\\\/electricink.eu\\\/\",\"name\":\"Electric Ink\u00ae\",\"description\":\"Material para Tatuar Profesional en Europa - Electric Ink\u00ae\",\"potentialAction\":[{\"@type\":\"SearchAction\",\"target\":{\"@type\":\"EntryPoint\",\"urlTemplate\":\"https:\\\/\\\/electricink.eu\\\/?s={search_term_string}\"},\"query-input\":{\"@type\":\"PropertyValueSpecification\",\"valueRequired\":true,\"valueName\":\"search_term_string\"}}],\"inLanguage\":\"fr-FR\"}]}<\/script>\n<!-- \/ Yoast SEO plugin. -->","yoast_head_json":{"title":"Tattoo Cream Derma - 30g - Electric Ink\u00ae","description":"Tattoo Cream Derma est une cr\u00e8me hydratante qui prend soin du tatouage apr\u00e8s la cicatrisation. Sans colorants, parab\u00e8nes et vaseline.","robots":{"index":"index","follow":"follow","max-snippet":"max-snippet:-1","max-image-preview":"max-image-preview:large","max-video-preview":"max-video-preview:-1"},"canonical":"https:\/\/electricink.eu\/producto\/tattoo-cream-derma-30g\/","og_locale":"fr_FR","og_type":"article","og_title":"Tattoo Cream Derma - 30g - Electric Ink\u00ae","og_description":"Tattoo Cream Derma est une cr\u00e8me hydratante qui prend soin du tatouage apr\u00e8s la cicatrisation. Sans colorants, parab\u00e8nes et vaseline.","og_url":"https:\/\/electricink.eu\/producto\/tattoo-cream-derma-30g\/","og_site_name":"Electric Ink\u00ae","article_modified_time":"2025-08-30T14:56:48+00:00","og_image":[{"width":1200,"height":1200,"url":"https:\/\/electricink.eu\/wp-content\/uploads\/2025\/03\/TattooCreamDermaDisplay_pg4.png","type":"image\/png"}],"twitter_card":"summary_large_image","schema":{"@context":"https:\/\/schema.org","@graph":[{"@type":"WebPage","@id":"https:\/\/electricink.eu\/producto\/tattoo-cream-derma-30g\/","url":"https:\/\/electricink.eu\/producto\/tattoo-cream-derma-30g\/","name":"Tattoo Cream Derma - 30g - Electric Ink\u00ae","isPartOf":{"@id":"https:\/\/electricink.eu\/#website"},"primaryImageOfPage":{"@id":"https:\/\/electricink.eu\/producto\/tattoo-cream-derma-30g\/#primaryimage"},"image":{"@id":"https:\/\/electricink.eu\/producto\/tattoo-cream-derma-30g\/#primaryimage"},"thumbnailUrl":"https:\/\/electricink.eu\/wp-content\/uploads\/2025\/03\/TattooCreamDermaDisplay_pg4.png","datePublished":"2025-03-17T11:56:12+00:00","dateModified":"2025-08-30T14:56:48+00:00","description":"Tattoo Cream Derma est une cr\u00e8me hydratante qui prend soin du tatouage apr\u00e8s la cicatrisation. Sans colorants, parab\u00e8nes et vaseline.","breadcrumb":{"@id":"https:\/\/electricink.eu\/producto\/tattoo-cream-derma-30g\/#breadcrumb"},"inLanguage":"fr-FR","potentialAction":[{"@type":"ReadAction","target":["https:\/\/electricink.eu\/producto\/tattoo-cream-derma-30g\/"]}]},{"@type":"ImageObject","inLanguage":"fr-FR","@id":"https:\/\/electricink.eu\/producto\/tattoo-cream-derma-30g\/#primaryimage","url":"https:\/\/electricink.eu\/wp-content\/uploads\/2025\/03\/TattooCreamDermaDisplay_pg4.png","contentUrl":"https:\/\/electricink.eu\/wp-content\/uploads\/2025\/03\/TattooCreamDermaDisplay_pg4.png","width":1200,"height":1200},{"@type":"BreadcrumbList","@id":"https:\/\/electricink.eu\/producto\/tattoo-cream-derma-30g\/#breadcrumb","itemListElement":[{"@type":"ListItem","position":1,"name":"Portada","item":"https:\/\/electricink.eu\/fr\/home\/"},{"@type":"ListItem","position":2,"name":"Boutique","item":"https:\/\/electricink.eu\/tienda\/"},{"@type":"ListItem","position":3,"name":"Tattoo Cream Derma &#8211; 30g"}]},{"@type":"WebSite","@id":"https:\/\/electricink.eu\/#website","url":"https:\/\/electricink.eu\/","name":"Electric Ink\u00ae","description":"Material para Tatuar Profesional en Europa - Electric Ink\u00ae","potentialAction":[{"@type":"SearchAction","target":{"@type":"EntryPoint","urlTemplate":"https:\/\/electricink.eu\/?s={search_term_string}"},"query-input":{"@type":"PropertyValueSpecification","valueRequired":true,"valueName":"search_term_string"}}],"inLanguage":"fr-FR"}]}},"_links":{"self":[{"href":"https:\/\/electricink.eu\/fr\/wp-json\/wp\/v2\/product\/43289","targetHints":{"allow":["GET"]}}],"collection":[{"href":"https:\/\/electricink.eu\/fr\/wp-json\/wp\/v2\/product"}],"about":[{"href":"https:\/\/electricink.eu\/fr\/wp-json\/wp\/v2\/types\/product"}],"replies":[{"embeddable":true,"href":"https:\/\/electricink.eu\/fr\/wp-json\/wp\/v2\/comments?post=43289"}],"wp:featuredmedia":[{"embeddable":true,"href":"https:\/\/electricink.eu\/fr\/wp-json\/wp\/v2\/media\/43168"}],"wp:attachment":[{"href":"https:\/\/electricink.eu\/fr\/wp-json\/wp\/v2\/media?parent=43289"}],"wp:term":[{"taxonomy":"product_brand","embeddable":true,"href":"https:\/\/electricink.eu\/fr\/wp-json\/wp\/v2\/product_brand?post=43289"},{"taxonomy":"product_cat","embeddable":true,"href":"https:\/\/electricink.eu\/fr\/wp-json\/wp\/v2\/product_cat?post=43289"},{"taxonomy":"product_tag","embeddable":true,"href":"https:\/\/electricink.eu\/fr\/wp-json\/wp\/v2\/product_tag?post=43289"}],"curies":[{"name":"wp","href":"https:\/\/api.w.org\/{rel}","templated":true}]}}