{"id":43298,"date":"2025-03-17T12:59:33","date_gmt":"2025-03-17T11:59:33","guid":{"rendered":"https:\/\/electricink.eu\/producto\/tattoo-balm-25g\/"},"modified":"2026-03-04T14:53:37","modified_gmt":"2026-03-04T13:53:37","slug":"tattoo-balm-25g","status":"publish","type":"product","link":"https:\/\/electricink.eu\/fr\/producto\/tattoo-balm-25g\/","title":{"rendered":"Tattoo Balm &#8211; 25g"},"content":{"rendered":"","protected":false},"excerpt":{"rendered":"<p>Le<strong>Tattoo Balm<\/strong> est un produit complet, cr\u00e9\u00e9 sp\u00e9cialement pour \u00eatre utilis\u00e9 imm\u00e9diatement apr\u00e8s la s\u00e9ance de tatouage.<\/p>\n<p>Favorise une hydratation et une nutrition sans \u00e9gal. Il a une formule unique qui rassemble 15 actifs naturels aux propri\u00e9t\u00e9s hautement hydratantes et r\u00e9g\u00e9n\u00e9ratrices qui favorisent le processus de cicatrisation. Parmi eux, la l\u00e9gendaire r\u00e9sine de sang de dragon : un v\u00e9ritable baume de soin pour la peau.<\/p>\n<p>Fragrance exclusive\u00a0; absorption facile ; adh\u00e9rence sup\u00e9rieure; v\u00e9gan ; sans colorants\u00a0; sans parab\u00e8nes ; sans vaseline; test\u00e9 dermatologiquement.<\/p>\n<p><strong>Application :<\/strong> A l&rsquo;aide d&rsquo;une spatule jetable, pr\u00e9levez la quantit\u00e9 souhait\u00e9e de produit et appliquez une fine couche sur la peau. R\u00e9appliquez chaque fois que n\u00e9cessaire.<\/p>\n<p><strong>Chaque tatouage a une histoire. Chaque cicatrisation, un Tattoo Balm.<\/strong><\/p>\n","protected":false},"featured_media":43173,"comment_status":"closed","ping_status":"closed","template":"","meta":{"_acf_changed":false,"_et_pb_use_builder":"","_et_pb_old_content":"","_et_gb_content_width":"","inline_featured_image":false},"product_brand":[],"product_cat":[791,793],"product_tag":[],"class_list":{"0":"post-43298","1":"product","2":"type-product","3":"status-publish","4":"has-post-thumbnail","6":"product_cat-cosmetiques","7":"product_cat-cosmetique-tattoo-cosmetiques","9":"first","10":"outofstock","11":"featured","12":"taxable","13":"shipping-taxable","14":"purchasable","15":"product-type-simple"},"acf":[],"yoast_head":"<!-- This site is optimized with the Yoast SEO plugin v27.5 - https:\/\/yoast.com\/product\/yoast-seo-wordpress\/ -->\n<title>Tattoo Balm - 25g - Electric Ink\u00ae<\/title>\n<meta name=\"description\" content=\"Un produit complet, cr\u00e9\u00e9 pour \u00eatre utilis\u00e9 juste apr\u00e8s la s\u00e9ance de tatouage. Favorise une hydratation et une nutrition sans \u00e9gal.\" \/>\n<meta name=\"robots\" content=\"index, follow, max-snippet:-1, max-image-preview:large, max-video-preview:-1\" \/>\n<link rel=\"canonical\" href=\"https:\/\/electricink.eu\/producto\/tattoo-balm-25g\/\" \/>\n<meta property=\"og:locale\" content=\"fr_FR\" \/>\n<meta property=\"og:type\" content=\"article\" \/>\n<meta property=\"og:title\" content=\"Tattoo Balm - 25g - Electric Ink\u00ae\" \/>\n<meta property=\"og:description\" content=\"Un produit complet, cr\u00e9\u00e9 pour \u00eatre utilis\u00e9 juste apr\u00e8s la s\u00e9ance de tatouage. Favorise une hydratation et une nutrition sans \u00e9gal.\" \/>\n<meta property=\"og:url\" content=\"https:\/\/electricink.eu\/producto\/tattoo-balm-25g\/\" \/>\n<meta property=\"og:site_name\" content=\"Electric Ink\u00ae\" \/>\n<meta property=\"article:modified_time\" content=\"2026-03-04T13:53:37+00:00\" \/>\n<meta property=\"og:image\" content=\"https:\/\/electricink.eu\/wp-content\/uploads\/2025\/03\/TattooBalm_pg-01.png\" \/>\n\t<meta property=\"og:image:width\" content=\"1200\" \/>\n\t<meta property=\"og:image:height\" content=\"1200\" \/>\n\t<meta property=\"og:image:type\" content=\"image\/png\" \/>\n<meta name=\"twitter:card\" content=\"summary_large_image\" \/>\n<script type=\"application\/ld+json\" class=\"yoast-schema-graph\">{\"@context\":\"https:\\\/\\\/schema.org\",\"@graph\":[{\"@type\":\"WebPage\",\"@id\":\"https:\\\/\\\/electricink.eu\\\/producto\\\/tattoo-balm-25g\\\/\",\"url\":\"https:\\\/\\\/electricink.eu\\\/producto\\\/tattoo-balm-25g\\\/\",\"name\":\"Tattoo Balm - 25g - Electric Ink\u00ae\",\"isPartOf\":{\"@id\":\"https:\\\/\\\/electricink.eu\\\/#website\"},\"primaryImageOfPage\":{\"@id\":\"https:\\\/\\\/electricink.eu\\\/producto\\\/tattoo-balm-25g\\\/#primaryimage\"},\"image\":{\"@id\":\"https:\\\/\\\/electricink.eu\\\/producto\\\/tattoo-balm-25g\\\/#primaryimage\"},\"thumbnailUrl\":\"https:\\\/\\\/electricink.eu\\\/wp-content\\\/uploads\\\/2025\\\/03\\\/TattooBalm_pg-01.png\",\"datePublished\":\"2025-03-17T11:59:33+00:00\",\"dateModified\":\"2026-03-04T13:53:37+00:00\",\"description\":\"Un produit complet, cr\u00e9\u00e9 pour \u00eatre utilis\u00e9 juste apr\u00e8s la s\u00e9ance de tatouage. Favorise une hydratation et une nutrition sans \u00e9gal.\",\"breadcrumb\":{\"@id\":\"https:\\\/\\\/electricink.eu\\\/producto\\\/tattoo-balm-25g\\\/#breadcrumb\"},\"inLanguage\":\"fr-FR\",\"potentialAction\":[{\"@type\":\"ReadAction\",\"target\":[\"https:\\\/\\\/electricink.eu\\\/producto\\\/tattoo-balm-25g\\\/\"]}]},{\"@type\":\"ImageObject\",\"inLanguage\":\"fr-FR\",\"@id\":\"https:\\\/\\\/electricink.eu\\\/producto\\\/tattoo-balm-25g\\\/#primaryimage\",\"url\":\"https:\\\/\\\/electricink.eu\\\/wp-content\\\/uploads\\\/2025\\\/03\\\/TattooBalm_pg-01.png\",\"contentUrl\":\"https:\\\/\\\/electricink.eu\\\/wp-content\\\/uploads\\\/2025\\\/03\\\/TattooBalm_pg-01.png\",\"width\":1200,\"height\":1200},{\"@type\":\"BreadcrumbList\",\"@id\":\"https:\\\/\\\/electricink.eu\\\/producto\\\/tattoo-balm-25g\\\/#breadcrumb\",\"itemListElement\":[{\"@type\":\"ListItem\",\"position\":1,\"name\":\"Portada\",\"item\":\"https:\\\/\\\/electricink.eu\\\/fr\\\/home\\\/\"},{\"@type\":\"ListItem\",\"position\":2,\"name\":\"Boutique\",\"item\":\"https:\\\/\\\/electricink.eu\\\/tienda\\\/\"},{\"@type\":\"ListItem\",\"position\":3,\"name\":\"Tattoo Balm &#8211; 25g\"}]},{\"@type\":\"WebSite\",\"@id\":\"https:\\\/\\\/electricink.eu\\\/#website\",\"url\":\"https:\\\/\\\/electricink.eu\\\/\",\"name\":\"Electric Ink\u00ae\",\"description\":\"Material para Tatuar Profesional en Europa - Electric Ink\u00ae\",\"potentialAction\":[{\"@type\":\"SearchAction\",\"target\":{\"@type\":\"EntryPoint\",\"urlTemplate\":\"https:\\\/\\\/electricink.eu\\\/?s={search_term_string}\"},\"query-input\":{\"@type\":\"PropertyValueSpecification\",\"valueRequired\":true,\"valueName\":\"search_term_string\"}}],\"inLanguage\":\"fr-FR\"}]}<\/script>\n<!-- \/ Yoast SEO plugin. -->","yoast_head_json":{"title":"Tattoo Balm - 25g - Electric Ink\u00ae","description":"Un produit complet, cr\u00e9\u00e9 pour \u00eatre utilis\u00e9 juste apr\u00e8s la s\u00e9ance de tatouage. Favorise une hydratation et une nutrition sans \u00e9gal.","robots":{"index":"index","follow":"follow","max-snippet":"max-snippet:-1","max-image-preview":"max-image-preview:large","max-video-preview":"max-video-preview:-1"},"canonical":"https:\/\/electricink.eu\/producto\/tattoo-balm-25g\/","og_locale":"fr_FR","og_type":"article","og_title":"Tattoo Balm - 25g - Electric Ink\u00ae","og_description":"Un produit complet, cr\u00e9\u00e9 pour \u00eatre utilis\u00e9 juste apr\u00e8s la s\u00e9ance de tatouage. Favorise une hydratation et une nutrition sans \u00e9gal.","og_url":"https:\/\/electricink.eu\/producto\/tattoo-balm-25g\/","og_site_name":"Electric Ink\u00ae","article_modified_time":"2026-03-04T13:53:37+00:00","og_image":[{"width":1200,"height":1200,"url":"https:\/\/electricink.eu\/wp-content\/uploads\/2025\/03\/TattooBalm_pg-01.png","type":"image\/png"}],"twitter_card":"summary_large_image","schema":{"@context":"https:\/\/schema.org","@graph":[{"@type":"WebPage","@id":"https:\/\/electricink.eu\/producto\/tattoo-balm-25g\/","url":"https:\/\/electricink.eu\/producto\/tattoo-balm-25g\/","name":"Tattoo Balm - 25g - Electric Ink\u00ae","isPartOf":{"@id":"https:\/\/electricink.eu\/#website"},"primaryImageOfPage":{"@id":"https:\/\/electricink.eu\/producto\/tattoo-balm-25g\/#primaryimage"},"image":{"@id":"https:\/\/electricink.eu\/producto\/tattoo-balm-25g\/#primaryimage"},"thumbnailUrl":"https:\/\/electricink.eu\/wp-content\/uploads\/2025\/03\/TattooBalm_pg-01.png","datePublished":"2025-03-17T11:59:33+00:00","dateModified":"2026-03-04T13:53:37+00:00","description":"Un produit complet, cr\u00e9\u00e9 pour \u00eatre utilis\u00e9 juste apr\u00e8s la s\u00e9ance de tatouage. Favorise une hydratation et une nutrition sans \u00e9gal.","breadcrumb":{"@id":"https:\/\/electricink.eu\/producto\/tattoo-balm-25g\/#breadcrumb"},"inLanguage":"fr-FR","potentialAction":[{"@type":"ReadAction","target":["https:\/\/electricink.eu\/producto\/tattoo-balm-25g\/"]}]},{"@type":"ImageObject","inLanguage":"fr-FR","@id":"https:\/\/electricink.eu\/producto\/tattoo-balm-25g\/#primaryimage","url":"https:\/\/electricink.eu\/wp-content\/uploads\/2025\/03\/TattooBalm_pg-01.png","contentUrl":"https:\/\/electricink.eu\/wp-content\/uploads\/2025\/03\/TattooBalm_pg-01.png","width":1200,"height":1200},{"@type":"BreadcrumbList","@id":"https:\/\/electricink.eu\/producto\/tattoo-balm-25g\/#breadcrumb","itemListElement":[{"@type":"ListItem","position":1,"name":"Portada","item":"https:\/\/electricink.eu\/fr\/home\/"},{"@type":"ListItem","position":2,"name":"Boutique","item":"https:\/\/electricink.eu\/tienda\/"},{"@type":"ListItem","position":3,"name":"Tattoo Balm &#8211; 25g"}]},{"@type":"WebSite","@id":"https:\/\/electricink.eu\/#website","url":"https:\/\/electricink.eu\/","name":"Electric Ink\u00ae","description":"Material para Tatuar Profesional en Europa - Electric Ink\u00ae","potentialAction":[{"@type":"SearchAction","target":{"@type":"EntryPoint","urlTemplate":"https:\/\/electricink.eu\/?s={search_term_string}"},"query-input":{"@type":"PropertyValueSpecification","valueRequired":true,"valueName":"search_term_string"}}],"inLanguage":"fr-FR"}]}},"_links":{"self":[{"href":"https:\/\/electricink.eu\/fr\/wp-json\/wp\/v2\/product\/43298","targetHints":{"allow":["GET"]}}],"collection":[{"href":"https:\/\/electricink.eu\/fr\/wp-json\/wp\/v2\/product"}],"about":[{"href":"https:\/\/electricink.eu\/fr\/wp-json\/wp\/v2\/types\/product"}],"replies":[{"embeddable":true,"href":"https:\/\/electricink.eu\/fr\/wp-json\/wp\/v2\/comments?post=43298"}],"wp:featuredmedia":[{"embeddable":true,"href":"https:\/\/electricink.eu\/fr\/wp-json\/wp\/v2\/media\/43173"}],"wp:attachment":[{"href":"https:\/\/electricink.eu\/fr\/wp-json\/wp\/v2\/media?parent=43298"}],"wp:term":[{"taxonomy":"product_brand","embeddable":true,"href":"https:\/\/electricink.eu\/fr\/wp-json\/wp\/v2\/product_brand?post=43298"},{"taxonomy":"product_cat","embeddable":true,"href":"https:\/\/electricink.eu\/fr\/wp-json\/wp\/v2\/product_cat?post=43298"},{"taxonomy":"product_tag","embeddable":true,"href":"https:\/\/electricink.eu\/fr\/wp-json\/wp\/v2\/product_tag?post=43298"}],"curies":[{"name":"wp","href":"https:\/\/api.w.org\/{rel}","templated":true}]}}