{"id":44058,"date":"2023-12-13T16:39:08","date_gmt":"2023-12-13T15:39:08","guid":{"rendered":"https:\/\/electricink.eu\/producto\/grips-jetables-crystal-round-rl-rs\/"},"modified":"2025-08-08T14:59:20","modified_gmt":"2025-08-08T12:59:20","slug":"grips-jetables-crystal-round-rl-rs","status":"publish","type":"product","link":"https:\/\/electricink.eu\/fr\/producto\/grips-jetables-crystal-round-rl-rs\/","title":{"rendered":"Grips Jetables Crystal \u2013 round (RL\/RS)"},"content":{"rendered":"<p><strong>Grips jetables Crystal pour aiguilles RL et RS.<\/strong><\/p>\n<p><strong>Couleur :<\/strong> bleue<br \/><strong>Diam\u00e8tre :<\/strong> 30mm<br \/><strong>Mod\u00e8le :<\/strong> Crystal Flat &#8211; Electric Ink<br \/><strong>Mat\u00e9riau :<\/strong> plastique ABS, solide et durable<br \/><strong>Quantit\u00e9 :<\/strong> sachet de 20 unit\u00e9s, emball\u00e9s individuellement<\/p>\n<p><strong>St\u00e9rilis\u00e9 \u00e0 l&rsquo;oxyde d&rsquo;\u00e9thyl\u00e8ne.<\/strong><\/p>\n","protected":false},"excerpt":{"rendered":"<p><strong>Manchons Crystal Electric Ink jetables, diam\u00e8tre 30 mm.<\/strong><\/p>\n<p>Pointes arrondies, sp\u00e9cifiques pour les aiguilles round-liner (RL) et round-shader (RS).<\/p>\n<p>Leur design Crystal permet plus de contr\u00f4le, une meilleure prise en main et moins de vibrations, permettant au tatoueur de travailler confortablement plus longtemps.<\/p>\n<p>Les grips jetables Crystal Electric Ink ont une forme ergonomique et int\u00e8grent une technologie d&rsquo;amortissement pour r\u00e9duire les vibrations dans la main de l&rsquo;artiste. Leur design textur\u00e9 et cylindrique est con\u00e7u pour offrir une plus grande pr\u00e9cision, rigidit\u00e9 et fermet\u00e9, garantissant qualit\u00e9 et s\u00e9curit\u00e9. De plus, ils disposent d\u2019un r\u00e9servoir de pigment plus grand et d\u2019une nouvelle pointe Crystal, plus longue et plus pr\u00e9cise.<\/p>\n<p>St\u00e9rilis\u00e9s \u00e0 l&rsquo;oxyde d&rsquo;\u00e9thyl\u00e8ne en blisters individuels et pr\u00e9d\u00e9coup\u00e9s.<\/p>\n<p><strong>Disponibles pour les aiguilles RL et RS 3, 5, 7, 9, 11, 14 et 19.<\/strong><\/p>\n","protected":false},"featured_media":43985,"comment_status":"closed","ping_status":"closed","template":"","meta":{"_acf_changed":false,"_et_pb_use_builder":"","_et_pb_old_content":"","_et_gb_content_width":"","inline_featured_image":false},"product_brand":[],"product_cat":[808,816],"product_tag":[],"class_list":{"0":"post-44058","1":"product","2":"type-product","3":"status-publish","4":"has-post-thumbnail","6":"product_cat-tattoo-fr","7":"product_cat-grips-jetables-aiguilles","9":"first","10":"instock","11":"taxable","12":"shipping-taxable","13":"purchasable","14":"product-type-variable"},"acf":[],"yoast_head":"<!-- This site is optimized with the Yoast SEO plugin v27.4 - https:\/\/yoast.com\/product\/yoast-seo-wordpress\/ -->\n<title>Grips Jetables Crystal \u2013 round (RL\/RS) - Electric Ink\u00ae<\/title>\n<meta name=\"description\" content=\"Forme anatomique et technologie d&#039;amortissement pour r\u00e9duire la vibration dans la main de l&#039;artiste. Plus de pr\u00e9cision, de rigidit\u00e9 et de fermet\u00e9, qualit\u00e9 et s\u00e9curit\u00e9.\" \/>\n<meta name=\"robots\" content=\"index, follow, max-snippet:-1, max-image-preview:large, max-video-preview:-1\" \/>\n<link rel=\"canonical\" href=\"https:\/\/electricink.eu\/fr\/producto\/grips-jetables-crystal-round-rl-rs\/\" \/>\n<meta property=\"og:locale\" content=\"fr_FR\" \/>\n<meta property=\"og:type\" content=\"article\" \/>\n<meta property=\"og:title\" content=\"Grips Jetables Crystal \u2013 round (RL\/RS) - Electric Ink\u00ae\" \/>\n<meta property=\"og:description\" content=\"Forme anatomique et technologie d&#039;amortissement pour r\u00e9duire la vibration dans la main de l&#039;artiste. Plus de pr\u00e9cision, de rigidit\u00e9 et de fermet\u00e9, qualit\u00e9 et s\u00e9curit\u00e9.\" \/>\n<meta property=\"og:url\" content=\"https:\/\/electricink.eu\/fr\/producto\/grips-jetables-crystal-round-rl-rs\/\" \/>\n<meta property=\"og:site_name\" content=\"Electric Ink\u00ae\" \/>\n<meta property=\"article:modified_time\" content=\"2025-08-08T12:59:20+00:00\" \/>\n<meta property=\"og:image\" content=\"https:\/\/electricink.eu\/wp-content\/uploads\/2023\/12\/GRIP_TATTOO_30mm_Crystal_Round_Liner_Flat.jpg\" \/>\n\t<meta property=\"og:image:width\" content=\"514\" \/>\n\t<meta property=\"og:image:height\" content=\"485\" \/>\n\t<meta property=\"og:image:type\" content=\"image\/jpeg\" \/>\n<meta name=\"twitter:card\" content=\"summary_large_image\" \/>\n<script type=\"application\/ld+json\" class=\"yoast-schema-graph\">{\"@context\":\"https:\\\/\\\/schema.org\",\"@graph\":[{\"@type\":\"WebPage\",\"@id\":\"https:\\\/\\\/electricink.eu\\\/fr\\\/producto\\\/grips-jetables-crystal-round-rl-rs\\\/\",\"url\":\"https:\\\/\\\/electricink.eu\\\/fr\\\/producto\\\/grips-jetables-crystal-round-rl-rs\\\/\",\"name\":\"Grips Jetables Crystal \u2013 round (RL\\\/RS) - Electric Ink\u00ae\",\"isPartOf\":{\"@id\":\"https:\\\/\\\/electricink.eu\\\/#website\"},\"primaryImageOfPage\":{\"@id\":\"https:\\\/\\\/electricink.eu\\\/fr\\\/producto\\\/grips-jetables-crystal-round-rl-rs\\\/#primaryimage\"},\"image\":{\"@id\":\"https:\\\/\\\/electricink.eu\\\/fr\\\/producto\\\/grips-jetables-crystal-round-rl-rs\\\/#primaryimage\"},\"thumbnailUrl\":\"https:\\\/\\\/electricink.eu\\\/wp-content\\\/uploads\\\/2023\\\/12\\\/GRIP_TATTOO_30mm_Crystal_Round_Liner_Flat.jpg\",\"datePublished\":\"2023-12-13T15:39:08+00:00\",\"dateModified\":\"2025-08-08T12:59:20+00:00\",\"description\":\"Forme anatomique et technologie d'amortissement pour r\u00e9duire la vibration dans la main de l'artiste. Plus de pr\u00e9cision, de rigidit\u00e9 et de fermet\u00e9, qualit\u00e9 et s\u00e9curit\u00e9.\",\"breadcrumb\":{\"@id\":\"https:\\\/\\\/electricink.eu\\\/fr\\\/producto\\\/grips-jetables-crystal-round-rl-rs\\\/#breadcrumb\"},\"inLanguage\":\"fr-FR\",\"potentialAction\":[{\"@type\":\"ReadAction\",\"target\":[\"https:\\\/\\\/electricink.eu\\\/fr\\\/producto\\\/grips-jetables-crystal-round-rl-rs\\\/\"]}]},{\"@type\":\"ImageObject\",\"inLanguage\":\"fr-FR\",\"@id\":\"https:\\\/\\\/electricink.eu\\\/fr\\\/producto\\\/grips-jetables-crystal-round-rl-rs\\\/#primaryimage\",\"url\":\"https:\\\/\\\/electricink.eu\\\/wp-content\\\/uploads\\\/2023\\\/12\\\/GRIP_TATTOO_30mm_Crystal_Round_Liner_Flat.jpg\",\"contentUrl\":\"https:\\\/\\\/electricink.eu\\\/wp-content\\\/uploads\\\/2023\\\/12\\\/GRIP_TATTOO_30mm_Crystal_Round_Liner_Flat.jpg\",\"width\":514,\"height\":485},{\"@type\":\"BreadcrumbList\",\"@id\":\"https:\\\/\\\/electricink.eu\\\/fr\\\/producto\\\/grips-jetables-crystal-round-rl-rs\\\/#breadcrumb\",\"itemListElement\":[{\"@type\":\"ListItem\",\"position\":1,\"name\":\"Portada\",\"item\":\"https:\\\/\\\/electricink.eu\\\/fr\\\/home\\\/\"},{\"@type\":\"ListItem\",\"position\":2,\"name\":\"Boutique\",\"item\":\"https:\\\/\\\/electricink.eu\\\/tienda\\\/\"},{\"@type\":\"ListItem\",\"position\":3,\"name\":\"Grips Jetables Crystal \u2013 round (RL\\\/RS)\"}]},{\"@type\":\"WebSite\",\"@id\":\"https:\\\/\\\/electricink.eu\\\/#website\",\"url\":\"https:\\\/\\\/electricink.eu\\\/\",\"name\":\"Electric Ink\u00ae\",\"description\":\"Material para Tatuar Profesional en Europa - Electric Ink\u00ae\",\"potentialAction\":[{\"@type\":\"SearchAction\",\"target\":{\"@type\":\"EntryPoint\",\"urlTemplate\":\"https:\\\/\\\/electricink.eu\\\/?s={search_term_string}\"},\"query-input\":{\"@type\":\"PropertyValueSpecification\",\"valueRequired\":true,\"valueName\":\"search_term_string\"}}],\"inLanguage\":\"fr-FR\"}]}<\/script>\n<!-- \/ Yoast SEO plugin. -->","yoast_head_json":{"title":"Grips Jetables Crystal \u2013 round (RL\/RS) - Electric Ink\u00ae","description":"Forme anatomique et technologie d'amortissement pour r\u00e9duire la vibration dans la main de l'artiste. Plus de pr\u00e9cision, de rigidit\u00e9 et de fermet\u00e9, qualit\u00e9 et s\u00e9curit\u00e9.","robots":{"index":"index","follow":"follow","max-snippet":"max-snippet:-1","max-image-preview":"max-image-preview:large","max-video-preview":"max-video-preview:-1"},"canonical":"https:\/\/electricink.eu\/fr\/producto\/grips-jetables-crystal-round-rl-rs\/","og_locale":"fr_FR","og_type":"article","og_title":"Grips Jetables Crystal \u2013 round (RL\/RS) - Electric Ink\u00ae","og_description":"Forme anatomique et technologie d'amortissement pour r\u00e9duire la vibration dans la main de l'artiste. Plus de pr\u00e9cision, de rigidit\u00e9 et de fermet\u00e9, qualit\u00e9 et s\u00e9curit\u00e9.","og_url":"https:\/\/electricink.eu\/fr\/producto\/grips-jetables-crystal-round-rl-rs\/","og_site_name":"Electric Ink\u00ae","article_modified_time":"2025-08-08T12:59:20+00:00","og_image":[{"width":514,"height":485,"url":"https:\/\/electricink.eu\/wp-content\/uploads\/2023\/12\/GRIP_TATTOO_30mm_Crystal_Round_Liner_Flat.jpg","type":"image\/jpeg"}],"twitter_card":"summary_large_image","schema":{"@context":"https:\/\/schema.org","@graph":[{"@type":"WebPage","@id":"https:\/\/electricink.eu\/fr\/producto\/grips-jetables-crystal-round-rl-rs\/","url":"https:\/\/electricink.eu\/fr\/producto\/grips-jetables-crystal-round-rl-rs\/","name":"Grips Jetables Crystal \u2013 round (RL\/RS) - Electric Ink\u00ae","isPartOf":{"@id":"https:\/\/electricink.eu\/#website"},"primaryImageOfPage":{"@id":"https:\/\/electricink.eu\/fr\/producto\/grips-jetables-crystal-round-rl-rs\/#primaryimage"},"image":{"@id":"https:\/\/electricink.eu\/fr\/producto\/grips-jetables-crystal-round-rl-rs\/#primaryimage"},"thumbnailUrl":"https:\/\/electricink.eu\/wp-content\/uploads\/2023\/12\/GRIP_TATTOO_30mm_Crystal_Round_Liner_Flat.jpg","datePublished":"2023-12-13T15:39:08+00:00","dateModified":"2025-08-08T12:59:20+00:00","description":"Forme anatomique et technologie d'amortissement pour r\u00e9duire la vibration dans la main de l'artiste. Plus de pr\u00e9cision, de rigidit\u00e9 et de fermet\u00e9, qualit\u00e9 et s\u00e9curit\u00e9.","breadcrumb":{"@id":"https:\/\/electricink.eu\/fr\/producto\/grips-jetables-crystal-round-rl-rs\/#breadcrumb"},"inLanguage":"fr-FR","potentialAction":[{"@type":"ReadAction","target":["https:\/\/electricink.eu\/fr\/producto\/grips-jetables-crystal-round-rl-rs\/"]}]},{"@type":"ImageObject","inLanguage":"fr-FR","@id":"https:\/\/electricink.eu\/fr\/producto\/grips-jetables-crystal-round-rl-rs\/#primaryimage","url":"https:\/\/electricink.eu\/wp-content\/uploads\/2023\/12\/GRIP_TATTOO_30mm_Crystal_Round_Liner_Flat.jpg","contentUrl":"https:\/\/electricink.eu\/wp-content\/uploads\/2023\/12\/GRIP_TATTOO_30mm_Crystal_Round_Liner_Flat.jpg","width":514,"height":485},{"@type":"BreadcrumbList","@id":"https:\/\/electricink.eu\/fr\/producto\/grips-jetables-crystal-round-rl-rs\/#breadcrumb","itemListElement":[{"@type":"ListItem","position":1,"name":"Portada","item":"https:\/\/electricink.eu\/fr\/home\/"},{"@type":"ListItem","position":2,"name":"Boutique","item":"https:\/\/electricink.eu\/tienda\/"},{"@type":"ListItem","position":3,"name":"Grips Jetables Crystal \u2013 round (RL\/RS)"}]},{"@type":"WebSite","@id":"https:\/\/electricink.eu\/#website","url":"https:\/\/electricink.eu\/","name":"Electric Ink\u00ae","description":"Material para Tatuar Profesional en Europa - Electric Ink\u00ae","potentialAction":[{"@type":"SearchAction","target":{"@type":"EntryPoint","urlTemplate":"https:\/\/electricink.eu\/?s={search_term_string}"},"query-input":{"@type":"PropertyValueSpecification","valueRequired":true,"valueName":"search_term_string"}}],"inLanguage":"fr-FR"}]}},"_links":{"self":[{"href":"https:\/\/electricink.eu\/fr\/wp-json\/wp\/v2\/product\/44058","targetHints":{"allow":["GET"]}}],"collection":[{"href":"https:\/\/electricink.eu\/fr\/wp-json\/wp\/v2\/product"}],"about":[{"href":"https:\/\/electricink.eu\/fr\/wp-json\/wp\/v2\/types\/product"}],"replies":[{"embeddable":true,"href":"https:\/\/electricink.eu\/fr\/wp-json\/wp\/v2\/comments?post=44058"}],"wp:featuredmedia":[{"embeddable":true,"href":"https:\/\/electricink.eu\/fr\/wp-json\/wp\/v2\/media\/43985"}],"wp:attachment":[{"href":"https:\/\/electricink.eu\/fr\/wp-json\/wp\/v2\/media?parent=44058"}],"wp:term":[{"taxonomy":"product_brand","embeddable":true,"href":"https:\/\/electricink.eu\/fr\/wp-json\/wp\/v2\/product_brand?post=44058"},{"taxonomy":"product_cat","embeddable":true,"href":"https:\/\/electricink.eu\/fr\/wp-json\/wp\/v2\/product_cat?post=44058"},{"taxonomy":"product_tag","embeddable":true,"href":"https:\/\/electricink.eu\/fr\/wp-json\/wp\/v2\/product_tag?post=44058"}],"curies":[{"name":"wp","href":"https:\/\/api.w.org\/{rel}","templated":true}]}}