{"id":44304,"date":"2025-05-15T19:01:06","date_gmt":"2025-05-15T17:01:06","guid":{"rendered":"https:\/\/electricink.eu\/?post_type=product&#038;p=44304"},"modified":"2025-08-29T19:37:49","modified_gmt":"2025-08-29T17:37:49","slug":"ultra-pen-2-4-0mm-noire-copia","status":"publish","type":"product","link":"https:\/\/electricink.eu\/fr\/producto\/ultra-pen-2-4-0mm-noire-copia\/","title":{"rendered":"Ultra Pen \u2013 Noir brillant"},"content":{"rendered":"<p><strong>Mod\u00e8le:<\/strong>\u00a0Ultra Pen<\/p>\n<p><strong>Marque:\u00a0<\/strong>Electric Ink<\/p>\n<p><strong>CARACT\u00c9RISTIQUES TECHNIQUES<\/strong><br \/>Moteur de pr\u00e9cision moteur DC<br \/>Tension 6 \u00e0 12v<br \/>Consommation moyenne 1.8w<br \/>Connexion \u00e9lectrique RCA<br \/>Courant de d\u00e9marrage 300Ma<br \/>Fr\u00e9quence:t 65 \u00e0 110 PPS<br \/>Course 3.5<br \/>Sortie de l\u2019aiguille : Selon le r\u00e9glage du manchon<br \/>Poids 150 grammes<br \/>A (Longueur) 123 mm<br \/>B (diam\u00e8tre) 30 mm<\/p>\n<p><strong>\u2014\u2014\u2014\u2014\u2014\u2014\u2014 Garantie du produit \u2014\u2014\u2014\u2014\u2014\u2014\u2014-<\/strong><\/p>\n<p>La p\u00e9riode de garantie offerte par Electric Ink suit les r\u00e9glementations europ\u00e9ennes en vigueur. La garantie Electric Ink contre les d\u00e9fauts de fabrication commence \u00e0 partir de l\u2019achat du produit par le consommateur, v\u00e9rifi\u00e9 via la facture d\u2019achat de l\u2019article concern\u00e9.<\/p>\n<p><strong>\u2014\u2014\u2014\u2014\u2014\u2014\u2014Assistance technique\u2014\u2014\u2014\u2014\u2014\u2014\u2014\u2014-<\/strong><\/p>\n<p>Par e-mail :\u00a0info@electric.local\u00a0ou par WhatsApp sur le web<\/p>\n","protected":false},"excerpt":{"rendered":"<p>Con\u00e7ue pour atteindre le bon centre de gravit\u00e9 pour une meilleure r\u00e9partition de la masse, pour offrir un plus grand confort au tatoueur et pour faciliter l\u2019asepsie apr\u00e8s utilisation.<\/p>\n<p>Elle r\u00e9unit plusieurs fonctionnalit\u00e9s dans un seul \u00e9quipement, moderne, compact, solide et id\u00e9al pour tous les styles de tatouage.<br \/>D\u00e9velopp\u00e9e avec Flex System, vous choisissez la cartouche et elle fonctionne en offrant toutes les performances dont vous avez besoin pour les deux options, Electric Ink ou Universal.<br \/>Compatible avec Power 1, la premi\u00e8re source d\u2019alimentation Electric Ink sans fil, avec technologie Bluetooth et connexion automatique.<br \/>Entr\u00e9e RCA, moteur haute performance et haute pr\u00e9cision.<\/p>\n<p><strong>En plus de deux syst\u00e8mes exclusifs<\/strong>\u00a0:<\/p>\n<p><strong>Permanently Aligned System 2\u00a0<\/strong>(Syst\u00e8me d\u2019alignement des cartouches)<br \/>Syst\u00e8me qui maintient la cartouche toujours align\u00e9e, m\u00eame lorsque le manchon pour r\u00e9gler l\u2019exposition de l\u2019aiguille de la cartouche reste dans l\u2019alignement pr\u00e9\u00e9tabli.<\/p>\n<p><strong>Long Adjustable Damping System<\/strong>\u00a0<strong>1<\/strong>\u00a0(Syst\u00e8me de r\u00e9glage du rappel)<br \/>Syst\u00e8me de rappel r\u00e9glable qui ne raccourcit pas la course en augmentant la pression d\u2019amortissement, m\u00eame avec une plus grande pression de rappel, la course reste longue.<\/p>\n","protected":false},"featured_media":35907,"comment_status":"closed","ping_status":"closed","template":"","meta":{"_acf_changed":false,"_et_pb_use_builder":"","_et_pb_old_content":"","_et_gb_content_width":"","inline_featured_image":false},"product_brand":[],"product_cat":[808,817,819],"product_tag":[],"class_list":{"0":"post-44304","1":"product","2":"type-product","3":"status-publish","4":"has-post-thumbnail","6":"product_cat-tattoo-fr","7":"product_cat-machine-a-tatouer","8":"product_cat-machines-pen-fr","10":"first","11":"instock","12":"sale","13":"taxable","14":"shipping-taxable","15":"purchasable","16":"product-type-simple"},"acf":[],"yoast_head":"<!-- This site is optimized with the Yoast SEO plugin v27.4 - https:\/\/yoast.com\/product\/yoast-seo-wordpress\/ -->\n<title>Ultra Pen \u2013 Noir brillant - Electric Ink\u00ae<\/title>\n<meta name=\"description\" content=\"Un syst\u00e8me d&#039;amortissement exclusif qui facilite l&#039;application de l&#039;encre ; course de 4,0 mm ; moteur n\u00e9odyme 22R, plus puissant et plus rapide.\" \/>\n<meta name=\"robots\" content=\"index, follow, max-snippet:-1, max-image-preview:large, max-video-preview:-1\" \/>\n<link rel=\"canonical\" href=\"https:\/\/electricink.eu\/fr\/producto\/ultra-pen-2-4-0mm-noire-copia\/\" \/>\n<meta property=\"og:locale\" content=\"fr_FR\" \/>\n<meta property=\"og:type\" content=\"article\" \/>\n<meta property=\"og:title\" content=\"Ultra Pen \u2013 Noir brillant - Electric Ink\u00ae\" \/>\n<meta property=\"og:description\" content=\"Un syst\u00e8me d&#039;amortissement exclusif qui facilite l&#039;application de l&#039;encre ; course de 4,0 mm ; moteur n\u00e9odyme 22R, plus puissant et plus rapide.\" \/>\n<meta property=\"og:url\" content=\"https:\/\/electricink.eu\/fr\/producto\/ultra-pen-2-4-0mm-noire-copia\/\" \/>\n<meta property=\"og:site_name\" content=\"Electric Ink\u00ae\" \/>\n<meta property=\"article:modified_time\" content=\"2025-08-29T17:37:49+00:00\" \/>\n<meta property=\"og:image\" content=\"https:\/\/electricink.eu\/wp-content\/uploads\/2023\/12\/Ultra_Pen_Negra_Electric_Ink-1-1.jpg\" \/>\n\t<meta property=\"og:image:width\" content=\"500\" \/>\n\t<meta property=\"og:image:height\" content=\"500\" \/>\n\t<meta property=\"og:image:type\" content=\"image\/jpeg\" \/>\n<meta name=\"twitter:card\" content=\"summary_large_image\" \/>\n<meta name=\"twitter:label1\" content=\"Dur\u00e9e de lecture estim\u00e9e\" \/>\n\t<meta name=\"twitter:data1\" content=\"1 minute\" \/>\n<script type=\"application\/ld+json\" class=\"yoast-schema-graph\">{\"@context\":\"https:\\\/\\\/schema.org\",\"@graph\":[{\"@type\":\"WebPage\",\"@id\":\"https:\\\/\\\/electricink.eu\\\/fr\\\/producto\\\/ultra-pen-2-4-0mm-noire-copia\\\/\",\"url\":\"https:\\\/\\\/electricink.eu\\\/fr\\\/producto\\\/ultra-pen-2-4-0mm-noire-copia\\\/\",\"name\":\"Ultra Pen \u2013 Noir brillant - Electric Ink\u00ae\",\"isPartOf\":{\"@id\":\"https:\\\/\\\/electricink.eu\\\/#website\"},\"primaryImageOfPage\":{\"@id\":\"https:\\\/\\\/electricink.eu\\\/fr\\\/producto\\\/ultra-pen-2-4-0mm-noire-copia\\\/#primaryimage\"},\"image\":{\"@id\":\"https:\\\/\\\/electricink.eu\\\/fr\\\/producto\\\/ultra-pen-2-4-0mm-noire-copia\\\/#primaryimage\"},\"thumbnailUrl\":\"https:\\\/\\\/electricink.eu\\\/wp-content\\\/uploads\\\/2023\\\/12\\\/Ultra_Pen_Negra_Electric_Ink-1-1.jpg\",\"datePublished\":\"2025-05-15T17:01:06+00:00\",\"dateModified\":\"2025-08-29T17:37:49+00:00\",\"description\":\"Un syst\u00e8me d'amortissement exclusif qui facilite l'application de l'encre ; course de 4,0 mm ; moteur n\u00e9odyme 22R, plus puissant et plus rapide.\",\"breadcrumb\":{\"@id\":\"https:\\\/\\\/electricink.eu\\\/fr\\\/producto\\\/ultra-pen-2-4-0mm-noire-copia\\\/#breadcrumb\"},\"inLanguage\":\"fr-FR\",\"potentialAction\":[{\"@type\":\"ReadAction\",\"target\":[\"https:\\\/\\\/electricink.eu\\\/fr\\\/producto\\\/ultra-pen-2-4-0mm-noire-copia\\\/\"]}]},{\"@type\":\"ImageObject\",\"inLanguage\":\"fr-FR\",\"@id\":\"https:\\\/\\\/electricink.eu\\\/fr\\\/producto\\\/ultra-pen-2-4-0mm-noire-copia\\\/#primaryimage\",\"url\":\"https:\\\/\\\/electricink.eu\\\/wp-content\\\/uploads\\\/2023\\\/12\\\/Ultra_Pen_Negra_Electric_Ink-1-1.jpg\",\"contentUrl\":\"https:\\\/\\\/electricink.eu\\\/wp-content\\\/uploads\\\/2023\\\/12\\\/Ultra_Pen_Negra_Electric_Ink-1-1.jpg\",\"width\":500,\"height\":500},{\"@type\":\"BreadcrumbList\",\"@id\":\"https:\\\/\\\/electricink.eu\\\/fr\\\/producto\\\/ultra-pen-2-4-0mm-noire-copia\\\/#breadcrumb\",\"itemListElement\":[{\"@type\":\"ListItem\",\"position\":1,\"name\":\"Portada\",\"item\":\"https:\\\/\\\/electricink.eu\\\/fr\\\/home\\\/\"},{\"@type\":\"ListItem\",\"position\":2,\"name\":\"Boutique\",\"item\":\"https:\\\/\\\/electricink.eu\\\/tienda\\\/\"},{\"@type\":\"ListItem\",\"position\":3,\"name\":\"Ultra Pen \u2013 Noir brillant\"}]},{\"@type\":\"WebSite\",\"@id\":\"https:\\\/\\\/electricink.eu\\\/#website\",\"url\":\"https:\\\/\\\/electricink.eu\\\/\",\"name\":\"Electric Ink\u00ae\",\"description\":\"Material para Tatuar Profesional en Europa - Electric Ink\u00ae\",\"potentialAction\":[{\"@type\":\"SearchAction\",\"target\":{\"@type\":\"EntryPoint\",\"urlTemplate\":\"https:\\\/\\\/electricink.eu\\\/?s={search_term_string}\"},\"query-input\":{\"@type\":\"PropertyValueSpecification\",\"valueRequired\":true,\"valueName\":\"search_term_string\"}}],\"inLanguage\":\"fr-FR\"}]}<\/script>\n<!-- \/ Yoast SEO plugin. -->","yoast_head_json":{"title":"Ultra Pen \u2013 Noir brillant - Electric Ink\u00ae","description":"Un syst\u00e8me d'amortissement exclusif qui facilite l'application de l'encre ; course de 4,0 mm ; moteur n\u00e9odyme 22R, plus puissant et plus rapide.","robots":{"index":"index","follow":"follow","max-snippet":"max-snippet:-1","max-image-preview":"max-image-preview:large","max-video-preview":"max-video-preview:-1"},"canonical":"https:\/\/electricink.eu\/fr\/producto\/ultra-pen-2-4-0mm-noire-copia\/","og_locale":"fr_FR","og_type":"article","og_title":"Ultra Pen \u2013 Noir brillant - Electric Ink\u00ae","og_description":"Un syst\u00e8me d'amortissement exclusif qui facilite l'application de l'encre ; course de 4,0 mm ; moteur n\u00e9odyme 22R, plus puissant et plus rapide.","og_url":"https:\/\/electricink.eu\/fr\/producto\/ultra-pen-2-4-0mm-noire-copia\/","og_site_name":"Electric Ink\u00ae","article_modified_time":"2025-08-29T17:37:49+00:00","og_image":[{"width":500,"height":500,"url":"https:\/\/electricink.eu\/wp-content\/uploads\/2023\/12\/Ultra_Pen_Negra_Electric_Ink-1-1.jpg","type":"image\/jpeg"}],"twitter_card":"summary_large_image","twitter_misc":{"Dur\u00e9e de lecture estim\u00e9e":"1 minute"},"schema":{"@context":"https:\/\/schema.org","@graph":[{"@type":"WebPage","@id":"https:\/\/electricink.eu\/fr\/producto\/ultra-pen-2-4-0mm-noire-copia\/","url":"https:\/\/electricink.eu\/fr\/producto\/ultra-pen-2-4-0mm-noire-copia\/","name":"Ultra Pen \u2013 Noir brillant - Electric Ink\u00ae","isPartOf":{"@id":"https:\/\/electricink.eu\/#website"},"primaryImageOfPage":{"@id":"https:\/\/electricink.eu\/fr\/producto\/ultra-pen-2-4-0mm-noire-copia\/#primaryimage"},"image":{"@id":"https:\/\/electricink.eu\/fr\/producto\/ultra-pen-2-4-0mm-noire-copia\/#primaryimage"},"thumbnailUrl":"https:\/\/electricink.eu\/wp-content\/uploads\/2023\/12\/Ultra_Pen_Negra_Electric_Ink-1-1.jpg","datePublished":"2025-05-15T17:01:06+00:00","dateModified":"2025-08-29T17:37:49+00:00","description":"Un syst\u00e8me d'amortissement exclusif qui facilite l'application de l'encre ; course de 4,0 mm ; moteur n\u00e9odyme 22R, plus puissant et plus rapide.","breadcrumb":{"@id":"https:\/\/electricink.eu\/fr\/producto\/ultra-pen-2-4-0mm-noire-copia\/#breadcrumb"},"inLanguage":"fr-FR","potentialAction":[{"@type":"ReadAction","target":["https:\/\/electricink.eu\/fr\/producto\/ultra-pen-2-4-0mm-noire-copia\/"]}]},{"@type":"ImageObject","inLanguage":"fr-FR","@id":"https:\/\/electricink.eu\/fr\/producto\/ultra-pen-2-4-0mm-noire-copia\/#primaryimage","url":"https:\/\/electricink.eu\/wp-content\/uploads\/2023\/12\/Ultra_Pen_Negra_Electric_Ink-1-1.jpg","contentUrl":"https:\/\/electricink.eu\/wp-content\/uploads\/2023\/12\/Ultra_Pen_Negra_Electric_Ink-1-1.jpg","width":500,"height":500},{"@type":"BreadcrumbList","@id":"https:\/\/electricink.eu\/fr\/producto\/ultra-pen-2-4-0mm-noire-copia\/#breadcrumb","itemListElement":[{"@type":"ListItem","position":1,"name":"Portada","item":"https:\/\/electricink.eu\/fr\/home\/"},{"@type":"ListItem","position":2,"name":"Boutique","item":"https:\/\/electricink.eu\/tienda\/"},{"@type":"ListItem","position":3,"name":"Ultra Pen \u2013 Noir brillant"}]},{"@type":"WebSite","@id":"https:\/\/electricink.eu\/#website","url":"https:\/\/electricink.eu\/","name":"Electric Ink\u00ae","description":"Material para Tatuar Profesional en Europa - Electric Ink\u00ae","potentialAction":[{"@type":"SearchAction","target":{"@type":"EntryPoint","urlTemplate":"https:\/\/electricink.eu\/?s={search_term_string}"},"query-input":{"@type":"PropertyValueSpecification","valueRequired":true,"valueName":"search_term_string"}}],"inLanguage":"fr-FR"}]}},"_links":{"self":[{"href":"https:\/\/electricink.eu\/fr\/wp-json\/wp\/v2\/product\/44304","targetHints":{"allow":["GET"]}}],"collection":[{"href":"https:\/\/electricink.eu\/fr\/wp-json\/wp\/v2\/product"}],"about":[{"href":"https:\/\/electricink.eu\/fr\/wp-json\/wp\/v2\/types\/product"}],"replies":[{"embeddable":true,"href":"https:\/\/electricink.eu\/fr\/wp-json\/wp\/v2\/comments?post=44304"}],"wp:featuredmedia":[{"embeddable":true,"href":"https:\/\/electricink.eu\/fr\/wp-json\/wp\/v2\/media\/35907"}],"wp:attachment":[{"href":"https:\/\/electricink.eu\/fr\/wp-json\/wp\/v2\/media?parent=44304"}],"wp:term":[{"taxonomy":"product_brand","embeddable":true,"href":"https:\/\/electricink.eu\/fr\/wp-json\/wp\/v2\/product_brand?post=44304"},{"taxonomy":"product_cat","embeddable":true,"href":"https:\/\/electricink.eu\/fr\/wp-json\/wp\/v2\/product_cat?post=44304"},{"taxonomy":"product_tag","embeddable":true,"href":"https:\/\/electricink.eu\/fr\/wp-json\/wp\/v2\/product_tag?post=44304"}],"curies":[{"name":"wp","href":"https:\/\/api.w.org\/{rel}","templated":true}]}}