{"id":45723,"date":"2025-04-11T17:29:27","date_gmt":"2025-04-11T15:29:27","guid":{"rendered":"https:\/\/electricink.eu\/producto\/round-shader-o-0-25\/"},"modified":"2026-03-04T14:53:41","modified_gmt":"2026-03-04T13:53:41","slug":"round-shader-o-0-25","status":"publish","type":"product","link":"https:\/\/electricink.eu\/fr\/producto\/round-shader-o-0-25\/","title":{"rendered":"Round Shader \u00d8 0.25"},"content":{"rendered":"<p><strong>Cartouches Round Shader \u2013 RL 0.25 \u2013 Ligne Pro Electric Ink: <\/strong>Bo\u00eete de 20 unit\u00e9s.<\/p>\n<p><strong>SUGGESTIONS<\/strong><\/p>\n<p>Plus ouvertes, les\u00a0<strong>Cartouches Round Shader \u2013 RS de la gamme Pro<\/strong>\u00a0sont recommand\u00e9es pour les couleurs, les remplissages, les lignes plus \u00e9paisses (Bold line) et les ombrages l\u00e9gers. *<\/p>\n<p>De plus, les pointes biseaut\u00e9es offrent une plus grande stabilit\u00e9 et pr\u00e9cision aux lignes.<\/p>\n<p>*Nos suggestions ne constituent pas une r\u00e8gle. Chaque artiste choisit en fonction de ses pr\u00e9f\u00e9rences et du fonctionnement de ses machines. L\u2019id\u00e9al est d\u2019essayer tous les mod\u00e8les afin de\u00a0trouver vos mod\u00e8les pr\u00e9f\u00e9r\u00e9s.<\/p>\n","protected":false},"excerpt":{"rendered":"<p><strong>Cartouches Electric Ink Pro<\/strong><\/p>\n<p>D\u00e9velopp\u00e9es avec un syst\u00e8me de s\u00e9curit\u00e9, son m\u00e9canisme de recul de l\u2019aiguille se distingue par une membrane en silicone au lieu de ressort. Avec ce syst\u00e8me, l\u2019encre, le sang ou d\u2019autres fluides corporels ne peuvent pas refluer dans votre \u00e9quipement, prot\u00e9geant ainsi votre machine et votre client. En plus, un syst\u00e8me de verrouillage r\u00e9sistant emp\u00eache le d\u00e9tachement de la cartouche, le jeu entre l\u2019aiguille et la buse est r\u00e9duit, il y a une plus grande pr\u00e9cision et une perforation plus douce.<\/p>\n<p>Les\u00a0<strong>Cartouches Electric Ink Pro<\/strong> sont dot\u00e9es d\u2019aiguilles super long taper #08 (0,25 mm), avec un corps plus fin, une bonne option pour le Fine Line, le R\u00e9alisme, le Noir\/Gris et le Blackwork.<\/p>\n","protected":false},"featured_media":45567,"comment_status":"closed","ping_status":"closed","template":"","meta":{"_acf_changed":false,"_et_pb_use_builder":"","_et_pb_old_content":"","_et_gb_content_width":"","inline_featured_image":false},"product_brand":[],"product_cat":[808,811],"product_tag":[],"class_list":{"0":"post-45723","1":"product","2":"type-product","3":"status-publish","4":"has-post-thumbnail","6":"product_cat-tattoo-fr","7":"product_cat-cartouches-universelles","9":"first","10":"instock","11":"taxable","12":"shipping-taxable","13":"purchasable","14":"product-type-variable"},"acf":[],"yoast_head":"<!-- This site is optimized with the Yoast SEO plugin v27.4 - https:\/\/yoast.com\/product\/yoast-seo-wordpress\/ -->\n<title>Round Shader \u00d8 0.25 - Electric Ink\u00ae<\/title>\n<meta name=\"robots\" content=\"index, follow, max-snippet:-1, max-image-preview:large, max-video-preview:-1\" \/>\n<link rel=\"canonical\" href=\"https:\/\/electricink.eu\/fr\/producto\/round-shader-o-0-25\/\" \/>\n<meta property=\"og:locale\" content=\"fr_FR\" \/>\n<meta property=\"og:type\" content=\"article\" \/>\n<meta property=\"og:title\" content=\"Round Shader \u00d8 0.25 - Electric Ink\u00ae\" \/>\n<meta property=\"og:description\" content=\"Cartouches Electric Ink Pro D\u00e9velopp\u00e9es avec un syst\u00e8me de s\u00e9curit\u00e9, son m\u00e9canisme de recul de l\u2019aiguille se distingue par une membrane en silicone au lieu de ressort. Avec ce syst\u00e8me, l\u2019encre, le sang ou d\u2019autres fluides corporels ne peuvent pas refluer dans votre \u00e9quipement, prot\u00e9geant ainsi votre machine et votre client. En plus, un syst\u00e8me de verrouillage r\u00e9sistant emp\u00eache le d\u00e9tachement de la cartouche, le jeu entre l\u2019aiguille et la buse est r\u00e9duit, il y a une plus grande pr\u00e9cision et une perforation plus douce. Les\u00a0Cartouches Electric Ink Pro sont dot\u00e9es d\u2019aiguilles super long taper #08 (0,25 mm), avec un corps plus fin, une bonne option pour le Fine Line, le R\u00e9alisme, le Noir\/Gris et le Blackwork.\" \/>\n<meta property=\"og:url\" content=\"https:\/\/electricink.eu\/fr\/producto\/round-shader-o-0-25\/\" \/>\n<meta property=\"og:site_name\" content=\"Electric Ink\u00ae\" \/>\n<meta property=\"article:modified_time\" content=\"2026-03-04T13:53:41+00:00\" \/>\n<meta property=\"og:image\" content=\"https:\/\/electricink.eu\/wp-content\/uploads\/2025\/08\/Cartucho-tattoo-Electric-Ink-Round_Shader_025.jpg\" \/>\n\t<meta property=\"og:image:width\" content=\"1080\" \/>\n\t<meta property=\"og:image:height\" content=\"1080\" \/>\n\t<meta property=\"og:image:type\" content=\"image\/jpeg\" \/>\n<meta name=\"twitter:card\" content=\"summary_large_image\" \/>\n<meta name=\"twitter:label1\" content=\"Dur\u00e9e de lecture estim\u00e9e\" \/>\n\t<meta name=\"twitter:data1\" content=\"1 minute\" \/>\n<script type=\"application\/ld+json\" class=\"yoast-schema-graph\">{\"@context\":\"https:\\\/\\\/schema.org\",\"@graph\":[{\"@type\":\"WebPage\",\"@id\":\"https:\\\/\\\/electricink.eu\\\/fr\\\/producto\\\/round-shader-o-0-25\\\/\",\"url\":\"https:\\\/\\\/electricink.eu\\\/fr\\\/producto\\\/round-shader-o-0-25\\\/\",\"name\":\"Round Shader \u00d8 0.25 - Electric Ink\u00ae\",\"isPartOf\":{\"@id\":\"https:\\\/\\\/electricink.eu\\\/#website\"},\"primaryImageOfPage\":{\"@id\":\"https:\\\/\\\/electricink.eu\\\/fr\\\/producto\\\/round-shader-o-0-25\\\/#primaryimage\"},\"image\":{\"@id\":\"https:\\\/\\\/electricink.eu\\\/fr\\\/producto\\\/round-shader-o-0-25\\\/#primaryimage\"},\"thumbnailUrl\":\"https:\\\/\\\/electricink.eu\\\/wp-content\\\/uploads\\\/2025\\\/08\\\/Cartucho-tattoo-Electric-Ink-Round_Shader_025.jpg\",\"datePublished\":\"2025-04-11T15:29:27+00:00\",\"dateModified\":\"2026-03-04T13:53:41+00:00\",\"breadcrumb\":{\"@id\":\"https:\\\/\\\/electricink.eu\\\/fr\\\/producto\\\/round-shader-o-0-25\\\/#breadcrumb\"},\"inLanguage\":\"fr-FR\",\"potentialAction\":[{\"@type\":\"ReadAction\",\"target\":[\"https:\\\/\\\/electricink.eu\\\/fr\\\/producto\\\/round-shader-o-0-25\\\/\"]}]},{\"@type\":\"ImageObject\",\"inLanguage\":\"fr-FR\",\"@id\":\"https:\\\/\\\/electricink.eu\\\/fr\\\/producto\\\/round-shader-o-0-25\\\/#primaryimage\",\"url\":\"https:\\\/\\\/electricink.eu\\\/wp-content\\\/uploads\\\/2025\\\/08\\\/Cartucho-tattoo-Electric-Ink-Round_Shader_025.jpg\",\"contentUrl\":\"https:\\\/\\\/electricink.eu\\\/wp-content\\\/uploads\\\/2025\\\/08\\\/Cartucho-tattoo-Electric-Ink-Round_Shader_025.jpg\",\"width\":1080,\"height\":1080},{\"@type\":\"BreadcrumbList\",\"@id\":\"https:\\\/\\\/electricink.eu\\\/fr\\\/producto\\\/round-shader-o-0-25\\\/#breadcrumb\",\"itemListElement\":[{\"@type\":\"ListItem\",\"position\":1,\"name\":\"Portada\",\"item\":\"https:\\\/\\\/electricink.eu\\\/fr\\\/home\\\/\"},{\"@type\":\"ListItem\",\"position\":2,\"name\":\"Boutique\",\"item\":\"https:\\\/\\\/electricink.eu\\\/tienda\\\/\"},{\"@type\":\"ListItem\",\"position\":3,\"name\":\"Round Shader \u00d8 0.25\"}]},{\"@type\":\"WebSite\",\"@id\":\"https:\\\/\\\/electricink.eu\\\/#website\",\"url\":\"https:\\\/\\\/electricink.eu\\\/\",\"name\":\"Electric Ink\u00ae\",\"description\":\"Material para Tatuar Profesional en Europa - Electric Ink\u00ae\",\"potentialAction\":[{\"@type\":\"SearchAction\",\"target\":{\"@type\":\"EntryPoint\",\"urlTemplate\":\"https:\\\/\\\/electricink.eu\\\/?s={search_term_string}\"},\"query-input\":{\"@type\":\"PropertyValueSpecification\",\"valueRequired\":true,\"valueName\":\"search_term_string\"}}],\"inLanguage\":\"fr-FR\"}]}<\/script>\n<!-- \/ Yoast SEO plugin. -->","yoast_head_json":{"title":"Round Shader \u00d8 0.25 - Electric Ink\u00ae","robots":{"index":"index","follow":"follow","max-snippet":"max-snippet:-1","max-image-preview":"max-image-preview:large","max-video-preview":"max-video-preview:-1"},"canonical":"https:\/\/electricink.eu\/fr\/producto\/round-shader-o-0-25\/","og_locale":"fr_FR","og_type":"article","og_title":"Round Shader \u00d8 0.25 - Electric Ink\u00ae","og_description":"Cartouches Electric Ink Pro D\u00e9velopp\u00e9es avec un syst\u00e8me de s\u00e9curit\u00e9, son m\u00e9canisme de recul de l\u2019aiguille se distingue par une membrane en silicone au lieu de ressort. Avec ce syst\u00e8me, l\u2019encre, le sang ou d\u2019autres fluides corporels ne peuvent pas refluer dans votre \u00e9quipement, prot\u00e9geant ainsi votre machine et votre client. En plus, un syst\u00e8me de verrouillage r\u00e9sistant emp\u00eache le d\u00e9tachement de la cartouche, le jeu entre l\u2019aiguille et la buse est r\u00e9duit, il y a une plus grande pr\u00e9cision et une perforation plus douce. Les\u00a0Cartouches Electric Ink Pro sont dot\u00e9es d\u2019aiguilles super long taper #08 (0,25 mm), avec un corps plus fin, une bonne option pour le Fine Line, le R\u00e9alisme, le Noir\/Gris et le Blackwork.","og_url":"https:\/\/electricink.eu\/fr\/producto\/round-shader-o-0-25\/","og_site_name":"Electric Ink\u00ae","article_modified_time":"2026-03-04T13:53:41+00:00","og_image":[{"width":1080,"height":1080,"url":"https:\/\/electricink.eu\/wp-content\/uploads\/2025\/08\/Cartucho-tattoo-Electric-Ink-Round_Shader_025.jpg","type":"image\/jpeg"}],"twitter_card":"summary_large_image","twitter_misc":{"Dur\u00e9e de lecture estim\u00e9e":"1 minute"},"schema":{"@context":"https:\/\/schema.org","@graph":[{"@type":"WebPage","@id":"https:\/\/electricink.eu\/fr\/producto\/round-shader-o-0-25\/","url":"https:\/\/electricink.eu\/fr\/producto\/round-shader-o-0-25\/","name":"Round Shader \u00d8 0.25 - Electric Ink\u00ae","isPartOf":{"@id":"https:\/\/electricink.eu\/#website"},"primaryImageOfPage":{"@id":"https:\/\/electricink.eu\/fr\/producto\/round-shader-o-0-25\/#primaryimage"},"image":{"@id":"https:\/\/electricink.eu\/fr\/producto\/round-shader-o-0-25\/#primaryimage"},"thumbnailUrl":"https:\/\/electricink.eu\/wp-content\/uploads\/2025\/08\/Cartucho-tattoo-Electric-Ink-Round_Shader_025.jpg","datePublished":"2025-04-11T15:29:27+00:00","dateModified":"2026-03-04T13:53:41+00:00","breadcrumb":{"@id":"https:\/\/electricink.eu\/fr\/producto\/round-shader-o-0-25\/#breadcrumb"},"inLanguage":"fr-FR","potentialAction":[{"@type":"ReadAction","target":["https:\/\/electricink.eu\/fr\/producto\/round-shader-o-0-25\/"]}]},{"@type":"ImageObject","inLanguage":"fr-FR","@id":"https:\/\/electricink.eu\/fr\/producto\/round-shader-o-0-25\/#primaryimage","url":"https:\/\/electricink.eu\/wp-content\/uploads\/2025\/08\/Cartucho-tattoo-Electric-Ink-Round_Shader_025.jpg","contentUrl":"https:\/\/electricink.eu\/wp-content\/uploads\/2025\/08\/Cartucho-tattoo-Electric-Ink-Round_Shader_025.jpg","width":1080,"height":1080},{"@type":"BreadcrumbList","@id":"https:\/\/electricink.eu\/fr\/producto\/round-shader-o-0-25\/#breadcrumb","itemListElement":[{"@type":"ListItem","position":1,"name":"Portada","item":"https:\/\/electricink.eu\/fr\/home\/"},{"@type":"ListItem","position":2,"name":"Boutique","item":"https:\/\/electricink.eu\/tienda\/"},{"@type":"ListItem","position":3,"name":"Round Shader \u00d8 0.25"}]},{"@type":"WebSite","@id":"https:\/\/electricink.eu\/#website","url":"https:\/\/electricink.eu\/","name":"Electric Ink\u00ae","description":"Material para Tatuar Profesional en Europa - Electric Ink\u00ae","potentialAction":[{"@type":"SearchAction","target":{"@type":"EntryPoint","urlTemplate":"https:\/\/electricink.eu\/?s={search_term_string}"},"query-input":{"@type":"PropertyValueSpecification","valueRequired":true,"valueName":"search_term_string"}}],"inLanguage":"fr-FR"}]}},"_links":{"self":[{"href":"https:\/\/electricink.eu\/fr\/wp-json\/wp\/v2\/product\/45723","targetHints":{"allow":["GET"]}}],"collection":[{"href":"https:\/\/electricink.eu\/fr\/wp-json\/wp\/v2\/product"}],"about":[{"href":"https:\/\/electricink.eu\/fr\/wp-json\/wp\/v2\/types\/product"}],"replies":[{"embeddable":true,"href":"https:\/\/electricink.eu\/fr\/wp-json\/wp\/v2\/comments?post=45723"}],"wp:featuredmedia":[{"embeddable":true,"href":"https:\/\/electricink.eu\/fr\/wp-json\/wp\/v2\/media\/45567"}],"wp:attachment":[{"href":"https:\/\/electricink.eu\/fr\/wp-json\/wp\/v2\/media?parent=45723"}],"wp:term":[{"taxonomy":"product_brand","embeddable":true,"href":"https:\/\/electricink.eu\/fr\/wp-json\/wp\/v2\/product_brand?post=45723"},{"taxonomy":"product_cat","embeddable":true,"href":"https:\/\/electricink.eu\/fr\/wp-json\/wp\/v2\/product_cat?post=45723"},{"taxonomy":"product_tag","embeddable":true,"href":"https:\/\/electricink.eu\/fr\/wp-json\/wp\/v2\/product_tag?post=45723"}],"curies":[{"name":"wp","href":"https:\/\/api.w.org\/{rel}","templated":true}]}}