{"id":46270,"date":"2026-02-13T18:17:25","date_gmt":"2026-02-13T17:17:25","guid":{"rendered":"https:\/\/electricink.eu\/?post_type=product&#038;p=46270"},"modified":"2026-03-06T14:55:05","modified_gmt":"2026-03-06T13:55:05","slug":"rasuradora-2-hojas-negra-caja-100un","status":"publish","type":"product","link":"https:\/\/electricink.eu\/fr\/producto\/rasuradora-2-hojas-negra-caja-100un\/","title":{"rendered":"Rasuradora 2 hojas Negra caja 100un"},"content":{"rendered":"<p><strong>CaJa:<\/strong> 100 Unidades<\/p>\n<p><strong>Color:<\/strong> Negro<\/p>\n<p><strong>Cantidad de laminas:<\/strong> 2<\/p>\n","protected":false},"excerpt":{"rendered":"<p>Rasuradora desechable negra, de 2 hojas.<\/p>\n<p>Ideal para el rasurado del vello previo a la aplicaci\u00f3n del tattoo, micropigmentaci\u00f3n, despigmentaci\u00f3n l\u00e1ser.<\/p>\n<ul>\n<li>Rasurado muy suave.<\/li>\n<li>Libre de l\u00e1tex.<\/li>\n<li>Producto No est\u00e9ril.<\/li>\n<\/ul>\n","protected":false},"featured_media":46275,"comment_status":"closed","ping_status":"closed","template":"","meta":{"_acf_changed":false,"_et_pb_use_builder":"","_et_pb_old_content":"","_et_gb_content_width":"","inline_featured_image":false},"product_brand":[],"product_cat":[1168,1169,111],"product_tag":[],"class_list":{"0":"post-46270","1":"product","2":"type-product","3":"status-publish","4":"has-post-thumbnail","6":"product_cat-desechables","7":"product_cat-higiene-desinfeccion","8":"product_cat-consumibles","10":"first","11":"instock","12":"taxable","13":"shipping-taxable","14":"purchasable","15":"product-type-simple"},"acf":[],"yoast_head":"<!-- This site is optimized with the Yoast SEO plugin v27.4 - https:\/\/yoast.com\/product\/yoast-seo-wordpress\/ -->\n<title>Rasuradora 2 hojas Negra caja 100un - Electric Ink\u00ae<\/title>\n<meta name=\"description\" content=\"Rasuradora desechable negra, de 2 hojas. Ideal para el rasurado del vello previo a la aplicaci\u00f3n del tattoo, micropigmentaci\u00f3n, despigmentaci\u00f3n l\u00e1ser.\" \/>\n<meta name=\"robots\" content=\"index, follow, max-snippet:-1, max-image-preview:large, max-video-preview:-1\" \/>\n<link rel=\"canonical\" href=\"https:\/\/electricink.eu\/producto\/rasuradora-2-hojas-negra-caja-100un\/\" \/>\n<meta property=\"og:locale\" content=\"fr_FR\" \/>\n<meta property=\"og:type\" content=\"article\" \/>\n<meta property=\"og:title\" content=\"Rasuradora 2 hojas Negra caja 100un - Electric Ink\u00ae\" \/>\n<meta property=\"og:description\" content=\"Rasuradora desechable negra, de 2 hojas. Ideal para el rasurado del vello previo a la aplicaci\u00f3n del tattoo, micropigmentaci\u00f3n, despigmentaci\u00f3n l\u00e1ser.\" \/>\n<meta property=\"og:url\" content=\"https:\/\/electricink.eu\/producto\/rasuradora-2-hojas-negra-caja-100un\/\" \/>\n<meta property=\"og:site_name\" content=\"Electric Ink\u00ae\" \/>\n<meta property=\"article:modified_time\" content=\"2026-03-06T13:55:05+00:00\" \/>\n<meta property=\"og:image\" content=\"https:\/\/electricink.eu\/wp-content\/uploads\/2026\/02\/Rasuradora-Negra-2-hojas.png\" \/>\n\t<meta property=\"og:image:width\" content=\"928\" \/>\n\t<meta property=\"og:image:height\" content=\"1120\" \/>\n\t<meta property=\"og:image:type\" content=\"image\/png\" \/>\n<meta name=\"twitter:card\" content=\"summary_large_image\" \/>\n<meta name=\"twitter:label1\" content=\"Dur\u00e9e de lecture estim\u00e9e\" \/>\n\t<meta name=\"twitter:data1\" content=\"1 minute\" \/>\n<script type=\"application\/ld+json\" class=\"yoast-schema-graph\">{\"@context\":\"https:\\\/\\\/schema.org\",\"@graph\":[{\"@type\":\"WebPage\",\"@id\":\"https:\\\/\\\/electricink.eu\\\/producto\\\/rasuradora-2-hojas-negra-caja-100un\\\/\",\"url\":\"https:\\\/\\\/electricink.eu\\\/producto\\\/rasuradora-2-hojas-negra-caja-100un\\\/\",\"name\":\"Rasuradora 2 hojas Negra caja 100un - Electric Ink\u00ae\",\"isPartOf\":{\"@id\":\"https:\\\/\\\/electricink.eu\\\/#website\"},\"primaryImageOfPage\":{\"@id\":\"https:\\\/\\\/electricink.eu\\\/producto\\\/rasuradora-2-hojas-negra-caja-100un\\\/#primaryimage\"},\"image\":{\"@id\":\"https:\\\/\\\/electricink.eu\\\/producto\\\/rasuradora-2-hojas-negra-caja-100un\\\/#primaryimage\"},\"thumbnailUrl\":\"https:\\\/\\\/electricink.eu\\\/wp-content\\\/uploads\\\/2026\\\/02\\\/Rasuradora-Negra-2-hojas.png\",\"datePublished\":\"2026-02-13T17:17:25+00:00\",\"dateModified\":\"2026-03-06T13:55:05+00:00\",\"description\":\"Rasuradora desechable negra, de 2 hojas. Ideal para el rasurado del vello previo a la aplicaci\u00f3n del tattoo, micropigmentaci\u00f3n, despigmentaci\u00f3n l\u00e1ser.\",\"breadcrumb\":{\"@id\":\"https:\\\/\\\/electricink.eu\\\/producto\\\/rasuradora-2-hojas-negra-caja-100un\\\/#breadcrumb\"},\"inLanguage\":\"fr-FR\",\"potentialAction\":[{\"@type\":\"ReadAction\",\"target\":[\"https:\\\/\\\/electricink.eu\\\/producto\\\/rasuradora-2-hojas-negra-caja-100un\\\/\"]}]},{\"@type\":\"ImageObject\",\"inLanguage\":\"fr-FR\",\"@id\":\"https:\\\/\\\/electricink.eu\\\/producto\\\/rasuradora-2-hojas-negra-caja-100un\\\/#primaryimage\",\"url\":\"https:\\\/\\\/electricink.eu\\\/wp-content\\\/uploads\\\/2026\\\/02\\\/Rasuradora-Negra-2-hojas.png\",\"contentUrl\":\"https:\\\/\\\/electricink.eu\\\/wp-content\\\/uploads\\\/2026\\\/02\\\/Rasuradora-Negra-2-hojas.png\",\"width\":928,\"height\":1120},{\"@type\":\"BreadcrumbList\",\"@id\":\"https:\\\/\\\/electricink.eu\\\/producto\\\/rasuradora-2-hojas-negra-caja-100un\\\/#breadcrumb\",\"itemListElement\":[{\"@type\":\"ListItem\",\"position\":1,\"name\":\"Portada\",\"item\":\"https:\\\/\\\/electricink.eu\\\/fr\\\/home\\\/\"},{\"@type\":\"ListItem\",\"position\":2,\"name\":\"Boutique\",\"item\":\"https:\\\/\\\/electricink.eu\\\/tienda\\\/\"},{\"@type\":\"ListItem\",\"position\":3,\"name\":\"Rasuradora 2 hojas Negra caja 100un\"}]},{\"@type\":\"WebSite\",\"@id\":\"https:\\\/\\\/electricink.eu\\\/#website\",\"url\":\"https:\\\/\\\/electricink.eu\\\/\",\"name\":\"Electric Ink\u00ae\",\"description\":\"Material para Tatuar Profesional en Europa - Electric Ink\u00ae\",\"potentialAction\":[{\"@type\":\"SearchAction\",\"target\":{\"@type\":\"EntryPoint\",\"urlTemplate\":\"https:\\\/\\\/electricink.eu\\\/?s={search_term_string}\"},\"query-input\":{\"@type\":\"PropertyValueSpecification\",\"valueRequired\":true,\"valueName\":\"search_term_string\"}}],\"inLanguage\":\"fr-FR\"}]}<\/script>\n<!-- \/ Yoast SEO plugin. -->","yoast_head_json":{"title":"Rasuradora 2 hojas Negra caja 100un - Electric Ink\u00ae","description":"Rasuradora desechable negra, de 2 hojas. Ideal para el rasurado del vello previo a la aplicaci\u00f3n del tattoo, micropigmentaci\u00f3n, despigmentaci\u00f3n l\u00e1ser.","robots":{"index":"index","follow":"follow","max-snippet":"max-snippet:-1","max-image-preview":"max-image-preview:large","max-video-preview":"max-video-preview:-1"},"canonical":"https:\/\/electricink.eu\/producto\/rasuradora-2-hojas-negra-caja-100un\/","og_locale":"fr_FR","og_type":"article","og_title":"Rasuradora 2 hojas Negra caja 100un - Electric Ink\u00ae","og_description":"Rasuradora desechable negra, de 2 hojas. Ideal para el rasurado del vello previo a la aplicaci\u00f3n del tattoo, micropigmentaci\u00f3n, despigmentaci\u00f3n l\u00e1ser.","og_url":"https:\/\/electricink.eu\/producto\/rasuradora-2-hojas-negra-caja-100un\/","og_site_name":"Electric Ink\u00ae","article_modified_time":"2026-03-06T13:55:05+00:00","og_image":[{"width":928,"height":1120,"url":"https:\/\/electricink.eu\/wp-content\/uploads\/2026\/02\/Rasuradora-Negra-2-hojas.png","type":"image\/png"}],"twitter_card":"summary_large_image","twitter_misc":{"Dur\u00e9e de lecture estim\u00e9e":"1 minute"},"schema":{"@context":"https:\/\/schema.org","@graph":[{"@type":"WebPage","@id":"https:\/\/electricink.eu\/producto\/rasuradora-2-hojas-negra-caja-100un\/","url":"https:\/\/electricink.eu\/producto\/rasuradora-2-hojas-negra-caja-100un\/","name":"Rasuradora 2 hojas Negra caja 100un - Electric Ink\u00ae","isPartOf":{"@id":"https:\/\/electricink.eu\/#website"},"primaryImageOfPage":{"@id":"https:\/\/electricink.eu\/producto\/rasuradora-2-hojas-negra-caja-100un\/#primaryimage"},"image":{"@id":"https:\/\/electricink.eu\/producto\/rasuradora-2-hojas-negra-caja-100un\/#primaryimage"},"thumbnailUrl":"https:\/\/electricink.eu\/wp-content\/uploads\/2026\/02\/Rasuradora-Negra-2-hojas.png","datePublished":"2026-02-13T17:17:25+00:00","dateModified":"2026-03-06T13:55:05+00:00","description":"Rasuradora desechable negra, de 2 hojas. Ideal para el rasurado del vello previo a la aplicaci\u00f3n del tattoo, micropigmentaci\u00f3n, despigmentaci\u00f3n l\u00e1ser.","breadcrumb":{"@id":"https:\/\/electricink.eu\/producto\/rasuradora-2-hojas-negra-caja-100un\/#breadcrumb"},"inLanguage":"fr-FR","potentialAction":[{"@type":"ReadAction","target":["https:\/\/electricink.eu\/producto\/rasuradora-2-hojas-negra-caja-100un\/"]}]},{"@type":"ImageObject","inLanguage":"fr-FR","@id":"https:\/\/electricink.eu\/producto\/rasuradora-2-hojas-negra-caja-100un\/#primaryimage","url":"https:\/\/electricink.eu\/wp-content\/uploads\/2026\/02\/Rasuradora-Negra-2-hojas.png","contentUrl":"https:\/\/electricink.eu\/wp-content\/uploads\/2026\/02\/Rasuradora-Negra-2-hojas.png","width":928,"height":1120},{"@type":"BreadcrumbList","@id":"https:\/\/electricink.eu\/producto\/rasuradora-2-hojas-negra-caja-100un\/#breadcrumb","itemListElement":[{"@type":"ListItem","position":1,"name":"Portada","item":"https:\/\/electricink.eu\/fr\/home\/"},{"@type":"ListItem","position":2,"name":"Boutique","item":"https:\/\/electricink.eu\/tienda\/"},{"@type":"ListItem","position":3,"name":"Rasuradora 2 hojas Negra caja 100un"}]},{"@type":"WebSite","@id":"https:\/\/electricink.eu\/#website","url":"https:\/\/electricink.eu\/","name":"Electric Ink\u00ae","description":"Material para Tatuar Profesional en Europa - Electric Ink\u00ae","potentialAction":[{"@type":"SearchAction","target":{"@type":"EntryPoint","urlTemplate":"https:\/\/electricink.eu\/?s={search_term_string}"},"query-input":{"@type":"PropertyValueSpecification","valueRequired":true,"valueName":"search_term_string"}}],"inLanguage":"fr-FR"}]}},"_links":{"self":[{"href":"https:\/\/electricink.eu\/fr\/wp-json\/wp\/v2\/product\/46270","targetHints":{"allow":["GET"]}}],"collection":[{"href":"https:\/\/electricink.eu\/fr\/wp-json\/wp\/v2\/product"}],"about":[{"href":"https:\/\/electricink.eu\/fr\/wp-json\/wp\/v2\/types\/product"}],"replies":[{"embeddable":true,"href":"https:\/\/electricink.eu\/fr\/wp-json\/wp\/v2\/comments?post=46270"}],"wp:featuredmedia":[{"embeddable":true,"href":"https:\/\/electricink.eu\/fr\/wp-json\/wp\/v2\/media\/46275"}],"wp:attachment":[{"href":"https:\/\/electricink.eu\/fr\/wp-json\/wp\/v2\/media?parent=46270"}],"wp:term":[{"taxonomy":"product_brand","embeddable":true,"href":"https:\/\/electricink.eu\/fr\/wp-json\/wp\/v2\/product_brand?post=46270"},{"taxonomy":"product_cat","embeddable":true,"href":"https:\/\/electricink.eu\/fr\/wp-json\/wp\/v2\/product_cat?post=46270"},{"taxonomy":"product_tag","embeddable":true,"href":"https:\/\/electricink.eu\/fr\/wp-json\/wp\/v2\/product_tag?post=46270"}],"curies":[{"name":"wp","href":"https:\/\/api.w.org\/{rel}","templated":true}]}}