{"id":46283,"date":"2026-02-13T18:24:41","date_gmt":"2026-02-13T17:24:41","guid":{"rendered":"https:\/\/electricink.eu\/?post_type=product&#038;p=46283"},"modified":"2026-03-24T10:49:32","modified_gmt":"2026-03-24T09:49:32","slug":"film-protector-para-materiales-negro","status":"publish","type":"product","link":"https:\/\/electricink.eu\/fr\/producto\/film-protector-para-materiales-negro\/","title":{"rendered":"Film protector para materiales negro"},"content":{"rendered":"<p><span data-path-to-node=\"7,1,0,0\"><b data-path-to-node=\"7,1,0,0\" data-index-in-node=\"0\">Tama\u00f1o de hoja: <\/b><\/span><span data-path-to-node=\"7,1,1,0\">10 cm x 15 cm<\/span><\/p>\n<p><span data-path-to-node=\"7,3,0,0\"><b data-path-to-node=\"7,3,0,0\" data-index-in-node=\"0\">Contenido; <\/b><\/span><span data-path-to-node=\"7,3,1,0\">1.200 unidades hojas precortadas<\/span><\/p>\n","protected":false},"excerpt":{"rendered":"<p data-path-to-node=\"3\">Protege tu equipo y garantiza un entorno de trabajo est\u00e9ril con la <b data-path-to-node=\"3\" data-index-in-node=\"72\">pel\u00edcula protectora desechable<\/b>. Dise\u00f1ada espec\u00edficamente para evitar la <b data-path-to-node=\"3\" data-index-in-node=\"144\">contaminaci\u00f3n cruzada<\/b>, es la soluci\u00f3n ideal para cubrir Maquinas, fuentes de alimentaci\u00f3n, Botellas, y cualquier material durante la sesi\u00f3n de tatuaje.<\/p>\n<ul data-path-to-node=\"5\">\n<li>\n<p data-path-to-node=\"5,0,0\"><b data-path-to-node=\"5,0,0\" data-index-in-node=\"0\">Higiene y Practicidad:<\/b> Formato en rollo con hojas precortadas.<\/p>\n<\/li>\n<li>\n<p data-path-to-node=\"5,0,0\"><b data-path-to-node=\"5,1,0\" data-index-in-node=\"0\">Sin Residuos:<\/b> Adhesivo de alta calidad que se mantiene firme durante el trabajo, pero <b data-path-to-node=\"5,1,0\" data-index-in-node=\"86\">no deja restos pegajosos<\/b> al retirarlo.<\/p>\n<\/li>\n<li>\n<p data-path-to-node=\"5,2,0\"><b data-path-to-node=\"5,2,0\" data-index-in-node=\"0\">Visibilidad Total:<\/b> Acabado semitransparente que permite visualizar y manipular f\u00e1cilmente los controles o botones del equipo cubierto.<\/p>\n<\/li>\n<li>\n<p data-path-to-node=\"5,3,0\"><b data-path-to-node=\"5,3,0\" data-index-in-node=\"0\">F\u00e1cil Aplicaci\u00f3n:<\/b> Se adapta a superficies irregulares con total sencillez.<\/p>\n<\/li>\n<\/ul>\n","protected":false},"featured_media":46296,"comment_status":"closed","ping_status":"closed","template":"","meta":{"_acf_changed":false,"_et_pb_use_builder":"","_et_pb_old_content":"","_et_gb_content_width":"","inline_featured_image":false},"product_brand":[],"product_cat":[1168,1169,111],"product_tag":[],"class_list":{"0":"post-46283","1":"product","2":"type-product","3":"status-publish","4":"has-post-thumbnail","6":"product_cat-desechables","7":"product_cat-higiene-desinfeccion","8":"product_cat-consumibles","10":"first","11":"instock","12":"taxable","13":"shipping-taxable","14":"purchasable","15":"product-type-simple"},"acf":[],"yoast_head":"<!-- This site is optimized with the Yoast SEO plugin v27.4 - https:\/\/yoast.com\/product\/yoast-seo-wordpress\/ -->\n<title>Film protector para materiales negro - Electric Ink\u00ae<\/title>\n<meta name=\"description\" content=\"Protege tu equipo y garantiza un entorno de trabajo est\u00e9ril con la pel\u00edcula protectora desechable. Espec\u00edficamente para evitar la contaminaci\u00f3n cruzada.\" \/>\n<meta name=\"robots\" content=\"index, follow, max-snippet:-1, max-image-preview:large, max-video-preview:-1\" \/>\n<link rel=\"canonical\" href=\"https:\/\/electricink.eu\/producto\/film-protector-para-materiales-negro\/\" \/>\n<meta property=\"og:locale\" content=\"fr_FR\" \/>\n<meta property=\"og:type\" content=\"article\" \/>\n<meta property=\"og:title\" content=\"Film protector para materiales negro - Electric Ink\u00ae\" \/>\n<meta property=\"og:description\" content=\"Protege tu equipo y garantiza un entorno de trabajo est\u00e9ril con la pel\u00edcula protectora desechable. Espec\u00edficamente para evitar la contaminaci\u00f3n cruzada.\" \/>\n<meta property=\"og:url\" content=\"https:\/\/electricink.eu\/producto\/film-protector-para-materiales-negro\/\" \/>\n<meta property=\"og:site_name\" content=\"Electric Ink\u00ae\" \/>\n<meta property=\"article:modified_time\" content=\"2026-03-24T09:49:32+00:00\" \/>\n<meta property=\"og:image\" content=\"https:\/\/electricink.eu\/wp-content\/uploads\/2026\/02\/Film-protector-barrier-negro.png\" \/>\n\t<meta property=\"og:image:width\" content=\"1024\" \/>\n\t<meta property=\"og:image:height\" content=\"1024\" \/>\n\t<meta property=\"og:image:type\" content=\"image\/png\" \/>\n<meta name=\"twitter:card\" content=\"summary_large_image\" \/>\n<meta name=\"twitter:label1\" content=\"Dur\u00e9e de lecture estim\u00e9e\" \/>\n\t<meta name=\"twitter:data1\" content=\"1 minute\" \/>\n<script type=\"application\/ld+json\" class=\"yoast-schema-graph\">{\"@context\":\"https:\\\/\\\/schema.org\",\"@graph\":[{\"@type\":\"WebPage\",\"@id\":\"https:\\\/\\\/electricink.eu\\\/producto\\\/film-protector-para-materiales-negro\\\/\",\"url\":\"https:\\\/\\\/electricink.eu\\\/producto\\\/film-protector-para-materiales-negro\\\/\",\"name\":\"Film protector para materiales negro - Electric Ink\u00ae\",\"isPartOf\":{\"@id\":\"https:\\\/\\\/electricink.eu\\\/#website\"},\"primaryImageOfPage\":{\"@id\":\"https:\\\/\\\/electricink.eu\\\/producto\\\/film-protector-para-materiales-negro\\\/#primaryimage\"},\"image\":{\"@id\":\"https:\\\/\\\/electricink.eu\\\/producto\\\/film-protector-para-materiales-negro\\\/#primaryimage\"},\"thumbnailUrl\":\"https:\\\/\\\/electricink.eu\\\/wp-content\\\/uploads\\\/2026\\\/02\\\/Film-protector-barrier-negro.png\",\"datePublished\":\"2026-02-13T17:24:41+00:00\",\"dateModified\":\"2026-03-24T09:49:32+00:00\",\"description\":\"Protege tu equipo y garantiza un entorno de trabajo est\u00e9ril con la pel\u00edcula protectora desechable. Espec\u00edficamente para evitar la contaminaci\u00f3n cruzada.\",\"breadcrumb\":{\"@id\":\"https:\\\/\\\/electricink.eu\\\/producto\\\/film-protector-para-materiales-negro\\\/#breadcrumb\"},\"inLanguage\":\"fr-FR\",\"potentialAction\":[{\"@type\":\"ReadAction\",\"target\":[\"https:\\\/\\\/electricink.eu\\\/producto\\\/film-protector-para-materiales-negro\\\/\"]}]},{\"@type\":\"ImageObject\",\"inLanguage\":\"fr-FR\",\"@id\":\"https:\\\/\\\/electricink.eu\\\/producto\\\/film-protector-para-materiales-negro\\\/#primaryimage\",\"url\":\"https:\\\/\\\/electricink.eu\\\/wp-content\\\/uploads\\\/2026\\\/02\\\/Film-protector-barrier-negro.png\",\"contentUrl\":\"https:\\\/\\\/electricink.eu\\\/wp-content\\\/uploads\\\/2026\\\/02\\\/Film-protector-barrier-negro.png\",\"width\":1024,\"height\":1024},{\"@type\":\"BreadcrumbList\",\"@id\":\"https:\\\/\\\/electricink.eu\\\/producto\\\/film-protector-para-materiales-negro\\\/#breadcrumb\",\"itemListElement\":[{\"@type\":\"ListItem\",\"position\":1,\"name\":\"Portada\",\"item\":\"https:\\\/\\\/electricink.eu\\\/fr\\\/home\\\/\"},{\"@type\":\"ListItem\",\"position\":2,\"name\":\"Boutique\",\"item\":\"https:\\\/\\\/electricink.eu\\\/tienda\\\/\"},{\"@type\":\"ListItem\",\"position\":3,\"name\":\"Film protector para materiales negro\"}]},{\"@type\":\"WebSite\",\"@id\":\"https:\\\/\\\/electricink.eu\\\/#website\",\"url\":\"https:\\\/\\\/electricink.eu\\\/\",\"name\":\"Electric Ink\u00ae\",\"description\":\"Material para Tatuar Profesional en Europa - Electric Ink\u00ae\",\"potentialAction\":[{\"@type\":\"SearchAction\",\"target\":{\"@type\":\"EntryPoint\",\"urlTemplate\":\"https:\\\/\\\/electricink.eu\\\/?s={search_term_string}\"},\"query-input\":{\"@type\":\"PropertyValueSpecification\",\"valueRequired\":true,\"valueName\":\"search_term_string\"}}],\"inLanguage\":\"fr-FR\"}]}<\/script>\n<!-- \/ Yoast SEO plugin. -->","yoast_head_json":{"title":"Film protector para materiales negro - Electric Ink\u00ae","description":"Protege tu equipo y garantiza un entorno de trabajo est\u00e9ril con la pel\u00edcula protectora desechable. Espec\u00edficamente para evitar la contaminaci\u00f3n cruzada.","robots":{"index":"index","follow":"follow","max-snippet":"max-snippet:-1","max-image-preview":"max-image-preview:large","max-video-preview":"max-video-preview:-1"},"canonical":"https:\/\/electricink.eu\/producto\/film-protector-para-materiales-negro\/","og_locale":"fr_FR","og_type":"article","og_title":"Film protector para materiales negro - Electric Ink\u00ae","og_description":"Protege tu equipo y garantiza un entorno de trabajo est\u00e9ril con la pel\u00edcula protectora desechable. Espec\u00edficamente para evitar la contaminaci\u00f3n cruzada.","og_url":"https:\/\/electricink.eu\/producto\/film-protector-para-materiales-negro\/","og_site_name":"Electric Ink\u00ae","article_modified_time":"2026-03-24T09:49:32+00:00","og_image":[{"width":1024,"height":1024,"url":"https:\/\/electricink.eu\/wp-content\/uploads\/2026\/02\/Film-protector-barrier-negro.png","type":"image\/png"}],"twitter_card":"summary_large_image","twitter_misc":{"Dur\u00e9e de lecture estim\u00e9e":"1 minute"},"schema":{"@context":"https:\/\/schema.org","@graph":[{"@type":"WebPage","@id":"https:\/\/electricink.eu\/producto\/film-protector-para-materiales-negro\/","url":"https:\/\/electricink.eu\/producto\/film-protector-para-materiales-negro\/","name":"Film protector para materiales negro - Electric Ink\u00ae","isPartOf":{"@id":"https:\/\/electricink.eu\/#website"},"primaryImageOfPage":{"@id":"https:\/\/electricink.eu\/producto\/film-protector-para-materiales-negro\/#primaryimage"},"image":{"@id":"https:\/\/electricink.eu\/producto\/film-protector-para-materiales-negro\/#primaryimage"},"thumbnailUrl":"https:\/\/electricink.eu\/wp-content\/uploads\/2026\/02\/Film-protector-barrier-negro.png","datePublished":"2026-02-13T17:24:41+00:00","dateModified":"2026-03-24T09:49:32+00:00","description":"Protege tu equipo y garantiza un entorno de trabajo est\u00e9ril con la pel\u00edcula protectora desechable. Espec\u00edficamente para evitar la contaminaci\u00f3n cruzada.","breadcrumb":{"@id":"https:\/\/electricink.eu\/producto\/film-protector-para-materiales-negro\/#breadcrumb"},"inLanguage":"fr-FR","potentialAction":[{"@type":"ReadAction","target":["https:\/\/electricink.eu\/producto\/film-protector-para-materiales-negro\/"]}]},{"@type":"ImageObject","inLanguage":"fr-FR","@id":"https:\/\/electricink.eu\/producto\/film-protector-para-materiales-negro\/#primaryimage","url":"https:\/\/electricink.eu\/wp-content\/uploads\/2026\/02\/Film-protector-barrier-negro.png","contentUrl":"https:\/\/electricink.eu\/wp-content\/uploads\/2026\/02\/Film-protector-barrier-negro.png","width":1024,"height":1024},{"@type":"BreadcrumbList","@id":"https:\/\/electricink.eu\/producto\/film-protector-para-materiales-negro\/#breadcrumb","itemListElement":[{"@type":"ListItem","position":1,"name":"Portada","item":"https:\/\/electricink.eu\/fr\/home\/"},{"@type":"ListItem","position":2,"name":"Boutique","item":"https:\/\/electricink.eu\/tienda\/"},{"@type":"ListItem","position":3,"name":"Film protector para materiales negro"}]},{"@type":"WebSite","@id":"https:\/\/electricink.eu\/#website","url":"https:\/\/electricink.eu\/","name":"Electric Ink\u00ae","description":"Material para Tatuar Profesional en Europa - Electric Ink\u00ae","potentialAction":[{"@type":"SearchAction","target":{"@type":"EntryPoint","urlTemplate":"https:\/\/electricink.eu\/?s={search_term_string}"},"query-input":{"@type":"PropertyValueSpecification","valueRequired":true,"valueName":"search_term_string"}}],"inLanguage":"fr-FR"}]}},"_links":{"self":[{"href":"https:\/\/electricink.eu\/fr\/wp-json\/wp\/v2\/product\/46283","targetHints":{"allow":["GET"]}}],"collection":[{"href":"https:\/\/electricink.eu\/fr\/wp-json\/wp\/v2\/product"}],"about":[{"href":"https:\/\/electricink.eu\/fr\/wp-json\/wp\/v2\/types\/product"}],"replies":[{"embeddable":true,"href":"https:\/\/electricink.eu\/fr\/wp-json\/wp\/v2\/comments?post=46283"}],"wp:featuredmedia":[{"embeddable":true,"href":"https:\/\/electricink.eu\/fr\/wp-json\/wp\/v2\/media\/46296"}],"wp:attachment":[{"href":"https:\/\/electricink.eu\/fr\/wp-json\/wp\/v2\/media?parent=46283"}],"wp:term":[{"taxonomy":"product_brand","embeddable":true,"href":"https:\/\/electricink.eu\/fr\/wp-json\/wp\/v2\/product_brand?post=46283"},{"taxonomy":"product_cat","embeddable":true,"href":"https:\/\/electricink.eu\/fr\/wp-json\/wp\/v2\/product_cat?post=46283"},{"taxonomy":"product_tag","embeddable":true,"href":"https:\/\/electricink.eu\/fr\/wp-json\/wp\/v2\/product_tag?post=46283"}],"curies":[{"name":"wp","href":"https:\/\/api.w.org\/{rel}","templated":true}]}}