{"id":46300,"date":"2026-02-13T18:54:01","date_gmt":"2026-02-13T17:54:01","guid":{"rendered":"https:\/\/electricink.eu\/?post_type=product&#038;p=46300"},"modified":"2026-02-19T18:52:15","modified_gmt":"2026-02-19T17:52:15","slug":"film-plastico-pvc-transparente-25-metros","status":"publish","type":"product","link":"https:\/\/electricink.eu\/fr\/producto\/film-plastico-pvc-transparente-25-metros\/","title":{"rendered":"Film pl\u00e1stico PVC transparente 25 metros"},"content":{"rendered":"<p><span data-path-to-node=\"7,1,0,0\"><b data-path-to-node=\"7,1,0,0\" data-index-in-node=\"0\">Tama\u00f1o de hoja: <\/b>30 <\/span><span data-path-to-node=\"7,1,1,0\">cent\u00edmetros x 25 Metros<\/span><\/p>\n<p><span data-path-to-node=\"7,3,0,0\"><b data-path-to-node=\"7,3,0,0\" data-index-in-node=\"0\">Contenido: 1<\/b><\/span><span data-path-to-node=\"7,3,1,0\"> unidades<\/span><\/p>\n","protected":false},"excerpt":{"rendered":"<p data-path-to-node=\"3\">Protege tu equipo y garantiza un entorno de trabajo est\u00e9ril con un film osm\u00f3tico transparentes y evitar la contaminaci\u00f3n de materiales durante la sesi\u00f3n de tatuaje.<\/p>\n<ul data-path-to-node=\"5\">\n<li>\n<p data-path-to-node=\"5,0,0\"><b data-path-to-node=\"5,0,0\" data-index-in-node=\"0\">Higiene y Practicidad:<\/b> Formato en rollo de 25 metros<\/p>\n<\/li>\n<li><b data-path-to-node=\"5,3,0\" data-index-in-node=\"0\">F\u00e1cil Aplicaci\u00f3n:<\/b> Se adapta a superficies irregulares con total sencillez.<\/li>\n<\/ul>\n","protected":false},"featured_media":46305,"comment_status":"closed","ping_status":"closed","template":"","meta":{"_acf_changed":false,"_et_pb_use_builder":"","_et_pb_old_content":"","_et_gb_content_width":"","inline_featured_image":false},"product_brand":[],"product_cat":[1168,1169,111],"product_tag":[],"class_list":{"0":"post-46300","1":"product","2":"type-product","3":"status-publish","4":"has-post-thumbnail","6":"product_cat-desechables","7":"product_cat-higiene-desinfeccion","8":"product_cat-consumibles","10":"first","11":"outofstock","12":"taxable","13":"shipping-taxable","14":"purchasable","15":"product-type-simple"},"acf":[],"yoast_head":"<!-- This site is optimized with the Yoast SEO plugin v27.4 - https:\/\/yoast.com\/product\/yoast-seo-wordpress\/ -->\n<title>Film pl\u00e1stico PVC transparente 25 metros - Electric Ink\u00ae<\/title>\n<meta name=\"description\" content=\"Protege tu equipo y garantiza un entorno de trabajo est\u00e9ril con un film osm\u00f3tico transparentes y evitar la contaminaci\u00f3n de materiales.\" \/>\n<meta name=\"robots\" content=\"index, follow, max-snippet:-1, max-image-preview:large, max-video-preview:-1\" \/>\n<link rel=\"canonical\" href=\"https:\/\/electricink.eu\/producto\/film-plastico-pvc-transparente-25-metros\/\" \/>\n<meta property=\"og:locale\" content=\"fr_FR\" \/>\n<meta property=\"og:type\" content=\"article\" \/>\n<meta property=\"og:title\" content=\"Film pl\u00e1stico PVC transparente 25 metros - Electric Ink\u00ae\" \/>\n<meta property=\"og:description\" content=\"Protege tu equipo y garantiza un entorno de trabajo est\u00e9ril con un film osm\u00f3tico transparentes y evitar la contaminaci\u00f3n de materiales.\" \/>\n<meta property=\"og:url\" content=\"https:\/\/electricink.eu\/producto\/film-plastico-pvc-transparente-25-metros\/\" \/>\n<meta property=\"og:site_name\" content=\"Electric Ink\u00ae\" \/>\n<meta property=\"article:modified_time\" content=\"2026-02-19T17:52:15+00:00\" \/>\n<meta property=\"og:image\" content=\"https:\/\/electricink.eu\/wp-content\/uploads\/2026\/02\/filmrollo2.jpg\" \/>\n\t<meta property=\"og:image:width\" content=\"640\" \/>\n\t<meta property=\"og:image:height\" content=\"480\" \/>\n\t<meta property=\"og:image:type\" content=\"image\/jpeg\" \/>\n<meta name=\"twitter:card\" content=\"summary_large_image\" \/>\n<meta name=\"twitter:label1\" content=\"Dur\u00e9e de lecture estim\u00e9e\" \/>\n\t<meta name=\"twitter:data1\" content=\"1 minute\" \/>\n<script type=\"application\/ld+json\" class=\"yoast-schema-graph\">{\"@context\":\"https:\\\/\\\/schema.org\",\"@graph\":[{\"@type\":\"WebPage\",\"@id\":\"https:\\\/\\\/electricink.eu\\\/producto\\\/film-plastico-pvc-transparente-25-metros\\\/\",\"url\":\"https:\\\/\\\/electricink.eu\\\/producto\\\/film-plastico-pvc-transparente-25-metros\\\/\",\"name\":\"Film pl\u00e1stico PVC transparente 25 metros - Electric Ink\u00ae\",\"isPartOf\":{\"@id\":\"https:\\\/\\\/electricink.eu\\\/#website\"},\"primaryImageOfPage\":{\"@id\":\"https:\\\/\\\/electricink.eu\\\/producto\\\/film-plastico-pvc-transparente-25-metros\\\/#primaryimage\"},\"image\":{\"@id\":\"https:\\\/\\\/electricink.eu\\\/producto\\\/film-plastico-pvc-transparente-25-metros\\\/#primaryimage\"},\"thumbnailUrl\":\"https:\\\/\\\/electricink.eu\\\/wp-content\\\/uploads\\\/2026\\\/02\\\/filmrollo2.jpg\",\"datePublished\":\"2026-02-13T17:54:01+00:00\",\"dateModified\":\"2026-02-19T17:52:15+00:00\",\"description\":\"Protege tu equipo y garantiza un entorno de trabajo est\u00e9ril con un film osm\u00f3tico transparentes y evitar la contaminaci\u00f3n de materiales.\",\"breadcrumb\":{\"@id\":\"https:\\\/\\\/electricink.eu\\\/producto\\\/film-plastico-pvc-transparente-25-metros\\\/#breadcrumb\"},\"inLanguage\":\"fr-FR\",\"potentialAction\":[{\"@type\":\"ReadAction\",\"target\":[\"https:\\\/\\\/electricink.eu\\\/producto\\\/film-plastico-pvc-transparente-25-metros\\\/\"]}]},{\"@type\":\"ImageObject\",\"inLanguage\":\"fr-FR\",\"@id\":\"https:\\\/\\\/electricink.eu\\\/producto\\\/film-plastico-pvc-transparente-25-metros\\\/#primaryimage\",\"url\":\"https:\\\/\\\/electricink.eu\\\/wp-content\\\/uploads\\\/2026\\\/02\\\/filmrollo2.jpg\",\"contentUrl\":\"https:\\\/\\\/electricink.eu\\\/wp-content\\\/uploads\\\/2026\\\/02\\\/filmrollo2.jpg\",\"width\":640,\"height\":480},{\"@type\":\"BreadcrumbList\",\"@id\":\"https:\\\/\\\/electricink.eu\\\/producto\\\/film-plastico-pvc-transparente-25-metros\\\/#breadcrumb\",\"itemListElement\":[{\"@type\":\"ListItem\",\"position\":1,\"name\":\"Portada\",\"item\":\"https:\\\/\\\/electricink.eu\\\/fr\\\/home\\\/\"},{\"@type\":\"ListItem\",\"position\":2,\"name\":\"Boutique\",\"item\":\"https:\\\/\\\/electricink.eu\\\/tienda\\\/\"},{\"@type\":\"ListItem\",\"position\":3,\"name\":\"Film pl\u00e1stico PVC transparente 25 metros\"}]},{\"@type\":\"WebSite\",\"@id\":\"https:\\\/\\\/electricink.eu\\\/#website\",\"url\":\"https:\\\/\\\/electricink.eu\\\/\",\"name\":\"Electric Ink\u00ae\",\"description\":\"Material para Tatuar Profesional en Europa - Electric Ink\u00ae\",\"potentialAction\":[{\"@type\":\"SearchAction\",\"target\":{\"@type\":\"EntryPoint\",\"urlTemplate\":\"https:\\\/\\\/electricink.eu\\\/?s={search_term_string}\"},\"query-input\":{\"@type\":\"PropertyValueSpecification\",\"valueRequired\":true,\"valueName\":\"search_term_string\"}}],\"inLanguage\":\"fr-FR\"}]}<\/script>\n<!-- \/ Yoast SEO plugin. -->","yoast_head_json":{"title":"Film pl\u00e1stico PVC transparente 25 metros - Electric Ink\u00ae","description":"Protege tu equipo y garantiza un entorno de trabajo est\u00e9ril con un film osm\u00f3tico transparentes y evitar la contaminaci\u00f3n de materiales.","robots":{"index":"index","follow":"follow","max-snippet":"max-snippet:-1","max-image-preview":"max-image-preview:large","max-video-preview":"max-video-preview:-1"},"canonical":"https:\/\/electricink.eu\/producto\/film-plastico-pvc-transparente-25-metros\/","og_locale":"fr_FR","og_type":"article","og_title":"Film pl\u00e1stico PVC transparente 25 metros - Electric Ink\u00ae","og_description":"Protege tu equipo y garantiza un entorno de trabajo est\u00e9ril con un film osm\u00f3tico transparentes y evitar la contaminaci\u00f3n de materiales.","og_url":"https:\/\/electricink.eu\/producto\/film-plastico-pvc-transparente-25-metros\/","og_site_name":"Electric Ink\u00ae","article_modified_time":"2026-02-19T17:52:15+00:00","og_image":[{"width":640,"height":480,"url":"https:\/\/electricink.eu\/wp-content\/uploads\/2026\/02\/filmrollo2.jpg","type":"image\/jpeg"}],"twitter_card":"summary_large_image","twitter_misc":{"Dur\u00e9e de lecture estim\u00e9e":"1 minute"},"schema":{"@context":"https:\/\/schema.org","@graph":[{"@type":"WebPage","@id":"https:\/\/electricink.eu\/producto\/film-plastico-pvc-transparente-25-metros\/","url":"https:\/\/electricink.eu\/producto\/film-plastico-pvc-transparente-25-metros\/","name":"Film pl\u00e1stico PVC transparente 25 metros - Electric Ink\u00ae","isPartOf":{"@id":"https:\/\/electricink.eu\/#website"},"primaryImageOfPage":{"@id":"https:\/\/electricink.eu\/producto\/film-plastico-pvc-transparente-25-metros\/#primaryimage"},"image":{"@id":"https:\/\/electricink.eu\/producto\/film-plastico-pvc-transparente-25-metros\/#primaryimage"},"thumbnailUrl":"https:\/\/electricink.eu\/wp-content\/uploads\/2026\/02\/filmrollo2.jpg","datePublished":"2026-02-13T17:54:01+00:00","dateModified":"2026-02-19T17:52:15+00:00","description":"Protege tu equipo y garantiza un entorno de trabajo est\u00e9ril con un film osm\u00f3tico transparentes y evitar la contaminaci\u00f3n de materiales.","breadcrumb":{"@id":"https:\/\/electricink.eu\/producto\/film-plastico-pvc-transparente-25-metros\/#breadcrumb"},"inLanguage":"fr-FR","potentialAction":[{"@type":"ReadAction","target":["https:\/\/electricink.eu\/producto\/film-plastico-pvc-transparente-25-metros\/"]}]},{"@type":"ImageObject","inLanguage":"fr-FR","@id":"https:\/\/electricink.eu\/producto\/film-plastico-pvc-transparente-25-metros\/#primaryimage","url":"https:\/\/electricink.eu\/wp-content\/uploads\/2026\/02\/filmrollo2.jpg","contentUrl":"https:\/\/electricink.eu\/wp-content\/uploads\/2026\/02\/filmrollo2.jpg","width":640,"height":480},{"@type":"BreadcrumbList","@id":"https:\/\/electricink.eu\/producto\/film-plastico-pvc-transparente-25-metros\/#breadcrumb","itemListElement":[{"@type":"ListItem","position":1,"name":"Portada","item":"https:\/\/electricink.eu\/fr\/home\/"},{"@type":"ListItem","position":2,"name":"Boutique","item":"https:\/\/electricink.eu\/tienda\/"},{"@type":"ListItem","position":3,"name":"Film pl\u00e1stico PVC transparente 25 metros"}]},{"@type":"WebSite","@id":"https:\/\/electricink.eu\/#website","url":"https:\/\/electricink.eu\/","name":"Electric Ink\u00ae","description":"Material para Tatuar Profesional en Europa - Electric Ink\u00ae","potentialAction":[{"@type":"SearchAction","target":{"@type":"EntryPoint","urlTemplate":"https:\/\/electricink.eu\/?s={search_term_string}"},"query-input":{"@type":"PropertyValueSpecification","valueRequired":true,"valueName":"search_term_string"}}],"inLanguage":"fr-FR"}]}},"_links":{"self":[{"href":"https:\/\/electricink.eu\/fr\/wp-json\/wp\/v2\/product\/46300","targetHints":{"allow":["GET"]}}],"collection":[{"href":"https:\/\/electricink.eu\/fr\/wp-json\/wp\/v2\/product"}],"about":[{"href":"https:\/\/electricink.eu\/fr\/wp-json\/wp\/v2\/types\/product"}],"replies":[{"embeddable":true,"href":"https:\/\/electricink.eu\/fr\/wp-json\/wp\/v2\/comments?post=46300"}],"wp:featuredmedia":[{"embeddable":true,"href":"https:\/\/electricink.eu\/fr\/wp-json\/wp\/v2\/media\/46305"}],"wp:attachment":[{"href":"https:\/\/electricink.eu\/fr\/wp-json\/wp\/v2\/media?parent=46300"}],"wp:term":[{"taxonomy":"product_brand","embeddable":true,"href":"https:\/\/electricink.eu\/fr\/wp-json\/wp\/v2\/product_brand?post=46300"},{"taxonomy":"product_cat","embeddable":true,"href":"https:\/\/electricink.eu\/fr\/wp-json\/wp\/v2\/product_cat?post=46300"},{"taxonomy":"product_tag","embeddable":true,"href":"https:\/\/electricink.eu\/fr\/wp-json\/wp\/v2\/product_tag?post=46300"}],"curies":[{"name":"wp","href":"https:\/\/api.w.org\/{rel}","templated":true}]}}