{"id":46341,"date":"2026-02-19T18:31:06","date_gmt":"2026-02-19T17:31:06","guid":{"rendered":"https:\/\/electricink.eu\/?post_type=product&#038;p=46341"},"modified":"2026-03-24T10:49:32","modified_gmt":"2026-03-24T09:49:32","slug":"daroxidina-4-500ml","status":"publish","type":"product","link":"https:\/\/electricink.eu\/fr\/producto\/daroxidina-4-500ml\/","title":{"rendered":"Daroxidina 4% \u2013 500ml"},"content":{"rendered":"<p>Presentaci\u00f3n:<br \/>\nEnvase de\u00a0500 ml.\u00a0con v\u00e1lvula dosificadora<\/p>\n<p>Composici\u00f3n:<br \/>\nDigluconato de clorhexidina<\/p>\n","protected":false},"excerpt":{"rendered":"<p>Jab\u00f3n antis\u00e9ptico de piel sana al 4% de Digluconato de Clorhexidina para el lavado higi\u00e9nico y quir\u00fargico de manos. Con R\u00e1pida y persistente acci\u00f3n microbicida.<\/p>\n<p>Eficacia Bactericida, Levuricida y viricida.<\/p>\n<ul>\n<li>pH de la piel (5,5)<\/li>\n<li>Con perfume<\/li>\n<li>\u00d3ptima generaci\u00f3n de espuma<\/li>\n<\/ul>\n<p>Bactericida en 60 segundos (EN 1499, 13727) \u2013 Frotado higi\u00e9nico<br \/>\nBactericida en 5 minutos (EN 12791) \u2013 Frotado quir\u00fargico<br \/>\nLevuricida en 30 segundos (EN 13624) \u2013 Frotado higi\u00e9nico<br \/>\nLevuricida en 60 segundos (EN 13624) \u2013 Frotado quir\u00fargico<br \/>\nViricida frente a virus con envuelta en 2 minutos (EN 14476)<\/p>\n","protected":false},"featured_media":46337,"comment_status":"closed","ping_status":"closed","template":"","meta":{"_acf_changed":false,"_et_pb_use_builder":"","_et_pb_old_content":"","_et_gb_content_width":"","inline_featured_image":false},"product_brand":[],"product_cat":[1167,1169,111],"product_tag":[],"class_list":{"0":"post-46341","1":"product","2":"type-product","3":"status-publish","4":"has-post-thumbnail","6":"product_cat-desinfeccion","7":"product_cat-higiene-desinfeccion","8":"product_cat-consumibles","10":"first","11":"instock","12":"taxable","13":"shipping-taxable","14":"purchasable","15":"product-type-simple"},"acf":[],"yoast_head":"<!-- This site is optimized with the Yoast SEO plugin v27.4 - https:\/\/yoast.com\/product\/yoast-seo-wordpress\/ -->\n<title>Daroxidina 4% \u2013 500ml - Electric Ink\u00ae<\/title>\n<meta name=\"description\" content=\"Jab\u00f3n antis\u00e9ptico de piel sana al 4% para el lavado higi\u00e9nico y quir\u00fargico de manos. Con R\u00e1pida y persistente acci\u00f3n microbicida.\" \/>\n<meta name=\"robots\" content=\"index, follow, max-snippet:-1, max-image-preview:large, max-video-preview:-1\" \/>\n<link rel=\"canonical\" href=\"https:\/\/electricink.eu\/producto\/daroxidina-4-500ml\/\" \/>\n<meta property=\"og:locale\" content=\"fr_FR\" \/>\n<meta property=\"og:type\" content=\"article\" \/>\n<meta property=\"og:title\" content=\"Daroxidina 4% \u2013 500ml - Electric Ink\u00ae\" \/>\n<meta property=\"og:description\" content=\"Jab\u00f3n antis\u00e9ptico de piel sana al 4% para el lavado higi\u00e9nico y quir\u00fargico de manos. Con R\u00e1pida y persistente acci\u00f3n microbicida.\" \/>\n<meta property=\"og:url\" content=\"https:\/\/electricink.eu\/producto\/daroxidina-4-500ml\/\" \/>\n<meta property=\"og:site_name\" content=\"Electric Ink\u00ae\" \/>\n<meta property=\"article:modified_time\" content=\"2026-03-24T09:49:32+00:00\" \/>\n<meta property=\"og:image\" content=\"https:\/\/electricink.eu\/wp-content\/uploads\/2026\/02\/daroxidina4.jpg\" \/>\n\t<meta property=\"og:image:width\" content=\"425\" \/>\n\t<meta property=\"og:image:height\" content=\"425\" \/>\n\t<meta property=\"og:image:type\" content=\"image\/jpeg\" \/>\n<meta name=\"twitter:card\" content=\"summary_large_image\" \/>\n<meta name=\"twitter:label1\" content=\"Dur\u00e9e de lecture estim\u00e9e\" \/>\n\t<meta name=\"twitter:data1\" content=\"1 minute\" \/>\n<script type=\"application\/ld+json\" class=\"yoast-schema-graph\">{\"@context\":\"https:\\\/\\\/schema.org\",\"@graph\":[{\"@type\":\"WebPage\",\"@id\":\"https:\\\/\\\/electricink.eu\\\/producto\\\/daroxidina-4-500ml\\\/\",\"url\":\"https:\\\/\\\/electricink.eu\\\/producto\\\/daroxidina-4-500ml\\\/\",\"name\":\"Daroxidina 4% \u2013 500ml - Electric Ink\u00ae\",\"isPartOf\":{\"@id\":\"https:\\\/\\\/electricink.eu\\\/#website\"},\"primaryImageOfPage\":{\"@id\":\"https:\\\/\\\/electricink.eu\\\/producto\\\/daroxidina-4-500ml\\\/#primaryimage\"},\"image\":{\"@id\":\"https:\\\/\\\/electricink.eu\\\/producto\\\/daroxidina-4-500ml\\\/#primaryimage\"},\"thumbnailUrl\":\"https:\\\/\\\/electricink.eu\\\/wp-content\\\/uploads\\\/2026\\\/02\\\/daroxidina4.jpg\",\"datePublished\":\"2026-02-19T17:31:06+00:00\",\"dateModified\":\"2026-03-24T09:49:32+00:00\",\"description\":\"Jab\u00f3n antis\u00e9ptico de piel sana al 4% para el lavado higi\u00e9nico y quir\u00fargico de manos. Con R\u00e1pida y persistente acci\u00f3n microbicida.\",\"breadcrumb\":{\"@id\":\"https:\\\/\\\/electricink.eu\\\/producto\\\/daroxidina-4-500ml\\\/#breadcrumb\"},\"inLanguage\":\"fr-FR\",\"potentialAction\":[{\"@type\":\"ReadAction\",\"target\":[\"https:\\\/\\\/electricink.eu\\\/producto\\\/daroxidina-4-500ml\\\/\"]}]},{\"@type\":\"ImageObject\",\"inLanguage\":\"fr-FR\",\"@id\":\"https:\\\/\\\/electricink.eu\\\/producto\\\/daroxidina-4-500ml\\\/#primaryimage\",\"url\":\"https:\\\/\\\/electricink.eu\\\/wp-content\\\/uploads\\\/2026\\\/02\\\/daroxidina4.jpg\",\"contentUrl\":\"https:\\\/\\\/electricink.eu\\\/wp-content\\\/uploads\\\/2026\\\/02\\\/daroxidina4.jpg\",\"width\":425,\"height\":425},{\"@type\":\"BreadcrumbList\",\"@id\":\"https:\\\/\\\/electricink.eu\\\/producto\\\/daroxidina-4-500ml\\\/#breadcrumb\",\"itemListElement\":[{\"@type\":\"ListItem\",\"position\":1,\"name\":\"Portada\",\"item\":\"https:\\\/\\\/electricink.eu\\\/fr\\\/home\\\/\"},{\"@type\":\"ListItem\",\"position\":2,\"name\":\"Boutique\",\"item\":\"https:\\\/\\\/electricink.eu\\\/tienda\\\/\"},{\"@type\":\"ListItem\",\"position\":3,\"name\":\"Daroxidina 4% \u2013 500ml\"}]},{\"@type\":\"WebSite\",\"@id\":\"https:\\\/\\\/electricink.eu\\\/#website\",\"url\":\"https:\\\/\\\/electricink.eu\\\/\",\"name\":\"Electric Ink\u00ae\",\"description\":\"Material para Tatuar Profesional en Europa - Electric Ink\u00ae\",\"potentialAction\":[{\"@type\":\"SearchAction\",\"target\":{\"@type\":\"EntryPoint\",\"urlTemplate\":\"https:\\\/\\\/electricink.eu\\\/?s={search_term_string}\"},\"query-input\":{\"@type\":\"PropertyValueSpecification\",\"valueRequired\":true,\"valueName\":\"search_term_string\"}}],\"inLanguage\":\"fr-FR\"}]}<\/script>\n<!-- \/ Yoast SEO plugin. -->","yoast_head_json":{"title":"Daroxidina 4% \u2013 500ml - Electric Ink\u00ae","description":"Jab\u00f3n antis\u00e9ptico de piel sana al 4% para el lavado higi\u00e9nico y quir\u00fargico de manos. Con R\u00e1pida y persistente acci\u00f3n microbicida.","robots":{"index":"index","follow":"follow","max-snippet":"max-snippet:-1","max-image-preview":"max-image-preview:large","max-video-preview":"max-video-preview:-1"},"canonical":"https:\/\/electricink.eu\/producto\/daroxidina-4-500ml\/","og_locale":"fr_FR","og_type":"article","og_title":"Daroxidina 4% \u2013 500ml - Electric Ink\u00ae","og_description":"Jab\u00f3n antis\u00e9ptico de piel sana al 4% para el lavado higi\u00e9nico y quir\u00fargico de manos. Con R\u00e1pida y persistente acci\u00f3n microbicida.","og_url":"https:\/\/electricink.eu\/producto\/daroxidina-4-500ml\/","og_site_name":"Electric Ink\u00ae","article_modified_time":"2026-03-24T09:49:32+00:00","og_image":[{"width":425,"height":425,"url":"https:\/\/electricink.eu\/wp-content\/uploads\/2026\/02\/daroxidina4.jpg","type":"image\/jpeg"}],"twitter_card":"summary_large_image","twitter_misc":{"Dur\u00e9e de lecture estim\u00e9e":"1 minute"},"schema":{"@context":"https:\/\/schema.org","@graph":[{"@type":"WebPage","@id":"https:\/\/electricink.eu\/producto\/daroxidina-4-500ml\/","url":"https:\/\/electricink.eu\/producto\/daroxidina-4-500ml\/","name":"Daroxidina 4% \u2013 500ml - Electric Ink\u00ae","isPartOf":{"@id":"https:\/\/electricink.eu\/#website"},"primaryImageOfPage":{"@id":"https:\/\/electricink.eu\/producto\/daroxidina-4-500ml\/#primaryimage"},"image":{"@id":"https:\/\/electricink.eu\/producto\/daroxidina-4-500ml\/#primaryimage"},"thumbnailUrl":"https:\/\/electricink.eu\/wp-content\/uploads\/2026\/02\/daroxidina4.jpg","datePublished":"2026-02-19T17:31:06+00:00","dateModified":"2026-03-24T09:49:32+00:00","description":"Jab\u00f3n antis\u00e9ptico de piel sana al 4% para el lavado higi\u00e9nico y quir\u00fargico de manos. Con R\u00e1pida y persistente acci\u00f3n microbicida.","breadcrumb":{"@id":"https:\/\/electricink.eu\/producto\/daroxidina-4-500ml\/#breadcrumb"},"inLanguage":"fr-FR","potentialAction":[{"@type":"ReadAction","target":["https:\/\/electricink.eu\/producto\/daroxidina-4-500ml\/"]}]},{"@type":"ImageObject","inLanguage":"fr-FR","@id":"https:\/\/electricink.eu\/producto\/daroxidina-4-500ml\/#primaryimage","url":"https:\/\/electricink.eu\/wp-content\/uploads\/2026\/02\/daroxidina4.jpg","contentUrl":"https:\/\/electricink.eu\/wp-content\/uploads\/2026\/02\/daroxidina4.jpg","width":425,"height":425},{"@type":"BreadcrumbList","@id":"https:\/\/electricink.eu\/producto\/daroxidina-4-500ml\/#breadcrumb","itemListElement":[{"@type":"ListItem","position":1,"name":"Portada","item":"https:\/\/electricink.eu\/fr\/home\/"},{"@type":"ListItem","position":2,"name":"Boutique","item":"https:\/\/electricink.eu\/tienda\/"},{"@type":"ListItem","position":3,"name":"Daroxidina 4% \u2013 500ml"}]},{"@type":"WebSite","@id":"https:\/\/electricink.eu\/#website","url":"https:\/\/electricink.eu\/","name":"Electric Ink\u00ae","description":"Material para Tatuar Profesional en Europa - Electric Ink\u00ae","potentialAction":[{"@type":"SearchAction","target":{"@type":"EntryPoint","urlTemplate":"https:\/\/electricink.eu\/?s={search_term_string}"},"query-input":{"@type":"PropertyValueSpecification","valueRequired":true,"valueName":"search_term_string"}}],"inLanguage":"fr-FR"}]}},"_links":{"self":[{"href":"https:\/\/electricink.eu\/fr\/wp-json\/wp\/v2\/product\/46341","targetHints":{"allow":["GET"]}}],"collection":[{"href":"https:\/\/electricink.eu\/fr\/wp-json\/wp\/v2\/product"}],"about":[{"href":"https:\/\/electricink.eu\/fr\/wp-json\/wp\/v2\/types\/product"}],"replies":[{"embeddable":true,"href":"https:\/\/electricink.eu\/fr\/wp-json\/wp\/v2\/comments?post=46341"}],"wp:featuredmedia":[{"embeddable":true,"href":"https:\/\/electricink.eu\/fr\/wp-json\/wp\/v2\/media\/46337"}],"wp:attachment":[{"href":"https:\/\/electricink.eu\/fr\/wp-json\/wp\/v2\/media?parent=46341"}],"wp:term":[{"taxonomy":"product_brand","embeddable":true,"href":"https:\/\/electricink.eu\/fr\/wp-json\/wp\/v2\/product_brand?post=46341"},{"taxonomy":"product_cat","embeddable":true,"href":"https:\/\/electricink.eu\/fr\/wp-json\/wp\/v2\/product_cat?post=46341"},{"taxonomy":"product_tag","embeddable":true,"href":"https:\/\/electricink.eu\/fr\/wp-json\/wp\/v2\/product_tag?post=46341"}],"curies":[{"name":"wp","href":"https:\/\/api.w.org\/{rel}","templated":true}]}}