{"id":30644,"date":"2023-10-24T09:53:00","date_gmt":"2023-10-24T07:53:00","guid":{"rendered":"https:\/\/electricink.eu\/nos\/"},"modified":"2023-12-13T15:44:30","modified_gmt":"2023-12-13T14:44:30","slug":"nos","status":"publish","type":"page","link":"https:\/\/electricink.eu\/pt-pt\/nos\/","title":{"rendered":"N\u00f3s"},"content":{"rendered":"<p>[et_pb_section fb_built=&#8221;1&#8243; _builder_version=&#8221;4.23&#8243; _module_preset=&#8221;default&#8221; background_color=&#8221;RGBA(255,255,255,0)&#8221; background_image=&#8221;https:\/\/electricink.eu\/wp-content\/uploads\/2023\/11\/fondo-slider-principal.webp&#8221; custom_padding=&#8221;150px||||false|false&#8221; global_colors_info=&#8221;{}&#8221;][et_pb_row column_structure=&#8221;1_2,1_2&#8243; _builder_version=&#8221;4.23&#8243; _module_preset=&#8221;default&#8221; global_colors_info=&#8221;{}&#8221;][et_pb_column type=&#8221;1_2&#8243; _builder_version=&#8221;4.23&#8243; _module_preset=&#8221;default&#8221; global_colors_info=&#8221;{}&#8221;][et_pb_text _builder_version=&#8221;4.23&#8243; _module_preset=&#8221;default&#8221; header_font=&#8221;||||||||&#8221; header_text_color=&#8221;#FFFFFF&#8221; header_font_size=&#8221;40px&#8221; max_width=&#8221;1400px&#8221; module_alignment=&#8221;center&#8221; custom_margin=&#8221;||1em||false|false&#8221; global_colors_info=&#8221;{}&#8221;]<\/p>\n<h1><strong>Somos Electric Ink.<\/strong><br \/>De tatuadores a tatuadores<\/h1>\n<p>[\/et_pb_text][et_pb_text _builder_version=&#8221;4.23&#8243; _module_preset=&#8221;default&#8221; text_text_color=&#8221;#FFFFFF&#8221; max_width=&#8221;1400px&#8221; module_alignment=&#8221;center&#8221; custom_margin=&#8221;||2em||false|false&#8221; global_colors_info=&#8221;{}&#8221;]<\/p>\n<p>A empresa Electric Ink, localizada na cidade de Uberaba, estado de Minas Gerais &#8211; Brasil, re\u00fane todas as atividades de gest\u00e3o, administra\u00e7\u00e3o, vendas e comunica\u00e7\u00e3o do grupo. Tamb\u00e9m s\u00e3o realizadas atividades de cria\u00e7\u00e3o, pesquisa e desenvolvimento, produ\u00e7\u00e3o de tintas, agulhas e fabrica\u00e7\u00e3o de m\u00e1quinas e equipamentos eletr\u00f4nicos. Existem tamb\u00e9m v\u00e1rios laborat\u00f3rios localizados na sede, onde todos os produtos acabados s\u00e3o testados e analisados \u200b\u200bantes de serem enviados para artistas de todo o mundo.<\/p>\n<p>[\/et_pb_text][et_pb_button button_url=&#8221;#&#8221; button_text=&#8221;Nos conhe\u00e7a&#8221; module_id=&#8221;boton-video&#8221; _builder_version=&#8221;4.23&#8243; _module_preset=&#8221;default&#8221; custom_button=&#8221;on&#8221; button_text_size=&#8221;16px&#8221; button_text_color=&#8221;#FFFFFF&#8221; button_bg_color=&#8221;#25ABA3&#8243; button_border_width=&#8221;0px&#8221; button_border_radius=&#8221;2em&#8221; button_use_icon=&#8221;off&#8221; global_colors_info=&#8221;{}&#8221;][\/et_pb_button][\/et_pb_column][et_pb_column type=&#8221;1_2&#8243; _builder_version=&#8221;4.23&#8243; _module_preset=&#8221;default&#8221; global_colors_info=&#8221;{}&#8221;][et_pb_image src=&#8221;https:\/\/electricink.eu\/wp-content\/uploads\/2023\/11\/logo-electric-ink-blanco.svg&#8221; title_text=&#8221;logo-electric-ink-blanco&#8221; _builder_version=&#8221;4.23&#8243; _module_preset=&#8221;default&#8221; max_width=&#8221;300px&#8221; module_alignment=&#8221;center&#8221; filter_opacity=&#8221;70%&#8221; global_colors_info=&#8221;{}&#8221;][\/et_pb_image][\/et_pb_column][\/et_pb_row][\/et_pb_section][et_pb_section fb_built=&#8221;1&#8243; fullwidth=&#8221;on&#8221; module_id=&#8221;video-lightbox&#8221; _builder_version=&#8221;4.23&#8243; _module_preset=&#8221;default&#8221; global_colors_info=&#8221;{}&#8221;][et_pb_fullwidth_code _builder_version=&#8221;4.23&#8243; _module_preset=&#8221;default&#8221; global_colors_info=&#8221;{}&#8221;]<pee class=\"close\"><i class=\"fa-solid fa-xmark\"><\/i>Fechar<\/pee>< !-- [et_pb_line_break_holder] --><iframe loading=\"lazy\" width=\"560\" height=\"315\" src=\"https:\/\/www.youtube-nocookie.com\/embed\/smpw7aBhTVw?si=Klz9VHJVSAh8RRCA\" title=\"Reprodutor de v\u00eddeo do YouTube \" frameborder=\"0\" permitir=\"aceler\u00f4metro; reprodu\u00e7\u00e3o autom\u00e1tica; grava\u00e7\u00e3o na \u00e1rea de transfer\u00eancia; m\u00eddia criptografada; girosc\u00f3pio; imagem em imagem; compartilhamento na web\" permitir tela cheia><\/iframe>[\/et_pb_fullwidth_code][\/et_pb_section][et_pb_section fb_built=&#8221;1&#8243; _builder_version=&#8221;4.23&#8243; _module_preset=&#8221;default&#8221; custom_margin=&#8221;||0px||false|false&#8221; custom_padding=&#8221;1em||0px||false|false&#8221; hover_enabled=&#8221;0&#8243; global_colors_info=&#8221;{}&#8221; sticky_enabled=&#8221;0&#8243;][et_pb_row column_structure=&#8221;1_2,1_2&#8243; _builder_version=&#8221;4.23&#8243; _module_preset=&#8221;default&#8221; global_colors_info=&#8221;{}&#8221;][et_pb_column type=&#8221;1_2&#8243; _builder_version=&#8221;4.23&#8243; _module_preset=&#8221;default&#8221; global_colors_info=&#8221;{}&#8221;][et_pb_image src=&#8221;https:\/\/electricink.eu\/wp-content\/uploads\/2023\/11\/imagen-1-nosotros.webp&#8221; title_text=&#8221;imagen-1-nosotros&#8221; _builder_version=&#8221;4.23&#8243; _module_preset=&#8221;default&#8221; global_colors_info=&#8221;{}&#8221;][\/et_pb_image][\/et_pb_column][et_pb_column type=&#8221;1_2&#8243; _builder_version=&#8221;4.23&#8243; _module_preset=&#8221;default&#8221; global_colors_info=&#8221;{}&#8221;][et_pb_text _builder_version=&#8221;4.23&#8243; _module_preset=&#8221;default&#8221; text_text_color=&#8221;#000000&#8243; header_3_line_height=&#8221;1.2em&#8221; max_width=&#8221;1400px&#8221; module_alignment=&#8221;center&#8221; custom_margin=&#8221;||2em||false|false&#8221; global_colors_info=&#8221;{}&#8221;]<\/p>\n<h3>Electric Ink, empresa brasileira independente de produtos para sa\u00fade, \u00e9 reconhecida pelo know-how e pela qualidade de seus produtos.<\/h3>\n<p>Pioneira no desenvolvimento de m\u00e1quinas de tatuagem e, posteriormente, de tintas, a marca Cat est\u00e1 na origem de in\u00fameras inova\u00e7\u00f5es de grande import\u00e2ncia na \u00e1rea da tatuagem, registando dezenas de patentes desde a sua funda\u00e7\u00e3o. A Electric Ink projeta e fabrica todos os componentes essenciais dos seus produtos em instala\u00e7\u00f5es pr\u00f3prias, desde a fundi\u00e7\u00e3o de metais, usinagem, acabamento e montagem. Todos os produtos Electric Ink destacam-se pelo<br \/>design rigoroso, que garante a conformidade fiel e duradoura dos seus equipamentos, bem como a<br \/>qualidade e pureza das suas tintas e cosm\u00e9ticos para tatuagem e micropigmenta\u00e7\u00e3o. Este elevado n\u00edvel de qualidade deve-se ao compromisso da empresa com os artistas que utilizam os seus produtos h\u00e1 mais de duas d\u00e9cadas.<\/p>\n<p>Todos os produtos Electric Ink recebem certifica\u00e7\u00e3o da ANVISA, a mais alta organiza\u00e7\u00e3o de sa\u00fade do governo brasileiro, bem como certifica\u00e7\u00e3o de organiza\u00e7\u00f5es de sa\u00fade de v\u00e1rios pa\u00edses ao redor do mundo.<\/p>\n<p>[\/et_pb_text][\/et_pb_column][\/et_pb_row][\/et_pb_section][et_pb_section fb_built=&#8221;1&#8243; _builder_version=&#8221;4.23&#8243; _module_preset=&#8221;default&#8221; custom_padding=&#8221;0px||0px||true|false&#8221; global_colors_info=&#8221;{}&#8221;][et_pb_row column_structure=&#8221;1_2,1_2&#8243; make_equal=&#8221;on&#8221; _builder_version=&#8221;4.23&#8243; _module_preset=&#8221;default&#8221; global_colors_info=&#8221;{}&#8221;][et_pb_column type=&#8221;1_2&#8243; _builder_version=&#8221;4.23&#8243; _module_preset=&#8221;default&#8221; global_colors_info=&#8221;{}&#8221;][et_pb_text _builder_version=&#8221;4.23&#8243; _module_preset=&#8221;default&#8221; text_text_color=&#8221;#000000&#8243; header_3_line_height=&#8221;1.4em&#8221; max_width=&#8221;1400px&#8221; module_alignment=&#8221;center&#8221; custom_margin=&#8221;||2em||false|false&#8221; global_colors_info=&#8221;{}&#8221;]<\/p>\n<p>Esta certifica\u00e7\u00e3o certifica que cada produto superou com sucesso os requisitos de sa\u00fade e risco da referida organiza\u00e7\u00e3o, conferindo aos produtos Electric Ink a qualidade e seguran\u00e7a que valorizamos, bem como a busca pela perfei\u00e7\u00e3o em cada processo produtivo utilizado na empresa.< \/p><\/p>\n<h3>Exportamos para mais de 30 pa\u00edses e fabricamos diversas marcas OEM exclusivas para nossos parceiros.<\/h3>\n<p>Em 2000, h\u00e1 23 anos, come\u00e7ou a saga de um tatuador, um torneiro e dois assistentes em sua busca para criar uma m\u00e1quina perfeita para uso pr\u00f3prio. Esta b\u00fasqueda se tradujo en una experiencia \u00fanica de fabricaci\u00f3n exclusiva y limitada en la que decenas de profesionales de la \u00e9poca comenzaron a utilizar el producto en busca de una m\u00e1quina nacional de alta calidad, eficiencia y costo-beneficio en relaci\u00f3n a las m\u00e1quinas importadas existentes en a \u00e9poca. . Ainda hoje se traduz na forma de pensar da empresa: produzir ferramentas e equipamentos da mais alta qualidade e precis\u00e3o para artistas e profissionais.<\/p>\n<p>[\/et_pb_text][\/et_pb_column][et_pb_column type=&#8221;1_2&#8243; _builder_version=&#8221;4.23&#8243; _module_preset=&#8221;default&#8221; background_enable_image=&#8221;off&#8221; global_colors_info=&#8221;{}&#8221;][et_pb_image src=&#8221;https:\/\/electricink.eu\/wp-content\/uploads\/2023\/11\/imagen-2-nostros.webp&#8221; title_text=&#8221;imagen-2-nostros&#8221; _builder_version=&#8221;4.23&#8243; _module_preset=&#8221;default&#8221; border_radii=&#8221;on|2em|2em|2em|2em&#8221; global_colors_info=&#8221;{}&#8221;][\/et_pb_image][\/et_pb_column][\/et_pb_row][\/et_pb_section][et_pb_section fb_built=&#8221;1&#8243; _builder_version=&#8221;4.23&#8243; _module_preset=&#8221;default&#8221; custom_padding=&#8221;0px||0px||true|false&#8221; hover_enabled=&#8221;0&#8243; global_colors_info=&#8221;{}&#8221; custom_margin=&#8221;||1em||false|false&#8221; sticky_enabled=&#8221;0&#8243;][et_pb_row column_structure=&#8221;1_2,1_2&#8243; _builder_version=&#8221;4.23&#8243; _module_preset=&#8221;default&#8221; global_colors_info=&#8221;{}&#8221;][et_pb_column type=&#8221;1_2&#8243; _builder_version=&#8221;4.23&#8243; _module_preset=&#8221;default&#8221; global_colors_info=&#8221;{}&#8221;][et_pb_image src=&#8221;https:\/\/electricink.eu\/wp-content\/uploads\/2023\/11\/imagen-3-nosotros.webp&#8221; title_text=&#8221;imagen-3-nosotros&#8221; _builder_version=&#8221;4.23&#8243; _module_preset=&#8221;default&#8221; global_colors_info=&#8221;{}&#8221;][\/et_pb_image][\/et_pb_column][et_pb_column type=&#8221;1_2&#8243; _builder_version=&#8221;4.23&#8243; _module_preset=&#8221;default&#8221; global_colors_info=&#8221;{}&#8221;][et_pb_text _builder_version=&#8221;4.23&#8243; _module_preset=&#8221;default&#8221; text_text_color=&#8221;#000000&#8243; header_3_line_height=&#8221;1.2em&#8221; max_width=&#8221;1400px&#8221; module_alignment=&#8221;center&#8221; custom_margin=&#8221;||2em||false|false&#8221; global_colors_info=&#8221;{}&#8221;]<\/p>\n<h3>A Electric Ink resume seu crescimento no trabalho \u00e1rduo e na melhoria cont\u00ednua de todos os produtos de sa\u00fade relacionados \u00e0 tatuagem.<\/h3>\n<p>Atualmente com quase 450 colaboradores na equipe, entre engenheiros, qu\u00edmicos, mec\u00e2nicos, eletr\u00f4nicos, farmac\u00eauticos, qu\u00edmicos, engenheiros de produ\u00e7\u00e3o, designers, projetistas e toda a equipe de suporte como marketing, produ\u00e7\u00e3o, embalagem, log\u00edstica, fiscal e jur\u00eddico, exportamos para mais de 30 pa\u00edses e fabricamos diversas marcas OEM exclusivas para nossos parceiros.<\/p>\n<p>A Electric Ink resume o seu crescimento no trabalho \u00e1rduo e na melhoria cont\u00ednua de todos os produtos de sa\u00fade relacionados com a tatuagem, bem como na procura di\u00e1ria e incessante pela evolu\u00e7\u00e3o de cada um dos seus produtos, desde m\u00e1quinas de bobina, m\u00e1quinas rotativas, passando por m\u00e1quinas rotativas h\u00edbridas desenvolvidos e patenteados pela empresa, incluindo produtos acess\u00f3rios necess\u00e1rios durante o processo de tatuagem e micropigmenta\u00e7\u00e3o, como tintas, bicos e cosm\u00e9ticos utilizados na pele, antes, durante e ap\u00f3s o processo de tatuagem e micropigmenta\u00e7\u00e3o.<\/p>\n<p>Cada um destes produtos \u00e9 compat\u00edvel e em harmonia entre si para que o processo art\u00edstico seja cada vez melhor, mais f\u00e1cil e mais seguro, tanto para o profissional que realiza o seu trabalho como para o cliente que o recebe.<\/p>\n<p>[\/et_pb_text][\/et_pb_column][\/et_pb_row][\/et_pb_section]<\/p>\n","protected":false},"excerpt":{"rendered":"<p>Somos Electric Ink.De tatuadores a tatuadoresA empresa Electric Ink, localizada na cidade de Uberaba, estado de Minas Gerais &#8211; Brasil, re\u00fane todas as atividades de gest\u00e3o, administra\u00e7\u00e3o, vendas e comunica\u00e7\u00e3o do grupo. Tamb\u00e9m s\u00e3o realizadas atividades de cria\u00e7\u00e3o, pesquisa e desenvolvimento, produ\u00e7\u00e3o de tintas, agulhas e fabrica\u00e7\u00e3o de m\u00e1quinas e equipamentos eletr\u00f4nicos. Existem tamb\u00e9m v\u00e1rios [&hellip;]<\/p>\n","protected":false},"author":1,"featured_media":0,"parent":0,"menu_order":0,"comment_status":"closed","ping_status":"closed","template":"","meta":{"_acf_changed":false,"_et_pb_use_builder":"on","_et_pb_old_content":"","_et_gb_content_width":"","inline_featured_image":false,"footnotes":""},"class_list":["post-30644","page","type-page","status-publish","hentry"],"acf":[],"yoast_head":"<!-- This site is optimized with the Yoast SEO plugin v27.4 - https:\/\/yoast.com\/product\/yoast-seo-wordpress\/ -->\n<title>N\u00f3s - Electric Ink\u00ae<\/title>\n<meta name=\"robots\" content=\"index, follow, max-snippet:-1, max-image-preview:large, max-video-preview:-1\" \/>\n<link rel=\"canonical\" href=\"https:\/\/electricink.eu\/nosotros\/\" \/>\n<meta property=\"og:locale\" content=\"pt_PT\" \/>\n<meta property=\"og:type\" content=\"article\" \/>\n<meta property=\"og:title\" content=\"N\u00f3s - Electric Ink\u00ae\" \/>\n<meta property=\"og:description\" content=\"Somos Electric Ink.De tatuadores a tatuadoresA empresa Electric Ink, localizada na cidade de Uberaba, estado de Minas Gerais - Brasil, re\u00fane todas as atividades de gest\u00e3o, administra\u00e7\u00e3o, vendas e comunica\u00e7\u00e3o do grupo. Tamb\u00e9m s\u00e3o realizadas atividades de cria\u00e7\u00e3o, pesquisa e desenvolvimento, produ\u00e7\u00e3o de tintas, agulhas e fabrica\u00e7\u00e3o de m\u00e1quinas e equipamentos eletr\u00f4nicos. Existem tamb\u00e9m v\u00e1rios [&hellip;]\" \/>\n<meta property=\"og:url\" content=\"https:\/\/electricink.eu\/nosotros\/\" \/>\n<meta property=\"og:site_name\" content=\"Electric Ink\u00ae\" \/>\n<meta property=\"article:modified_time\" content=\"2023-12-13T14:44:30+00:00\" \/>\n<meta name=\"twitter:card\" content=\"summary_large_image\" \/>\n<meta name=\"twitter:label1\" content=\"Tempo estimado de leitura\" \/>\n\t<meta name=\"twitter:data1\" content=\"7 minutos\" \/>\n<script type=\"application\/ld+json\" class=\"yoast-schema-graph\">{\"@context\":\"https:\\\/\\\/schema.org\",\"@graph\":[{\"@type\":\"WebPage\",\"@id\":\"https:\\\/\\\/electricink.eu\\\/nosotros\\\/\",\"url\":\"https:\\\/\\\/electricink.eu\\\/nosotros\\\/\",\"name\":\"N\u00f3s - Electric Ink\u00ae\",\"isPartOf\":{\"@id\":\"https:\\\/\\\/electricink.eu\\\/#website\"},\"datePublished\":\"2023-10-24T07:53:00+00:00\",\"dateModified\":\"2023-12-13T14:44:30+00:00\",\"breadcrumb\":{\"@id\":\"https:\\\/\\\/electricink.eu\\\/nosotros\\\/#breadcrumb\"},\"inLanguage\":\"pt-PT\",\"potentialAction\":[{\"@type\":\"ReadAction\",\"target\":[\"https:\\\/\\\/electricink.eu\\\/nosotros\\\/\"]}]},{\"@type\":\"BreadcrumbList\",\"@id\":\"https:\\\/\\\/electricink.eu\\\/nosotros\\\/#breadcrumb\",\"itemListElement\":[{\"@type\":\"ListItem\",\"position\":1,\"name\":\"Portada\",\"item\":\"https:\\\/\\\/electricink.eu\\\/pt-pt\\\/home\\\/\"},{\"@type\":\"ListItem\",\"position\":2,\"name\":\"N\u00f3s\"}]},{\"@type\":\"WebSite\",\"@id\":\"https:\\\/\\\/electricink.eu\\\/#website\",\"url\":\"https:\\\/\\\/electricink.eu\\\/\",\"name\":\"Electric Ink\u00ae\",\"description\":\"Material para Tatuar Profesional en Europa - Electric Ink\u00ae\",\"potentialAction\":[{\"@type\":\"SearchAction\",\"target\":{\"@type\":\"EntryPoint\",\"urlTemplate\":\"https:\\\/\\\/electricink.eu\\\/?s={search_term_string}\"},\"query-input\":{\"@type\":\"PropertyValueSpecification\",\"valueRequired\":true,\"valueName\":\"search_term_string\"}}],\"inLanguage\":\"pt-PT\"}]}<\/script>\n<!-- \/ Yoast SEO plugin. -->","yoast_head_json":{"title":"N\u00f3s - Electric Ink\u00ae","robots":{"index":"index","follow":"follow","max-snippet":"max-snippet:-1","max-image-preview":"max-image-preview:large","max-video-preview":"max-video-preview:-1"},"canonical":"https:\/\/electricink.eu\/nosotros\/","og_locale":"pt_PT","og_type":"article","og_title":"N\u00f3s - Electric Ink\u00ae","og_description":"Somos Electric Ink.De tatuadores a tatuadoresA empresa Electric Ink, localizada na cidade de Uberaba, estado de Minas Gerais - Brasil, re\u00fane todas as atividades de gest\u00e3o, administra\u00e7\u00e3o, vendas e comunica\u00e7\u00e3o do grupo. Tamb\u00e9m s\u00e3o realizadas atividades de cria\u00e7\u00e3o, pesquisa e desenvolvimento, produ\u00e7\u00e3o de tintas, agulhas e fabrica\u00e7\u00e3o de m\u00e1quinas e equipamentos eletr\u00f4nicos. Existem tamb\u00e9m v\u00e1rios [&hellip;]","og_url":"https:\/\/electricink.eu\/nosotros\/","og_site_name":"Electric Ink\u00ae","article_modified_time":"2023-12-13T14:44:30+00:00","twitter_card":"summary_large_image","twitter_misc":{"Tempo estimado de leitura":"7 minutos"},"schema":{"@context":"https:\/\/schema.org","@graph":[{"@type":"WebPage","@id":"https:\/\/electricink.eu\/nosotros\/","url":"https:\/\/electricink.eu\/nosotros\/","name":"N\u00f3s - Electric Ink\u00ae","isPartOf":{"@id":"https:\/\/electricink.eu\/#website"},"datePublished":"2023-10-24T07:53:00+00:00","dateModified":"2023-12-13T14:44:30+00:00","breadcrumb":{"@id":"https:\/\/electricink.eu\/nosotros\/#breadcrumb"},"inLanguage":"pt-PT","potentialAction":[{"@type":"ReadAction","target":["https:\/\/electricink.eu\/nosotros\/"]}]},{"@type":"BreadcrumbList","@id":"https:\/\/electricink.eu\/nosotros\/#breadcrumb","itemListElement":[{"@type":"ListItem","position":1,"name":"Portada","item":"https:\/\/electricink.eu\/pt-pt\/home\/"},{"@type":"ListItem","position":2,"name":"N\u00f3s"}]},{"@type":"WebSite","@id":"https:\/\/electricink.eu\/#website","url":"https:\/\/electricink.eu\/","name":"Electric Ink\u00ae","description":"Material para Tatuar Profesional en Europa - Electric Ink\u00ae","potentialAction":[{"@type":"SearchAction","target":{"@type":"EntryPoint","urlTemplate":"https:\/\/electricink.eu\/?s={search_term_string}"},"query-input":{"@type":"PropertyValueSpecification","valueRequired":true,"valueName":"search_term_string"}}],"inLanguage":"pt-PT"}]}},"_links":{"self":[{"href":"https:\/\/electricink.eu\/pt-pt\/wp-json\/wp\/v2\/pages\/30644","targetHints":{"allow":["GET"]}}],"collection":[{"href":"https:\/\/electricink.eu\/pt-pt\/wp-json\/wp\/v2\/pages"}],"about":[{"href":"https:\/\/electricink.eu\/pt-pt\/wp-json\/wp\/v2\/types\/page"}],"author":[{"embeddable":true,"href":"https:\/\/electricink.eu\/pt-pt\/wp-json\/wp\/v2\/users\/1"}],"replies":[{"embeddable":true,"href":"https:\/\/electricink.eu\/pt-pt\/wp-json\/wp\/v2\/comments?post=30644"}],"version-history":[{"count":0,"href":"https:\/\/electricink.eu\/pt-pt\/wp-json\/wp\/v2\/pages\/30644\/revisions"}],"wp:attachment":[{"href":"https:\/\/electricink.eu\/pt-pt\/wp-json\/wp\/v2\/media?parent=30644"}],"curies":[{"name":"wp","href":"https:\/\/api.w.org\/{rel}","templated":true}]}}