{"id":36660,"date":"2023-12-14T01:24:48","date_gmt":"2023-12-14T00:24:48","guid":{"rendered":"https:\/\/electricink.eu\/producto\/solidificador-liquidos-tattoo-dry-10un\/"},"modified":"2024-07-24T23:30:25","modified_gmt":"2024-07-24T21:30:25","slug":"solidificador-liquidos-tattoo-dry-10un","status":"publish","type":"product","link":"https:\/\/electricink.eu\/pt-pt\/producto\/solidificador-liquidos-tattoo-dry-10un\/","title":{"rendered":"Solidificador L\u00edquidos Tattoo Dry 10un"},"content":{"rendered":"<p><strong>Solidificador Tattoo Dry Electric Ink<\/strong><\/p>\n<p>Cont\u00e9m: 01 caixa de solidificador Tattoo Dry 10g com 10 unidades<\/p>\n","protected":false},"excerpt":{"rendered":"<p>Desenvolvemos o Electric Ink Tattoo Dry pensando em facilitar sua rotina de trabalho. Com ele, a limpeza \u00e9 pr\u00e1tica, r\u00e1pida e segura!<br \/>Sua fun\u00e7\u00e3o \u00e9 solidificar em gel os l\u00edquidos produzidos durante a tattoo (sangue, fluidos corp\u00f3reos e tintas) para facilitar o descarte.<br \/>Evita vazamento em sacos de lixo, reduz o risco de contamina\u00e7\u00e3o e o uso excessivo de panos e pap\u00e9is.<br \/>Ap\u00f3s o procedimento da tattoo, \u00e9 importante descartar todo o res\u00edduo de forma correta e segura.<\/p>\n<p>MODO DE USO:<\/p>\n<p>&#8211; Abra e despeje toda a quantidade do Electric Ink Tattoo Dry no recipiente (cerca de 180mL) que contenha o res\u00edduo l\u00edquido aquoso.<\/p>\n<p>&#8211; Aguarde a solidifica\u00e7\u00e3o total.<\/p>\n<p>&#8211; Uma vez solidificado, o res\u00edduo deve ser descartado de acordo com as legisla\u00e7\u00f5es vigentes.<\/p>\n","protected":false},"featured_media":4597,"comment_status":"closed","ping_status":"closed","template":"","meta":{"_acf_changed":false,"_et_pb_use_builder":"","_et_pb_old_content":"","_et_gb_content_width":"","inline_featured_image":false},"product_brand":[],"product_cat":[728,730],"product_tag":[],"class_list":{"0":"post-36660","1":"product","2":"type-product","3":"status-publish","4":"has-post-thumbnail","6":"product_cat-cosmeticos-pt-pt","7":"product_cat-cosmetico-cattoo","9":"first","10":"outofstock","11":"taxable","12":"shipping-taxable","13":"purchasable","14":"product-type-simple"},"acf":[],"yoast_head":"<!-- This site is optimized with the Yoast SEO plugin v27.4 - https:\/\/yoast.com\/product\/yoast-seo-wordpress\/ -->\n<title>Solidificador L\u00edquidos Tattoo Dry 10un - Electric Ink\u00ae<\/title>\n<meta name=\"robots\" content=\"index, follow, max-snippet:-1, max-image-preview:large, max-video-preview:-1\" \/>\n<link rel=\"canonical\" href=\"https:\/\/electricink.eu\/pt-pt\/producto\/solidificador-liquidos-tattoo-dry-10un\/\" \/>\n<meta property=\"og:locale\" content=\"pt_PT\" \/>\n<meta property=\"og:type\" content=\"article\" \/>\n<meta property=\"og:title\" content=\"Solidificador L\u00edquidos Tattoo Dry 10un - Electric Ink\u00ae\" \/>\n<meta property=\"og:description\" content=\"Desenvolvemos o Electric Ink Tattoo Dry pensando em facilitar sua rotina de trabalho. Com ele, a limpeza \u00e9 pr\u00e1tica, r\u00e1pida e segura!Sua fun\u00e7\u00e3o \u00e9 solidificar em gel os l\u00edquidos produzidos durante a tattoo (sangue, fluidos corp\u00f3reos e tintas) para facilitar o descarte.Evita vazamento em sacos de lixo, reduz o risco de contamina\u00e7\u00e3o e o uso excessivo de panos e pap\u00e9is.Ap\u00f3s o procedimento da tattoo, \u00e9 importante descartar todo o res\u00edduo de forma correta e segura. MODO DE USO: - Abra e despeje toda a quantidade do Electric Ink Tattoo Dry no recipiente (cerca de 180mL) que contenha o res\u00edduo l\u00edquido aquoso. - Aguarde a solidifica\u00e7\u00e3o total. - Uma vez solidificado, o res\u00edduo deve ser descartado de acordo com as legisla\u00e7\u00f5es vigentes.\" \/>\n<meta property=\"og:url\" content=\"https:\/\/electricink.eu\/pt-pt\/producto\/solidificador-liquidos-tattoo-dry-10un\/\" \/>\n<meta property=\"og:site_name\" content=\"Electric Ink\u00ae\" \/>\n<meta property=\"article:modified_time\" content=\"2024-07-24T21:30:25+00:00\" \/>\n<meta property=\"og:image\" content=\"https:\/\/electricink.eu\/wp-content\/uploads\/2023\/10\/tattoo_dry_set_solidificador.jpg\" \/>\n\t<meta property=\"og:image:width\" content=\"300\" \/>\n\t<meta property=\"og:image:height\" content=\"300\" \/>\n\t<meta property=\"og:image:type\" content=\"image\/jpeg\" \/>\n<meta name=\"twitter:card\" content=\"summary_large_image\" \/>\n<script type=\"application\/ld+json\" class=\"yoast-schema-graph\">{\"@context\":\"https:\\\/\\\/schema.org\",\"@graph\":[{\"@type\":\"WebPage\",\"@id\":\"https:\\\/\\\/electricink.eu\\\/pt-pt\\\/producto\\\/solidificador-liquidos-tattoo-dry-10un\\\/\",\"url\":\"https:\\\/\\\/electricink.eu\\\/pt-pt\\\/producto\\\/solidificador-liquidos-tattoo-dry-10un\\\/\",\"name\":\"Solidificador L\u00edquidos Tattoo Dry 10un - Electric Ink\u00ae\",\"isPartOf\":{\"@id\":\"https:\\\/\\\/electricink.eu\\\/#website\"},\"primaryImageOfPage\":{\"@id\":\"https:\\\/\\\/electricink.eu\\\/pt-pt\\\/producto\\\/solidificador-liquidos-tattoo-dry-10un\\\/#primaryimage\"},\"image\":{\"@id\":\"https:\\\/\\\/electricink.eu\\\/pt-pt\\\/producto\\\/solidificador-liquidos-tattoo-dry-10un\\\/#primaryimage\"},\"thumbnailUrl\":\"https:\\\/\\\/electricink.eu\\\/wp-content\\\/uploads\\\/2023\\\/10\\\/tattoo_dry_set_solidificador.jpg\",\"datePublished\":\"2023-12-14T00:24:48+00:00\",\"dateModified\":\"2024-07-24T21:30:25+00:00\",\"breadcrumb\":{\"@id\":\"https:\\\/\\\/electricink.eu\\\/pt-pt\\\/producto\\\/solidificador-liquidos-tattoo-dry-10un\\\/#breadcrumb\"},\"inLanguage\":\"pt-PT\",\"potentialAction\":[{\"@type\":\"ReadAction\",\"target\":[\"https:\\\/\\\/electricink.eu\\\/pt-pt\\\/producto\\\/solidificador-liquidos-tattoo-dry-10un\\\/\"]}]},{\"@type\":\"ImageObject\",\"inLanguage\":\"pt-PT\",\"@id\":\"https:\\\/\\\/electricink.eu\\\/pt-pt\\\/producto\\\/solidificador-liquidos-tattoo-dry-10un\\\/#primaryimage\",\"url\":\"https:\\\/\\\/electricink.eu\\\/wp-content\\\/uploads\\\/2023\\\/10\\\/tattoo_dry_set_solidificador.jpg\",\"contentUrl\":\"https:\\\/\\\/electricink.eu\\\/wp-content\\\/uploads\\\/2023\\\/10\\\/tattoo_dry_set_solidificador.jpg\",\"width\":300,\"height\":300},{\"@type\":\"BreadcrumbList\",\"@id\":\"https:\\\/\\\/electricink.eu\\\/pt-pt\\\/producto\\\/solidificador-liquidos-tattoo-dry-10un\\\/#breadcrumb\",\"itemListElement\":[{\"@type\":\"ListItem\",\"position\":1,\"name\":\"Portada\",\"item\":\"https:\\\/\\\/electricink.eu\\\/pt-pt\\\/home\\\/\"},{\"@type\":\"ListItem\",\"position\":2,\"name\":\"Tienda\",\"item\":\"https:\\\/\\\/electricink.eu\\\/tienda\\\/\"},{\"@type\":\"ListItem\",\"position\":3,\"name\":\"Solidificador L\u00edquidos Tattoo Dry 10un\"}]},{\"@type\":\"WebSite\",\"@id\":\"https:\\\/\\\/electricink.eu\\\/#website\",\"url\":\"https:\\\/\\\/electricink.eu\\\/\",\"name\":\"Electric Ink\u00ae\",\"description\":\"Material para Tatuar Profesional en Europa - Electric Ink\u00ae\",\"potentialAction\":[{\"@type\":\"SearchAction\",\"target\":{\"@type\":\"EntryPoint\",\"urlTemplate\":\"https:\\\/\\\/electricink.eu\\\/?s={search_term_string}\"},\"query-input\":{\"@type\":\"PropertyValueSpecification\",\"valueRequired\":true,\"valueName\":\"search_term_string\"}}],\"inLanguage\":\"pt-PT\"}]}<\/script>\n<!-- \/ Yoast SEO plugin. -->","yoast_head_json":{"title":"Solidificador L\u00edquidos Tattoo Dry 10un - Electric Ink\u00ae","robots":{"index":"index","follow":"follow","max-snippet":"max-snippet:-1","max-image-preview":"max-image-preview:large","max-video-preview":"max-video-preview:-1"},"canonical":"https:\/\/electricink.eu\/pt-pt\/producto\/solidificador-liquidos-tattoo-dry-10un\/","og_locale":"pt_PT","og_type":"article","og_title":"Solidificador L\u00edquidos Tattoo Dry 10un - Electric Ink\u00ae","og_description":"Desenvolvemos o Electric Ink Tattoo Dry pensando em facilitar sua rotina de trabalho. Com ele, a limpeza \u00e9 pr\u00e1tica, r\u00e1pida e segura!Sua fun\u00e7\u00e3o \u00e9 solidificar em gel os l\u00edquidos produzidos durante a tattoo (sangue, fluidos corp\u00f3reos e tintas) para facilitar o descarte.Evita vazamento em sacos de lixo, reduz o risco de contamina\u00e7\u00e3o e o uso excessivo de panos e pap\u00e9is.Ap\u00f3s o procedimento da tattoo, \u00e9 importante descartar todo o res\u00edduo de forma correta e segura. MODO DE USO: - Abra e despeje toda a quantidade do Electric Ink Tattoo Dry no recipiente (cerca de 180mL) que contenha o res\u00edduo l\u00edquido aquoso. - Aguarde a solidifica\u00e7\u00e3o total. - Uma vez solidificado, o res\u00edduo deve ser descartado de acordo com as legisla\u00e7\u00f5es vigentes.","og_url":"https:\/\/electricink.eu\/pt-pt\/producto\/solidificador-liquidos-tattoo-dry-10un\/","og_site_name":"Electric Ink\u00ae","article_modified_time":"2024-07-24T21:30:25+00:00","og_image":[{"width":300,"height":300,"url":"https:\/\/electricink.eu\/wp-content\/uploads\/2023\/10\/tattoo_dry_set_solidificador.jpg","type":"image\/jpeg"}],"twitter_card":"summary_large_image","schema":{"@context":"https:\/\/schema.org","@graph":[{"@type":"WebPage","@id":"https:\/\/electricink.eu\/pt-pt\/producto\/solidificador-liquidos-tattoo-dry-10un\/","url":"https:\/\/electricink.eu\/pt-pt\/producto\/solidificador-liquidos-tattoo-dry-10un\/","name":"Solidificador L\u00edquidos Tattoo Dry 10un - Electric Ink\u00ae","isPartOf":{"@id":"https:\/\/electricink.eu\/#website"},"primaryImageOfPage":{"@id":"https:\/\/electricink.eu\/pt-pt\/producto\/solidificador-liquidos-tattoo-dry-10un\/#primaryimage"},"image":{"@id":"https:\/\/electricink.eu\/pt-pt\/producto\/solidificador-liquidos-tattoo-dry-10un\/#primaryimage"},"thumbnailUrl":"https:\/\/electricink.eu\/wp-content\/uploads\/2023\/10\/tattoo_dry_set_solidificador.jpg","datePublished":"2023-12-14T00:24:48+00:00","dateModified":"2024-07-24T21:30:25+00:00","breadcrumb":{"@id":"https:\/\/electricink.eu\/pt-pt\/producto\/solidificador-liquidos-tattoo-dry-10un\/#breadcrumb"},"inLanguage":"pt-PT","potentialAction":[{"@type":"ReadAction","target":["https:\/\/electricink.eu\/pt-pt\/producto\/solidificador-liquidos-tattoo-dry-10un\/"]}]},{"@type":"ImageObject","inLanguage":"pt-PT","@id":"https:\/\/electricink.eu\/pt-pt\/producto\/solidificador-liquidos-tattoo-dry-10un\/#primaryimage","url":"https:\/\/electricink.eu\/wp-content\/uploads\/2023\/10\/tattoo_dry_set_solidificador.jpg","contentUrl":"https:\/\/electricink.eu\/wp-content\/uploads\/2023\/10\/tattoo_dry_set_solidificador.jpg","width":300,"height":300},{"@type":"BreadcrumbList","@id":"https:\/\/electricink.eu\/pt-pt\/producto\/solidificador-liquidos-tattoo-dry-10un\/#breadcrumb","itemListElement":[{"@type":"ListItem","position":1,"name":"Portada","item":"https:\/\/electricink.eu\/pt-pt\/home\/"},{"@type":"ListItem","position":2,"name":"Tienda","item":"https:\/\/electricink.eu\/tienda\/"},{"@type":"ListItem","position":3,"name":"Solidificador L\u00edquidos Tattoo Dry 10un"}]},{"@type":"WebSite","@id":"https:\/\/electricink.eu\/#website","url":"https:\/\/electricink.eu\/","name":"Electric Ink\u00ae","description":"Material para Tatuar Profesional en Europa - Electric Ink\u00ae","potentialAction":[{"@type":"SearchAction","target":{"@type":"EntryPoint","urlTemplate":"https:\/\/electricink.eu\/?s={search_term_string}"},"query-input":{"@type":"PropertyValueSpecification","valueRequired":true,"valueName":"search_term_string"}}],"inLanguage":"pt-PT"}]}},"_links":{"self":[{"href":"https:\/\/electricink.eu\/pt-pt\/wp-json\/wp\/v2\/product\/36660","targetHints":{"allow":["GET"]}}],"collection":[{"href":"https:\/\/electricink.eu\/pt-pt\/wp-json\/wp\/v2\/product"}],"about":[{"href":"https:\/\/electricink.eu\/pt-pt\/wp-json\/wp\/v2\/types\/product"}],"replies":[{"embeddable":true,"href":"https:\/\/electricink.eu\/pt-pt\/wp-json\/wp\/v2\/comments?post=36660"}],"wp:featuredmedia":[{"embeddable":true,"href":"https:\/\/electricink.eu\/pt-pt\/wp-json\/wp\/v2\/media\/4597"}],"wp:attachment":[{"href":"https:\/\/electricink.eu\/pt-pt\/wp-json\/wp\/v2\/media?parent=36660"}],"wp:term":[{"taxonomy":"product_brand","embeddable":true,"href":"https:\/\/electricink.eu\/pt-pt\/wp-json\/wp\/v2\/product_brand?post=36660"},{"taxonomy":"product_cat","embeddable":true,"href":"https:\/\/electricink.eu\/pt-pt\/wp-json\/wp\/v2\/product_cat?post=36660"},{"taxonomy":"product_tag","embeddable":true,"href":"https:\/\/electricink.eu\/pt-pt\/wp-json\/wp\/v2\/product_tag?post=36660"}],"curies":[{"name":"wp","href":"https:\/\/api.w.org\/{rel}","templated":true}]}}