{"id":36666,"date":"2023-12-14T01:24:48","date_gmt":"2023-12-14T00:24:48","guid":{"rendered":"https:\/\/electricink.eu\/producto\/agulhas-advanced-09-flex-curvas-5un\/"},"modified":"2026-03-05T19:49:36","modified_gmt":"2026-03-05T18:49:36","slug":"agulhas-advanced-09-flex-curvas-5un","status":"publish","type":"product","link":"https:\/\/electricink.eu\/pt-pt\/producto\/agulhas-advanced-09-flex-curvas-5un\/","title":{"rendered":"Agulhas Advanced 09 Flex Curvas &#8211; 5un"},"content":{"rendered":"<p><strong>Agulhas Avan\u00e7adas &#8211; Tinta El\u00e9trica<\/strong><\/p>\n<p><strong>&#8212;&#8212;&#8212;&#8212;&#8212;- Especifica\u00e7\u00f5es \/ Peso \/ Dimens\u00f5es &#8212;&#8212;&#8212;&#8212;&#8212;&#8212;-<\/strong><\/p>\n<p>&#8211; Aplica\u00e7\u00e3o: microblading<br \/>Configura\u00e7\u00e3o: 09 Flex Curvo<br \/>&#8211; Espessura: 0,22 mm<br \/>&#8211; Esteriliza\u00e7\u00e3o individual por \u00f3xido de etileno.<\/p>\n<p>Vendido em caixa unit\u00e1ria, em configura\u00e7\u00e3o \u00fanica, com 5 unidades de folhas\/caixa, em blisters est\u00e9reis e descart\u00e1veis.<\/p>\n<p><strong>&#8212;&#8212;&#8212;&#8212;&#8212;&#8212;&#8212;&#8212;- Itens inclu\u00eddos &#8212;&#8212;&#8212;&#8212;&#8212;&#8212;&#8212;&#8211; &#8212;<\/strong><\/p>\n<p>&#8211; 05 folhas descart\u00e1veis \u200b\u200bpara tebori\/indutor, uso \u00fanico (em blisters est\u00e9reis)<\/p>\n<p><strong>&#8212;&#8212;&#8212;&#8212;&#8212;&#8212;&#8212;- Garantia do produto &#8212;&#8212;&#8212;&#8212;&#8212;&#8212;&#8212;&#8212;-<\/strong><\/p>\n<p>O per\u00edodo de garantia e esteriliza\u00e7\u00e3o oferecido pela Electric Ink segue as normas europeias vigentes. A garantia da Electric Ink contra defeitos de fabrica\u00e7\u00e3o inicia-se a partir da compra do produto pelo consumidor, comprovada pela nota fiscal de compra do respectivo item.<\/p>\n<p><strong>&#8212;&#8212;&#8212;&#8212;&#8212;&#8212;&#8212;&#8211; Assist\u00eancia t\u00e9cnica &#8212;&#8212;&#8212;&#8212;&#8212;&#8212;&#8212;&#8212;- &#8211;<\/strong><\/p>\n<p>Contato por e-mail via info@electric.local<\/p>\n","protected":false},"excerpt":{"rendered":"<p>Agulhas Avan\u00e7adas &#8211; folhas est\u00e9reis para teboris\/indutores.<\/p>\n<p>As l\u00e2minas Advanced Needles foram desenvolvidas para serem utilizadas em conjunto com os teboris de alum\u00ednio, projetadas para que os profissionais de microblading obtenham os melhores resultados em suas aplica\u00e7\u00f5es.<br \/>Todas as l\u00e2minas s\u00e3o esterilizadas com \u00f3xido de etileno e acondicionadas em blisters unit\u00e1rios de papel cir\u00fargico, aprovados ap\u00f3s rigoroso processo de controle de qualidade, com an\u00e1lise individual antes da comercializa\u00e7\u00e3o, garantindo assim a m\u00e1xima higiene e seguran\u00e7a ao profissional e ao cliente durante o procedimento. inventar).<\/p>\n<p>Aparelho est\u00e9ril e descart\u00e1vel, de uso \u00fanico, sendo proibida a reutiliza\u00e7\u00e3o.<\/p>\n<p>No microblading, as l\u00e2minas FLEX, abreviatura de \u201cflex\u00edveis\u201d, s\u00e3o ideais para todos os profissionais. Tamb\u00e9m utilizado em cursos e por t\u00e9cnicos iniciantes, \u00e9 um modelo bastante vers\u00e1til e que oferece grande seguran\u00e7a ao novo profissional, para realizar qualquer tipo de sobrancelha sem medo de danificar a pele de sua cliente.<\/p>\n<p>&nbsp;<\/p>\n<p>Recomenda\u00e7\u00f5es:<br \/>&#8211; Ap\u00f3s o uso, descarte o aplicador em recipiente grupo 3, espec\u00edfico para materiais contaminantes;<br \/>&#8211; Armazenar em local seco e fresco, protegido da umidade e da luz solar direta;<br \/>&#8211; Manuseie este produto sempre com luvas de procedimento;<br \/>&#8211; N\u00c3O USE O PRODUTO SE A EMBALAGEM ESTIVER ABERTA OU DANIFICADA.<\/p>\n","protected":false},"featured_media":4605,"comment_status":"closed","ping_status":"closed","template":"","meta":{"_acf_changed":false,"_et_pb_use_builder":"","_et_pb_old_content":"","_et_gb_content_width":"","inline_featured_image":false},"product_brand":[],"product_cat":[731,739,740],"product_tag":[],"class_list":{"0":"post-36666","1":"product","2":"type-product","3":"status-publish","4":"has-post-thumbnail","6":"product_cat-micropigmentacao","7":"product_cat-teboris-pt","8":"product_cat-laminas-para-teboris-pt-pt","10":"first","11":"instock","12":"taxable","13":"shipping-taxable","14":"purchasable","15":"product-type-simple"},"acf":[],"yoast_head":"<!-- This site is optimized with the Yoast SEO plugin v27.4 - https:\/\/yoast.com\/product\/yoast-seo-wordpress\/ -->\n<title>Agulhas Advanced 09 Flex Curvas - 5un - Electric Ink\u00ae<\/title>\n<meta name=\"robots\" content=\"index, follow, max-snippet:-1, max-image-preview:large, max-video-preview:-1\" \/>\n<link rel=\"canonical\" href=\"https:\/\/electricink.eu\/pt-pt\/producto\/agulhas-advanced-09-flex-curvas-5un\/\" \/>\n<meta property=\"og:locale\" content=\"pt_PT\" \/>\n<meta property=\"og:type\" content=\"article\" \/>\n<meta property=\"og:title\" content=\"Agulhas Advanced 09 Flex Curvas - 5un - Electric Ink\u00ae\" \/>\n<meta property=\"og:description\" content=\"Agulhas Avan\u00e7adas - folhas est\u00e9reis para teboris\/indutores. As l\u00e2minas Advanced Needles foram desenvolvidas para serem utilizadas em conjunto com os teboris de alum\u00ednio, projetadas para que os profissionais de microblading obtenham os melhores resultados em suas aplica\u00e7\u00f5es.Todas as l\u00e2minas s\u00e3o esterilizadas com \u00f3xido de etileno e acondicionadas em blisters unit\u00e1rios de papel cir\u00fargico, aprovados ap\u00f3s rigoroso processo de controle de qualidade, com an\u00e1lise individual antes da comercializa\u00e7\u00e3o, garantindo assim a m\u00e1xima higiene e seguran\u00e7a ao profissional e ao cliente durante o procedimento. inventar). Aparelho est\u00e9ril e descart\u00e1vel, de uso \u00fanico, sendo proibida a reutiliza\u00e7\u00e3o. No microblading, as l\u00e2minas FLEX, abreviatura de \u201cflex\u00edveis\u201d, s\u00e3o ideais para todos os profissionais. Tamb\u00e9m utilizado em cursos e por t\u00e9cnicos iniciantes, \u00e9 um modelo bastante vers\u00e1til e que oferece grande seguran\u00e7a ao novo profissional, para realizar qualquer tipo de sobrancelha sem medo de danificar a pele de sua cliente. &nbsp; Recomenda\u00e7\u00f5es:- Ap\u00f3s o uso, descarte o aplicador em recipiente grupo 3, espec\u00edfico para materiais contaminantes;- Armazenar em local seco e fresco, protegido da umidade e da luz solar direta;- Manuseie este produto sempre com luvas de procedimento;- N\u00c3O USE O PRODUTO SE A EMBALAGEM ESTIVER ABERTA OU DANIFICADA.\" \/>\n<meta property=\"og:url\" content=\"https:\/\/electricink.eu\/pt-pt\/producto\/agulhas-advanced-09-flex-curvas-5un\/\" \/>\n<meta property=\"og:site_name\" content=\"Electric Ink\u00ae\" \/>\n<meta property=\"article:modified_time\" content=\"2026-03-05T18:49:36+00:00\" \/>\n<meta property=\"og:image\" content=\"https:\/\/electricink.eu\/wp-content\/uploads\/2023\/10\/Advanced-needles-nuance-9-flex-curved.jpg\" \/>\n\t<meta property=\"og:image:width\" content=\"500\" \/>\n\t<meta property=\"og:image:height\" content=\"500\" \/>\n\t<meta property=\"og:image:type\" content=\"image\/jpeg\" \/>\n<meta name=\"twitter:card\" content=\"summary_large_image\" \/>\n<meta name=\"twitter:label1\" content=\"Tempo estimado de leitura\" \/>\n\t<meta name=\"twitter:data1\" content=\"1 minuto\" \/>\n<script type=\"application\/ld+json\" class=\"yoast-schema-graph\">{\"@context\":\"https:\\\/\\\/schema.org\",\"@graph\":[{\"@type\":\"WebPage\",\"@id\":\"https:\\\/\\\/electricink.eu\\\/pt-pt\\\/producto\\\/agulhas-advanced-09-flex-curvas-5un\\\/\",\"url\":\"https:\\\/\\\/electricink.eu\\\/pt-pt\\\/producto\\\/agulhas-advanced-09-flex-curvas-5un\\\/\",\"name\":\"Agulhas Advanced 09 Flex Curvas - 5un - Electric Ink\u00ae\",\"isPartOf\":{\"@id\":\"https:\\\/\\\/electricink.eu\\\/#website\"},\"primaryImageOfPage\":{\"@id\":\"https:\\\/\\\/electricink.eu\\\/pt-pt\\\/producto\\\/agulhas-advanced-09-flex-curvas-5un\\\/#primaryimage\"},\"image\":{\"@id\":\"https:\\\/\\\/electricink.eu\\\/pt-pt\\\/producto\\\/agulhas-advanced-09-flex-curvas-5un\\\/#primaryimage\"},\"thumbnailUrl\":\"https:\\\/\\\/electricink.eu\\\/wp-content\\\/uploads\\\/2023\\\/10\\\/Advanced-needles-nuance-9-flex-curved.jpg\",\"datePublished\":\"2023-12-14T00:24:48+00:00\",\"dateModified\":\"2026-03-05T18:49:36+00:00\",\"breadcrumb\":{\"@id\":\"https:\\\/\\\/electricink.eu\\\/pt-pt\\\/producto\\\/agulhas-advanced-09-flex-curvas-5un\\\/#breadcrumb\"},\"inLanguage\":\"pt-PT\",\"potentialAction\":[{\"@type\":\"ReadAction\",\"target\":[\"https:\\\/\\\/electricink.eu\\\/pt-pt\\\/producto\\\/agulhas-advanced-09-flex-curvas-5un\\\/\"]}]},{\"@type\":\"ImageObject\",\"inLanguage\":\"pt-PT\",\"@id\":\"https:\\\/\\\/electricink.eu\\\/pt-pt\\\/producto\\\/agulhas-advanced-09-flex-curvas-5un\\\/#primaryimage\",\"url\":\"https:\\\/\\\/electricink.eu\\\/wp-content\\\/uploads\\\/2023\\\/10\\\/Advanced-needles-nuance-9-flex-curved.jpg\",\"contentUrl\":\"https:\\\/\\\/electricink.eu\\\/wp-content\\\/uploads\\\/2023\\\/10\\\/Advanced-needles-nuance-9-flex-curved.jpg\",\"width\":500,\"height\":500},{\"@type\":\"BreadcrumbList\",\"@id\":\"https:\\\/\\\/electricink.eu\\\/pt-pt\\\/producto\\\/agulhas-advanced-09-flex-curvas-5un\\\/#breadcrumb\",\"itemListElement\":[{\"@type\":\"ListItem\",\"position\":1,\"name\":\"Portada\",\"item\":\"https:\\\/\\\/electricink.eu\\\/pt-pt\\\/home\\\/\"},{\"@type\":\"ListItem\",\"position\":2,\"name\":\"Tienda\",\"item\":\"https:\\\/\\\/electricink.eu\\\/tienda\\\/\"},{\"@type\":\"ListItem\",\"position\":3,\"name\":\"Agulhas Advanced 09 Flex Curvas &#8211; 5un\"}]},{\"@type\":\"WebSite\",\"@id\":\"https:\\\/\\\/electricink.eu\\\/#website\",\"url\":\"https:\\\/\\\/electricink.eu\\\/\",\"name\":\"Electric Ink\u00ae\",\"description\":\"Material para Tatuar Profesional en Europa - Electric Ink\u00ae\",\"potentialAction\":[{\"@type\":\"SearchAction\",\"target\":{\"@type\":\"EntryPoint\",\"urlTemplate\":\"https:\\\/\\\/electricink.eu\\\/?s={search_term_string}\"},\"query-input\":{\"@type\":\"PropertyValueSpecification\",\"valueRequired\":true,\"valueName\":\"search_term_string\"}}],\"inLanguage\":\"pt-PT\"}]}<\/script>\n<!-- \/ Yoast SEO plugin. -->","yoast_head_json":{"title":"Agulhas Advanced 09 Flex Curvas - 5un - Electric Ink\u00ae","robots":{"index":"index","follow":"follow","max-snippet":"max-snippet:-1","max-image-preview":"max-image-preview:large","max-video-preview":"max-video-preview:-1"},"canonical":"https:\/\/electricink.eu\/pt-pt\/producto\/agulhas-advanced-09-flex-curvas-5un\/","og_locale":"pt_PT","og_type":"article","og_title":"Agulhas Advanced 09 Flex Curvas - 5un - Electric Ink\u00ae","og_description":"Agulhas Avan\u00e7adas - folhas est\u00e9reis para teboris\/indutores. As l\u00e2minas Advanced Needles foram desenvolvidas para serem utilizadas em conjunto com os teboris de alum\u00ednio, projetadas para que os profissionais de microblading obtenham os melhores resultados em suas aplica\u00e7\u00f5es.Todas as l\u00e2minas s\u00e3o esterilizadas com \u00f3xido de etileno e acondicionadas em blisters unit\u00e1rios de papel cir\u00fargico, aprovados ap\u00f3s rigoroso processo de controle de qualidade, com an\u00e1lise individual antes da comercializa\u00e7\u00e3o, garantindo assim a m\u00e1xima higiene e seguran\u00e7a ao profissional e ao cliente durante o procedimento. inventar). Aparelho est\u00e9ril e descart\u00e1vel, de uso \u00fanico, sendo proibida a reutiliza\u00e7\u00e3o. No microblading, as l\u00e2minas FLEX, abreviatura de \u201cflex\u00edveis\u201d, s\u00e3o ideais para todos os profissionais. Tamb\u00e9m utilizado em cursos e por t\u00e9cnicos iniciantes, \u00e9 um modelo bastante vers\u00e1til e que oferece grande seguran\u00e7a ao novo profissional, para realizar qualquer tipo de sobrancelha sem medo de danificar a pele de sua cliente. &nbsp; Recomenda\u00e7\u00f5es:- Ap\u00f3s o uso, descarte o aplicador em recipiente grupo 3, espec\u00edfico para materiais contaminantes;- Armazenar em local seco e fresco, protegido da umidade e da luz solar direta;- Manuseie este produto sempre com luvas de procedimento;- N\u00c3O USE O PRODUTO SE A EMBALAGEM ESTIVER ABERTA OU DANIFICADA.","og_url":"https:\/\/electricink.eu\/pt-pt\/producto\/agulhas-advanced-09-flex-curvas-5un\/","og_site_name":"Electric Ink\u00ae","article_modified_time":"2026-03-05T18:49:36+00:00","og_image":[{"width":500,"height":500,"url":"https:\/\/electricink.eu\/wp-content\/uploads\/2023\/10\/Advanced-needles-nuance-9-flex-curved.jpg","type":"image\/jpeg"}],"twitter_card":"summary_large_image","twitter_misc":{"Tempo estimado de leitura":"1 minuto"},"schema":{"@context":"https:\/\/schema.org","@graph":[{"@type":"WebPage","@id":"https:\/\/electricink.eu\/pt-pt\/producto\/agulhas-advanced-09-flex-curvas-5un\/","url":"https:\/\/electricink.eu\/pt-pt\/producto\/agulhas-advanced-09-flex-curvas-5un\/","name":"Agulhas Advanced 09 Flex Curvas - 5un - Electric Ink\u00ae","isPartOf":{"@id":"https:\/\/electricink.eu\/#website"},"primaryImageOfPage":{"@id":"https:\/\/electricink.eu\/pt-pt\/producto\/agulhas-advanced-09-flex-curvas-5un\/#primaryimage"},"image":{"@id":"https:\/\/electricink.eu\/pt-pt\/producto\/agulhas-advanced-09-flex-curvas-5un\/#primaryimage"},"thumbnailUrl":"https:\/\/electricink.eu\/wp-content\/uploads\/2023\/10\/Advanced-needles-nuance-9-flex-curved.jpg","datePublished":"2023-12-14T00:24:48+00:00","dateModified":"2026-03-05T18:49:36+00:00","breadcrumb":{"@id":"https:\/\/electricink.eu\/pt-pt\/producto\/agulhas-advanced-09-flex-curvas-5un\/#breadcrumb"},"inLanguage":"pt-PT","potentialAction":[{"@type":"ReadAction","target":["https:\/\/electricink.eu\/pt-pt\/producto\/agulhas-advanced-09-flex-curvas-5un\/"]}]},{"@type":"ImageObject","inLanguage":"pt-PT","@id":"https:\/\/electricink.eu\/pt-pt\/producto\/agulhas-advanced-09-flex-curvas-5un\/#primaryimage","url":"https:\/\/electricink.eu\/wp-content\/uploads\/2023\/10\/Advanced-needles-nuance-9-flex-curved.jpg","contentUrl":"https:\/\/electricink.eu\/wp-content\/uploads\/2023\/10\/Advanced-needles-nuance-9-flex-curved.jpg","width":500,"height":500},{"@type":"BreadcrumbList","@id":"https:\/\/electricink.eu\/pt-pt\/producto\/agulhas-advanced-09-flex-curvas-5un\/#breadcrumb","itemListElement":[{"@type":"ListItem","position":1,"name":"Portada","item":"https:\/\/electricink.eu\/pt-pt\/home\/"},{"@type":"ListItem","position":2,"name":"Tienda","item":"https:\/\/electricink.eu\/tienda\/"},{"@type":"ListItem","position":3,"name":"Agulhas Advanced 09 Flex Curvas &#8211; 5un"}]},{"@type":"WebSite","@id":"https:\/\/electricink.eu\/#website","url":"https:\/\/electricink.eu\/","name":"Electric Ink\u00ae","description":"Material para Tatuar Profesional en Europa - Electric Ink\u00ae","potentialAction":[{"@type":"SearchAction","target":{"@type":"EntryPoint","urlTemplate":"https:\/\/electricink.eu\/?s={search_term_string}"},"query-input":{"@type":"PropertyValueSpecification","valueRequired":true,"valueName":"search_term_string"}}],"inLanguage":"pt-PT"}]}},"_links":{"self":[{"href":"https:\/\/electricink.eu\/pt-pt\/wp-json\/wp\/v2\/product\/36666","targetHints":{"allow":["GET"]}}],"collection":[{"href":"https:\/\/electricink.eu\/pt-pt\/wp-json\/wp\/v2\/product"}],"about":[{"href":"https:\/\/electricink.eu\/pt-pt\/wp-json\/wp\/v2\/types\/product"}],"replies":[{"embeddable":true,"href":"https:\/\/electricink.eu\/pt-pt\/wp-json\/wp\/v2\/comments?post=36666"}],"wp:featuredmedia":[{"embeddable":true,"href":"https:\/\/electricink.eu\/pt-pt\/wp-json\/wp\/v2\/media\/4605"}],"wp:attachment":[{"href":"https:\/\/electricink.eu\/pt-pt\/wp-json\/wp\/v2\/media?parent=36666"}],"wp:term":[{"taxonomy":"product_brand","embeddable":true,"href":"https:\/\/electricink.eu\/pt-pt\/wp-json\/wp\/v2\/product_brand?post=36666"},{"taxonomy":"product_cat","embeddable":true,"href":"https:\/\/electricink.eu\/pt-pt\/wp-json\/wp\/v2\/product_cat?post=36666"},{"taxonomy":"product_tag","embeddable":true,"href":"https:\/\/electricink.eu\/pt-pt\/wp-json\/wp\/v2\/product_tag?post=36666"}],"curies":[{"name":"wp","href":"https:\/\/api.w.org\/{rel}","templated":true}]}}