{"id":36714,"date":"2023-05-03T01:23:57","date_gmt":"2023-05-02T23:23:57","guid":{"rendered":"https:\/\/electricink.eu\/producto\/tinta-sumi-3-jin-easy-glow-240ml-reach\/"},"modified":"2023-12-14T01:23:57","modified_gmt":"2023-12-14T00:23:57","slug":"tinta-sumi-3-jin-easy-glow-240ml-reach","status":"publish","type":"product","link":"https:\/\/electricink.eu\/pt-pt\/producto\/tinta-sumi-3-jin-easy-glow-240ml-reach\/","title":{"rendered":"Tinta SUMI 3 &#8211; JIN Easy Glow 240ml REACH"},"content":{"rendered":"<p><strong>Pigmentos Aprovados Electric Ink<\/strong><\/p>\n<p>Finalidade do Produto: Mistura para uso em tatuagens ou maquiagem definitiva.<\/p>\n<p>Produto para uso profissional de acordo com o Regulamento (UE) 2020\/2081 da comiss\u00e3o de 14 de dezembro de 2020 sobre o Registro, Avalia\u00e7\u00e3o, autoriza\u00e7\u00e3o e restri\u00e7\u00e3o de subst\u00e2ncias e misturas qu\u00edmicas (REACH), no que diz respeito a subst\u00e2ncias contidas em tintas para tatuagem ou maquiagem permanente.<\/p>\n<p><strong>Marca:<\/strong> Easy Glow<\/p>\n<p><strong>Quantidade:<\/strong> 240ml<\/p>\n<p><strong>Aplica\u00e7\u00e3o:<\/strong> Tatuagem ou Micropigmenta\u00e7\u00e3o<\/p>\n","protected":false},"excerpt":{"rendered":"<p>A linha de Sumis Easy Glow \u00e9 uma gama completa de 7 sumis para um\u00a0 sombreado perfeito. Nossa linha Sumi parte da Sumi 1, GI, com menos concentra\u00e7\u00e3o de pigmento e a Sumi 7, EMPEROR BLACK, com mais concentra\u00e7\u00e3o de pigmentos.<\/p>\n<p>Uma tinta vers\u00e1til, excelente para pinturas e sombreados e suas principais caracter\u00edsticas s\u00e3o maior fluidez, rendimento, alto poder de cobertura e fixa\u00e7\u00e3o, facilidade ao sombrear, limpar e garantir uma r\u00e1pida cicatriza\u00e7\u00e3o.<\/p>\n<p>Experimente toda nossa gama de Sumis:<\/p>\n<p>GI &#8211; Sumi 1<\/p>\n<p>YUU &#8211; Sumi 2<\/p>\n<p>JIN &#8211; Sumi 3<\/p>\n<p>REI &#8211; Sumi 4<\/p>\n<p>MAKOTO &#8211; Sumi 5<\/p>\n<p>MEIYO &#8211; Sumi 6<\/p>\n<p>EMPEROR BLACK &#8211; Sumi 7<\/p>\n","protected":false},"featured_media":45241,"comment_status":"closed","ping_status":"closed","template":"","meta":{"_acf_changed":false,"_et_pb_use_builder":"","_et_pb_old_content":"","_et_gb_content_width":"","inline_featured_image":false},"product_brand":[],"product_cat":[760,745],"product_tag":[839],"class_list":{"0":"post-36714","1":"product","2":"type-product","3":"status-publish","4":"has-post-thumbnail","6":"product_cat-tintas-homologadas-espanha","7":"product_cat-tattoo","8":"product_tag-240ml-pt-pt","10":"first","11":"instock","12":"taxable","13":"shipping-taxable","14":"purchasable","15":"product-type-simple"},"acf":[],"yoast_head":"<!-- This site is optimized with the Yoast SEO plugin v27.4 - https:\/\/yoast.com\/product\/yoast-seo-wordpress\/ -->\n<title>Tinta SUMI 3 - JIN Easy Glow 240ml REACH - Electric Ink\u00ae<\/title>\n<meta name=\"robots\" content=\"index, follow, max-snippet:-1, max-image-preview:large, max-video-preview:-1\" \/>\n<link rel=\"canonical\" href=\"https:\/\/electricink.eu\/producto\/tinta-sumi-3-jin-easy-glow-240ml-reach\/\" \/>\n<meta property=\"og:locale\" content=\"pt_PT\" \/>\n<meta property=\"og:type\" content=\"article\" \/>\n<meta property=\"og:title\" content=\"Tinta SUMI 3 - JIN Easy Glow 240ml REACH - Electric Ink\u00ae\" \/>\n<meta property=\"og:description\" content=\"A linha de Sumis Easy Glow \u00e9 uma gama completa de 7 sumis para um\u00a0 sombreado perfeito. Nossa linha Sumi parte da Sumi 1, GI, com menos concentra\u00e7\u00e3o de pigmento e a Sumi 7, EMPEROR BLACK, com mais concentra\u00e7\u00e3o de pigmentos. Uma tinta vers\u00e1til, excelente para pinturas e sombreados e suas principais caracter\u00edsticas s\u00e3o maior fluidez, rendimento, alto poder de cobertura e fixa\u00e7\u00e3o, facilidade ao sombrear, limpar e garantir uma r\u00e1pida cicatriza\u00e7\u00e3o. Experimente toda nossa gama de Sumis: GI - Sumi 1 YUU - Sumi 2 JIN - Sumi 3 REI - Sumi 4 MAKOTO - Sumi 5 MEIYO - Sumi 6 EMPEROR BLACK - Sumi 7\" \/>\n<meta property=\"og:url\" content=\"https:\/\/electricink.eu\/producto\/tinta-sumi-3-jin-easy-glow-240ml-reach\/\" \/>\n<meta property=\"og:site_name\" content=\"Electric Ink\u00ae\" \/>\n<meta property=\"article:modified_time\" content=\"2023-12-14T00:23:57+00:00\" \/>\n<meta property=\"og:image\" content=\"https:\/\/electricink.eu\/wp-content\/uploads\/2023\/12\/240ml-3.png\" \/>\n\t<meta property=\"og:image:width\" content=\"1200\" \/>\n\t<meta property=\"og:image:height\" content=\"1200\" \/>\n\t<meta property=\"og:image:type\" content=\"image\/png\" \/>\n<meta name=\"twitter:card\" content=\"summary_large_image\" \/>\n<script type=\"application\/ld+json\" class=\"yoast-schema-graph\">{\"@context\":\"https:\\\/\\\/schema.org\",\"@graph\":[{\"@type\":\"WebPage\",\"@id\":\"https:\\\/\\\/electricink.eu\\\/producto\\\/tinta-sumi-3-jin-easy-glow-240ml-reach\\\/\",\"url\":\"https:\\\/\\\/electricink.eu\\\/producto\\\/tinta-sumi-3-jin-easy-glow-240ml-reach\\\/\",\"name\":\"Tinta SUMI 3 - JIN Easy Glow 240ml REACH - Electric Ink\u00ae\",\"isPartOf\":{\"@id\":\"https:\\\/\\\/electricink.eu\\\/#website\"},\"primaryImageOfPage\":{\"@id\":\"https:\\\/\\\/electricink.eu\\\/producto\\\/tinta-sumi-3-jin-easy-glow-240ml-reach\\\/#primaryimage\"},\"image\":{\"@id\":\"https:\\\/\\\/electricink.eu\\\/producto\\\/tinta-sumi-3-jin-easy-glow-240ml-reach\\\/#primaryimage\"},\"thumbnailUrl\":\"https:\\\/\\\/electricink.eu\\\/wp-content\\\/uploads\\\/2023\\\/12\\\/240ml-3.png\",\"datePublished\":\"2023-05-02T23:23:57+00:00\",\"dateModified\":\"2023-12-14T00:23:57+00:00\",\"breadcrumb\":{\"@id\":\"https:\\\/\\\/electricink.eu\\\/producto\\\/tinta-sumi-3-jin-easy-glow-240ml-reach\\\/#breadcrumb\"},\"inLanguage\":\"pt-PT\",\"potentialAction\":[{\"@type\":\"ReadAction\",\"target\":[\"https:\\\/\\\/electricink.eu\\\/producto\\\/tinta-sumi-3-jin-easy-glow-240ml-reach\\\/\"]}]},{\"@type\":\"ImageObject\",\"inLanguage\":\"pt-PT\",\"@id\":\"https:\\\/\\\/electricink.eu\\\/producto\\\/tinta-sumi-3-jin-easy-glow-240ml-reach\\\/#primaryimage\",\"url\":\"https:\\\/\\\/electricink.eu\\\/wp-content\\\/uploads\\\/2023\\\/12\\\/240ml-3.png\",\"contentUrl\":\"https:\\\/\\\/electricink.eu\\\/wp-content\\\/uploads\\\/2023\\\/12\\\/240ml-3.png\",\"width\":1200,\"height\":1200},{\"@type\":\"BreadcrumbList\",\"@id\":\"https:\\\/\\\/electricink.eu\\\/producto\\\/tinta-sumi-3-jin-easy-glow-240ml-reach\\\/#breadcrumb\",\"itemListElement\":[{\"@type\":\"ListItem\",\"position\":1,\"name\":\"Portada\",\"item\":\"https:\\\/\\\/electricink.eu\\\/pt-pt\\\/home\\\/\"},{\"@type\":\"ListItem\",\"position\":2,\"name\":\"Tienda\",\"item\":\"https:\\\/\\\/electricink.eu\\\/tienda\\\/\"},{\"@type\":\"ListItem\",\"position\":3,\"name\":\"Tinta SUMI 3 &#8211; JIN Easy Glow 240ml REACH\"}]},{\"@type\":\"WebSite\",\"@id\":\"https:\\\/\\\/electricink.eu\\\/#website\",\"url\":\"https:\\\/\\\/electricink.eu\\\/\",\"name\":\"Electric Ink\u00ae\",\"description\":\"Material para Tatuar Profesional en Europa - Electric Ink\u00ae\",\"potentialAction\":[{\"@type\":\"SearchAction\",\"target\":{\"@type\":\"EntryPoint\",\"urlTemplate\":\"https:\\\/\\\/electricink.eu\\\/?s={search_term_string}\"},\"query-input\":{\"@type\":\"PropertyValueSpecification\",\"valueRequired\":true,\"valueName\":\"search_term_string\"}}],\"inLanguage\":\"pt-PT\"}]}<\/script>\n<!-- \/ Yoast SEO plugin. -->","yoast_head_json":{"title":"Tinta SUMI 3 - JIN Easy Glow 240ml REACH - Electric Ink\u00ae","robots":{"index":"index","follow":"follow","max-snippet":"max-snippet:-1","max-image-preview":"max-image-preview:large","max-video-preview":"max-video-preview:-1"},"canonical":"https:\/\/electricink.eu\/producto\/tinta-sumi-3-jin-easy-glow-240ml-reach\/","og_locale":"pt_PT","og_type":"article","og_title":"Tinta SUMI 3 - JIN Easy Glow 240ml REACH - Electric Ink\u00ae","og_description":"A linha de Sumis Easy Glow \u00e9 uma gama completa de 7 sumis para um\u00a0 sombreado perfeito. Nossa linha Sumi parte da Sumi 1, GI, com menos concentra\u00e7\u00e3o de pigmento e a Sumi 7, EMPEROR BLACK, com mais concentra\u00e7\u00e3o de pigmentos. Uma tinta vers\u00e1til, excelente para pinturas e sombreados e suas principais caracter\u00edsticas s\u00e3o maior fluidez, rendimento, alto poder de cobertura e fixa\u00e7\u00e3o, facilidade ao sombrear, limpar e garantir uma r\u00e1pida cicatriza\u00e7\u00e3o. Experimente toda nossa gama de Sumis: GI - Sumi 1 YUU - Sumi 2 JIN - Sumi 3 REI - Sumi 4 MAKOTO - Sumi 5 MEIYO - Sumi 6 EMPEROR BLACK - Sumi 7","og_url":"https:\/\/electricink.eu\/producto\/tinta-sumi-3-jin-easy-glow-240ml-reach\/","og_site_name":"Electric Ink\u00ae","article_modified_time":"2023-12-14T00:23:57+00:00","og_image":[{"width":1200,"height":1200,"url":"https:\/\/electricink.eu\/wp-content\/uploads\/2023\/12\/240ml-3.png","type":"image\/png"}],"twitter_card":"summary_large_image","schema":{"@context":"https:\/\/schema.org","@graph":[{"@type":"WebPage","@id":"https:\/\/electricink.eu\/producto\/tinta-sumi-3-jin-easy-glow-240ml-reach\/","url":"https:\/\/electricink.eu\/producto\/tinta-sumi-3-jin-easy-glow-240ml-reach\/","name":"Tinta SUMI 3 - JIN Easy Glow 240ml REACH - Electric Ink\u00ae","isPartOf":{"@id":"https:\/\/electricink.eu\/#website"},"primaryImageOfPage":{"@id":"https:\/\/electricink.eu\/producto\/tinta-sumi-3-jin-easy-glow-240ml-reach\/#primaryimage"},"image":{"@id":"https:\/\/electricink.eu\/producto\/tinta-sumi-3-jin-easy-glow-240ml-reach\/#primaryimage"},"thumbnailUrl":"https:\/\/electricink.eu\/wp-content\/uploads\/2023\/12\/240ml-3.png","datePublished":"2023-05-02T23:23:57+00:00","dateModified":"2023-12-14T00:23:57+00:00","breadcrumb":{"@id":"https:\/\/electricink.eu\/producto\/tinta-sumi-3-jin-easy-glow-240ml-reach\/#breadcrumb"},"inLanguage":"pt-PT","potentialAction":[{"@type":"ReadAction","target":["https:\/\/electricink.eu\/producto\/tinta-sumi-3-jin-easy-glow-240ml-reach\/"]}]},{"@type":"ImageObject","inLanguage":"pt-PT","@id":"https:\/\/electricink.eu\/producto\/tinta-sumi-3-jin-easy-glow-240ml-reach\/#primaryimage","url":"https:\/\/electricink.eu\/wp-content\/uploads\/2023\/12\/240ml-3.png","contentUrl":"https:\/\/electricink.eu\/wp-content\/uploads\/2023\/12\/240ml-3.png","width":1200,"height":1200},{"@type":"BreadcrumbList","@id":"https:\/\/electricink.eu\/producto\/tinta-sumi-3-jin-easy-glow-240ml-reach\/#breadcrumb","itemListElement":[{"@type":"ListItem","position":1,"name":"Portada","item":"https:\/\/electricink.eu\/pt-pt\/home\/"},{"@type":"ListItem","position":2,"name":"Tienda","item":"https:\/\/electricink.eu\/tienda\/"},{"@type":"ListItem","position":3,"name":"Tinta SUMI 3 &#8211; JIN Easy Glow 240ml REACH"}]},{"@type":"WebSite","@id":"https:\/\/electricink.eu\/#website","url":"https:\/\/electricink.eu\/","name":"Electric Ink\u00ae","description":"Material para Tatuar Profesional en Europa - Electric Ink\u00ae","potentialAction":[{"@type":"SearchAction","target":{"@type":"EntryPoint","urlTemplate":"https:\/\/electricink.eu\/?s={search_term_string}"},"query-input":{"@type":"PropertyValueSpecification","valueRequired":true,"valueName":"search_term_string"}}],"inLanguage":"pt-PT"}]}},"_links":{"self":[{"href":"https:\/\/electricink.eu\/pt-pt\/wp-json\/wp\/v2\/product\/36714","targetHints":{"allow":["GET"]}}],"collection":[{"href":"https:\/\/electricink.eu\/pt-pt\/wp-json\/wp\/v2\/product"}],"about":[{"href":"https:\/\/electricink.eu\/pt-pt\/wp-json\/wp\/v2\/types\/product"}],"replies":[{"embeddable":true,"href":"https:\/\/electricink.eu\/pt-pt\/wp-json\/wp\/v2\/comments?post=36714"}],"wp:featuredmedia":[{"embeddable":true,"href":"https:\/\/electricink.eu\/pt-pt\/wp-json\/wp\/v2\/media\/45241"}],"wp:attachment":[{"href":"https:\/\/electricink.eu\/pt-pt\/wp-json\/wp\/v2\/media?parent=36714"}],"wp:term":[{"taxonomy":"product_brand","embeddable":true,"href":"https:\/\/electricink.eu\/pt-pt\/wp-json\/wp\/v2\/product_brand?post=36714"},{"taxonomy":"product_cat","embeddable":true,"href":"https:\/\/electricink.eu\/pt-pt\/wp-json\/wp\/v2\/product_cat?post=36714"},{"taxonomy":"product_tag","embeddable":true,"href":"https:\/\/electricink.eu\/pt-pt\/wp-json\/wp\/v2\/product_tag?post=36714"}],"curies":[{"name":"wp","href":"https:\/\/api.w.org\/{rel}","templated":true}]}}