{"id":36729,"date":"2023-12-14T01:23:57","date_gmt":"2023-12-14T00:23:57","guid":{"rendered":"https:\/\/electricink.eu\/producto\/batoques-de-silicone-g-200un-rosa\/"},"modified":"2024-01-28T03:34:59","modified_gmt":"2024-01-28T02:34:59","slug":"batoques-de-silicone-g-200un-rosa","status":"publish","type":"product","link":"https:\/\/electricink.eu\/pt-pt\/producto\/batoques-de-silicone-g-200un-rosa\/","title":{"rendered":"Batoques de silicone &#8211; G (200un) &#8211; Rosa"},"content":{"rendered":"<p><strong>Batoques de silicone<\/strong><\/p>\n<p>Tamanho: G<br \/>Capacidade: 2ml<br \/>Quantidade: 200 un<br \/>Modelo: Injetado<br \/>Marca: Electric Ink<\/p>\n<p>Cor: Rosa<\/p>\n<p>&nbsp;<\/p>\n","protected":false},"excerpt":{"rendered":"<p>Batoques de silicone em v\u00e1rios tamanhos.<br \/>Os caps de silicone da Electric Ink condicionam a tinta de forma mais segura e pr\u00e1tica durante a sess\u00e3o. A base de borracha protege a ponta da agulha e evita que ela seja danificada.<br \/>Antes de us\u00e1-los, esterilize com \u00e1lcool 70%. Ap\u00f3s o uso, descarte-os em recipiente espec\u00edfico para res\u00edduos sanit\u00e1rios.<\/p>\n<p>Tamanhos dispon\u00edveis:<\/p>\n<p>Batoques &#8211; P: 500 unidades de 0,5mL<\/p>\n<p>Batoques &#8211; M: 300 unidades de 1mL<\/p>\n<p>Batoques &#8211; G: 200 unidades de 2mL<\/p>\n<p>Batoques &#8211; GG: 100 unidades de 4mL<\/p>\n<p>Batoques &#8211; Mista: 100 unidades de cada (P, M, G e GG)<\/p>\n<p>&nbsp;<\/p>\n","protected":false},"featured_media":36268,"comment_status":"closed","ping_status":"closed","template":"","meta":{"_acf_changed":false,"_et_pb_use_builder":"","_et_pb_old_content":"","_et_gb_content_width":"","inline_featured_image":false},"product_brand":[],"product_cat":[722,725],"product_tag":[],"class_list":{"0":"post-36729","1":"product","2":"type-product","3":"status-publish","4":"has-post-thumbnail","6":"product_cat-accesorios-pt","7":"product_cat-ink-caps-pt-pt","9":"first","10":"instock","11":"taxable","12":"shipping-taxable","13":"purchasable","14":"product-type-simple"},"acf":[],"yoast_head":"<!-- This site is optimized with the Yoast SEO plugin v27.4 - https:\/\/yoast.com\/product\/yoast-seo-wordpress\/ -->\n<title>Batoques de silicone - G (200un) - Rosa - Electric Ink\u00ae<\/title>\n<meta name=\"robots\" content=\"index, follow, max-snippet:-1, max-image-preview:large, max-video-preview:-1\" \/>\n<link rel=\"canonical\" href=\"https:\/\/electricink.eu\/pt-pt\/producto\/batoques-de-silicone-g-200un-rosa\/\" \/>\n<meta property=\"og:locale\" content=\"pt_PT\" \/>\n<meta property=\"og:type\" content=\"article\" \/>\n<meta property=\"og:title\" content=\"Batoques de silicone - G (200un) - Rosa - Electric Ink\u00ae\" \/>\n<meta property=\"og:description\" content=\"Batoques de silicone em v\u00e1rios tamanhos.Os caps de silicone da Electric Ink condicionam a tinta de forma mais segura e pr\u00e1tica durante a sess\u00e3o. A base de borracha protege a ponta da agulha e evita que ela seja danificada.Antes de us\u00e1-los, esterilize com \u00e1lcool 70%. Ap\u00f3s o uso, descarte-os em recipiente espec\u00edfico para res\u00edduos sanit\u00e1rios. Tamanhos dispon\u00edveis: Batoques - P: 500 unidades de 0,5mL Batoques - M: 300 unidades de 1mL Batoques - G: 200 unidades de 2mL Batoques - GG: 100 unidades de 4mL Batoques - Mista: 100 unidades de cada (P, M, G e GG) &nbsp;\" \/>\n<meta property=\"og:url\" content=\"https:\/\/electricink.eu\/pt-pt\/producto\/batoques-de-silicone-g-200un-rosa\/\" \/>\n<meta property=\"og:site_name\" content=\"Electric Ink\u00ae\" \/>\n<meta property=\"article:modified_time\" content=\"2024-01-28T02:34:59+00:00\" \/>\n<meta property=\"og:image\" content=\"https:\/\/electricink.eu\/wp-content\/uploads\/2023\/12\/inkcap_rosa1-5.jpg\" \/>\n\t<meta property=\"og:image:width\" content=\"500\" \/>\n\t<meta property=\"og:image:height\" content=\"500\" \/>\n\t<meta property=\"og:image:type\" content=\"image\/jpeg\" \/>\n<meta name=\"twitter:card\" content=\"summary_large_image\" \/>\n<script type=\"application\/ld+json\" class=\"yoast-schema-graph\">{\"@context\":\"https:\\\/\\\/schema.org\",\"@graph\":[{\"@type\":\"WebPage\",\"@id\":\"https:\\\/\\\/electricink.eu\\\/pt-pt\\\/producto\\\/batoques-de-silicone-g-200un-rosa\\\/\",\"url\":\"https:\\\/\\\/electricink.eu\\\/pt-pt\\\/producto\\\/batoques-de-silicone-g-200un-rosa\\\/\",\"name\":\"Batoques de silicone - G (200un) - Rosa - Electric Ink\u00ae\",\"isPartOf\":{\"@id\":\"https:\\\/\\\/electricink.eu\\\/#website\"},\"primaryImageOfPage\":{\"@id\":\"https:\\\/\\\/electricink.eu\\\/pt-pt\\\/producto\\\/batoques-de-silicone-g-200un-rosa\\\/#primaryimage\"},\"image\":{\"@id\":\"https:\\\/\\\/electricink.eu\\\/pt-pt\\\/producto\\\/batoques-de-silicone-g-200un-rosa\\\/#primaryimage\"},\"thumbnailUrl\":\"https:\\\/\\\/electricink.eu\\\/wp-content\\\/uploads\\\/2023\\\/12\\\/inkcap_rosa1-5.jpg\",\"datePublished\":\"2023-12-14T00:23:57+00:00\",\"dateModified\":\"2024-01-28T02:34:59+00:00\",\"breadcrumb\":{\"@id\":\"https:\\\/\\\/electricink.eu\\\/pt-pt\\\/producto\\\/batoques-de-silicone-g-200un-rosa\\\/#breadcrumb\"},\"inLanguage\":\"pt-PT\",\"potentialAction\":[{\"@type\":\"ReadAction\",\"target\":[\"https:\\\/\\\/electricink.eu\\\/pt-pt\\\/producto\\\/batoques-de-silicone-g-200un-rosa\\\/\"]}]},{\"@type\":\"ImageObject\",\"inLanguage\":\"pt-PT\",\"@id\":\"https:\\\/\\\/electricink.eu\\\/pt-pt\\\/producto\\\/batoques-de-silicone-g-200un-rosa\\\/#primaryimage\",\"url\":\"https:\\\/\\\/electricink.eu\\\/wp-content\\\/uploads\\\/2023\\\/12\\\/inkcap_rosa1-5.jpg\",\"contentUrl\":\"https:\\\/\\\/electricink.eu\\\/wp-content\\\/uploads\\\/2023\\\/12\\\/inkcap_rosa1-5.jpg\",\"width\":500,\"height\":500},{\"@type\":\"BreadcrumbList\",\"@id\":\"https:\\\/\\\/electricink.eu\\\/pt-pt\\\/producto\\\/batoques-de-silicone-g-200un-rosa\\\/#breadcrumb\",\"itemListElement\":[{\"@type\":\"ListItem\",\"position\":1,\"name\":\"Portada\",\"item\":\"https:\\\/\\\/electricink.eu\\\/pt-pt\\\/home\\\/\"},{\"@type\":\"ListItem\",\"position\":2,\"name\":\"Tienda\",\"item\":\"https:\\\/\\\/electricink.eu\\\/tienda\\\/\"},{\"@type\":\"ListItem\",\"position\":3,\"name\":\"Batoques de silicone &#8211; G (200un) &#8211; Rosa\"}]},{\"@type\":\"WebSite\",\"@id\":\"https:\\\/\\\/electricink.eu\\\/#website\",\"url\":\"https:\\\/\\\/electricink.eu\\\/\",\"name\":\"Electric Ink\u00ae\",\"description\":\"Material para Tatuar Profesional en Europa - Electric Ink\u00ae\",\"potentialAction\":[{\"@type\":\"SearchAction\",\"target\":{\"@type\":\"EntryPoint\",\"urlTemplate\":\"https:\\\/\\\/electricink.eu\\\/?s={search_term_string}\"},\"query-input\":{\"@type\":\"PropertyValueSpecification\",\"valueRequired\":true,\"valueName\":\"search_term_string\"}}],\"inLanguage\":\"pt-PT\"}]}<\/script>\n<!-- \/ Yoast SEO plugin. -->","yoast_head_json":{"title":"Batoques de silicone - G (200un) - Rosa - Electric Ink\u00ae","robots":{"index":"index","follow":"follow","max-snippet":"max-snippet:-1","max-image-preview":"max-image-preview:large","max-video-preview":"max-video-preview:-1"},"canonical":"https:\/\/electricink.eu\/pt-pt\/producto\/batoques-de-silicone-g-200un-rosa\/","og_locale":"pt_PT","og_type":"article","og_title":"Batoques de silicone - G (200un) - Rosa - Electric Ink\u00ae","og_description":"Batoques de silicone em v\u00e1rios tamanhos.Os caps de silicone da Electric Ink condicionam a tinta de forma mais segura e pr\u00e1tica durante a sess\u00e3o. A base de borracha protege a ponta da agulha e evita que ela seja danificada.Antes de us\u00e1-los, esterilize com \u00e1lcool 70%. Ap\u00f3s o uso, descarte-os em recipiente espec\u00edfico para res\u00edduos sanit\u00e1rios. Tamanhos dispon\u00edveis: Batoques - P: 500 unidades de 0,5mL Batoques - M: 300 unidades de 1mL Batoques - G: 200 unidades de 2mL Batoques - GG: 100 unidades de 4mL Batoques - Mista: 100 unidades de cada (P, M, G e GG) &nbsp;","og_url":"https:\/\/electricink.eu\/pt-pt\/producto\/batoques-de-silicone-g-200un-rosa\/","og_site_name":"Electric Ink\u00ae","article_modified_time":"2024-01-28T02:34:59+00:00","og_image":[{"width":500,"height":500,"url":"https:\/\/electricink.eu\/wp-content\/uploads\/2023\/12\/inkcap_rosa1-5.jpg","type":"image\/jpeg"}],"twitter_card":"summary_large_image","schema":{"@context":"https:\/\/schema.org","@graph":[{"@type":"WebPage","@id":"https:\/\/electricink.eu\/pt-pt\/producto\/batoques-de-silicone-g-200un-rosa\/","url":"https:\/\/electricink.eu\/pt-pt\/producto\/batoques-de-silicone-g-200un-rosa\/","name":"Batoques de silicone - G (200un) - Rosa - Electric Ink\u00ae","isPartOf":{"@id":"https:\/\/electricink.eu\/#website"},"primaryImageOfPage":{"@id":"https:\/\/electricink.eu\/pt-pt\/producto\/batoques-de-silicone-g-200un-rosa\/#primaryimage"},"image":{"@id":"https:\/\/electricink.eu\/pt-pt\/producto\/batoques-de-silicone-g-200un-rosa\/#primaryimage"},"thumbnailUrl":"https:\/\/electricink.eu\/wp-content\/uploads\/2023\/12\/inkcap_rosa1-5.jpg","datePublished":"2023-12-14T00:23:57+00:00","dateModified":"2024-01-28T02:34:59+00:00","breadcrumb":{"@id":"https:\/\/electricink.eu\/pt-pt\/producto\/batoques-de-silicone-g-200un-rosa\/#breadcrumb"},"inLanguage":"pt-PT","potentialAction":[{"@type":"ReadAction","target":["https:\/\/electricink.eu\/pt-pt\/producto\/batoques-de-silicone-g-200un-rosa\/"]}]},{"@type":"ImageObject","inLanguage":"pt-PT","@id":"https:\/\/electricink.eu\/pt-pt\/producto\/batoques-de-silicone-g-200un-rosa\/#primaryimage","url":"https:\/\/electricink.eu\/wp-content\/uploads\/2023\/12\/inkcap_rosa1-5.jpg","contentUrl":"https:\/\/electricink.eu\/wp-content\/uploads\/2023\/12\/inkcap_rosa1-5.jpg","width":500,"height":500},{"@type":"BreadcrumbList","@id":"https:\/\/electricink.eu\/pt-pt\/producto\/batoques-de-silicone-g-200un-rosa\/#breadcrumb","itemListElement":[{"@type":"ListItem","position":1,"name":"Portada","item":"https:\/\/electricink.eu\/pt-pt\/home\/"},{"@type":"ListItem","position":2,"name":"Tienda","item":"https:\/\/electricink.eu\/tienda\/"},{"@type":"ListItem","position":3,"name":"Batoques de silicone &#8211; G (200un) &#8211; Rosa"}]},{"@type":"WebSite","@id":"https:\/\/electricink.eu\/#website","url":"https:\/\/electricink.eu\/","name":"Electric Ink\u00ae","description":"Material para Tatuar Profesional en Europa - Electric Ink\u00ae","potentialAction":[{"@type":"SearchAction","target":{"@type":"EntryPoint","urlTemplate":"https:\/\/electricink.eu\/?s={search_term_string}"},"query-input":{"@type":"PropertyValueSpecification","valueRequired":true,"valueName":"search_term_string"}}],"inLanguage":"pt-PT"}]}},"_links":{"self":[{"href":"https:\/\/electricink.eu\/pt-pt\/wp-json\/wp\/v2\/product\/36729","targetHints":{"allow":["GET"]}}],"collection":[{"href":"https:\/\/electricink.eu\/pt-pt\/wp-json\/wp\/v2\/product"}],"about":[{"href":"https:\/\/electricink.eu\/pt-pt\/wp-json\/wp\/v2\/types\/product"}],"replies":[{"embeddable":true,"href":"https:\/\/electricink.eu\/pt-pt\/wp-json\/wp\/v2\/comments?post=36729"}],"wp:featuredmedia":[{"embeddable":true,"href":"https:\/\/electricink.eu\/pt-pt\/wp-json\/wp\/v2\/media\/36268"}],"wp:attachment":[{"href":"https:\/\/electricink.eu\/pt-pt\/wp-json\/wp\/v2\/media?parent=36729"}],"wp:term":[{"taxonomy":"product_brand","embeddable":true,"href":"https:\/\/electricink.eu\/pt-pt\/wp-json\/wp\/v2\/product_brand?post=36729"},{"taxonomy":"product_cat","embeddable":true,"href":"https:\/\/electricink.eu\/pt-pt\/wp-json\/wp\/v2\/product_cat?post=36729"},{"taxonomy":"product_tag","embeddable":true,"href":"https:\/\/electricink.eu\/pt-pt\/wp-json\/wp\/v2\/product_tag?post=36729"}],"curies":[{"name":"wp","href":"https:\/\/api.w.org\/{rel}","templated":true}]}}