{"id":36771,"date":"2023-12-14T01:23:20","date_gmt":"2023-12-14T00:23:20","guid":{"rendered":"https:\/\/electricink.eu\/producto\/pincel-para-labios-micropigmentacao-azul-50un\/"},"modified":"2024-01-29T10:35:40","modified_gmt":"2024-01-29T09:35:40","slug":"pincel-para-labios-micropigmentacao-azul-50un","status":"publish","type":"product","link":"https:\/\/electricink.eu\/pt-pt\/producto\/pincel-para-labios-micropigmentacao-azul-50un\/","title":{"rendered":"Pincel para labios- micropigmenta\u00e7\u00e3o &#8211; azul 50un"},"content":{"rendered":"<p><strong>Quantidade:<\/strong> 50un<\/p>\n<p><strong>Modelo:<\/strong> Acess\u00f3rios<\/p>\n","protected":false},"excerpt":{"rendered":"<p>Pack de 50 pinc\u00e9is descart\u00e1veis. As pontas s\u00e3o flex\u00edveis, o que permite um design perfeito na micropigmenta\u00e7\u00e3o de l\u00e1bios.<\/p>\n","protected":false},"featured_media":4316,"comment_status":"closed","ping_status":"closed","template":"","meta":{"_acf_changed":false,"_et_pb_use_builder":"","_et_pb_old_content":"","_et_gb_content_width":"","inline_featured_image":false},"product_brand":[],"product_cat":[722,723,731,732],"product_tag":[],"class_list":{"0":"post-36771","1":"product","2":"type-product","3":"status-publish","4":"has-post-thumbnail","6":"product_cat-accesorios-pt","7":"product_cat-consumibles-pt-pt","8":"product_cat-micropigmentacao","9":"product_cat-acesorios-micro","11":"first","12":"instock","13":"taxable","14":"shipping-taxable","15":"purchasable","16":"product-type-simple"},"acf":[],"yoast_head":"<!-- This site is optimized with the Yoast SEO plugin v27.5 - https:\/\/yoast.com\/product\/yoast-seo-wordpress\/ -->\n<title>Pincel para labios- micropigmenta\u00e7\u00e3o - azul 50un - Electric Ink\u00ae<\/title>\n<meta name=\"robots\" content=\"index, follow, max-snippet:-1, max-image-preview:large, max-video-preview:-1\" \/>\n<link rel=\"canonical\" href=\"https:\/\/electricink.eu\/pt-pt\/producto\/pincel-para-labios-micropigmentacao-azul-50un\/\" \/>\n<meta property=\"og:locale\" content=\"pt_PT\" \/>\n<meta property=\"og:type\" content=\"article\" \/>\n<meta property=\"og:title\" content=\"Pincel para labios- micropigmenta\u00e7\u00e3o - azul 50un - Electric Ink\u00ae\" \/>\n<meta property=\"og:description\" content=\"Pack de 50 pinc\u00e9is descart\u00e1veis. As pontas s\u00e3o flex\u00edveis, o que permite um design perfeito na micropigmenta\u00e7\u00e3o de l\u00e1bios.\" \/>\n<meta property=\"og:url\" content=\"https:\/\/electricink.eu\/pt-pt\/producto\/pincel-para-labios-micropigmentacao-azul-50un\/\" \/>\n<meta property=\"og:site_name\" content=\"Electric Ink\u00ae\" \/>\n<meta property=\"article:modified_time\" content=\"2024-01-29T09:35:40+00:00\" \/>\n<meta property=\"og:image\" content=\"https:\/\/electricink.eu\/wp-content\/uploads\/2023\/10\/lip_brush_blue_Electric_Ink_2.jpg\" \/>\n\t<meta property=\"og:image:width\" content=\"300\" \/>\n\t<meta property=\"og:image:height\" content=\"300\" \/>\n\t<meta property=\"og:image:type\" content=\"image\/jpeg\" \/>\n<meta name=\"twitter:card\" content=\"summary_large_image\" \/>\n<script type=\"application\/ld+json\" class=\"yoast-schema-graph\">{\"@context\":\"https:\\\/\\\/schema.org\",\"@graph\":[{\"@type\":\"WebPage\",\"@id\":\"https:\\\/\\\/electricink.eu\\\/pt-pt\\\/producto\\\/pincel-para-labios-micropigmentacao-azul-50un\\\/\",\"url\":\"https:\\\/\\\/electricink.eu\\\/pt-pt\\\/producto\\\/pincel-para-labios-micropigmentacao-azul-50un\\\/\",\"name\":\"Pincel para labios- micropigmenta\u00e7\u00e3o - azul 50un - Electric Ink\u00ae\",\"isPartOf\":{\"@id\":\"https:\\\/\\\/electricink.eu\\\/#website\"},\"primaryImageOfPage\":{\"@id\":\"https:\\\/\\\/electricink.eu\\\/pt-pt\\\/producto\\\/pincel-para-labios-micropigmentacao-azul-50un\\\/#primaryimage\"},\"image\":{\"@id\":\"https:\\\/\\\/electricink.eu\\\/pt-pt\\\/producto\\\/pincel-para-labios-micropigmentacao-azul-50un\\\/#primaryimage\"},\"thumbnailUrl\":\"https:\\\/\\\/electricink.eu\\\/wp-content\\\/uploads\\\/2023\\\/10\\\/lip_brush_blue_Electric_Ink_2.jpg\",\"datePublished\":\"2023-12-14T00:23:20+00:00\",\"dateModified\":\"2024-01-29T09:35:40+00:00\",\"breadcrumb\":{\"@id\":\"https:\\\/\\\/electricink.eu\\\/pt-pt\\\/producto\\\/pincel-para-labios-micropigmentacao-azul-50un\\\/#breadcrumb\"},\"inLanguage\":\"pt-PT\",\"potentialAction\":[{\"@type\":\"ReadAction\",\"target\":[\"https:\\\/\\\/electricink.eu\\\/pt-pt\\\/producto\\\/pincel-para-labios-micropigmentacao-azul-50un\\\/\"]}]},{\"@type\":\"ImageObject\",\"inLanguage\":\"pt-PT\",\"@id\":\"https:\\\/\\\/electricink.eu\\\/pt-pt\\\/producto\\\/pincel-para-labios-micropigmentacao-azul-50un\\\/#primaryimage\",\"url\":\"https:\\\/\\\/electricink.eu\\\/wp-content\\\/uploads\\\/2023\\\/10\\\/lip_brush_blue_Electric_Ink_2.jpg\",\"contentUrl\":\"https:\\\/\\\/electricink.eu\\\/wp-content\\\/uploads\\\/2023\\\/10\\\/lip_brush_blue_Electric_Ink_2.jpg\",\"width\":300,\"height\":300},{\"@type\":\"BreadcrumbList\",\"@id\":\"https:\\\/\\\/electricink.eu\\\/pt-pt\\\/producto\\\/pincel-para-labios-micropigmentacao-azul-50un\\\/#breadcrumb\",\"itemListElement\":[{\"@type\":\"ListItem\",\"position\":1,\"name\":\"Portada\",\"item\":\"https:\\\/\\\/electricink.eu\\\/pt-pt\\\/home\\\/\"},{\"@type\":\"ListItem\",\"position\":2,\"name\":\"Tienda\",\"item\":\"https:\\\/\\\/electricink.eu\\\/tienda\\\/\"},{\"@type\":\"ListItem\",\"position\":3,\"name\":\"Pincel para labios- micropigmenta\u00e7\u00e3o &#8211; azul 50un\"}]},{\"@type\":\"WebSite\",\"@id\":\"https:\\\/\\\/electricink.eu\\\/#website\",\"url\":\"https:\\\/\\\/electricink.eu\\\/\",\"name\":\"Electric Ink\u00ae\",\"description\":\"Material para Tatuar Profesional en Europa - Electric Ink\u00ae\",\"potentialAction\":[{\"@type\":\"SearchAction\",\"target\":{\"@type\":\"EntryPoint\",\"urlTemplate\":\"https:\\\/\\\/electricink.eu\\\/?s={search_term_string}\"},\"query-input\":{\"@type\":\"PropertyValueSpecification\",\"valueRequired\":true,\"valueName\":\"search_term_string\"}}],\"inLanguage\":\"pt-PT\"}]}<\/script>\n<!-- \/ Yoast SEO plugin. -->","yoast_head_json":{"title":"Pincel para labios- micropigmenta\u00e7\u00e3o - azul 50un - Electric Ink\u00ae","robots":{"index":"index","follow":"follow","max-snippet":"max-snippet:-1","max-image-preview":"max-image-preview:large","max-video-preview":"max-video-preview:-1"},"canonical":"https:\/\/electricink.eu\/pt-pt\/producto\/pincel-para-labios-micropigmentacao-azul-50un\/","og_locale":"pt_PT","og_type":"article","og_title":"Pincel para labios- micropigmenta\u00e7\u00e3o - azul 50un - Electric Ink\u00ae","og_description":"Pack de 50 pinc\u00e9is descart\u00e1veis. As pontas s\u00e3o flex\u00edveis, o que permite um design perfeito na micropigmenta\u00e7\u00e3o de l\u00e1bios.","og_url":"https:\/\/electricink.eu\/pt-pt\/producto\/pincel-para-labios-micropigmentacao-azul-50un\/","og_site_name":"Electric Ink\u00ae","article_modified_time":"2024-01-29T09:35:40+00:00","og_image":[{"width":300,"height":300,"url":"https:\/\/electricink.eu\/wp-content\/uploads\/2023\/10\/lip_brush_blue_Electric_Ink_2.jpg","type":"image\/jpeg"}],"twitter_card":"summary_large_image","schema":{"@context":"https:\/\/schema.org","@graph":[{"@type":"WebPage","@id":"https:\/\/electricink.eu\/pt-pt\/producto\/pincel-para-labios-micropigmentacao-azul-50un\/","url":"https:\/\/electricink.eu\/pt-pt\/producto\/pincel-para-labios-micropigmentacao-azul-50un\/","name":"Pincel para labios- micropigmenta\u00e7\u00e3o - azul 50un - Electric Ink\u00ae","isPartOf":{"@id":"https:\/\/electricink.eu\/#website"},"primaryImageOfPage":{"@id":"https:\/\/electricink.eu\/pt-pt\/producto\/pincel-para-labios-micropigmentacao-azul-50un\/#primaryimage"},"image":{"@id":"https:\/\/electricink.eu\/pt-pt\/producto\/pincel-para-labios-micropigmentacao-azul-50un\/#primaryimage"},"thumbnailUrl":"https:\/\/electricink.eu\/wp-content\/uploads\/2023\/10\/lip_brush_blue_Electric_Ink_2.jpg","datePublished":"2023-12-14T00:23:20+00:00","dateModified":"2024-01-29T09:35:40+00:00","breadcrumb":{"@id":"https:\/\/electricink.eu\/pt-pt\/producto\/pincel-para-labios-micropigmentacao-azul-50un\/#breadcrumb"},"inLanguage":"pt-PT","potentialAction":[{"@type":"ReadAction","target":["https:\/\/electricink.eu\/pt-pt\/producto\/pincel-para-labios-micropigmentacao-azul-50un\/"]}]},{"@type":"ImageObject","inLanguage":"pt-PT","@id":"https:\/\/electricink.eu\/pt-pt\/producto\/pincel-para-labios-micropigmentacao-azul-50un\/#primaryimage","url":"https:\/\/electricink.eu\/wp-content\/uploads\/2023\/10\/lip_brush_blue_Electric_Ink_2.jpg","contentUrl":"https:\/\/electricink.eu\/wp-content\/uploads\/2023\/10\/lip_brush_blue_Electric_Ink_2.jpg","width":300,"height":300},{"@type":"BreadcrumbList","@id":"https:\/\/electricink.eu\/pt-pt\/producto\/pincel-para-labios-micropigmentacao-azul-50un\/#breadcrumb","itemListElement":[{"@type":"ListItem","position":1,"name":"Portada","item":"https:\/\/electricink.eu\/pt-pt\/home\/"},{"@type":"ListItem","position":2,"name":"Tienda","item":"https:\/\/electricink.eu\/tienda\/"},{"@type":"ListItem","position":3,"name":"Pincel para labios- micropigmenta\u00e7\u00e3o &#8211; azul 50un"}]},{"@type":"WebSite","@id":"https:\/\/electricink.eu\/#website","url":"https:\/\/electricink.eu\/","name":"Electric Ink\u00ae","description":"Material para Tatuar Profesional en Europa - Electric Ink\u00ae","potentialAction":[{"@type":"SearchAction","target":{"@type":"EntryPoint","urlTemplate":"https:\/\/electricink.eu\/?s={search_term_string}"},"query-input":{"@type":"PropertyValueSpecification","valueRequired":true,"valueName":"search_term_string"}}],"inLanguage":"pt-PT"}]}},"_links":{"self":[{"href":"https:\/\/electricink.eu\/pt-pt\/wp-json\/wp\/v2\/product\/36771","targetHints":{"allow":["GET"]}}],"collection":[{"href":"https:\/\/electricink.eu\/pt-pt\/wp-json\/wp\/v2\/product"}],"about":[{"href":"https:\/\/electricink.eu\/pt-pt\/wp-json\/wp\/v2\/types\/product"}],"replies":[{"embeddable":true,"href":"https:\/\/electricink.eu\/pt-pt\/wp-json\/wp\/v2\/comments?post=36771"}],"wp:featuredmedia":[{"embeddable":true,"href":"https:\/\/electricink.eu\/pt-pt\/wp-json\/wp\/v2\/media\/4316"}],"wp:attachment":[{"href":"https:\/\/electricink.eu\/pt-pt\/wp-json\/wp\/v2\/media?parent=36771"}],"wp:term":[{"taxonomy":"product_brand","embeddable":true,"href":"https:\/\/electricink.eu\/pt-pt\/wp-json\/wp\/v2\/product_brand?post=36771"},{"taxonomy":"product_cat","embeddable":true,"href":"https:\/\/electricink.eu\/pt-pt\/wp-json\/wp\/v2\/product_cat?post=36771"},{"taxonomy":"product_tag","embeddable":true,"href":"https:\/\/electricink.eu\/pt-pt\/wp-json\/wp\/v2\/product_tag?post=36771"}],"curies":[{"name":"wp","href":"https:\/\/api.w.org\/{rel}","templated":true}]}}