{"id":36774,"date":"2023-12-14T01:23:20","date_gmt":"2023-12-14T00:23:20","guid":{"rendered":"https:\/\/electricink.eu\/producto\/tattoo-protection-5cm-x-5m\/"},"modified":"2024-06-28T19:39:14","modified_gmt":"2024-06-28T17:39:14","slug":"tattoo-protection-5cm-x-5m","status":"publish","type":"product","link":"https:\/\/electricink.eu\/pt-pt\/producto\/tattoo-protection-5cm-x-5m\/","title":{"rendered":"Tattoo Protection 5cm x 5m"},"content":{"rendered":"<p>O <strong>Tattoo Protection<\/strong> \u00e9 um adesivo transparente de poliuretano desenvolvido para a fase inicial da cicatriza\u00e7\u00e3o da tattoo.<\/p>\n<p>Cont\u00e9m 1 roll de 5 metros com 15cm de largura<\/p>\n","protected":false},"excerpt":{"rendered":"<p><strong>Tattoo Protection Electric Ink<\/strong><\/p>\n<p>Com uma pel\u00edcula el\u00e1stica, transparente e male\u00e1vel, ele se adapta muito bem \u00e0 pele e ajuda no processo de recupera\u00e7\u00e3o. Hipoalerg\u00eanico e imperme\u00e1vel, o Tattoo Protection cria uma barreira contra agentes externos.<\/p>\n<p>Ap\u00f3s a limpeza adequada da \u00e1rea tatuada aplique o Tattoo After All, assegurando que a pele esteja livre de qualquer res\u00edduo. Retire o excesso e corte o tamanho desejado do Tattoo Protection para come\u00e7ar a aplica\u00e7\u00e3o.<\/p>\n<p>INDICA\u00c7\u00d5ES DE USO: Antes do procedimento certifique-se da higieniza\u00e7\u00e3o e prote\u00e7\u00e3o das m\u00e3os. Utilize luvas descart\u00e1veis.<br \/>PASSO A PASSO:<br \/>1) Seguindo a seta 1, remova a primeira parte do papel que protege a pel\u00edcula adesiva.<br \/>2) Com o lado 1 livre de prote\u00e7\u00e3o aplique sobre a tatuagem, sempre com uma margem de seguran\u00e7a. Retire o restante do papel, seguindo a seta 2. Pressione levemente a outra parte exposta para a colagem na pele.<br \/>3) Remova a prote\u00e7\u00e3o superior para finalizar o processo, seguindo a indica\u00e7\u00e3o das setas 3 e 4, do meio at\u00e9 as extremidades. Se for preciso, repita o processo at\u00e9 cobrir toda a tatuagem.<br \/>A primeira aplica\u00e7\u00e3o do Tattoo Protection, pode ser mantida por at\u00e9 24h de acordo com a recupera\u00e7\u00e3o da pele. Outras aplica\u00e7\u00f5es podem ser feitas sem limite de tempo seguindo orienta\u00e7\u00f5es do profissional. Para uma perfeita cicatriza\u00e7\u00e3o recomendamos o uso at\u00e9 o 5\u00ba dia ap\u00f3s o procedimento de tatuagem.<\/p>\n<p>COMO REMOVER: Suspenda uma das pontas com cuidado e use a outra m\u00e3o para apoiar a pele. Puxe delicadamente a ponta at\u00e9 a remo\u00e7\u00e3o completa do Tattoo Protection. Utilizar \u00e1gua morna durante o banho, pode facilitar a retirada do produto.<\/p>\n","protected":false},"featured_media":38925,"comment_status":"closed","ping_status":"closed","template":"","meta":{"_acf_changed":false,"_et_pb_use_builder":"","_et_pb_old_content":"","_et_gb_content_width":"","inline_featured_image":false},"product_brand":[],"product_cat":[722,723],"product_tag":[],"class_list":{"0":"post-36774","1":"product","2":"type-product","3":"status-publish","4":"has-post-thumbnail","6":"product_cat-accesorios-pt","7":"product_cat-consumibles-pt-pt","9":"first","10":"outofstock","11":"taxable","12":"shipping-taxable","13":"purchasable","14":"product-type-simple"},"acf":[],"yoast_head":"<!-- This site is optimized with the Yoast SEO plugin v27.4 - https:\/\/yoast.com\/product\/yoast-seo-wordpress\/ -->\n<title>Tattoo Protection 5cm x 5m - Electric Ink\u00ae<\/title>\n<meta name=\"robots\" content=\"index, follow, max-snippet:-1, max-image-preview:large, max-video-preview:-1\" \/>\n<link rel=\"canonical\" href=\"https:\/\/electricink.eu\/pt-pt\/producto\/tattoo-protection-5cm-x-5m\/\" \/>\n<meta property=\"og:locale\" content=\"pt_PT\" \/>\n<meta property=\"og:type\" content=\"article\" \/>\n<meta property=\"og:title\" content=\"Tattoo Protection 5cm x 5m - Electric Ink\u00ae\" \/>\n<meta property=\"og:description\" content=\"Tattoo Protection Electric Ink Com uma pel\u00edcula el\u00e1stica, transparente e male\u00e1vel, ele se adapta muito bem \u00e0 pele e ajuda no processo de recupera\u00e7\u00e3o. Hipoalerg\u00eanico e imperme\u00e1vel, o Tattoo Protection cria uma barreira contra agentes externos. Ap\u00f3s a limpeza adequada da \u00e1rea tatuada aplique o Tattoo After All, assegurando que a pele esteja livre de qualquer res\u00edduo. Retire o excesso e corte o tamanho desejado do Tattoo Protection para come\u00e7ar a aplica\u00e7\u00e3o. INDICA\u00c7\u00d5ES DE USO: Antes do procedimento certifique-se da higieniza\u00e7\u00e3o e prote\u00e7\u00e3o das m\u00e3os. Utilize luvas descart\u00e1veis.PASSO A PASSO:1) Seguindo a seta 1, remova a primeira parte do papel que protege a pel\u00edcula adesiva.2) Com o lado 1 livre de prote\u00e7\u00e3o aplique sobre a tatuagem, sempre com uma margem de seguran\u00e7a. Retire o restante do papel, seguindo a seta 2. Pressione levemente a outra parte exposta para a colagem na pele.3) Remova a prote\u00e7\u00e3o superior para finalizar o processo, seguindo a indica\u00e7\u00e3o das setas 3 e 4, do meio at\u00e9 as extremidades. Se for preciso, repita o processo at\u00e9 cobrir toda a tatuagem.A primeira aplica\u00e7\u00e3o do Tattoo Protection, pode ser mantida por at\u00e9 24h de acordo com a recupera\u00e7\u00e3o da pele. Outras aplica\u00e7\u00f5es podem ser feitas sem limite de tempo seguindo orienta\u00e7\u00f5es do profissional. Para uma perfeita cicatriza\u00e7\u00e3o recomendamos o uso at\u00e9 o 5\u00ba dia ap\u00f3s o procedimento de tatuagem. COMO REMOVER: Suspenda uma das pontas com cuidado e use a outra m\u00e3o para apoiar a pele. Puxe delicadamente a ponta at\u00e9 a remo\u00e7\u00e3o completa do Tattoo Protection. Utilizar \u00e1gua morna durante o banho, pode facilitar a retirada do produto.\" \/>\n<meta property=\"og:url\" content=\"https:\/\/electricink.eu\/pt-pt\/producto\/tattoo-protection-5cm-x-5m\/\" \/>\n<meta property=\"og:site_name\" content=\"Electric Ink\u00ae\" \/>\n<meta property=\"article:modified_time\" content=\"2024-06-28T17:39:14+00:00\" \/>\n<meta property=\"og:image\" content=\"https:\/\/electricink.eu\/wp-content\/uploads\/2023\/12\/tattoo_protection_5cm_5m_film_tattoo-1.jpg\" \/>\n\t<meta property=\"og:image:width\" content=\"500\" \/>\n\t<meta property=\"og:image:height\" content=\"500\" \/>\n\t<meta property=\"og:image:type\" content=\"image\/jpeg\" \/>\n<meta name=\"twitter:card\" content=\"summary_large_image\" \/>\n<script type=\"application\/ld+json\" class=\"yoast-schema-graph\">{\"@context\":\"https:\\\/\\\/schema.org\",\"@graph\":[{\"@type\":\"WebPage\",\"@id\":\"https:\\\/\\\/electricink.eu\\\/pt-pt\\\/producto\\\/tattoo-protection-5cm-x-5m\\\/\",\"url\":\"https:\\\/\\\/electricink.eu\\\/pt-pt\\\/producto\\\/tattoo-protection-5cm-x-5m\\\/\",\"name\":\"Tattoo Protection 5cm x 5m - Electric Ink\u00ae\",\"isPartOf\":{\"@id\":\"https:\\\/\\\/electricink.eu\\\/#website\"},\"primaryImageOfPage\":{\"@id\":\"https:\\\/\\\/electricink.eu\\\/pt-pt\\\/producto\\\/tattoo-protection-5cm-x-5m\\\/#primaryimage\"},\"image\":{\"@id\":\"https:\\\/\\\/electricink.eu\\\/pt-pt\\\/producto\\\/tattoo-protection-5cm-x-5m\\\/#primaryimage\"},\"thumbnailUrl\":\"https:\\\/\\\/electricink.eu\\\/wp-content\\\/uploads\\\/2023\\\/12\\\/tattoo_protection_5cm_5m_film_tattoo-1.jpg\",\"datePublished\":\"2023-12-14T00:23:20+00:00\",\"dateModified\":\"2024-06-28T17:39:14+00:00\",\"breadcrumb\":{\"@id\":\"https:\\\/\\\/electricink.eu\\\/pt-pt\\\/producto\\\/tattoo-protection-5cm-x-5m\\\/#breadcrumb\"},\"inLanguage\":\"pt-PT\",\"potentialAction\":[{\"@type\":\"ReadAction\",\"target\":[\"https:\\\/\\\/electricink.eu\\\/pt-pt\\\/producto\\\/tattoo-protection-5cm-x-5m\\\/\"]}]},{\"@type\":\"ImageObject\",\"inLanguage\":\"pt-PT\",\"@id\":\"https:\\\/\\\/electricink.eu\\\/pt-pt\\\/producto\\\/tattoo-protection-5cm-x-5m\\\/#primaryimage\",\"url\":\"https:\\\/\\\/electricink.eu\\\/wp-content\\\/uploads\\\/2023\\\/12\\\/tattoo_protection_5cm_5m_film_tattoo-1.jpg\",\"contentUrl\":\"https:\\\/\\\/electricink.eu\\\/wp-content\\\/uploads\\\/2023\\\/12\\\/tattoo_protection_5cm_5m_film_tattoo-1.jpg\",\"width\":500,\"height\":500},{\"@type\":\"BreadcrumbList\",\"@id\":\"https:\\\/\\\/electricink.eu\\\/pt-pt\\\/producto\\\/tattoo-protection-5cm-x-5m\\\/#breadcrumb\",\"itemListElement\":[{\"@type\":\"ListItem\",\"position\":1,\"name\":\"Portada\",\"item\":\"https:\\\/\\\/electricink.eu\\\/pt-pt\\\/home\\\/\"},{\"@type\":\"ListItem\",\"position\":2,\"name\":\"Tienda\",\"item\":\"https:\\\/\\\/electricink.eu\\\/tienda\\\/\"},{\"@type\":\"ListItem\",\"position\":3,\"name\":\"Tattoo Protection 5cm x 5m\"}]},{\"@type\":\"WebSite\",\"@id\":\"https:\\\/\\\/electricink.eu\\\/#website\",\"url\":\"https:\\\/\\\/electricink.eu\\\/\",\"name\":\"Electric Ink\u00ae\",\"description\":\"Material para Tatuar Profesional en Europa - Electric Ink\u00ae\",\"potentialAction\":[{\"@type\":\"SearchAction\",\"target\":{\"@type\":\"EntryPoint\",\"urlTemplate\":\"https:\\\/\\\/electricink.eu\\\/?s={search_term_string}\"},\"query-input\":{\"@type\":\"PropertyValueSpecification\",\"valueRequired\":true,\"valueName\":\"search_term_string\"}}],\"inLanguage\":\"pt-PT\"}]}<\/script>\n<!-- \/ Yoast SEO plugin. -->","yoast_head_json":{"title":"Tattoo Protection 5cm x 5m - Electric Ink\u00ae","robots":{"index":"index","follow":"follow","max-snippet":"max-snippet:-1","max-image-preview":"max-image-preview:large","max-video-preview":"max-video-preview:-1"},"canonical":"https:\/\/electricink.eu\/pt-pt\/producto\/tattoo-protection-5cm-x-5m\/","og_locale":"pt_PT","og_type":"article","og_title":"Tattoo Protection 5cm x 5m - Electric Ink\u00ae","og_description":"Tattoo Protection Electric Ink Com uma pel\u00edcula el\u00e1stica, transparente e male\u00e1vel, ele se adapta muito bem \u00e0 pele e ajuda no processo de recupera\u00e7\u00e3o. Hipoalerg\u00eanico e imperme\u00e1vel, o Tattoo Protection cria uma barreira contra agentes externos. Ap\u00f3s a limpeza adequada da \u00e1rea tatuada aplique o Tattoo After All, assegurando que a pele esteja livre de qualquer res\u00edduo. Retire o excesso e corte o tamanho desejado do Tattoo Protection para come\u00e7ar a aplica\u00e7\u00e3o. INDICA\u00c7\u00d5ES DE USO: Antes do procedimento certifique-se da higieniza\u00e7\u00e3o e prote\u00e7\u00e3o das m\u00e3os. Utilize luvas descart\u00e1veis.PASSO A PASSO:1) Seguindo a seta 1, remova a primeira parte do papel que protege a pel\u00edcula adesiva.2) Com o lado 1 livre de prote\u00e7\u00e3o aplique sobre a tatuagem, sempre com uma margem de seguran\u00e7a. Retire o restante do papel, seguindo a seta 2. Pressione levemente a outra parte exposta para a colagem na pele.3) Remova a prote\u00e7\u00e3o superior para finalizar o processo, seguindo a indica\u00e7\u00e3o das setas 3 e 4, do meio at\u00e9 as extremidades. Se for preciso, repita o processo at\u00e9 cobrir toda a tatuagem.A primeira aplica\u00e7\u00e3o do Tattoo Protection, pode ser mantida por at\u00e9 24h de acordo com a recupera\u00e7\u00e3o da pele. Outras aplica\u00e7\u00f5es podem ser feitas sem limite de tempo seguindo orienta\u00e7\u00f5es do profissional. Para uma perfeita cicatriza\u00e7\u00e3o recomendamos o uso at\u00e9 o 5\u00ba dia ap\u00f3s o procedimento de tatuagem. COMO REMOVER: Suspenda uma das pontas com cuidado e use a outra m\u00e3o para apoiar a pele. Puxe delicadamente a ponta at\u00e9 a remo\u00e7\u00e3o completa do Tattoo Protection. Utilizar \u00e1gua morna durante o banho, pode facilitar a retirada do produto.","og_url":"https:\/\/electricink.eu\/pt-pt\/producto\/tattoo-protection-5cm-x-5m\/","og_site_name":"Electric Ink\u00ae","article_modified_time":"2024-06-28T17:39:14+00:00","og_image":[{"width":500,"height":500,"url":"https:\/\/electricink.eu\/wp-content\/uploads\/2023\/12\/tattoo_protection_5cm_5m_film_tattoo-1.jpg","type":"image\/jpeg"}],"twitter_card":"summary_large_image","schema":{"@context":"https:\/\/schema.org","@graph":[{"@type":"WebPage","@id":"https:\/\/electricink.eu\/pt-pt\/producto\/tattoo-protection-5cm-x-5m\/","url":"https:\/\/electricink.eu\/pt-pt\/producto\/tattoo-protection-5cm-x-5m\/","name":"Tattoo Protection 5cm x 5m - Electric Ink\u00ae","isPartOf":{"@id":"https:\/\/electricink.eu\/#website"},"primaryImageOfPage":{"@id":"https:\/\/electricink.eu\/pt-pt\/producto\/tattoo-protection-5cm-x-5m\/#primaryimage"},"image":{"@id":"https:\/\/electricink.eu\/pt-pt\/producto\/tattoo-protection-5cm-x-5m\/#primaryimage"},"thumbnailUrl":"https:\/\/electricink.eu\/wp-content\/uploads\/2023\/12\/tattoo_protection_5cm_5m_film_tattoo-1.jpg","datePublished":"2023-12-14T00:23:20+00:00","dateModified":"2024-06-28T17:39:14+00:00","breadcrumb":{"@id":"https:\/\/electricink.eu\/pt-pt\/producto\/tattoo-protection-5cm-x-5m\/#breadcrumb"},"inLanguage":"pt-PT","potentialAction":[{"@type":"ReadAction","target":["https:\/\/electricink.eu\/pt-pt\/producto\/tattoo-protection-5cm-x-5m\/"]}]},{"@type":"ImageObject","inLanguage":"pt-PT","@id":"https:\/\/electricink.eu\/pt-pt\/producto\/tattoo-protection-5cm-x-5m\/#primaryimage","url":"https:\/\/electricink.eu\/wp-content\/uploads\/2023\/12\/tattoo_protection_5cm_5m_film_tattoo-1.jpg","contentUrl":"https:\/\/electricink.eu\/wp-content\/uploads\/2023\/12\/tattoo_protection_5cm_5m_film_tattoo-1.jpg","width":500,"height":500},{"@type":"BreadcrumbList","@id":"https:\/\/electricink.eu\/pt-pt\/producto\/tattoo-protection-5cm-x-5m\/#breadcrumb","itemListElement":[{"@type":"ListItem","position":1,"name":"Portada","item":"https:\/\/electricink.eu\/pt-pt\/home\/"},{"@type":"ListItem","position":2,"name":"Tienda","item":"https:\/\/electricink.eu\/tienda\/"},{"@type":"ListItem","position":3,"name":"Tattoo Protection 5cm x 5m"}]},{"@type":"WebSite","@id":"https:\/\/electricink.eu\/#website","url":"https:\/\/electricink.eu\/","name":"Electric Ink\u00ae","description":"Material para Tatuar Profesional en Europa - Electric Ink\u00ae","potentialAction":[{"@type":"SearchAction","target":{"@type":"EntryPoint","urlTemplate":"https:\/\/electricink.eu\/?s={search_term_string}"},"query-input":{"@type":"PropertyValueSpecification","valueRequired":true,"valueName":"search_term_string"}}],"inLanguage":"pt-PT"}]}},"_links":{"self":[{"href":"https:\/\/electricink.eu\/pt-pt\/wp-json\/wp\/v2\/product\/36774","targetHints":{"allow":["GET"]}}],"collection":[{"href":"https:\/\/electricink.eu\/pt-pt\/wp-json\/wp\/v2\/product"}],"about":[{"href":"https:\/\/electricink.eu\/pt-pt\/wp-json\/wp\/v2\/types\/product"}],"replies":[{"embeddable":true,"href":"https:\/\/electricink.eu\/pt-pt\/wp-json\/wp\/v2\/comments?post=36774"}],"wp:featuredmedia":[{"embeddable":true,"href":"https:\/\/electricink.eu\/pt-pt\/wp-json\/wp\/v2\/media\/38925"}],"wp:attachment":[{"href":"https:\/\/electricink.eu\/pt-pt\/wp-json\/wp\/v2\/media?parent=36774"}],"wp:term":[{"taxonomy":"product_brand","embeddable":true,"href":"https:\/\/electricink.eu\/pt-pt\/wp-json\/wp\/v2\/product_brand?post=36774"},{"taxonomy":"product_cat","embeddable":true,"href":"https:\/\/electricink.eu\/pt-pt\/wp-json\/wp\/v2\/product_cat?post=36774"},{"taxonomy":"product_tag","embeddable":true,"href":"https:\/\/electricink.eu\/pt-pt\/wp-json\/wp\/v2\/product_tag?post=36774"}],"curies":[{"name":"wp","href":"https:\/\/api.w.org\/{rel}","templated":true}]}}