{"id":36780,"date":"2023-12-14T01:23:20","date_gmt":"2023-12-14T00:23:20","guid":{"rendered":"https:\/\/electricink.eu\/producto\/voltimetro-digital-externo-mod-1\/"},"modified":"2024-01-26T12:59:53","modified_gmt":"2024-01-26T11:59:53","slug":"voltimetro-digital-externo-mod-1","status":"publish","type":"product","link":"https:\/\/electricink.eu\/pt-pt\/producto\/voltimetro-digital-externo-mod-1\/","title":{"rendered":"Volt\u00edmetro digital externo Mod-1"},"content":{"rendered":"<p>VOLT\u00cdMETRO DIGITAL EXTERNO ELECTRIC INK<br \/>APENAS 01 (UM) CANAL DE SA\u00cdDA<br \/>MODELO: VDE1C<br \/>TENS\u00c3O DE ENTRADA: 0 a 30 VDC<br \/>PRECIS\u00c3O: +\/- 3%<\/p>\n<p><strong>&#8212;&#8212;&#8212;&#8212;&#8212;&#8212;&#8212;Garantia do Produto&#8212;&#8212;&#8212;&#8212;&#8212;&#8212;&#8212;-<\/strong><\/p>\n<p>O per\u00edodo de garantia oferecido pela Electric Ink segue os regulamentos europeus atuais. A garantia da Electric Ink para defeitos de fabrica\u00e7\u00e3o come\u00e7a a partir da compra do produto pelo consumidor, verificada na nota fiscal de compra do respectivo item.<\/p>\n<p><strong>&#8212;&#8212;&#8212;&#8212;&#8212;&#8212;&#8212;Assist\u00eancia T\u00e9cnica&#8212;&#8212;&#8212;&#8212;&#8212;&#8212;&#8212;&#8212;-<\/strong><\/p>\n<p>Por email: info@electric.local ou Whatsapp da pagina web<\/p>\n","protected":false},"excerpt":{"rendered":"<p>Este aparelho \u00e9 um instrumento de medi\u00e7\u00e3o e indica\u00e7\u00e3o de voltagem, denominado volt\u00edmetro, n\u00e3o sendo fonte geradora.<br \/>O Volt\u00edmetro Digital Externo Electric Ink n\u00e3o altera a corrente nem a tens\u00e3o que vai para a m\u00e1quina, somente faz leitura e indica no display.<br \/>Nunca o utilize em fonte com sa\u00edda de tens\u00e3o alternada.<br \/>Produto desenvolvido para corrente cont\u00ednua (CC).<br \/>O Volt\u00edmetro Digital Externo Electric Ink foi desenvolvido para complementar fontes de corrente cont\u00ednua que n\u00e3o possuem indica\u00e7\u00e3o de voltagem\u00a0de\u00a0sa\u00edda.<\/p>\n","protected":false},"featured_media":38878,"comment_status":"closed","ping_status":"closed","template":"","meta":{"_acf_changed":false,"_et_pb_use_builder":"","_et_pb_old_content":"","_et_gb_content_width":"","inline_featured_image":false},"product_brand":[],"product_cat":[745,749],"product_tag":[],"class_list":{"0":"post-36780","1":"product","2":"type-product","3":"status-publish","4":"has-post-thumbnail","6":"product_cat-tattoo","7":"product_cat-fontes-tattoo","9":"first","10":"instock","11":"taxable","12":"shipping-taxable","13":"purchasable","14":"product-type-simple"},"acf":[],"yoast_head":"<!-- This site is optimized with the Yoast SEO plugin v27.5 - https:\/\/yoast.com\/product\/yoast-seo-wordpress\/ -->\n<title>Volt\u00edmetro digital externo Mod-1 - Electric Ink\u00ae<\/title>\n<meta name=\"robots\" content=\"index, follow, max-snippet:-1, max-image-preview:large, max-video-preview:-1\" \/>\n<link rel=\"canonical\" href=\"https:\/\/electricink.eu\/pt-pt\/producto\/voltimetro-digital-externo-mod-1\/\" \/>\n<meta property=\"og:locale\" content=\"pt_PT\" \/>\n<meta property=\"og:type\" content=\"article\" \/>\n<meta property=\"og:title\" content=\"Volt\u00edmetro digital externo Mod-1 - Electric Ink\u00ae\" \/>\n<meta property=\"og:description\" content=\"Este aparelho \u00e9 um instrumento de medi\u00e7\u00e3o e indica\u00e7\u00e3o de voltagem, denominado volt\u00edmetro, n\u00e3o sendo fonte geradora.O Volt\u00edmetro Digital Externo Electric Ink n\u00e3o altera a corrente nem a tens\u00e3o que vai para a m\u00e1quina, somente faz leitura e indica no display.Nunca o utilize em fonte com sa\u00edda de tens\u00e3o alternada.Produto desenvolvido para corrente cont\u00ednua (CC).O Volt\u00edmetro Digital Externo Electric Ink foi desenvolvido para complementar fontes de corrente cont\u00ednua que n\u00e3o possuem indica\u00e7\u00e3o de voltagem\u00a0de\u00a0sa\u00edda.\" \/>\n<meta property=\"og:url\" content=\"https:\/\/electricink.eu\/pt-pt\/producto\/voltimetro-digital-externo-mod-1\/\" \/>\n<meta property=\"og:site_name\" content=\"Electric Ink\u00ae\" \/>\n<meta property=\"article:modified_time\" content=\"2024-01-26T11:59:53+00:00\" \/>\n<meta property=\"og:image\" content=\"https:\/\/electricink.eu\/wp-content\/uploads\/2023\/12\/Voltimetro1.jpg\" \/>\n\t<meta property=\"og:image:width\" content=\"1000\" \/>\n\t<meta property=\"og:image:height\" content=\"1000\" \/>\n\t<meta property=\"og:image:type\" content=\"image\/jpeg\" \/>\n<meta name=\"twitter:card\" content=\"summary_large_image\" \/>\n<script type=\"application\/ld+json\" class=\"yoast-schema-graph\">{\"@context\":\"https:\\\/\\\/schema.org\",\"@graph\":[{\"@type\":\"WebPage\",\"@id\":\"https:\\\/\\\/electricink.eu\\\/pt-pt\\\/producto\\\/voltimetro-digital-externo-mod-1\\\/\",\"url\":\"https:\\\/\\\/electricink.eu\\\/pt-pt\\\/producto\\\/voltimetro-digital-externo-mod-1\\\/\",\"name\":\"Volt\u00edmetro digital externo Mod-1 - Electric Ink\u00ae\",\"isPartOf\":{\"@id\":\"https:\\\/\\\/electricink.eu\\\/#website\"},\"primaryImageOfPage\":{\"@id\":\"https:\\\/\\\/electricink.eu\\\/pt-pt\\\/producto\\\/voltimetro-digital-externo-mod-1\\\/#primaryimage\"},\"image\":{\"@id\":\"https:\\\/\\\/electricink.eu\\\/pt-pt\\\/producto\\\/voltimetro-digital-externo-mod-1\\\/#primaryimage\"},\"thumbnailUrl\":\"https:\\\/\\\/electricink.eu\\\/wp-content\\\/uploads\\\/2023\\\/12\\\/Voltimetro1.jpg\",\"datePublished\":\"2023-12-14T00:23:20+00:00\",\"dateModified\":\"2024-01-26T11:59:53+00:00\",\"breadcrumb\":{\"@id\":\"https:\\\/\\\/electricink.eu\\\/pt-pt\\\/producto\\\/voltimetro-digital-externo-mod-1\\\/#breadcrumb\"},\"inLanguage\":\"pt-PT\",\"potentialAction\":[{\"@type\":\"ReadAction\",\"target\":[\"https:\\\/\\\/electricink.eu\\\/pt-pt\\\/producto\\\/voltimetro-digital-externo-mod-1\\\/\"]}]},{\"@type\":\"ImageObject\",\"inLanguage\":\"pt-PT\",\"@id\":\"https:\\\/\\\/electricink.eu\\\/pt-pt\\\/producto\\\/voltimetro-digital-externo-mod-1\\\/#primaryimage\",\"url\":\"https:\\\/\\\/electricink.eu\\\/wp-content\\\/uploads\\\/2023\\\/12\\\/Voltimetro1.jpg\",\"contentUrl\":\"https:\\\/\\\/electricink.eu\\\/wp-content\\\/uploads\\\/2023\\\/12\\\/Voltimetro1.jpg\",\"width\":1000,\"height\":1000},{\"@type\":\"BreadcrumbList\",\"@id\":\"https:\\\/\\\/electricink.eu\\\/pt-pt\\\/producto\\\/voltimetro-digital-externo-mod-1\\\/#breadcrumb\",\"itemListElement\":[{\"@type\":\"ListItem\",\"position\":1,\"name\":\"Portada\",\"item\":\"https:\\\/\\\/electricink.eu\\\/pt-pt\\\/home\\\/\"},{\"@type\":\"ListItem\",\"position\":2,\"name\":\"Tienda\",\"item\":\"https:\\\/\\\/electricink.eu\\\/tienda\\\/\"},{\"@type\":\"ListItem\",\"position\":3,\"name\":\"Volt\u00edmetro digital externo Mod-1\"}]},{\"@type\":\"WebSite\",\"@id\":\"https:\\\/\\\/electricink.eu\\\/#website\",\"url\":\"https:\\\/\\\/electricink.eu\\\/\",\"name\":\"Electric Ink\u00ae\",\"description\":\"Material para Tatuar Profesional en Europa - Electric Ink\u00ae\",\"potentialAction\":[{\"@type\":\"SearchAction\",\"target\":{\"@type\":\"EntryPoint\",\"urlTemplate\":\"https:\\\/\\\/electricink.eu\\\/?s={search_term_string}\"},\"query-input\":{\"@type\":\"PropertyValueSpecification\",\"valueRequired\":true,\"valueName\":\"search_term_string\"}}],\"inLanguage\":\"pt-PT\"}]}<\/script>\n<!-- \/ Yoast SEO plugin. -->","yoast_head_json":{"title":"Volt\u00edmetro digital externo Mod-1 - Electric Ink\u00ae","robots":{"index":"index","follow":"follow","max-snippet":"max-snippet:-1","max-image-preview":"max-image-preview:large","max-video-preview":"max-video-preview:-1"},"canonical":"https:\/\/electricink.eu\/pt-pt\/producto\/voltimetro-digital-externo-mod-1\/","og_locale":"pt_PT","og_type":"article","og_title":"Volt\u00edmetro digital externo Mod-1 - Electric Ink\u00ae","og_description":"Este aparelho \u00e9 um instrumento de medi\u00e7\u00e3o e indica\u00e7\u00e3o de voltagem, denominado volt\u00edmetro, n\u00e3o sendo fonte geradora.O Volt\u00edmetro Digital Externo Electric Ink n\u00e3o altera a corrente nem a tens\u00e3o que vai para a m\u00e1quina, somente faz leitura e indica no display.Nunca o utilize em fonte com sa\u00edda de tens\u00e3o alternada.Produto desenvolvido para corrente cont\u00ednua (CC).O Volt\u00edmetro Digital Externo Electric Ink foi desenvolvido para complementar fontes de corrente cont\u00ednua que n\u00e3o possuem indica\u00e7\u00e3o de voltagem\u00a0de\u00a0sa\u00edda.","og_url":"https:\/\/electricink.eu\/pt-pt\/producto\/voltimetro-digital-externo-mod-1\/","og_site_name":"Electric Ink\u00ae","article_modified_time":"2024-01-26T11:59:53+00:00","og_image":[{"width":1000,"height":1000,"url":"https:\/\/electricink.eu\/wp-content\/uploads\/2023\/12\/Voltimetro1.jpg","type":"image\/jpeg"}],"twitter_card":"summary_large_image","schema":{"@context":"https:\/\/schema.org","@graph":[{"@type":"WebPage","@id":"https:\/\/electricink.eu\/pt-pt\/producto\/voltimetro-digital-externo-mod-1\/","url":"https:\/\/electricink.eu\/pt-pt\/producto\/voltimetro-digital-externo-mod-1\/","name":"Volt\u00edmetro digital externo Mod-1 - Electric Ink\u00ae","isPartOf":{"@id":"https:\/\/electricink.eu\/#website"},"primaryImageOfPage":{"@id":"https:\/\/electricink.eu\/pt-pt\/producto\/voltimetro-digital-externo-mod-1\/#primaryimage"},"image":{"@id":"https:\/\/electricink.eu\/pt-pt\/producto\/voltimetro-digital-externo-mod-1\/#primaryimage"},"thumbnailUrl":"https:\/\/electricink.eu\/wp-content\/uploads\/2023\/12\/Voltimetro1.jpg","datePublished":"2023-12-14T00:23:20+00:00","dateModified":"2024-01-26T11:59:53+00:00","breadcrumb":{"@id":"https:\/\/electricink.eu\/pt-pt\/producto\/voltimetro-digital-externo-mod-1\/#breadcrumb"},"inLanguage":"pt-PT","potentialAction":[{"@type":"ReadAction","target":["https:\/\/electricink.eu\/pt-pt\/producto\/voltimetro-digital-externo-mod-1\/"]}]},{"@type":"ImageObject","inLanguage":"pt-PT","@id":"https:\/\/electricink.eu\/pt-pt\/producto\/voltimetro-digital-externo-mod-1\/#primaryimage","url":"https:\/\/electricink.eu\/wp-content\/uploads\/2023\/12\/Voltimetro1.jpg","contentUrl":"https:\/\/electricink.eu\/wp-content\/uploads\/2023\/12\/Voltimetro1.jpg","width":1000,"height":1000},{"@type":"BreadcrumbList","@id":"https:\/\/electricink.eu\/pt-pt\/producto\/voltimetro-digital-externo-mod-1\/#breadcrumb","itemListElement":[{"@type":"ListItem","position":1,"name":"Portada","item":"https:\/\/electricink.eu\/pt-pt\/home\/"},{"@type":"ListItem","position":2,"name":"Tienda","item":"https:\/\/electricink.eu\/tienda\/"},{"@type":"ListItem","position":3,"name":"Volt\u00edmetro digital externo Mod-1"}]},{"@type":"WebSite","@id":"https:\/\/electricink.eu\/#website","url":"https:\/\/electricink.eu\/","name":"Electric Ink\u00ae","description":"Material para Tatuar Profesional en Europa - Electric Ink\u00ae","potentialAction":[{"@type":"SearchAction","target":{"@type":"EntryPoint","urlTemplate":"https:\/\/electricink.eu\/?s={search_term_string}"},"query-input":{"@type":"PropertyValueSpecification","valueRequired":true,"valueName":"search_term_string"}}],"inLanguage":"pt-PT"}]}},"_links":{"self":[{"href":"https:\/\/electricink.eu\/pt-pt\/wp-json\/wp\/v2\/product\/36780","targetHints":{"allow":["GET"]}}],"collection":[{"href":"https:\/\/electricink.eu\/pt-pt\/wp-json\/wp\/v2\/product"}],"about":[{"href":"https:\/\/electricink.eu\/pt-pt\/wp-json\/wp\/v2\/types\/product"}],"replies":[{"embeddable":true,"href":"https:\/\/electricink.eu\/pt-pt\/wp-json\/wp\/v2\/comments?post=36780"}],"wp:featuredmedia":[{"embeddable":true,"href":"https:\/\/electricink.eu\/pt-pt\/wp-json\/wp\/v2\/media\/38878"}],"wp:attachment":[{"href":"https:\/\/electricink.eu\/pt-pt\/wp-json\/wp\/v2\/media?parent=36780"}],"wp:term":[{"taxonomy":"product_brand","embeddable":true,"href":"https:\/\/electricink.eu\/pt-pt\/wp-json\/wp\/v2\/product_brand?post=36780"},{"taxonomy":"product_cat","embeddable":true,"href":"https:\/\/electricink.eu\/pt-pt\/wp-json\/wp\/v2\/product_cat?post=36780"},{"taxonomy":"product_tag","embeddable":true,"href":"https:\/\/electricink.eu\/pt-pt\/wp-json\/wp\/v2\/product_tag?post=36780"}],"curies":[{"name":"wp","href":"https:\/\/api.w.org\/{rel}","templated":true}]}}