{"id":36789,"date":"2023-12-14T01:23:20","date_gmt":"2023-12-14T00:23:20","guid":{"rendered":"https:\/\/electricink.eu\/producto\/fonte-wire-power\/"},"modified":"2023-12-14T01:23:20","modified_gmt":"2023-12-14T00:23:20","slug":"fonte-wire-power","status":"publish","type":"product","link":"https:\/\/electricink.eu\/pt-pt\/producto\/fonte-wire-power\/","title":{"rendered":"Fonte Wire Power"},"content":{"rendered":"<p><strong>ESPECIFICA\u00c7\u00d5ES:<\/strong><br \/>FONTE: EI-WP-TAT1:<\/p>\n<p>Alimenta\u00e7\u00e3o: 12Vdc<\/p>\n<p>Sa\u00edda Volts: 5 \u00e0 12V<\/p>\n<p>Resolu\u00e7\u00e3o 0.1 Volts<\/p>\n<p>Sa\u00edda Amperes: 1A<\/p>\n<p>Prote\u00e7\u00e3o contra curto-circuito na sa\u00edda: Sim<\/p>\n<p>Display: OLED<\/p>\n<p>Peso do Produto: 30 gramas<\/p>\n<p>Material: Gabinete injetado, cabos tran\u00e7ados em nylon ultra resistente.<\/p>\n<p>Cabo Alimenta\u00e7\u00e3o: Comprimento: 2 metros (\u00b1 5 cent\u00edmetros de varia\u00e7\u00e3o), Di\u00e2metro: 3mm, Conex\u00e3o: USB-A.<\/p>\n<p>Cabo Sa\u00edda: Comprimento: 1.2 metro (\u00b1 5 cent\u00edmetros de varia\u00e7\u00e3o), Di\u00e2metro: 3mm, Conex\u00e3o: RCA<\/p>\n<p>ADAPTADOR AC\/DC:<\/p>\n<p>Alimenta\u00e7\u00e3o: 100 a 240 VCA, 50\/60Hz, 0.4A<\/p>\n<p>Sa\u00edda: 12V, 1A, 12W m\u00e1x., USB-A.<\/p>\n<p>Prote\u00e7\u00e3o contra curto-circuito na sa\u00edda: Sim<\/p>\n<p>Tipo de Plug: EU Standard<\/p>\n<p>Certifica\u00e7\u00e3o internacional CE: Sim<\/p>\n<p><strong>ITENS INCLUSOS:<\/strong><br \/>\u2022 Guia r\u00e1pido do usu\u00e1rio;<br \/>\u2022 Fonte Wire Power;<br \/>\u2022 Adaptador AC\/DC 12V.<\/p>\n<p><strong>&#8212;&#8212;&#8212;&#8212;&#8212;&#8212;&#8212;- Garantia do produto &#8212;&#8212;&#8212;&#8212;&#8212;&#8212;&#8212;&#8212;-<\/strong><\/p>\n<p>O per\u00edodo de garantia oferecido pela Electric Ink segue os regulamentos europeus atuais. A garantia da Electric Ink contra defeitos de fabrica\u00e7\u00e3o come\u00e7a a contar a partir da compra do produto pelo consumidor, verificada por meio da nota fiscal de compra do respectivo item.<\/p>\n<p><strong>&#8212;&#8212;&#8212;&#8212;&#8212;&#8212;&#8212;&#8211; Assist\u00eancia t\u00e9cnica &#8212;&#8212;&#8212;&#8212;&#8212;&#8212;&#8212;&#8212;-<\/strong><\/p>\n<p>Contacto por e-mail atrav\u00e9s de info@electric.local<\/p>\n","protected":false},"excerpt":{"rendered":"<p><strong>Fonte Wire Power Electric Ink<\/strong><br \/>Uma fonte leve, compacta e pr\u00e1tica.<\/p>\n<p>A nova fonte Wire Power Electric Ink foi desenvolvida para alimentar as m\u00e1quinas rotativas com recursos indispens\u00e1veis que atendem as necessidades do profissional.<\/p>\n<p>Com conex\u00e3o Bluetooth e aplicativo exclusivo Electric Ink, dispon\u00edvel para os sistemas Android e IOS, que otimizam suas fun\u00e7\u00f5es e seu uso. Com o APP, sua Wire Power pode ser controlada por toque ou por comando de voz, proporcionando maior conforto, usabilidade. Voc\u00ea poder\u00e1 aproveitar ao m\u00e1ximo seus recursos como troca de unidade, ajuste de valores, mem\u00f3rias de trabalho, tattoo ox\u00edmetro e atualiza\u00e7\u00e3o de software.<\/p>\n<p>A Wire Power possui cabo longo e super resistente. \u00c9 compacta, leve e produzida com componentes de qualidade, selecionados para oferecer desempenho, movimento, praticidade e o melhor custo-benef\u00edcio.<\/p>\n<p>*COMPAT\u00cdVEL COM M\u00c1QUINAS ROTATIVAS<\/p>\n<p>* CONEX\u00c3O RCA<\/p>\n<p>* ACOMPANHA ADAPTADOR COM SA\u00cdDA DE 12V.<\/p>\n<p>*N\u00c3O PODE SER USADO PARA CARREGAR SEUS DISPOSITIVOS M\u00d3VEIS.<\/p>\n","protected":false},"featured_media":36180,"comment_status":"closed","ping_status":"closed","template":"","meta":{"_acf_changed":false,"_et_pb_use_builder":"","_et_pb_old_content":"","_et_gb_content_width":"","inline_featured_image":false},"product_brand":[],"product_cat":[745,749],"product_tag":[],"class_list":{"0":"post-36789","1":"product","2":"type-product","3":"status-publish","4":"has-post-thumbnail","6":"product_cat-tattoo","7":"product_cat-fontes-tattoo","9":"first","10":"instock","11":"taxable","12":"shipping-taxable","13":"purchasable","14":"product-type-simple"},"acf":[],"yoast_head":"<!-- This site is optimized with the Yoast SEO plugin v27.5 - https:\/\/yoast.com\/product\/yoast-seo-wordpress\/ -->\n<title>Fonte Wire Power - Electric Ink\u00ae<\/title>\n<meta name=\"robots\" content=\"index, follow, max-snippet:-1, max-image-preview:large, max-video-preview:-1\" \/>\n<link rel=\"canonical\" href=\"https:\/\/electricink.eu\/pt-pt\/producto\/fonte-wire-power\/\" \/>\n<meta property=\"og:locale\" content=\"pt_PT\" \/>\n<meta property=\"og:type\" content=\"article\" \/>\n<meta property=\"og:title\" content=\"Fonte Wire Power - Electric Ink\u00ae\" \/>\n<meta property=\"og:description\" content=\"Fonte Wire Power Electric InkUma fonte leve, compacta e pr\u00e1tica. A nova fonte Wire Power Electric Ink foi desenvolvida para alimentar as m\u00e1quinas rotativas com recursos indispens\u00e1veis que atendem as necessidades do profissional. Com conex\u00e3o Bluetooth e aplicativo exclusivo Electric Ink, dispon\u00edvel para os sistemas Android e IOS, que otimizam suas fun\u00e7\u00f5es e seu uso. Com o APP, sua Wire Power pode ser controlada por toque ou por comando de voz, proporcionando maior conforto, usabilidade. Voc\u00ea poder\u00e1 aproveitar ao m\u00e1ximo seus recursos como troca de unidade, ajuste de valores, mem\u00f3rias de trabalho, tattoo ox\u00edmetro e atualiza\u00e7\u00e3o de software. A Wire Power possui cabo longo e super resistente. \u00c9 compacta, leve e produzida com componentes de qualidade, selecionados para oferecer desempenho, movimento, praticidade e o melhor custo-benef\u00edcio. *COMPAT\u00cdVEL COM M\u00c1QUINAS ROTATIVAS * CONEX\u00c3O RCA * ACOMPANHA ADAPTADOR COM SA\u00cdDA DE 12V. *N\u00c3O PODE SER USADO PARA CARREGAR SEUS DISPOSITIVOS M\u00d3VEIS.\" \/>\n<meta property=\"og:url\" content=\"https:\/\/electricink.eu\/pt-pt\/producto\/fonte-wire-power\/\" \/>\n<meta property=\"og:site_name\" content=\"Electric Ink\u00ae\" \/>\n<meta property=\"og:image\" content=\"https:\/\/electricink.eu\/wp-content\/uploads\/2023\/12\/Fonte_wire_power1.jpg\" \/>\n\t<meta property=\"og:image:width\" content=\"500\" \/>\n\t<meta property=\"og:image:height\" content=\"500\" \/>\n\t<meta property=\"og:image:type\" content=\"image\/jpeg\" \/>\n<meta name=\"twitter:card\" content=\"summary_large_image\" \/>\n<meta name=\"twitter:label1\" content=\"Tempo estimado de leitura\" \/>\n\t<meta name=\"twitter:data1\" content=\"1 minuto\" \/>\n<script type=\"application\/ld+json\" class=\"yoast-schema-graph\">{\"@context\":\"https:\\\/\\\/schema.org\",\"@graph\":[{\"@type\":\"WebPage\",\"@id\":\"https:\\\/\\\/electricink.eu\\\/pt-pt\\\/producto\\\/fonte-wire-power\\\/\",\"url\":\"https:\\\/\\\/electricink.eu\\\/pt-pt\\\/producto\\\/fonte-wire-power\\\/\",\"name\":\"Fonte Wire Power - Electric Ink\u00ae\",\"isPartOf\":{\"@id\":\"https:\\\/\\\/electricink.eu\\\/#website\"},\"primaryImageOfPage\":{\"@id\":\"https:\\\/\\\/electricink.eu\\\/pt-pt\\\/producto\\\/fonte-wire-power\\\/#primaryimage\"},\"image\":{\"@id\":\"https:\\\/\\\/electricink.eu\\\/pt-pt\\\/producto\\\/fonte-wire-power\\\/#primaryimage\"},\"thumbnailUrl\":\"https:\\\/\\\/electricink.eu\\\/wp-content\\\/uploads\\\/2023\\\/12\\\/Fonte_wire_power1.jpg\",\"datePublished\":\"2023-12-14T00:23:20+00:00\",\"breadcrumb\":{\"@id\":\"https:\\\/\\\/electricink.eu\\\/pt-pt\\\/producto\\\/fonte-wire-power\\\/#breadcrumb\"},\"inLanguage\":\"pt-PT\",\"potentialAction\":[{\"@type\":\"ReadAction\",\"target\":[\"https:\\\/\\\/electricink.eu\\\/pt-pt\\\/producto\\\/fonte-wire-power\\\/\"]}]},{\"@type\":\"ImageObject\",\"inLanguage\":\"pt-PT\",\"@id\":\"https:\\\/\\\/electricink.eu\\\/pt-pt\\\/producto\\\/fonte-wire-power\\\/#primaryimage\",\"url\":\"https:\\\/\\\/electricink.eu\\\/wp-content\\\/uploads\\\/2023\\\/12\\\/Fonte_wire_power1.jpg\",\"contentUrl\":\"https:\\\/\\\/electricink.eu\\\/wp-content\\\/uploads\\\/2023\\\/12\\\/Fonte_wire_power1.jpg\",\"width\":500,\"height\":500},{\"@type\":\"BreadcrumbList\",\"@id\":\"https:\\\/\\\/electricink.eu\\\/pt-pt\\\/producto\\\/fonte-wire-power\\\/#breadcrumb\",\"itemListElement\":[{\"@type\":\"ListItem\",\"position\":1,\"name\":\"Portada\",\"item\":\"https:\\\/\\\/electricink.eu\\\/pt-pt\\\/home\\\/\"},{\"@type\":\"ListItem\",\"position\":2,\"name\":\"Tienda\",\"item\":\"https:\\\/\\\/electricink.eu\\\/tienda\\\/\"},{\"@type\":\"ListItem\",\"position\":3,\"name\":\"Fonte Wire Power\"}]},{\"@type\":\"WebSite\",\"@id\":\"https:\\\/\\\/electricink.eu\\\/#website\",\"url\":\"https:\\\/\\\/electricink.eu\\\/\",\"name\":\"Electric Ink\u00ae\",\"description\":\"Material para Tatuar Profesional en Europa - Electric Ink\u00ae\",\"potentialAction\":[{\"@type\":\"SearchAction\",\"target\":{\"@type\":\"EntryPoint\",\"urlTemplate\":\"https:\\\/\\\/electricink.eu\\\/?s={search_term_string}\"},\"query-input\":{\"@type\":\"PropertyValueSpecification\",\"valueRequired\":true,\"valueName\":\"search_term_string\"}}],\"inLanguage\":\"pt-PT\"}]}<\/script>\n<!-- \/ Yoast SEO plugin. -->","yoast_head_json":{"title":"Fonte Wire Power - Electric Ink\u00ae","robots":{"index":"index","follow":"follow","max-snippet":"max-snippet:-1","max-image-preview":"max-image-preview:large","max-video-preview":"max-video-preview:-1"},"canonical":"https:\/\/electricink.eu\/pt-pt\/producto\/fonte-wire-power\/","og_locale":"pt_PT","og_type":"article","og_title":"Fonte Wire Power - Electric Ink\u00ae","og_description":"Fonte Wire Power Electric InkUma fonte leve, compacta e pr\u00e1tica. A nova fonte Wire Power Electric Ink foi desenvolvida para alimentar as m\u00e1quinas rotativas com recursos indispens\u00e1veis que atendem as necessidades do profissional. Com conex\u00e3o Bluetooth e aplicativo exclusivo Electric Ink, dispon\u00edvel para os sistemas Android e IOS, que otimizam suas fun\u00e7\u00f5es e seu uso. Com o APP, sua Wire Power pode ser controlada por toque ou por comando de voz, proporcionando maior conforto, usabilidade. Voc\u00ea poder\u00e1 aproveitar ao m\u00e1ximo seus recursos como troca de unidade, ajuste de valores, mem\u00f3rias de trabalho, tattoo ox\u00edmetro e atualiza\u00e7\u00e3o de software. A Wire Power possui cabo longo e super resistente. \u00c9 compacta, leve e produzida com componentes de qualidade, selecionados para oferecer desempenho, movimento, praticidade e o melhor custo-benef\u00edcio. *COMPAT\u00cdVEL COM M\u00c1QUINAS ROTATIVAS * CONEX\u00c3O RCA * ACOMPANHA ADAPTADOR COM SA\u00cdDA DE 12V. *N\u00c3O PODE SER USADO PARA CARREGAR SEUS DISPOSITIVOS M\u00d3VEIS.","og_url":"https:\/\/electricink.eu\/pt-pt\/producto\/fonte-wire-power\/","og_site_name":"Electric Ink\u00ae","og_image":[{"width":500,"height":500,"url":"https:\/\/electricink.eu\/wp-content\/uploads\/2023\/12\/Fonte_wire_power1.jpg","type":"image\/jpeg"}],"twitter_card":"summary_large_image","twitter_misc":{"Tempo estimado de leitura":"1 minuto"},"schema":{"@context":"https:\/\/schema.org","@graph":[{"@type":"WebPage","@id":"https:\/\/electricink.eu\/pt-pt\/producto\/fonte-wire-power\/","url":"https:\/\/electricink.eu\/pt-pt\/producto\/fonte-wire-power\/","name":"Fonte Wire Power - Electric Ink\u00ae","isPartOf":{"@id":"https:\/\/electricink.eu\/#website"},"primaryImageOfPage":{"@id":"https:\/\/electricink.eu\/pt-pt\/producto\/fonte-wire-power\/#primaryimage"},"image":{"@id":"https:\/\/electricink.eu\/pt-pt\/producto\/fonte-wire-power\/#primaryimage"},"thumbnailUrl":"https:\/\/electricink.eu\/wp-content\/uploads\/2023\/12\/Fonte_wire_power1.jpg","datePublished":"2023-12-14T00:23:20+00:00","breadcrumb":{"@id":"https:\/\/electricink.eu\/pt-pt\/producto\/fonte-wire-power\/#breadcrumb"},"inLanguage":"pt-PT","potentialAction":[{"@type":"ReadAction","target":["https:\/\/electricink.eu\/pt-pt\/producto\/fonte-wire-power\/"]}]},{"@type":"ImageObject","inLanguage":"pt-PT","@id":"https:\/\/electricink.eu\/pt-pt\/producto\/fonte-wire-power\/#primaryimage","url":"https:\/\/electricink.eu\/wp-content\/uploads\/2023\/12\/Fonte_wire_power1.jpg","contentUrl":"https:\/\/electricink.eu\/wp-content\/uploads\/2023\/12\/Fonte_wire_power1.jpg","width":500,"height":500},{"@type":"BreadcrumbList","@id":"https:\/\/electricink.eu\/pt-pt\/producto\/fonte-wire-power\/#breadcrumb","itemListElement":[{"@type":"ListItem","position":1,"name":"Portada","item":"https:\/\/electricink.eu\/pt-pt\/home\/"},{"@type":"ListItem","position":2,"name":"Tienda","item":"https:\/\/electricink.eu\/tienda\/"},{"@type":"ListItem","position":3,"name":"Fonte Wire Power"}]},{"@type":"WebSite","@id":"https:\/\/electricink.eu\/#website","url":"https:\/\/electricink.eu\/","name":"Electric Ink\u00ae","description":"Material para Tatuar Profesional en Europa - Electric Ink\u00ae","potentialAction":[{"@type":"SearchAction","target":{"@type":"EntryPoint","urlTemplate":"https:\/\/electricink.eu\/?s={search_term_string}"},"query-input":{"@type":"PropertyValueSpecification","valueRequired":true,"valueName":"search_term_string"}}],"inLanguage":"pt-PT"}]}},"_links":{"self":[{"href":"https:\/\/electricink.eu\/pt-pt\/wp-json\/wp\/v2\/product\/36789","targetHints":{"allow":["GET"]}}],"collection":[{"href":"https:\/\/electricink.eu\/pt-pt\/wp-json\/wp\/v2\/product"}],"about":[{"href":"https:\/\/electricink.eu\/pt-pt\/wp-json\/wp\/v2\/types\/product"}],"replies":[{"embeddable":true,"href":"https:\/\/electricink.eu\/pt-pt\/wp-json\/wp\/v2\/comments?post=36789"}],"wp:featuredmedia":[{"embeddable":true,"href":"https:\/\/electricink.eu\/pt-pt\/wp-json\/wp\/v2\/media\/36180"}],"wp:attachment":[{"href":"https:\/\/electricink.eu\/pt-pt\/wp-json\/wp\/v2\/media?parent=36789"}],"wp:term":[{"taxonomy":"product_brand","embeddable":true,"href":"https:\/\/electricink.eu\/pt-pt\/wp-json\/wp\/v2\/product_brand?post=36789"},{"taxonomy":"product_cat","embeddable":true,"href":"https:\/\/electricink.eu\/pt-pt\/wp-json\/wp\/v2\/product_cat?post=36789"},{"taxonomy":"product_tag","embeddable":true,"href":"https:\/\/electricink.eu\/pt-pt\/wp-json\/wp\/v2\/product_tag?post=36789"}],"curies":[{"name":"wp","href":"https:\/\/api.w.org\/{rel}","templated":true}]}}