{"id":36792,"date":"2023-12-14T01:23:20","date_gmt":"2023-12-14T00:23:20","guid":{"rendered":"https:\/\/electricink.eu\/producto\/dermografo-giulietta-nuance\/"},"modified":"2024-07-24T00:05:17","modified_gmt":"2024-07-23T22:05:17","slug":"dermografo-giulietta-nuance","status":"publish","type":"product","link":"https:\/\/electricink.eu\/pt-pt\/producto\/dermografo-giulietta-nuance\/","title":{"rendered":"Dermografo Giulietta Nuance"},"content":{"rendered":"<p><strong>&#8212;&#8212;&#8212;&#8212;&#8212;&#8212; Especifica\u00e7\u00f5es &#8212;&#8212;&#8212;&#8212;&#8212;&#8212;-<\/strong><\/p>\n<p><strong>M\u00e1quina:<\/strong><\/p>\n<p>-Material: alum\u00ednio<br \/>&#8211; Cor: Preto<br \/>&#8211; Motor: motor de precis\u00e3o DC<\/p>\n<p>&#8211; Tens\u00e3o Nominal: 4 a 8 VDC<br \/>&#8211; Consumo m\u00e1ximo: 1,4 W<br \/>&#8211; Conex\u00e3o el\u00e9trica: USB-A<br \/>&#8211; Frequ\u00eancia de perfura\u00e7\u00e3o: 60 a 110 PPS<br \/>&#8211; Curso: 2,2 mm<br \/>&#8211; Avan\u00e7o: 4,0 mm<br \/>&#8211; Comprimento x Di\u00e2metro: 128 x 21 mm<br \/>&#8211; Peso da caneta: 70 gramas<br \/>-Material: Alum\u00ednio<\/p>\n<p><strong>Fonte:<\/strong><\/p>\n<p>Modelo: EI-WP-MIC1<br \/>Alimenta\u00e7\u00e3o: 12Vdc<br \/>Volts de sa\u00edda: 5 a 8V<br \/>Resolu\u00e7\u00e3o: 5PPS<br \/>Sa\u00edda Amperes: 1\u00b0<br \/>Prote\u00e7\u00e3o contra curto-circuito na sa\u00edda: Sim<br \/>Display: OLED<br \/>Conectividade: Bluetooth 5.3<br \/>Peso da fonte: 30 gramas<br \/>Material original: Gabinete injetado, cabos tran\u00e7ados em nylon ultra resistente.<br \/>Cabo de alimenta\u00e7\u00e3o: Comprimento: 2 metros (+- cent\u00edmetros de varia\u00e7\u00e3o), Di\u00e2metro: 2 mm, Conex\u00e3o: Conectado diretamente na m\u00e1quina.<\/p>\n<p><strong>Adaptador AC\/DC<\/strong><\/p>\n<p>Alimenta\u00e7\u00e3o: 100 a 240 VAC, 50\/60 Hz, 0,4\u00b0<br \/>Sa\u00edda: 12V, 1A, 12W m\u00e1x, USB-A<br \/>Prote\u00e7\u00e3o contra curto-circuito de sa\u00edda: Sim<br \/>Tipo de plug: UE standard<br \/>Certifica\u00e7\u00e3o Internacional CE: Sim<\/p>\n<p><strong>&#8212;&#8212;&#8212;&#8212;&#8212;&#8212;&#8212; Itens Inclusos &#8212;&#8212;&#8212;&#8212;&#8212;&#8212;&#8211;<\/strong><\/p>\n<p>&#8211; 01 m\u00e1quina Giulietta completa: Derm\u00f3grafo, Fonte e Cabo de alimenta\u00e7\u00e3o integrado<br \/>&#8211; Manual de instru\u00e7\u00f5es<br \/>&#8211; Termo de garantia do produto<\/p>\n<p><strong>&#8212;&#8212;&#8212;&#8212;&#8212;&#8212;&#8212;&#8212;Garantia do produto&#8212;&#8212;&#8212;&#8212;&#8212;&#8212;&#8212;-<\/strong><\/p>\n<p>O per\u00edodo de garantia oferecido pela Electric Ink segue os regulamentos europeus atuais. A garantia da Electric Ink para defeitos de fabrica\u00e7\u00e3o come\u00e7a a partir da compra do produto pelo consumidor, verificada na nota fiscal de compra do respectivo item.<\/p>\n<p><strong>Assist\u00eancia t\u00e9cnica:<\/strong> contato por e-mail atrav\u00e9s de info@electric.local<\/p>\n","protected":false},"excerpt":{"rendered":"<p><strong>Derm\u00f3grafo Giulietta by Nuance <\/strong><\/p>\n<p>Atreva-se a explorar todas as possibilidades com Giulietta!<\/p>\n<p>Com caracter\u00edsticas exclusivas e motor de alta pot\u00eancia e tecnologia, Giulietta te permite trabalhar com todas as t\u00e9cnicas de micropigmenta\u00e7\u00e3o.<\/p>\n<p>Uma m\u00e1quina leve, forte e precisa. O melhor custo benef\u00edcio que voc\u00ea pode encontrar!<\/p>\n<p>Com seu aplicativo inovador voc\u00ea pode controlar sua m\u00e1quina por voz, conectando a fonte ao seu celular com o melhor da conectividade via Bluetooth 5.3<\/p>\n<p>\u00c9 uma m\u00e1quina muito vers\u00e1til, pois te permite trocar o receptor de cartuchos para trabalhar com quase todos os cartuchos existentes hoje: Universal, Easy Click, Agulhas de microneedling (Derma Pen) e os exclusivos cartuchos Electric Ink\/Nuance.<\/p>\n","protected":false},"featured_media":36420,"comment_status":"closed","ping_status":"closed","template":"","meta":{"_acf_changed":false,"_et_pb_use_builder":"","_et_pb_old_content":"","_et_gb_content_width":"","inline_featured_image":false},"product_brand":[],"product_cat":[731,735,757],"product_tag":[],"class_list":{"0":"post-36792","1":"product","2":"type-product","3":"status-publish","4":"has-post-thumbnail","6":"product_cat-micropigmentacao","7":"product_cat-dermografos-pt","8":"product_cat-maquinas-pen-pt-pt","10":"first","11":"instock","12":"taxable","13":"shipping-taxable","14":"purchasable","15":"product-type-simple"},"acf":[],"yoast_head":"<!-- This site is optimized with the Yoast SEO plugin v27.5 - https:\/\/yoast.com\/product\/yoast-seo-wordpress\/ -->\n<title>Dermografo Giulietta Nuance - Electric Ink\u00ae<\/title>\n<meta name=\"robots\" content=\"index, follow, max-snippet:-1, max-image-preview:large, max-video-preview:-1\" \/>\n<link rel=\"canonical\" href=\"https:\/\/electricink.eu\/pt-pt\/producto\/dermografo-giulietta-nuance\/\" \/>\n<meta property=\"og:locale\" content=\"pt_PT\" \/>\n<meta property=\"og:type\" content=\"article\" \/>\n<meta property=\"og:title\" content=\"Dermografo Giulietta Nuance - Electric Ink\u00ae\" \/>\n<meta property=\"og:description\" content=\"Derm\u00f3grafo Giulietta by Nuance  Atreva-se a explorar todas as possibilidades com Giulietta! Com caracter\u00edsticas exclusivas e motor de alta pot\u00eancia e tecnologia, Giulietta te permite trabalhar com todas as t\u00e9cnicas de micropigmenta\u00e7\u00e3o. Uma m\u00e1quina leve, forte e precisa. O melhor custo benef\u00edcio que voc\u00ea pode encontrar! Com seu aplicativo inovador voc\u00ea pode controlar sua m\u00e1quina por voz, conectando a fonte ao seu celular com o melhor da conectividade via Bluetooth 5.3 \u00c9 uma m\u00e1quina muito vers\u00e1til, pois te permite trocar o receptor de cartuchos para trabalhar com quase todos os cartuchos existentes hoje: Universal, Easy Click, Agulhas de microneedling (Derma Pen) e os exclusivos cartuchos Electric Ink\/Nuance.\" \/>\n<meta property=\"og:url\" content=\"https:\/\/electricink.eu\/pt-pt\/producto\/dermografo-giulietta-nuance\/\" \/>\n<meta property=\"og:site_name\" content=\"Electric Ink\u00ae\" \/>\n<meta property=\"article:modified_time\" content=\"2024-07-23T22:05:17+00:00\" \/>\n<meta property=\"og:image\" content=\"https:\/\/electricink.eu\/wp-content\/uploads\/2023\/12\/Giulietta-8.jpg\" \/>\n\t<meta property=\"og:image:width\" content=\"1646\" \/>\n\t<meta property=\"og:image:height\" content=\"1646\" \/>\n\t<meta property=\"og:image:type\" content=\"image\/jpeg\" \/>\n<meta name=\"twitter:card\" content=\"summary_large_image\" \/>\n<meta name=\"twitter:label1\" content=\"Tempo estimado de leitura\" \/>\n\t<meta name=\"twitter:data1\" content=\"1 minuto\" \/>\n<script type=\"application\/ld+json\" class=\"yoast-schema-graph\">{\"@context\":\"https:\\\/\\\/schema.org\",\"@graph\":[{\"@type\":\"WebPage\",\"@id\":\"https:\\\/\\\/electricink.eu\\\/pt-pt\\\/producto\\\/dermografo-giulietta-nuance\\\/\",\"url\":\"https:\\\/\\\/electricink.eu\\\/pt-pt\\\/producto\\\/dermografo-giulietta-nuance\\\/\",\"name\":\"Dermografo Giulietta Nuance - Electric Ink\u00ae\",\"isPartOf\":{\"@id\":\"https:\\\/\\\/electricink.eu\\\/#website\"},\"primaryImageOfPage\":{\"@id\":\"https:\\\/\\\/electricink.eu\\\/pt-pt\\\/producto\\\/dermografo-giulietta-nuance\\\/#primaryimage\"},\"image\":{\"@id\":\"https:\\\/\\\/electricink.eu\\\/pt-pt\\\/producto\\\/dermografo-giulietta-nuance\\\/#primaryimage\"},\"thumbnailUrl\":\"https:\\\/\\\/electricink.eu\\\/wp-content\\\/uploads\\\/2023\\\/12\\\/Giulietta-8.jpg\",\"datePublished\":\"2023-12-14T00:23:20+00:00\",\"dateModified\":\"2024-07-23T22:05:17+00:00\",\"breadcrumb\":{\"@id\":\"https:\\\/\\\/electricink.eu\\\/pt-pt\\\/producto\\\/dermografo-giulietta-nuance\\\/#breadcrumb\"},\"inLanguage\":\"pt-PT\",\"potentialAction\":[{\"@type\":\"ReadAction\",\"target\":[\"https:\\\/\\\/electricink.eu\\\/pt-pt\\\/producto\\\/dermografo-giulietta-nuance\\\/\"]}]},{\"@type\":\"ImageObject\",\"inLanguage\":\"pt-PT\",\"@id\":\"https:\\\/\\\/electricink.eu\\\/pt-pt\\\/producto\\\/dermografo-giulietta-nuance\\\/#primaryimage\",\"url\":\"https:\\\/\\\/electricink.eu\\\/wp-content\\\/uploads\\\/2023\\\/12\\\/Giulietta-8.jpg\",\"contentUrl\":\"https:\\\/\\\/electricink.eu\\\/wp-content\\\/uploads\\\/2023\\\/12\\\/Giulietta-8.jpg\",\"width\":1646,\"height\":1646},{\"@type\":\"BreadcrumbList\",\"@id\":\"https:\\\/\\\/electricink.eu\\\/pt-pt\\\/producto\\\/dermografo-giulietta-nuance\\\/#breadcrumb\",\"itemListElement\":[{\"@type\":\"ListItem\",\"position\":1,\"name\":\"Portada\",\"item\":\"https:\\\/\\\/electricink.eu\\\/pt-pt\\\/home\\\/\"},{\"@type\":\"ListItem\",\"position\":2,\"name\":\"Tienda\",\"item\":\"https:\\\/\\\/electricink.eu\\\/tienda\\\/\"},{\"@type\":\"ListItem\",\"position\":3,\"name\":\"Dermografo Giulietta Nuance\"}]},{\"@type\":\"WebSite\",\"@id\":\"https:\\\/\\\/electricink.eu\\\/#website\",\"url\":\"https:\\\/\\\/electricink.eu\\\/\",\"name\":\"Electric Ink\u00ae\",\"description\":\"Material para Tatuar Profesional en Europa - Electric Ink\u00ae\",\"potentialAction\":[{\"@type\":\"SearchAction\",\"target\":{\"@type\":\"EntryPoint\",\"urlTemplate\":\"https:\\\/\\\/electricink.eu\\\/?s={search_term_string}\"},\"query-input\":{\"@type\":\"PropertyValueSpecification\",\"valueRequired\":true,\"valueName\":\"search_term_string\"}}],\"inLanguage\":\"pt-PT\"}]}<\/script>\n<!-- \/ Yoast SEO plugin. -->","yoast_head_json":{"title":"Dermografo Giulietta Nuance - Electric Ink\u00ae","robots":{"index":"index","follow":"follow","max-snippet":"max-snippet:-1","max-image-preview":"max-image-preview:large","max-video-preview":"max-video-preview:-1"},"canonical":"https:\/\/electricink.eu\/pt-pt\/producto\/dermografo-giulietta-nuance\/","og_locale":"pt_PT","og_type":"article","og_title":"Dermografo Giulietta Nuance - Electric Ink\u00ae","og_description":"Derm\u00f3grafo Giulietta by Nuance  Atreva-se a explorar todas as possibilidades com Giulietta! Com caracter\u00edsticas exclusivas e motor de alta pot\u00eancia e tecnologia, Giulietta te permite trabalhar com todas as t\u00e9cnicas de micropigmenta\u00e7\u00e3o. Uma m\u00e1quina leve, forte e precisa. O melhor custo benef\u00edcio que voc\u00ea pode encontrar! Com seu aplicativo inovador voc\u00ea pode controlar sua m\u00e1quina por voz, conectando a fonte ao seu celular com o melhor da conectividade via Bluetooth 5.3 \u00c9 uma m\u00e1quina muito vers\u00e1til, pois te permite trocar o receptor de cartuchos para trabalhar com quase todos os cartuchos existentes hoje: Universal, Easy Click, Agulhas de microneedling (Derma Pen) e os exclusivos cartuchos Electric Ink\/Nuance.","og_url":"https:\/\/electricink.eu\/pt-pt\/producto\/dermografo-giulietta-nuance\/","og_site_name":"Electric Ink\u00ae","article_modified_time":"2024-07-23T22:05:17+00:00","og_image":[{"width":1646,"height":1646,"url":"https:\/\/electricink.eu\/wp-content\/uploads\/2023\/12\/Giulietta-8.jpg","type":"image\/jpeg"}],"twitter_card":"summary_large_image","twitter_misc":{"Tempo estimado de leitura":"1 minuto"},"schema":{"@context":"https:\/\/schema.org","@graph":[{"@type":"WebPage","@id":"https:\/\/electricink.eu\/pt-pt\/producto\/dermografo-giulietta-nuance\/","url":"https:\/\/electricink.eu\/pt-pt\/producto\/dermografo-giulietta-nuance\/","name":"Dermografo Giulietta Nuance - Electric Ink\u00ae","isPartOf":{"@id":"https:\/\/electricink.eu\/#website"},"primaryImageOfPage":{"@id":"https:\/\/electricink.eu\/pt-pt\/producto\/dermografo-giulietta-nuance\/#primaryimage"},"image":{"@id":"https:\/\/electricink.eu\/pt-pt\/producto\/dermografo-giulietta-nuance\/#primaryimage"},"thumbnailUrl":"https:\/\/electricink.eu\/wp-content\/uploads\/2023\/12\/Giulietta-8.jpg","datePublished":"2023-12-14T00:23:20+00:00","dateModified":"2024-07-23T22:05:17+00:00","breadcrumb":{"@id":"https:\/\/electricink.eu\/pt-pt\/producto\/dermografo-giulietta-nuance\/#breadcrumb"},"inLanguage":"pt-PT","potentialAction":[{"@type":"ReadAction","target":["https:\/\/electricink.eu\/pt-pt\/producto\/dermografo-giulietta-nuance\/"]}]},{"@type":"ImageObject","inLanguage":"pt-PT","@id":"https:\/\/electricink.eu\/pt-pt\/producto\/dermografo-giulietta-nuance\/#primaryimage","url":"https:\/\/electricink.eu\/wp-content\/uploads\/2023\/12\/Giulietta-8.jpg","contentUrl":"https:\/\/electricink.eu\/wp-content\/uploads\/2023\/12\/Giulietta-8.jpg","width":1646,"height":1646},{"@type":"BreadcrumbList","@id":"https:\/\/electricink.eu\/pt-pt\/producto\/dermografo-giulietta-nuance\/#breadcrumb","itemListElement":[{"@type":"ListItem","position":1,"name":"Portada","item":"https:\/\/electricink.eu\/pt-pt\/home\/"},{"@type":"ListItem","position":2,"name":"Tienda","item":"https:\/\/electricink.eu\/tienda\/"},{"@type":"ListItem","position":3,"name":"Dermografo Giulietta Nuance"}]},{"@type":"WebSite","@id":"https:\/\/electricink.eu\/#website","url":"https:\/\/electricink.eu\/","name":"Electric Ink\u00ae","description":"Material para Tatuar Profesional en Europa - Electric Ink\u00ae","potentialAction":[{"@type":"SearchAction","target":{"@type":"EntryPoint","urlTemplate":"https:\/\/electricink.eu\/?s={search_term_string}"},"query-input":{"@type":"PropertyValueSpecification","valueRequired":true,"valueName":"search_term_string"}}],"inLanguage":"pt-PT"}]}},"_links":{"self":[{"href":"https:\/\/electricink.eu\/pt-pt\/wp-json\/wp\/v2\/product\/36792","targetHints":{"allow":["GET"]}}],"collection":[{"href":"https:\/\/electricink.eu\/pt-pt\/wp-json\/wp\/v2\/product"}],"about":[{"href":"https:\/\/electricink.eu\/pt-pt\/wp-json\/wp\/v2\/types\/product"}],"replies":[{"embeddable":true,"href":"https:\/\/electricink.eu\/pt-pt\/wp-json\/wp\/v2\/comments?post=36792"}],"wp:featuredmedia":[{"embeddable":true,"href":"https:\/\/electricink.eu\/pt-pt\/wp-json\/wp\/v2\/media\/36420"}],"wp:attachment":[{"href":"https:\/\/electricink.eu\/pt-pt\/wp-json\/wp\/v2\/media?parent=36792"}],"wp:term":[{"taxonomy":"product_brand","embeddable":true,"href":"https:\/\/electricink.eu\/pt-pt\/wp-json\/wp\/v2\/product_brand?post=36792"},{"taxonomy":"product_cat","embeddable":true,"href":"https:\/\/electricink.eu\/pt-pt\/wp-json\/wp\/v2\/product_cat?post=36792"},{"taxonomy":"product_tag","embeddable":true,"href":"https:\/\/electricink.eu\/pt-pt\/wp-json\/wp\/v2\/product_tag?post=36792"}],"curies":[{"name":"wp","href":"https:\/\/api.w.org\/{rel}","templated":true}]}}