{"id":36797,"date":"2023-12-14T01:22:27","date_gmt":"2023-12-14T00:22:27","guid":{"rendered":"https:\/\/electricink.eu\/producto\/fonte-power-1-com-baterias-e-carregador\/"},"modified":"2024-07-01T12:02:36","modified_gmt":"2024-07-01T10:02:36","slug":"fonte-power-1-com-baterias-e-carregador","status":"publish","type":"product","link":"https:\/\/electricink.eu\/pt-pt\/producto\/fonte-power-1-com-baterias-e-carregador\/","title":{"rendered":"Fonte Power 1 com baterias e carregador"},"content":{"rendered":"","protected":false},"excerpt":{"rendered":"<p>Fonte de alimenta\u00e7\u00e3o Power 1 bluetooth com 2 baterias de l\u00edtio recarreg\u00e1veis \u200b\u200bICR18500 3.7V 1400mAh e carregador.<\/p>\n<p>Feita com componentes de alta qualidade e materiais selecionados, \u00e9 pr\u00e1tica e altamente interativa.<\/p>\n<p><strong>&#8212;&#8212;&#8212;&#8212;&#8212;&#8212;&#8212;- Garantia do produto &#8212;&#8212;&#8212;&#8212;&#8212;&#8212;&#8212;&#8212;-<\/strong><\/p>\n<p>O per\u00edodo de garantia oferecido pela Electric Ink segue os regulamentos europeus atuais. A garantia da Electric Ink contra defeitos de fabrica\u00e7\u00e3o come\u00e7a a contar a partir da compra do produto pelo consumidor, verificada por meio da nota fiscal de compra do respectivo item.<\/p>\n<p><strong>&#8212;&#8212;&#8212;&#8212;&#8212;&#8212;&#8212;&#8211; Assist\u00eancia t\u00e9cnica &#8212;&#8212;&#8212;&#8212;&#8212;&#8212;&#8212;&#8212;-<\/strong><\/p>\n<p>Contacto por e-mail atrav\u00e9s de info@electric.local<\/p>\n","protected":false},"featured_media":35796,"comment_status":"closed","ping_status":"closed","template":"","meta":{"_acf_changed":false,"_et_pb_use_builder":"","_et_pb_old_content":"","_et_gb_content_width":"","inline_featured_image":false},"product_brand":[],"product_cat":[1131,745,749],"product_tag":[],"class_list":{"0":"post-36797","1":"product","2":"type-product","3":"status-publish","4":"has-post-thumbnail","6":"product_cat-perifericos","7":"product_cat-tattoo","8":"product_cat-fontes-tattoo","10":"first","11":"instock","12":"taxable","13":"shipping-taxable","14":"purchasable","15":"product-type-simple"},"acf":[],"yoast_head":"<!-- This site is optimized with the Yoast SEO plugin v27.5 - https:\/\/yoast.com\/product\/yoast-seo-wordpress\/ -->\n<title>Fonte Power 1 com baterias e carregador - Electric Ink\u00ae<\/title>\n<meta name=\"robots\" content=\"index, follow, max-snippet:-1, max-image-preview:large, max-video-preview:-1\" \/>\n<link rel=\"canonical\" href=\"https:\/\/electricink.eu\/pt-pt\/producto\/fonte-power-1-com-baterias-e-carregador\/\" \/>\n<meta property=\"og:locale\" content=\"pt_PT\" \/>\n<meta property=\"og:type\" content=\"article\" \/>\n<meta property=\"og:title\" content=\"Fonte Power 1 com baterias e carregador - Electric Ink\u00ae\" \/>\n<meta property=\"og:description\" content=\"Fonte de alimenta\u00e7\u00e3o Power 1 bluetooth com 2 baterias de l\u00edtio recarreg\u00e1veis \u200b\u200bICR18500 3.7V 1400mAh e carregador. Feita com componentes de alta qualidade e materiais selecionados, \u00e9 pr\u00e1tica e altamente interativa. ---------------------- Garantia do produto ------------------------- O per\u00edodo de garantia oferecido pela Electric Ink segue os regulamentos europeus atuais. A garantia da Electric Ink contra defeitos de fabrica\u00e7\u00e3o come\u00e7a a contar a partir da compra do produto pelo consumidor, verificada por meio da nota fiscal de compra do respectivo item. ----------------------- Assist\u00eancia t\u00e9cnica ------------------------- Contacto por e-mail atrav\u00e9s de info@electric.local\" \/>\n<meta property=\"og:url\" content=\"https:\/\/electricink.eu\/pt-pt\/producto\/fonte-power-1-com-baterias-e-carregador\/\" \/>\n<meta property=\"og:site_name\" content=\"Electric Ink\u00ae\" \/>\n<meta property=\"article:modified_time\" content=\"2024-07-01T10:02:36+00:00\" \/>\n<meta property=\"og:image\" content=\"https:\/\/electricink.eu\/wp-content\/uploads\/2023\/12\/Power-1-con-bateria-y-cargador-scaled-2.jpg\" \/>\n\t<meta property=\"og:image:width\" content=\"2560\" \/>\n\t<meta property=\"og:image:height\" content=\"2370\" \/>\n\t<meta property=\"og:image:type\" content=\"image\/jpeg\" \/>\n<meta name=\"twitter:card\" content=\"summary_large_image\" \/>\n<script type=\"application\/ld+json\" class=\"yoast-schema-graph\">{\"@context\":\"https:\\\/\\\/schema.org\",\"@graph\":[{\"@type\":\"WebPage\",\"@id\":\"https:\\\/\\\/electricink.eu\\\/pt-pt\\\/producto\\\/fonte-power-1-com-baterias-e-carregador\\\/\",\"url\":\"https:\\\/\\\/electricink.eu\\\/pt-pt\\\/producto\\\/fonte-power-1-com-baterias-e-carregador\\\/\",\"name\":\"Fonte Power 1 com baterias e carregador - Electric Ink\u00ae\",\"isPartOf\":{\"@id\":\"https:\\\/\\\/electricink.eu\\\/#website\"},\"primaryImageOfPage\":{\"@id\":\"https:\\\/\\\/electricink.eu\\\/pt-pt\\\/producto\\\/fonte-power-1-com-baterias-e-carregador\\\/#primaryimage\"},\"image\":{\"@id\":\"https:\\\/\\\/electricink.eu\\\/pt-pt\\\/producto\\\/fonte-power-1-com-baterias-e-carregador\\\/#primaryimage\"},\"thumbnailUrl\":\"https:\\\/\\\/electricink.eu\\\/wp-content\\\/uploads\\\/2023\\\/12\\\/Power-1-con-bateria-y-cargador-scaled-2.jpg\",\"datePublished\":\"2023-12-14T00:22:27+00:00\",\"dateModified\":\"2024-07-01T10:02:36+00:00\",\"breadcrumb\":{\"@id\":\"https:\\\/\\\/electricink.eu\\\/pt-pt\\\/producto\\\/fonte-power-1-com-baterias-e-carregador\\\/#breadcrumb\"},\"inLanguage\":\"pt-PT\",\"potentialAction\":[{\"@type\":\"ReadAction\",\"target\":[\"https:\\\/\\\/electricink.eu\\\/pt-pt\\\/producto\\\/fonte-power-1-com-baterias-e-carregador\\\/\"]}]},{\"@type\":\"ImageObject\",\"inLanguage\":\"pt-PT\",\"@id\":\"https:\\\/\\\/electricink.eu\\\/pt-pt\\\/producto\\\/fonte-power-1-com-baterias-e-carregador\\\/#primaryimage\",\"url\":\"https:\\\/\\\/electricink.eu\\\/wp-content\\\/uploads\\\/2023\\\/12\\\/Power-1-con-bateria-y-cargador-scaled-2.jpg\",\"contentUrl\":\"https:\\\/\\\/electricink.eu\\\/wp-content\\\/uploads\\\/2023\\\/12\\\/Power-1-con-bateria-y-cargador-scaled-2.jpg\",\"width\":2560,\"height\":2370},{\"@type\":\"BreadcrumbList\",\"@id\":\"https:\\\/\\\/electricink.eu\\\/pt-pt\\\/producto\\\/fonte-power-1-com-baterias-e-carregador\\\/#breadcrumb\",\"itemListElement\":[{\"@type\":\"ListItem\",\"position\":1,\"name\":\"Portada\",\"item\":\"https:\\\/\\\/electricink.eu\\\/pt-pt\\\/home\\\/\"},{\"@type\":\"ListItem\",\"position\":2,\"name\":\"Tienda\",\"item\":\"https:\\\/\\\/electricink.eu\\\/tienda\\\/\"},{\"@type\":\"ListItem\",\"position\":3,\"name\":\"Fonte Power 1 com baterias e carregador\"}]},{\"@type\":\"WebSite\",\"@id\":\"https:\\\/\\\/electricink.eu\\\/#website\",\"url\":\"https:\\\/\\\/electricink.eu\\\/\",\"name\":\"Electric Ink\u00ae\",\"description\":\"Material para Tatuar Profesional en Europa - Electric Ink\u00ae\",\"potentialAction\":[{\"@type\":\"SearchAction\",\"target\":{\"@type\":\"EntryPoint\",\"urlTemplate\":\"https:\\\/\\\/electricink.eu\\\/?s={search_term_string}\"},\"query-input\":{\"@type\":\"PropertyValueSpecification\",\"valueRequired\":true,\"valueName\":\"search_term_string\"}}],\"inLanguage\":\"pt-PT\"}]}<\/script>\n<!-- \/ Yoast SEO plugin. -->","yoast_head_json":{"title":"Fonte Power 1 com baterias e carregador - Electric Ink\u00ae","robots":{"index":"index","follow":"follow","max-snippet":"max-snippet:-1","max-image-preview":"max-image-preview:large","max-video-preview":"max-video-preview:-1"},"canonical":"https:\/\/electricink.eu\/pt-pt\/producto\/fonte-power-1-com-baterias-e-carregador\/","og_locale":"pt_PT","og_type":"article","og_title":"Fonte Power 1 com baterias e carregador - Electric Ink\u00ae","og_description":"Fonte de alimenta\u00e7\u00e3o Power 1 bluetooth com 2 baterias de l\u00edtio recarreg\u00e1veis \u200b\u200bICR18500 3.7V 1400mAh e carregador. Feita com componentes de alta qualidade e materiais selecionados, \u00e9 pr\u00e1tica e altamente interativa. ---------------------- Garantia do produto ------------------------- O per\u00edodo de garantia oferecido pela Electric Ink segue os regulamentos europeus atuais. A garantia da Electric Ink contra defeitos de fabrica\u00e7\u00e3o come\u00e7a a contar a partir da compra do produto pelo consumidor, verificada por meio da nota fiscal de compra do respectivo item. ----------------------- Assist\u00eancia t\u00e9cnica ------------------------- Contacto por e-mail atrav\u00e9s de info@electric.local","og_url":"https:\/\/electricink.eu\/pt-pt\/producto\/fonte-power-1-com-baterias-e-carregador\/","og_site_name":"Electric Ink\u00ae","article_modified_time":"2024-07-01T10:02:36+00:00","og_image":[{"width":2560,"height":2370,"url":"https:\/\/electricink.eu\/wp-content\/uploads\/2023\/12\/Power-1-con-bateria-y-cargador-scaled-2.jpg","type":"image\/jpeg"}],"twitter_card":"summary_large_image","schema":{"@context":"https:\/\/schema.org","@graph":[{"@type":"WebPage","@id":"https:\/\/electricink.eu\/pt-pt\/producto\/fonte-power-1-com-baterias-e-carregador\/","url":"https:\/\/electricink.eu\/pt-pt\/producto\/fonte-power-1-com-baterias-e-carregador\/","name":"Fonte Power 1 com baterias e carregador - Electric Ink\u00ae","isPartOf":{"@id":"https:\/\/electricink.eu\/#website"},"primaryImageOfPage":{"@id":"https:\/\/electricink.eu\/pt-pt\/producto\/fonte-power-1-com-baterias-e-carregador\/#primaryimage"},"image":{"@id":"https:\/\/electricink.eu\/pt-pt\/producto\/fonte-power-1-com-baterias-e-carregador\/#primaryimage"},"thumbnailUrl":"https:\/\/electricink.eu\/wp-content\/uploads\/2023\/12\/Power-1-con-bateria-y-cargador-scaled-2.jpg","datePublished":"2023-12-14T00:22:27+00:00","dateModified":"2024-07-01T10:02:36+00:00","breadcrumb":{"@id":"https:\/\/electricink.eu\/pt-pt\/producto\/fonte-power-1-com-baterias-e-carregador\/#breadcrumb"},"inLanguage":"pt-PT","potentialAction":[{"@type":"ReadAction","target":["https:\/\/electricink.eu\/pt-pt\/producto\/fonte-power-1-com-baterias-e-carregador\/"]}]},{"@type":"ImageObject","inLanguage":"pt-PT","@id":"https:\/\/electricink.eu\/pt-pt\/producto\/fonte-power-1-com-baterias-e-carregador\/#primaryimage","url":"https:\/\/electricink.eu\/wp-content\/uploads\/2023\/12\/Power-1-con-bateria-y-cargador-scaled-2.jpg","contentUrl":"https:\/\/electricink.eu\/wp-content\/uploads\/2023\/12\/Power-1-con-bateria-y-cargador-scaled-2.jpg","width":2560,"height":2370},{"@type":"BreadcrumbList","@id":"https:\/\/electricink.eu\/pt-pt\/producto\/fonte-power-1-com-baterias-e-carregador\/#breadcrumb","itemListElement":[{"@type":"ListItem","position":1,"name":"Portada","item":"https:\/\/electricink.eu\/pt-pt\/home\/"},{"@type":"ListItem","position":2,"name":"Tienda","item":"https:\/\/electricink.eu\/tienda\/"},{"@type":"ListItem","position":3,"name":"Fonte Power 1 com baterias e carregador"}]},{"@type":"WebSite","@id":"https:\/\/electricink.eu\/#website","url":"https:\/\/electricink.eu\/","name":"Electric Ink\u00ae","description":"Material para Tatuar Profesional en Europa - Electric Ink\u00ae","potentialAction":[{"@type":"SearchAction","target":{"@type":"EntryPoint","urlTemplate":"https:\/\/electricink.eu\/?s={search_term_string}"},"query-input":{"@type":"PropertyValueSpecification","valueRequired":true,"valueName":"search_term_string"}}],"inLanguage":"pt-PT"}]}},"_links":{"self":[{"href":"https:\/\/electricink.eu\/pt-pt\/wp-json\/wp\/v2\/product\/36797","targetHints":{"allow":["GET"]}}],"collection":[{"href":"https:\/\/electricink.eu\/pt-pt\/wp-json\/wp\/v2\/product"}],"about":[{"href":"https:\/\/electricink.eu\/pt-pt\/wp-json\/wp\/v2\/types\/product"}],"replies":[{"embeddable":true,"href":"https:\/\/electricink.eu\/pt-pt\/wp-json\/wp\/v2\/comments?post=36797"}],"wp:featuredmedia":[{"embeddable":true,"href":"https:\/\/electricink.eu\/pt-pt\/wp-json\/wp\/v2\/media\/35796"}],"wp:attachment":[{"href":"https:\/\/electricink.eu\/pt-pt\/wp-json\/wp\/v2\/media?parent=36797"}],"wp:term":[{"taxonomy":"product_brand","embeddable":true,"href":"https:\/\/electricink.eu\/pt-pt\/wp-json\/wp\/v2\/product_brand?post=36797"},{"taxonomy":"product_cat","embeddable":true,"href":"https:\/\/electricink.eu\/pt-pt\/wp-json\/wp\/v2\/product_cat?post=36797"},{"taxonomy":"product_tag","embeddable":true,"href":"https:\/\/electricink.eu\/pt-pt\/wp-json\/wp\/v2\/product_tag?post=36797"}],"curies":[{"name":"wp","href":"https:\/\/api.w.org\/{rel}","templated":true}]}}