{"id":36959,"date":"2023-12-14T01:21:44","date_gmt":"2023-12-14T00:21:44","guid":{"rendered":"https:\/\/electricink.eu\/producto\/bobinas-para-maquina-linhas-e-hibrida\/"},"modified":"2024-01-29T14:02:24","modified_gmt":"2024-01-29T13:02:24","slug":"bobinas-para-maquina-linhas-e-hibrida","status":"publish","type":"product","link":"https:\/\/electricink.eu\/pt-pt\/producto\/bobinas-para-maquina-linhas-e-hibrida\/","title":{"rendered":"Bobinas para M\u00e1quina &#8211; Linhas e H\u00edbrida"},"content":{"rendered":"<p>Modelo: Par de Bobinas<\/p>\n","protected":false},"excerpt":{"rendered":"<p>Compat\u00edvel com as seguintes m\u00e1quinas:<br \/>&#8211; H\u00edbrido Tradicional Percy Waters (Ferro Fundido);<br \/>&#8211; Forro Bulldog Tradicional (ferro fundido);<br \/>&#8211; Classic Jr. Liner (Dash) Tradicional (Ferro Fundido);<br \/>&#8211; Coleman Liner (Trace) Tradicional (Ferro Fundido);<br \/>&#8211; Liner Dietzel Tradicional (ferro fundido);<br \/>&#8211; One Liner El\u00e9trico (Tra\u00e7o) Tradicional (Ferro Fundido);<br \/>&#8211; Mike Pike 2007 Liner (Dash) Tradicional (Ferro Fundido);<br \/>&#8211; Mike Pike Classic Liner (Dash) Tradicional (Ferro Fundido);<br \/>&#8211; Revestimento de l\u00e2mina de barbear tradicional (ferro fundido);<br \/>&#8211; Forro Tradicional Troy Liner (Trace) (Ferro Fundido);<br \/>&#8211; Jonesy Liner (Trace) Tradicional (Ferro Fundido);<\/p>\n","protected":false},"featured_media":3937,"comment_status":"closed","ping_status":"closed","template":"","meta":{"_acf_changed":false,"_et_pb_use_builder":"","_et_pb_old_content":"","_et_gb_content_width":"","inline_featured_image":false},"product_brand":[],"product_cat":[722,727,745],"product_tag":[],"class_list":{"0":"post-36959","1":"product","2":"type-product","3":"status-publish","4":"has-post-thumbnail","6":"product_cat-accesorios-pt","7":"product_cat-pecas-para-maquinas-de-tatuagem","8":"product_cat-tattoo","10":"first","11":"outofstock","12":"taxable","13":"shipping-taxable","14":"purchasable","15":"product-type-simple"},"acf":[],"yoast_head":"<!-- This site is optimized with the Yoast SEO plugin v27.5 - https:\/\/yoast.com\/product\/yoast-seo-wordpress\/ -->\n<title>Bobinas para M\u00e1quina - Linhas e H\u00edbrida - Electric Ink\u00ae<\/title>\n<meta name=\"robots\" content=\"index, follow, max-snippet:-1, max-image-preview:large, max-video-preview:-1\" \/>\n<link rel=\"canonical\" href=\"https:\/\/electricink.eu\/pt-pt\/producto\/bobinas-para-maquina-linhas-e-hibrida\/\" \/>\n<meta property=\"og:locale\" content=\"pt_PT\" \/>\n<meta property=\"og:type\" content=\"article\" \/>\n<meta property=\"og:title\" content=\"Bobinas para M\u00e1quina - Linhas e H\u00edbrida - Electric Ink\u00ae\" \/>\n<meta property=\"og:description\" content=\"Compat\u00edvel com as seguintes m\u00e1quinas:- H\u00edbrido Tradicional Percy Waters (Ferro Fundido);- Forro Bulldog Tradicional (ferro fundido);- Classic Jr. Liner (Dash) Tradicional (Ferro Fundido);- Coleman Liner (Trace) Tradicional (Ferro Fundido);- Liner Dietzel Tradicional (ferro fundido);- One Liner El\u00e9trico (Tra\u00e7o) Tradicional (Ferro Fundido);- Mike Pike 2007 Liner (Dash) Tradicional (Ferro Fundido);- Mike Pike Classic Liner (Dash) Tradicional (Ferro Fundido);- Revestimento de l\u00e2mina de barbear tradicional (ferro fundido);- Forro Tradicional Troy Liner (Trace) (Ferro Fundido);- Jonesy Liner (Trace) Tradicional (Ferro Fundido);\" \/>\n<meta property=\"og:url\" content=\"https:\/\/electricink.eu\/pt-pt\/producto\/bobinas-para-maquina-linhas-e-hibrida\/\" \/>\n<meta property=\"og:site_name\" content=\"Electric Ink\u00ae\" \/>\n<meta property=\"article:modified_time\" content=\"2024-01-29T13:02:24+00:00\" \/>\n<meta property=\"og:image\" content=\"https:\/\/electricink.eu\/wp-content\/uploads\/2023\/10\/BOBINA-MAQUINA-LINEA-Y-HIBRIDA.jpg\" \/>\n\t<meta property=\"og:image:width\" content=\"500\" \/>\n\t<meta property=\"og:image:height\" content=\"500\" \/>\n\t<meta property=\"og:image:type\" content=\"image\/jpeg\" \/>\n<meta name=\"twitter:card\" content=\"summary_large_image\" \/>\n<script type=\"application\/ld+json\" class=\"yoast-schema-graph\">{\"@context\":\"https:\\\/\\\/schema.org\",\"@graph\":[{\"@type\":\"WebPage\",\"@id\":\"https:\\\/\\\/electricink.eu\\\/pt-pt\\\/producto\\\/bobinas-para-maquina-linhas-e-hibrida\\\/\",\"url\":\"https:\\\/\\\/electricink.eu\\\/pt-pt\\\/producto\\\/bobinas-para-maquina-linhas-e-hibrida\\\/\",\"name\":\"Bobinas para M\u00e1quina - Linhas e H\u00edbrida - Electric Ink\u00ae\",\"isPartOf\":{\"@id\":\"https:\\\/\\\/electricink.eu\\\/#website\"},\"primaryImageOfPage\":{\"@id\":\"https:\\\/\\\/electricink.eu\\\/pt-pt\\\/producto\\\/bobinas-para-maquina-linhas-e-hibrida\\\/#primaryimage\"},\"image\":{\"@id\":\"https:\\\/\\\/electricink.eu\\\/pt-pt\\\/producto\\\/bobinas-para-maquina-linhas-e-hibrida\\\/#primaryimage\"},\"thumbnailUrl\":\"https:\\\/\\\/electricink.eu\\\/wp-content\\\/uploads\\\/2023\\\/10\\\/BOBINA-MAQUINA-LINEA-Y-HIBRIDA.jpg\",\"datePublished\":\"2023-12-14T00:21:44+00:00\",\"dateModified\":\"2024-01-29T13:02:24+00:00\",\"breadcrumb\":{\"@id\":\"https:\\\/\\\/electricink.eu\\\/pt-pt\\\/producto\\\/bobinas-para-maquina-linhas-e-hibrida\\\/#breadcrumb\"},\"inLanguage\":\"pt-PT\",\"potentialAction\":[{\"@type\":\"ReadAction\",\"target\":[\"https:\\\/\\\/electricink.eu\\\/pt-pt\\\/producto\\\/bobinas-para-maquina-linhas-e-hibrida\\\/\"]}]},{\"@type\":\"ImageObject\",\"inLanguage\":\"pt-PT\",\"@id\":\"https:\\\/\\\/electricink.eu\\\/pt-pt\\\/producto\\\/bobinas-para-maquina-linhas-e-hibrida\\\/#primaryimage\",\"url\":\"https:\\\/\\\/electricink.eu\\\/wp-content\\\/uploads\\\/2023\\\/10\\\/BOBINA-MAQUINA-LINEA-Y-HIBRIDA.jpg\",\"contentUrl\":\"https:\\\/\\\/electricink.eu\\\/wp-content\\\/uploads\\\/2023\\\/10\\\/BOBINA-MAQUINA-LINEA-Y-HIBRIDA.jpg\",\"width\":500,\"height\":500},{\"@type\":\"BreadcrumbList\",\"@id\":\"https:\\\/\\\/electricink.eu\\\/pt-pt\\\/producto\\\/bobinas-para-maquina-linhas-e-hibrida\\\/#breadcrumb\",\"itemListElement\":[{\"@type\":\"ListItem\",\"position\":1,\"name\":\"Portada\",\"item\":\"https:\\\/\\\/electricink.eu\\\/pt-pt\\\/home\\\/\"},{\"@type\":\"ListItem\",\"position\":2,\"name\":\"Tienda\",\"item\":\"https:\\\/\\\/electricink.eu\\\/tienda\\\/\"},{\"@type\":\"ListItem\",\"position\":3,\"name\":\"Bobinas para M\u00e1quina &#8211; Linhas e H\u00edbrida\"}]},{\"@type\":\"WebSite\",\"@id\":\"https:\\\/\\\/electricink.eu\\\/#website\",\"url\":\"https:\\\/\\\/electricink.eu\\\/\",\"name\":\"Electric Ink\u00ae\",\"description\":\"Material para Tatuar Profesional en Europa - Electric Ink\u00ae\",\"potentialAction\":[{\"@type\":\"SearchAction\",\"target\":{\"@type\":\"EntryPoint\",\"urlTemplate\":\"https:\\\/\\\/electricink.eu\\\/?s={search_term_string}\"},\"query-input\":{\"@type\":\"PropertyValueSpecification\",\"valueRequired\":true,\"valueName\":\"search_term_string\"}}],\"inLanguage\":\"pt-PT\"}]}<\/script>\n<!-- \/ Yoast SEO plugin. -->","yoast_head_json":{"title":"Bobinas para M\u00e1quina - Linhas e H\u00edbrida - Electric Ink\u00ae","robots":{"index":"index","follow":"follow","max-snippet":"max-snippet:-1","max-image-preview":"max-image-preview:large","max-video-preview":"max-video-preview:-1"},"canonical":"https:\/\/electricink.eu\/pt-pt\/producto\/bobinas-para-maquina-linhas-e-hibrida\/","og_locale":"pt_PT","og_type":"article","og_title":"Bobinas para M\u00e1quina - Linhas e H\u00edbrida - Electric Ink\u00ae","og_description":"Compat\u00edvel com as seguintes m\u00e1quinas:- H\u00edbrido Tradicional Percy Waters (Ferro Fundido);- Forro Bulldog Tradicional (ferro fundido);- Classic Jr. Liner (Dash) Tradicional (Ferro Fundido);- Coleman Liner (Trace) Tradicional (Ferro Fundido);- Liner Dietzel Tradicional (ferro fundido);- One Liner El\u00e9trico (Tra\u00e7o) Tradicional (Ferro Fundido);- Mike Pike 2007 Liner (Dash) Tradicional (Ferro Fundido);- Mike Pike Classic Liner (Dash) Tradicional (Ferro Fundido);- Revestimento de l\u00e2mina de barbear tradicional (ferro fundido);- Forro Tradicional Troy Liner (Trace) (Ferro Fundido);- Jonesy Liner (Trace) Tradicional (Ferro Fundido);","og_url":"https:\/\/electricink.eu\/pt-pt\/producto\/bobinas-para-maquina-linhas-e-hibrida\/","og_site_name":"Electric Ink\u00ae","article_modified_time":"2024-01-29T13:02:24+00:00","og_image":[{"width":500,"height":500,"url":"https:\/\/electricink.eu\/wp-content\/uploads\/2023\/10\/BOBINA-MAQUINA-LINEA-Y-HIBRIDA.jpg","type":"image\/jpeg"}],"twitter_card":"summary_large_image","schema":{"@context":"https:\/\/schema.org","@graph":[{"@type":"WebPage","@id":"https:\/\/electricink.eu\/pt-pt\/producto\/bobinas-para-maquina-linhas-e-hibrida\/","url":"https:\/\/electricink.eu\/pt-pt\/producto\/bobinas-para-maquina-linhas-e-hibrida\/","name":"Bobinas para M\u00e1quina - Linhas e H\u00edbrida - Electric Ink\u00ae","isPartOf":{"@id":"https:\/\/electricink.eu\/#website"},"primaryImageOfPage":{"@id":"https:\/\/electricink.eu\/pt-pt\/producto\/bobinas-para-maquina-linhas-e-hibrida\/#primaryimage"},"image":{"@id":"https:\/\/electricink.eu\/pt-pt\/producto\/bobinas-para-maquina-linhas-e-hibrida\/#primaryimage"},"thumbnailUrl":"https:\/\/electricink.eu\/wp-content\/uploads\/2023\/10\/BOBINA-MAQUINA-LINEA-Y-HIBRIDA.jpg","datePublished":"2023-12-14T00:21:44+00:00","dateModified":"2024-01-29T13:02:24+00:00","breadcrumb":{"@id":"https:\/\/electricink.eu\/pt-pt\/producto\/bobinas-para-maquina-linhas-e-hibrida\/#breadcrumb"},"inLanguage":"pt-PT","potentialAction":[{"@type":"ReadAction","target":["https:\/\/electricink.eu\/pt-pt\/producto\/bobinas-para-maquina-linhas-e-hibrida\/"]}]},{"@type":"ImageObject","inLanguage":"pt-PT","@id":"https:\/\/electricink.eu\/pt-pt\/producto\/bobinas-para-maquina-linhas-e-hibrida\/#primaryimage","url":"https:\/\/electricink.eu\/wp-content\/uploads\/2023\/10\/BOBINA-MAQUINA-LINEA-Y-HIBRIDA.jpg","contentUrl":"https:\/\/electricink.eu\/wp-content\/uploads\/2023\/10\/BOBINA-MAQUINA-LINEA-Y-HIBRIDA.jpg","width":500,"height":500},{"@type":"BreadcrumbList","@id":"https:\/\/electricink.eu\/pt-pt\/producto\/bobinas-para-maquina-linhas-e-hibrida\/#breadcrumb","itemListElement":[{"@type":"ListItem","position":1,"name":"Portada","item":"https:\/\/electricink.eu\/pt-pt\/home\/"},{"@type":"ListItem","position":2,"name":"Tienda","item":"https:\/\/electricink.eu\/tienda\/"},{"@type":"ListItem","position":3,"name":"Bobinas para M\u00e1quina &#8211; Linhas e H\u00edbrida"}]},{"@type":"WebSite","@id":"https:\/\/electricink.eu\/#website","url":"https:\/\/electricink.eu\/","name":"Electric Ink\u00ae","description":"Material para Tatuar Profesional en Europa - Electric Ink\u00ae","potentialAction":[{"@type":"SearchAction","target":{"@type":"EntryPoint","urlTemplate":"https:\/\/electricink.eu\/?s={search_term_string}"},"query-input":{"@type":"PropertyValueSpecification","valueRequired":true,"valueName":"search_term_string"}}],"inLanguage":"pt-PT"}]}},"_links":{"self":[{"href":"https:\/\/electricink.eu\/pt-pt\/wp-json\/wp\/v2\/product\/36959","targetHints":{"allow":["GET"]}}],"collection":[{"href":"https:\/\/electricink.eu\/pt-pt\/wp-json\/wp\/v2\/product"}],"about":[{"href":"https:\/\/electricink.eu\/pt-pt\/wp-json\/wp\/v2\/types\/product"}],"replies":[{"embeddable":true,"href":"https:\/\/electricink.eu\/pt-pt\/wp-json\/wp\/v2\/comments?post=36959"}],"wp:featuredmedia":[{"embeddable":true,"href":"https:\/\/electricink.eu\/pt-pt\/wp-json\/wp\/v2\/media\/3937"}],"wp:attachment":[{"href":"https:\/\/electricink.eu\/pt-pt\/wp-json\/wp\/v2\/media?parent=36959"}],"wp:term":[{"taxonomy":"product_brand","embeddable":true,"href":"https:\/\/electricink.eu\/pt-pt\/wp-json\/wp\/v2\/product_brand?post=36959"},{"taxonomy":"product_cat","embeddable":true,"href":"https:\/\/electricink.eu\/pt-pt\/wp-json\/wp\/v2\/product_cat?post=36959"},{"taxonomy":"product_tag","embeddable":true,"href":"https:\/\/electricink.eu\/pt-pt\/wp-json\/wp\/v2\/product_tag?post=36959"}],"curies":[{"name":"wp","href":"https:\/\/api.w.org\/{rel}","templated":true}]}}