{"id":36982,"date":"2023-12-14T01:21:44","date_gmt":"2023-12-14T00:21:44","guid":{"rendered":"https:\/\/electricink.eu\/producto\/drawing-pen-freehand-slim\/"},"modified":"2025-09-15T16:30:13","modified_gmt":"2025-09-15T14:30:13","slug":"drawing-pen-freehand-slim","status":"publish","type":"product","link":"https:\/\/electricink.eu\/pt-pt\/producto\/drawing-pen-freehand-slim\/","title":{"rendered":"Drawing Pen Freehand &#8211; slim"},"content":{"rendered":"<p><strong>Modelo :<\/strong> Caneta de desenho<\/p>\n","protected":false},"excerpt":{"rendered":"<p>As Drawing Pen Freehand\u00a0 s\u00e3o uma nova op\u00e7\u00e3o da Electric Ink para artistas\u00a0 experientes, uma ferramenta para desenhar ou esbo\u00e7ar diretamente na pele, antes de tatuar, com grande ader\u00eancia.<\/p>\n<p>A drawing Pen tem tr\u00eas tamanhos diferentes: Slim, Medium e Large.<\/p>\n<p>Podem ser usadas \u200b\u200bpara linhas finas, tra\u00e7os, contornos ou letras, dependendo da prefer\u00eancia do artista.<\/p>\n<p>Vem com Drawing Liquid, refil de pigmento para troca e 3 varia\u00e7\u00f5es de pontas para uso:<\/p>\n<p>Fino &#8211; Pontas: Ultra Fino, Redondo e Redondo G.<br \/>M\u00e9dio &#8211; Pontas: Chanfrado, Retas e Redonda.<br \/>Grande &#8211; com ponta \u00fanica (acompanha 3 pontas iguais).<\/p>\n<p>* \u00c9 importante que antes do contato com a pele, esta seja desinfetada para que esteja pronta e sem oleosidade ao receber o pigmento.A absor\u00e7\u00e3o ser\u00e1 maior e a fixa\u00e7\u00e3o muito melhor.<\/p>\n","protected":false},"featured_media":3965,"comment_status":"closed","ping_status":"closed","template":"","meta":{"_acf_changed":false,"_et_pb_use_builder":"","_et_pb_old_content":"","_et_gb_content_width":"","inline_featured_image":false},"product_brand":[],"product_cat":[722,724],"product_tag":[],"class_list":{"0":"post-36982","1":"product","2":"type-product","3":"status-publish","4":"has-post-thumbnail","6":"product_cat-accesorios-pt","7":"product_cat-freehand-pt-pt","9":"first","10":"outofstock","11":"taxable","12":"shipping-taxable","13":"purchasable","14":"product-type-simple"},"acf":[],"yoast_head":"<!-- This site is optimized with the Yoast SEO plugin v27.4 - https:\/\/yoast.com\/product\/yoast-seo-wordpress\/ -->\n<title>Drawing Pen Freehand - slim - Electric Ink\u00ae<\/title>\n<meta name=\"robots\" content=\"index, follow, max-snippet:-1, max-image-preview:large, max-video-preview:-1\" \/>\n<link rel=\"canonical\" href=\"https:\/\/electricink.eu\/pt-pt\/producto\/drawing-pen-freehand-slim\/\" \/>\n<meta property=\"og:locale\" content=\"pt_PT\" \/>\n<meta property=\"og:type\" content=\"article\" \/>\n<meta property=\"og:title\" content=\"Drawing Pen Freehand - slim - Electric Ink\u00ae\" \/>\n<meta property=\"og:description\" content=\"As Drawing Pen Freehand\u00a0 s\u00e3o uma nova op\u00e7\u00e3o da Electric Ink para artistas\u00a0 experientes, uma ferramenta para desenhar ou esbo\u00e7ar diretamente na pele, antes de tatuar, com grande ader\u00eancia. A drawing Pen tem tr\u00eas tamanhos diferentes: Slim, Medium e Large. Podem ser usadas \u200b\u200bpara linhas finas, tra\u00e7os, contornos ou letras, dependendo da prefer\u00eancia do artista. Vem com Drawing Liquid, refil de pigmento para troca e 3 varia\u00e7\u00f5es de pontas para uso: Fino - Pontas: Ultra Fino, Redondo e Redondo G.M\u00e9dio - Pontas: Chanfrado, Retas e Redonda.Grande - com ponta \u00fanica (acompanha 3 pontas iguais). * \u00c9 importante que antes do contato com a pele, esta seja desinfetada para que esteja pronta e sem oleosidade ao receber o pigmento.A absor\u00e7\u00e3o ser\u00e1 maior e a fixa\u00e7\u00e3o muito melhor.\" \/>\n<meta property=\"og:url\" content=\"https:\/\/electricink.eu\/pt-pt\/producto\/drawing-pen-freehand-slim\/\" \/>\n<meta property=\"og:site_name\" content=\"Electric Ink\u00ae\" \/>\n<meta property=\"article:modified_time\" content=\"2025-09-15T14:30:13+00:00\" \/>\n<meta property=\"og:image\" content=\"https:\/\/electricink.eu\/wp-content\/uploads\/2023\/10\/LAPIZFREEHANDSLIM.jpg\" \/>\n\t<meta property=\"og:image:width\" content=\"578\" \/>\n\t<meta property=\"og:image:height\" content=\"578\" \/>\n\t<meta property=\"og:image:type\" content=\"image\/jpeg\" \/>\n<meta name=\"twitter:card\" content=\"summary_large_image\" \/>\n<script type=\"application\/ld+json\" class=\"yoast-schema-graph\">{\"@context\":\"https:\\\/\\\/schema.org\",\"@graph\":[{\"@type\":\"WebPage\",\"@id\":\"https:\\\/\\\/electricink.eu\\\/pt-pt\\\/producto\\\/drawing-pen-freehand-slim\\\/\",\"url\":\"https:\\\/\\\/electricink.eu\\\/pt-pt\\\/producto\\\/drawing-pen-freehand-slim\\\/\",\"name\":\"Drawing Pen Freehand - slim - Electric Ink\u00ae\",\"isPartOf\":{\"@id\":\"https:\\\/\\\/electricink.eu\\\/#website\"},\"primaryImageOfPage\":{\"@id\":\"https:\\\/\\\/electricink.eu\\\/pt-pt\\\/producto\\\/drawing-pen-freehand-slim\\\/#primaryimage\"},\"image\":{\"@id\":\"https:\\\/\\\/electricink.eu\\\/pt-pt\\\/producto\\\/drawing-pen-freehand-slim\\\/#primaryimage\"},\"thumbnailUrl\":\"https:\\\/\\\/electricink.eu\\\/wp-content\\\/uploads\\\/2023\\\/10\\\/LAPIZFREEHANDSLIM.jpg\",\"datePublished\":\"2023-12-14T00:21:44+00:00\",\"dateModified\":\"2025-09-15T14:30:13+00:00\",\"breadcrumb\":{\"@id\":\"https:\\\/\\\/electricink.eu\\\/pt-pt\\\/producto\\\/drawing-pen-freehand-slim\\\/#breadcrumb\"},\"inLanguage\":\"pt-PT\",\"potentialAction\":[{\"@type\":\"ReadAction\",\"target\":[\"https:\\\/\\\/electricink.eu\\\/pt-pt\\\/producto\\\/drawing-pen-freehand-slim\\\/\"]}]},{\"@type\":\"ImageObject\",\"inLanguage\":\"pt-PT\",\"@id\":\"https:\\\/\\\/electricink.eu\\\/pt-pt\\\/producto\\\/drawing-pen-freehand-slim\\\/#primaryimage\",\"url\":\"https:\\\/\\\/electricink.eu\\\/wp-content\\\/uploads\\\/2023\\\/10\\\/LAPIZFREEHANDSLIM.jpg\",\"contentUrl\":\"https:\\\/\\\/electricink.eu\\\/wp-content\\\/uploads\\\/2023\\\/10\\\/LAPIZFREEHANDSLIM.jpg\",\"width\":578,\"height\":578},{\"@type\":\"BreadcrumbList\",\"@id\":\"https:\\\/\\\/electricink.eu\\\/pt-pt\\\/producto\\\/drawing-pen-freehand-slim\\\/#breadcrumb\",\"itemListElement\":[{\"@type\":\"ListItem\",\"position\":1,\"name\":\"Portada\",\"item\":\"https:\\\/\\\/electricink.eu\\\/pt-pt\\\/home\\\/\"},{\"@type\":\"ListItem\",\"position\":2,\"name\":\"Tienda\",\"item\":\"https:\\\/\\\/electricink.eu\\\/tienda\\\/\"},{\"@type\":\"ListItem\",\"position\":3,\"name\":\"Drawing Pen Freehand &#8211; slim\"}]},{\"@type\":\"WebSite\",\"@id\":\"https:\\\/\\\/electricink.eu\\\/#website\",\"url\":\"https:\\\/\\\/electricink.eu\\\/\",\"name\":\"Electric Ink\u00ae\",\"description\":\"Material para Tatuar Profesional en Europa - Electric Ink\u00ae\",\"potentialAction\":[{\"@type\":\"SearchAction\",\"target\":{\"@type\":\"EntryPoint\",\"urlTemplate\":\"https:\\\/\\\/electricink.eu\\\/?s={search_term_string}\"},\"query-input\":{\"@type\":\"PropertyValueSpecification\",\"valueRequired\":true,\"valueName\":\"search_term_string\"}}],\"inLanguage\":\"pt-PT\"}]}<\/script>\n<!-- \/ Yoast SEO plugin. -->","yoast_head_json":{"title":"Drawing Pen Freehand - slim - Electric Ink\u00ae","robots":{"index":"index","follow":"follow","max-snippet":"max-snippet:-1","max-image-preview":"max-image-preview:large","max-video-preview":"max-video-preview:-1"},"canonical":"https:\/\/electricink.eu\/pt-pt\/producto\/drawing-pen-freehand-slim\/","og_locale":"pt_PT","og_type":"article","og_title":"Drawing Pen Freehand - slim - Electric Ink\u00ae","og_description":"As Drawing Pen Freehand\u00a0 s\u00e3o uma nova op\u00e7\u00e3o da Electric Ink para artistas\u00a0 experientes, uma ferramenta para desenhar ou esbo\u00e7ar diretamente na pele, antes de tatuar, com grande ader\u00eancia. A drawing Pen tem tr\u00eas tamanhos diferentes: Slim, Medium e Large. Podem ser usadas \u200b\u200bpara linhas finas, tra\u00e7os, contornos ou letras, dependendo da prefer\u00eancia do artista. Vem com Drawing Liquid, refil de pigmento para troca e 3 varia\u00e7\u00f5es de pontas para uso: Fino - Pontas: Ultra Fino, Redondo e Redondo G.M\u00e9dio - Pontas: Chanfrado, Retas e Redonda.Grande - com ponta \u00fanica (acompanha 3 pontas iguais). * \u00c9 importante que antes do contato com a pele, esta seja desinfetada para que esteja pronta e sem oleosidade ao receber o pigmento.A absor\u00e7\u00e3o ser\u00e1 maior e a fixa\u00e7\u00e3o muito melhor.","og_url":"https:\/\/electricink.eu\/pt-pt\/producto\/drawing-pen-freehand-slim\/","og_site_name":"Electric Ink\u00ae","article_modified_time":"2025-09-15T14:30:13+00:00","og_image":[{"width":578,"height":578,"url":"https:\/\/electricink.eu\/wp-content\/uploads\/2023\/10\/LAPIZFREEHANDSLIM.jpg","type":"image\/jpeg"}],"twitter_card":"summary_large_image","schema":{"@context":"https:\/\/schema.org","@graph":[{"@type":"WebPage","@id":"https:\/\/electricink.eu\/pt-pt\/producto\/drawing-pen-freehand-slim\/","url":"https:\/\/electricink.eu\/pt-pt\/producto\/drawing-pen-freehand-slim\/","name":"Drawing Pen Freehand - slim - Electric Ink\u00ae","isPartOf":{"@id":"https:\/\/electricink.eu\/#website"},"primaryImageOfPage":{"@id":"https:\/\/electricink.eu\/pt-pt\/producto\/drawing-pen-freehand-slim\/#primaryimage"},"image":{"@id":"https:\/\/electricink.eu\/pt-pt\/producto\/drawing-pen-freehand-slim\/#primaryimage"},"thumbnailUrl":"https:\/\/electricink.eu\/wp-content\/uploads\/2023\/10\/LAPIZFREEHANDSLIM.jpg","datePublished":"2023-12-14T00:21:44+00:00","dateModified":"2025-09-15T14:30:13+00:00","breadcrumb":{"@id":"https:\/\/electricink.eu\/pt-pt\/producto\/drawing-pen-freehand-slim\/#breadcrumb"},"inLanguage":"pt-PT","potentialAction":[{"@type":"ReadAction","target":["https:\/\/electricink.eu\/pt-pt\/producto\/drawing-pen-freehand-slim\/"]}]},{"@type":"ImageObject","inLanguage":"pt-PT","@id":"https:\/\/electricink.eu\/pt-pt\/producto\/drawing-pen-freehand-slim\/#primaryimage","url":"https:\/\/electricink.eu\/wp-content\/uploads\/2023\/10\/LAPIZFREEHANDSLIM.jpg","contentUrl":"https:\/\/electricink.eu\/wp-content\/uploads\/2023\/10\/LAPIZFREEHANDSLIM.jpg","width":578,"height":578},{"@type":"BreadcrumbList","@id":"https:\/\/electricink.eu\/pt-pt\/producto\/drawing-pen-freehand-slim\/#breadcrumb","itemListElement":[{"@type":"ListItem","position":1,"name":"Portada","item":"https:\/\/electricink.eu\/pt-pt\/home\/"},{"@type":"ListItem","position":2,"name":"Tienda","item":"https:\/\/electricink.eu\/tienda\/"},{"@type":"ListItem","position":3,"name":"Drawing Pen Freehand &#8211; slim"}]},{"@type":"WebSite","@id":"https:\/\/electricink.eu\/#website","url":"https:\/\/electricink.eu\/","name":"Electric Ink\u00ae","description":"Material para Tatuar Profesional en Europa - Electric Ink\u00ae","potentialAction":[{"@type":"SearchAction","target":{"@type":"EntryPoint","urlTemplate":"https:\/\/electricink.eu\/?s={search_term_string}"},"query-input":{"@type":"PropertyValueSpecification","valueRequired":true,"valueName":"search_term_string"}}],"inLanguage":"pt-PT"}]}},"_links":{"self":[{"href":"https:\/\/electricink.eu\/pt-pt\/wp-json\/wp\/v2\/product\/36982","targetHints":{"allow":["GET"]}}],"collection":[{"href":"https:\/\/electricink.eu\/pt-pt\/wp-json\/wp\/v2\/product"}],"about":[{"href":"https:\/\/electricink.eu\/pt-pt\/wp-json\/wp\/v2\/types\/product"}],"replies":[{"embeddable":true,"href":"https:\/\/electricink.eu\/pt-pt\/wp-json\/wp\/v2\/comments?post=36982"}],"wp:featuredmedia":[{"embeddable":true,"href":"https:\/\/electricink.eu\/pt-pt\/wp-json\/wp\/v2\/media\/3965"}],"wp:attachment":[{"href":"https:\/\/electricink.eu\/pt-pt\/wp-json\/wp\/v2\/media?parent=36982"}],"wp:term":[{"taxonomy":"product_brand","embeddable":true,"href":"https:\/\/electricink.eu\/pt-pt\/wp-json\/wp\/v2\/product_brand?post=36982"},{"taxonomy":"product_cat","embeddable":true,"href":"https:\/\/electricink.eu\/pt-pt\/wp-json\/wp\/v2\/product_cat?post=36982"},{"taxonomy":"product_tag","embeddable":true,"href":"https:\/\/electricink.eu\/pt-pt\/wp-json\/wp\/v2\/product_tag?post=36982"}],"curies":[{"name":"wp","href":"https:\/\/api.w.org\/{rel}","templated":true}]}}