{"id":37013,"date":"2023-12-14T01:21:44","date_gmt":"2023-12-14T00:21:44","guid":{"rendered":"https:\/\/electricink.eu\/producto\/protetor-para-maquinas-pen-transparente-25un\/"},"modified":"2024-01-29T13:13:49","modified_gmt":"2024-01-29T12:13:49","slug":"protetor-para-maquinas-pen-transparente-25un","status":"publish","type":"product","link":"https:\/\/electricink.eu\/pt-pt\/producto\/protetor-para-maquinas-pen-transparente-25un\/","title":{"rendered":"Protetor para m\u00e1quinas PEN &#8211; transparente &#8211; 25un"},"content":{"rendered":"<p><strong>Cor<\/strong>: Transparente<\/p>\n<p><strong>Dimens\u00f5es<\/strong>: 6mm X 18mm X 0,08mm.<\/p>\n<p>Caixa com 25 unidades de protetores pl\u00e1sticos para todos os tipos de m\u00e1quina PEN.<\/p>\n","protected":false},"excerpt":{"rendered":"<p>Protector pl\u00e1stico descart\u00e1vel Electric Ink, para todo o tipo de m\u00e1quina PEN<\/p>\n<p>Feito com pl\u00e1stico de alta qualidade, transparente. Seguro de usar, material dur\u00e1vel, inodoro e n\u00e3o t\u00f3xico.<\/p>\n<p>Ideal para evitar a contamina\u00e7\u00e3o das m\u00e1quinas de tatuagem e de micropigmenta\u00e7\u00e3o.<\/p>\n<p>Para um trabalho profissional e seguro dentro da cabine.<\/p>\n","protected":false},"featured_media":4005,"comment_status":"closed","ping_status":"closed","template":"","meta":{"_acf_changed":false,"_et_pb_use_builder":"","_et_pb_old_content":"","_et_gb_content_width":"","inline_featured_image":false},"product_brand":[],"product_cat":[722,723,727,745],"product_tag":[],"class_list":{"0":"post-37013","1":"product","2":"type-product","3":"status-publish","4":"has-post-thumbnail","6":"product_cat-accesorios-pt","7":"product_cat-consumibles-pt-pt","8":"product_cat-pecas-para-maquinas-de-tatuagem","9":"product_cat-tattoo","11":"first","12":"outofstock","13":"taxable","14":"shipping-taxable","15":"purchasable","16":"product-type-simple"},"acf":[],"yoast_head":"<!-- This site is optimized with the Yoast SEO plugin v27.5 - https:\/\/yoast.com\/product\/yoast-seo-wordpress\/ -->\n<title>Protetor para m\u00e1quinas PEN - transparente - 25un - Electric Ink\u00ae<\/title>\n<meta name=\"robots\" content=\"index, follow, max-snippet:-1, max-image-preview:large, max-video-preview:-1\" \/>\n<link rel=\"canonical\" href=\"https:\/\/electricink.eu\/pt-pt\/producto\/protetor-para-maquinas-pen-transparente-25un\/\" \/>\n<meta property=\"og:locale\" content=\"pt_PT\" \/>\n<meta property=\"og:type\" content=\"article\" \/>\n<meta property=\"og:title\" content=\"Protetor para m\u00e1quinas PEN - transparente - 25un - Electric Ink\u00ae\" \/>\n<meta property=\"og:description\" content=\"Protector pl\u00e1stico descart\u00e1vel Electric Ink, para todo o tipo de m\u00e1quina PEN Feito com pl\u00e1stico de alta qualidade, transparente. Seguro de usar, material dur\u00e1vel, inodoro e n\u00e3o t\u00f3xico. Ideal para evitar a contamina\u00e7\u00e3o das m\u00e1quinas de tatuagem e de micropigmenta\u00e7\u00e3o. Para um trabalho profissional e seguro dentro da cabine.\" \/>\n<meta property=\"og:url\" content=\"https:\/\/electricink.eu\/pt-pt\/producto\/protetor-para-maquinas-pen-transparente-25un\/\" \/>\n<meta property=\"og:site_name\" content=\"Electric Ink\u00ae\" \/>\n<meta property=\"article:modified_time\" content=\"2024-01-29T12:13:49+00:00\" \/>\n<meta property=\"og:image\" content=\"https:\/\/electricink.eu\/wp-content\/uploads\/2023\/10\/cubremaquinapen.png\" \/>\n\t<meta property=\"og:image:width\" content=\"500\" \/>\n\t<meta property=\"og:image:height\" content=\"500\" \/>\n\t<meta property=\"og:image:type\" content=\"image\/png\" \/>\n<meta name=\"twitter:card\" content=\"summary_large_image\" \/>\n<script type=\"application\/ld+json\" class=\"yoast-schema-graph\">{\"@context\":\"https:\\\/\\\/schema.org\",\"@graph\":[{\"@type\":\"WebPage\",\"@id\":\"https:\\\/\\\/electricink.eu\\\/pt-pt\\\/producto\\\/protetor-para-maquinas-pen-transparente-25un\\\/\",\"url\":\"https:\\\/\\\/electricink.eu\\\/pt-pt\\\/producto\\\/protetor-para-maquinas-pen-transparente-25un\\\/\",\"name\":\"Protetor para m\u00e1quinas PEN - transparente - 25un - Electric Ink\u00ae\",\"isPartOf\":{\"@id\":\"https:\\\/\\\/electricink.eu\\\/#website\"},\"primaryImageOfPage\":{\"@id\":\"https:\\\/\\\/electricink.eu\\\/pt-pt\\\/producto\\\/protetor-para-maquinas-pen-transparente-25un\\\/#primaryimage\"},\"image\":{\"@id\":\"https:\\\/\\\/electricink.eu\\\/pt-pt\\\/producto\\\/protetor-para-maquinas-pen-transparente-25un\\\/#primaryimage\"},\"thumbnailUrl\":\"https:\\\/\\\/electricink.eu\\\/wp-content\\\/uploads\\\/2023\\\/10\\\/cubremaquinapen.png\",\"datePublished\":\"2023-12-14T00:21:44+00:00\",\"dateModified\":\"2024-01-29T12:13:49+00:00\",\"breadcrumb\":{\"@id\":\"https:\\\/\\\/electricink.eu\\\/pt-pt\\\/producto\\\/protetor-para-maquinas-pen-transparente-25un\\\/#breadcrumb\"},\"inLanguage\":\"pt-PT\",\"potentialAction\":[{\"@type\":\"ReadAction\",\"target\":[\"https:\\\/\\\/electricink.eu\\\/pt-pt\\\/producto\\\/protetor-para-maquinas-pen-transparente-25un\\\/\"]}]},{\"@type\":\"ImageObject\",\"inLanguage\":\"pt-PT\",\"@id\":\"https:\\\/\\\/electricink.eu\\\/pt-pt\\\/producto\\\/protetor-para-maquinas-pen-transparente-25un\\\/#primaryimage\",\"url\":\"https:\\\/\\\/electricink.eu\\\/wp-content\\\/uploads\\\/2023\\\/10\\\/cubremaquinapen.png\",\"contentUrl\":\"https:\\\/\\\/electricink.eu\\\/wp-content\\\/uploads\\\/2023\\\/10\\\/cubremaquinapen.png\",\"width\":500,\"height\":500},{\"@type\":\"BreadcrumbList\",\"@id\":\"https:\\\/\\\/electricink.eu\\\/pt-pt\\\/producto\\\/protetor-para-maquinas-pen-transparente-25un\\\/#breadcrumb\",\"itemListElement\":[{\"@type\":\"ListItem\",\"position\":1,\"name\":\"Portada\",\"item\":\"https:\\\/\\\/electricink.eu\\\/pt-pt\\\/home\\\/\"},{\"@type\":\"ListItem\",\"position\":2,\"name\":\"Tienda\",\"item\":\"https:\\\/\\\/electricink.eu\\\/tienda\\\/\"},{\"@type\":\"ListItem\",\"position\":3,\"name\":\"Protetor para m\u00e1quinas PEN &#8211; transparente &#8211; 25un\"}]},{\"@type\":\"WebSite\",\"@id\":\"https:\\\/\\\/electricink.eu\\\/#website\",\"url\":\"https:\\\/\\\/electricink.eu\\\/\",\"name\":\"Electric Ink\u00ae\",\"description\":\"Material para Tatuar Profesional en Europa - Electric Ink\u00ae\",\"potentialAction\":[{\"@type\":\"SearchAction\",\"target\":{\"@type\":\"EntryPoint\",\"urlTemplate\":\"https:\\\/\\\/electricink.eu\\\/?s={search_term_string}\"},\"query-input\":{\"@type\":\"PropertyValueSpecification\",\"valueRequired\":true,\"valueName\":\"search_term_string\"}}],\"inLanguage\":\"pt-PT\"}]}<\/script>\n<!-- \/ Yoast SEO plugin. -->","yoast_head_json":{"title":"Protetor para m\u00e1quinas PEN - transparente - 25un - Electric Ink\u00ae","robots":{"index":"index","follow":"follow","max-snippet":"max-snippet:-1","max-image-preview":"max-image-preview:large","max-video-preview":"max-video-preview:-1"},"canonical":"https:\/\/electricink.eu\/pt-pt\/producto\/protetor-para-maquinas-pen-transparente-25un\/","og_locale":"pt_PT","og_type":"article","og_title":"Protetor para m\u00e1quinas PEN - transparente - 25un - Electric Ink\u00ae","og_description":"Protector pl\u00e1stico descart\u00e1vel Electric Ink, para todo o tipo de m\u00e1quina PEN Feito com pl\u00e1stico de alta qualidade, transparente. Seguro de usar, material dur\u00e1vel, inodoro e n\u00e3o t\u00f3xico. Ideal para evitar a contamina\u00e7\u00e3o das m\u00e1quinas de tatuagem e de micropigmenta\u00e7\u00e3o. Para um trabalho profissional e seguro dentro da cabine.","og_url":"https:\/\/electricink.eu\/pt-pt\/producto\/protetor-para-maquinas-pen-transparente-25un\/","og_site_name":"Electric Ink\u00ae","article_modified_time":"2024-01-29T12:13:49+00:00","og_image":[{"width":500,"height":500,"url":"https:\/\/electricink.eu\/wp-content\/uploads\/2023\/10\/cubremaquinapen.png","type":"image\/png"}],"twitter_card":"summary_large_image","schema":{"@context":"https:\/\/schema.org","@graph":[{"@type":"WebPage","@id":"https:\/\/electricink.eu\/pt-pt\/producto\/protetor-para-maquinas-pen-transparente-25un\/","url":"https:\/\/electricink.eu\/pt-pt\/producto\/protetor-para-maquinas-pen-transparente-25un\/","name":"Protetor para m\u00e1quinas PEN - transparente - 25un - Electric Ink\u00ae","isPartOf":{"@id":"https:\/\/electricink.eu\/#website"},"primaryImageOfPage":{"@id":"https:\/\/electricink.eu\/pt-pt\/producto\/protetor-para-maquinas-pen-transparente-25un\/#primaryimage"},"image":{"@id":"https:\/\/electricink.eu\/pt-pt\/producto\/protetor-para-maquinas-pen-transparente-25un\/#primaryimage"},"thumbnailUrl":"https:\/\/electricink.eu\/wp-content\/uploads\/2023\/10\/cubremaquinapen.png","datePublished":"2023-12-14T00:21:44+00:00","dateModified":"2024-01-29T12:13:49+00:00","breadcrumb":{"@id":"https:\/\/electricink.eu\/pt-pt\/producto\/protetor-para-maquinas-pen-transparente-25un\/#breadcrumb"},"inLanguage":"pt-PT","potentialAction":[{"@type":"ReadAction","target":["https:\/\/electricink.eu\/pt-pt\/producto\/protetor-para-maquinas-pen-transparente-25un\/"]}]},{"@type":"ImageObject","inLanguage":"pt-PT","@id":"https:\/\/electricink.eu\/pt-pt\/producto\/protetor-para-maquinas-pen-transparente-25un\/#primaryimage","url":"https:\/\/electricink.eu\/wp-content\/uploads\/2023\/10\/cubremaquinapen.png","contentUrl":"https:\/\/electricink.eu\/wp-content\/uploads\/2023\/10\/cubremaquinapen.png","width":500,"height":500},{"@type":"BreadcrumbList","@id":"https:\/\/electricink.eu\/pt-pt\/producto\/protetor-para-maquinas-pen-transparente-25un\/#breadcrumb","itemListElement":[{"@type":"ListItem","position":1,"name":"Portada","item":"https:\/\/electricink.eu\/pt-pt\/home\/"},{"@type":"ListItem","position":2,"name":"Tienda","item":"https:\/\/electricink.eu\/tienda\/"},{"@type":"ListItem","position":3,"name":"Protetor para m\u00e1quinas PEN &#8211; transparente &#8211; 25un"}]},{"@type":"WebSite","@id":"https:\/\/electricink.eu\/#website","url":"https:\/\/electricink.eu\/","name":"Electric Ink\u00ae","description":"Material para Tatuar Profesional en Europa - Electric Ink\u00ae","potentialAction":[{"@type":"SearchAction","target":{"@type":"EntryPoint","urlTemplate":"https:\/\/electricink.eu\/?s={search_term_string}"},"query-input":{"@type":"PropertyValueSpecification","valueRequired":true,"valueName":"search_term_string"}}],"inLanguage":"pt-PT"}]}},"_links":{"self":[{"href":"https:\/\/electricink.eu\/pt-pt\/wp-json\/wp\/v2\/product\/37013","targetHints":{"allow":["GET"]}}],"collection":[{"href":"https:\/\/electricink.eu\/pt-pt\/wp-json\/wp\/v2\/product"}],"about":[{"href":"https:\/\/electricink.eu\/pt-pt\/wp-json\/wp\/v2\/types\/product"}],"replies":[{"embeddable":true,"href":"https:\/\/electricink.eu\/pt-pt\/wp-json\/wp\/v2\/comments?post=37013"}],"wp:featuredmedia":[{"embeddable":true,"href":"https:\/\/electricink.eu\/pt-pt\/wp-json\/wp\/v2\/media\/4005"}],"wp:attachment":[{"href":"https:\/\/electricink.eu\/pt-pt\/wp-json\/wp\/v2\/media?parent=37013"}],"wp:term":[{"taxonomy":"product_brand","embeddable":true,"href":"https:\/\/electricink.eu\/pt-pt\/wp-json\/wp\/v2\/product_brand?post=37013"},{"taxonomy":"product_cat","embeddable":true,"href":"https:\/\/electricink.eu\/pt-pt\/wp-json\/wp\/v2\/product_cat?post=37013"},{"taxonomy":"product_tag","embeddable":true,"href":"https:\/\/electricink.eu\/pt-pt\/wp-json\/wp\/v2\/product_tag?post=37013"}],"curies":[{"name":"wp","href":"https:\/\/api.w.org\/{rel}","templated":true}]}}