{"id":37043,"date":"2023-12-14T01:20:58","date_gmt":"2023-12-14T00:20:58","guid":{"rendered":"https:\/\/electricink.eu\/producto\/pincel-eyeliner-micropigmentacao-preto-50un\/"},"modified":"2023-12-14T01:20:58","modified_gmt":"2023-12-14T00:20:58","slug":"pincel-eyeliner-micropigmentacao-preto-50un","status":"publish","type":"product","link":"https:\/\/electricink.eu\/pt-pt\/producto\/pincel-eyeliner-micropigmentacao-preto-50un\/","title":{"rendered":"Pincel eyeliner &#8211; micropigmenta\u00e7\u00e3o &#8211; preto 50un"},"content":{"rendered":"<p><strong>Quantidade:<\/strong> 50un<\/p>\n<p><strong>Modelo:<\/strong> Acess\u00f3rios<\/p>\n","protected":false},"excerpt":{"rendered":"<p>Pack de 50 pinc\u00e9is descart\u00e1veis. As pontas s\u00e3o flex\u00edveis, o que permite um design perfeito na micropigmenta\u00e7\u00e3o eyeliner.<\/p>\n","protected":false},"featured_media":3856,"comment_status":"closed","ping_status":"closed","template":"","meta":{"_acf_changed":false,"_et_pb_use_builder":"","_et_pb_old_content":"","_et_gb_content_width":"","inline_featured_image":false},"product_brand":[],"product_cat":[722,723,731,732],"product_tag":[],"class_list":{"0":"post-37043","1":"product","2":"type-product","3":"status-publish","4":"has-post-thumbnail","6":"product_cat-accesorios-pt","7":"product_cat-consumibles-pt-pt","8":"product_cat-micropigmentacao","9":"product_cat-acesorios-micro","11":"first","12":"instock","13":"taxable","14":"shipping-taxable","15":"purchasable","16":"product-type-simple"},"acf":[],"yoast_head":"<!-- This site is optimized with the Yoast SEO plugin v27.5 - https:\/\/yoast.com\/product\/yoast-seo-wordpress\/ -->\n<title>Pincel eyeliner - micropigmenta\u00e7\u00e3o - preto 50un - Electric Ink\u00ae<\/title>\n<meta name=\"robots\" content=\"index, follow, max-snippet:-1, max-image-preview:large, max-video-preview:-1\" \/>\n<link rel=\"canonical\" href=\"https:\/\/electricink.eu\/pt-pt\/producto\/pincel-eyeliner-micropigmentacao-preto-50un\/\" \/>\n<meta property=\"og:locale\" content=\"pt_PT\" \/>\n<meta property=\"og:type\" content=\"article\" \/>\n<meta property=\"og:title\" content=\"Pincel eyeliner - micropigmenta\u00e7\u00e3o - preto 50un - Electric Ink\u00ae\" \/>\n<meta property=\"og:description\" content=\"Pack de 50 pinc\u00e9is descart\u00e1veis. As pontas s\u00e3o flex\u00edveis, o que permite um design perfeito na micropigmenta\u00e7\u00e3o eyeliner.\" \/>\n<meta property=\"og:url\" content=\"https:\/\/electricink.eu\/pt-pt\/producto\/pincel-eyeliner-micropigmentacao-preto-50un\/\" \/>\n<meta property=\"og:site_name\" content=\"Electric Ink\u00ae\" \/>\n<meta property=\"og:image\" content=\"https:\/\/electricink.eu\/wp-content\/uploads\/2023\/10\/prd_327099_i_eyeliner_brush_-_preto_01.png\" \/>\n\t<meta property=\"og:image:width\" content=\"500\" \/>\n\t<meta property=\"og:image:height\" content=\"500\" \/>\n\t<meta property=\"og:image:type\" content=\"image\/png\" \/>\n<meta name=\"twitter:card\" content=\"summary_large_image\" \/>\n<script type=\"application\/ld+json\" class=\"yoast-schema-graph\">{\"@context\":\"https:\\\/\\\/schema.org\",\"@graph\":[{\"@type\":\"WebPage\",\"@id\":\"https:\\\/\\\/electricink.eu\\\/pt-pt\\\/producto\\\/pincel-eyeliner-micropigmentacao-preto-50un\\\/\",\"url\":\"https:\\\/\\\/electricink.eu\\\/pt-pt\\\/producto\\\/pincel-eyeliner-micropigmentacao-preto-50un\\\/\",\"name\":\"Pincel eyeliner - micropigmenta\u00e7\u00e3o - preto 50un - Electric Ink\u00ae\",\"isPartOf\":{\"@id\":\"https:\\\/\\\/electricink.eu\\\/#website\"},\"primaryImageOfPage\":{\"@id\":\"https:\\\/\\\/electricink.eu\\\/pt-pt\\\/producto\\\/pincel-eyeliner-micropigmentacao-preto-50un\\\/#primaryimage\"},\"image\":{\"@id\":\"https:\\\/\\\/electricink.eu\\\/pt-pt\\\/producto\\\/pincel-eyeliner-micropigmentacao-preto-50un\\\/#primaryimage\"},\"thumbnailUrl\":\"https:\\\/\\\/electricink.eu\\\/wp-content\\\/uploads\\\/2023\\\/10\\\/prd_327099_i_eyeliner_brush_-_preto_01.png\",\"datePublished\":\"2023-12-14T00:20:58+00:00\",\"breadcrumb\":{\"@id\":\"https:\\\/\\\/electricink.eu\\\/pt-pt\\\/producto\\\/pincel-eyeliner-micropigmentacao-preto-50un\\\/#breadcrumb\"},\"inLanguage\":\"pt-PT\",\"potentialAction\":[{\"@type\":\"ReadAction\",\"target\":[\"https:\\\/\\\/electricink.eu\\\/pt-pt\\\/producto\\\/pincel-eyeliner-micropigmentacao-preto-50un\\\/\"]}]},{\"@type\":\"ImageObject\",\"inLanguage\":\"pt-PT\",\"@id\":\"https:\\\/\\\/electricink.eu\\\/pt-pt\\\/producto\\\/pincel-eyeliner-micropigmentacao-preto-50un\\\/#primaryimage\",\"url\":\"https:\\\/\\\/electricink.eu\\\/wp-content\\\/uploads\\\/2023\\\/10\\\/prd_327099_i_eyeliner_brush_-_preto_01.png\",\"contentUrl\":\"https:\\\/\\\/electricink.eu\\\/wp-content\\\/uploads\\\/2023\\\/10\\\/prd_327099_i_eyeliner_brush_-_preto_01.png\",\"width\":500,\"height\":500},{\"@type\":\"BreadcrumbList\",\"@id\":\"https:\\\/\\\/electricink.eu\\\/pt-pt\\\/producto\\\/pincel-eyeliner-micropigmentacao-preto-50un\\\/#breadcrumb\",\"itemListElement\":[{\"@type\":\"ListItem\",\"position\":1,\"name\":\"Portada\",\"item\":\"https:\\\/\\\/electricink.eu\\\/pt-pt\\\/home\\\/\"},{\"@type\":\"ListItem\",\"position\":2,\"name\":\"Tienda\",\"item\":\"https:\\\/\\\/electricink.eu\\\/tienda\\\/\"},{\"@type\":\"ListItem\",\"position\":3,\"name\":\"Pincel eyeliner &#8211; micropigmenta\u00e7\u00e3o &#8211; preto 50un\"}]},{\"@type\":\"WebSite\",\"@id\":\"https:\\\/\\\/electricink.eu\\\/#website\",\"url\":\"https:\\\/\\\/electricink.eu\\\/\",\"name\":\"Electric Ink\u00ae\",\"description\":\"Material para Tatuar Profesional en Europa - Electric Ink\u00ae\",\"potentialAction\":[{\"@type\":\"SearchAction\",\"target\":{\"@type\":\"EntryPoint\",\"urlTemplate\":\"https:\\\/\\\/electricink.eu\\\/?s={search_term_string}\"},\"query-input\":{\"@type\":\"PropertyValueSpecification\",\"valueRequired\":true,\"valueName\":\"search_term_string\"}}],\"inLanguage\":\"pt-PT\"}]}<\/script>\n<!-- \/ Yoast SEO plugin. -->","yoast_head_json":{"title":"Pincel eyeliner - micropigmenta\u00e7\u00e3o - preto 50un - Electric Ink\u00ae","robots":{"index":"index","follow":"follow","max-snippet":"max-snippet:-1","max-image-preview":"max-image-preview:large","max-video-preview":"max-video-preview:-1"},"canonical":"https:\/\/electricink.eu\/pt-pt\/producto\/pincel-eyeliner-micropigmentacao-preto-50un\/","og_locale":"pt_PT","og_type":"article","og_title":"Pincel eyeliner - micropigmenta\u00e7\u00e3o - preto 50un - Electric Ink\u00ae","og_description":"Pack de 50 pinc\u00e9is descart\u00e1veis. As pontas s\u00e3o flex\u00edveis, o que permite um design perfeito na micropigmenta\u00e7\u00e3o eyeliner.","og_url":"https:\/\/electricink.eu\/pt-pt\/producto\/pincel-eyeliner-micropigmentacao-preto-50un\/","og_site_name":"Electric Ink\u00ae","og_image":[{"width":500,"height":500,"url":"https:\/\/electricink.eu\/wp-content\/uploads\/2023\/10\/prd_327099_i_eyeliner_brush_-_preto_01.png","type":"image\/png"}],"twitter_card":"summary_large_image","schema":{"@context":"https:\/\/schema.org","@graph":[{"@type":"WebPage","@id":"https:\/\/electricink.eu\/pt-pt\/producto\/pincel-eyeliner-micropigmentacao-preto-50un\/","url":"https:\/\/electricink.eu\/pt-pt\/producto\/pincel-eyeliner-micropigmentacao-preto-50un\/","name":"Pincel eyeliner - micropigmenta\u00e7\u00e3o - preto 50un - Electric Ink\u00ae","isPartOf":{"@id":"https:\/\/electricink.eu\/#website"},"primaryImageOfPage":{"@id":"https:\/\/electricink.eu\/pt-pt\/producto\/pincel-eyeliner-micropigmentacao-preto-50un\/#primaryimage"},"image":{"@id":"https:\/\/electricink.eu\/pt-pt\/producto\/pincel-eyeliner-micropigmentacao-preto-50un\/#primaryimage"},"thumbnailUrl":"https:\/\/electricink.eu\/wp-content\/uploads\/2023\/10\/prd_327099_i_eyeliner_brush_-_preto_01.png","datePublished":"2023-12-14T00:20:58+00:00","breadcrumb":{"@id":"https:\/\/electricink.eu\/pt-pt\/producto\/pincel-eyeliner-micropigmentacao-preto-50un\/#breadcrumb"},"inLanguage":"pt-PT","potentialAction":[{"@type":"ReadAction","target":["https:\/\/electricink.eu\/pt-pt\/producto\/pincel-eyeliner-micropigmentacao-preto-50un\/"]}]},{"@type":"ImageObject","inLanguage":"pt-PT","@id":"https:\/\/electricink.eu\/pt-pt\/producto\/pincel-eyeliner-micropigmentacao-preto-50un\/#primaryimage","url":"https:\/\/electricink.eu\/wp-content\/uploads\/2023\/10\/prd_327099_i_eyeliner_brush_-_preto_01.png","contentUrl":"https:\/\/electricink.eu\/wp-content\/uploads\/2023\/10\/prd_327099_i_eyeliner_brush_-_preto_01.png","width":500,"height":500},{"@type":"BreadcrumbList","@id":"https:\/\/electricink.eu\/pt-pt\/producto\/pincel-eyeliner-micropigmentacao-preto-50un\/#breadcrumb","itemListElement":[{"@type":"ListItem","position":1,"name":"Portada","item":"https:\/\/electricink.eu\/pt-pt\/home\/"},{"@type":"ListItem","position":2,"name":"Tienda","item":"https:\/\/electricink.eu\/tienda\/"},{"@type":"ListItem","position":3,"name":"Pincel eyeliner &#8211; micropigmenta\u00e7\u00e3o &#8211; preto 50un"}]},{"@type":"WebSite","@id":"https:\/\/electricink.eu\/#website","url":"https:\/\/electricink.eu\/","name":"Electric Ink\u00ae","description":"Material para Tatuar Profesional en Europa - Electric Ink\u00ae","potentialAction":[{"@type":"SearchAction","target":{"@type":"EntryPoint","urlTemplate":"https:\/\/electricink.eu\/?s={search_term_string}"},"query-input":{"@type":"PropertyValueSpecification","valueRequired":true,"valueName":"search_term_string"}}],"inLanguage":"pt-PT"}]}},"_links":{"self":[{"href":"https:\/\/electricink.eu\/pt-pt\/wp-json\/wp\/v2\/product\/37043","targetHints":{"allow":["GET"]}}],"collection":[{"href":"https:\/\/electricink.eu\/pt-pt\/wp-json\/wp\/v2\/product"}],"about":[{"href":"https:\/\/electricink.eu\/pt-pt\/wp-json\/wp\/v2\/types\/product"}],"replies":[{"embeddable":true,"href":"https:\/\/electricink.eu\/pt-pt\/wp-json\/wp\/v2\/comments?post=37043"}],"wp:featuredmedia":[{"embeddable":true,"href":"https:\/\/electricink.eu\/pt-pt\/wp-json\/wp\/v2\/media\/3856"}],"wp:attachment":[{"href":"https:\/\/electricink.eu\/pt-pt\/wp-json\/wp\/v2\/media?parent=37043"}],"wp:term":[{"taxonomy":"product_brand","embeddable":true,"href":"https:\/\/electricink.eu\/pt-pt\/wp-json\/wp\/v2\/product_brand?post=37043"},{"taxonomy":"product_cat","embeddable":true,"href":"https:\/\/electricink.eu\/pt-pt\/wp-json\/wp\/v2\/product_cat?post=37043"},{"taxonomy":"product_tag","embeddable":true,"href":"https:\/\/electricink.eu\/pt-pt\/wp-json\/wp\/v2\/product_tag?post=37043"}],"curies":[{"name":"wp","href":"https:\/\/api.w.org\/{rel}","templated":true}]}}