{"id":37131,"date":"2023-12-14T01:20:17","date_gmt":"2023-12-14T00:20:17","guid":{"rendered":"https:\/\/electricink.eu\/producto\/agulha-piercing-reta-10ga-35mm-2-50un\/"},"modified":"2023-12-14T01:20:17","modified_gmt":"2023-12-14T00:20:17","slug":"agulha-piercing-reta-10ga-35mm-2-50un","status":"publish","type":"product","link":"https:\/\/electricink.eu\/pt-pt\/producto\/agulha-piercing-reta-10ga-35mm-2-50un\/","title":{"rendered":"Agulha Piercing Reta 10GA\/3,5mm 2` 50UN"},"content":{"rendered":"<p><strong>Quantidade:<\/strong> 50 unidades<br \/><strong>Modelo:<\/strong> 10GA \/ 3,5mm<br \/><strong>Marca:\u00a0<\/strong>Advanced Needles (Body Piercing)<br \/><strong>Indica\u00e7\u00f5es:<\/strong> Piercings de grande calibre, piercings de l\u00f3bulo, grandes dilata\u00e7\u00f5es como mamilo e umbigo.<\/p>\n","protected":false},"excerpt":{"rendered":"<p>Agulha para Piercing Reta<\/p>\n<p>Advanced Needles, tecnologia de ponta aperfei\u00e7oada geometricamente por Piercers Profissionais.<br \/>As Agulhas Electric Ink Advanced Needles embaladas e esterilizadas individualmente por \u00f3xido de etileno, seguem todos os padr\u00f5es nacionais e internacionais (ISOS) de confec\u00e7\u00e3o e qualidade. Suas paredes s\u00e3o male\u00e1veis, facilitando a dobra se necess\u00e1rio. O bisel \u00e9 um pouco maior para diminuir o impacto durante a transfixa\u00e7\u00e3o e as l\u00e2minas trifacetadas s\u00e3o hiper afiadas, diminuindo o trauma causado na pele pelas agulhas convencionais.<\/p>\n<p>*O Dry Film Coating \u00e9 o revestimento da agulha que proporciona seu deslizar para a pele sem a necessidade de lubrificantes.<\/p>\n<p>Corpo da agulha com 10 Gauges (3.5 mm) de di\u00e2metro<br \/>Tamanho da agulha: 4,88cm<br \/>Indica\u00e7\u00f5es: Piercings de grande calibre, piercings de l\u00f3bulo, grandes dilata\u00e7\u00f5es como mamilo e umbigo.<\/p>\n","protected":false},"featured_media":3783,"comment_status":"closed","ping_status":"closed","template":"","meta":{"_acf_changed":false,"_et_pb_use_builder":"","_et_pb_old_content":"","_et_gb_content_width":"","inline_featured_image":false},"product_brand":[],"product_cat":[743],"product_tag":[],"class_list":{"0":"post-37131","1":"product","2":"type-product","3":"status-publish","4":"has-post-thumbnail","6":"product_cat-piercing-pt-pt","8":"first","9":"instock","10":"taxable","11":"shipping-taxable","12":"purchasable","13":"product-type-simple"},"acf":[],"yoast_head":"<!-- This site is optimized with the Yoast SEO plugin v27.4 - https:\/\/yoast.com\/product\/yoast-seo-wordpress\/ -->\n<title>Agulha Piercing Reta 10GA\/3,5mm 2` 50UN - Electric Ink\u00ae<\/title>\n<meta name=\"robots\" content=\"index, follow, max-snippet:-1, max-image-preview:large, max-video-preview:-1\" \/>\n<link rel=\"canonical\" href=\"https:\/\/electricink.eu\/pt-pt\/producto\/agulha-piercing-reta-10ga-35mm-2-50un\/\" \/>\n<meta property=\"og:locale\" content=\"pt_PT\" \/>\n<meta property=\"og:type\" content=\"article\" \/>\n<meta property=\"og:title\" content=\"Agulha Piercing Reta 10GA\/3,5mm 2` 50UN - Electric Ink\u00ae\" \/>\n<meta property=\"og:description\" content=\"Agulha para Piercing Reta Advanced Needles, tecnologia de ponta aperfei\u00e7oada geometricamente por Piercers Profissionais.As Agulhas Electric Ink Advanced Needles embaladas e esterilizadas individualmente por \u00f3xido de etileno, seguem todos os padr\u00f5es nacionais e internacionais (ISOS) de confec\u00e7\u00e3o e qualidade. Suas paredes s\u00e3o male\u00e1veis, facilitando a dobra se necess\u00e1rio. O bisel \u00e9 um pouco maior para diminuir o impacto durante a transfixa\u00e7\u00e3o e as l\u00e2minas trifacetadas s\u00e3o hiper afiadas, diminuindo o trauma causado na pele pelas agulhas convencionais. *O Dry Film Coating \u00e9 o revestimento da agulha que proporciona seu deslizar para a pele sem a necessidade de lubrificantes. Corpo da agulha com 10 Gauges (3.5 mm) de di\u00e2metroTamanho da agulha: 4,88cmIndica\u00e7\u00f5es: Piercings de grande calibre, piercings de l\u00f3bulo, grandes dilata\u00e7\u00f5es como mamilo e umbigo.\" \/>\n<meta property=\"og:url\" content=\"https:\/\/electricink.eu\/pt-pt\/producto\/agulha-piercing-reta-10ga-35mm-2-50un\/\" \/>\n<meta property=\"og:site_name\" content=\"Electric Ink\u00ae\" \/>\n<meta property=\"og:image\" content=\"https:\/\/electricink.eu\/wp-content\/uploads\/2023\/10\/AGUJAS-BODY-PIERCING-RETA-10GA-2COATING-STRAIGHT-05UN.png\" \/>\n\t<meta property=\"og:image:width\" content=\"500\" \/>\n\t<meta property=\"og:image:height\" content=\"500\" \/>\n\t<meta property=\"og:image:type\" content=\"image\/png\" \/>\n<meta name=\"twitter:card\" content=\"summary_large_image\" \/>\n<script type=\"application\/ld+json\" class=\"yoast-schema-graph\">{\"@context\":\"https:\\\/\\\/schema.org\",\"@graph\":[{\"@type\":\"WebPage\",\"@id\":\"https:\\\/\\\/electricink.eu\\\/pt-pt\\\/producto\\\/agulha-piercing-reta-10ga-35mm-2-50un\\\/\",\"url\":\"https:\\\/\\\/electricink.eu\\\/pt-pt\\\/producto\\\/agulha-piercing-reta-10ga-35mm-2-50un\\\/\",\"name\":\"Agulha Piercing Reta 10GA\\\/3,5mm 2` 50UN - Electric Ink\u00ae\",\"isPartOf\":{\"@id\":\"https:\\\/\\\/electricink.eu\\\/#website\"},\"primaryImageOfPage\":{\"@id\":\"https:\\\/\\\/electricink.eu\\\/pt-pt\\\/producto\\\/agulha-piercing-reta-10ga-35mm-2-50un\\\/#primaryimage\"},\"image\":{\"@id\":\"https:\\\/\\\/electricink.eu\\\/pt-pt\\\/producto\\\/agulha-piercing-reta-10ga-35mm-2-50un\\\/#primaryimage\"},\"thumbnailUrl\":\"https:\\\/\\\/electricink.eu\\\/wp-content\\\/uploads\\\/2023\\\/10\\\/AGUJAS-BODY-PIERCING-RETA-10GA-2COATING-STRAIGHT-05UN.png\",\"datePublished\":\"2023-12-14T00:20:17+00:00\",\"breadcrumb\":{\"@id\":\"https:\\\/\\\/electricink.eu\\\/pt-pt\\\/producto\\\/agulha-piercing-reta-10ga-35mm-2-50un\\\/#breadcrumb\"},\"inLanguage\":\"pt-PT\",\"potentialAction\":[{\"@type\":\"ReadAction\",\"target\":[\"https:\\\/\\\/electricink.eu\\\/pt-pt\\\/producto\\\/agulha-piercing-reta-10ga-35mm-2-50un\\\/\"]}]},{\"@type\":\"ImageObject\",\"inLanguage\":\"pt-PT\",\"@id\":\"https:\\\/\\\/electricink.eu\\\/pt-pt\\\/producto\\\/agulha-piercing-reta-10ga-35mm-2-50un\\\/#primaryimage\",\"url\":\"https:\\\/\\\/electricink.eu\\\/wp-content\\\/uploads\\\/2023\\\/10\\\/AGUJAS-BODY-PIERCING-RETA-10GA-2COATING-STRAIGHT-05UN.png\",\"contentUrl\":\"https:\\\/\\\/electricink.eu\\\/wp-content\\\/uploads\\\/2023\\\/10\\\/AGUJAS-BODY-PIERCING-RETA-10GA-2COATING-STRAIGHT-05UN.png\",\"width\":500,\"height\":500},{\"@type\":\"BreadcrumbList\",\"@id\":\"https:\\\/\\\/electricink.eu\\\/pt-pt\\\/producto\\\/agulha-piercing-reta-10ga-35mm-2-50un\\\/#breadcrumb\",\"itemListElement\":[{\"@type\":\"ListItem\",\"position\":1,\"name\":\"Portada\",\"item\":\"https:\\\/\\\/electricink.eu\\\/pt-pt\\\/home\\\/\"},{\"@type\":\"ListItem\",\"position\":2,\"name\":\"Tienda\",\"item\":\"https:\\\/\\\/electricink.eu\\\/tienda\\\/\"},{\"@type\":\"ListItem\",\"position\":3,\"name\":\"Agulha Piercing Reta 10GA\\\/3,5mm 2` 50UN\"}]},{\"@type\":\"WebSite\",\"@id\":\"https:\\\/\\\/electricink.eu\\\/#website\",\"url\":\"https:\\\/\\\/electricink.eu\\\/\",\"name\":\"Electric Ink\u00ae\",\"description\":\"Material para Tatuar Profesional en Europa - Electric Ink\u00ae\",\"potentialAction\":[{\"@type\":\"SearchAction\",\"target\":{\"@type\":\"EntryPoint\",\"urlTemplate\":\"https:\\\/\\\/electricink.eu\\\/?s={search_term_string}\"},\"query-input\":{\"@type\":\"PropertyValueSpecification\",\"valueRequired\":true,\"valueName\":\"search_term_string\"}}],\"inLanguage\":\"pt-PT\"}]}<\/script>\n<!-- \/ Yoast SEO plugin. -->","yoast_head_json":{"title":"Agulha Piercing Reta 10GA\/3,5mm 2` 50UN - Electric Ink\u00ae","robots":{"index":"index","follow":"follow","max-snippet":"max-snippet:-1","max-image-preview":"max-image-preview:large","max-video-preview":"max-video-preview:-1"},"canonical":"https:\/\/electricink.eu\/pt-pt\/producto\/agulha-piercing-reta-10ga-35mm-2-50un\/","og_locale":"pt_PT","og_type":"article","og_title":"Agulha Piercing Reta 10GA\/3,5mm 2` 50UN - Electric Ink\u00ae","og_description":"Agulha para Piercing Reta Advanced Needles, tecnologia de ponta aperfei\u00e7oada geometricamente por Piercers Profissionais.As Agulhas Electric Ink Advanced Needles embaladas e esterilizadas individualmente por \u00f3xido de etileno, seguem todos os padr\u00f5es nacionais e internacionais (ISOS) de confec\u00e7\u00e3o e qualidade. Suas paredes s\u00e3o male\u00e1veis, facilitando a dobra se necess\u00e1rio. O bisel \u00e9 um pouco maior para diminuir o impacto durante a transfixa\u00e7\u00e3o e as l\u00e2minas trifacetadas s\u00e3o hiper afiadas, diminuindo o trauma causado na pele pelas agulhas convencionais. *O Dry Film Coating \u00e9 o revestimento da agulha que proporciona seu deslizar para a pele sem a necessidade de lubrificantes. Corpo da agulha com 10 Gauges (3.5 mm) de di\u00e2metroTamanho da agulha: 4,88cmIndica\u00e7\u00f5es: Piercings de grande calibre, piercings de l\u00f3bulo, grandes dilata\u00e7\u00f5es como mamilo e umbigo.","og_url":"https:\/\/electricink.eu\/pt-pt\/producto\/agulha-piercing-reta-10ga-35mm-2-50un\/","og_site_name":"Electric Ink\u00ae","og_image":[{"width":500,"height":500,"url":"https:\/\/electricink.eu\/wp-content\/uploads\/2023\/10\/AGUJAS-BODY-PIERCING-RETA-10GA-2COATING-STRAIGHT-05UN.png","type":"image\/png"}],"twitter_card":"summary_large_image","schema":{"@context":"https:\/\/schema.org","@graph":[{"@type":"WebPage","@id":"https:\/\/electricink.eu\/pt-pt\/producto\/agulha-piercing-reta-10ga-35mm-2-50un\/","url":"https:\/\/electricink.eu\/pt-pt\/producto\/agulha-piercing-reta-10ga-35mm-2-50un\/","name":"Agulha Piercing Reta 10GA\/3,5mm 2` 50UN - Electric Ink\u00ae","isPartOf":{"@id":"https:\/\/electricink.eu\/#website"},"primaryImageOfPage":{"@id":"https:\/\/electricink.eu\/pt-pt\/producto\/agulha-piercing-reta-10ga-35mm-2-50un\/#primaryimage"},"image":{"@id":"https:\/\/electricink.eu\/pt-pt\/producto\/agulha-piercing-reta-10ga-35mm-2-50un\/#primaryimage"},"thumbnailUrl":"https:\/\/electricink.eu\/wp-content\/uploads\/2023\/10\/AGUJAS-BODY-PIERCING-RETA-10GA-2COATING-STRAIGHT-05UN.png","datePublished":"2023-12-14T00:20:17+00:00","breadcrumb":{"@id":"https:\/\/electricink.eu\/pt-pt\/producto\/agulha-piercing-reta-10ga-35mm-2-50un\/#breadcrumb"},"inLanguage":"pt-PT","potentialAction":[{"@type":"ReadAction","target":["https:\/\/electricink.eu\/pt-pt\/producto\/agulha-piercing-reta-10ga-35mm-2-50un\/"]}]},{"@type":"ImageObject","inLanguage":"pt-PT","@id":"https:\/\/electricink.eu\/pt-pt\/producto\/agulha-piercing-reta-10ga-35mm-2-50un\/#primaryimage","url":"https:\/\/electricink.eu\/wp-content\/uploads\/2023\/10\/AGUJAS-BODY-PIERCING-RETA-10GA-2COATING-STRAIGHT-05UN.png","contentUrl":"https:\/\/electricink.eu\/wp-content\/uploads\/2023\/10\/AGUJAS-BODY-PIERCING-RETA-10GA-2COATING-STRAIGHT-05UN.png","width":500,"height":500},{"@type":"BreadcrumbList","@id":"https:\/\/electricink.eu\/pt-pt\/producto\/agulha-piercing-reta-10ga-35mm-2-50un\/#breadcrumb","itemListElement":[{"@type":"ListItem","position":1,"name":"Portada","item":"https:\/\/electricink.eu\/pt-pt\/home\/"},{"@type":"ListItem","position":2,"name":"Tienda","item":"https:\/\/electricink.eu\/tienda\/"},{"@type":"ListItem","position":3,"name":"Agulha Piercing Reta 10GA\/3,5mm 2` 50UN"}]},{"@type":"WebSite","@id":"https:\/\/electricink.eu\/#website","url":"https:\/\/electricink.eu\/","name":"Electric Ink\u00ae","description":"Material para Tatuar Profesional en Europa - Electric Ink\u00ae","potentialAction":[{"@type":"SearchAction","target":{"@type":"EntryPoint","urlTemplate":"https:\/\/electricink.eu\/?s={search_term_string}"},"query-input":{"@type":"PropertyValueSpecification","valueRequired":true,"valueName":"search_term_string"}}],"inLanguage":"pt-PT"}]}},"_links":{"self":[{"href":"https:\/\/electricink.eu\/pt-pt\/wp-json\/wp\/v2\/product\/37131","targetHints":{"allow":["GET"]}}],"collection":[{"href":"https:\/\/electricink.eu\/pt-pt\/wp-json\/wp\/v2\/product"}],"about":[{"href":"https:\/\/electricink.eu\/pt-pt\/wp-json\/wp\/v2\/types\/product"}],"replies":[{"embeddable":true,"href":"https:\/\/electricink.eu\/pt-pt\/wp-json\/wp\/v2\/comments?post=37131"}],"wp:featuredmedia":[{"embeddable":true,"href":"https:\/\/electricink.eu\/pt-pt\/wp-json\/wp\/v2\/media\/3783"}],"wp:attachment":[{"href":"https:\/\/electricink.eu\/pt-pt\/wp-json\/wp\/v2\/media?parent=37131"}],"wp:term":[{"taxonomy":"product_brand","embeddable":true,"href":"https:\/\/electricink.eu\/pt-pt\/wp-json\/wp\/v2\/product_brand?post=37131"},{"taxonomy":"product_cat","embeddable":true,"href":"https:\/\/electricink.eu\/pt-pt\/wp-json\/wp\/v2\/product_cat?post=37131"},{"taxonomy":"product_tag","embeddable":true,"href":"https:\/\/electricink.eu\/pt-pt\/wp-json\/wp\/v2\/product_tag?post=37131"}],"curies":[{"name":"wp","href":"https:\/\/api.w.org\/{rel}","templated":true}]}}